{"id":108212,"date":"2026-04-14T17:20:33","date_gmt":"2026-04-14T17:20:33","guid":{"rendered":"https:\/\/www.accuratereviews.com\/?page_id=108212"},"modified":"2026-04-14T17:20:33","modified_gmt":"2026-04-14T17:20:33","slug":"novade-lite-recensione","status":"publish","type":"page","link":"https:\/\/www.accuratereviews.com\/it\/software-gestionali-edilizia\/novade-lite-recensione\/","title":{"rendered":"Novade Lite"},"content":{"rendered":"<p><strong>Novade Lite<\/strong> \u00e8 un&#8217;app per la <strong>gestione di costruzioni<\/strong>, installazioni, ispezioni e manutenzione. Unisciti a oltre 100.000 utenti in tutto il mondo che si affidano a questo programma per ottimizzare le proprie attivit\u00e0. Adatto per chi cerca un&#8217;<strong>app facile da usare<\/strong> per gestire progetti di piccole e medie dimensioni su pi\u00f9 siti. Migliora la collaborazione: lavora come un&#8217;unica squadra con colleghi, fornitori e persino clienti. Aumenta la produttivit\u00e0: ottimizza sequenze, flussi di lavoro e pianificazione; riduci tempi di inattivit\u00e0, fermi macchina e colli di bottiglia. Riduce i costi di supervisione del 20%, i costi di rilavorazione e rettifica del 50% e i costi amministrativi di conformit\u00e0 dell&#8217;80%.<br \/>\n<strong>Novade Lite<\/strong>\u00a0garantisce la <strong>conformit\u00e0 alle normative HSE,<\/strong> gestendo anche il controllo qualit\u00e0 e monitorando l&#8217;avanzamento dei lavori e le risorse.<\/p>\n<h2>NOVADE LITE &#8211; TUTORIAL<\/h2>\n<div id=\"fluid-wrapper-counter-1\" class=\"g1-fluid-wrapper \" style=\"width:686px;\">\n<div style=\"padding-bottom:56.268221574344%;\"><iframe loading=\"lazy\" title=\"Manage site diaries with forms | Novade\" width=\"686\" height=\"386\" src=\"https:\/\/www.youtube.com\/embed\/dm5NdK5u8NE?list=PLLcoAVFgP4Yc1N9SCua8i-ylan8K0pY3C\" frameborder=\"0\" allow=\"accelerometer; autoplay; clipboard-write; encrypted-media; gyroscope; picture-in-picture; web-share\" referrerpolicy=\"strict-origin-when-cross-origin\" allowfullscreen><\/iframe><\/div>\n<\/div>\n<h3>NOVADE LITE &#8211; CARATTERISTICHE<\/h3>\n<ul>\n<li>Trova rapidamente i dettagli cruciali del progetto, sempre e ovunque.<\/li>\n<li>Visualizza le tempistiche del progetto, la percentuale di completamento e lo stato.<\/li>\n<li>Individua i progetti su una mappa e ottieni indicazioni stradali in tempo reale sul tuo dispositivo mobile.<\/li>\n<li>Aggiungi qualsiasi contenuto: foto, documenti, disegni e firme digitali.<\/li>\n<li>Utilizza automazioni senza codice per ridurre il lavoro manuale.<\/li>\n<li>Mantieni tutti aggiornati con notifiche istantanee.<\/li>\n<li>Visualizza i tuoi dati in dashboard personalizzate ed esportali in PDF, Excel o Power BI<\/li>\n<li>Utilizza i gruppi per controllare l&#8217;accesso ai dati e impostare autorizzazioni utente precise<\/li>\n<li>Mantieni un elenco aggiornato di tutto il personale, inclusi qualifiche, procedure di inserimento e altri dati essenziali<\/li>\n<li>Registra facilmente le presenze e le ore lavorate per tenere sotto controllo la pianificazione, le buste paga e l&#8217;allocazione delle risorse<\/li>\n<li>Hai sempre a portata di mano la versione pi\u00f9 recente dei disegni<\/li>\n<li>Condividi facilmente specifiche, procedure operative, elenchi di forniture e mantieni la documentazione, le garanzie e la cronologia del cantiere<\/li>\n<li>Crea dashboard in pochi minuti utilizzando strumenti drag-and-drop<\/li>\n<li>Utilizza tabelle, contatori e indicatori di stato per visualizzare le metriche chiave<\/li>\n<li>\u00a0Integrazioni personalizzate che sfruttano le API aperte<\/li>\n<li>Monitora i KPI, analizza i trend e confronta i fornitori con i potenti strumenti analitici<\/li>\n<li>Sfrutta le informazioni basate sull&#8217;IA per prevedere situazioni ad alto rischio e prevenire incidenti<\/li>\n<\/ul>\n<h4>LE RECENSIONI DEGLI UTENTI<\/h4>\n<p><strong>Vishal &#8220;Recensione di Novade Lite&#8221;<\/strong><br \/>\n<strong>Pro<\/strong>: la sua funzionalit\u00e0 offline \u00e8 particolarmente preziosa per i professionisti dell&#8217;edilizia che lavorano in aree con connettivit\u00e0 internet limitata.<br \/>\n<strong>Contro<\/strong>: essendo progettato per la semplicit\u00e0 e per team di piccole dimensioni, potrebbe mancare di opzioni di personalizzazione o integrazione avanzate rispetto alla piattaforma Novade completa.<\/p>\n<p><strong>Izzar &#8220;NL&#8221;<\/strong><br \/>\n<strong>Pro<\/strong>: accesso facile, intuitivo, navigazione semplice,<br \/>\n<strong>Contro<\/strong>: includere una dashboard in grado di acquisire dati importanti.<\/p>\n<p><strong>Parikshat &#8220;Il miglior software di gestione dei progetti che abbia mai utilizzato&#8221;<\/strong><br \/>\n<strong>Pro<\/strong>: flussi di lavoro sorprendenti e logici. Interfaccia utente semplice per principianti ed esperti. Ottimo per tenere traccia di come si stanno muovendo i diversi progetti e di come sta lavorando il team.<br \/>\n<strong>Contro<\/strong>: lo uso da qualche mese. Ogni volta imparo una nuova funzionalit\u00e0. Non ho ancora visto niente di negativo<\/p>\n","protected":false},"excerpt":{"rendered":"<p>Novade Lite \u00e8 un&#8217;app per la gestione di costruzioni, installazioni, ispezioni e manutenzione. Unisciti a oltre 100.000 utenti in tutto il mondo che si affidano a questo programma per ottimizzare le proprie attivit\u00e0. Adatto per chi cerca un&#8217;app facile da usare per gestire progetti di piccole e medie dimensioni su pi\u00f9 siti.<\/p>\n","protected":false},"author":19,"featured_media":108213,"parent":70458,"menu_order":0,"comment_status":"open","ping_status":"closed","template":"g1_template_page_review_new.php","meta":{"_acf_changed":false,"cwp_meta_box_check":"Yes","cwp_rev_product_name":"","cwp_rev_product_image":"","wppr_links":[],"cwp_rev_price":"0.00","wppr_options":[{"name":"Usability","value":"0"},{"name":"Speed","value":"0"},{"name":"Features","value":"0"},{"name":"Support","value":"0"},{"name":"Pricing","value":"0"}],"wppr_pros":["","","","",""],"wppr_cons":["","","","",""],"_monsterinsights_skip_tracking":false,"_monsterinsights_sitenote_active":false,"_monsterinsights_sitenote_note":"","_monsterinsights_sitenote_category":0,"footnotes":""},"categories":[2459],"tags":[17105,17104,14478,17106,14480,14479],"features":[],"class_list":{"0":"post-108212","1":"page","2":"type-page","3":"status-publish","4":"has-post-thumbnail","6":"category-gestionale-per-edilizia-cat","7":"tag-gestione-per-lediliza","8":"tag-novade-lite","9":"tag-piattaforma-gestionale-edilizia","10":"tag-programma-gestionale-ediliza","11":"tag-software-gestionale-edilizia","12":"tag-soluzione-gestionale-edilizia"},"wppr_data":{"cwp_meta_box_check":"Yes","_wppr_review_template":"default","cwp_rev_product_image":"","cwp_image_link":"image","wppr_links":[],"cwp_rev_price":"0.00","wppr_pros":["","","","",""],"wppr_cons":["","","","",""],"wppr_rating":"0.00","wppr_options":{"1":{"name":"Usability","value":"0"},"2":{"name":"Speed","value":"0"},"3":{"name":"Features","value":"0"},"4":{"name":"Support","value":"0"},"5":{"name":"Pricing","value":"0"}},"wppr_review_type":"Product","wppr_review_custom_fields":{"additionalProperty":"","additionalType":"","aggregateRating":"","alternateName":"","audience":"","award":"","awards":"","brand":"","color":"","depth":"","description":"","disambiguatingDescription":"","gtin12":"","gtin13":"","gtin14":"","gtin8":"","height":"","identifier":"","image":"","isAccessoryOrSparePartFor":"","isConsumableFor":"","isRelatedTo":"","isSimilarTo":"","itemCondition":"","logo":"","mainEntityOfPage":"","manufacturer":"","material":"","model":"","mpn":"","name":"","offers":"","potentialAction":"","productID":"","productionDate":"","purchaseDate":"","releaseDate":"","review":"","reviews":"","sameAs":"","sku":"","slogan":"","subjectOf":"","url":"","weight":"","width":""}},"acf":[],"yoast_head":"<!-- This site is optimized with the Yoast SEO plugin v26.0 - https:\/\/yoast.com\/wordpress\/plugins\/seo\/ -->\n<title>Novade Lite: recensione software gestionale edilizia - Accurate Reviews<\/title>\n<meta name=\"description\" content=\"Novade Lite: recensione app per la gestione di costruzioni, installazioni, ispezioni e manutenzione per ottimizzare la propria attivit\u00e0.\" \/>\n<meta name=\"robots\" content=\"index, follow, max-snippet:-1, max-image-preview:large, max-video-preview:-1\" \/>\n<link rel=\"canonical\" href=\"https:\/\/www.accuratereviews.com\/it\/software-gestionali-edilizia\/novade-lite-recensione\/\" \/>\n<meta property=\"og:locale\" content=\"it_IT\" \/>\n<meta property=\"og:type\" content=\"article\" \/>\n<meta property=\"og:title\" content=\"Novade Lite: recensione software gestionale edilizia - Accurate Reviews\" \/>\n<meta property=\"og:description\" content=\"Novade Lite: recensione app per la gestione di costruzioni, installazioni, ispezioni e manutenzione per ottimizzare la propria attivit\u00e0.\" \/>\n<meta property=\"og:url\" content=\"https:\/\/www.accuratereviews.com\/it\/software-gestionali-edilizia\/novade-lite-recensione\/\" \/>\n<meta property=\"og:site_name\" content=\"Accurate Reviews\" \/>\n<meta property=\"og:image\" content=\"https:\/\/www.accuratereviews.com\/wp-content\/uploads\/2026\/04\/Novade-Lite.webp\" \/>\n\t<meta property=\"og:image:width\" content=\"240\" \/>\n\t<meta property=\"og:image:height\" content=\"240\" \/>\n\t<meta property=\"og:image:type\" content=\"image\/webp\" \/>\n<meta name=\"twitter:card\" content=\"summary_large_image\" \/>\n<meta name=\"twitter:label1\" content=\"Tempo di lettura stimato\" \/>\n\t<meta name=\"twitter:data1\" content=\"4 minuti\" \/>\n<script type=\"application\/ld+json\" class=\"yoast-schema-graph\">{\"@context\":\"https:\/\/schema.org\",\"@graph\":[{\"@type\":\"WebPage\",\"@id\":\"https:\/\/www.accuratereviews.com\/it\/software-gestionali-edilizia\/novade-lite-recensione\/\",\"url\":\"https:\/\/www.accuratereviews.com\/it\/software-gestionali-edilizia\/novade-lite-recensione\/\",\"name\":\"Novade Lite: recensione software gestionale edilizia - Accurate Reviews\",\"isPartOf\":{\"@id\":\"https:\/\/www.accuratereviews.com\/it\/#website\"},\"primaryImageOfPage\":{\"@id\":\"https:\/\/www.accuratereviews.com\/it\/software-gestionali-edilizia\/novade-lite-recensione\/#primaryimage\"},\"image\":{\"@id\":\"https:\/\/www.accuratereviews.com\/it\/software-gestionali-edilizia\/novade-lite-recensione\/#primaryimage\"},\"thumbnailUrl\":\"https:\/\/www.accuratereviews.com\/wp-content\/uploads\/2026\/04\/Novade-Lite.webp\",\"datePublished\":\"2026-04-14T17:20:33+00:00\",\"description\":\"Novade Lite: recensione app per la gestione di costruzioni, installazioni, ispezioni e manutenzione per ottimizzare la propria attivit\u00e0.\",\"breadcrumb\":{\"@id\":\"https:\/\/www.accuratereviews.com\/it\/software-gestionali-edilizia\/novade-lite-recensione\/#breadcrumb\"},\"inLanguage\":\"it-IT\",\"potentialAction\":[{\"@type\":\"ReadAction\",\"target\":[\"https:\/\/www.accuratereviews.com\/it\/software-gestionali-edilizia\/novade-lite-recensione\/\"]}]},{\"@type\":\"ImageObject\",\"inLanguage\":\"it-IT\",\"@id\":\"https:\/\/www.accuratereviews.com\/it\/software-gestionali-edilizia\/novade-lite-recensione\/#primaryimage\",\"url\":\"https:\/\/www.accuratereviews.com\/wp-content\/uploads\/2026\/04\/Novade-Lite.webp\",\"contentUrl\":\"https:\/\/www.accuratereviews.com\/wp-content\/uploads\/2026\/04\/Novade-Lite.webp\",\"width\":240,\"height\":240},{\"@type\":\"BreadcrumbList\",\"@id\":\"https:\/\/www.accuratereviews.com\/it\/software-gestionali-edilizia\/novade-lite-recensione\/#breadcrumb\",\"itemListElement\":[{\"@type\":\"ListItem\",\"position\":1,\"name\":\"Home\",\"item\":\"https:\/\/www.accuratereviews.com\/it\/\"},{\"@type\":\"ListItem\",\"position\":2,\"name\":\"Software gestionali per edilizia\",\"item\":\"https:\/\/www.accuratereviews.com\/it\/software-gestionali-edilizia\/\"},{\"@type\":\"ListItem\",\"position\":3,\"name\":\"Novade Lite\"}]},{\"@type\":\"WebSite\",\"@id\":\"https:\/\/www.accuratereviews.com\/it\/#website\",\"url\":\"https:\/\/www.accuratereviews.com\/it\/\",\"name\":\"Accurate Reviews\",\"description\":\"\",\"potentialAction\":[{\"@type\":\"SearchAction\",\"target\":{\"@type\":\"EntryPoint\",\"urlTemplate\":\"https:\/\/www.accuratereviews.com\/it\/?s={search_term_string}\"},\"query-input\":{\"@type\":\"PropertyValueSpecification\",\"valueRequired\":true,\"valueName\":\"search_term_string\"}}],\"inLanguage\":\"it-IT\"}]}<\/script>\n<!-- \/ Yoast SEO plugin. -->","yoast_head_json":{"title":"Novade Lite: recensione software gestionale edilizia - Accurate Reviews","description":"Novade Lite: recensione app per la gestione di costruzioni, installazioni, ispezioni e manutenzione per ottimizzare la propria attivit\u00e0.","robots":{"index":"index","follow":"follow","max-snippet":"max-snippet:-1","max-image-preview":"max-image-preview:large","max-video-preview":"max-video-preview:-1"},"canonical":"https:\/\/www.accuratereviews.com\/it\/software-gestionali-edilizia\/novade-lite-recensione\/","og_locale":"it_IT","og_type":"article","og_title":"Novade Lite: recensione software gestionale edilizia - Accurate Reviews","og_description":"Novade Lite: recensione app per la gestione di costruzioni, installazioni, ispezioni e manutenzione per ottimizzare la propria attivit\u00e0.","og_url":"https:\/\/www.accuratereviews.com\/it\/software-gestionali-edilizia\/novade-lite-recensione\/","og_site_name":"Accurate Reviews","og_image":[{"width":240,"height":240,"url":"https:\/\/www.accuratereviews.com\/wp-content\/uploads\/2026\/04\/Novade-Lite.webp","type":"image\/webp"}],"twitter_card":"summary_large_image","twitter_misc":{"Tempo di lettura stimato":"4 minuti"},"schema":{"@context":"https:\/\/schema.org","@graph":[{"@type":"WebPage","@id":"https:\/\/www.accuratereviews.com\/it\/software-gestionali-edilizia\/novade-lite-recensione\/","url":"https:\/\/www.accuratereviews.com\/it\/software-gestionali-edilizia\/novade-lite-recensione\/","name":"Novade Lite: recensione software gestionale edilizia - Accurate Reviews","isPartOf":{"@id":"https:\/\/www.accuratereviews.com\/it\/#website"},"primaryImageOfPage":{"@id":"https:\/\/www.accuratereviews.com\/it\/software-gestionali-edilizia\/novade-lite-recensione\/#primaryimage"},"image":{"@id":"https:\/\/www.accuratereviews.com\/it\/software-gestionali-edilizia\/novade-lite-recensione\/#primaryimage"},"thumbnailUrl":"https:\/\/www.accuratereviews.com\/wp-content\/uploads\/2026\/04\/Novade-Lite.webp","datePublished":"2026-04-14T17:20:33+00:00","description":"Novade Lite: recensione app per la gestione di costruzioni, installazioni, ispezioni e manutenzione per ottimizzare la propria attivit\u00e0.","breadcrumb":{"@id":"https:\/\/www.accuratereviews.com\/it\/software-gestionali-edilizia\/novade-lite-recensione\/#breadcrumb"},"inLanguage":"it-IT","potentialAction":[{"@type":"ReadAction","target":["https:\/\/www.accuratereviews.com\/it\/software-gestionali-edilizia\/novade-lite-recensione\/"]}]},{"@type":"ImageObject","inLanguage":"it-IT","@id":"https:\/\/www.accuratereviews.com\/it\/software-gestionali-edilizia\/novade-lite-recensione\/#primaryimage","url":"https:\/\/www.accuratereviews.com\/wp-content\/uploads\/2026\/04\/Novade-Lite.webp","contentUrl":"https:\/\/www.accuratereviews.com\/wp-content\/uploads\/2026\/04\/Novade-Lite.webp","width":240,"height":240},{"@type":"BreadcrumbList","@id":"https:\/\/www.accuratereviews.com\/it\/software-gestionali-edilizia\/novade-lite-recensione\/#breadcrumb","itemListElement":[{"@type":"ListItem","position":1,"name":"Home","item":"https:\/\/www.accuratereviews.com\/it\/"},{"@type":"ListItem","position":2,"name":"Software gestionali per edilizia","item":"https:\/\/www.accuratereviews.com\/it\/software-gestionali-edilizia\/"},{"@type":"ListItem","position":3,"name":"Novade Lite"}]},{"@type":"WebSite","@id":"https:\/\/www.accuratereviews.com\/it\/#website","url":"https:\/\/www.accuratereviews.com\/it\/","name":"Accurate Reviews","description":"","potentialAction":[{"@type":"SearchAction","target":{"@type":"EntryPoint","urlTemplate":"https:\/\/www.accuratereviews.com\/it\/?s={search_term_string}"},"query-input":{"@type":"PropertyValueSpecification","valueRequired":true,"valueName":"search_term_string"}}],"inLanguage":"it-IT"}]}},"_links":{"self":[{"href":"https:\/\/www.accuratereviews.com\/it\/wp-json\/wp\/v2\/pages\/108212","targetHints":{"allow":["GET"]}}],"collection":[{"href":"https:\/\/www.accuratereviews.com\/it\/wp-json\/wp\/v2\/pages"}],"about":[{"href":"https:\/\/www.accuratereviews.com\/it\/wp-json\/wp\/v2\/types\/page"}],"author":[{"embeddable":true,"href":"https:\/\/www.accuratereviews.com\/it\/wp-json\/wp\/v2\/users\/19"}],"replies":[{"embeddable":true,"href":"https:\/\/www.accuratereviews.com\/it\/wp-json\/wp\/v2\/comments?post=108212"}],"version-history":[{"count":7,"href":"https:\/\/www.accuratereviews.com\/it\/wp-json\/wp\/v2\/pages\/108212\/revisions"}],"predecessor-version":[{"id":108225,"href":"https:\/\/www.accuratereviews.com\/it\/wp-json\/wp\/v2\/pages\/108212\/revisions\/108225"}],"up":[{"embeddable":true,"href":"https:\/\/www.accuratereviews.com\/it\/wp-json\/wp\/v2\/pages\/70458"}],"wp:featuredmedia":[{"embeddable":true,"href":"https:\/\/www.accuratereviews.com\/it\/wp-json\/wp\/v2\/media\/108213"}],"wp:attachment":[{"href":"https:\/\/www.accuratereviews.com\/it\/wp-json\/wp\/v2\/media?parent=108212"}],"wp:term":[{"taxonomy":"category","embeddable":true,"href":"https:\/\/www.accuratereviews.com\/it\/wp-json\/wp\/v2\/categories?post=108212"},{"taxonomy":"post_tag","embeddable":true,"href":"https:\/\/www.accuratereviews.com\/it\/wp-json\/wp\/v2\/tags?post=108212"},{"taxonomy":"features","embeddable":true,"href":"https:\/\/www.accuratereviews.com\/it\/wp-json\/wp\/v2\/features?post=108212"}],"curies":[{"name":"wp","href":"https:\/\/api.w.org\/{rel}","templated":true}]}}