{"id":108247,"date":"2026-04-16T14:50:33","date_gmt":"2026-04-16T14:50:33","guid":{"rendered":"https:\/\/www.accuratereviews.com\/?page_id=108247"},"modified":"2026-04-16T14:50:33","modified_gmt":"2026-04-16T14:50:33","slug":"synapcus-recensione","status":"publish","type":"page","link":"https:\/\/www.accuratereviews.com\/it\/software-gestionali-edilizia\/synapcus-recensione\/","title":{"rendered":"Synapcus"},"content":{"rendered":"<p><strong>Synapcus<\/strong> \u00e8 un <strong>software di gestione edile<\/strong> che aiuta le piccole e medie imprese a gestire progetti agili, sviluppo prodotto, relazioni con i clienti, idee, opportunit\u00e0, strutture, rischi e altro ancora. Tra le funzionalit\u00e0 principali figurano il tracciamento delle versioni dei documenti, le schede attivit\u00e0, i database dei contatti, i <strong>diagrammi di Gantt<\/strong> e la gestione degli appuntamenti. La soluzione permette ai responsabili marketing di creare elenchi segmentati, impostare budget, gestire campagne e monitorare i feedback.<br \/>\nInoltre, i responsabili vendite possono valutare i lead, identificare opportunit\u00e0, preparare preventivi per i clienti e monitorare i costi per attivit\u00e0. Gli amministratori possono unire i dati provenienti da reparti come marketing, vendite, operations e assistenza clienti e possono fornire agli utenti l&#8217;accesso in base ai ruoli.<\/p>\n<h2>SYNAPCUS &#8211; TUTORIAL<\/h2>\n<div id=\"fluid-wrapper-counter-1\" class=\"g1-fluid-wrapper \" style=\"width:686px;\">\n<div style=\"padding-bottom:56.268221574344%;\"><iframe loading=\"lazy\" title=\"Synapcus Outlook365 Addin\" width=\"686\" height=\"386\" src=\"https:\/\/www.youtube.com\/embed\/HUu4cYumIO0?feature=oembed&amp;wmode=transparent&amp;autohide=1&amp;autoplay=0&amp;disablekb=0&amp;fs=1&amp;loop=0&amp;enablejsapi=1&amp;rel=0&amp;controls=2&amp;showinfo=0&amp;wmode=transparent&amp;autohide=2&amp;autoplay=0&amp;disablekb=0&amp;fs=1&amp;loop=0&amp;enablejsapi=1&amp;rel=0&amp;controls=2&amp;showinfo=1\" frameborder=\"0\" allow=\"accelerometer; autoplay; clipboard-write; encrypted-media; gyroscope; picture-in-picture; web-share\" referrerpolicy=\"strict-origin-when-cross-origin\" allowfullscreen><\/iframe><\/div>\n<\/div>\n<p>&nbsp;<\/p>\n<h3>SYNAPCUS &#8211; CARATTERISTICHE<\/h3>\n<ul>\n<li><strong>Gestione dei partner commerciali:<\/strong> le aziende di servizi e il settore AEC (Architettura, Ingegneria e Costruzioni) necessitano di uno strumento affidabile per gestire tutti i loro partner, clienti e subappaltatori e per gestire facilmente attivit\u00e0 contrattuali complesse.<\/li>\n<li><strong>Collaborazione e attivit\u00e0<\/strong>: funzionalit\u00e0 di collaborazione, monitoraggio delle attivit\u00e0, chat e condivisione di documenti consentono ai membri del progetto di rimanere in contatto con i propri stakeholder in un ambiente di lavoro agile.<\/li>\n<li><strong>Bacheche Kanban<\/strong>: il monitoraggio delle attivit\u00e0 e dell&#8217;avanzamento del progetto con le lavagne Kanban aiuta ad scellerare i flussi di lavoro e aumentare l&#8217;efficienza.<\/li>\n<li><strong>Gestione dei progetti:<\/strong> strumenti di pianificazione come Gantt, Kanban e Matrix offrono un&#8217;esperienza utente interattiva senza precedenti sul mercato.<\/li>\n<li><strong>Rilevamento del tempo da dispositivi mobili:<\/strong> i\u00a0dipendenti che lavorano presso la sede del cliente, da casa o in cantiere registrano i tempi di lavoro e di viaggio tramite l&#8217;app\/interfaccia web sul proprio smartphone, tablet o laptop.<\/li>\n<li><strong>Gestione dei lead:<\/strong> monitora i tuoi lead e le loro prestazioni in ogni fase del processo di vendita, dalla qualit\u00e0 alla qualificazione, monitorando KPI come il tasso di conversione dei lead.<\/li>\n<li><strong>Schede attivit\u00e0 e report<\/strong>: che si tratti di report mensili, viaggi di lavoro, bilanci annuali o documentazione del lavoro giornaliero, tutti i report richiesti per legge sono disponibili per il download in formato PDF\/Excel.<\/li>\n<li><strong>Risorse umane<\/strong>: la soluzione\u00a0copre l&#8217;intero ciclo di vita del dipendente, dai dettagli del contratto di lavoro e dai profili lavorativi settimanali ai processi di approvazione e ai report sui dipendenti.<\/li>\n<li><strong>Preventivi e ordini:<\/strong> il calcolatore consente la creazione rapida e chiara di vari tipi di preventivi (a forfait, a tempo o a tariffa). Offre interfacce intuitive e algoritmi che aiutano il settore AEC a concentrarsi su ci\u00f2 che conta di pi\u00f9.<\/li>\n<li><strong>Pianificazione delle risorse:<\/strong> la matrice di disponibilit\u00e0 garantisce che i dipendenti non siano n\u00e9 sovrautilizzati n\u00e9 sottoutilizzati, assicurando cos\u00ec che i progetti e le risorse aziendali siano utilizzati correttamente per una gestione efficace della capacit\u00e0 del personale.<\/li>\n<li><strong>Dashboard e reportistica:<\/strong> le dashboard configurabili consentono l&#8217;implementazione di vari report in diversi punti del sistema. Le dashboard possono visualizzare dati numerici di base.<\/li>\n<\/ul>\n<h4>LE RECENSIONI DEGLI UTENTI<\/h4>\n<p><strong>Constantin &#8220;Uno strumento di lavoro piacevole, utile, affidabile&#8221;<br \/>\n<\/strong>Nell&#8217;attivit\u00e0 di consulenza per la costruzione di condomini con molti consulenti e professionisti coinvolti nel processo complessivo fino al raggiungimento dell&#8217;occupazione finale, questo strumento \u00e8 un must per presentare un quadro generale ai proprietari in termini di risorse e tempi da allocare entro.<br \/>\n<strong>Pro<\/strong>: la stima \u00e8 stata un gioco da ragazzi, facile da usare anche utilizzando i dispositivi mobili &#8211; in movimento! Conclusioni e analisi molto pi\u00f9 a portata di mano alla fine della giornata lavorativa o come dato di fatto per tutto il mese! Facilita anche l&#8217;interconnessione tra i dipartimenti lungo il percorso. Il PM in costruzione lo adorer\u00e0!<br \/>\n<strong>Contro<\/strong>: in effetti a prima vista sembra che ti dia pi\u00f9 di quanto tu possa gestire Sar\u00e0 bello vedere pi\u00f9 collegamenti dall&#8217;app per diversi tipi di documenti. La differenza di fuso orario tra Europa e Nord America impone lo spazio per uffici qui.<\/p>\n<p><strong>Thomas &#8220;Recensione&#8221;<\/strong><br \/>\n\u00c8 facile descrivere i flussi di lavoro. Quindi questa volta stiamo testando lo strumento di ticketing.<br \/>\n<strong>Pro<\/strong>: penso che sia uno strumento centrale e importante per la nostra azienda per gestire le nostre attivit\u00e0 quotidiane.<br \/>\n<strong>Contro<\/strong>: a volte, ci sono alcuni problemi con le prestazioni. Il sistema \u00e8 potente ma a volte \u00e8 troppo lento.<\/p>\n<p><strong>Radu-Lorin &#8220;Software Synapcus&#8221;<\/strong><br \/>\nCome ingegnere strutturale sono attivo in progetti di grandi strutture, dalla fase di ideazione di un progetto alla sua pianificazione e supervisione.<br \/>\nIn uno dei miei precedenti lavori ho lavorato con collaboratori di diverse localit\u00e0 e ho utilizzato con successo Synapcus per lo scambio di informazioni sul progetto in quanto consente a tutte le persone coinvolte nel progetto di accedere alle sue informazioni sulla base di diritti specifici. Li tiene aggiornati sulla situazione del progetto e li aiuta verso il suo completamento.<br \/>\n<strong>Pro<\/strong>: buona parte dell&#8217;applicazione \u00e8 basata sul web e puoi accedervi da qualsiasi dispositivo, anche tablet ed \u00e8 anche molto facile da usare anche quando controlli pi\u00f9 progetti. La valutazione dei subappaltatori \u00e8 un&#8217;altra preziosa caratteristica del software.<br \/>\n<strong>Contro<\/strong>: non esiste alcuna funzionalit\u00e0 che dia la possibilit\u00e0 di configurare un desktop personale, con dati per me significativi.<\/p>\n","protected":false},"excerpt":{"rendered":"<p>Synapcus \u00e8 un software di gestione edile che aiuta le piccole e medie imprese a gestire progetti agili, sviluppo prodotto, relazioni con i clienti, idee, opportunit\u00e0, strutture, rischi e altro ancora. Tra le funzionalit\u00e0 principali figurano il tracciamento delle versioni dei documenti, le schede attivit\u00e0, i database dei contatti, i diagrammi di Gantt e la gestione degli appuntamenti.<\/p>\n","protected":false},"author":19,"featured_media":108251,"parent":70458,"menu_order":0,"comment_status":"open","ping_status":"closed","template":"g1_template_page_review_new.php","meta":{"_acf_changed":false,"cwp_meta_box_check":"Yes","cwp_rev_product_name":"","cwp_rev_product_image":"","wppr_links":[],"cwp_rev_price":"0.00","wppr_options":[{"name":"Usability","value":"0"},{"name":"Speed","value":"0"},{"name":"Features","value":"0"},{"name":"Support","value":"0"},{"name":"Pricing","value":"0"}],"wppr_pros":["","","","",""],"wppr_cons":["","","","",""],"_monsterinsights_skip_tracking":false,"_monsterinsights_sitenote_active":false,"_monsterinsights_sitenote_note":"","_monsterinsights_sitenote_category":0,"footnotes":""},"categories":[2459],"tags":[14470,14478,14477,14480,14479,14532],"features":[],"class_list":{"0":"post-108247","1":"page","2":"type-page","3":"status-publish","4":"has-post-thumbnail","6":"category-gestionale-per-edilizia-cat","7":"tag-gestionale-edilizia","8":"tag-piattaforma-gestionale-edilizia","9":"tag-programma-gestionale-edilizia","10":"tag-software-gestionale-edilizia","11":"tag-soluzione-gestionale-edilizia","12":"tag-synapcus"},"wppr_data":{"cwp_meta_box_check":"Yes","_wppr_review_template":"default","cwp_rev_product_image":"","cwp_image_link":"image","wppr_links":[],"cwp_rev_price":"0.00","wppr_pros":["","","","",""],"wppr_cons":["","","","",""],"wppr_rating":"0.00","wppr_options":{"1":{"name":"Usability","value":"0"},"2":{"name":"Speed","value":"0"},"3":{"name":"Features","value":"0"},"4":{"name":"Support","value":"0"},"5":{"name":"Pricing","value":"0"}},"wppr_review_type":"Product","wppr_review_custom_fields":{"additionalProperty":"","additionalType":"","aggregateRating":"","alternateName":"","audience":"","award":"","awards":"","brand":"","color":"","depth":"","description":"","disambiguatingDescription":"","gtin12":"","gtin13":"","gtin14":"","gtin8":"","height":"","identifier":"","image":"","isAccessoryOrSparePartFor":"","isConsumableFor":"","isRelatedTo":"","isSimilarTo":"","itemCondition":"","logo":"","mainEntityOfPage":"","manufacturer":"","material":"","model":"","mpn":"","name":"","offers":"","potentialAction":"","productID":"","productionDate":"","purchaseDate":"","releaseDate":"","review":"","reviews":"","sameAs":"","sku":"","slogan":"","subjectOf":"","url":"","weight":"","width":""}},"acf":[],"yoast_head":"<!-- This site is optimized with the Yoast SEO plugin v26.0 - https:\/\/yoast.com\/wordpress\/plugins\/seo\/ -->\n<title>Synapcus: recensione software gestionale edile - Accurate Reviews<\/title>\n<meta name=\"description\" content=\"Synapcus: recensione software di gestione edile che aiuta le imprese a gestire progetti agili, relazioni con i clienti e molto altro.\" \/>\n<meta name=\"robots\" content=\"index, follow, max-snippet:-1, max-image-preview:large, max-video-preview:-1\" \/>\n<link rel=\"canonical\" href=\"https:\/\/www.accuratereviews.com\/it\/software-gestionali-edilizia\/synapcus-recensione\/\" \/>\n<meta property=\"og:locale\" content=\"it_IT\" \/>\n<meta property=\"og:type\" content=\"article\" \/>\n<meta property=\"og:title\" content=\"Synapcus: recensione software gestionale edile - Accurate Reviews\" \/>\n<meta property=\"og:description\" content=\"Synapcus: recensione software di gestione edile che aiuta le imprese a gestire progetti agili, relazioni con i clienti e molto altro.\" \/>\n<meta property=\"og:url\" content=\"https:\/\/www.accuratereviews.com\/it\/software-gestionali-edilizia\/synapcus-recensione\/\" \/>\n<meta property=\"og:site_name\" content=\"Accurate Reviews\" \/>\n<meta name=\"twitter:card\" content=\"summary_large_image\" \/>\n<meta name=\"twitter:label1\" content=\"Tempo di lettura stimato\" \/>\n\t<meta name=\"twitter:data1\" content=\"6 minuti\" \/>\n<script type=\"application\/ld+json\" class=\"yoast-schema-graph\">{\"@context\":\"https:\/\/schema.org\",\"@graph\":[{\"@type\":\"WebPage\",\"@id\":\"https:\/\/www.accuratereviews.com\/it\/software-gestionali-edilizia\/synapcus-recensione\/\",\"url\":\"https:\/\/www.accuratereviews.com\/it\/software-gestionali-edilizia\/synapcus-recensione\/\",\"name\":\"Synapcus: recensione software gestionale edile - Accurate Reviews\",\"isPartOf\":{\"@id\":\"https:\/\/www.accuratereviews.com\/it\/#website\"},\"primaryImageOfPage\":{\"@id\":\"https:\/\/www.accuratereviews.com\/it\/software-gestionali-edilizia\/synapcus-recensione\/#primaryimage\"},\"image\":{\"@id\":\"https:\/\/www.accuratereviews.com\/it\/software-gestionali-edilizia\/synapcus-recensione\/#primaryimage\"},\"thumbnailUrl\":\"https:\/\/www.accuratereviews.com\/wp-content\/uploads\/2026\/04\/Synapcus.avif\",\"datePublished\":\"2026-04-16T14:50:33+00:00\",\"description\":\"Synapcus: recensione software di gestione edile che aiuta le imprese a gestire progetti agili, relazioni con i clienti e molto altro.\",\"breadcrumb\":{\"@id\":\"https:\/\/www.accuratereviews.com\/it\/software-gestionali-edilizia\/synapcus-recensione\/#breadcrumb\"},\"inLanguage\":\"it-IT\",\"potentialAction\":[{\"@type\":\"ReadAction\",\"target\":[\"https:\/\/www.accuratereviews.com\/it\/software-gestionali-edilizia\/synapcus-recensione\/\"]}]},{\"@type\":\"ImageObject\",\"inLanguage\":\"it-IT\",\"@id\":\"https:\/\/www.accuratereviews.com\/it\/software-gestionali-edilizia\/synapcus-recensione\/#primaryimage\",\"url\":\"https:\/\/www.accuratereviews.com\/wp-content\/uploads\/2026\/04\/Synapcus.avif\",\"contentUrl\":\"https:\/\/www.accuratereviews.com\/wp-content\/uploads\/2026\/04\/Synapcus.avif\",\"width\":200,\"height\":200},{\"@type\":\"BreadcrumbList\",\"@id\":\"https:\/\/www.accuratereviews.com\/it\/software-gestionali-edilizia\/synapcus-recensione\/#breadcrumb\",\"itemListElement\":[{\"@type\":\"ListItem\",\"position\":1,\"name\":\"Home\",\"item\":\"https:\/\/www.accuratereviews.com\/it\/\"},{\"@type\":\"ListItem\",\"position\":2,\"name\":\"Software gestionali per edilizia\",\"item\":\"https:\/\/www.accuratereviews.com\/it\/software-gestionali-edilizia\/\"},{\"@type\":\"ListItem\",\"position\":3,\"name\":\"Synapcus\"}]},{\"@type\":\"WebSite\",\"@id\":\"https:\/\/www.accuratereviews.com\/it\/#website\",\"url\":\"https:\/\/www.accuratereviews.com\/it\/\",\"name\":\"Accurate Reviews\",\"description\":\"\",\"potentialAction\":[{\"@type\":\"SearchAction\",\"target\":{\"@type\":\"EntryPoint\",\"urlTemplate\":\"https:\/\/www.accuratereviews.com\/it\/?s={search_term_string}\"},\"query-input\":{\"@type\":\"PropertyValueSpecification\",\"valueRequired\":true,\"valueName\":\"search_term_string\"}}],\"inLanguage\":\"it-IT\"}]}<\/script>\n<!-- \/ Yoast SEO plugin. -->","yoast_head_json":{"title":"Synapcus: recensione software gestionale edile - Accurate Reviews","description":"Synapcus: recensione software di gestione edile che aiuta le imprese a gestire progetti agili, relazioni con i clienti e molto altro.","robots":{"index":"index","follow":"follow","max-snippet":"max-snippet:-1","max-image-preview":"max-image-preview:large","max-video-preview":"max-video-preview:-1"},"canonical":"https:\/\/www.accuratereviews.com\/it\/software-gestionali-edilizia\/synapcus-recensione\/","og_locale":"it_IT","og_type":"article","og_title":"Synapcus: recensione software gestionale edile - Accurate Reviews","og_description":"Synapcus: recensione software di gestione edile che aiuta le imprese a gestire progetti agili, relazioni con i clienti e molto altro.","og_url":"https:\/\/www.accuratereviews.com\/it\/software-gestionali-edilizia\/synapcus-recensione\/","og_site_name":"Accurate Reviews","twitter_card":"summary_large_image","twitter_misc":{"Tempo di lettura stimato":"6 minuti"},"schema":{"@context":"https:\/\/schema.org","@graph":[{"@type":"WebPage","@id":"https:\/\/www.accuratereviews.com\/it\/software-gestionali-edilizia\/synapcus-recensione\/","url":"https:\/\/www.accuratereviews.com\/it\/software-gestionali-edilizia\/synapcus-recensione\/","name":"Synapcus: recensione software gestionale edile - Accurate Reviews","isPartOf":{"@id":"https:\/\/www.accuratereviews.com\/it\/#website"},"primaryImageOfPage":{"@id":"https:\/\/www.accuratereviews.com\/it\/software-gestionali-edilizia\/synapcus-recensione\/#primaryimage"},"image":{"@id":"https:\/\/www.accuratereviews.com\/it\/software-gestionali-edilizia\/synapcus-recensione\/#primaryimage"},"thumbnailUrl":"https:\/\/www.accuratereviews.com\/wp-content\/uploads\/2026\/04\/Synapcus.avif","datePublished":"2026-04-16T14:50:33+00:00","description":"Synapcus: recensione software di gestione edile che aiuta le imprese a gestire progetti agili, relazioni con i clienti e molto altro.","breadcrumb":{"@id":"https:\/\/www.accuratereviews.com\/it\/software-gestionali-edilizia\/synapcus-recensione\/#breadcrumb"},"inLanguage":"it-IT","potentialAction":[{"@type":"ReadAction","target":["https:\/\/www.accuratereviews.com\/it\/software-gestionali-edilizia\/synapcus-recensione\/"]}]},{"@type":"ImageObject","inLanguage":"it-IT","@id":"https:\/\/www.accuratereviews.com\/it\/software-gestionali-edilizia\/synapcus-recensione\/#primaryimage","url":"https:\/\/www.accuratereviews.com\/wp-content\/uploads\/2026\/04\/Synapcus.avif","contentUrl":"https:\/\/www.accuratereviews.com\/wp-content\/uploads\/2026\/04\/Synapcus.avif","width":200,"height":200},{"@type":"BreadcrumbList","@id":"https:\/\/www.accuratereviews.com\/it\/software-gestionali-edilizia\/synapcus-recensione\/#breadcrumb","itemListElement":[{"@type":"ListItem","position":1,"name":"Home","item":"https:\/\/www.accuratereviews.com\/it\/"},{"@type":"ListItem","position":2,"name":"Software gestionali per edilizia","item":"https:\/\/www.accuratereviews.com\/it\/software-gestionali-edilizia\/"},{"@type":"ListItem","position":3,"name":"Synapcus"}]},{"@type":"WebSite","@id":"https:\/\/www.accuratereviews.com\/it\/#website","url":"https:\/\/www.accuratereviews.com\/it\/","name":"Accurate Reviews","description":"","potentialAction":[{"@type":"SearchAction","target":{"@type":"EntryPoint","urlTemplate":"https:\/\/www.accuratereviews.com\/it\/?s={search_term_string}"},"query-input":{"@type":"PropertyValueSpecification","valueRequired":true,"valueName":"search_term_string"}}],"inLanguage":"it-IT"}]}},"_links":{"self":[{"href":"https:\/\/www.accuratereviews.com\/it\/wp-json\/wp\/v2\/pages\/108247","targetHints":{"allow":["GET"]}}],"collection":[{"href":"https:\/\/www.accuratereviews.com\/it\/wp-json\/wp\/v2\/pages"}],"about":[{"href":"https:\/\/www.accuratereviews.com\/it\/wp-json\/wp\/v2\/types\/page"}],"author":[{"embeddable":true,"href":"https:\/\/www.accuratereviews.com\/it\/wp-json\/wp\/v2\/users\/19"}],"replies":[{"embeddable":true,"href":"https:\/\/www.accuratereviews.com\/it\/wp-json\/wp\/v2\/comments?post=108247"}],"version-history":[{"count":6,"href":"https:\/\/www.accuratereviews.com\/it\/wp-json\/wp\/v2\/pages\/108247\/revisions"}],"predecessor-version":[{"id":108261,"href":"https:\/\/www.accuratereviews.com\/it\/wp-json\/wp\/v2\/pages\/108247\/revisions\/108261"}],"up":[{"embeddable":true,"href":"https:\/\/www.accuratereviews.com\/it\/wp-json\/wp\/v2\/pages\/70458"}],"wp:featuredmedia":[{"embeddable":true,"href":"https:\/\/www.accuratereviews.com\/it\/wp-json\/wp\/v2\/media\/108251"}],"wp:attachment":[{"href":"https:\/\/www.accuratereviews.com\/it\/wp-json\/wp\/v2\/media?parent=108247"}],"wp:term":[{"taxonomy":"category","embeddable":true,"href":"https:\/\/www.accuratereviews.com\/it\/wp-json\/wp\/v2\/categories?post=108247"},{"taxonomy":"post_tag","embeddable":true,"href":"https:\/\/www.accuratereviews.com\/it\/wp-json\/wp\/v2\/tags?post=108247"},{"taxonomy":"features","embeddable":true,"href":"https:\/\/www.accuratereviews.com\/it\/wp-json\/wp\/v2\/features?post=108247"}],"curies":[{"name":"wp","href":"https:\/\/api.w.org\/{rel}","templated":true}]}}