{"id":10826,"date":"2019-02-11T10:08:31","date_gmt":"2019-02-11T10:08:31","guid":{"rendered":"https:\/\/www.accuratereviews.com\/?page_id=10826"},"modified":"2023-01-31T15:53:09","modified_gmt":"2023-01-31T15:53:09","slug":"openshot-video-editor-recensione","status":"publish","type":"page","link":"https:\/\/www.accuratereviews.com\/it\/video-editing-lista-software\/openshot-video-editor-recensione\/","title":{"rendered":"OpenShot Video Editor"},"content":{"rendered":"<div id=\"tw-target-text-container\" class=\"gsrt tw-ta-container tw-nfl\">\n<p id=\"tw-target-text\" class=\"tw-data-text tw-ta tw-text-small\" dir=\"ltr\" data-placeholder=\"Traduzione\"><span lang=\"it\" tabindex=\"0\"><strong>OpenShot\u00a0Video Editor<\/strong> \u00e8 un software gratuito per il <strong>montaggio di video<\/strong> per i sistemi Linux, Mac, e Windows. Facile da usare, veloce da imparare ed incredibilmente potente e pu\u00f2 leggere e scrivere la maggior parte dei formati immagine, audio e video.\u00a0<\/span><\/p>\n<p>L&#8217;interfaccia \u00e8 piuttosto semplice e offre tutto ci\u00f2 che serve dal punto di vista di un&#8217;app di <strong>editing video<\/strong>. Puoi passare dalla visualizzazione semplice a quella avanzata a seconda di quante informazioni hai bisogno di vedere sullo schermo in qualsiasi momento. Inoltre, puoi personalizzare l&#8217;interfaccia in base alle tue esigenze.<\/p>\n<h3><strong>VIDEO EDITING CON\u00a0OPENSHOT &#8211; TUTORIAL<\/strong><\/h3>\n<p>Diamo un&#8217;occhiata al nostro video tutorial che ti insegna <strong>come modificare un video con Openshot<\/strong>:<\/p>\n<div id=\"fluid-wrapper-counter-1\" class=\"g1-fluid-wrapper \" style=\"width:686px;\">\n<div style=\"padding-bottom:56.268221574344%;\"><iframe loading=\"lazy\" title=\"Come modificare un video con Openshot - Tutorial\" width=\"686\" height=\"386\" src=\"https:\/\/www.youtube.com\/embed\/JtQZfawTeTs?feature=oembed&amp;wmode=transparent&amp;autohide=1&amp;autoplay=0&amp;disablekb=0&amp;fs=1&amp;loop=0&amp;enablejsapi=1&amp;rel=0&amp;controls=2&amp;showinfo=0&amp;wmode=transparent&amp;autohide=2&amp;autoplay=0&amp;disablekb=0&amp;fs=1&amp;loop=0&amp;enablejsapi=1&amp;rel=0&amp;controls=2&amp;showinfo=1\" frameborder=\"0\" allow=\"accelerometer; autoplay; clipboard-write; encrypted-media; gyroscope; picture-in-picture; web-share\" allowfullscreen><\/iframe><\/div>\n<\/div>\n<\/div>\n<h3>LE CARATTERISTICHE DI OPENSHOT<\/h3>\n<div class=\"row\">\n<div class=\"col-md-4\">\n<div class=\"feature-box feature-box-style-2 appear-animation animated fadeInUp appear-animation-visible\" data-appear-animation=\"fadeInUp\" data-appear-animation-delay=\"0\">\n<div class=\"feature-box-info\">\n<ul>\n<li>Software di editing video multipiattaforma (Linux, Mac e Windows)<\/li>\n<li>Supporto per molti formati video, audio e immagine<\/li>\n<li>Potenti animazioni di fotogrammi chiave<\/li>\n<li>Integrazione desktop (supporto drag and drop)<\/li>\n<li>Tracce \/ livelli illimitati<\/li>\n<li>Ridimensionamento, ritaglio, aggancio, rotazione e taglio delle clip<\/li>\n<li>Transizioni video con anteprime in tempo reale<\/li>\n<li>Composizione, sovrapposizioni di immagini, filigrane<\/li>\n<li>Modelli di titoli, creazione di titoli, sottotitoli<\/li>\n<li>Titoli animati 3D (ed effetti)<\/li>\n<li>Cronologia avanzata (inclusi\u00a0drag and drop, scorrimento, panoramica, zoom e snap)<\/li>\n<li>Precisione dei fotogrammi (scorri ogni fotogramma del video)<\/li>\n<li>Time-mapping e cambi di velocit\u00e0 sulle clip (lento\/veloce, avanti\/indietro, ecc&#8230;)<\/li>\n<li>Mixaggio e montaggio audio<\/li>\n<li>Effetti video digitali, tra cui luminosit\u00e0, tonalit\u00e0, scala di grigi, chroma key (schermo blu\/verde) e molt0 altro<\/li>\n<\/ul>\n<h4>LE RECENSIONI DEGLI UTENTI<\/h4>\n<p><strong>Ousmane&#8221;Editor video OpenShot&#8221;<\/strong><br \/>\n<strong>Commenti<\/strong>: OpenShot Video Editor \u00e8 molto utile per modificare un video con una migliore qualit\u00e0 dell&#8217;immagine<br \/>\n<strong>Pro<\/strong>: Non ho mai visto un software di editing video migliore di OpenShot Video Editor. Questo software mi ha sorpreso molto per la sua qualit\u00e0 e velocit\u00e0, \u00e8 un ottimo strumento<br \/>\n<strong>Contro<\/strong>: Onestamente, \u00e8 un software semplice e facile da usare senza alcun problema<\/p>\n<p><strong>Stefano&#8221;Facile e intuitivo&#8221;<\/strong><br \/>\n<strong>Commenti<\/strong>: Complessivamente soddisfatto ma qualche aspetto da migliorare<br \/>\n<strong>Pro<\/strong>: Possibilit\u00e0 di montare molto velocemente video promozionali e senza dover avere particolare conoscenza del video editing<br \/>\n<strong>Contro<\/strong>: A volte si blocca in fare di conversione formato e devo riavviare il software<\/p>\n<p><strong>Isma\u00ebl Huberson&#8221;Editor video OpenShot&#8221;<\/strong><br \/>\n<strong>Commenti<\/strong>: Questo \u00e8 cos\u00ec facile da usare e modificare. Inoltre \u00e8 completamente gratuito e lo adoro.<br \/>\n<strong>Pro<\/strong>: OpenShot Video Editor \u00e8 un potente editor video che ti consente di creare composizioni di qualit\u00e0 utilizzando file di foto, audio e video. \u00c8 un editor video divertente e intuitivo con un sacco di fantastiche funzionalit\u00e0. Il fatto che sia open source lo rende un ottimo strumento che pu\u00f2 essere utilizzato da tutti. L&#8217;ho utilizzato in numerosi progetti, il pi\u00f9 recente dei quali \u00e8 una registrazione video di una conferenza che ho ospitato.<br \/>\n<strong>Contro<\/strong>: questo software \u00e8 semplicemente fantastico ed \u00e8 totalmente gratuito.<\/p>\n<\/div>\n<\/div>\n<\/div>\n<\/div>\n","protected":false},"excerpt":{"rendered":"<p>OpenShot\u00a0Video Editor \u00e8 un software gratuito per il montaggio di video per i sistemi Linux, Mac, e Windows. Facile da usare, veloce da imparare ed incredibilmente potente e pu\u00f2 leggere e scrivere la maggior parte dei formati immagine, audio e video.\u00a0<\/p>\n","protected":false},"author":19,"featured_media":66819,"parent":7571,"menu_order":0,"comment_status":"open","ping_status":"closed","template":"g1_template_page_review_new.php","meta":{"_acf_changed":false,"cwp_meta_box_check":"Yes","cwp_rev_product_name":"","cwp_rev_product_image":"","wppr_links":[],"cwp_rev_price":"","wppr_options":[{"name":"Usability","value":"0"},{"name":"Speed","value":"0"},{"name":"Features","value":"0"},{"name":"Support","value":"0"},{"name":"Pricing","value":"0"}],"wppr_pros":["","","","",""],"wppr_cons":["","","","",""],"_monsterinsights_skip_tracking":false,"_monsterinsights_sitenote_active":false,"_monsterinsights_sitenote_note":"","_monsterinsights_sitenote_category":0,"footnotes":""},"categories":[169],"tags":[198,216,213,14078,3342,1244,228,1273,201],"features":[],"class_list":{"0":"post-10826","1":"page","2":"type-page","3":"status-publish","4":"has-post-thumbnail","6":"category-video-editing-software-it","7":"tag-come-modificare-un-video","8":"tag-editing-video-gratuiti","9":"tag-modificare-un-video","10":"tag-openshot","11":"tag-piattaforma-video-editing","12":"tag-programma-video-editing","13":"tag-software-video-editing","14":"tag-soluzione-video-editing","15":"tag-video-editor"},"wppr_data":{"cwp_meta_box_check":"Yes","cwp_rev_product_name":"","_wppr_review_template":"default","cwp_rev_product_image":"","cwp_image_link":"image","wppr_links":[],"cwp_rev_price":"","wppr_pros":["","","","",""],"wppr_cons":["","","","",""],"wppr_rating":"0.00","wppr_options":{"1":{"name":"Usability","value":"0"},"2":{"name":"Speed","value":"0"},"3":{"name":"Features","value":"0"},"4":{"name":"Support","value":"0"},"5":{"name":"Pricing","value":"0"}},"wppr_review_type":"Product","wppr_review_custom_fields":{"additionalProperty":"","additionalType":"","aggregateRating":"","alternateName":"","audience":"","award":"","awards":"","brand":"","color":"","depth":"","description":"","disambiguatingDescription":"","gtin12":"","gtin13":"","gtin14":"","gtin8":"","height":"","identifier":"","image":"","isAccessoryOrSparePartFor":"","isConsumableFor":"","isRelatedTo":"","isSimilarTo":"","itemCondition":"","logo":"","mainEntityOfPage":"","manufacturer":"","material":"","model":"","mpn":"","name":"","offers":"","potentialAction":"","productID":"","productionDate":"","purchaseDate":"","releaseDate":"","review":"","reviews":"","sameAs":"","sku":"","slogan":"","subjectOf":"","url":"","weight":"","width":""}},"acf":[],"yoast_head":"<!-- This site is optimized with the Yoast SEO plugin v27.4 - https:\/\/yoast.com\/product\/yoast-seo-wordpress\/ -->\n<title>OpenShot Video Editor : recensione - Accurate Reviews<\/title>\n<meta name=\"description\" content=\"OpenShot\u00a0Video Editor recensione: \u00e8 un open-source semplice, veloce e potente per montare, tagliare e modificare qualsiasi video o filmato\" \/>\n<meta name=\"robots\" content=\"index, follow, max-snippet:-1, max-image-preview:large, max-video-preview:-1\" \/>\n<link rel=\"canonical\" href=\"https:\/\/www.accuratereviews.com\/it\/video-editing-lista-software\/openshot-video-editor-recensione\/\" \/>\n<meta property=\"og:locale\" content=\"it_IT\" \/>\n<meta property=\"og:type\" content=\"article\" \/>\n<meta property=\"og:title\" content=\"OpenShot Video Editor : recensione - Accurate Reviews\" \/>\n<meta property=\"og:description\" content=\"OpenShot\u00a0Video Editor recensione: \u00e8 un open-source semplice, veloce e potente per montare, tagliare e modificare qualsiasi video o filmato\" \/>\n<meta property=\"og:url\" content=\"https:\/\/www.accuratereviews.com\/it\/video-editing-lista-software\/openshot-video-editor-recensione\/\" \/>\n<meta property=\"og:site_name\" content=\"Accurate Reviews\" \/>\n<meta property=\"article:modified_time\" content=\"2023-01-31T15:53:09+00:00\" \/>\n<meta property=\"og:image\" content=\"https:\/\/www.accuratereviews.com\/wp-content\/uploads\/2023\/01\/OpenShot-Video-Editor.webp\" \/>\n\t<meta property=\"og:image:width\" content=\"630\" \/>\n\t<meta property=\"og:image:height\" content=\"368\" \/>\n\t<meta property=\"og:image:type\" content=\"image\/webp\" \/>\n<meta name=\"twitter:card\" content=\"summary_large_image\" \/>\n<meta name=\"twitter:label1\" content=\"Tempo di lettura stimato\" \/>\n\t<meta name=\"twitter:data1\" content=\"3 minuti\" \/>\n<script type=\"application\/ld+json\" class=\"yoast-schema-graph\">{\"@context\":\"https:\\\/\\\/schema.org\",\"@graph\":[{\"@type\":\"WebPage\",\"@id\":\"https:\\\/\\\/www.accuratereviews.com\\\/it\\\/video-editing-lista-software\\\/openshot-video-editor-recensione\\\/\",\"url\":\"https:\\\/\\\/www.accuratereviews.com\\\/it\\\/video-editing-lista-software\\\/openshot-video-editor-recensione\\\/\",\"name\":\"OpenShot Video Editor : recensione - Accurate Reviews\",\"isPartOf\":{\"@id\":\"https:\\\/\\\/www.accuratereviews.com\\\/it\\\/#website\"},\"primaryImageOfPage\":{\"@id\":\"https:\\\/\\\/www.accuratereviews.com\\\/it\\\/video-editing-lista-software\\\/openshot-video-editor-recensione\\\/#primaryimage\"},\"image\":{\"@id\":\"https:\\\/\\\/www.accuratereviews.com\\\/it\\\/video-editing-lista-software\\\/openshot-video-editor-recensione\\\/#primaryimage\"},\"thumbnailUrl\":\"https:\\\/\\\/www.accuratereviews.com\\\/wp-content\\\/uploads\\\/2023\\\/01\\\/OpenShot-Video-Editor.webp\",\"datePublished\":\"2019-02-11T10:08:31+00:00\",\"dateModified\":\"2023-01-31T15:53:09+00:00\",\"description\":\"OpenShot\u00a0Video Editor recensione: \u00e8 un open-source semplice, veloce e potente per montare, tagliare e modificare qualsiasi video o filmato\",\"breadcrumb\":{\"@id\":\"https:\\\/\\\/www.accuratereviews.com\\\/it\\\/video-editing-lista-software\\\/openshot-video-editor-recensione\\\/#breadcrumb\"},\"inLanguage\":\"it-IT\",\"potentialAction\":[{\"@type\":\"ReadAction\",\"target\":[\"https:\\\/\\\/www.accuratereviews.com\\\/it\\\/video-editing-lista-software\\\/openshot-video-editor-recensione\\\/\"]}]},{\"@type\":\"ImageObject\",\"inLanguage\":\"it-IT\",\"@id\":\"https:\\\/\\\/www.accuratereviews.com\\\/it\\\/video-editing-lista-software\\\/openshot-video-editor-recensione\\\/#primaryimage\",\"url\":\"https:\\\/\\\/www.accuratereviews.com\\\/wp-content\\\/uploads\\\/2023\\\/01\\\/OpenShot-Video-Editor.webp\",\"contentUrl\":\"https:\\\/\\\/www.accuratereviews.com\\\/wp-content\\\/uploads\\\/2023\\\/01\\\/OpenShot-Video-Editor.webp\",\"width\":630,\"height\":368},{\"@type\":\"BreadcrumbList\",\"@id\":\"https:\\\/\\\/www.accuratereviews.com\\\/it\\\/video-editing-lista-software\\\/openshot-video-editor-recensione\\\/#breadcrumb\",\"itemListElement\":[{\"@type\":\"ListItem\",\"position\":1,\"name\":\"Home\",\"item\":\"https:\\\/\\\/www.accuratereviews.com\\\/it\\\/\"},{\"@type\":\"ListItem\",\"position\":2,\"name\":\"Software per il video editing\",\"item\":\"https:\\\/\\\/www.accuratereviews.com\\\/it\\\/video-editing-lista-software\\\/\"},{\"@type\":\"ListItem\",\"position\":3,\"name\":\"OpenShot Video Editor\"}]},{\"@type\":\"WebSite\",\"@id\":\"https:\\\/\\\/www.accuratereviews.com\\\/it\\\/#website\",\"url\":\"https:\\\/\\\/www.accuratereviews.com\\\/it\\\/\",\"name\":\"Accurate Reviews\",\"description\":\"\",\"potentialAction\":[{\"@type\":\"SearchAction\",\"target\":{\"@type\":\"EntryPoint\",\"urlTemplate\":\"https:\\\/\\\/www.accuratereviews.com\\\/it\\\/?s={search_term_string}\"},\"query-input\":{\"@type\":\"PropertyValueSpecification\",\"valueRequired\":true,\"valueName\":\"search_term_string\"}}],\"inLanguage\":\"it-IT\"}]}<\/script>\n<!-- \/ Yoast SEO plugin. -->","yoast_head_json":{"title":"OpenShot Video Editor : recensione - Accurate Reviews","description":"OpenShot\u00a0Video Editor recensione: \u00e8 un open-source semplice, veloce e potente per montare, tagliare e modificare qualsiasi video o filmato","robots":{"index":"index","follow":"follow","max-snippet":"max-snippet:-1","max-image-preview":"max-image-preview:large","max-video-preview":"max-video-preview:-1"},"canonical":"https:\/\/www.accuratereviews.com\/it\/video-editing-lista-software\/openshot-video-editor-recensione\/","og_locale":"it_IT","og_type":"article","og_title":"OpenShot Video Editor : recensione - Accurate Reviews","og_description":"OpenShot\u00a0Video Editor recensione: \u00e8 un open-source semplice, veloce e potente per montare, tagliare e modificare qualsiasi video o filmato","og_url":"https:\/\/www.accuratereviews.com\/it\/video-editing-lista-software\/openshot-video-editor-recensione\/","og_site_name":"Accurate Reviews","article_modified_time":"2023-01-31T15:53:09+00:00","og_image":[{"width":630,"height":368,"url":"https:\/\/www.accuratereviews.com\/wp-content\/uploads\/2023\/01\/OpenShot-Video-Editor.webp","type":"image\/webp"}],"twitter_card":"summary_large_image","twitter_misc":{"Tempo di lettura stimato":"3 minuti"},"schema":{"@context":"https:\/\/schema.org","@graph":[{"@type":"WebPage","@id":"https:\/\/www.accuratereviews.com\/it\/video-editing-lista-software\/openshot-video-editor-recensione\/","url":"https:\/\/www.accuratereviews.com\/it\/video-editing-lista-software\/openshot-video-editor-recensione\/","name":"OpenShot Video Editor : recensione - Accurate Reviews","isPartOf":{"@id":"https:\/\/www.accuratereviews.com\/it\/#website"},"primaryImageOfPage":{"@id":"https:\/\/www.accuratereviews.com\/it\/video-editing-lista-software\/openshot-video-editor-recensione\/#primaryimage"},"image":{"@id":"https:\/\/www.accuratereviews.com\/it\/video-editing-lista-software\/openshot-video-editor-recensione\/#primaryimage"},"thumbnailUrl":"https:\/\/www.accuratereviews.com\/wp-content\/uploads\/2023\/01\/OpenShot-Video-Editor.webp","datePublished":"2019-02-11T10:08:31+00:00","dateModified":"2023-01-31T15:53:09+00:00","description":"OpenShot\u00a0Video Editor recensione: \u00e8 un open-source semplice, veloce e potente per montare, tagliare e modificare qualsiasi video o filmato","breadcrumb":{"@id":"https:\/\/www.accuratereviews.com\/it\/video-editing-lista-software\/openshot-video-editor-recensione\/#breadcrumb"},"inLanguage":"it-IT","potentialAction":[{"@type":"ReadAction","target":["https:\/\/www.accuratereviews.com\/it\/video-editing-lista-software\/openshot-video-editor-recensione\/"]}]},{"@type":"ImageObject","inLanguage":"it-IT","@id":"https:\/\/www.accuratereviews.com\/it\/video-editing-lista-software\/openshot-video-editor-recensione\/#primaryimage","url":"https:\/\/www.accuratereviews.com\/wp-content\/uploads\/2023\/01\/OpenShot-Video-Editor.webp","contentUrl":"https:\/\/www.accuratereviews.com\/wp-content\/uploads\/2023\/01\/OpenShot-Video-Editor.webp","width":630,"height":368},{"@type":"BreadcrumbList","@id":"https:\/\/www.accuratereviews.com\/it\/video-editing-lista-software\/openshot-video-editor-recensione\/#breadcrumb","itemListElement":[{"@type":"ListItem","position":1,"name":"Home","item":"https:\/\/www.accuratereviews.com\/it\/"},{"@type":"ListItem","position":2,"name":"Software per il video editing","item":"https:\/\/www.accuratereviews.com\/it\/video-editing-lista-software\/"},{"@type":"ListItem","position":3,"name":"OpenShot Video Editor"}]},{"@type":"WebSite","@id":"https:\/\/www.accuratereviews.com\/it\/#website","url":"https:\/\/www.accuratereviews.com\/it\/","name":"Accurate Reviews","description":"","potentialAction":[{"@type":"SearchAction","target":{"@type":"EntryPoint","urlTemplate":"https:\/\/www.accuratereviews.com\/it\/?s={search_term_string}"},"query-input":{"@type":"PropertyValueSpecification","valueRequired":true,"valueName":"search_term_string"}}],"inLanguage":"it-IT"}]}},"_links":{"self":[{"href":"https:\/\/www.accuratereviews.com\/it\/wp-json\/wp\/v2\/pages\/10826","targetHints":{"allow":["GET"]}}],"collection":[{"href":"https:\/\/www.accuratereviews.com\/it\/wp-json\/wp\/v2\/pages"}],"about":[{"href":"https:\/\/www.accuratereviews.com\/it\/wp-json\/wp\/v2\/types\/page"}],"author":[{"embeddable":true,"href":"https:\/\/www.accuratereviews.com\/it\/wp-json\/wp\/v2\/users\/19"}],"replies":[{"embeddable":true,"href":"https:\/\/www.accuratereviews.com\/it\/wp-json\/wp\/v2\/comments?post=10826"}],"version-history":[{"count":22,"href":"https:\/\/www.accuratereviews.com\/it\/wp-json\/wp\/v2\/pages\/10826\/revisions"}],"predecessor-version":[{"id":66831,"href":"https:\/\/www.accuratereviews.com\/it\/wp-json\/wp\/v2\/pages\/10826\/revisions\/66831"}],"up":[{"embeddable":true,"href":"https:\/\/www.accuratereviews.com\/it\/wp-json\/wp\/v2\/pages\/7571"}],"wp:featuredmedia":[{"embeddable":true,"href":"https:\/\/www.accuratereviews.com\/it\/wp-json\/wp\/v2\/media\/66819"}],"wp:attachment":[{"href":"https:\/\/www.accuratereviews.com\/it\/wp-json\/wp\/v2\/media?parent=10826"}],"wp:term":[{"taxonomy":"category","embeddable":true,"href":"https:\/\/www.accuratereviews.com\/it\/wp-json\/wp\/v2\/categories?post=10826"},{"taxonomy":"post_tag","embeddable":true,"href":"https:\/\/www.accuratereviews.com\/it\/wp-json\/wp\/v2\/tags?post=10826"},{"taxonomy":"features","embeddable":true,"href":"https:\/\/www.accuratereviews.com\/it\/wp-json\/wp\/v2\/features?post=10826"}],"curies":[{"name":"wp","href":"https:\/\/api.w.org\/{rel}","templated":true}]}}