{"id":108264,"date":"2026-04-17T15:51:10","date_gmt":"2026-04-17T15:51:10","guid":{"rendered":"https:\/\/www.accuratereviews.com\/?page_id=108264"},"modified":"2026-04-17T15:51:10","modified_gmt":"2026-04-17T15:51:10","slug":"pmweb-recensione","status":"publish","type":"page","link":"https:\/\/www.accuratereviews.com\/it\/software-gestionali-edilizia\/pmweb-recensione\/","title":{"rendered":"PMWeb"},"content":{"rendered":"<p><strong>PMWeb<\/strong> \u00e8 una soluzione <strong>software completa<\/strong> per la gestione di portfolio, programmi e progetti <strong>nel settore edile<\/strong>, pensata per organizzazioni di grandi dimensioni. La soluzione \u00e8 responsive e accessibile da qualsiasi dispositivo dotato di browser. Offre funzionalit\u00e0 di preventivazione, gestione delle offerte e dei costi, pianificazione dei progetti, bacheche di attivit\u00e0 in stile Kanban, gestione degli asset e tutto il necessario per organizzare i progetti dall&#8217;ideazione al completamento e alla gestione. \u00a0Si presenta come una soluzione modulare che consente ai committenti di scegliere le applicazioni aggiuntive necessarie per la gestione dei propri progetti.<br \/>\nPer migliorare l&#8217;usabilit\u00e0, <strong>PMWeb<\/strong> ha creato un&#8217;interfaccia drag-and-drop che semplifica il processo di preventivazione. Gli utenti possono inoltre usufruire di funzionalit\u00e0 che supportano pi\u00f9 lingue e valute, l&#8217;integrazione con <strong>Google Maps<\/strong> per tenere traccia della posizione dei progetti e un flusso di lavoro visivo per osservare chiaramente il flusso dei dati.<\/p>\n<h2>PMWEB &#8211; TUTORIAL<\/h2>\n<div id=\"fluid-wrapper-counter-1\" class=\"g1-fluid-wrapper \" style=\"width:686px;\">\n<div style=\"padding-bottom:56.268221574344%;\"><iframe loading=\"lazy\" title=\"PMWeb Overview\" width=\"515\" height=\"386\" src=\"https:\/\/www.youtube.com\/embed\/nUtufbpa-b8?feature=oembed&amp;wmode=transparent&amp;autohide=1&amp;autoplay=0&amp;disablekb=0&amp;fs=1&amp;loop=0&amp;enablejsapi=1&amp;rel=0&amp;controls=2&amp;showinfo=0&amp;wmode=transparent&amp;autohide=2&amp;autoplay=0&amp;disablekb=0&amp;fs=1&amp;loop=0&amp;enablejsapi=1&amp;rel=0&amp;controls=2&amp;showinfo=1\" frameborder=\"0\" allow=\"accelerometer; autoplay; clipboard-write; encrypted-media; gyroscope; picture-in-picture; web-share\" referrerpolicy=\"strict-origin-when-cross-origin\" allowfullscreen><\/iframe><\/div>\n<\/div>\n<h3>PMWEB &#8211; CARATTERISTICHE<\/h3>\n<ul>\n<li><strong>Collega le tue fonti di dati<\/strong>: integra senza problemi i dati di progetti, programmi e risorse in un&#8217;unica piattaforma, eliminando l&#8217;inserimento manuale e garantendo l&#8217;accuratezza dei dati.<\/li>\n<li><strong>Visualizza le prestazioni<\/strong>: crea dashboard dinamiche personalizzate in base ai tuoi KPI, tra cui le prestazioni dei progetti, l&#8217;utilizzo delle risorse e il monitoraggio del ciclo di vita delle risorse.<\/li>\n<li><strong>Analizza tendenze e rischi:<\/strong> monitora i rischi finanziari, operativi e relativi alle risorse in tempo reale per l&#8217;intero portfolio e adatta le strategie in modo proattivo.<\/li>\n<li><strong>Gestisci risorse e iniziative<\/strong>: monitora e gestisci le risorse, assegna le risorse in modo strategico e allinea i progetti agli obiettivi generali della tua organizzazione.<\/li>\n<li><strong>Genera report personalizzati:<\/strong> crea report su richiesta o programmati con potenti funzionalit\u00e0 di filtraggio e analisi dettagliata, fornendo al management le informazioni necessarie per agire rapidamente.<\/li>\n<li><strong>Guida le decisioni strategiche:<\/strong> trasforma le informazioni in azioni: assegna le risorse, adatta le strategie e mantieni ogni iniziativa allineata agli obiettivi della tua organizzazione.<\/li>\n<\/ul>\n<h4>LE RECENSIONI DEGLI UTENTI<\/h4>\n<p><strong>Elsa Mar\u00eda &#8220;Eccellente !&#8221;<\/strong><br \/>\nFacile da usare!!<br \/>\n<strong>Pro<\/strong>: la gestione dei costi \u00e8 perfetta per il nostro servizio<br \/>\n<strong>Contro<\/strong>: servono pi\u00f9 funzionalit\u00e0 nei moduli e nelle parti dei piani<\/p>\n<p><strong>Zuhayr &#8220;Recensione PMWeb&#8221;<\/strong><br \/>\nHa aiutato molto il nostro processo aziendale in termini di riduzione della carta con la gestione dei documenti utilizzando i flussi di lavoro per ottenere le approvazioni per la corsia preferenziale e la trasparenza della gestione dei progetti di pi\u00f9 progetti in un unico software.<br \/>\n<strong>Pro<\/strong>: nel complesso la gestione del progetto, l&#8217;interfaccia user friendly lo rende facile da usare.<br \/>\n<strong>Contro<\/strong>: in caso di utilizzo offline di PMWeb, ci\u00f2 sarebbe di grande aiuto considerando che la maggior parte dei siti non dispone di connessione nelle parti interne.<\/p>\n<p><strong>Fausto &#8220;Ottimo software per i responsabili di programma&#8221;<\/strong><br \/>\n<strong>Pro<\/strong>: ottimo software per lavorare su progetti di grandi dimensioni o multipli. Include anche funzionalit\u00e0 di gestione degli impianti televisivi.<br \/>\n<strong>Contro<\/strong>: \u00e8 molto costoso per le piccole aziende e il costo sar\u00e0 giustificato solo in progetti di grandi dimensioni. Richiede molta formazione e una configurazione iniziale complessa.<\/p>\n","protected":false},"excerpt":{"rendered":"<p>PMWeb \u00e8 una soluzione software completa per la gestione di portfolio, programmi e progetti nel settore edile, pensata per organizzazioni di grandi dimensioni. La soluzione \u00e8 responsive e accessibile da qualsiasi dispositivo dotato di browser.<\/p>\n","protected":false},"author":19,"featured_media":108267,"parent":70458,"menu_order":0,"comment_status":"open","ping_status":"closed","template":"g1_template_page_review_new.php","meta":{"_acf_changed":false,"cwp_meta_box_check":"Yes","cwp_rev_product_name":"","cwp_rev_product_image":"","wppr_links":[],"cwp_rev_price":"0.00","wppr_options":[{"name":"Usability","value":"0"},{"name":"Speed","value":"0"},{"name":"Features","value":"0"},{"name":"Support","value":"0"},{"name":"Pricing","value":"0"}],"wppr_pros":["","","","",""],"wppr_cons":["","","","",""],"_monsterinsights_skip_tracking":false,"_monsterinsights_sitenote_active":false,"_monsterinsights_sitenote_note":"","_monsterinsights_sitenote_category":0,"footnotes":""},"categories":[2459],"tags":[14510,14478,17107,14477,14480,14479],"features":[],"class_list":{"0":"post-108264","1":"page","2":"type-page","3":"status-publish","4":"has-post-thumbnail","6":"category-gestionale-per-edilizia-cat","7":"tag-gestione-edilizia","8":"tag-piattaforma-gestionale-edilizia","9":"tag-pmweb","10":"tag-programma-gestionale-edilizia","11":"tag-software-gestionale-edilizia","12":"tag-soluzione-gestionale-edilizia"},"wppr_data":{"cwp_meta_box_check":"Yes","_wppr_review_template":"default","cwp_rev_product_image":"","cwp_image_link":"image","wppr_links":[],"cwp_rev_price":"0.00","wppr_pros":["","","","",""],"wppr_cons":["","","","",""],"wppr_rating":"0.00","wppr_options":{"1":{"name":"Usability","value":"0"},"2":{"name":"Speed","value":"0"},"3":{"name":"Features","value":"0"},"4":{"name":"Support","value":"0"},"5":{"name":"Pricing","value":"0"}},"wppr_review_type":"Product","wppr_review_custom_fields":{"additionalProperty":"","additionalType":"","aggregateRating":"","alternateName":"","audience":"","award":"","awards":"","brand":"","color":"","depth":"","description":"","disambiguatingDescription":"","gtin12":"","gtin13":"","gtin14":"","gtin8":"","height":"","identifier":"","image":"","isAccessoryOrSparePartFor":"","isConsumableFor":"","isRelatedTo":"","isSimilarTo":"","itemCondition":"","logo":"","mainEntityOfPage":"","manufacturer":"","material":"","model":"","mpn":"","name":"","offers":"","potentialAction":"","productID":"","productionDate":"","purchaseDate":"","releaseDate":"","review":"","reviews":"","sameAs":"","sku":"","slogan":"","subjectOf":"","url":"","weight":"","width":""}},"acf":[],"yoast_head":"<!-- This site is optimized with the Yoast SEO plugin v27.4 - https:\/\/yoast.com\/product\/yoast-seo-wordpress\/ -->\n<title>PMWeb: recensione software gestionale edilizia - Accurate Reviews<\/title>\n<meta name=\"description\" content=\"PMWeb: recensione soluzione completa per la gestione di portfolio, programmi e progetti nel settore edile.\" \/>\n<meta name=\"robots\" content=\"index, follow, max-snippet:-1, max-image-preview:large, max-video-preview:-1\" \/>\n<link rel=\"canonical\" href=\"https:\/\/www.accuratereviews.com\/it\/software-gestionali-edilizia\/pmweb-recensione\/\" \/>\n<meta property=\"og:locale\" content=\"it_IT\" \/>\n<meta property=\"og:type\" content=\"article\" \/>\n<meta property=\"og:title\" content=\"PMWeb: recensione software gestionale edilizia - Accurate Reviews\" \/>\n<meta property=\"og:description\" content=\"PMWeb: recensione soluzione completa per la gestione di portfolio, programmi e progetti nel settore edile.\" \/>\n<meta property=\"og:url\" content=\"https:\/\/www.accuratereviews.com\/it\/software-gestionali-edilizia\/pmweb-recensione\/\" \/>\n<meta property=\"og:site_name\" content=\"Accurate Reviews\" \/>\n<meta property=\"og:image\" content=\"https:\/\/www.accuratereviews.com\/wp-content\/uploads\/2026\/04\/pmweb.png\" \/>\n\t<meta property=\"og:image:width\" content=\"600\" \/>\n\t<meta property=\"og:image:height\" content=\"315\" \/>\n\t<meta property=\"og:image:type\" content=\"image\/png\" \/>\n<meta name=\"twitter:card\" content=\"summary_large_image\" \/>\n<meta name=\"twitter:label1\" content=\"Tempo di lettura stimato\" \/>\n\t<meta name=\"twitter:data1\" content=\"4 minuti\" \/>\n<script type=\"application\/ld+json\" class=\"yoast-schema-graph\">{\"@context\":\"https:\\\/\\\/schema.org\",\"@graph\":[{\"@type\":\"WebPage\",\"@id\":\"https:\\\/\\\/www.accuratereviews.com\\\/it\\\/software-gestionali-edilizia\\\/pmweb-recensione\\\/\",\"url\":\"https:\\\/\\\/www.accuratereviews.com\\\/it\\\/software-gestionali-edilizia\\\/pmweb-recensione\\\/\",\"name\":\"PMWeb: recensione software gestionale edilizia - Accurate Reviews\",\"isPartOf\":{\"@id\":\"https:\\\/\\\/www.accuratereviews.com\\\/it\\\/#website\"},\"primaryImageOfPage\":{\"@id\":\"https:\\\/\\\/www.accuratereviews.com\\\/it\\\/software-gestionali-edilizia\\\/pmweb-recensione\\\/#primaryimage\"},\"image\":{\"@id\":\"https:\\\/\\\/www.accuratereviews.com\\\/it\\\/software-gestionali-edilizia\\\/pmweb-recensione\\\/#primaryimage\"},\"thumbnailUrl\":\"https:\\\/\\\/www.accuratereviews.com\\\/wp-content\\\/uploads\\\/2026\\\/04\\\/pmweb.png\",\"datePublished\":\"2026-04-17T15:51:10+00:00\",\"description\":\"PMWeb: recensione soluzione completa per la gestione di portfolio, programmi e progetti nel settore edile.\",\"breadcrumb\":{\"@id\":\"https:\\\/\\\/www.accuratereviews.com\\\/it\\\/software-gestionali-edilizia\\\/pmweb-recensione\\\/#breadcrumb\"},\"inLanguage\":\"it-IT\",\"potentialAction\":[{\"@type\":\"ReadAction\",\"target\":[\"https:\\\/\\\/www.accuratereviews.com\\\/it\\\/software-gestionali-edilizia\\\/pmweb-recensione\\\/\"]}]},{\"@type\":\"ImageObject\",\"inLanguage\":\"it-IT\",\"@id\":\"https:\\\/\\\/www.accuratereviews.com\\\/it\\\/software-gestionali-edilizia\\\/pmweb-recensione\\\/#primaryimage\",\"url\":\"https:\\\/\\\/www.accuratereviews.com\\\/wp-content\\\/uploads\\\/2026\\\/04\\\/pmweb.png\",\"contentUrl\":\"https:\\\/\\\/www.accuratereviews.com\\\/wp-content\\\/uploads\\\/2026\\\/04\\\/pmweb.png\",\"width\":600,\"height\":315},{\"@type\":\"BreadcrumbList\",\"@id\":\"https:\\\/\\\/www.accuratereviews.com\\\/it\\\/software-gestionali-edilizia\\\/pmweb-recensione\\\/#breadcrumb\",\"itemListElement\":[{\"@type\":\"ListItem\",\"position\":1,\"name\":\"Home\",\"item\":\"https:\\\/\\\/www.accuratereviews.com\\\/it\\\/\"},{\"@type\":\"ListItem\",\"position\":2,\"name\":\"Software gestionali per edilizia\",\"item\":\"https:\\\/\\\/www.accuratereviews.com\\\/it\\\/software-gestionali-edilizia\\\/\"},{\"@type\":\"ListItem\",\"position\":3,\"name\":\"PMWeb\"}]},{\"@type\":\"WebSite\",\"@id\":\"https:\\\/\\\/www.accuratereviews.com\\\/it\\\/#website\",\"url\":\"https:\\\/\\\/www.accuratereviews.com\\\/it\\\/\",\"name\":\"Accurate Reviews\",\"description\":\"\",\"potentialAction\":[{\"@type\":\"SearchAction\",\"target\":{\"@type\":\"EntryPoint\",\"urlTemplate\":\"https:\\\/\\\/www.accuratereviews.com\\\/it\\\/?s={search_term_string}\"},\"query-input\":{\"@type\":\"PropertyValueSpecification\",\"valueRequired\":true,\"valueName\":\"search_term_string\"}}],\"inLanguage\":\"it-IT\"}]}<\/script>\n<!-- \/ Yoast SEO plugin. -->","yoast_head_json":{"title":"PMWeb: recensione software gestionale edilizia - Accurate Reviews","description":"PMWeb: recensione soluzione completa per la gestione di portfolio, programmi e progetti nel settore edile.","robots":{"index":"index","follow":"follow","max-snippet":"max-snippet:-1","max-image-preview":"max-image-preview:large","max-video-preview":"max-video-preview:-1"},"canonical":"https:\/\/www.accuratereviews.com\/it\/software-gestionali-edilizia\/pmweb-recensione\/","og_locale":"it_IT","og_type":"article","og_title":"PMWeb: recensione software gestionale edilizia - Accurate Reviews","og_description":"PMWeb: recensione soluzione completa per la gestione di portfolio, programmi e progetti nel settore edile.","og_url":"https:\/\/www.accuratereviews.com\/it\/software-gestionali-edilizia\/pmweb-recensione\/","og_site_name":"Accurate Reviews","og_image":[{"width":600,"height":315,"url":"https:\/\/www.accuratereviews.com\/wp-content\/uploads\/2026\/04\/pmweb.png","type":"image\/png"}],"twitter_card":"summary_large_image","twitter_misc":{"Tempo di lettura stimato":"4 minuti"},"schema":{"@context":"https:\/\/schema.org","@graph":[{"@type":"WebPage","@id":"https:\/\/www.accuratereviews.com\/it\/software-gestionali-edilizia\/pmweb-recensione\/","url":"https:\/\/www.accuratereviews.com\/it\/software-gestionali-edilizia\/pmweb-recensione\/","name":"PMWeb: recensione software gestionale edilizia - Accurate Reviews","isPartOf":{"@id":"https:\/\/www.accuratereviews.com\/it\/#website"},"primaryImageOfPage":{"@id":"https:\/\/www.accuratereviews.com\/it\/software-gestionali-edilizia\/pmweb-recensione\/#primaryimage"},"image":{"@id":"https:\/\/www.accuratereviews.com\/it\/software-gestionali-edilizia\/pmweb-recensione\/#primaryimage"},"thumbnailUrl":"https:\/\/www.accuratereviews.com\/wp-content\/uploads\/2026\/04\/pmweb.png","datePublished":"2026-04-17T15:51:10+00:00","description":"PMWeb: recensione soluzione completa per la gestione di portfolio, programmi e progetti nel settore edile.","breadcrumb":{"@id":"https:\/\/www.accuratereviews.com\/it\/software-gestionali-edilizia\/pmweb-recensione\/#breadcrumb"},"inLanguage":"it-IT","potentialAction":[{"@type":"ReadAction","target":["https:\/\/www.accuratereviews.com\/it\/software-gestionali-edilizia\/pmweb-recensione\/"]}]},{"@type":"ImageObject","inLanguage":"it-IT","@id":"https:\/\/www.accuratereviews.com\/it\/software-gestionali-edilizia\/pmweb-recensione\/#primaryimage","url":"https:\/\/www.accuratereviews.com\/wp-content\/uploads\/2026\/04\/pmweb.png","contentUrl":"https:\/\/www.accuratereviews.com\/wp-content\/uploads\/2026\/04\/pmweb.png","width":600,"height":315},{"@type":"BreadcrumbList","@id":"https:\/\/www.accuratereviews.com\/it\/software-gestionali-edilizia\/pmweb-recensione\/#breadcrumb","itemListElement":[{"@type":"ListItem","position":1,"name":"Home","item":"https:\/\/www.accuratereviews.com\/it\/"},{"@type":"ListItem","position":2,"name":"Software gestionali per edilizia","item":"https:\/\/www.accuratereviews.com\/it\/software-gestionali-edilizia\/"},{"@type":"ListItem","position":3,"name":"PMWeb"}]},{"@type":"WebSite","@id":"https:\/\/www.accuratereviews.com\/it\/#website","url":"https:\/\/www.accuratereviews.com\/it\/","name":"Accurate Reviews","description":"","potentialAction":[{"@type":"SearchAction","target":{"@type":"EntryPoint","urlTemplate":"https:\/\/www.accuratereviews.com\/it\/?s={search_term_string}"},"query-input":{"@type":"PropertyValueSpecification","valueRequired":true,"valueName":"search_term_string"}}],"inLanguage":"it-IT"}]}},"_links":{"self":[{"href":"https:\/\/www.accuratereviews.com\/it\/wp-json\/wp\/v2\/pages\/108264","targetHints":{"allow":["GET"]}}],"collection":[{"href":"https:\/\/www.accuratereviews.com\/it\/wp-json\/wp\/v2\/pages"}],"about":[{"href":"https:\/\/www.accuratereviews.com\/it\/wp-json\/wp\/v2\/types\/page"}],"author":[{"embeddable":true,"href":"https:\/\/www.accuratereviews.com\/it\/wp-json\/wp\/v2\/users\/19"}],"replies":[{"embeddable":true,"href":"https:\/\/www.accuratereviews.com\/it\/wp-json\/wp\/v2\/comments?post=108264"}],"version-history":[{"count":10,"href":"https:\/\/www.accuratereviews.com\/it\/wp-json\/wp\/v2\/pages\/108264\/revisions"}],"predecessor-version":[{"id":108281,"href":"https:\/\/www.accuratereviews.com\/it\/wp-json\/wp\/v2\/pages\/108264\/revisions\/108281"}],"up":[{"embeddable":true,"href":"https:\/\/www.accuratereviews.com\/it\/wp-json\/wp\/v2\/pages\/70458"}],"wp:featuredmedia":[{"embeddable":true,"href":"https:\/\/www.accuratereviews.com\/it\/wp-json\/wp\/v2\/media\/108267"}],"wp:attachment":[{"href":"https:\/\/www.accuratereviews.com\/it\/wp-json\/wp\/v2\/media?parent=108264"}],"wp:term":[{"taxonomy":"category","embeddable":true,"href":"https:\/\/www.accuratereviews.com\/it\/wp-json\/wp\/v2\/categories?post=108264"},{"taxonomy":"post_tag","embeddable":true,"href":"https:\/\/www.accuratereviews.com\/it\/wp-json\/wp\/v2\/tags?post=108264"},{"taxonomy":"features","embeddable":true,"href":"https:\/\/www.accuratereviews.com\/it\/wp-json\/wp\/v2\/features?post=108264"}],"curies":[{"name":"wp","href":"https:\/\/api.w.org\/{rel}","templated":true}]}}