{"id":108380,"date":"2026-04-21T16:05:56","date_gmt":"2026-04-21T16:05:56","guid":{"rendered":"https:\/\/www.accuratereviews.com\/?page_id=108380"},"modified":"2026-04-22T10:14:12","modified_gmt":"2026-04-22T10:14:12","slug":"planyard-recensione","status":"publish","type":"page","link":"https:\/\/www.accuratereviews.com\/it\/software-gestionali-edilizia\/planyard-recensione\/","title":{"rendered":"Planyard"},"content":{"rendered":"<p>Il <strong>software per l&#8217;edilizia<\/strong> <strong>Planyard<\/strong> semplifica la gestione finanziaria e il budget dei progetti. Ideale per le piccole e medie imprese che desiderano abbandonare fogli di calcolo e duplicazione dei dati. <strong>Planyard<\/strong> ottimizza la stima dei costi, la creazione di preventivi, il controllo del budget e il monitoraggio della redditivit\u00e0, offrendo al team una visione chiara e in tempo reale dei costi e della redditivit\u00e0 del progetto. A differenza dei sistemi ERP o dei software di contabilit\u00e0 generici che fungono da strumenti di reporting, il programma \u00e8 stato creato da professionisti del settore edile per semplificare il lavoro quotidiano.<\/p>\n<h2>PLANYARD &#8211; TUTORIAL<\/h2>\n<div id=\"fluid-wrapper-counter-1\" class=\"g1-fluid-wrapper \" style=\"width:686px;\">\n<div style=\"padding-bottom:56.268221574344%;\"><iframe loading=\"lazy\" title=\"Planyard Construction Cost Control and Forecasting Software Introductory Video\" width=\"686\" height=\"386\" src=\"https:\/\/www.youtube.com\/embed\/WglX0Cn2EXY?feature=oembed&amp;wmode=transparent&amp;autohide=1&amp;autoplay=0&amp;disablekb=0&amp;fs=1&amp;loop=0&amp;enablejsapi=1&amp;rel=0&amp;controls=2&amp;showinfo=0&amp;wmode=transparent&amp;autohide=2&amp;autoplay=0&amp;disablekb=0&amp;fs=1&amp;loop=0&amp;enablejsapi=1&amp;rel=0&amp;controls=2&amp;showinfo=1\" frameborder=\"0\" allow=\"accelerometer; autoplay; clipboard-write; encrypted-media; gyroscope; picture-in-picture; web-share\" referrerpolicy=\"strict-origin-when-cross-origin\" allowfullscreen><\/iframe><\/div>\n<\/div>\n<h3>PLANYARD &#8211; CARATTERISTICHE<\/h3>\n<ul>\n<li><strong>Segui i lead e i preventivi in \u200b\u200bogni fase<\/strong>: monitora i tuoi lead e i preventivi in \u200b\u200bogni fase del processo di vendita, dai primi contatti ai progetti conclusi, assicurandoti che nulla venga trascurato e che tu abbia sempre una visibilit\u00e0 completa.<\/li>\n<li><strong>Visualizza il tuo percorso di vendita<\/strong>: controlla facilmente lead e preventivi attraverso fasi personalizzate per una chiara comprensione dello stato di avanzamento di ogni opportunit\u00e0.<\/li>\n<li><strong>Migliora l&#8217;efficienza del processo di vendita<\/strong>: identifica i colli di bottiglia e agisci rapidamente per far avanzare i lead nel processo, riducendo i ritardi e massimizzando le opportunit\u00e0.<\/li>\n<li><strong>Aumenta il tasso di successo con decisioni informate<\/strong>: utilizza dati storici e informazioni in tempo reale per perfezionare le tue strategie e assicurarti progetti di maggior valore..<\/li>\n<li><strong>Migliora la collaborazione tra i team<\/strong>: mantieni allineati management, addetti alla preventivazione e project manager con una visione centralizzata dell&#8217;avanzamento del processo di vendita.<\/li>\n<li><strong>Scadenze per i preventivi:<\/strong> imposta scadenze specifiche per ogni preventivo per responsabilizzare il tuo team e far avanzare il processo di vendita.<\/li>\n<li><strong>Promemoria automatici<\/strong>: non perdere mai una scadenza grazie alle notifiche che ti tengono informato sulle attivit\u00e0 imminenti.<\/li>\n<li><strong>Scadenze per le decisioni dei clienti<\/strong>: monitora le scadenze per le risposte dei clienti, consentendoti di dare priorit\u00e0 ai follow-up e concludere affari pi\u00f9 velocemente.<\/li>\n<li><strong>Risposte tempestive<\/strong>: fornisci preventivi e follow-up tempestivamente per instaurare fiducia e mantenere la professionalit\u00e0.<\/li>\n<li><strong>Identificazione dei progetti ad alto valore<\/strong>: analizza quali tipologie di progetti generano maggiori profitti per dare priorit\u00e0 a quelli che apportano un reale valore alla tua attivit\u00e0.<\/li>\n<li><strong>Monitoraggio dei margini in tempo reale<\/strong>: tieni sotto controllo i margini di profitto durante tutto il processo di preventivazione per assicurarti che ogni progetto raggiunga i tuoi obiettivi.<\/li>\n<li><strong>Confronto delle prestazioni dei progetti<\/strong>: valuta i dati dei progetti passati per capire quali offerte hanno avuto successo e imparare a replicare risultati redditizi.<\/li>\n<li><strong>Centralizza i dettagli di clienti e preventivi<\/strong>: mantieni tutte le informazioni critiche sui clienti e i preventivi in \u200b\u200bun unico luogo per velocizzare il flusso di lavoro, ridurre gli errori e garantire che ogni membro del team abbia accesso agli stessi dati aggiornati.<\/li>\n<\/ul>\n<h4>LE RECENSIONI DEGLI UTENTI<\/h4>\n<p><strong>Daniel &#8220;Tutto ci\u00f2 di cui un QS ha bisogno senza complicarlo eccessivamente.&#8221;<\/strong><br \/>\nOttimo. Ho frequenti incontri con gli sviluppatori, che si dimostrano estremamente reattivi alle richieste di informazioni e ai suggerimenti per gli aggiornamenti del sistema.<br \/>\n<strong>Pro<\/strong>: Planyard mi offre i processi di un ERP di grandi dimensioni, ma l&#8217;intera configurazione mi ha richiesto solo pochi giorni di lavoro da solo. Si integra perfettamente con Xero e semplifica i nostri ordini di acquisto senza complicare nulla. Prima lavoravo per un&#8217;azienda di primo livello nel Regno Unito e conoscevo bene i complessi sistemi ERP che richiedevano cinque professionisti solo per elaborare un ordine di acquisto. Quando mi sono trasferito in una PMI in Australia, desideravo gli stessi processi di budget, ma non un ERP.<br \/>\n<strong>Contro<\/strong>: poich\u00e9 ho iniziato a usare Planyard qualche mese dopo l&#8217;inizio dell&#8217;anno fiscale, ho dovuto calcolare e inserire manualmente i costi sostenuti fino a quel momento, utilizzando le vecchie categorie di monitoraggio di Xero. Fortunatamente, il sistema ha reso questo inserimento manuale molto semplice. A dire il vero, non c&#8217;\u00e8 nulla che non mi piaccia. Fa esattamente quello che promette.<\/p>\n<p><strong>Graham &#8220;Ottimo software che ci ha permesso di gestire le finanze del progetto&#8221;<\/strong><br \/>\nEsperienza molto positiva, ci fornisce praticamente tutto il necessario per gestire i nostri progetti. Grazie alla sua facilit\u00e0 d&#8217;uso, sono anche riuscito ad addestrare un nuovo dipendente in tempi brevissimi.<br \/>\n<strong>Pro<\/strong>: creare il budget del progetto \u00e8 relativamente semplice e veloce, e il software offre tutti gli strumenti necessari per gestire le finanze di un progetto edile. L&#8217;assistenza \u00e8 davvero ottima, con tempi di risposta rapidi.<br \/>\n<strong>Contro<\/strong>: sarebbe utile se ci fossero maggiori possibilit\u00e0 di flessibilit\u00e0 e personalizzazione nei documenti generati. Attualmente hanno un aspetto ottimo, ma sarebbe comodo poter comprimere le sezioni relative ai costi quando non viene richiesto alcun rimborso nella valutazione di un contratto con il cliente.<\/p>\n<p><strong>Sam &#8220;Planyard per l&#8217;edilizia nel Regno Unito&#8221;<\/strong><br \/>\nDavvero ottimo. Non \u00e8 integrato nel nostro modo di lavorare, ma viene utilizzato quotidianamente da tutti i dipendenti. Il sistema include una sezione contatti integrata che si sincronizza con Xero. Possiamo categorizzare i contatti e lasciare note e recensioni, creando cos\u00ec un solido database di contatti affidabili. Possiamo anche visualizzare per ogni contatto tutti gli ordini di acquisto, le fatture e altri documenti a esso associati. Questa funzionalit\u00e0 si aggiunge alle funzioni di gestione e monitoraggio dei costi gi\u00e0 presenti in Planyard. Xero si occupa della contabilit\u00e0, mentre Planyard gestisce il monitoraggio e la rendicontazione quotidiana dei costi. I due sistemi funzionano in perfetta sinergia e garantiscono una netta separazione tra la gestione finanziaria aziendale e l&#8217;attivit\u00e0 progettuale.<br \/>\n<strong>Pro<\/strong>: Planyard si integra perfettamente con Xero, evitando di dover inserire le informazioni in due piattaforme separate, riducendo il rischio di errori e risparmiando tempo. Garantisce inoltre un monitoraggio dei costi in tempo reale, sempre aggiornato. Ogni ordine di acquisto, pagamento ai subappaltatori e fattura si sincronizza automaticamente, offrendoci una chiarezza finanziaria immediata. Il sistema \u00e8 intuitivo e progettato per il settore edile, rendendo il controllo dei costi semplice ed efficace. Per i clienti esterni, possiamo fornire l&#8217;accesso al portale Planyard, offrendo loro informazioni in tempo reale sui costi del progetto. Rappresenta un vero e proprio punto di svolta rispetto all&#8217;utilizzo di fogli di calcolo Excel, soggetti a errori e ritardi. Si \u00e8 rivelato un vero e proprio punto di forza per i clienti e ci permette di dimostrare come operiamo in modo diverso e migliore rispetto alla concorrenza.<br \/>\n<strong>Contro<\/strong>: nessun problema reale. Le domande che abbiamo ricevuto erano generalmente dovute a errori dell&#8217;utente e le risposte si trovano nelle FAQ o nelle guide di aiuto.<\/p>\n","protected":false},"excerpt":{"rendered":"<p>Il software per l&#8217;edilizia Planyard semplifica la gestione finanziaria e il budget dei progetti. Ideale per le piccole e medie imprese che desiderano abbandonare fogli di calcolo e duplicazione dei dati. Planyard ottimizza la stima dei costi, la creazione di preventivi, il controllo del budget e il monitoraggio della redditivit\u00e0, offrendo al team una visione chiara e in tempo reale dei costi e della redditivit\u00e0 del progetto<\/p>\n","protected":false},"author":19,"featured_media":108382,"parent":70458,"menu_order":0,"comment_status":"open","ping_status":"closed","template":"g1_template_page_review_new.php","meta":{"_acf_changed":false,"cwp_meta_box_check":"Yes","cwp_rev_product_name":"","cwp_rev_product_image":"","wppr_links":[],"cwp_rev_price":"0.00","wppr_options":[{"name":"Usability","value":"0"},{"name":"Speed","value":"0"},{"name":"Features","value":"0"},{"name":"Support","value":"0"},{"name":"Pricing","value":"0"}],"wppr_pros":["","","","",""],"wppr_cons":["","","","",""],"_monsterinsights_skip_tracking":false,"_monsterinsights_sitenote_active":false,"_monsterinsights_sitenote_note":"","_monsterinsights_sitenote_category":0,"footnotes":""},"categories":[2459],"tags":[14470,14478,17120,14477,14480,17121],"features":[],"class_list":{"0":"post-108380","1":"page","2":"type-page","3":"status-publish","4":"has-post-thumbnail","6":"category-gestionale-per-edilizia-cat","7":"tag-gestionale-edilizia","8":"tag-piattaforma-gestionale-edilizia","9":"tag-planyard","10":"tag-programma-gestionale-edilizia","11":"tag-software-gestionale-edilizia","12":"tag-soluizione-gestionale-edilizia"},"wppr_data":{"cwp_meta_box_check":"Yes","_wppr_review_template":"default","cwp_rev_product_image":"","cwp_image_link":"image","wppr_links":[],"cwp_rev_price":"0.00","wppr_pros":["","","","",""],"wppr_cons":["","","","",""],"wppr_rating":"0.00","wppr_options":{"1":{"name":"Usability","value":"0"},"2":{"name":"Speed","value":"0"},"3":{"name":"Features","value":"0"},"4":{"name":"Support","value":"0"},"5":{"name":"Pricing","value":"0"}},"wppr_review_type":"Product","wppr_review_custom_fields":{"additionalProperty":"","additionalType":"","aggregateRating":"","alternateName":"","audience":"","award":"","awards":"","brand":"","color":"","depth":"","description":"","disambiguatingDescription":"","gtin12":"","gtin13":"","gtin14":"","gtin8":"","height":"","identifier":"","image":"","isAccessoryOrSparePartFor":"","isConsumableFor":"","isRelatedTo":"","isSimilarTo":"","itemCondition":"","logo":"","mainEntityOfPage":"","manufacturer":"","material":"","model":"","mpn":"","name":"","offers":"","potentialAction":"","productID":"","productionDate":"","purchaseDate":"","releaseDate":"","review":"","reviews":"","sameAs":"","sku":"","slogan":"","subjectOf":"","url":"","weight":"","width":""}},"acf":[],"yoast_head":"<!-- This site is optimized with the Yoast SEO plugin v27.4 - https:\/\/yoast.com\/product\/yoast-seo-wordpress\/ -->\n<title>Planyard: recensione software gestionale edilizia - Accurate Reviews<\/title>\n<meta name=\"description\" content=\"Planyard: recensione software per l&#039;edilizia che semplifica la gestione finanziaria e monitora il budget dei progetti.\" \/>\n<meta name=\"robots\" content=\"index, follow, max-snippet:-1, max-image-preview:large, max-video-preview:-1\" \/>\n<link rel=\"canonical\" href=\"https:\/\/www.accuratereviews.com\/it\/software-gestionali-edilizia\/planyard-recensione\/\" \/>\n<meta property=\"og:locale\" content=\"it_IT\" \/>\n<meta property=\"og:type\" content=\"article\" \/>\n<meta property=\"og:title\" content=\"Planyard: recensione software gestionale edilizia - Accurate Reviews\" \/>\n<meta property=\"og:description\" content=\"Planyard: recensione software per l&#039;edilizia che semplifica la gestione finanziaria e monitora il budget dei progetti.\" \/>\n<meta property=\"og:url\" content=\"https:\/\/www.accuratereviews.com\/it\/software-gestionali-edilizia\/planyard-recensione\/\" \/>\n<meta property=\"og:site_name\" content=\"Accurate Reviews\" \/>\n<meta property=\"article:modified_time\" content=\"2026-04-22T10:14:12+00:00\" \/>\n<meta property=\"og:image\" content=\"https:\/\/www.accuratereviews.com\/wp-content\/uploads\/2026\/04\/planyard.png\" \/>\n\t<meta property=\"og:image:width\" content=\"251\" \/>\n\t<meta property=\"og:image:height\" content=\"201\" \/>\n\t<meta property=\"og:image:type\" content=\"image\/png\" \/>\n<meta name=\"twitter:card\" content=\"summary_large_image\" \/>\n<meta name=\"twitter:label1\" content=\"Tempo di lettura stimato\" \/>\n\t<meta name=\"twitter:data1\" content=\"7 minuti\" \/>\n<script type=\"application\/ld+json\" class=\"yoast-schema-graph\">{\"@context\":\"https:\\\/\\\/schema.org\",\"@graph\":[{\"@type\":\"WebPage\",\"@id\":\"https:\\\/\\\/www.accuratereviews.com\\\/it\\\/software-gestionali-edilizia\\\/planyard-recensione\\\/\",\"url\":\"https:\\\/\\\/www.accuratereviews.com\\\/it\\\/software-gestionali-edilizia\\\/planyard-recensione\\\/\",\"name\":\"Planyard: recensione software gestionale edilizia - Accurate Reviews\",\"isPartOf\":{\"@id\":\"https:\\\/\\\/www.accuratereviews.com\\\/it\\\/#website\"},\"primaryImageOfPage\":{\"@id\":\"https:\\\/\\\/www.accuratereviews.com\\\/it\\\/software-gestionali-edilizia\\\/planyard-recensione\\\/#primaryimage\"},\"image\":{\"@id\":\"https:\\\/\\\/www.accuratereviews.com\\\/it\\\/software-gestionali-edilizia\\\/planyard-recensione\\\/#primaryimage\"},\"thumbnailUrl\":\"https:\\\/\\\/www.accuratereviews.com\\\/wp-content\\\/uploads\\\/2026\\\/04\\\/planyard.png\",\"datePublished\":\"2026-04-21T16:05:56+00:00\",\"dateModified\":\"2026-04-22T10:14:12+00:00\",\"description\":\"Planyard: recensione software per l'edilizia che semplifica la gestione finanziaria e monitora il budget dei progetti.\",\"breadcrumb\":{\"@id\":\"https:\\\/\\\/www.accuratereviews.com\\\/it\\\/software-gestionali-edilizia\\\/planyard-recensione\\\/#breadcrumb\"},\"inLanguage\":\"it-IT\",\"potentialAction\":[{\"@type\":\"ReadAction\",\"target\":[\"https:\\\/\\\/www.accuratereviews.com\\\/it\\\/software-gestionali-edilizia\\\/planyard-recensione\\\/\"]}]},{\"@type\":\"ImageObject\",\"inLanguage\":\"it-IT\",\"@id\":\"https:\\\/\\\/www.accuratereviews.com\\\/it\\\/software-gestionali-edilizia\\\/planyard-recensione\\\/#primaryimage\",\"url\":\"https:\\\/\\\/www.accuratereviews.com\\\/wp-content\\\/uploads\\\/2026\\\/04\\\/planyard.png\",\"contentUrl\":\"https:\\\/\\\/www.accuratereviews.com\\\/wp-content\\\/uploads\\\/2026\\\/04\\\/planyard.png\",\"width\":251,\"height\":201},{\"@type\":\"BreadcrumbList\",\"@id\":\"https:\\\/\\\/www.accuratereviews.com\\\/it\\\/software-gestionali-edilizia\\\/planyard-recensione\\\/#breadcrumb\",\"itemListElement\":[{\"@type\":\"ListItem\",\"position\":1,\"name\":\"Home\",\"item\":\"https:\\\/\\\/www.accuratereviews.com\\\/it\\\/\"},{\"@type\":\"ListItem\",\"position\":2,\"name\":\"Software gestionali per edilizia\",\"item\":\"https:\\\/\\\/www.accuratereviews.com\\\/it\\\/software-gestionali-edilizia\\\/\"},{\"@type\":\"ListItem\",\"position\":3,\"name\":\"Planyard\"}]},{\"@type\":\"WebSite\",\"@id\":\"https:\\\/\\\/www.accuratereviews.com\\\/it\\\/#website\",\"url\":\"https:\\\/\\\/www.accuratereviews.com\\\/it\\\/\",\"name\":\"Accurate Reviews\",\"description\":\"\",\"potentialAction\":[{\"@type\":\"SearchAction\",\"target\":{\"@type\":\"EntryPoint\",\"urlTemplate\":\"https:\\\/\\\/www.accuratereviews.com\\\/it\\\/?s={search_term_string}\"},\"query-input\":{\"@type\":\"PropertyValueSpecification\",\"valueRequired\":true,\"valueName\":\"search_term_string\"}}],\"inLanguage\":\"it-IT\"}]}<\/script>\n<!-- \/ Yoast SEO plugin. -->","yoast_head_json":{"title":"Planyard: recensione software gestionale edilizia - Accurate Reviews","description":"Planyard: recensione software per l'edilizia che semplifica la gestione finanziaria e monitora il budget dei progetti.","robots":{"index":"index","follow":"follow","max-snippet":"max-snippet:-1","max-image-preview":"max-image-preview:large","max-video-preview":"max-video-preview:-1"},"canonical":"https:\/\/www.accuratereviews.com\/it\/software-gestionali-edilizia\/planyard-recensione\/","og_locale":"it_IT","og_type":"article","og_title":"Planyard: recensione software gestionale edilizia - Accurate Reviews","og_description":"Planyard: recensione software per l'edilizia che semplifica la gestione finanziaria e monitora il budget dei progetti.","og_url":"https:\/\/www.accuratereviews.com\/it\/software-gestionali-edilizia\/planyard-recensione\/","og_site_name":"Accurate Reviews","article_modified_time":"2026-04-22T10:14:12+00:00","og_image":[{"width":251,"height":201,"url":"https:\/\/www.accuratereviews.com\/wp-content\/uploads\/2026\/04\/planyard.png","type":"image\/png"}],"twitter_card":"summary_large_image","twitter_misc":{"Tempo di lettura stimato":"7 minuti"},"schema":{"@context":"https:\/\/schema.org","@graph":[{"@type":"WebPage","@id":"https:\/\/www.accuratereviews.com\/it\/software-gestionali-edilizia\/planyard-recensione\/","url":"https:\/\/www.accuratereviews.com\/it\/software-gestionali-edilizia\/planyard-recensione\/","name":"Planyard: recensione software gestionale edilizia - Accurate Reviews","isPartOf":{"@id":"https:\/\/www.accuratereviews.com\/it\/#website"},"primaryImageOfPage":{"@id":"https:\/\/www.accuratereviews.com\/it\/software-gestionali-edilizia\/planyard-recensione\/#primaryimage"},"image":{"@id":"https:\/\/www.accuratereviews.com\/it\/software-gestionali-edilizia\/planyard-recensione\/#primaryimage"},"thumbnailUrl":"https:\/\/www.accuratereviews.com\/wp-content\/uploads\/2026\/04\/planyard.png","datePublished":"2026-04-21T16:05:56+00:00","dateModified":"2026-04-22T10:14:12+00:00","description":"Planyard: recensione software per l'edilizia che semplifica la gestione finanziaria e monitora il budget dei progetti.","breadcrumb":{"@id":"https:\/\/www.accuratereviews.com\/it\/software-gestionali-edilizia\/planyard-recensione\/#breadcrumb"},"inLanguage":"it-IT","potentialAction":[{"@type":"ReadAction","target":["https:\/\/www.accuratereviews.com\/it\/software-gestionali-edilizia\/planyard-recensione\/"]}]},{"@type":"ImageObject","inLanguage":"it-IT","@id":"https:\/\/www.accuratereviews.com\/it\/software-gestionali-edilizia\/planyard-recensione\/#primaryimage","url":"https:\/\/www.accuratereviews.com\/wp-content\/uploads\/2026\/04\/planyard.png","contentUrl":"https:\/\/www.accuratereviews.com\/wp-content\/uploads\/2026\/04\/planyard.png","width":251,"height":201},{"@type":"BreadcrumbList","@id":"https:\/\/www.accuratereviews.com\/it\/software-gestionali-edilizia\/planyard-recensione\/#breadcrumb","itemListElement":[{"@type":"ListItem","position":1,"name":"Home","item":"https:\/\/www.accuratereviews.com\/it\/"},{"@type":"ListItem","position":2,"name":"Software gestionali per edilizia","item":"https:\/\/www.accuratereviews.com\/it\/software-gestionali-edilizia\/"},{"@type":"ListItem","position":3,"name":"Planyard"}]},{"@type":"WebSite","@id":"https:\/\/www.accuratereviews.com\/it\/#website","url":"https:\/\/www.accuratereviews.com\/it\/","name":"Accurate Reviews","description":"","potentialAction":[{"@type":"SearchAction","target":{"@type":"EntryPoint","urlTemplate":"https:\/\/www.accuratereviews.com\/it\/?s={search_term_string}"},"query-input":{"@type":"PropertyValueSpecification","valueRequired":true,"valueName":"search_term_string"}}],"inLanguage":"it-IT"}]}},"_links":{"self":[{"href":"https:\/\/www.accuratereviews.com\/it\/wp-json\/wp\/v2\/pages\/108380","targetHints":{"allow":["GET"]}}],"collection":[{"href":"https:\/\/www.accuratereviews.com\/it\/wp-json\/wp\/v2\/pages"}],"about":[{"href":"https:\/\/www.accuratereviews.com\/it\/wp-json\/wp\/v2\/types\/page"}],"author":[{"embeddable":true,"href":"https:\/\/www.accuratereviews.com\/it\/wp-json\/wp\/v2\/users\/19"}],"replies":[{"embeddable":true,"href":"https:\/\/www.accuratereviews.com\/it\/wp-json\/wp\/v2\/comments?post=108380"}],"version-history":[{"count":8,"href":"https:\/\/www.accuratereviews.com\/it\/wp-json\/wp\/v2\/pages\/108380\/revisions"}],"predecessor-version":[{"id":108408,"href":"https:\/\/www.accuratereviews.com\/it\/wp-json\/wp\/v2\/pages\/108380\/revisions\/108408"}],"up":[{"embeddable":true,"href":"https:\/\/www.accuratereviews.com\/it\/wp-json\/wp\/v2\/pages\/70458"}],"wp:featuredmedia":[{"embeddable":true,"href":"https:\/\/www.accuratereviews.com\/it\/wp-json\/wp\/v2\/media\/108382"}],"wp:attachment":[{"href":"https:\/\/www.accuratereviews.com\/it\/wp-json\/wp\/v2\/media?parent=108380"}],"wp:term":[{"taxonomy":"category","embeddable":true,"href":"https:\/\/www.accuratereviews.com\/it\/wp-json\/wp\/v2\/categories?post=108380"},{"taxonomy":"post_tag","embeddable":true,"href":"https:\/\/www.accuratereviews.com\/it\/wp-json\/wp\/v2\/tags?post=108380"},{"taxonomy":"features","embeddable":true,"href":"https:\/\/www.accuratereviews.com\/it\/wp-json\/wp\/v2\/features?post=108380"}],"curies":[{"name":"wp","href":"https:\/\/api.w.org\/{rel}","templated":true}]}}