{"id":108398,"date":"2026-04-22T13:55:52","date_gmt":"2026-04-22T13:55:52","guid":{"rendered":"https:\/\/www.accuratereviews.com\/?page_id=108398"},"modified":"2026-04-22T13:55:52","modified_gmt":"2026-04-22T13:55:52","slug":"kahua-recensione","status":"publish","type":"page","link":"https:\/\/www.accuratereviews.com\/it\/software-gestionali-edilizia\/kahua-recensione\/","title":{"rendered":"Kahua"},"content":{"rendered":"<p><strong>Kahua<\/strong> aiuta gli utenti a gestire processi, documenti e costi dei loro programmi e <strong>progetti di costruzione<\/strong>, dall&#8217;ideazione alla chiusura. Soluzioni specifiche per committenti, responsabili di programma, appaltatori generali e subappaltatori consentono di ridurre al minimo il time-to-value e di migliorare il rendimento dei dipendenti. Favorisce la collaborazione tra tutti i partecipanti al progetto per semplificare la comunicazione e migliorare l&#8217;efficienza.<br \/>\nGrazie alle dashboard e ai report completi, gli utenti ottengono la visibilit\u00e0 e il controllo necessari per minimizzare i rischi. <strong>Kahua<\/strong> \u00e8 una piattaforma conforme a <strong>FedRAMP.<\/strong> Questo la rende la scelta ideale per le imprese edili che operano nel settore della difesa. Il software pu\u00f2 aiutare queste organizzazioni a soddisfare i requisiti della prossima certificazione Cybersecurity Maturity Model Certification (CMMC). Ci\u00f2 semplifica il processo di conformit\u00e0 e garantisce la sicurezza dei dati sensibili.<\/p>\n<h2>KAHUNA &#8211; TUTORIAL<\/h2>\n<div id=\"fluid-wrapper-counter-1\" class=\"g1-fluid-wrapper \" style=\"width:686px;\">\n<div style=\"padding-bottom:56.268221574344%;\"><iframe loading=\"lazy\" title=\"Construction Project Management Software | Kahua\" width=\"686\" height=\"386\" src=\"https:\/\/www.youtube.com\/embed\/qybkVE3sw5g?feature=oembed&amp;wmode=transparent&amp;autohide=1&amp;autoplay=0&amp;disablekb=0&amp;fs=1&amp;loop=0&amp;enablejsapi=1&amp;rel=0&amp;controls=2&amp;showinfo=0&amp;wmode=transparent&amp;autohide=2&amp;autoplay=0&amp;disablekb=0&amp;fs=1&amp;loop=0&amp;enablejsapi=1&amp;rel=0&amp;controls=2&amp;showinfo=1\" frameborder=\"0\" allow=\"accelerometer; autoplay; clipboard-write; encrypted-media; gyroscope; picture-in-picture; web-share\" referrerpolicy=\"strict-origin-when-cross-origin\" allowfullscreen><\/iframe><\/div>\n<\/div>\n<h3>KAHUNA &#8211; CARATTERISTICHE<\/h3>\n<ul>\n<li><strong>Analisi<\/strong>: approfondimenti istantanei per decisioni intelligenti.<\/li>\n<li><strong>Valutazioni delle condizioni degli impianti<\/strong>: automatizza le valutazioni delle condizioni degli impianti con questo software dinamico<\/li>\n<li><strong>Pianificazione<\/strong>: consegna i progetti di costruzione nei tempi e nei budget previsti, sfruttando la pianificazione della soluzione<\/li>\n<li><strong>Suite di gestione documentale:<\/strong> la suite collaborativa di gestione documentale garantisce che tutti siano sempre allineati e dispongano delle informazioni accurate necessarie per svolgere il lavoro correttamente fin dalla prima volta.<\/li>\n<li><strong>Connessione dei costi:<\/strong> semplifica la gestione dei budget, degli impegni e delle modifiche per i progetti di costruzione con il software di gestione dei costi.<\/li>\n<li><strong>Gestione delle offerte:<\/strong> il programma offre un&#8217;unica soluzione end-to-end che ti consente di passare in modo efficiente dalla gestione delle offerte alla gestione dei contratti, incluse le modifiche contrattuali.<\/li>\n<li><strong>Controllo della progettazione:<\/strong> fornisce un ambiente dati comune per tutti gli stakeholder del progetto, facile da usare e ottimizzato per la collaborazione.<\/li>\n<li><strong>Fonti di finanziamento:<\/strong> gestisci facilmente la disponibilit\u00e0 e l&#8217;assegnazione delle fonti di finanziamento e collegale a budget, impegni e fatture all&#8217;interno di programmi e progetti.<\/li>\n<li><strong>Previsione del flusso di cassa:<\/strong> prevedi i flussi di cassa nel modo in cui devi gestire la tua attivit\u00e0 e assicurati che siano disponibili fondi sufficienti a supporto dei progetti.<\/li>\n<li><strong>Pianificazione del capitale:<\/strong> sviluppa costantemente piani di capitale ottimizzati bilanciando i vincoli di bilancio con gli obiettivi e le priorit\u00e0 aziendali.<\/li>\n<\/ul>\n<h4>LE RECENSIONI DEGLI UTENTI<\/h4>\n<p><strong>Kathi &#8220;L&#8217;intelligenza artificiale sta cambiando il modo in cui vengono create le app.&#8221;<\/strong><br \/>\n\u00c8 stato impegnativo, ma stiamo continuando a perfezionare il processo. Sono entusiasta delle nuove funzionalit\u00e0 basate sull&#8217;intelligenza artificiale in arrivo. Le ho testate e ho creato un&#8217;app in meno di 5 minuti.<br \/>\n<strong>Pro<\/strong>: mi piace la possibilit\u00e0 di personalizzare l&#8217;app in base alle proprie esigenze. Le nuove funzionalit\u00e0 basate sull&#8217;intelligenza artificiale sono una vera rivoluzione nello sviluppo di app! Ho creato un&#8217;app in meno di 5 minuti.<br \/>\n<strong>Contro<\/strong>: non mi piace che non sia intuitivo come dovrebbe essere, e un esempio \u00e8 l&#8217;assenza di un&#8217;attivit\u00e0 successiva al flusso di lavoro di revisione che indichi all&#8217;utente di inviare il documento per l&#8217;approvazione.<\/p>\n<p><strong>Chris &#8220;Kahua continua a migliorare&#8221;<\/strong><br \/>\nNel complesso, la mia esperienza con Kahua \u00e8 positiva: si sono dimostrati sempre disponibili ad aiutarci a risolvere i problemi. Quando abbiamo riscontrato delle difficolt\u00e0, Kahua ci ha permesso di parlare con diverse persone, fino al CTO, per affrontare le nostre problematiche.<br \/>\n<strong>Pro<\/strong>: la flessibilit\u00e0 e la capacit\u00e0 di personalizzare le app in base alle esigenze dei clienti. Siamo stati in grado di sviluppare estensioni personalizzate per le app in K Builder, il che ci ha permesso di superare le aspettative dei nostri clienti.<br \/>\n<strong>Contro<\/strong>: stabilit\u00e0 e velocit\u00e0 complessiva di Kahua. Abbiamo riscontrato problemi con la velocit\u00e0 complessiva di Kahua. Abbiamo segnalato il problema a Kahua e stanno lavorando per risolverlo.<\/p>\n<p><strong>Amy &#8220;Utente Kahua&#8221;<\/strong><br \/>\nHo collaborato con Kahua a tre progetti e ho apprezzato il loro supporto e incoraggiamento. \u00c8 fantastico avere anche un account manager che ci metta in contatto con il team giusto quando si presentano delle opportunit\u00e0.<br \/>\n<strong>Pro<\/strong>: software estremamente intuitivo, agile e flessibile. Facile da navigare e di facile utilizzo. Apprezzo la possibilit\u00e0 di avere tutte le informazioni in Kahua, in modo da poterle utilizzare per le analisi e prendere decisioni basate sui dati.<br \/>\n<strong>Contro<\/strong>: ho da ridire sulla velocit\u00e0 di utilizzo. Ci sono stati anche alcuni casi in cui il sistema si \u00e8 bloccato.<\/p>\n","protected":false},"excerpt":{"rendered":"<p>Kahua aiuta gli utenti a gestire processi, documenti e costi dei loro programmi e progetti di costruzione, dall&#8217;ideazione alla chiusura. Soluzioni specifiche per committenti, responsabili di programma, appaltatori generali e subappaltatori consentono di ridurre al minimo il time-to-value e di migliorare il rendimento dei dipendenti.<\/p>\n","protected":false},"author":19,"featured_media":108400,"parent":70458,"menu_order":0,"comment_status":"open","ping_status":"closed","template":"g1_template_page_review_new.php","meta":{"_acf_changed":false,"cwp_meta_box_check":"Yes","cwp_rev_product_name":"","cwp_rev_product_image":"","wppr_links":[],"cwp_rev_price":"0.00","wppr_options":[{"name":"Usability","value":"0"},{"name":"Speed","value":"0"},{"name":"Features","value":"0"},{"name":"Support","value":"0"},{"name":"Pricing","value":"0"}],"wppr_pros":["","","","",""],"wppr_cons":["","","","",""],"_monsterinsights_skip_tracking":false,"_monsterinsights_sitenote_active":false,"_monsterinsights_sitenote_note":"","_monsterinsights_sitenote_category":0,"footnotes":""},"categories":[2459],"tags":[14486,14497,14470,17122,14477],"features":[],"class_list":{"0":"post-108398","1":"page","2":"type-page","3":"status-publish","4":"has-post-thumbnail","6":"category-gestionale-per-edilizia-cat","7":"tag-app-gestionale-edilizia","8":"tag-edilizia","9":"tag-gestionale-edilizia","10":"tag-kahua","11":"tag-programma-gestionale-edilizia"},"wppr_data":{"cwp_meta_box_check":"Yes","_wppr_review_template":"default","cwp_rev_product_image":"","cwp_image_link":"image","wppr_links":[],"cwp_rev_price":"0.00","wppr_pros":["","","","",""],"wppr_cons":["","","","",""],"wppr_rating":"0.00","wppr_options":{"1":{"name":"Usability","value":"0"},"2":{"name":"Speed","value":"0"},"3":{"name":"Features","value":"0"},"4":{"name":"Support","value":"0"},"5":{"name":"Pricing","value":"0"}},"wppr_review_type":"Product","wppr_review_custom_fields":{"additionalProperty":"","additionalType":"","aggregateRating":"","alternateName":"","audience":"","award":"","awards":"","brand":"","color":"","depth":"","description":"","disambiguatingDescription":"","gtin12":"","gtin13":"","gtin14":"","gtin8":"","height":"","identifier":"","image":"","isAccessoryOrSparePartFor":"","isConsumableFor":"","isRelatedTo":"","isSimilarTo":"","itemCondition":"","logo":"","mainEntityOfPage":"","manufacturer":"","material":"","model":"","mpn":"","name":"","offers":"","potentialAction":"","productID":"","productionDate":"","purchaseDate":"","releaseDate":"","review":"","reviews":"","sameAs":"","sku":"","slogan":"","subjectOf":"","url":"","weight":"","width":""}},"acf":[],"yoast_head":"<!-- This site is optimized with the Yoast SEO plugin v27.4 - https:\/\/yoast.com\/product\/yoast-seo-wordpress\/ -->\n<title>Kahua: recensione software gestionale edilizia - Accurate Reviews<\/title>\n<meta name=\"description\" content=\"Kahua: recensione software per l&#039;edilizia che aiuta gli utenti a gestire i progetti dall&#039;ideazione alla chiusura.\" \/>\n<meta name=\"robots\" content=\"index, follow, max-snippet:-1, max-image-preview:large, max-video-preview:-1\" \/>\n<link rel=\"canonical\" href=\"https:\/\/www.accuratereviews.com\/it\/software-gestionali-edilizia\/kahua-recensione\/\" \/>\n<meta property=\"og:locale\" content=\"it_IT\" \/>\n<meta property=\"og:type\" content=\"article\" \/>\n<meta property=\"og:title\" content=\"Kahua: recensione software gestionale edilizia - Accurate Reviews\" \/>\n<meta property=\"og:description\" content=\"Kahua: recensione software per l&#039;edilizia che aiuta gli utenti a gestire i progetti dall&#039;ideazione alla chiusura.\" \/>\n<meta property=\"og:url\" content=\"https:\/\/www.accuratereviews.com\/it\/software-gestionali-edilizia\/kahua-recensione\/\" \/>\n<meta property=\"og:site_name\" content=\"Accurate Reviews\" \/>\n<meta property=\"og:image\" content=\"https:\/\/www.accuratereviews.com\/wp-content\/uploads\/2026\/04\/KAHUA.png\" \/>\n\t<meta property=\"og:image:width\" content=\"300\" \/>\n\t<meta property=\"og:image:height\" content=\"300\" \/>\n\t<meta property=\"og:image:type\" content=\"image\/png\" \/>\n<meta name=\"twitter:card\" content=\"summary_large_image\" \/>\n<meta name=\"twitter:label1\" content=\"Tempo di lettura stimato\" \/>\n\t<meta name=\"twitter:data1\" content=\"5 minuti\" \/>\n<script type=\"application\/ld+json\" class=\"yoast-schema-graph\">{\"@context\":\"https:\\\/\\\/schema.org\",\"@graph\":[{\"@type\":\"WebPage\",\"@id\":\"https:\\\/\\\/www.accuratereviews.com\\\/it\\\/software-gestionali-edilizia\\\/kahua-recensione\\\/\",\"url\":\"https:\\\/\\\/www.accuratereviews.com\\\/it\\\/software-gestionali-edilizia\\\/kahua-recensione\\\/\",\"name\":\"Kahua: recensione software gestionale edilizia - Accurate Reviews\",\"isPartOf\":{\"@id\":\"https:\\\/\\\/www.accuratereviews.com\\\/it\\\/#website\"},\"primaryImageOfPage\":{\"@id\":\"https:\\\/\\\/www.accuratereviews.com\\\/it\\\/software-gestionali-edilizia\\\/kahua-recensione\\\/#primaryimage\"},\"image\":{\"@id\":\"https:\\\/\\\/www.accuratereviews.com\\\/it\\\/software-gestionali-edilizia\\\/kahua-recensione\\\/#primaryimage\"},\"thumbnailUrl\":\"https:\\\/\\\/www.accuratereviews.com\\\/wp-content\\\/uploads\\\/2026\\\/04\\\/KAHUA.png\",\"datePublished\":\"2026-04-22T13:55:52+00:00\",\"description\":\"Kahua: recensione software per l'edilizia che aiuta gli utenti a gestire i progetti dall'ideazione alla chiusura.\",\"breadcrumb\":{\"@id\":\"https:\\\/\\\/www.accuratereviews.com\\\/it\\\/software-gestionali-edilizia\\\/kahua-recensione\\\/#breadcrumb\"},\"inLanguage\":\"it-IT\",\"potentialAction\":[{\"@type\":\"ReadAction\",\"target\":[\"https:\\\/\\\/www.accuratereviews.com\\\/it\\\/software-gestionali-edilizia\\\/kahua-recensione\\\/\"]}]},{\"@type\":\"ImageObject\",\"inLanguage\":\"it-IT\",\"@id\":\"https:\\\/\\\/www.accuratereviews.com\\\/it\\\/software-gestionali-edilizia\\\/kahua-recensione\\\/#primaryimage\",\"url\":\"https:\\\/\\\/www.accuratereviews.com\\\/wp-content\\\/uploads\\\/2026\\\/04\\\/KAHUA.png\",\"contentUrl\":\"https:\\\/\\\/www.accuratereviews.com\\\/wp-content\\\/uploads\\\/2026\\\/04\\\/KAHUA.png\",\"width\":300,\"height\":300},{\"@type\":\"BreadcrumbList\",\"@id\":\"https:\\\/\\\/www.accuratereviews.com\\\/it\\\/software-gestionali-edilizia\\\/kahua-recensione\\\/#breadcrumb\",\"itemListElement\":[{\"@type\":\"ListItem\",\"position\":1,\"name\":\"Home\",\"item\":\"https:\\\/\\\/www.accuratereviews.com\\\/it\\\/\"},{\"@type\":\"ListItem\",\"position\":2,\"name\":\"Software gestionali per edilizia\",\"item\":\"https:\\\/\\\/www.accuratereviews.com\\\/it\\\/software-gestionali-edilizia\\\/\"},{\"@type\":\"ListItem\",\"position\":3,\"name\":\"Kahua\"}]},{\"@type\":\"WebSite\",\"@id\":\"https:\\\/\\\/www.accuratereviews.com\\\/it\\\/#website\",\"url\":\"https:\\\/\\\/www.accuratereviews.com\\\/it\\\/\",\"name\":\"Accurate Reviews\",\"description\":\"\",\"potentialAction\":[{\"@type\":\"SearchAction\",\"target\":{\"@type\":\"EntryPoint\",\"urlTemplate\":\"https:\\\/\\\/www.accuratereviews.com\\\/it\\\/?s={search_term_string}\"},\"query-input\":{\"@type\":\"PropertyValueSpecification\",\"valueRequired\":true,\"valueName\":\"search_term_string\"}}],\"inLanguage\":\"it-IT\"}]}<\/script>\n<!-- \/ Yoast SEO plugin. -->","yoast_head_json":{"title":"Kahua: recensione software gestionale edilizia - Accurate Reviews","description":"Kahua: recensione software per l'edilizia che aiuta gli utenti a gestire i progetti dall'ideazione alla chiusura.","robots":{"index":"index","follow":"follow","max-snippet":"max-snippet:-1","max-image-preview":"max-image-preview:large","max-video-preview":"max-video-preview:-1"},"canonical":"https:\/\/www.accuratereviews.com\/it\/software-gestionali-edilizia\/kahua-recensione\/","og_locale":"it_IT","og_type":"article","og_title":"Kahua: recensione software gestionale edilizia - Accurate Reviews","og_description":"Kahua: recensione software per l'edilizia che aiuta gli utenti a gestire i progetti dall'ideazione alla chiusura.","og_url":"https:\/\/www.accuratereviews.com\/it\/software-gestionali-edilizia\/kahua-recensione\/","og_site_name":"Accurate Reviews","og_image":[{"width":300,"height":300,"url":"https:\/\/www.accuratereviews.com\/wp-content\/uploads\/2026\/04\/KAHUA.png","type":"image\/png"}],"twitter_card":"summary_large_image","twitter_misc":{"Tempo di lettura stimato":"5 minuti"},"schema":{"@context":"https:\/\/schema.org","@graph":[{"@type":"WebPage","@id":"https:\/\/www.accuratereviews.com\/it\/software-gestionali-edilizia\/kahua-recensione\/","url":"https:\/\/www.accuratereviews.com\/it\/software-gestionali-edilizia\/kahua-recensione\/","name":"Kahua: recensione software gestionale edilizia - Accurate Reviews","isPartOf":{"@id":"https:\/\/www.accuratereviews.com\/it\/#website"},"primaryImageOfPage":{"@id":"https:\/\/www.accuratereviews.com\/it\/software-gestionali-edilizia\/kahua-recensione\/#primaryimage"},"image":{"@id":"https:\/\/www.accuratereviews.com\/it\/software-gestionali-edilizia\/kahua-recensione\/#primaryimage"},"thumbnailUrl":"https:\/\/www.accuratereviews.com\/wp-content\/uploads\/2026\/04\/KAHUA.png","datePublished":"2026-04-22T13:55:52+00:00","description":"Kahua: recensione software per l'edilizia che aiuta gli utenti a gestire i progetti dall'ideazione alla chiusura.","breadcrumb":{"@id":"https:\/\/www.accuratereviews.com\/it\/software-gestionali-edilizia\/kahua-recensione\/#breadcrumb"},"inLanguage":"it-IT","potentialAction":[{"@type":"ReadAction","target":["https:\/\/www.accuratereviews.com\/it\/software-gestionali-edilizia\/kahua-recensione\/"]}]},{"@type":"ImageObject","inLanguage":"it-IT","@id":"https:\/\/www.accuratereviews.com\/it\/software-gestionali-edilizia\/kahua-recensione\/#primaryimage","url":"https:\/\/www.accuratereviews.com\/wp-content\/uploads\/2026\/04\/KAHUA.png","contentUrl":"https:\/\/www.accuratereviews.com\/wp-content\/uploads\/2026\/04\/KAHUA.png","width":300,"height":300},{"@type":"BreadcrumbList","@id":"https:\/\/www.accuratereviews.com\/it\/software-gestionali-edilizia\/kahua-recensione\/#breadcrumb","itemListElement":[{"@type":"ListItem","position":1,"name":"Home","item":"https:\/\/www.accuratereviews.com\/it\/"},{"@type":"ListItem","position":2,"name":"Software gestionali per edilizia","item":"https:\/\/www.accuratereviews.com\/it\/software-gestionali-edilizia\/"},{"@type":"ListItem","position":3,"name":"Kahua"}]},{"@type":"WebSite","@id":"https:\/\/www.accuratereviews.com\/it\/#website","url":"https:\/\/www.accuratereviews.com\/it\/","name":"Accurate Reviews","description":"","potentialAction":[{"@type":"SearchAction","target":{"@type":"EntryPoint","urlTemplate":"https:\/\/www.accuratereviews.com\/it\/?s={search_term_string}"},"query-input":{"@type":"PropertyValueSpecification","valueRequired":true,"valueName":"search_term_string"}}],"inLanguage":"it-IT"}]}},"_links":{"self":[{"href":"https:\/\/www.accuratereviews.com\/it\/wp-json\/wp\/v2\/pages\/108398","targetHints":{"allow":["GET"]}}],"collection":[{"href":"https:\/\/www.accuratereviews.com\/it\/wp-json\/wp\/v2\/pages"}],"about":[{"href":"https:\/\/www.accuratereviews.com\/it\/wp-json\/wp\/v2\/types\/page"}],"author":[{"embeddable":true,"href":"https:\/\/www.accuratereviews.com\/it\/wp-json\/wp\/v2\/users\/19"}],"replies":[{"embeddable":true,"href":"https:\/\/www.accuratereviews.com\/it\/wp-json\/wp\/v2\/comments?post=108398"}],"version-history":[{"count":7,"href":"https:\/\/www.accuratereviews.com\/it\/wp-json\/wp\/v2\/pages\/108398\/revisions"}],"predecessor-version":[{"id":108433,"href":"https:\/\/www.accuratereviews.com\/it\/wp-json\/wp\/v2\/pages\/108398\/revisions\/108433"}],"up":[{"embeddable":true,"href":"https:\/\/www.accuratereviews.com\/it\/wp-json\/wp\/v2\/pages\/70458"}],"wp:featuredmedia":[{"embeddable":true,"href":"https:\/\/www.accuratereviews.com\/it\/wp-json\/wp\/v2\/media\/108400"}],"wp:attachment":[{"href":"https:\/\/www.accuratereviews.com\/it\/wp-json\/wp\/v2\/media?parent=108398"}],"wp:term":[{"taxonomy":"category","embeddable":true,"href":"https:\/\/www.accuratereviews.com\/it\/wp-json\/wp\/v2\/categories?post=108398"},{"taxonomy":"post_tag","embeddable":true,"href":"https:\/\/www.accuratereviews.com\/it\/wp-json\/wp\/v2\/tags?post=108398"},{"taxonomy":"features","embeddable":true,"href":"https:\/\/www.accuratereviews.com\/it\/wp-json\/wp\/v2\/features?post=108398"}],"curies":[{"name":"wp","href":"https:\/\/api.w.org\/{rel}","templated":true}]}}