{"id":108511,"date":"2026-04-27T16:05:11","date_gmt":"2026-04-27T16:05:11","guid":{"rendered":"https:\/\/www.accuratereviews.com\/?page_id=108511"},"modified":"2026-04-27T16:05:11","modified_gmt":"2026-04-27T16:05:11","slug":"gantter-recensione","status":"publish","type":"page","link":"https:\/\/www.accuratereviews.com\/it\/software-gestionali-edilizia\/gantter-recensione\/","title":{"rendered":"Gantter"},"content":{"rendered":"<p><strong>Gantter<\/strong> \u00e8 una soluzione di <strong>gestione e pianificazione di progetti<\/strong> basata su <strong>cloud<\/strong> e supportata dalla community, pensata per aziende di diversi settori. Tra le sue funzionalit\u00e0 figurano il monitoraggio del budget, la contabilit\u00e0 dei costi di progetto, la gestione delle risorse, i diagrammi di Gantt e molto altro.<br \/>\nLa soluzione permette inoltre di tenere traccia delle scadenze e dei costi delle attivit\u00e0, facilitando la gestione del budget di progetto. Gli utenti possono anche valutare e gestire i rischi, definire le dipendenze tra le attivit\u00e0 e gestire l&#8217;utilizzo delle diverse risorse. In pi\u00f9 supporta l&#8217;integrazione con diverse applicazioni Google, tra cui Google Calendar, Drive e Hangouts.<\/p>\n<h2>GANTTER &#8211; TUTORIAL<\/h2>\n<div id=\"fluid-wrapper-counter-1\" class=\"g1-fluid-wrapper \" style=\"width:686px;\">\n<div style=\"padding-bottom:56.268221574344%;\"><iframe loading=\"lazy\" title=\"How to Make Team Members an Admin\" width=\"686\" height=\"386\" src=\"https:\/\/www.youtube.com\/embed\/eq82WNNSdRE?feature=oembed&amp;wmode=transparent&amp;autohide=1&amp;autoplay=0&amp;disablekb=0&amp;fs=1&amp;loop=0&amp;enablejsapi=1&amp;rel=0&amp;controls=2&amp;showinfo=0&amp;wmode=transparent&amp;autohide=2&amp;autoplay=0&amp;disablekb=0&amp;fs=1&amp;loop=0&amp;enablejsapi=1&amp;rel=0&amp;controls=2&amp;showinfo=1\" frameborder=\"0\" allow=\"accelerometer; autoplay; clipboard-write; encrypted-media; gyroscope; picture-in-picture; web-share\" referrerpolicy=\"strict-origin-when-cross-origin\" allowfullscreen><\/iframe><\/div>\n<\/div>\n<p>&nbsp;<\/p>\n<h3>GANTTER &#8211; CARATTERISTICHE<\/h3>\n<ul>\n<li><strong>Esperienza simile a Google<\/strong>: \u00e8 progettato per essere intuitivo come Google Workspace, cos\u00ec puoi iniziare subito a gestire i progetti, senza bisogno di imparare nulla. Sviluppato in collaborazione con Google, si integra perfettamente con Drive, permettendoti di creare, organizzare e condividere i tuoi progetti con facilit\u00e0.<\/li>\n<li><strong>Collaborazione multiutente in tempo reale<\/strong>: la modifica multiutente in tempo reale semplifica come mai prima d&#8217;ora l&#8217;aggiornamento delle pianificazioni.<\/li>\n<li><strong>Commenti Google integrati:<\/strong> proprio come in Documenti e Fogli, puoi aggiungere attivit\u00e0 e commenti direttamente nei tuoi file. Le notifiche dei commenti vengono inviate automaticamente al tuo team e il flusso di attivit\u00e0 in Drive mostra l&#8217;intera cronologia dei commenti.<\/li>\n<li><strong>Collegamento di attivit\u00e0 e file<\/strong>: collega facilmente le tue attivit\u00e0 a un file di Google Drive. Potrai fare riferimento a un file di Google Drive direttamente all&#8217;interno del tuo progetto.<\/li>\n<li><strong>Programmazione intelligente<\/strong>.: elimina le incertezze dalla gestione dei progetti. La piattaforma intuitiva ti aiuta a creare, organizzare e modificare facilmente le pianificazioni dei progetti, in modo da rispettare tutte le scadenze e mantenere il team allineato.<\/li>\n<li><strong>Bacheche di pianificazione collaborative:<\/strong> pianifica e assegna le attivit\u00e0 di lavoro senza sforzo con le bacheche di pianificazione digitali collaborative. Utilizza tag intuitivi che si trascinano facilmente nella timeline del progetto<\/li>\n<li><strong>Notifiche via email:<\/strong> rimani sempre aggiornato con le notifiche via email. Riceverai aggiornamenti tempestivi sulle attivit\u00e0 assegnate, sui completamenti verificati, sulle scadenze e altro ancora.<\/li>\n<li><strong>Gestione delle risorse:<\/strong> assicurati sempre di avere a disposizione le risorse necessarie per completare i progetti. Gestisci rapidamente le risorse attuali e riassegna quelle sovrautilizzate, come il numero di lavoratori, le attrezzature, i materiali e i costi totali.<\/li>\n<li><strong>Dashboard di analisi<\/strong>: genera facilmente report dettagliati per singole o multiple pianificazioni, sfruttando le informazioni ricavate dai dati di progetto. .<\/li>\n<li><strong>Sfrutta la potenza dell&#8217;IA<\/strong>: la soluzione ti offre la potenza dell&#8217;IA responsabile con Brena. Questa funzione \u00e8 progettata per essere la tua risorsa di riferimento per tutte le esigenze di progetto, fornendoti soluzioni intelligenti e ottimizzando il tuo flusso di lavoro come mai prima d&#8217;ora.<\/li>\n<li><strong>Creazione di attivit\u00e0 basata sull&#8217;IA<\/strong>: Brena \u00e8 in grado di gestire tutte le tue esigenze di gestione delle attivit\u00e0. Chiedi semplicemente di generare attivit\u00e0 con un intervallo temporale di due settimane e guarda come aggiunger\u00e0 senza sforzo nuove attivit\u00e0 alla tua bacheca di progetto.<\/li>\n<li><strong>Metriche di avanzamento basate sull&#8217;IA<\/strong>: ottieni una panoramica chiara dell&#8217;andamento del tuo progetto con le metriche di avanzamento basate sull&#8217;IA. Rimani informato, rispetta le scadenze e fai avanzare il tuo progetto con sicurezza.<\/li>\n<li><strong>Visualizzazioni basate sull&#8217;IA:<\/strong> ottieni il massimo dalla visualizzazione dello stato di avanzamento del progetto grazie alle visualizzazioni basate sull&#8217;IA. Brena \u00e8 in grado di analizzare i dati di progetto e generare dashboard analitiche visive<\/li>\n<\/ul>\n<h4>LE RECENSIONI DEGLI UTENTI<\/h4>\n<p><strong>Patrick &#8220;Buon valore per il prezzo basso&#8221;<\/strong><br \/>\nPro: per un software piuttosto economico, ci sono molte funzionalit\u00e0 che possono consentirti di sviluppare un programma ponderato e di successo. Mi piace che tu possa visualizzare i nomi delle attivit\u00e0 nella visualizzazione del diagramma di Gantt. Inoltre, il software funziona rapidamente, come un foglio di Google, altri software impiegano alcuni secondi per comprendere gli input che possono rallentare la produttivit\u00e0.<br \/>\nContro: L&#8217;assistenza clienti ha bisogno di un po&#8217; di lavoro, non esiste una funzione di chat e quando invii un ticket di richiesta, l&#8217;assistenza non risponde direttamente alla tua domanda, per quanto ne so non c&#8217;\u00e8 modo di chiamare l&#8217;assistenza. Ti rimandano a guardare video di guida per l&#8217;utente che non sono specifici per la tua domanda.<\/p>\n<p><strong>Camilla &#8220;Scopri cosa sta succedendo nei tuoi progetti&#8221;<\/strong><br \/>\nPro: si tratta di un software che permette di essere a conoscenza di tutto ci\u00f2 che accade in un progetto in modo estremamente organizzato e scomposto.<br \/>\nContro: essendo un software di gestione progetti, penso sia importante sincronizzarsi con Gmail e, a volte, questa funzionalit\u00e0 fallisce<\/p>\n<p><strong>Katherine &#8220;Offre un modo semplice per creare diagrammi di Gantt semplici&#8221;<\/strong><br \/>\n<strong>Pro<\/strong>: \u00e8 molto facile imparare a usarlo ed \u00e8 molto utile per gestire piccoli progetti e fare follow-up<br \/>\n<strong>Contro<\/strong>: \u00e8 collegato a Google Drive per la condivisione, ma non sono riuscito a condividere un progetto con nessuno dei miei colleghi.<\/p>\n","protected":false},"excerpt":{"rendered":"<p>Gantter \u00e8 una soluzione di gestione e pianificazione di progetti basata su cloud e supportata dalla community, pensata per aziende di diversi settori. Tra le sue funzionalit\u00e0 figurano il monitoraggio del budget, la contabilit\u00e0 dei costi di progetto, la gestione delle risorse, i diagrammi di Gantt e molto altro.<\/p>\n","protected":false},"author":19,"featured_media":108514,"parent":70458,"menu_order":0,"comment_status":"open","ping_status":"closed","template":"g1_template_page_review_new.php","meta":{"_acf_changed":false,"cwp_meta_box_check":"Yes","cwp_rev_product_name":"","cwp_rev_product_image":"","wppr_links":[],"cwp_rev_price":"0.00","wppr_options":[{"name":"Usability","value":"0"},{"name":"Speed","value":"0"},{"name":"Features","value":"0"},{"name":"Support","value":"0"},{"name":"Pricing","value":"0"}],"wppr_pros":["","","","",""],"wppr_cons":["","","","",""],"_monsterinsights_skip_tracking":false,"_monsterinsights_sitenote_active":false,"_monsterinsights_sitenote_note":"","_monsterinsights_sitenote_category":0,"footnotes":""},"categories":[2459],"tags":[17140,14478,14477,14480,14479],"features":[],"class_list":{"0":"post-108511","1":"page","2":"type-page","3":"status-publish","4":"has-post-thumbnail","6":"category-gestionale-per-edilizia-cat","7":"tag-gantter","8":"tag-piattaforma-gestionale-edilizia","9":"tag-programma-gestionale-edilizia","10":"tag-software-gestionale-edilizia","11":"tag-soluzione-gestionale-edilizia"},"wppr_data":{"cwp_meta_box_check":"Yes","_wppr_review_template":"default","cwp_rev_product_image":"","cwp_image_link":"image","wppr_links":[],"cwp_rev_price":"0.00","wppr_pros":["","","","",""],"wppr_cons":["","","","",""],"wppr_rating":"0.00","wppr_options":{"1":{"name":"Usability","value":"0"},"2":{"name":"Speed","value":"0"},"3":{"name":"Features","value":"0"},"4":{"name":"Support","value":"0"},"5":{"name":"Pricing","value":"0"}},"wppr_review_type":"Product","wppr_review_custom_fields":{"additionalProperty":"","additionalType":"","aggregateRating":"","alternateName":"","audience":"","award":"","awards":"","brand":"","color":"","depth":"","description":"","disambiguatingDescription":"","gtin12":"","gtin13":"","gtin14":"","gtin8":"","height":"","identifier":"","image":"","isAccessoryOrSparePartFor":"","isConsumableFor":"","isRelatedTo":"","isSimilarTo":"","itemCondition":"","logo":"","mainEntityOfPage":"","manufacturer":"","material":"","model":"","mpn":"","name":"","offers":"","potentialAction":"","productID":"","productionDate":"","purchaseDate":"","releaseDate":"","review":"","reviews":"","sameAs":"","sku":"","slogan":"","subjectOf":"","url":"","weight":"","width":""}},"acf":[],"yoast_head":"<!-- This site is optimized with the Yoast SEO plugin v27.4 - https:\/\/yoast.com\/product\/yoast-seo-wordpress\/ -->\n<title>Gantter: recensione software gestione edilizia - Accurate Reviews<\/title>\n<meta name=\"description\" content=\"Gantter: recensione soluzione di gestione e pianificazione di progetti supportata dalla community e pensata per aziende di diversi settori.\" \/>\n<meta name=\"robots\" content=\"index, follow, max-snippet:-1, max-image-preview:large, max-video-preview:-1\" \/>\n<link rel=\"canonical\" href=\"https:\/\/www.accuratereviews.com\/it\/software-gestionali-edilizia\/gantter-recensione\/\" \/>\n<meta property=\"og:locale\" content=\"it_IT\" \/>\n<meta property=\"og:type\" content=\"article\" \/>\n<meta property=\"og:title\" content=\"Gantter: recensione software gestione edilizia - Accurate Reviews\" \/>\n<meta property=\"og:description\" content=\"Gantter: recensione soluzione di gestione e pianificazione di progetti supportata dalla community e pensata per aziende di diversi settori.\" \/>\n<meta property=\"og:url\" content=\"https:\/\/www.accuratereviews.com\/it\/software-gestionali-edilizia\/gantter-recensione\/\" \/>\n<meta property=\"og:site_name\" content=\"Accurate Reviews\" \/>\n<meta property=\"og:image\" content=\"https:\/\/www.accuratereviews.com\/wp-content\/uploads\/2026\/04\/Gantter.png\" \/>\n\t<meta property=\"og:image:width\" content=\"220\" \/>\n\t<meta property=\"og:image:height\" content=\"220\" \/>\n\t<meta property=\"og:image:type\" content=\"image\/png\" \/>\n<meta name=\"twitter:card\" content=\"summary_large_image\" \/>\n<meta name=\"twitter:label1\" content=\"Tempo di lettura stimato\" \/>\n\t<meta name=\"twitter:data1\" content=\"6 minuti\" \/>\n<script type=\"application\/ld+json\" class=\"yoast-schema-graph\">{\"@context\":\"https:\\\/\\\/schema.org\",\"@graph\":[{\"@type\":\"WebPage\",\"@id\":\"https:\\\/\\\/www.accuratereviews.com\\\/it\\\/software-gestionali-edilizia\\\/gantter-recensione\\\/\",\"url\":\"https:\\\/\\\/www.accuratereviews.com\\\/it\\\/software-gestionali-edilizia\\\/gantter-recensione\\\/\",\"name\":\"Gantter: recensione software gestione edilizia - Accurate Reviews\",\"isPartOf\":{\"@id\":\"https:\\\/\\\/www.accuratereviews.com\\\/it\\\/#website\"},\"primaryImageOfPage\":{\"@id\":\"https:\\\/\\\/www.accuratereviews.com\\\/it\\\/software-gestionali-edilizia\\\/gantter-recensione\\\/#primaryimage\"},\"image\":{\"@id\":\"https:\\\/\\\/www.accuratereviews.com\\\/it\\\/software-gestionali-edilizia\\\/gantter-recensione\\\/#primaryimage\"},\"thumbnailUrl\":\"https:\\\/\\\/www.accuratereviews.com\\\/wp-content\\\/uploads\\\/2026\\\/04\\\/Gantter.png\",\"datePublished\":\"2026-04-27T16:05:11+00:00\",\"description\":\"Gantter: recensione soluzione di gestione e pianificazione di progetti supportata dalla community e pensata per aziende di diversi settori.\",\"breadcrumb\":{\"@id\":\"https:\\\/\\\/www.accuratereviews.com\\\/it\\\/software-gestionali-edilizia\\\/gantter-recensione\\\/#breadcrumb\"},\"inLanguage\":\"it-IT\",\"potentialAction\":[{\"@type\":\"ReadAction\",\"target\":[\"https:\\\/\\\/www.accuratereviews.com\\\/it\\\/software-gestionali-edilizia\\\/gantter-recensione\\\/\"]}]},{\"@type\":\"ImageObject\",\"inLanguage\":\"it-IT\",\"@id\":\"https:\\\/\\\/www.accuratereviews.com\\\/it\\\/software-gestionali-edilizia\\\/gantter-recensione\\\/#primaryimage\",\"url\":\"https:\\\/\\\/www.accuratereviews.com\\\/wp-content\\\/uploads\\\/2026\\\/04\\\/Gantter.png\",\"contentUrl\":\"https:\\\/\\\/www.accuratereviews.com\\\/wp-content\\\/uploads\\\/2026\\\/04\\\/Gantter.png\",\"width\":220,\"height\":220},{\"@type\":\"BreadcrumbList\",\"@id\":\"https:\\\/\\\/www.accuratereviews.com\\\/it\\\/software-gestionali-edilizia\\\/gantter-recensione\\\/#breadcrumb\",\"itemListElement\":[{\"@type\":\"ListItem\",\"position\":1,\"name\":\"Home\",\"item\":\"https:\\\/\\\/www.accuratereviews.com\\\/it\\\/\"},{\"@type\":\"ListItem\",\"position\":2,\"name\":\"Software gestionali per edilizia\",\"item\":\"https:\\\/\\\/www.accuratereviews.com\\\/it\\\/software-gestionali-edilizia\\\/\"},{\"@type\":\"ListItem\",\"position\":3,\"name\":\"Gantter\"}]},{\"@type\":\"WebSite\",\"@id\":\"https:\\\/\\\/www.accuratereviews.com\\\/it\\\/#website\",\"url\":\"https:\\\/\\\/www.accuratereviews.com\\\/it\\\/\",\"name\":\"Accurate Reviews\",\"description\":\"\",\"potentialAction\":[{\"@type\":\"SearchAction\",\"target\":{\"@type\":\"EntryPoint\",\"urlTemplate\":\"https:\\\/\\\/www.accuratereviews.com\\\/it\\\/?s={search_term_string}\"},\"query-input\":{\"@type\":\"PropertyValueSpecification\",\"valueRequired\":true,\"valueName\":\"search_term_string\"}}],\"inLanguage\":\"it-IT\"}]}<\/script>\n<!-- \/ Yoast SEO plugin. -->","yoast_head_json":{"title":"Gantter: recensione software gestione edilizia - Accurate Reviews","description":"Gantter: recensione soluzione di gestione e pianificazione di progetti supportata dalla community e pensata per aziende di diversi settori.","robots":{"index":"index","follow":"follow","max-snippet":"max-snippet:-1","max-image-preview":"max-image-preview:large","max-video-preview":"max-video-preview:-1"},"canonical":"https:\/\/www.accuratereviews.com\/it\/software-gestionali-edilizia\/gantter-recensione\/","og_locale":"it_IT","og_type":"article","og_title":"Gantter: recensione software gestione edilizia - Accurate Reviews","og_description":"Gantter: recensione soluzione di gestione e pianificazione di progetti supportata dalla community e pensata per aziende di diversi settori.","og_url":"https:\/\/www.accuratereviews.com\/it\/software-gestionali-edilizia\/gantter-recensione\/","og_site_name":"Accurate Reviews","og_image":[{"width":220,"height":220,"url":"https:\/\/www.accuratereviews.com\/wp-content\/uploads\/2026\/04\/Gantter.png","type":"image\/png"}],"twitter_card":"summary_large_image","twitter_misc":{"Tempo di lettura stimato":"6 minuti"},"schema":{"@context":"https:\/\/schema.org","@graph":[{"@type":"WebPage","@id":"https:\/\/www.accuratereviews.com\/it\/software-gestionali-edilizia\/gantter-recensione\/","url":"https:\/\/www.accuratereviews.com\/it\/software-gestionali-edilizia\/gantter-recensione\/","name":"Gantter: recensione software gestione edilizia - Accurate Reviews","isPartOf":{"@id":"https:\/\/www.accuratereviews.com\/it\/#website"},"primaryImageOfPage":{"@id":"https:\/\/www.accuratereviews.com\/it\/software-gestionali-edilizia\/gantter-recensione\/#primaryimage"},"image":{"@id":"https:\/\/www.accuratereviews.com\/it\/software-gestionali-edilizia\/gantter-recensione\/#primaryimage"},"thumbnailUrl":"https:\/\/www.accuratereviews.com\/wp-content\/uploads\/2026\/04\/Gantter.png","datePublished":"2026-04-27T16:05:11+00:00","description":"Gantter: recensione soluzione di gestione e pianificazione di progetti supportata dalla community e pensata per aziende di diversi settori.","breadcrumb":{"@id":"https:\/\/www.accuratereviews.com\/it\/software-gestionali-edilizia\/gantter-recensione\/#breadcrumb"},"inLanguage":"it-IT","potentialAction":[{"@type":"ReadAction","target":["https:\/\/www.accuratereviews.com\/it\/software-gestionali-edilizia\/gantter-recensione\/"]}]},{"@type":"ImageObject","inLanguage":"it-IT","@id":"https:\/\/www.accuratereviews.com\/it\/software-gestionali-edilizia\/gantter-recensione\/#primaryimage","url":"https:\/\/www.accuratereviews.com\/wp-content\/uploads\/2026\/04\/Gantter.png","contentUrl":"https:\/\/www.accuratereviews.com\/wp-content\/uploads\/2026\/04\/Gantter.png","width":220,"height":220},{"@type":"BreadcrumbList","@id":"https:\/\/www.accuratereviews.com\/it\/software-gestionali-edilizia\/gantter-recensione\/#breadcrumb","itemListElement":[{"@type":"ListItem","position":1,"name":"Home","item":"https:\/\/www.accuratereviews.com\/it\/"},{"@type":"ListItem","position":2,"name":"Software gestionali per edilizia","item":"https:\/\/www.accuratereviews.com\/it\/software-gestionali-edilizia\/"},{"@type":"ListItem","position":3,"name":"Gantter"}]},{"@type":"WebSite","@id":"https:\/\/www.accuratereviews.com\/it\/#website","url":"https:\/\/www.accuratereviews.com\/it\/","name":"Accurate Reviews","description":"","potentialAction":[{"@type":"SearchAction","target":{"@type":"EntryPoint","urlTemplate":"https:\/\/www.accuratereviews.com\/it\/?s={search_term_string}"},"query-input":{"@type":"PropertyValueSpecification","valueRequired":true,"valueName":"search_term_string"}}],"inLanguage":"it-IT"}]}},"_links":{"self":[{"href":"https:\/\/www.accuratereviews.com\/it\/wp-json\/wp\/v2\/pages\/108511","targetHints":{"allow":["GET"]}}],"collection":[{"href":"https:\/\/www.accuratereviews.com\/it\/wp-json\/wp\/v2\/pages"}],"about":[{"href":"https:\/\/www.accuratereviews.com\/it\/wp-json\/wp\/v2\/types\/page"}],"author":[{"embeddable":true,"href":"https:\/\/www.accuratereviews.com\/it\/wp-json\/wp\/v2\/users\/19"}],"replies":[{"embeddable":true,"href":"https:\/\/www.accuratereviews.com\/it\/wp-json\/wp\/v2\/comments?post=108511"}],"version-history":[{"count":9,"href":"https:\/\/www.accuratereviews.com\/it\/wp-json\/wp\/v2\/pages\/108511\/revisions"}],"predecessor-version":[{"id":108529,"href":"https:\/\/www.accuratereviews.com\/it\/wp-json\/wp\/v2\/pages\/108511\/revisions\/108529"}],"up":[{"embeddable":true,"href":"https:\/\/www.accuratereviews.com\/it\/wp-json\/wp\/v2\/pages\/70458"}],"wp:featuredmedia":[{"embeddable":true,"href":"https:\/\/www.accuratereviews.com\/it\/wp-json\/wp\/v2\/media\/108514"}],"wp:attachment":[{"href":"https:\/\/www.accuratereviews.com\/it\/wp-json\/wp\/v2\/media?parent=108511"}],"wp:term":[{"taxonomy":"category","embeddable":true,"href":"https:\/\/www.accuratereviews.com\/it\/wp-json\/wp\/v2\/categories?post=108511"},{"taxonomy":"post_tag","embeddable":true,"href":"https:\/\/www.accuratereviews.com\/it\/wp-json\/wp\/v2\/tags?post=108511"},{"taxonomy":"features","embeddable":true,"href":"https:\/\/www.accuratereviews.com\/it\/wp-json\/wp\/v2\/features?post=108511"}],"curies":[{"name":"wp","href":"https:\/\/api.w.org\/{rel}","templated":true}]}}