{"id":108583,"date":"2026-04-30T18:22:50","date_gmt":"2026-04-30T18:22:50","guid":{"rendered":"https:\/\/www.accuratereviews.com\/?page_id=108583"},"modified":"2026-04-30T18:22:50","modified_gmt":"2026-04-30T18:22:50","slug":"viewpoint-team-recensione","status":"publish","type":"page","link":"https:\/\/www.accuratereviews.com\/it\/software-gestionali-edilizia\/viewpoint-team-recensione\/","title":{"rendered":"Viewpoint Team"},"content":{"rendered":"<p><strong>Viewpoint Team<\/strong> \u00e8 una soluzione di gestione progetti basata sul cloud e accessibile via web e mobile, che riunisce team di cantiere, back office e team di progetto in un ambiente collaborativo per la gestione di lavori e documenti. Facilita la distribuzione in tempo reale di dati, documentazione, flussi di lavoro e molto altro ancora in relazione al settore edile. Gli appaltatori possono creare uno spazio di lavoro digitale facile da usare, sicuro e che offre un controllo e una visibilit\u00e0 significativamente maggiore sui progetti di costruzione, aumentando la produttivit\u00e0 e la redditivit\u00e0, risparmiando al contempo tempo e costi.<\/p>\n<h2>VIEWPOINT TEAM &#8211; TUTORIAL<\/h2>\n<div id=\"fluid-wrapper-counter-1\" class=\"g1-fluid-wrapper \" style=\"width:686px;\">\n<div style=\"padding-bottom:56.268221574344%;\"><iframe loading=\"lazy\" title=\"VIEWPOINT FIELD MANAGEMENT - FIELD TICKETS | Trimble Viewpoint | Labor, Equipment, Materials\" width=\"686\" height=\"386\" src=\"https:\/\/www.youtube.com\/embed\/15bxoZCp_s8?feature=oembed&amp;wmode=transparent&amp;autohide=1&amp;autoplay=0&amp;disablekb=0&amp;fs=1&amp;loop=0&amp;enablejsapi=1&amp;rel=0&amp;controls=2&amp;showinfo=0&amp;wmode=transparent&amp;autohide=2&amp;autoplay=0&amp;disablekb=0&amp;fs=1&amp;loop=0&amp;enablejsapi=1&amp;rel=0&amp;controls=2&amp;showinfo=1\" frameborder=\"0\" allow=\"accelerometer; autoplay; clipboard-write; encrypted-media; gyroscope; picture-in-picture; web-share\" referrerpolicy=\"strict-origin-when-cross-origin\" allowfullscreen><\/iframe><\/div>\n<\/div>\n<h3>VIEWPOINT TEAM &#8211; CARATTERISTICHE<\/h3>\n<ul>\n<li><strong>Comunicazione e collaborazione<\/strong>: centralizza le comunicazioni di progetto in uno spazio realmente collaborativo e crea una traccia di controllo dettagliata con flussi di lavoro tracciabili per registri giornalieri, richieste di informazioni (RFI), problemi, foto del cantiere, moduli personalizzati e altro ancora.<\/li>\n<li><strong>Gestione dei disegni:<\/strong> la soluzione offre un&#8217;unica posizione per disegni e specifiche pronti per la costruzione, con denominazione, ordinamento e collegamento ipertestuale digitalizzati tra i documenti e molto altro, con funzionalit\u00e0 offline per garantire che i team abbiano sempre le versioni pi\u00f9 recenti.<\/li>\n<li><strong>Chiusura e consegna<\/strong>: esportazione semplice di tutta la documentazione di progetto per semplificare la consegna a fine progetto, con funzionalit\u00e0 di archiviazione complete.<\/li>\n<li><strong>Sicurezza e autorizzazioni<\/strong>: \u00e8 possibile determinare chi ha accesso ai dati e ai flussi di lavoro e chi no, grazie alle autorizzazioni basate sui ruoli e a protocolli di sicurezza avanzati come l&#8217;autenticazione a pi\u00f9 fattori e Active Directory.<\/li>\n<li><strong>Progettato specificamente per il settore edile<\/strong>: ideale per le imprese di costruzione che necessitano dell&#8217;agilit\u00e0 necessaria per adattarsi rapidamente alle nuove esigenze e che desiderano semplificare i processi quotidiani, ottenendo al contempo una migliore comprensione del progetto, maggiore produttivit\u00e0 e redditivit\u00e0.<\/li>\n<\/ul>\n<h4>LE RECENSIONI DEGLI UTENTI<\/h4>\n<p><strong>Cassie&#8221;Ottimo prodotto&#8221;<\/strong><br \/>\nHo avuto una buona esperienza con questo servizio, ma penso che dovrebbero implementare altri servizi di piattaforme di pagamento e ridurre i tempi di ricezione dei pagamenti.<br \/>\n<strong>Pro<\/strong>: mi piace il fatto che si possa guadagnare completando semplici compiti! Alcuni compiti includono registrare diverse frasi semplici, analizzare informazioni, ecc.!<br \/>\n<strong>Contro<\/strong>: alcuni svantaggi di questo prodotto sono che, quando si desidera incassare, viene offerta una sola opzione, ovvero il bonifico diretto su PayPal. Inoltre, possono essere necessari fino a 10 giorni per ricevere il pagamento, e in alcuni casi anche di pi\u00f9.<\/p>\n<p><strong>Brian&#8221;Sorprendente&#8221;<\/strong><br \/>\n<strong>Pro<\/strong>: una delle mie applicazioni preferite per raccogliere le opinioni dei miei colleghi<br \/>\n<strong>Contro<\/strong>: non ho nulla di negativo da dire su questa applicazione, \u00e8 molto diretta e facile da usare.<\/p>\n<p><strong>Timur&#8221;Aumento della capacit\u00e0 di risposta per la gestione dei progetti&#8221;<\/strong><br \/>\nL&#8217;esperienza iniziale \u00e8 stata molto positiva, nessuna osservazione negativa. Le funzionalit\u00e0 sono molto chiare e l&#8217;integrazione con il team \u00e8 stata impeccabile. Lo consiglierei senza dubbio a tutti i project manager.<br \/>\n<strong>Pro<\/strong>: struttura chiara, offre una panoramica immediata. Durante la fase di costruzione, rende la comunicazione interna molto pi\u00f9 rapida e semplice. L&#8217;assegnazione dei compiti funziona alla perfezione (compresi i promemoria automatici).<br \/>\n<strong>Contro<\/strong>: il campo &#8220;ricerca&#8221; potrebbe essere ampliato per facilitarne l&#8217;utilizzo.<\/p>\n","protected":false},"excerpt":{"rendered":"<p>Viewpoint Team \u00e8 una soluzione di gestione progetti basata sul cloud e accessibile via web e mobile, che riunisce team di cantiere, back office e team di progetto in un ambiente collaborativo per la gestione di lavori e documenti. Facilita la distribuzione in tempo reale di dati, documentazione, flussi di lavoro e molto altro ancora in relazione al settore edile.<\/p>\n","protected":false},"author":19,"featured_media":108590,"parent":70458,"menu_order":0,"comment_status":"open","ping_status":"closed","template":"g1_template_page_review_new.php","meta":{"_acf_changed":false,"cwp_meta_box_check":"Yes","cwp_rev_product_name":"","cwp_rev_product_image":"","wppr_links":[],"cwp_rev_price":"0.00","wppr_options":[{"name":"Usability","value":"0"},{"name":"Speed","value":"0"},{"name":"Features","value":"0"},{"name":"Support","value":"0"},{"name":"Pricing","value":"0"}],"wppr_pros":["","","","",""],"wppr_cons":["","","","",""],"_monsterinsights_skip_tracking":false,"_monsterinsights_sitenote_active":false,"_monsterinsights_sitenote_note":"","_monsterinsights_sitenote_category":0,"footnotes":""},"categories":[2459],"tags":[14470,14478,14477,14480,14479,17149],"features":[],"class_list":{"0":"post-108583","1":"page","2":"type-page","3":"status-publish","4":"has-post-thumbnail","6":"category-gestionale-per-edilizia-cat","7":"tag-gestionale-edilizia","8":"tag-piattaforma-gestionale-edilizia","9":"tag-programma-gestionale-edilizia","10":"tag-software-gestionale-edilizia","11":"tag-soluzione-gestionale-edilizia","12":"tag-viewpoint-team"},"wppr_data":{"cwp_meta_box_check":"Yes","_wppr_review_template":"default","cwp_rev_product_image":"","cwp_image_link":"image","wppr_links":[],"cwp_rev_price":"0.00","wppr_pros":["","","","",""],"wppr_cons":["","","","",""],"wppr_rating":"0.00","wppr_options":{"1":{"name":"Usability","value":"0"},"2":{"name":"Speed","value":"0"},"3":{"name":"Features","value":"0"},"4":{"name":"Support","value":"0"},"5":{"name":"Pricing","value":"0"}},"wppr_review_type":"Product","wppr_review_custom_fields":{"additionalProperty":"","additionalType":"","aggregateRating":"","alternateName":"","audience":"","award":"","awards":"","brand":"","color":"","depth":"","description":"","disambiguatingDescription":"","gtin12":"","gtin13":"","gtin14":"","gtin8":"","height":"","identifier":"","image":"","isAccessoryOrSparePartFor":"","isConsumableFor":"","isRelatedTo":"","isSimilarTo":"","itemCondition":"","logo":"","mainEntityOfPage":"","manufacturer":"","material":"","model":"","mpn":"","name":"","offers":"","potentialAction":"","productID":"","productionDate":"","purchaseDate":"","releaseDate":"","review":"","reviews":"","sameAs":"","sku":"","slogan":"","subjectOf":"","url":"","weight":"","width":""}},"acf":[],"yoast_head":"<!-- This site is optimized with the Yoast SEO plugin v27.4 - https:\/\/yoast.com\/product\/yoast-seo-wordpress\/ -->\n<title>Viewpoint Team: recensione software gestionale edilizia - Accurate Reviews<\/title>\n<meta name=\"description\" content=\"Viewpoint Team: recensione software per l&#039;edilizia che offre potenti strumenti come la \u00a0sincronizzazione dati e dei flussi di lavoro.\" \/>\n<meta name=\"robots\" content=\"index, follow, max-snippet:-1, max-image-preview:large, max-video-preview:-1\" \/>\n<link rel=\"canonical\" href=\"https:\/\/www.accuratereviews.com\/it\/software-gestionali-edilizia\/viewpoint-team-recensione\/\" \/>\n<meta property=\"og:locale\" content=\"it_IT\" \/>\n<meta property=\"og:type\" content=\"article\" \/>\n<meta property=\"og:title\" content=\"Viewpoint Team: recensione software gestionale edilizia - Accurate Reviews\" \/>\n<meta property=\"og:description\" content=\"Viewpoint Team: recensione software per l&#039;edilizia che offre potenti strumenti come la \u00a0sincronizzazione dati e dei flussi di lavoro.\" \/>\n<meta property=\"og:url\" content=\"https:\/\/www.accuratereviews.com\/it\/software-gestionali-edilizia\/viewpoint-team-recensione\/\" \/>\n<meta property=\"og:site_name\" content=\"Accurate Reviews\" \/>\n<meta name=\"twitter:card\" content=\"summary_large_image\" \/>\n<meta name=\"twitter:label1\" content=\"Tempo di lettura stimato\" \/>\n\t<meta name=\"twitter:data1\" content=\"4 minuti\" \/>\n<script type=\"application\/ld+json\" class=\"yoast-schema-graph\">{\"@context\":\"https:\\\/\\\/schema.org\",\"@graph\":[{\"@type\":\"WebPage\",\"@id\":\"https:\\\/\\\/www.accuratereviews.com\\\/it\\\/software-gestionali-edilizia\\\/viewpoint-team-recensione\\\/\",\"url\":\"https:\\\/\\\/www.accuratereviews.com\\\/it\\\/software-gestionali-edilizia\\\/viewpoint-team-recensione\\\/\",\"name\":\"Viewpoint Team: recensione software gestionale edilizia - Accurate Reviews\",\"isPartOf\":{\"@id\":\"https:\\\/\\\/www.accuratereviews.com\\\/it\\\/#website\"},\"primaryImageOfPage\":{\"@id\":\"https:\\\/\\\/www.accuratereviews.com\\\/it\\\/software-gestionali-edilizia\\\/viewpoint-team-recensione\\\/#primaryimage\"},\"image\":{\"@id\":\"https:\\\/\\\/www.accuratereviews.com\\\/it\\\/software-gestionali-edilizia\\\/viewpoint-team-recensione\\\/#primaryimage\"},\"thumbnailUrl\":\"https:\\\/\\\/www.accuratereviews.com\\\/wp-content\\\/uploads\\\/2026\\\/04\\\/Viewpoint-Team-1.avif\",\"datePublished\":\"2026-04-30T18:22:50+00:00\",\"description\":\"Viewpoint Team: recensione software per l'edilizia che offre potenti strumenti come la \u00a0sincronizzazione dati e dei flussi di lavoro.\",\"breadcrumb\":{\"@id\":\"https:\\\/\\\/www.accuratereviews.com\\\/it\\\/software-gestionali-edilizia\\\/viewpoint-team-recensione\\\/#breadcrumb\"},\"inLanguage\":\"it-IT\",\"potentialAction\":[{\"@type\":\"ReadAction\",\"target\":[\"https:\\\/\\\/www.accuratereviews.com\\\/it\\\/software-gestionali-edilizia\\\/viewpoint-team-recensione\\\/\"]}]},{\"@type\":\"ImageObject\",\"inLanguage\":\"it-IT\",\"@id\":\"https:\\\/\\\/www.accuratereviews.com\\\/it\\\/software-gestionali-edilizia\\\/viewpoint-team-recensione\\\/#primaryimage\",\"url\":\"https:\\\/\\\/www.accuratereviews.com\\\/wp-content\\\/uploads\\\/2026\\\/04\\\/Viewpoint-Team-1.avif\",\"contentUrl\":\"https:\\\/\\\/www.accuratereviews.com\\\/wp-content\\\/uploads\\\/2026\\\/04\\\/Viewpoint-Team-1.avif\",\"width\":223,\"height\":240},{\"@type\":\"BreadcrumbList\",\"@id\":\"https:\\\/\\\/www.accuratereviews.com\\\/it\\\/software-gestionali-edilizia\\\/viewpoint-team-recensione\\\/#breadcrumb\",\"itemListElement\":[{\"@type\":\"ListItem\",\"position\":1,\"name\":\"Home\",\"item\":\"https:\\\/\\\/www.accuratereviews.com\\\/it\\\/\"},{\"@type\":\"ListItem\",\"position\":2,\"name\":\"Software gestionali per edilizia\",\"item\":\"https:\\\/\\\/www.accuratereviews.com\\\/it\\\/software-gestionali-edilizia\\\/\"},{\"@type\":\"ListItem\",\"position\":3,\"name\":\"Viewpoint Team\"}]},{\"@type\":\"WebSite\",\"@id\":\"https:\\\/\\\/www.accuratereviews.com\\\/it\\\/#website\",\"url\":\"https:\\\/\\\/www.accuratereviews.com\\\/it\\\/\",\"name\":\"Accurate Reviews\",\"description\":\"\",\"potentialAction\":[{\"@type\":\"SearchAction\",\"target\":{\"@type\":\"EntryPoint\",\"urlTemplate\":\"https:\\\/\\\/www.accuratereviews.com\\\/it\\\/?s={search_term_string}\"},\"query-input\":{\"@type\":\"PropertyValueSpecification\",\"valueRequired\":true,\"valueName\":\"search_term_string\"}}],\"inLanguage\":\"it-IT\"}]}<\/script>\n<!-- \/ Yoast SEO plugin. -->","yoast_head_json":{"title":"Viewpoint Team: recensione software gestionale edilizia - Accurate Reviews","description":"Viewpoint Team: recensione software per l'edilizia che offre potenti strumenti come la \u00a0sincronizzazione dati e dei flussi di lavoro.","robots":{"index":"index","follow":"follow","max-snippet":"max-snippet:-1","max-image-preview":"max-image-preview:large","max-video-preview":"max-video-preview:-1"},"canonical":"https:\/\/www.accuratereviews.com\/it\/software-gestionali-edilizia\/viewpoint-team-recensione\/","og_locale":"it_IT","og_type":"article","og_title":"Viewpoint Team: recensione software gestionale edilizia - Accurate Reviews","og_description":"Viewpoint Team: recensione software per l'edilizia che offre potenti strumenti come la \u00a0sincronizzazione dati e dei flussi di lavoro.","og_url":"https:\/\/www.accuratereviews.com\/it\/software-gestionali-edilizia\/viewpoint-team-recensione\/","og_site_name":"Accurate Reviews","twitter_card":"summary_large_image","twitter_misc":{"Tempo di lettura stimato":"4 minuti"},"schema":{"@context":"https:\/\/schema.org","@graph":[{"@type":"WebPage","@id":"https:\/\/www.accuratereviews.com\/it\/software-gestionali-edilizia\/viewpoint-team-recensione\/","url":"https:\/\/www.accuratereviews.com\/it\/software-gestionali-edilizia\/viewpoint-team-recensione\/","name":"Viewpoint Team: recensione software gestionale edilizia - Accurate Reviews","isPartOf":{"@id":"https:\/\/www.accuratereviews.com\/it\/#website"},"primaryImageOfPage":{"@id":"https:\/\/www.accuratereviews.com\/it\/software-gestionali-edilizia\/viewpoint-team-recensione\/#primaryimage"},"image":{"@id":"https:\/\/www.accuratereviews.com\/it\/software-gestionali-edilizia\/viewpoint-team-recensione\/#primaryimage"},"thumbnailUrl":"https:\/\/www.accuratereviews.com\/wp-content\/uploads\/2026\/04\/Viewpoint-Team-1.avif","datePublished":"2026-04-30T18:22:50+00:00","description":"Viewpoint Team: recensione software per l'edilizia che offre potenti strumenti come la \u00a0sincronizzazione dati e dei flussi di lavoro.","breadcrumb":{"@id":"https:\/\/www.accuratereviews.com\/it\/software-gestionali-edilizia\/viewpoint-team-recensione\/#breadcrumb"},"inLanguage":"it-IT","potentialAction":[{"@type":"ReadAction","target":["https:\/\/www.accuratereviews.com\/it\/software-gestionali-edilizia\/viewpoint-team-recensione\/"]}]},{"@type":"ImageObject","inLanguage":"it-IT","@id":"https:\/\/www.accuratereviews.com\/it\/software-gestionali-edilizia\/viewpoint-team-recensione\/#primaryimage","url":"https:\/\/www.accuratereviews.com\/wp-content\/uploads\/2026\/04\/Viewpoint-Team-1.avif","contentUrl":"https:\/\/www.accuratereviews.com\/wp-content\/uploads\/2026\/04\/Viewpoint-Team-1.avif","width":223,"height":240},{"@type":"BreadcrumbList","@id":"https:\/\/www.accuratereviews.com\/it\/software-gestionali-edilizia\/viewpoint-team-recensione\/#breadcrumb","itemListElement":[{"@type":"ListItem","position":1,"name":"Home","item":"https:\/\/www.accuratereviews.com\/it\/"},{"@type":"ListItem","position":2,"name":"Software gestionali per edilizia","item":"https:\/\/www.accuratereviews.com\/it\/software-gestionali-edilizia\/"},{"@type":"ListItem","position":3,"name":"Viewpoint Team"}]},{"@type":"WebSite","@id":"https:\/\/www.accuratereviews.com\/it\/#website","url":"https:\/\/www.accuratereviews.com\/it\/","name":"Accurate Reviews","description":"","potentialAction":[{"@type":"SearchAction","target":{"@type":"EntryPoint","urlTemplate":"https:\/\/www.accuratereviews.com\/it\/?s={search_term_string}"},"query-input":{"@type":"PropertyValueSpecification","valueRequired":true,"valueName":"search_term_string"}}],"inLanguage":"it-IT"}]}},"_links":{"self":[{"href":"https:\/\/www.accuratereviews.com\/it\/wp-json\/wp\/v2\/pages\/108583","targetHints":{"allow":["GET"]}}],"collection":[{"href":"https:\/\/www.accuratereviews.com\/it\/wp-json\/wp\/v2\/pages"}],"about":[{"href":"https:\/\/www.accuratereviews.com\/it\/wp-json\/wp\/v2\/types\/page"}],"author":[{"embeddable":true,"href":"https:\/\/www.accuratereviews.com\/it\/wp-json\/wp\/v2\/users\/19"}],"replies":[{"embeddable":true,"href":"https:\/\/www.accuratereviews.com\/it\/wp-json\/wp\/v2\/comments?post=108583"}],"version-history":[{"count":7,"href":"https:\/\/www.accuratereviews.com\/it\/wp-json\/wp\/v2\/pages\/108583\/revisions"}],"predecessor-version":[{"id":108605,"href":"https:\/\/www.accuratereviews.com\/it\/wp-json\/wp\/v2\/pages\/108583\/revisions\/108605"}],"up":[{"embeddable":true,"href":"https:\/\/www.accuratereviews.com\/it\/wp-json\/wp\/v2\/pages\/70458"}],"wp:featuredmedia":[{"embeddable":true,"href":"https:\/\/www.accuratereviews.com\/it\/wp-json\/wp\/v2\/media\/108590"}],"wp:attachment":[{"href":"https:\/\/www.accuratereviews.com\/it\/wp-json\/wp\/v2\/media?parent=108583"}],"wp:term":[{"taxonomy":"category","embeddable":true,"href":"https:\/\/www.accuratereviews.com\/it\/wp-json\/wp\/v2\/categories?post=108583"},{"taxonomy":"post_tag","embeddable":true,"href":"https:\/\/www.accuratereviews.com\/it\/wp-json\/wp\/v2\/tags?post=108583"},{"taxonomy":"features","embeddable":true,"href":"https:\/\/www.accuratereviews.com\/it\/wp-json\/wp\/v2\/features?post=108583"}],"curies":[{"name":"wp","href":"https:\/\/api.w.org\/{rel}","templated":true}]}}