{"id":10891,"date":"2019-02-11T10:09:16","date_gmt":"2019-02-11T10:09:16","guid":{"rendered":"https:\/\/www.accuratereviews.com\/?page_id=10891"},"modified":"2023-01-31T15:58:16","modified_gmt":"2023-01-31T15:58:16","slug":"renderforest-recensione","status":"publish","type":"page","link":"https:\/\/www.accuratereviews.com\/it\/video-editing-lista-software\/renderforest-recensione\/","title":{"rendered":"Renderforest"},"content":{"rendered":"<p><a href=\"https:\/\/www.renderforest.com\" target=\"_blank\" rel=\"noopener noreferrer\">Renderforest<\/a> \u00e8 un <strong>video maker gratuito<\/strong> online, basato su cloud storage, che ti offre la possibilit\u00e0 di creare video in pochi clic. Grazie ad un ampio catalogo di modelli di video, si pu\u00f2 scegliere il migliore per iniziare subito a <strong>modificare e a montare il video<\/strong>.<\/p>\n<p>Ti consente anche di progettare il tuo logo, di creare fantastici video promozionali, di personalizzare presentazioni tramite animazioni e clip musicali, e persino di realizzare il tuo sito web.<\/p>\n<h2>RENDERFOREST VIDEO MAKER &#8211; TUTORIAL<\/h2>\n<p>Vediamo un tutorial che ci spiega come <strong>creare, modificare e montare un video<\/strong> con Renderforest Video.<\/p>\n<div id=\"fluid-wrapper-counter-1\" class=\"g1-fluid-wrapper \" style=\"width:686px;\"><div style=\"padding-bottom:56.268221574344%;\"><iframe loading=\"lazy\" title=\"Renderforest Tutorial - Make Professional Video Intros in Less That 6 Minutes!\" width=\"686\" height=\"386\" src=\"https:\/\/www.youtube.com\/embed\/QzmSgeLOgok?feature=oembed&amp;wmode=transparent&amp;autohide=1&amp;autoplay=0&amp;disablekb=0&amp;fs=1&amp;loop=0&amp;enablejsapi=1&amp;rel=0&amp;controls=2&amp;showinfo=0&amp;wmode=transparent&amp;autohide=2&amp;autoplay=0&amp;disablekb=0&amp;fs=1&amp;loop=0&amp;enablejsapi=1&amp;rel=0&amp;controls=2&amp;showinfo=1\" frameborder=\"0\" allow=\"accelerometer; autoplay; clipboard-write; encrypted-media; gyroscope; picture-in-picture; web-share\" allowfullscreen><\/iframe><\/div><\/div>\n<p>&nbsp;<\/p>\n<h2>RENDERFOREST VIDEO MAKER &#8211; CARATTERISTICHE<\/h2>\n<p>Adesso che hai visto come funziona questo <strong>video maker <\/strong>online, proviamo a riassumere le sue principali caratteristiche:<\/p>\n<ul>\n<li><strong>Creazione video<\/strong> di qualit\u00e0 broadcast online;<\/li>\n<li><strong>Strumenti di editing video<\/strong> avanzati;<\/li>\n<li><strong>Strumento trimmer di voiceover<\/strong> per raddoppiare l&#8217;efficacia del tuo video;<\/li>\n<li><strong>Video commerciali<\/strong> della stock gallery o possibilit\u00e0 di caricare i propri video;<\/li>\n<li><strong>Oltre 195.000 filmati HD<\/strong> royalty-free per rendere i progetti pi\u00f9 professionali;<\/li>\n<li><strong>Rich Sound Library<\/strong> per arricchire i video con colonne sonore commerciali.<\/li>\n<\/ul>\n<p>&nbsp;<\/p>\n","protected":false},"excerpt":{"rendered":"<p>Renderforest \u00e8 un video maker gratuito online, basato su cloud storage, che ti offre la possibilit\u00e0 di creare video in pochi clic. Grazie ad un ampio catalogo di modelli di video, si pu\u00f2 scegliere il migliore per iniziare subito a modificare e a montare il video.<\/p>\n","protected":false},"author":17,"featured_media":12317,"parent":7571,"menu_order":0,"comment_status":"open","ping_status":"closed","template":"g1_template_page_review_new.php","meta":{"_acf_changed":false,"cwp_meta_box_check":"Yes","cwp_rev_product_name":"","cwp_rev_product_image":"","wppr_links":[],"cwp_rev_price":"","wppr_options":[{"name":"Usability","value":"0"},{"name":"Speed","value":"0"},{"name":"Features","value":"0"},{"name":"Support","value":"0"},{"name":"Pricing","value":"0"}],"wppr_pros":["","","","",""],"wppr_cons":["","","","",""],"_monsterinsights_skip_tracking":false,"_monsterinsights_sitenote_active":false,"_monsterinsights_sitenote_note":"","_monsterinsights_sitenote_category":0,"footnotes":""},"categories":[169],"tags":[198,226,225,216,3342,1244,228,1273,217],"features":[],"class_list":{"0":"post-10891","1":"page","2":"type-page","3":"status-publish","4":"has-post-thumbnail","6":"category-video-editing-software-it","7":"tag-come-modificare-un-video","8":"tag-come-montare-video","9":"tag-editing-video","10":"tag-editing-video-gratuiti","11":"tag-piattaforma-video-editing","12":"tag-programma-video-editing","13":"tag-software-video-editing","14":"tag-soluzione-video-editing","15":"tag-video-maker"},"wppr_data":{"cwp_meta_box_check":"Yes","cwp_rev_product_name":"","_wppr_review_template":"default","cwp_rev_product_image":"","cwp_image_link":"image","wppr_links":[],"cwp_rev_price":"","wppr_pros":["","","","",""],"wppr_cons":["","","","",""],"wppr_rating":"0.00","wppr_options":{"1":{"name":"Usability","value":"0"},"2":{"name":"Speed","value":"0"},"3":{"name":"Features","value":"0"},"4":{"name":"Support","value":"0"},"5":{"name":"Pricing","value":"0"}},"wppr_review_type":"Product","wppr_review_custom_fields":{"additionalProperty":"","additionalType":"","aggregateRating":"","alternateName":"","audience":"","award":"","awards":"","brand":"","color":"","depth":"","description":"","disambiguatingDescription":"","gtin12":"","gtin13":"","gtin14":"","gtin8":"","height":"","identifier":"","image":"","isAccessoryOrSparePartFor":"","isConsumableFor":"","isRelatedTo":"","isSimilarTo":"","itemCondition":"","logo":"","mainEntityOfPage":"","manufacturer":"","material":"","model":"","mpn":"","name":"","offers":"","potentialAction":"","productID":"","productionDate":"","purchaseDate":"","releaseDate":"","review":"","reviews":"","sameAs":"","sku":"","slogan":"","subjectOf":"","url":"","weight":"","width":""}},"acf":[],"yoast_head":"<!-- This site is optimized with the Yoast SEO plugin v27.4 - https:\/\/yoast.com\/product\/yoast-seo-wordpress\/ -->\n<title>Renderforest Recensione - Accurate Reviews<\/title>\n<meta name=\"description\" content=\"Renderforest Video maker: recensione di un video maker gratuito online, basato su cloud storage, che ti offre la possibilit\u00e0 di creare video in pochi clic.\" \/>\n<meta name=\"robots\" content=\"index, follow, max-snippet:-1, max-image-preview:large, max-video-preview:-1\" \/>\n<link rel=\"canonical\" href=\"https:\/\/www.accuratereviews.com\/it\/video-editing-lista-software\/renderforest-recensione\/\" \/>\n<meta property=\"og:locale\" content=\"it_IT\" \/>\n<meta property=\"og:type\" content=\"article\" \/>\n<meta property=\"og:title\" content=\"Renderforest Recensione - Accurate Reviews\" \/>\n<meta property=\"og:description\" content=\"Renderforest Video maker: recensione di un video maker gratuito online, basato su cloud storage, che ti offre la possibilit\u00e0 di creare video in pochi clic.\" \/>\n<meta property=\"og:url\" content=\"https:\/\/www.accuratereviews.com\/it\/video-editing-lista-software\/renderforest-recensione\/\" \/>\n<meta property=\"og:site_name\" content=\"Accurate Reviews\" \/>\n<meta property=\"article:modified_time\" content=\"2023-01-31T15:58:16+00:00\" \/>\n<meta property=\"og:image\" content=\"https:\/\/www.accuratereviews.com\/wp-content\/uploads\/2019\/03\/renderforest-logo2.jpg\" \/>\n\t<meta property=\"og:image:width\" content=\"1800\" \/>\n\t<meta property=\"og:image:height\" content=\"1001\" \/>\n\t<meta property=\"og:image:type\" content=\"image\/jpeg\" \/>\n<meta name=\"twitter:card\" content=\"summary_large_image\" \/>\n<meta name=\"twitter:label1\" content=\"Tempo di lettura stimato\" \/>\n\t<meta name=\"twitter:data1\" content=\"1 minuto\" \/>\n<script type=\"application\/ld+json\" class=\"yoast-schema-graph\">{\"@context\":\"https:\\\/\\\/schema.org\",\"@graph\":[{\"@type\":\"WebPage\",\"@id\":\"https:\\\/\\\/www.accuratereviews.com\\\/it\\\/video-editing-lista-software\\\/renderforest-recensione\\\/\",\"url\":\"https:\\\/\\\/www.accuratereviews.com\\\/it\\\/video-editing-lista-software\\\/renderforest-recensione\\\/\",\"name\":\"Renderforest Recensione - Accurate Reviews\",\"isPartOf\":{\"@id\":\"https:\\\/\\\/www.accuratereviews.com\\\/it\\\/#website\"},\"primaryImageOfPage\":{\"@id\":\"https:\\\/\\\/www.accuratereviews.com\\\/it\\\/video-editing-lista-software\\\/renderforest-recensione\\\/#primaryimage\"},\"image\":{\"@id\":\"https:\\\/\\\/www.accuratereviews.com\\\/it\\\/video-editing-lista-software\\\/renderforest-recensione\\\/#primaryimage\"},\"thumbnailUrl\":\"https:\\\/\\\/www.accuratereviews.com\\\/wp-content\\\/uploads\\\/2019\\\/03\\\/renderforest-logo2.jpg\",\"datePublished\":\"2019-02-11T10:09:16+00:00\",\"dateModified\":\"2023-01-31T15:58:16+00:00\",\"description\":\"Renderforest Video maker: recensione di un video maker gratuito online, basato su cloud storage, che ti offre la possibilit\u00e0 di creare video in pochi clic.\",\"breadcrumb\":{\"@id\":\"https:\\\/\\\/www.accuratereviews.com\\\/it\\\/video-editing-lista-software\\\/renderforest-recensione\\\/#breadcrumb\"},\"inLanguage\":\"it-IT\",\"potentialAction\":[{\"@type\":\"ReadAction\",\"target\":[\"https:\\\/\\\/www.accuratereviews.com\\\/it\\\/video-editing-lista-software\\\/renderforest-recensione\\\/\"]}]},{\"@type\":\"ImageObject\",\"inLanguage\":\"it-IT\",\"@id\":\"https:\\\/\\\/www.accuratereviews.com\\\/it\\\/video-editing-lista-software\\\/renderforest-recensione\\\/#primaryimage\",\"url\":\"https:\\\/\\\/www.accuratereviews.com\\\/wp-content\\\/uploads\\\/2019\\\/03\\\/renderforest-logo2.jpg\",\"contentUrl\":\"https:\\\/\\\/www.accuratereviews.com\\\/wp-content\\\/uploads\\\/2019\\\/03\\\/renderforest-logo2.jpg\",\"width\":1800,\"height\":1001},{\"@type\":\"BreadcrumbList\",\"@id\":\"https:\\\/\\\/www.accuratereviews.com\\\/it\\\/video-editing-lista-software\\\/renderforest-recensione\\\/#breadcrumb\",\"itemListElement\":[{\"@type\":\"ListItem\",\"position\":1,\"name\":\"Home\",\"item\":\"https:\\\/\\\/www.accuratereviews.com\\\/it\\\/\"},{\"@type\":\"ListItem\",\"position\":2,\"name\":\"Software per il video editing\",\"item\":\"https:\\\/\\\/www.accuratereviews.com\\\/it\\\/video-editing-lista-software\\\/\"},{\"@type\":\"ListItem\",\"position\":3,\"name\":\"Renderforest\"}]},{\"@type\":\"WebSite\",\"@id\":\"https:\\\/\\\/www.accuratereviews.com\\\/it\\\/#website\",\"url\":\"https:\\\/\\\/www.accuratereviews.com\\\/it\\\/\",\"name\":\"Accurate Reviews\",\"description\":\"\",\"potentialAction\":[{\"@type\":\"SearchAction\",\"target\":{\"@type\":\"EntryPoint\",\"urlTemplate\":\"https:\\\/\\\/www.accuratereviews.com\\\/it\\\/?s={search_term_string}\"},\"query-input\":{\"@type\":\"PropertyValueSpecification\",\"valueRequired\":true,\"valueName\":\"search_term_string\"}}],\"inLanguage\":\"it-IT\"}]}<\/script>\n<!-- \/ Yoast SEO plugin. -->","yoast_head_json":{"title":"Renderforest Recensione - Accurate Reviews","description":"Renderforest Video maker: recensione di un video maker gratuito online, basato su cloud storage, che ti offre la possibilit\u00e0 di creare video in pochi clic.","robots":{"index":"index","follow":"follow","max-snippet":"max-snippet:-1","max-image-preview":"max-image-preview:large","max-video-preview":"max-video-preview:-1"},"canonical":"https:\/\/www.accuratereviews.com\/it\/video-editing-lista-software\/renderforest-recensione\/","og_locale":"it_IT","og_type":"article","og_title":"Renderforest Recensione - Accurate Reviews","og_description":"Renderforest Video maker: recensione di un video maker gratuito online, basato su cloud storage, che ti offre la possibilit\u00e0 di creare video in pochi clic.","og_url":"https:\/\/www.accuratereviews.com\/it\/video-editing-lista-software\/renderforest-recensione\/","og_site_name":"Accurate Reviews","article_modified_time":"2023-01-31T15:58:16+00:00","og_image":[{"width":1800,"height":1001,"url":"https:\/\/www.accuratereviews.com\/wp-content\/uploads\/2019\/03\/renderforest-logo2.jpg","type":"image\/jpeg"}],"twitter_card":"summary_large_image","twitter_misc":{"Tempo di lettura stimato":"1 minuto"},"schema":{"@context":"https:\/\/schema.org","@graph":[{"@type":"WebPage","@id":"https:\/\/www.accuratereviews.com\/it\/video-editing-lista-software\/renderforest-recensione\/","url":"https:\/\/www.accuratereviews.com\/it\/video-editing-lista-software\/renderforest-recensione\/","name":"Renderforest Recensione - Accurate Reviews","isPartOf":{"@id":"https:\/\/www.accuratereviews.com\/it\/#website"},"primaryImageOfPage":{"@id":"https:\/\/www.accuratereviews.com\/it\/video-editing-lista-software\/renderforest-recensione\/#primaryimage"},"image":{"@id":"https:\/\/www.accuratereviews.com\/it\/video-editing-lista-software\/renderforest-recensione\/#primaryimage"},"thumbnailUrl":"https:\/\/www.accuratereviews.com\/wp-content\/uploads\/2019\/03\/renderforest-logo2.jpg","datePublished":"2019-02-11T10:09:16+00:00","dateModified":"2023-01-31T15:58:16+00:00","description":"Renderforest Video maker: recensione di un video maker gratuito online, basato su cloud storage, che ti offre la possibilit\u00e0 di creare video in pochi clic.","breadcrumb":{"@id":"https:\/\/www.accuratereviews.com\/it\/video-editing-lista-software\/renderforest-recensione\/#breadcrumb"},"inLanguage":"it-IT","potentialAction":[{"@type":"ReadAction","target":["https:\/\/www.accuratereviews.com\/it\/video-editing-lista-software\/renderforest-recensione\/"]}]},{"@type":"ImageObject","inLanguage":"it-IT","@id":"https:\/\/www.accuratereviews.com\/it\/video-editing-lista-software\/renderforest-recensione\/#primaryimage","url":"https:\/\/www.accuratereviews.com\/wp-content\/uploads\/2019\/03\/renderforest-logo2.jpg","contentUrl":"https:\/\/www.accuratereviews.com\/wp-content\/uploads\/2019\/03\/renderforest-logo2.jpg","width":1800,"height":1001},{"@type":"BreadcrumbList","@id":"https:\/\/www.accuratereviews.com\/it\/video-editing-lista-software\/renderforest-recensione\/#breadcrumb","itemListElement":[{"@type":"ListItem","position":1,"name":"Home","item":"https:\/\/www.accuratereviews.com\/it\/"},{"@type":"ListItem","position":2,"name":"Software per il video editing","item":"https:\/\/www.accuratereviews.com\/it\/video-editing-lista-software\/"},{"@type":"ListItem","position":3,"name":"Renderforest"}]},{"@type":"WebSite","@id":"https:\/\/www.accuratereviews.com\/it\/#website","url":"https:\/\/www.accuratereviews.com\/it\/","name":"Accurate Reviews","description":"","potentialAction":[{"@type":"SearchAction","target":{"@type":"EntryPoint","urlTemplate":"https:\/\/www.accuratereviews.com\/it\/?s={search_term_string}"},"query-input":{"@type":"PropertyValueSpecification","valueRequired":true,"valueName":"search_term_string"}}],"inLanguage":"it-IT"}]}},"_links":{"self":[{"href":"https:\/\/www.accuratereviews.com\/it\/wp-json\/wp\/v2\/pages\/10891","targetHints":{"allow":["GET"]}}],"collection":[{"href":"https:\/\/www.accuratereviews.com\/it\/wp-json\/wp\/v2\/pages"}],"about":[{"href":"https:\/\/www.accuratereviews.com\/it\/wp-json\/wp\/v2\/types\/page"}],"author":[{"embeddable":true,"href":"https:\/\/www.accuratereviews.com\/it\/wp-json\/wp\/v2\/users\/17"}],"replies":[{"embeddable":true,"href":"https:\/\/www.accuratereviews.com\/it\/wp-json\/wp\/v2\/comments?post=10891"}],"version-history":[{"count":13,"href":"https:\/\/www.accuratereviews.com\/it\/wp-json\/wp\/v2\/pages\/10891\/revisions"}],"predecessor-version":[{"id":66832,"href":"https:\/\/www.accuratereviews.com\/it\/wp-json\/wp\/v2\/pages\/10891\/revisions\/66832"}],"up":[{"embeddable":true,"href":"https:\/\/www.accuratereviews.com\/it\/wp-json\/wp\/v2\/pages\/7571"}],"wp:featuredmedia":[{"embeddable":true,"href":"https:\/\/www.accuratereviews.com\/it\/wp-json\/wp\/v2\/media\/12317"}],"wp:attachment":[{"href":"https:\/\/www.accuratereviews.com\/it\/wp-json\/wp\/v2\/media?parent=10891"}],"wp:term":[{"taxonomy":"category","embeddable":true,"href":"https:\/\/www.accuratereviews.com\/it\/wp-json\/wp\/v2\/categories?post=10891"},{"taxonomy":"post_tag","embeddable":true,"href":"https:\/\/www.accuratereviews.com\/it\/wp-json\/wp\/v2\/tags?post=10891"},{"taxonomy":"features","embeddable":true,"href":"https:\/\/www.accuratereviews.com\/it\/wp-json\/wp\/v2\/features?post=10891"}],"curies":[{"name":"wp","href":"https:\/\/api.w.org\/{rel}","templated":true}]}}