{"id":10982,"date":"2019-02-13T08:43:36","date_gmt":"2019-02-13T08:43:36","guid":{"rendered":"https:\/\/www.accuratereviews.com\/?page_id=10982"},"modified":"2023-01-30T10:31:33","modified_gmt":"2023-01-30T10:31:33","slug":"vsdc-video-editor-gratuito-recensione","status":"publish","type":"page","link":"https:\/\/www.accuratereviews.com\/it\/video-editing-lista-software\/vsdc-video-editor-gratuito-recensione\/","title":{"rendered":"VSDC"},"content":{"rendered":"<p><strong>VSDC Video Editor<\/strong> \u00e8 un <strong>software di video editing gratuito<\/strong> che ti permette di modificare, elaborare e <strong>creare video<\/strong> in modo semplice e veloce. Mette a tua disposizione una serie di filtri e di effetti video e audio, utili per rendere il tuo videoclip unico e diverso dagli altri!<\/p>\n<p>Inoltre, in aggiunta al <strong>video editor<\/strong>, troviamo incorporati nel programma anche un <strong>convertitore di video\/audio<\/strong> che ti permette di convertire il tuo clip da un formato ad un altro; uno screen recorder che ti permette di registrare lo schermo e l&#8217;audio; uno strumento che ti consente di\u00a0registrare video e audio da diversi dispositivi esterni e di salvarli sul pc in differenti formati e\u00a0l&#8217;audiograbber, in grado di catturare tracce audio da CD e trasferirle sul computer.<\/p>\n<h2>COME TAGLIARE UN VIDEO CON VSDC VIDEO EDITOR &#8211; TUTORIAL<\/h2>\n<p>Proviamo a dare un&#8217;occhiata a questo tutorial che ci spiega <strong>come tagliare un video con VSDC:<\/strong><\/p>\n<div id=\"fluid-wrapper-counter-1\" class=\"g1-fluid-wrapper \" style=\"width:686px;\"><div style=\"padding-bottom:56.268221574344%;\"><iframe loading=\"lazy\" title=\"How to CUT,SPLIT &amp; CROP a video - VSDC 2018 Tutorial\" width=\"515\" height=\"386\" src=\"https:\/\/www.youtube.com\/embed\/CfCYlI5g-q0?feature=oembed&amp;wmode=transparent&amp;autohide=1&amp;autoplay=0&amp;disablekb=0&amp;fs=1&amp;loop=0&amp;enablejsapi=1&amp;rel=0&amp;controls=2&amp;showinfo=0&amp;wmode=transparent&amp;autohide=2&amp;autoplay=0&amp;disablekb=0&amp;fs=1&amp;loop=0&amp;enablejsapi=1&amp;rel=0&amp;controls=2&amp;showinfo=1\" frameborder=\"0\" allow=\"accelerometer; autoplay; clipboard-write; encrypted-media; gyroscope; picture-in-picture; web-share\" allowfullscreen><\/iframe><\/div><\/div>\n<p>&nbsp;<\/p>\n<h3>VSDC VIDEO EDITOR &#8211; CARATTERISTICHE<\/h3>\n<ul>\n<li><strong>Effetti video e audio:\u00a0<\/strong>avete a disposizione un&#8217;ampia scelta di effetti che renderanno il tuo video strepitoso!<\/li>\n<li><strong>Filtri e sfumatura dei colori:\u00a0<\/strong>potete provare a dare un tocco pi\u00f9 professionale al vostro video utilizzando un&#8217;ampia scelta di parametri regolabili in base alle vostre preferenze o applicare i filtri in stile Instagram<\/li>\n<li><strong>Precisione: <\/strong>garantita dal livello subpixel<\/li>\n<li><strong>Supporto di tutti i formati pi\u00f9 diffusi:<\/strong>\u00a0supporta praticamente tutti i formati multimediali video e audio<\/li>\n<li><strong>Utilizzo dei grafici: <\/strong>avrete la possibilit\u00e0 di creare vari tipi di grafici, anche in 3D!<\/li>\n<li><strong>Strumento per la masterizzazione DVD<\/strong> incorporata<\/li>\n<li><strong>Tool di cattura delle immagini: <\/strong>vi permette di catturare immagini\u00a0dal desktop e di trasferirle in un file video sul computer<\/li>\n<li><strong>Convertitore di file video:\u00a0<\/strong>potrete convertire rapidamente file video da un formato all&#8217;altro<\/li>\n<li><strong>Tool di cattura dei video: <\/strong>vi permette di\u00a0catturare clip video da diverse sorgenti video, salvarle sul computer e poter cos\u00ec apportare modifiche<\/li>\n<\/ul>\n<h4>LE RECENSIONI DEGLI UTENTI<\/h4>\n<p><strong>Marie&#8221;Incredibile app per modificare i video di Youtube!&#8221;<\/strong><br \/>\n<strong>Commenti<\/strong>: Bella esperienza per modificare i miei video su YouTube! Veloce per produrre video. Veloce da modificare. Software di editing video semplice ed efficiente con VSDC Video Editor!<br \/>\n<strong>Pro<\/strong>: Adoro questo prodotto Video Editor VSDC! Adoro questo prodotto perch\u00e9 l&#8217;ho trovato per modificare i miei video di YouTube. Da quando lo uso, ha reso i miei video molto facili da modificare e lavorare. Mi piace come \u00e8 facile navigare e rende la mia modifica cos\u00ec veloce e precisa. Alcune app sono difficili da usare, ma VSDC \u00e8 cos\u00ec facile! Ha uno schermo verde disponibile per la modifica, ha strumenti di zoom, cambi di colore, effetti video, strumenti di taglio e molto altro da offrire. Questa \u00e8 un&#8217;app meravigliosa!<br \/>\n<strong>Contro<\/strong>: Ci\u00f2 che pu\u00f2 migliorare \u00e8 modernizzare ulteriormente il software. Se possono aggiornare lo stile del software. Sar\u00e0 pi\u00f9 tecnologicamente moderno da usare. Poich\u00e9 c&#8217;\u00e8 molta concorrenza con i software di editing video. Lo trovo un po&#8217; vecchio stile, ma a parte questo \u00e8 molto facile da usare, ha solo bisogno di un po&#8217; di aggiornamento!<\/p>\n<p><strong>Kasun&#8221;Un editor super veloce&#8221;<\/strong><br \/>\n<strong>Commenti<\/strong>: VSDC mi ha aiutato molto a rendere il mio canale YouTube un successo..!! L&#8217;interfaccia utente \u00e8 super facile da controllare e ha una libreria piena di effetti e filtri per adattarsi a qualsiasi progetto. Saluti al team di sviluppo. Ti voglio tanto bene.. \u2764\ufe0f<br \/>\n<strong>Pro<\/strong>: Libreria di filtri ed effetti, super facile da controllare.<br \/>\n<strong>Contro<\/strong>: niente. Lo adoro&#8230;<\/p>\n<p><strong>Cristhian Josue&#8221;L&#8217;editor video VSDC dimostra che gli editor video gratuiti possono essere un&#8217;ottima alternativa&#8221;<\/strong><br \/>\n<strong>Pro<\/strong>: Nonostante sia gratuito, questo editor video \u00e8 molto potente e ha funzioni interessanti come la Chroma Key multicolore, a cui possiamo regolare i parametri per avere una risoluzione migliorata e la possibilit\u00e0 di creare video HD. Personalmente, penso che questo sia uno dei migliori editor video gratuiti che ho provato, ha strumenti che ci permetterebbero di creare una produzione audiovisiva di prima classe, questo editor video VSDC \u00e8 un&#8217;opzione essenziale per qualsiasi post-produzione su cui stiamo lavorando .<br \/>\n<strong>Contro<\/strong>: Essendo un editor video gratuito, siamo limitati nell&#8217;avere funzionalit\u00e0 meno potenti, l&#8217;editor video VSDC \u00e8 molto carino. Ma la povert\u00e0 di una biblioteca multimediale e un&#8217;interfaccia poco attraente lasciano molto a desiderare in alcuni aspetti. Se una libreria multimediale gratuita e gli effetti sono la tua priorit\u00e0, questo software non fa per te.<\/p>\n","protected":false},"excerpt":{"rendered":"<p>VSDC Video Editor \u00e8 un software di video editing gratuito che ti permette di modificare, elaborare e creare video in modo semplice e veloce. Mette a tua disposizione una serie di filtri e di effetti video e audio, utili per rendere il tuo videoclip unico e diverso dagli altri!<\/p>\n","protected":false},"author":17,"featured_media":11015,"parent":7571,"menu_order":0,"comment_status":"open","ping_status":"closed","template":"g1_template_page_review_new.php","meta":{"_acf_changed":false,"cwp_meta_box_check":"Yes","cwp_rev_product_name":"","cwp_rev_product_image":"","wppr_links":[],"cwp_rev_price":"","wppr_options":[{"name":"Usability","value":"0"},{"name":"Speed","value":"0"},{"name":"Features","value":"0"},{"name":"Support","value":"0"},{"name":"Pricing","value":"0"}],"wppr_pros":["","","","",""],"wppr_cons":["","","","",""],"_monsterinsights_skip_tracking":false,"_monsterinsights_sitenote_active":false,"_monsterinsights_sitenote_note":"","_monsterinsights_sitenote_category":0,"footnotes":""},"categories":[169],"tags":[200,233,1627,225,260,259,2679,205,251,2680,250,232,202,831],"features":[],"class_list":{"0":"post-10982","1":"page","2":"type-page","3":"status-publish","4":"has-post-thumbnail","6":"category-video-editing-software-it","7":"tag-come-tagliare-un-video","8":"tag-come-tagliare-un-video-con-vsdc","9":"tag-editing-video-2-it","10":"tag-editing-video","11":"tag-free-software-video-editing","12":"tag-free-video-editor","13":"tag-how-to-crop-a-video-2-it","14":"tag-how-to-crop-a-video","15":"tag-how-to-cut-a-video","16":"tag-how-to-cut-a-video-2-it","17":"tag-modificare-video-it","18":"tag-software-video-editing-gratuito","19":"tag-video-editing","20":"tag-video-editing-2-it"},"wppr_data":{"cwp_meta_box_check":"Yes","cwp_rev_product_name":"","_wppr_review_template":"default","cwp_rev_product_image":"","cwp_image_link":"image","wppr_links":[],"cwp_rev_price":"","wppr_pros":["","","","",""],"wppr_cons":["","","","",""],"wppr_rating":"0.00","wppr_options":{"1":{"name":"Usability","value":"0"},"2":{"name":"Speed","value":"0"},"3":{"name":"Features","value":"0"},"4":{"name":"Support","value":"0"},"5":{"name":"Pricing","value":"0"}},"wppr_review_type":"Product","wppr_review_custom_fields":{"additionalProperty":"","additionalType":"","aggregateRating":"","alternateName":"","audience":"","award":"","awards":"","brand":"","color":"","depth":"","description":"","disambiguatingDescription":"","gtin12":"","gtin13":"","gtin14":"","gtin8":"","height":"","identifier":"","image":"","isAccessoryOrSparePartFor":"","isConsumableFor":"","isRelatedTo":"","isSimilarTo":"","itemCondition":"","logo":"","mainEntityOfPage":"","manufacturer":"","material":"","model":"","mpn":"","name":"","offers":"","potentialAction":"","productID":"","productionDate":"","purchaseDate":"","releaseDate":"","review":"","reviews":"","sameAs":"","sku":"","slogan":"","subjectOf":"","url":"","weight":"","width":""}},"acf":[],"yoast_head":"<!-- This site is optimized with the Yoast SEO plugin v27.4 - https:\/\/yoast.com\/product\/yoast-seo-wordpress\/ -->\n<title>VSDC Video Editor gratuito: recensione - Accurate Reviews<\/title>\n<meta name=\"description\" content=\"VSDC Video Editor: recesione di un software di video editing gratuito che ti permette di modificare, elaborare e creare video in modo semplice e veloce.\" \/>\n<meta name=\"robots\" content=\"index, follow, max-snippet:-1, max-image-preview:large, max-video-preview:-1\" \/>\n<link rel=\"canonical\" href=\"https:\/\/www.accuratereviews.com\/it\/video-editing-lista-software\/vsdc-video-editor-gratuito-recensione\/\" \/>\n<meta property=\"og:locale\" content=\"it_IT\" \/>\n<meta property=\"og:type\" content=\"article\" \/>\n<meta property=\"og:title\" content=\"VSDC Video Editor gratuito: recensione - Accurate Reviews\" \/>\n<meta property=\"og:description\" content=\"VSDC Video Editor: recesione di un software di video editing gratuito che ti permette di modificare, elaborare e creare video in modo semplice e veloce.\" \/>\n<meta property=\"og:url\" content=\"https:\/\/www.accuratereviews.com\/it\/video-editing-lista-software\/vsdc-video-editor-gratuito-recensione\/\" \/>\n<meta property=\"og:site_name\" content=\"Accurate Reviews\" \/>\n<meta property=\"article:modified_time\" content=\"2023-01-30T10:31:33+00:00\" \/>\n<meta property=\"og:image\" content=\"https:\/\/www.accuratereviews.com\/wp-content\/uploads\/2019\/02\/VSDC-Logo-transparent.png\" \/>\n\t<meta property=\"og:image:width\" content=\"1920\" \/>\n\t<meta property=\"og:image:height\" content=\"1080\" \/>\n\t<meta property=\"og:image:type\" content=\"image\/png\" \/>\n<meta name=\"twitter:card\" content=\"summary_large_image\" \/>\n<meta name=\"twitter:label1\" content=\"Tempo di lettura stimato\" \/>\n\t<meta name=\"twitter:data1\" content=\"4 minuti\" \/>\n<script type=\"application\/ld+json\" class=\"yoast-schema-graph\">{\"@context\":\"https:\\\/\\\/schema.org\",\"@graph\":[{\"@type\":\"WebPage\",\"@id\":\"https:\\\/\\\/www.accuratereviews.com\\\/it\\\/video-editing-lista-software\\\/vsdc-video-editor-gratuito-recensione\\\/\",\"url\":\"https:\\\/\\\/www.accuratereviews.com\\\/it\\\/video-editing-lista-software\\\/vsdc-video-editor-gratuito-recensione\\\/\",\"name\":\"VSDC Video Editor gratuito: recensione - Accurate Reviews\",\"isPartOf\":{\"@id\":\"https:\\\/\\\/www.accuratereviews.com\\\/it\\\/#website\"},\"primaryImageOfPage\":{\"@id\":\"https:\\\/\\\/www.accuratereviews.com\\\/it\\\/video-editing-lista-software\\\/vsdc-video-editor-gratuito-recensione\\\/#primaryimage\"},\"image\":{\"@id\":\"https:\\\/\\\/www.accuratereviews.com\\\/it\\\/video-editing-lista-software\\\/vsdc-video-editor-gratuito-recensione\\\/#primaryimage\"},\"thumbnailUrl\":\"https:\\\/\\\/www.accuratereviews.com\\\/wp-content\\\/uploads\\\/2019\\\/02\\\/VSDC-Logo-transparent.png\",\"datePublished\":\"2019-02-13T08:43:36+00:00\",\"dateModified\":\"2023-01-30T10:31:33+00:00\",\"description\":\"VSDC Video Editor: recesione di un software di video editing gratuito che ti permette di modificare, elaborare e creare video in modo semplice e veloce.\",\"breadcrumb\":{\"@id\":\"https:\\\/\\\/www.accuratereviews.com\\\/it\\\/video-editing-lista-software\\\/vsdc-video-editor-gratuito-recensione\\\/#breadcrumb\"},\"inLanguage\":\"it-IT\",\"potentialAction\":[{\"@type\":\"ReadAction\",\"target\":[\"https:\\\/\\\/www.accuratereviews.com\\\/it\\\/video-editing-lista-software\\\/vsdc-video-editor-gratuito-recensione\\\/\"]}]},{\"@type\":\"ImageObject\",\"inLanguage\":\"it-IT\",\"@id\":\"https:\\\/\\\/www.accuratereviews.com\\\/it\\\/video-editing-lista-software\\\/vsdc-video-editor-gratuito-recensione\\\/#primaryimage\",\"url\":\"https:\\\/\\\/www.accuratereviews.com\\\/wp-content\\\/uploads\\\/2019\\\/02\\\/VSDC-Logo-transparent.png\",\"contentUrl\":\"https:\\\/\\\/www.accuratereviews.com\\\/wp-content\\\/uploads\\\/2019\\\/02\\\/VSDC-Logo-transparent.png\",\"width\":1920,\"height\":1080},{\"@type\":\"BreadcrumbList\",\"@id\":\"https:\\\/\\\/www.accuratereviews.com\\\/it\\\/video-editing-lista-software\\\/vsdc-video-editor-gratuito-recensione\\\/#breadcrumb\",\"itemListElement\":[{\"@type\":\"ListItem\",\"position\":1,\"name\":\"Home\",\"item\":\"https:\\\/\\\/www.accuratereviews.com\\\/it\\\/\"},{\"@type\":\"ListItem\",\"position\":2,\"name\":\"Software per il video editing\",\"item\":\"https:\\\/\\\/www.accuratereviews.com\\\/it\\\/video-editing-lista-software\\\/\"},{\"@type\":\"ListItem\",\"position\":3,\"name\":\"VSDC\"}]},{\"@type\":\"WebSite\",\"@id\":\"https:\\\/\\\/www.accuratereviews.com\\\/it\\\/#website\",\"url\":\"https:\\\/\\\/www.accuratereviews.com\\\/it\\\/\",\"name\":\"Accurate Reviews\",\"description\":\"\",\"potentialAction\":[{\"@type\":\"SearchAction\",\"target\":{\"@type\":\"EntryPoint\",\"urlTemplate\":\"https:\\\/\\\/www.accuratereviews.com\\\/it\\\/?s={search_term_string}\"},\"query-input\":{\"@type\":\"PropertyValueSpecification\",\"valueRequired\":true,\"valueName\":\"search_term_string\"}}],\"inLanguage\":\"it-IT\"}]}<\/script>\n<!-- \/ Yoast SEO plugin. -->","yoast_head_json":{"title":"VSDC Video Editor gratuito: recensione - Accurate Reviews","description":"VSDC Video Editor: recesione di un software di video editing gratuito che ti permette di modificare, elaborare e creare video in modo semplice e veloce.","robots":{"index":"index","follow":"follow","max-snippet":"max-snippet:-1","max-image-preview":"max-image-preview:large","max-video-preview":"max-video-preview:-1"},"canonical":"https:\/\/www.accuratereviews.com\/it\/video-editing-lista-software\/vsdc-video-editor-gratuito-recensione\/","og_locale":"it_IT","og_type":"article","og_title":"VSDC Video Editor gratuito: recensione - Accurate Reviews","og_description":"VSDC Video Editor: recesione di un software di video editing gratuito che ti permette di modificare, elaborare e creare video in modo semplice e veloce.","og_url":"https:\/\/www.accuratereviews.com\/it\/video-editing-lista-software\/vsdc-video-editor-gratuito-recensione\/","og_site_name":"Accurate Reviews","article_modified_time":"2023-01-30T10:31:33+00:00","og_image":[{"width":1920,"height":1080,"url":"https:\/\/www.accuratereviews.com\/wp-content\/uploads\/2019\/02\/VSDC-Logo-transparent.png","type":"image\/png"}],"twitter_card":"summary_large_image","twitter_misc":{"Tempo di lettura stimato":"4 minuti"},"schema":{"@context":"https:\/\/schema.org","@graph":[{"@type":"WebPage","@id":"https:\/\/www.accuratereviews.com\/it\/video-editing-lista-software\/vsdc-video-editor-gratuito-recensione\/","url":"https:\/\/www.accuratereviews.com\/it\/video-editing-lista-software\/vsdc-video-editor-gratuito-recensione\/","name":"VSDC Video Editor gratuito: recensione - Accurate Reviews","isPartOf":{"@id":"https:\/\/www.accuratereviews.com\/it\/#website"},"primaryImageOfPage":{"@id":"https:\/\/www.accuratereviews.com\/it\/video-editing-lista-software\/vsdc-video-editor-gratuito-recensione\/#primaryimage"},"image":{"@id":"https:\/\/www.accuratereviews.com\/it\/video-editing-lista-software\/vsdc-video-editor-gratuito-recensione\/#primaryimage"},"thumbnailUrl":"https:\/\/www.accuratereviews.com\/wp-content\/uploads\/2019\/02\/VSDC-Logo-transparent.png","datePublished":"2019-02-13T08:43:36+00:00","dateModified":"2023-01-30T10:31:33+00:00","description":"VSDC Video Editor: recesione di un software di video editing gratuito che ti permette di modificare, elaborare e creare video in modo semplice e veloce.","breadcrumb":{"@id":"https:\/\/www.accuratereviews.com\/it\/video-editing-lista-software\/vsdc-video-editor-gratuito-recensione\/#breadcrumb"},"inLanguage":"it-IT","potentialAction":[{"@type":"ReadAction","target":["https:\/\/www.accuratereviews.com\/it\/video-editing-lista-software\/vsdc-video-editor-gratuito-recensione\/"]}]},{"@type":"ImageObject","inLanguage":"it-IT","@id":"https:\/\/www.accuratereviews.com\/it\/video-editing-lista-software\/vsdc-video-editor-gratuito-recensione\/#primaryimage","url":"https:\/\/www.accuratereviews.com\/wp-content\/uploads\/2019\/02\/VSDC-Logo-transparent.png","contentUrl":"https:\/\/www.accuratereviews.com\/wp-content\/uploads\/2019\/02\/VSDC-Logo-transparent.png","width":1920,"height":1080},{"@type":"BreadcrumbList","@id":"https:\/\/www.accuratereviews.com\/it\/video-editing-lista-software\/vsdc-video-editor-gratuito-recensione\/#breadcrumb","itemListElement":[{"@type":"ListItem","position":1,"name":"Home","item":"https:\/\/www.accuratereviews.com\/it\/"},{"@type":"ListItem","position":2,"name":"Software per il video editing","item":"https:\/\/www.accuratereviews.com\/it\/video-editing-lista-software\/"},{"@type":"ListItem","position":3,"name":"VSDC"}]},{"@type":"WebSite","@id":"https:\/\/www.accuratereviews.com\/it\/#website","url":"https:\/\/www.accuratereviews.com\/it\/","name":"Accurate Reviews","description":"","potentialAction":[{"@type":"SearchAction","target":{"@type":"EntryPoint","urlTemplate":"https:\/\/www.accuratereviews.com\/it\/?s={search_term_string}"},"query-input":{"@type":"PropertyValueSpecification","valueRequired":true,"valueName":"search_term_string"}}],"inLanguage":"it-IT"}]}},"_links":{"self":[{"href":"https:\/\/www.accuratereviews.com\/it\/wp-json\/wp\/v2\/pages\/10982","targetHints":{"allow":["GET"]}}],"collection":[{"href":"https:\/\/www.accuratereviews.com\/it\/wp-json\/wp\/v2\/pages"}],"about":[{"href":"https:\/\/www.accuratereviews.com\/it\/wp-json\/wp\/v2\/types\/page"}],"author":[{"embeddable":true,"href":"https:\/\/www.accuratereviews.com\/it\/wp-json\/wp\/v2\/users\/17"}],"replies":[{"embeddable":true,"href":"https:\/\/www.accuratereviews.com\/it\/wp-json\/wp\/v2\/comments?post=10982"}],"version-history":[{"count":16,"href":"https:\/\/www.accuratereviews.com\/it\/wp-json\/wp\/v2\/pages\/10982\/revisions"}],"predecessor-version":[{"id":66739,"href":"https:\/\/www.accuratereviews.com\/it\/wp-json\/wp\/v2\/pages\/10982\/revisions\/66739"}],"up":[{"embeddable":true,"href":"https:\/\/www.accuratereviews.com\/it\/wp-json\/wp\/v2\/pages\/7571"}],"wp:featuredmedia":[{"embeddable":true,"href":"https:\/\/www.accuratereviews.com\/it\/wp-json\/wp\/v2\/media\/11015"}],"wp:attachment":[{"href":"https:\/\/www.accuratereviews.com\/it\/wp-json\/wp\/v2\/media?parent=10982"}],"wp:term":[{"taxonomy":"category","embeddable":true,"href":"https:\/\/www.accuratereviews.com\/it\/wp-json\/wp\/v2\/categories?post=10982"},{"taxonomy":"post_tag","embeddable":true,"href":"https:\/\/www.accuratereviews.com\/it\/wp-json\/wp\/v2\/tags?post=10982"},{"taxonomy":"features","embeddable":true,"href":"https:\/\/www.accuratereviews.com\/it\/wp-json\/wp\/v2\/features?post=10982"}],"curies":[{"name":"wp","href":"https:\/\/api.w.org\/{rel}","templated":true}]}}