{"id":10994,"date":"2019-02-13T08:20:11","date_gmt":"2019-02-13T08:20:11","guid":{"rendered":"https:\/\/www.accuratereviews.com\/?page_id=10994"},"modified":"2023-01-31T10:54:34","modified_gmt":"2023-01-31T10:54:34","slug":"shotcut-video-editing-gratuito-recensione","status":"publish","type":"page","link":"https:\/\/www.accuratereviews.com\/it\/video-editing-lista-software\/shotcut-video-editing-gratuito-recensione\/","title":{"rendered":"Shotcut"},"content":{"rendered":"<p><span class=\"notranslate\"><strong>Shotcut<\/strong> \u00e8 un <strong>video editor<\/strong> multipiattaforma gratuito, open source attraverso il quale puoi <strong>tagliare<\/strong> il tuo filmato in pochi passaggi alla lunghezza desiderata e quindi <strong>convertirlo<\/strong> in un formato a tua scelta.\u00a0Inoltre, puoi arricchire\u00a0ulteriormente le tue registrazioni utilizzando vari filtri ed effetti.<br \/>\nCon la funzione di registrazione, \u00e8 anche possibile acquisire direttamente i contenuti dalle webcam ed elaborarli, anche con i formati di streaming HTTP, HLS, RTMP, RTSP, MMS, UDP ecc.<\/span><\/p>\n<h2>COME TAGLIARE UN VIDEO CON SHOTCUT &#8211; TUTORIAL<\/h2>\n<p>Guardiamo insieme il nostro video tutorial &#8220;<strong>come tagliare un video con Shotcut<\/strong>&#8220;:<\/p>\n<div id=\"fluid-wrapper-counter-1\" class=\"g1-fluid-wrapper \" style=\"width:686px;\">\n<div style=\"padding-bottom:56.268221574344%;\"><iframe loading=\"lazy\" title=\"Come tagliare un video con Shotcut - Tutorial\" width=\"686\" height=\"386\" src=\"https:\/\/www.youtube.com\/embed\/EyGjmYPGh6I?feature=oembed&amp;wmode=transparent&amp;autohide=1&amp;autoplay=0&amp;disablekb=0&amp;fs=1&amp;loop=0&amp;enablejsapi=1&amp;rel=0&amp;controls=2&amp;showinfo=0&amp;wmode=transparent&amp;autohide=2&amp;autoplay=0&amp;disablekb=0&amp;fs=1&amp;loop=0&amp;enablejsapi=1&amp;rel=0&amp;controls=2&amp;showinfo=1\" frameborder=\"0\" allow=\"accelerometer; autoplay; clipboard-write; encrypted-media; gyroscope; picture-in-picture; web-share\" allowfullscreen><\/iframe><\/div>\n<\/div>\n<h3>CARATTERISTICHE<\/h3>\n<ul class=\"c-list f-bare\" dir=\"ltr\">\n<li><span class=\"notranslate\"><strong>Supporta<\/strong> formati di immagini popolari come BMP, GIF, JPEG, PNG, SVG, TGA, TIFF, WebP e sequenze di immagini.<\/span><\/li>\n<li><span class=\"notranslate\"><strong>Esporta<\/strong> in formati video popolari come H.264 e HEVC MP4 e WebM.<\/span><\/li>\n<li><span class=\"notranslate\"><strong>Ambiti sonori<\/strong>\u00a0loudness, peak meter, forma d&#8217;onda, analizzatore di spettro.<\/span><\/li>\n<li><span class=\"notranslate\"><strong>Filtri audio<\/strong>: Bilanciamento, Bassi e alti, Passa banda, Compressore, Copia canale, Ritardo, Mixdown, Espansore<\/span><\/li>\n<li><span class=\"notranslate\"><strong>Mixaggio<\/strong> audio automatico e miscelazione \/ compositing di traccia video.<\/span><\/li>\n<li><span class=\"notranslate\"><strong>Dissolvenza<\/strong> in entrata e in uscita di audio e dissolvenza video da e verso il nero con controlli fader di facile utilizzo sulla timeline.<\/span><\/li>\n<li><span class=\"notranslate\"><strong>Generatori<\/strong> di colore, rumore, tono, testo, conteggio e barre colori.<\/span><\/li>\n<li><span class=\"notranslate\"><strong>Effetti visivi<\/strong>: Bagliore, Tonalit\u00e0 \/ Luminosit\u00e0 \/ Saturazione, Inverti colori, 3D LUT, Maschera, Specchio, Mosaico, ecc.<\/span><\/li>\n<li><span class=\"notranslate\"><strong>Supporto<\/strong> per i pi\u00f9 recenti formati audio e video grazie a FFmpeg.<\/span><\/li>\n<\/ul>\n<h4>LE RECENSIONI DEGLI UTENTI<\/h4>\n<p><strong>Patrick&#8221;Facile da usare&#8221;<\/strong><br \/>\n<strong>Commenti<\/strong>: \u00c8 stato davvero fantastico, non mi pento di averlo usato<br \/>\n<strong>Pro<\/strong>: Mi piace che shotcut sia open source, il che significa che \u00e8 gratuito. \u00c8 molto adatto ai principianti e l&#8217;interfaccia utente \u00e8 abbastanza semplice e pulita. Mi piace poter estrarre facilmente l&#8217;audio dai video usandolo<br \/>\n<strong>Contro<\/strong>: Shotcut \u00e8 bello ma manca la funzione di correzione del colore.<\/p>\n<p><strong>Ayesha&#8221;Grande&#8221;<\/strong><br \/>\n<strong>Commenti<\/strong>: Ho un&#8217;app famosa come tiktok e la uso per aggiungere pi\u00f9 contenuti ai miei video. Uso molte app di editing da quando modifico i miei video da solo e ho iniziato a usare questa app come l&#8217;anno scorso e questo \u00e8 un enorme successo m.<br \/>\n<strong>Pro<\/strong>: Uso molte app di editing e siamo onesti, questa \u00e8 una delle migliori.<br \/>\n<strong>Contro<\/strong>: Adoro i video di buona qualit\u00e0 e chi non lo fa, non fraintendetemi, adoro questa app, quindi aggiungere pi\u00f9 transizioni sarebbe meglio.<\/p>\n<p><strong>Mehdi&#8221;Il miglior software di editing video gratuito al mondo&#8221;<\/strong><br \/>\n<strong>Commenti<\/strong>: Lo uso da pi\u00f9 di un anno ormai per i miei video su YouTube e lo adoro.<br \/>\n<strong>Pro<\/strong>: Prima di tutto, \u00e8 gratuito, secondo, ha molti strumenti di editing video e audio che adoro.<br \/>\n<strong>Contro<\/strong>: L&#8217;unica cosa che non mi piace \u00e8 che, quando si aggiungono pi\u00f9 di 1 tracce video, rallenta l&#8217;intero software e talvolta si blocca.<\/p>\n","protected":false},"excerpt":{"rendered":"<p>Shotcut \u00e8 un video editor multipiattaforma gratuito, open source\u00a0che ti permette di tagliare il tuo filmato in pochi passaggi alla lunghezza desiderata e quindi convertirlo in un formato a tua scelta.<\/p>\n","protected":false},"author":19,"featured_media":66790,"parent":7571,"menu_order":0,"comment_status":"open","ping_status":"closed","template":"g1_template_page_review_new.php","meta":{"_acf_changed":false,"cwp_meta_box_check":"Yes","cwp_rev_product_name":"","cwp_rev_product_image":"https:\/\/www.accuratereviews.com\/wp-content\/uploads\/2019\/02\/shotcut-logo.jpg","wppr_links":[],"cwp_rev_price":"","wppr_options":[{"name":"Usability","value":"0"},{"name":"Speed","value":"0"},{"name":"Features","value":"0"},{"name":"Support","value":"0"},{"name":"Pricing","value":"0"}],"wppr_pros":["","","","",""],"wppr_cons":["","","","",""],"_monsterinsights_skip_tracking":false,"_monsterinsights_sitenote_active":false,"_monsterinsights_sitenote_note":"","_monsterinsights_sitenote_category":0,"footnotes":""},"categories":[169],"tags":[257,200,221,216,259,251,293,199,202,201],"features":[],"class_list":{"0":"post-10994","1":"page","2":"type-page","3":"status-publish","4":"has-post-thumbnail","6":"category-video-editing-software-it","7":"tag-best-software-video-editing","8":"tag-come-tagliare-un-video","9":"tag-convertire-video","10":"tag-editing-video-gratuiti","11":"tag-free-video-editor","12":"tag-how-to-cut-a-video","13":"tag-how-to-trim-video-with-shotcut","14":"tag-tagliare-video","15":"tag-video-editing","16":"tag-video-editor"},"wppr_data":{"cwp_meta_box_check":"Yes","cwp_rev_product_name":"","_wppr_review_template":"default","cwp_rev_product_image":"https:\/\/www.accuratereviews.com\/wp-content\/uploads\/2019\/02\/shotcut-logo.jpg","cwp_image_link":"image","wppr_links":[],"cwp_rev_price":"","wppr_pros":["","","","",""],"wppr_cons":["","","","",""],"wppr_rating":"0.00","wppr_options":{"1":{"name":"Usability","value":"0"},"2":{"name":"Speed","value":"0"},"3":{"name":"Features","value":"0"},"4":{"name":"Support","value":"0"},"5":{"name":"Pricing","value":"0"}},"wppr_review_type":"Product","wppr_review_custom_fields":{"additionalProperty":"","additionalType":"","aggregateRating":"","alternateName":"","audience":"","award":"","awards":"","brand":"","color":"","depth":"","description":"","disambiguatingDescription":"","gtin12":"","gtin13":"","gtin14":"","gtin8":"","height":"","identifier":"","image":"","isAccessoryOrSparePartFor":"","isConsumableFor":"","isRelatedTo":"","isSimilarTo":"","itemCondition":"","logo":"","mainEntityOfPage":"","manufacturer":"","material":"","model":"","mpn":"","name":"","offers":"","potentialAction":"","productID":"","productionDate":"","purchaseDate":"","releaseDate":"","review":"","reviews":"","sameAs":"","sku":"","slogan":"","subjectOf":"","url":"","weight":"","width":""}},"acf":[],"yoast_head":"<!-- This site is optimized with the Yoast SEO plugin v27.4 - https:\/\/yoast.com\/product\/yoast-seo-wordpress\/ -->\n<title>Shotcut Video Editor gratuito: Recensione - Accurate Reviews<\/title>\n<meta name=\"description\" content=\"Shotcut: recensione del video editor multipiattaforma gratuito, open source creato nel 2004 da Charlie Yates, un co-fondatore di MLT.\" \/>\n<meta name=\"robots\" content=\"index, follow, max-snippet:-1, max-image-preview:large, max-video-preview:-1\" \/>\n<link rel=\"canonical\" href=\"https:\/\/www.accuratereviews.com\/it\/video-editing-lista-software\/shotcut-video-editing-gratuito-recensione\/\" \/>\n<meta property=\"og:locale\" content=\"it_IT\" \/>\n<meta property=\"og:type\" content=\"article\" \/>\n<meta property=\"og:title\" content=\"Shotcut Video Editor gratuito: Recensione - Accurate Reviews\" \/>\n<meta property=\"og:description\" content=\"Shotcut: recensione del video editor multipiattaforma gratuito, open source creato nel 2004 da Charlie Yates, un co-fondatore di MLT.\" \/>\n<meta property=\"og:url\" content=\"https:\/\/www.accuratereviews.com\/it\/video-editing-lista-software\/shotcut-video-editing-gratuito-recensione\/\" \/>\n<meta property=\"og:site_name\" content=\"Accurate Reviews\" \/>\n<meta property=\"article:modified_time\" content=\"2023-01-31T10:54:34+00:00\" \/>\n<meta property=\"og:image\" content=\"https:\/\/www.accuratereviews.com\/wp-content\/uploads\/2023\/01\/Shotcut.png\" \/>\n\t<meta property=\"og:image:width\" content=\"512\" \/>\n\t<meta property=\"og:image:height\" content=\"512\" \/>\n\t<meta property=\"og:image:type\" content=\"image\/png\" \/>\n<meta name=\"twitter:card\" content=\"summary_large_image\" \/>\n<meta name=\"twitter:label1\" content=\"Tempo di lettura stimato\" \/>\n\t<meta name=\"twitter:data1\" content=\"3 minuti\" \/>\n<script type=\"application\/ld+json\" class=\"yoast-schema-graph\">{\"@context\":\"https:\\\/\\\/schema.org\",\"@graph\":[{\"@type\":\"WebPage\",\"@id\":\"https:\\\/\\\/www.accuratereviews.com\\\/it\\\/video-editing-lista-software\\\/shotcut-video-editing-gratuito-recensione\\\/\",\"url\":\"https:\\\/\\\/www.accuratereviews.com\\\/it\\\/video-editing-lista-software\\\/shotcut-video-editing-gratuito-recensione\\\/\",\"name\":\"Shotcut Video Editor gratuito: Recensione - Accurate Reviews\",\"isPartOf\":{\"@id\":\"https:\\\/\\\/www.accuratereviews.com\\\/it\\\/#website\"},\"primaryImageOfPage\":{\"@id\":\"https:\\\/\\\/www.accuratereviews.com\\\/it\\\/video-editing-lista-software\\\/shotcut-video-editing-gratuito-recensione\\\/#primaryimage\"},\"image\":{\"@id\":\"https:\\\/\\\/www.accuratereviews.com\\\/it\\\/video-editing-lista-software\\\/shotcut-video-editing-gratuito-recensione\\\/#primaryimage\"},\"thumbnailUrl\":\"https:\\\/\\\/www.accuratereviews.com\\\/wp-content\\\/uploads\\\/2023\\\/01\\\/Shotcut.png\",\"datePublished\":\"2019-02-13T08:20:11+00:00\",\"dateModified\":\"2023-01-31T10:54:34+00:00\",\"description\":\"Shotcut: recensione del video editor multipiattaforma gratuito, open source creato nel 2004 da Charlie Yates, un co-fondatore di MLT.\",\"breadcrumb\":{\"@id\":\"https:\\\/\\\/www.accuratereviews.com\\\/it\\\/video-editing-lista-software\\\/shotcut-video-editing-gratuito-recensione\\\/#breadcrumb\"},\"inLanguage\":\"it-IT\",\"potentialAction\":[{\"@type\":\"ReadAction\",\"target\":[\"https:\\\/\\\/www.accuratereviews.com\\\/it\\\/video-editing-lista-software\\\/shotcut-video-editing-gratuito-recensione\\\/\"]}]},{\"@type\":\"ImageObject\",\"inLanguage\":\"it-IT\",\"@id\":\"https:\\\/\\\/www.accuratereviews.com\\\/it\\\/video-editing-lista-software\\\/shotcut-video-editing-gratuito-recensione\\\/#primaryimage\",\"url\":\"https:\\\/\\\/www.accuratereviews.com\\\/wp-content\\\/uploads\\\/2023\\\/01\\\/Shotcut.png\",\"contentUrl\":\"https:\\\/\\\/www.accuratereviews.com\\\/wp-content\\\/uploads\\\/2023\\\/01\\\/Shotcut.png\",\"width\":512,\"height\":512},{\"@type\":\"BreadcrumbList\",\"@id\":\"https:\\\/\\\/www.accuratereviews.com\\\/it\\\/video-editing-lista-software\\\/shotcut-video-editing-gratuito-recensione\\\/#breadcrumb\",\"itemListElement\":[{\"@type\":\"ListItem\",\"position\":1,\"name\":\"Home\",\"item\":\"https:\\\/\\\/www.accuratereviews.com\\\/it\\\/\"},{\"@type\":\"ListItem\",\"position\":2,\"name\":\"Software per il video editing\",\"item\":\"https:\\\/\\\/www.accuratereviews.com\\\/it\\\/video-editing-lista-software\\\/\"},{\"@type\":\"ListItem\",\"position\":3,\"name\":\"Shotcut\"}]},{\"@type\":\"WebSite\",\"@id\":\"https:\\\/\\\/www.accuratereviews.com\\\/it\\\/#website\",\"url\":\"https:\\\/\\\/www.accuratereviews.com\\\/it\\\/\",\"name\":\"Accurate Reviews\",\"description\":\"\",\"potentialAction\":[{\"@type\":\"SearchAction\",\"target\":{\"@type\":\"EntryPoint\",\"urlTemplate\":\"https:\\\/\\\/www.accuratereviews.com\\\/it\\\/?s={search_term_string}\"},\"query-input\":{\"@type\":\"PropertyValueSpecification\",\"valueRequired\":true,\"valueName\":\"search_term_string\"}}],\"inLanguage\":\"it-IT\"}]}<\/script>\n<!-- \/ Yoast SEO plugin. -->","yoast_head_json":{"title":"Shotcut Video Editor gratuito: Recensione - Accurate Reviews","description":"Shotcut: recensione del video editor multipiattaforma gratuito, open source creato nel 2004 da Charlie Yates, un co-fondatore di MLT.","robots":{"index":"index","follow":"follow","max-snippet":"max-snippet:-1","max-image-preview":"max-image-preview:large","max-video-preview":"max-video-preview:-1"},"canonical":"https:\/\/www.accuratereviews.com\/it\/video-editing-lista-software\/shotcut-video-editing-gratuito-recensione\/","og_locale":"it_IT","og_type":"article","og_title":"Shotcut Video Editor gratuito: Recensione - Accurate Reviews","og_description":"Shotcut: recensione del video editor multipiattaforma gratuito, open source creato nel 2004 da Charlie Yates, un co-fondatore di MLT.","og_url":"https:\/\/www.accuratereviews.com\/it\/video-editing-lista-software\/shotcut-video-editing-gratuito-recensione\/","og_site_name":"Accurate Reviews","article_modified_time":"2023-01-31T10:54:34+00:00","og_image":[{"width":512,"height":512,"url":"https:\/\/www.accuratereviews.com\/wp-content\/uploads\/2023\/01\/Shotcut.png","type":"image\/png"}],"twitter_card":"summary_large_image","twitter_misc":{"Tempo di lettura stimato":"3 minuti"},"schema":{"@context":"https:\/\/schema.org","@graph":[{"@type":"WebPage","@id":"https:\/\/www.accuratereviews.com\/it\/video-editing-lista-software\/shotcut-video-editing-gratuito-recensione\/","url":"https:\/\/www.accuratereviews.com\/it\/video-editing-lista-software\/shotcut-video-editing-gratuito-recensione\/","name":"Shotcut Video Editor gratuito: Recensione - Accurate Reviews","isPartOf":{"@id":"https:\/\/www.accuratereviews.com\/it\/#website"},"primaryImageOfPage":{"@id":"https:\/\/www.accuratereviews.com\/it\/video-editing-lista-software\/shotcut-video-editing-gratuito-recensione\/#primaryimage"},"image":{"@id":"https:\/\/www.accuratereviews.com\/it\/video-editing-lista-software\/shotcut-video-editing-gratuito-recensione\/#primaryimage"},"thumbnailUrl":"https:\/\/www.accuratereviews.com\/wp-content\/uploads\/2023\/01\/Shotcut.png","datePublished":"2019-02-13T08:20:11+00:00","dateModified":"2023-01-31T10:54:34+00:00","description":"Shotcut: recensione del video editor multipiattaforma gratuito, open source creato nel 2004 da Charlie Yates, un co-fondatore di MLT.","breadcrumb":{"@id":"https:\/\/www.accuratereviews.com\/it\/video-editing-lista-software\/shotcut-video-editing-gratuito-recensione\/#breadcrumb"},"inLanguage":"it-IT","potentialAction":[{"@type":"ReadAction","target":["https:\/\/www.accuratereviews.com\/it\/video-editing-lista-software\/shotcut-video-editing-gratuito-recensione\/"]}]},{"@type":"ImageObject","inLanguage":"it-IT","@id":"https:\/\/www.accuratereviews.com\/it\/video-editing-lista-software\/shotcut-video-editing-gratuito-recensione\/#primaryimage","url":"https:\/\/www.accuratereviews.com\/wp-content\/uploads\/2023\/01\/Shotcut.png","contentUrl":"https:\/\/www.accuratereviews.com\/wp-content\/uploads\/2023\/01\/Shotcut.png","width":512,"height":512},{"@type":"BreadcrumbList","@id":"https:\/\/www.accuratereviews.com\/it\/video-editing-lista-software\/shotcut-video-editing-gratuito-recensione\/#breadcrumb","itemListElement":[{"@type":"ListItem","position":1,"name":"Home","item":"https:\/\/www.accuratereviews.com\/it\/"},{"@type":"ListItem","position":2,"name":"Software per il video editing","item":"https:\/\/www.accuratereviews.com\/it\/video-editing-lista-software\/"},{"@type":"ListItem","position":3,"name":"Shotcut"}]},{"@type":"WebSite","@id":"https:\/\/www.accuratereviews.com\/it\/#website","url":"https:\/\/www.accuratereviews.com\/it\/","name":"Accurate Reviews","description":"","potentialAction":[{"@type":"SearchAction","target":{"@type":"EntryPoint","urlTemplate":"https:\/\/www.accuratereviews.com\/it\/?s={search_term_string}"},"query-input":{"@type":"PropertyValueSpecification","valueRequired":true,"valueName":"search_term_string"}}],"inLanguage":"it-IT"}]}},"_links":{"self":[{"href":"https:\/\/www.accuratereviews.com\/it\/wp-json\/wp\/v2\/pages\/10994","targetHints":{"allow":["GET"]}}],"collection":[{"href":"https:\/\/www.accuratereviews.com\/it\/wp-json\/wp\/v2\/pages"}],"about":[{"href":"https:\/\/www.accuratereviews.com\/it\/wp-json\/wp\/v2\/types\/page"}],"author":[{"embeddable":true,"href":"https:\/\/www.accuratereviews.com\/it\/wp-json\/wp\/v2\/users\/19"}],"replies":[{"embeddable":true,"href":"https:\/\/www.accuratereviews.com\/it\/wp-json\/wp\/v2\/comments?post=10994"}],"version-history":[{"count":20,"href":"https:\/\/www.accuratereviews.com\/it\/wp-json\/wp\/v2\/pages\/10994\/revisions"}],"predecessor-version":[{"id":66804,"href":"https:\/\/www.accuratereviews.com\/it\/wp-json\/wp\/v2\/pages\/10994\/revisions\/66804"}],"up":[{"embeddable":true,"href":"https:\/\/www.accuratereviews.com\/it\/wp-json\/wp\/v2\/pages\/7571"}],"wp:featuredmedia":[{"embeddable":true,"href":"https:\/\/www.accuratereviews.com\/it\/wp-json\/wp\/v2\/media\/66790"}],"wp:attachment":[{"href":"https:\/\/www.accuratereviews.com\/it\/wp-json\/wp\/v2\/media?parent=10994"}],"wp:term":[{"taxonomy":"category","embeddable":true,"href":"https:\/\/www.accuratereviews.com\/it\/wp-json\/wp\/v2\/categories?post=10994"},{"taxonomy":"post_tag","embeddable":true,"href":"https:\/\/www.accuratereviews.com\/it\/wp-json\/wp\/v2\/tags?post=10994"},{"taxonomy":"features","embeddable":true,"href":"https:\/\/www.accuratereviews.com\/it\/wp-json\/wp\/v2\/features?post=10994"}],"curies":[{"name":"wp","href":"https:\/\/api.w.org\/{rel}","templated":true}]}}