{"id":11049,"date":"2019-02-13T12:44:31","date_gmt":"2019-02-13T12:44:31","guid":{"rendered":"https:\/\/www.accuratereviews.com\/?page_id=11049"},"modified":"2023-01-23T08:41:08","modified_gmt":"2023-01-23T08:41:08","slug":"filmora-wondershare-recensione","status":"publish","type":"page","link":"https:\/\/www.accuratereviews.com\/it\/video-editing-guida-utente\/filmora-wondershare-recensione\/","title":{"rendered":"Filmora"},"content":{"rendered":"<p><strong>Filmora<\/strong> \u00e8 un <strong>video maker<\/strong>\u00a0realizzato da Wondershare, utile per chi \u00e8 ancora alle prime armi con il l&#8217;<strong>editing video<\/strong> e ha poco tempo a disposizione per imparare ad usare software pi\u00f9 complessi. Dispone infatti di un&#8217;interfaccia semplice e ben strutturata, con una homepage dall&#8217;aspetto user-friendly, chiara e dettagliata. Esiste anche la &#8220;modalit\u00e0 semplificata&#8221; che offre un wizard, ossia una vera e propria guida che, passo per passo, insegner\u00e0 anche ai principianti come utilizzare questo <strong>video editor<\/strong> in pochi clic.\u00a0Per quanto riguarda i pi\u00f9 esperti invece, possono utilizzare la &#8220;modalit\u00e0 completa&#8221;, tramite la quale, si avr\u00e0 a disposizione un <strong>editor non-lineare<\/strong>\u00a0(NLE), che permette l&#8217;utilizzo di maggiori funzionalit\u00e0 di<strong> video making<\/strong>, tra le quali troviamo anche il filtro Chroma Key che garantisce il green-screen.<\/p>\n<p>Una volta importati i tuoi file multimediali, potrai modificarli e montare le scene come meglio preferisci per poi direttamente poterli esportare su Youtube e sui tuoi canali social!<\/p>\n<p>&nbsp;<\/p>\n<h2>COME TAGLIARE UN VIDEO CON FILMORA &#8211; TUTORIAL<\/h2>\n<div id=\"fluid-wrapper-counter-1\" class=\"g1-fluid-wrapper \" style=\"width:686px;\"><div style=\"padding-bottom:56.268221574344%;\"><iframe loading=\"lazy\" title=\"Come tagliare un video con Filmora - Tutorial\" width=\"686\" height=\"386\" src=\"https:\/\/www.youtube.com\/embed\/4t6xSIDJa1w?feature=oembed&amp;wmode=transparent&amp;autohide=1&amp;autoplay=0&amp;disablekb=0&amp;fs=1&amp;loop=0&amp;enablejsapi=1&amp;rel=0&amp;controls=2&amp;showinfo=0&amp;wmode=transparent&amp;autohide=2&amp;autoplay=0&amp;disablekb=0&amp;fs=1&amp;loop=0&amp;enablejsapi=1&amp;rel=0&amp;controls=2&amp;showinfo=1\" frameborder=\"0\" allow=\"accelerometer; autoplay; clipboard-write; encrypted-media; gyroscope; picture-in-picture; web-share\" allowfullscreen><\/iframe><\/div><\/div>\n<p>&nbsp;<\/p>\n<h3><strong>FILMORA &#8211; CARATTERISTICHE<\/strong><\/h3>\n<p>Dopo aver visto brevemente <strong>come montare un video con Filmora<\/strong>, diamo un&#8217;occhiata anche alle sue caratteristiche principali:<\/p>\n<ul>\n<li><strong>Screencasting<\/strong>: disponibile una tool di registrazione dello schermo utili per chi fa screencast o tutorial sui canali social;<\/li>\n<li><strong>Stabilizzatore video<\/strong>: strumento utile soprattutto per chi registra senza steadycam o per chi utilizza i droni;<\/li>\n<li><strong>Ampia collezione di effetti video:\u00a0<\/strong>disponibili titoli, transizioni, filtri, clip musicali di ogni genere per rendere il video pi\u00f9 movimentato e creativo;<\/li>\n<li><strong>Store per contenuti aggiuntivi<\/strong>: Filmora ha pensato proprio a tutto e ha messo a disposizione anche uno store in cui puoi trovare contenuti aggiuntivi oltre a quelli gi\u00e0 offerti;<\/li>\n<li><strong>Chroma Key<\/strong>: funzionalit\u00e0 che ti permette di utilizzare il green-screen;<\/li>\n<li><strong>Disponibile su Desktop e su dispositivi mobili<\/strong>: compatibile con Windows e Mac ed inoltre vi \u00e8 un&#8217;applicazione gratuita, FilmoraGo, per iOS e Android<\/li>\n<\/ul>\n<h4>LE RECENSIONI DEGLI UTENTI<\/h4>\n<p><strong>Jacopo&#8221;Ottimo video editor ricco di strumenti ed effetti&#8221;<\/strong><br \/>\n<strong>Commenti<\/strong>: Finalmente un software ricco di effetti, funzionalit\u00e0 e ottima interfaccia utente a costo moderato. Qualche bug occasionale, ogni tanto il bitrate effettivo di esportazione risulta pi\u00f9 basso di quello selezionato e si possono perdere gli effetti preferiti dopo alcuni aggiornamenti.<br \/>\n<strong>Pro<\/strong>: Libreria e qualit\u00e0 degli effetti creativi, timeline ben organizzata, transizioni, interfaccia, aggiornamenti frequenti, esportazione veloce.<br \/>\n<strong>Contro<\/strong>: Problemi occasionali nelle esportazioni, in alcuni casi il bitrate effettivo di esportazione \u00e8 pi\u00f9 basso. Dopo alcuni aggiornamenti di versione spesso si perdono i preferiti (effetti, transizioni)<\/p>\n<p><strong>Erika&#8221;Intuitivo e completo&#8221;<\/strong><br \/>\n<strong>Pro<\/strong>: Semplice nell\u2019utilizzo e molto intuitivo. Ne escono montaggi di livello davvero professionale grazie alla miriade di effetti e transizioni. Svariate possibilit\u00e0 di esportazione nella qualit\u00e0 audio\/video desiderata, con la possibilit\u00e0 di adattarli a qualsiasi social. Nei tagli e sovrapposizioni scorre molto bene.<br \/>\n<strong>Contro<\/strong>: Nella versione gratuita sono pochi gli effetti utilizzabili e non \u00e8 permesso l\u2019esportazione video.<\/p>\n<p><strong>Francesca&#8221;Uno dei migliori&#8221;<\/strong><br \/>\n<strong>Pro<\/strong>: Uno dei migliori che abbia mai provato!! Semplice, facile, intuitivo. Ha tutte le funzioni basiche che mi servono per fare un semplice video anche solo con foto.<br \/>\n<strong>Contro<\/strong>: Assolutamente nessuno. Ha tutte le funzioni basiche che mi servono.<\/p>\n","protected":false},"excerpt":{"rendered":"<p>Filmora \u00e8 un video maker\u00a0realizzato da Wondershare, utile per chi \u00e8 ancora alle prime armi con il l&#8217;editing video e ha poco tempo a disposizione per imparare ad usare software pi\u00f9 complessi. <\/p>\n","protected":false},"author":17,"featured_media":11052,"parent":7575,"menu_order":0,"comment_status":"open","ping_status":"closed","template":"g1_template_page_review_new.php","meta":{"_acf_changed":false,"cwp_meta_box_check":"Yes","cwp_rev_product_name":"","cwp_rev_product_image":"","wppr_links":[],"cwp_rev_price":"","wppr_options":[{"name":"Usability","value":"0"},{"name":"Speed","value":"0"},{"name":"Features","value":"0"},{"name":"Support","value":"0"},{"name":"Pricing","value":"0"}],"wppr_pros":["","","","",""],"wppr_cons":["","","","",""],"_monsterinsights_skip_tracking":false,"_monsterinsights_sitenote_active":false,"_monsterinsights_sitenote_note":"","_monsterinsights_sitenote_category":0,"footnotes":""},"categories":[169],"tags":[198,240,239,3342,1244,228,1273,202,201,217,219],"features":[],"class_list":{"0":"post-11049","1":"page","2":"type-page","3":"status-publish","4":"has-post-thumbnail","6":"category-video-editing-software-it","7":"tag-come-modificare-un-video","8":"tag-come-montare-un-video-con-filmora","9":"tag-montaggio-video","10":"tag-piattaforma-video-editing","11":"tag-programma-video-editing","12":"tag-software-video-editing","13":"tag-soluzione-video-editing","14":"tag-video-editing","15":"tag-video-editor","16":"tag-video-maker","17":"tag-video-making"},"wppr_data":{"cwp_meta_box_check":"Yes","cwp_rev_product_name":"","_wppr_review_template":"default","cwp_rev_product_image":"","cwp_image_link":"image","wppr_links":[],"cwp_rev_price":"","wppr_pros":["","","","",""],"wppr_cons":["","","","",""],"wppr_rating":"0.00","wppr_options":{"1":{"name":"Usability","value":"0"},"2":{"name":"Speed","value":"0"},"3":{"name":"Features","value":"0"},"4":{"name":"Support","value":"0"},"5":{"name":"Pricing","value":"0"}},"wppr_review_type":"Product","wppr_review_custom_fields":{"additionalProperty":"","additionalType":"","aggregateRating":"","alternateName":"","audience":"","award":"","awards":"","brand":"","color":"","depth":"","description":"","disambiguatingDescription":"","gtin12":"","gtin13":"","gtin14":"","gtin8":"","height":"","identifier":"","image":"","isAccessoryOrSparePartFor":"","isConsumableFor":"","isRelatedTo":"","isSimilarTo":"","itemCondition":"","logo":"","mainEntityOfPage":"","manufacturer":"","material":"","model":"","mpn":"","name":"","offers":"","potentialAction":"","productID":"","productionDate":"","purchaseDate":"","releaseDate":"","review":"","reviews":"","sameAs":"","sku":"","slogan":"","subjectOf":"","url":"","weight":"","width":""}},"acf":[],"yoast_head":"<!-- This site is optimized with the Yoast SEO plugin v27.4 - https:\/\/yoast.com\/product\/yoast-seo-wordpress\/ -->\n<title>Filmora video maker by Wondershare: recensione - Accurate Reviews<\/title>\n<meta name=\"description\" content=\"Filmora: recensione del video maker\u00a0realizzato da Wondershare, utile per chi \u00e8 ancora alle prime armi con il l&#039;editing video.\" \/>\n<meta name=\"robots\" content=\"index, follow, max-snippet:-1, max-image-preview:large, max-video-preview:-1\" \/>\n<link rel=\"canonical\" href=\"https:\/\/www.accuratereviews.com\/it\/video-editing-guida-utente\/filmora-wondershare-recensione\/\" \/>\n<meta property=\"og:locale\" content=\"it_IT\" \/>\n<meta property=\"og:type\" content=\"article\" \/>\n<meta property=\"og:title\" content=\"Filmora video maker by Wondershare: recensione - Accurate Reviews\" \/>\n<meta property=\"og:description\" content=\"Filmora: recensione del video maker\u00a0realizzato da Wondershare, utile per chi \u00e8 ancora alle prime armi con il l&#039;editing video.\" \/>\n<meta property=\"og:url\" content=\"https:\/\/www.accuratereviews.com\/it\/video-editing-guida-utente\/filmora-wondershare-recensione\/\" \/>\n<meta property=\"og:site_name\" content=\"Accurate Reviews\" \/>\n<meta property=\"article:modified_time\" content=\"2023-01-23T08:41:08+00:00\" \/>\n<meta property=\"og:image\" content=\"https:\/\/www.accuratereviews.com\/wp-content\/uploads\/2019\/02\/459751-wondershare-filmora.jpg\" \/>\n\t<meta property=\"og:image:width\" content=\"754\" \/>\n\t<meta property=\"og:image:height\" content=\"554\" \/>\n\t<meta property=\"og:image:type\" content=\"image\/jpeg\" \/>\n<meta name=\"twitter:card\" content=\"summary_large_image\" \/>\n<meta name=\"twitter:label1\" content=\"Tempo di lettura stimato\" \/>\n\t<meta name=\"twitter:data1\" content=\"3 minuti\" \/>\n<script type=\"application\/ld+json\" class=\"yoast-schema-graph\">{\"@context\":\"https:\\\/\\\/schema.org\",\"@graph\":[{\"@type\":\"WebPage\",\"@id\":\"https:\\\/\\\/www.accuratereviews.com\\\/it\\\/video-editing-guida-utente\\\/filmora-wondershare-recensione\\\/\",\"url\":\"https:\\\/\\\/www.accuratereviews.com\\\/it\\\/video-editing-guida-utente\\\/filmora-wondershare-recensione\\\/\",\"name\":\"Filmora video maker by Wondershare: recensione - Accurate Reviews\",\"isPartOf\":{\"@id\":\"https:\\\/\\\/www.accuratereviews.com\\\/it\\\/#website\"},\"primaryImageOfPage\":{\"@id\":\"https:\\\/\\\/www.accuratereviews.com\\\/it\\\/video-editing-guida-utente\\\/filmora-wondershare-recensione\\\/#primaryimage\"},\"image\":{\"@id\":\"https:\\\/\\\/www.accuratereviews.com\\\/it\\\/video-editing-guida-utente\\\/filmora-wondershare-recensione\\\/#primaryimage\"},\"thumbnailUrl\":\"https:\\\/\\\/www.accuratereviews.com\\\/wp-content\\\/uploads\\\/2019\\\/02\\\/459751-wondershare-filmora.jpg\",\"datePublished\":\"2019-02-13T12:44:31+00:00\",\"dateModified\":\"2023-01-23T08:41:08+00:00\",\"description\":\"Filmora: recensione del video maker\u00a0realizzato da Wondershare, utile per chi \u00e8 ancora alle prime armi con il l'editing video.\",\"breadcrumb\":{\"@id\":\"https:\\\/\\\/www.accuratereviews.com\\\/it\\\/video-editing-guida-utente\\\/filmora-wondershare-recensione\\\/#breadcrumb\"},\"inLanguage\":\"it-IT\",\"potentialAction\":[{\"@type\":\"ReadAction\",\"target\":[\"https:\\\/\\\/www.accuratereviews.com\\\/it\\\/video-editing-guida-utente\\\/filmora-wondershare-recensione\\\/\"]}]},{\"@type\":\"ImageObject\",\"inLanguage\":\"it-IT\",\"@id\":\"https:\\\/\\\/www.accuratereviews.com\\\/it\\\/video-editing-guida-utente\\\/filmora-wondershare-recensione\\\/#primaryimage\",\"url\":\"https:\\\/\\\/www.accuratereviews.com\\\/wp-content\\\/uploads\\\/2019\\\/02\\\/459751-wondershare-filmora.jpg\",\"contentUrl\":\"https:\\\/\\\/www.accuratereviews.com\\\/wp-content\\\/uploads\\\/2019\\\/02\\\/459751-wondershare-filmora.jpg\",\"width\":754,\"height\":554},{\"@type\":\"BreadcrumbList\",\"@id\":\"https:\\\/\\\/www.accuratereviews.com\\\/it\\\/video-editing-guida-utente\\\/filmora-wondershare-recensione\\\/#breadcrumb\",\"itemListElement\":[{\"@type\":\"ListItem\",\"position\":1,\"name\":\"Home\",\"item\":\"https:\\\/\\\/www.accuratereviews.com\\\/it\\\/\"},{\"@type\":\"ListItem\",\"position\":2,\"name\":\"Software per il video editing\",\"item\":\"https:\\\/\\\/www.accuratereviews.com\\\/it\\\/video-editing-guida-utente\\\/\"},{\"@type\":\"ListItem\",\"position\":3,\"name\":\"Filmora\"}]},{\"@type\":\"WebSite\",\"@id\":\"https:\\\/\\\/www.accuratereviews.com\\\/it\\\/#website\",\"url\":\"https:\\\/\\\/www.accuratereviews.com\\\/it\\\/\",\"name\":\"Accurate Reviews\",\"description\":\"\",\"potentialAction\":[{\"@type\":\"SearchAction\",\"target\":{\"@type\":\"EntryPoint\",\"urlTemplate\":\"https:\\\/\\\/www.accuratereviews.com\\\/it\\\/?s={search_term_string}\"},\"query-input\":{\"@type\":\"PropertyValueSpecification\",\"valueRequired\":true,\"valueName\":\"search_term_string\"}}],\"inLanguage\":\"it-IT\"}]}<\/script>\n<!-- \/ Yoast SEO plugin. -->","yoast_head_json":{"title":"Filmora video maker by Wondershare: recensione - Accurate Reviews","description":"Filmora: recensione del video maker\u00a0realizzato da Wondershare, utile per chi \u00e8 ancora alle prime armi con il l'editing video.","robots":{"index":"index","follow":"follow","max-snippet":"max-snippet:-1","max-image-preview":"max-image-preview:large","max-video-preview":"max-video-preview:-1"},"canonical":"https:\/\/www.accuratereviews.com\/it\/video-editing-guida-utente\/filmora-wondershare-recensione\/","og_locale":"it_IT","og_type":"article","og_title":"Filmora video maker by Wondershare: recensione - Accurate Reviews","og_description":"Filmora: recensione del video maker\u00a0realizzato da Wondershare, utile per chi \u00e8 ancora alle prime armi con il l'editing video.","og_url":"https:\/\/www.accuratereviews.com\/it\/video-editing-guida-utente\/filmora-wondershare-recensione\/","og_site_name":"Accurate Reviews","article_modified_time":"2023-01-23T08:41:08+00:00","og_image":[{"width":754,"height":554,"url":"https:\/\/www.accuratereviews.com\/wp-content\/uploads\/2019\/02\/459751-wondershare-filmora.jpg","type":"image\/jpeg"}],"twitter_card":"summary_large_image","twitter_misc":{"Tempo di lettura stimato":"3 minuti"},"schema":{"@context":"https:\/\/schema.org","@graph":[{"@type":"WebPage","@id":"https:\/\/www.accuratereviews.com\/it\/video-editing-guida-utente\/filmora-wondershare-recensione\/","url":"https:\/\/www.accuratereviews.com\/it\/video-editing-guida-utente\/filmora-wondershare-recensione\/","name":"Filmora video maker by Wondershare: recensione - Accurate Reviews","isPartOf":{"@id":"https:\/\/www.accuratereviews.com\/it\/#website"},"primaryImageOfPage":{"@id":"https:\/\/www.accuratereviews.com\/it\/video-editing-guida-utente\/filmora-wondershare-recensione\/#primaryimage"},"image":{"@id":"https:\/\/www.accuratereviews.com\/it\/video-editing-guida-utente\/filmora-wondershare-recensione\/#primaryimage"},"thumbnailUrl":"https:\/\/www.accuratereviews.com\/wp-content\/uploads\/2019\/02\/459751-wondershare-filmora.jpg","datePublished":"2019-02-13T12:44:31+00:00","dateModified":"2023-01-23T08:41:08+00:00","description":"Filmora: recensione del video maker\u00a0realizzato da Wondershare, utile per chi \u00e8 ancora alle prime armi con il l'editing video.","breadcrumb":{"@id":"https:\/\/www.accuratereviews.com\/it\/video-editing-guida-utente\/filmora-wondershare-recensione\/#breadcrumb"},"inLanguage":"it-IT","potentialAction":[{"@type":"ReadAction","target":["https:\/\/www.accuratereviews.com\/it\/video-editing-guida-utente\/filmora-wondershare-recensione\/"]}]},{"@type":"ImageObject","inLanguage":"it-IT","@id":"https:\/\/www.accuratereviews.com\/it\/video-editing-guida-utente\/filmora-wondershare-recensione\/#primaryimage","url":"https:\/\/www.accuratereviews.com\/wp-content\/uploads\/2019\/02\/459751-wondershare-filmora.jpg","contentUrl":"https:\/\/www.accuratereviews.com\/wp-content\/uploads\/2019\/02\/459751-wondershare-filmora.jpg","width":754,"height":554},{"@type":"BreadcrumbList","@id":"https:\/\/www.accuratereviews.com\/it\/video-editing-guida-utente\/filmora-wondershare-recensione\/#breadcrumb","itemListElement":[{"@type":"ListItem","position":1,"name":"Home","item":"https:\/\/www.accuratereviews.com\/it\/"},{"@type":"ListItem","position":2,"name":"Software per il video editing","item":"https:\/\/www.accuratereviews.com\/it\/video-editing-guida-utente\/"},{"@type":"ListItem","position":3,"name":"Filmora"}]},{"@type":"WebSite","@id":"https:\/\/www.accuratereviews.com\/it\/#website","url":"https:\/\/www.accuratereviews.com\/it\/","name":"Accurate Reviews","description":"","potentialAction":[{"@type":"SearchAction","target":{"@type":"EntryPoint","urlTemplate":"https:\/\/www.accuratereviews.com\/it\/?s={search_term_string}"},"query-input":{"@type":"PropertyValueSpecification","valueRequired":true,"valueName":"search_term_string"}}],"inLanguage":"it-IT"}]}},"_links":{"self":[{"href":"https:\/\/www.accuratereviews.com\/it\/wp-json\/wp\/v2\/pages\/11049","targetHints":{"allow":["GET"]}}],"collection":[{"href":"https:\/\/www.accuratereviews.com\/it\/wp-json\/wp\/v2\/pages"}],"about":[{"href":"https:\/\/www.accuratereviews.com\/it\/wp-json\/wp\/v2\/types\/page"}],"author":[{"embeddable":true,"href":"https:\/\/www.accuratereviews.com\/it\/wp-json\/wp\/v2\/users\/17"}],"replies":[{"embeddable":true,"href":"https:\/\/www.accuratereviews.com\/it\/wp-json\/wp\/v2\/comments?post=11049"}],"version-history":[{"count":14,"href":"https:\/\/www.accuratereviews.com\/it\/wp-json\/wp\/v2\/pages\/11049\/revisions"}],"predecessor-version":[{"id":66412,"href":"https:\/\/www.accuratereviews.com\/it\/wp-json\/wp\/v2\/pages\/11049\/revisions\/66412"}],"up":[{"embeddable":true,"href":"https:\/\/www.accuratereviews.com\/it\/wp-json\/wp\/v2\/pages\/7575"}],"wp:featuredmedia":[{"embeddable":true,"href":"https:\/\/www.accuratereviews.com\/it\/wp-json\/wp\/v2\/media\/11052"}],"wp:attachment":[{"href":"https:\/\/www.accuratereviews.com\/it\/wp-json\/wp\/v2\/media?parent=11049"}],"wp:term":[{"taxonomy":"category","embeddable":true,"href":"https:\/\/www.accuratereviews.com\/it\/wp-json\/wp\/v2\/categories?post=11049"},{"taxonomy":"post_tag","embeddable":true,"href":"https:\/\/www.accuratereviews.com\/it\/wp-json\/wp\/v2\/tags?post=11049"},{"taxonomy":"features","embeddable":true,"href":"https:\/\/www.accuratereviews.com\/it\/wp-json\/wp\/v2\/features?post=11049"}],"curies":[{"name":"wp","href":"https:\/\/api.w.org\/{rel}","templated":true}]}}