{"id":11074,"date":"2019-02-14T17:18:22","date_gmt":"2019-02-14T17:18:22","guid":{"rendered":"https:\/\/www.accuratereviews.com\/?page_id=11074"},"modified":"2023-01-25T08:55:12","modified_gmt":"2023-01-25T08:55:12","slug":"biteable-recensione","status":"publish","type":"page","link":"https:\/\/www.accuratereviews.com\/it\/video-editing-lista-software\/biteable-recensione\/","title":{"rendered":"Biteable"},"content":{"rendered":"<p><strong>Biteable<\/strong> \u00e8 un <strong>video maker gratuito<\/strong> online, utile per creare e condividere animazioni ed interessanti slideshow. \u00c8 un ottimo <strong>software di video editing<\/strong>, semplice da usare e perfetto per creare annunci e promozioni, infatti il\u00a0video \u00e8 ormai diventato uno dei mezzi pi\u00f9 venduti per mettere in evidenza la tua attivit\u00e0 di marketing o per promuovere i tuoi prodotti e servizi online. Con Biteable potrai crearne uno che attiri l&#8217;attenzione di tutti, inserendo scene pre-animate, musiche, testi e stili animati! Puoi scegliere di utilizzare\u00a0modelli predefiniti o stili che vanno dall&#8217;animazione agli infographics o alle immagini.<\/p>\n<p>Per utilizzare quest&#8217;incredibile <strong>video editor<\/strong>, ti baster\u00e0 accedere tramite il vostro account Facebook o Google ed iniziare subito a creare il tuo video!\u00a0Vediamo subito come fare con un breve tutorial.<\/p>\n<h2>COME CREARE VIDEO CON BITEABLE &#8211; TUTORIAL<\/h2>\n<div id=\"fluid-wrapper-counter-1\" class=\"g1-fluid-wrapper \" style=\"width:686px;\"><div style=\"padding-bottom:56.268221574344%;\"><iframe loading=\"lazy\" title=\"Crea la tua video-animazione con Biteable: in 5 minuti\" width=\"686\" height=\"386\" src=\"https:\/\/www.youtube.com\/embed\/1oSDFs8iK9I?feature=oembed&amp;wmode=transparent&amp;autohide=1&amp;autoplay=0&amp;disablekb=0&amp;fs=1&amp;loop=0&amp;enablejsapi=1&amp;rel=0&amp;controls=2&amp;showinfo=0&amp;wmode=transparent&amp;autohide=2&amp;autoplay=0&amp;disablekb=0&amp;fs=1&amp;loop=0&amp;enablejsapi=1&amp;rel=0&amp;controls=2&amp;showinfo=1\" frameborder=\"0\" allow=\"accelerometer; autoplay; clipboard-write; encrypted-media; gyroscope; picture-in-picture; web-share\" allowfullscreen><\/iframe><\/div><\/div>\n<p>&nbsp;<\/p>\n<h3>BITEABLE &#8211; CARATTERISTICHE:<\/h3>\n<p>Dopo aver visto <strong>come creare un video con Biteable<\/strong>, diamo uno sguardo alle sue principali caratteristiche:<\/p>\n<ul>\n<li><strong>Modelli predefiniti<\/strong>: Biteable mette a disposizione una serie di modelli e soluzioni eleganti che puoi aggiungere al tuo video;<\/li>\n<li><strong>Ampia<\/strong> <strong>raccolta di effetti video<\/strong> da aggiungere al tuo progetto;<\/li>\n<li><strong>Ampia libreria musicale di alta qualit\u00e0<\/strong>;<\/li>\n<li>Creazione di <strong>slideshow eccezionali, annunci video animati, video esplicativi, intro promozionali, presentazioni<\/strong>.<\/li>\n<\/ul>\n<h4>LE RECENSIONI DEGLI UTENTI<\/h4>\n<p><strong>Renee&#8221;Creazione di video con facilit\u00e0&#8221;<\/strong><br \/>\n<strong>Commenti<\/strong>: \u00c8 stato un ottimo programma e una risorsa per la strategia di marketing della nostra azienda. Apprezzo decisamente il loro servizio clienti: sono molto reattivi e disponibili. Il loro gruppo Facebook \u00e8 molto attivo e il moderatore, Haily \u00e8 sempre visibile e disponibile a rispondere alle domande.<br \/>\n<strong>Pro<\/strong>: Questo prodotto ti consente di creare video senza alcun background videografico formale. Esistono diversi modelli ed esempi video che aiutano a stimolare la creativit\u00e0. Sono anche facilmente marchiabili.<br \/>\n<strong>Contro<\/strong>: Non esiste un pulsante &#8220;Annulla&#8221; il che pu\u00f2 essere molto frustrante e creare un po&#8217; di dispendio di tempo quando si commette un &#8220;errore&#8221;.<\/p>\n<p><strong>Cathie&#8221;Bitable \u00e8 stato inestimabile!&#8221;<\/strong><br \/>\n<strong>Commenti<\/strong>: Nel complesso, questo \u00e8 stato uno strumento straordinario e apprezziamo che Biteable abbia sviluppato questo programma con un prezzo accessibile per poter essere utilizzato da noi. Spero che non continuino ad aumentare il prezzo del prodotto, cosa che vedo fare&#8230; ci metter\u00e0 fuori gioco e far\u00e0 in modo che le persone che hanno costruito il marchio non possano pi\u00f9 acquistarlo.<br \/>\n<strong>Pro<\/strong>: La facilit\u00e0 d&#8217;uso e il rapporto qualit\u00e0-prezzo. Il prezzo ha reso questo software accessibile per una piccola azienda come la nostra per creare contenuti video per il nostro uso e per i nostri clienti.<br \/>\n<strong>Contro<\/strong>: Ci sono alcune limitazioni, specialmente riguardo a come il testo interagisce con le immagini e come puoi personalizzarlo, ma ancora una volta, a questo prezzo non si pu\u00f2 pretendere troppo.<\/p>\n<p><strong>Mohamed&#8221;Uno straordinario strumento basato su cloud per fantastici video anime&#8221;<\/strong><br \/>\n<strong>Commenti<\/strong>: Ho realizzato il mio primo video anime con Biteable senza alcuna esperienza precedente; il fatto che la dice lunga su quanto sia facile, ricca e navigabile la piattaforma. Il gran numero di modelli, scene, sfondi, personaggi aiuta qualsiasi utente a realizzare il suo primo video senza alcuna difficolt\u00e0.<br \/>\n<strong>Pro<\/strong>: A parte la sua dashboard intuitiva, che include tutto ci\u00f2 di cui hai bisogno in uno o due clic, Biteable \u00e8 lontano dai suoi rivali in quanto offre funzionalit\u00e0 imbattibili, una variet\u00e0 di modelli, molte scene e sfondi che sicuramente soddisferanno i tuoi interessi. I video si distingueranno principalmente per i personaggi dell&#8217;anime, le transizioni, i colori e molto altro!<br \/>\n<strong>Contro<\/strong>: In realt\u00e0, non \u00e8 l&#8217;ideale per gli utenti di prova gratuita poich\u00e9 offre solo uno o due video anime gratuiti. Non mi sono piaciuti i piani che fanno per gli utenti poich\u00e9 \u00e8 in qualche modo costoso rispetto a Renderforest, che fornisce alcune funzionalit\u00e0 per i suoi utenti gratuiti.<\/p>\n","protected":false},"excerpt":{"rendered":"<p>Biteable \u00e8 un video maker gratuito online, utile per creare e condividere animazioni ed interessanti slideshow. \u00c8 un ottimo software di video editing, semplice da usare e perfetto per creare annunci e promozioni, infatti il\u00a0video \u00e8 ormai diventato uno dei mezzi pi\u00f9 venduti per mettere in evidenza la tua attivit\u00e0 di marketing o per promuovere i tuoi prodotti.<\/p>\n","protected":false},"author":17,"featured_media":11081,"parent":7571,"menu_order":0,"comment_status":"open","ping_status":"closed","template":"g1_template_page_review_new.php","meta":{"_acf_changed":false,"cwp_meta_box_check":"Yes","cwp_rev_product_name":"","cwp_rev_product_image":"","wppr_links":[],"cwp_rev_price":"","wppr_options":[{"name":"Usability","value":"0"},{"name":"Speed","value":"0"},{"name":"Features","value":"0"},{"name":"Support","value":"0"},{"name":"Pricing","value":"0"}],"wppr_pros":["","","","",""],"wppr_cons":["","","","",""],"_monsterinsights_skip_tracking":false,"_monsterinsights_sitenote_active":false,"_monsterinsights_sitenote_note":"","_monsterinsights_sitenote_category":0,"footnotes":""},"categories":[169],"tags":[242,198,230,3342,1244,228,1273,201,217,219],"features":[],"class_list":{"0":"post-11074","1":"page","2":"type-page","3":"status-publish","4":"has-post-thumbnail","6":"category-video-editing-software-it","7":"tag-come-creare-un-video-con-biteable","8":"tag-come-modificare-un-video","9":"tag-come-montare-un-video","10":"tag-piattaforma-video-editing","11":"tag-programma-video-editing","12":"tag-software-video-editing","13":"tag-soluzione-video-editing","14":"tag-video-editor","15":"tag-video-maker","16":"tag-video-making"},"wppr_data":{"cwp_meta_box_check":"Yes","cwp_rev_product_name":"","_wppr_review_template":"default","cwp_rev_product_image":"","cwp_image_link":"image","wppr_links":[],"cwp_rev_price":"","wppr_pros":["","","","",""],"wppr_cons":["","","","",""],"wppr_rating":"0.00","wppr_options":{"1":{"name":"Usability","value":"0"},"2":{"name":"Speed","value":"0"},"3":{"name":"Features","value":"0"},"4":{"name":"Support","value":"0"},"5":{"name":"Pricing","value":"0"}},"wppr_review_type":"Product","wppr_review_custom_fields":{"additionalProperty":"","additionalType":"","aggregateRating":"","alternateName":"","audience":"","award":"","awards":"","brand":"","color":"","depth":"","description":"","disambiguatingDescription":"","gtin12":"","gtin13":"","gtin14":"","gtin8":"","height":"","identifier":"","image":"","isAccessoryOrSparePartFor":"","isConsumableFor":"","isRelatedTo":"","isSimilarTo":"","itemCondition":"","logo":"","mainEntityOfPage":"","manufacturer":"","material":"","model":"","mpn":"","name":"","offers":"","potentialAction":"","productID":"","productionDate":"","purchaseDate":"","releaseDate":"","review":"","reviews":"","sameAs":"","sku":"","slogan":"","subjectOf":"","url":"","weight":"","width":""}},"acf":[],"yoast_head":"<!-- This site is optimized with the Yoast SEO plugin v27.4 - https:\/\/yoast.com\/product\/yoast-seo-wordpress\/ -->\n<title>Biteable: recensione software video editing- Accurate Reviews<\/title>\n<meta name=\"description\" content=\"Biteable: recensione di un video maker gratuito online, utile per creare e condividere animazioni ed interessanti slideshow.\" \/>\n<meta name=\"robots\" content=\"index, follow, max-snippet:-1, max-image-preview:large, max-video-preview:-1\" \/>\n<link rel=\"canonical\" href=\"https:\/\/www.accuratereviews.com\/it\/video-editing-lista-software\/biteable-recensione\/\" \/>\n<meta property=\"og:locale\" content=\"it_IT\" \/>\n<meta property=\"og:type\" content=\"article\" \/>\n<meta property=\"og:title\" content=\"Biteable: recensione software video editing- Accurate Reviews\" \/>\n<meta property=\"og:description\" content=\"Biteable: recensione di un video maker gratuito online, utile per creare e condividere animazioni ed interessanti slideshow.\" \/>\n<meta property=\"og:url\" content=\"https:\/\/www.accuratereviews.com\/it\/video-editing-lista-software\/biteable-recensione\/\" \/>\n<meta property=\"og:site_name\" content=\"Accurate Reviews\" \/>\n<meta property=\"article:modified_time\" content=\"2023-01-25T08:55:12+00:00\" \/>\n<meta property=\"og:image\" content=\"https:\/\/www.accuratereviews.com\/wp-content\/uploads\/2019\/02\/recreate-biteable-video-without-watermark.png\" \/>\n\t<meta property=\"og:image:width\" content=\"680\" \/>\n\t<meta property=\"og:image:height\" content=\"510\" \/>\n\t<meta property=\"og:image:type\" content=\"image\/png\" \/>\n<meta name=\"twitter:card\" content=\"summary_large_image\" \/>\n<meta name=\"twitter:label1\" content=\"Tempo di lettura stimato\" \/>\n\t<meta name=\"twitter:data1\" content=\"4 minuti\" \/>\n<script type=\"application\/ld+json\" class=\"yoast-schema-graph\">{\"@context\":\"https:\\\/\\\/schema.org\",\"@graph\":[{\"@type\":\"WebPage\",\"@id\":\"https:\\\/\\\/www.accuratereviews.com\\\/it\\\/video-editing-lista-software\\\/biteable-recensione\\\/\",\"url\":\"https:\\\/\\\/www.accuratereviews.com\\\/it\\\/video-editing-lista-software\\\/biteable-recensione\\\/\",\"name\":\"Biteable: recensione software video editing- Accurate Reviews\",\"isPartOf\":{\"@id\":\"https:\\\/\\\/www.accuratereviews.com\\\/it\\\/#website\"},\"primaryImageOfPage\":{\"@id\":\"https:\\\/\\\/www.accuratereviews.com\\\/it\\\/video-editing-lista-software\\\/biteable-recensione\\\/#primaryimage\"},\"image\":{\"@id\":\"https:\\\/\\\/www.accuratereviews.com\\\/it\\\/video-editing-lista-software\\\/biteable-recensione\\\/#primaryimage\"},\"thumbnailUrl\":\"https:\\\/\\\/www.accuratereviews.com\\\/wp-content\\\/uploads\\\/2019\\\/02\\\/recreate-biteable-video-without-watermark.png\",\"datePublished\":\"2019-02-14T17:18:22+00:00\",\"dateModified\":\"2023-01-25T08:55:12+00:00\",\"description\":\"Biteable: recensione di un video maker gratuito online, utile per creare e condividere animazioni ed interessanti slideshow.\",\"breadcrumb\":{\"@id\":\"https:\\\/\\\/www.accuratereviews.com\\\/it\\\/video-editing-lista-software\\\/biteable-recensione\\\/#breadcrumb\"},\"inLanguage\":\"it-IT\",\"potentialAction\":[{\"@type\":\"ReadAction\",\"target\":[\"https:\\\/\\\/www.accuratereviews.com\\\/it\\\/video-editing-lista-software\\\/biteable-recensione\\\/\"]}]},{\"@type\":\"ImageObject\",\"inLanguage\":\"it-IT\",\"@id\":\"https:\\\/\\\/www.accuratereviews.com\\\/it\\\/video-editing-lista-software\\\/biteable-recensione\\\/#primaryimage\",\"url\":\"https:\\\/\\\/www.accuratereviews.com\\\/wp-content\\\/uploads\\\/2019\\\/02\\\/recreate-biteable-video-without-watermark.png\",\"contentUrl\":\"https:\\\/\\\/www.accuratereviews.com\\\/wp-content\\\/uploads\\\/2019\\\/02\\\/recreate-biteable-video-without-watermark.png\",\"width\":680,\"height\":510},{\"@type\":\"BreadcrumbList\",\"@id\":\"https:\\\/\\\/www.accuratereviews.com\\\/it\\\/video-editing-lista-software\\\/biteable-recensione\\\/#breadcrumb\",\"itemListElement\":[{\"@type\":\"ListItem\",\"position\":1,\"name\":\"Home\",\"item\":\"https:\\\/\\\/www.accuratereviews.com\\\/it\\\/\"},{\"@type\":\"ListItem\",\"position\":2,\"name\":\"Software per il video editing\",\"item\":\"https:\\\/\\\/www.accuratereviews.com\\\/it\\\/video-editing-lista-software\\\/\"},{\"@type\":\"ListItem\",\"position\":3,\"name\":\"Biteable\"}]},{\"@type\":\"WebSite\",\"@id\":\"https:\\\/\\\/www.accuratereviews.com\\\/it\\\/#website\",\"url\":\"https:\\\/\\\/www.accuratereviews.com\\\/it\\\/\",\"name\":\"Accurate Reviews\",\"description\":\"\",\"potentialAction\":[{\"@type\":\"SearchAction\",\"target\":{\"@type\":\"EntryPoint\",\"urlTemplate\":\"https:\\\/\\\/www.accuratereviews.com\\\/it\\\/?s={search_term_string}\"},\"query-input\":{\"@type\":\"PropertyValueSpecification\",\"valueRequired\":true,\"valueName\":\"search_term_string\"}}],\"inLanguage\":\"it-IT\"}]}<\/script>\n<!-- \/ Yoast SEO plugin. -->","yoast_head_json":{"title":"Biteable: recensione software video editing- Accurate Reviews","description":"Biteable: recensione di un video maker gratuito online, utile per creare e condividere animazioni ed interessanti slideshow.","robots":{"index":"index","follow":"follow","max-snippet":"max-snippet:-1","max-image-preview":"max-image-preview:large","max-video-preview":"max-video-preview:-1"},"canonical":"https:\/\/www.accuratereviews.com\/it\/video-editing-lista-software\/biteable-recensione\/","og_locale":"it_IT","og_type":"article","og_title":"Biteable: recensione software video editing- Accurate Reviews","og_description":"Biteable: recensione di un video maker gratuito online, utile per creare e condividere animazioni ed interessanti slideshow.","og_url":"https:\/\/www.accuratereviews.com\/it\/video-editing-lista-software\/biteable-recensione\/","og_site_name":"Accurate Reviews","article_modified_time":"2023-01-25T08:55:12+00:00","og_image":[{"width":680,"height":510,"url":"https:\/\/www.accuratereviews.com\/wp-content\/uploads\/2019\/02\/recreate-biteable-video-without-watermark.png","type":"image\/png"}],"twitter_card":"summary_large_image","twitter_misc":{"Tempo di lettura stimato":"4 minuti"},"schema":{"@context":"https:\/\/schema.org","@graph":[{"@type":"WebPage","@id":"https:\/\/www.accuratereviews.com\/it\/video-editing-lista-software\/biteable-recensione\/","url":"https:\/\/www.accuratereviews.com\/it\/video-editing-lista-software\/biteable-recensione\/","name":"Biteable: recensione software video editing- Accurate Reviews","isPartOf":{"@id":"https:\/\/www.accuratereviews.com\/it\/#website"},"primaryImageOfPage":{"@id":"https:\/\/www.accuratereviews.com\/it\/video-editing-lista-software\/biteable-recensione\/#primaryimage"},"image":{"@id":"https:\/\/www.accuratereviews.com\/it\/video-editing-lista-software\/biteable-recensione\/#primaryimage"},"thumbnailUrl":"https:\/\/www.accuratereviews.com\/wp-content\/uploads\/2019\/02\/recreate-biteable-video-without-watermark.png","datePublished":"2019-02-14T17:18:22+00:00","dateModified":"2023-01-25T08:55:12+00:00","description":"Biteable: recensione di un video maker gratuito online, utile per creare e condividere animazioni ed interessanti slideshow.","breadcrumb":{"@id":"https:\/\/www.accuratereviews.com\/it\/video-editing-lista-software\/biteable-recensione\/#breadcrumb"},"inLanguage":"it-IT","potentialAction":[{"@type":"ReadAction","target":["https:\/\/www.accuratereviews.com\/it\/video-editing-lista-software\/biteable-recensione\/"]}]},{"@type":"ImageObject","inLanguage":"it-IT","@id":"https:\/\/www.accuratereviews.com\/it\/video-editing-lista-software\/biteable-recensione\/#primaryimage","url":"https:\/\/www.accuratereviews.com\/wp-content\/uploads\/2019\/02\/recreate-biteable-video-without-watermark.png","contentUrl":"https:\/\/www.accuratereviews.com\/wp-content\/uploads\/2019\/02\/recreate-biteable-video-without-watermark.png","width":680,"height":510},{"@type":"BreadcrumbList","@id":"https:\/\/www.accuratereviews.com\/it\/video-editing-lista-software\/biteable-recensione\/#breadcrumb","itemListElement":[{"@type":"ListItem","position":1,"name":"Home","item":"https:\/\/www.accuratereviews.com\/it\/"},{"@type":"ListItem","position":2,"name":"Software per il video editing","item":"https:\/\/www.accuratereviews.com\/it\/video-editing-lista-software\/"},{"@type":"ListItem","position":3,"name":"Biteable"}]},{"@type":"WebSite","@id":"https:\/\/www.accuratereviews.com\/it\/#website","url":"https:\/\/www.accuratereviews.com\/it\/","name":"Accurate Reviews","description":"","potentialAction":[{"@type":"SearchAction","target":{"@type":"EntryPoint","urlTemplate":"https:\/\/www.accuratereviews.com\/it\/?s={search_term_string}"},"query-input":{"@type":"PropertyValueSpecification","valueRequired":true,"valueName":"search_term_string"}}],"inLanguage":"it-IT"}]}},"_links":{"self":[{"href":"https:\/\/www.accuratereviews.com\/it\/wp-json\/wp\/v2\/pages\/11074","targetHints":{"allow":["GET"]}}],"collection":[{"href":"https:\/\/www.accuratereviews.com\/it\/wp-json\/wp\/v2\/pages"}],"about":[{"href":"https:\/\/www.accuratereviews.com\/it\/wp-json\/wp\/v2\/types\/page"}],"author":[{"embeddable":true,"href":"https:\/\/www.accuratereviews.com\/it\/wp-json\/wp\/v2\/users\/17"}],"replies":[{"embeddable":true,"href":"https:\/\/www.accuratereviews.com\/it\/wp-json\/wp\/v2\/comments?post=11074"}],"version-history":[{"count":9,"href":"https:\/\/www.accuratereviews.com\/it\/wp-json\/wp\/v2\/pages\/11074\/revisions"}],"predecessor-version":[{"id":66572,"href":"https:\/\/www.accuratereviews.com\/it\/wp-json\/wp\/v2\/pages\/11074\/revisions\/66572"}],"up":[{"embeddable":true,"href":"https:\/\/www.accuratereviews.com\/it\/wp-json\/wp\/v2\/pages\/7571"}],"wp:featuredmedia":[{"embeddable":true,"href":"https:\/\/www.accuratereviews.com\/it\/wp-json\/wp\/v2\/media\/11081"}],"wp:attachment":[{"href":"https:\/\/www.accuratereviews.com\/it\/wp-json\/wp\/v2\/media?parent=11074"}],"wp:term":[{"taxonomy":"category","embeddable":true,"href":"https:\/\/www.accuratereviews.com\/it\/wp-json\/wp\/v2\/categories?post=11074"},{"taxonomy":"post_tag","embeddable":true,"href":"https:\/\/www.accuratereviews.com\/it\/wp-json\/wp\/v2\/tags?post=11074"},{"taxonomy":"features","embeddable":true,"href":"https:\/\/www.accuratereviews.com\/it\/wp-json\/wp\/v2\/features?post=11074"}],"curies":[{"name":"wp","href":"https:\/\/api.w.org\/{rel}","templated":true}]}}