{"id":11103,"date":"2019-02-18T12:31:13","date_gmt":"2019-02-18T12:31:13","guid":{"rendered":"https:\/\/www.accuratereviews.com\/?page_id=11103"},"modified":"2023-01-24T10:52:06","modified_gmt":"2023-01-24T10:52:06","slug":"avidemux-recensione","status":"publish","type":"page","link":"https:\/\/www.accuratereviews.com\/it\/video-editing-lista-software\/avidemux-recensione\/","title":{"rendered":"Avidemux"},"content":{"rendered":"<p><strong>Avidemux<\/strong> \u00e8 un <strong>software di video editing gratuito<\/strong>, veloce e e facile da usare che render\u00e0 i tuoi video molto pi\u00f9 creativi! \u00c8 un programma <strong>open source<\/strong> con molte funzionalit\u00e0 di <strong>editing video<\/strong> che ti permettono di tagliare rapidamente, utilizzare filtri ed effetti e modificare il tuo video come meglio preferisci!\u00a0Avidemux inoltre garantisce l\u2019elaborazione video in molti formati che vengono usati anche su YouTube, tra i principali, troviamo: Avi,\u00a0Mpeg,\u00a0Mp4,\u00a0MKV e\u00a0Flv.<\/p>\n<p>L\u2019interfaccia, inizialmente, pu\u00f2 sembrare meno lineare rispetto ad altri software ma, una volta che si inizia ad utilizzare questo<strong> video editor<\/strong>, ci si accorge subito che \u00e8 pi\u00f9 facile da usare di quanto sembra.<\/p>\n<p>Proviamo a dare un&#8217;occhiata ad un tutorial che ci insegna <strong>come tagliare un video con Avidemux<\/strong> in modo da prendere dimestichezza con le funzionalit\u00e0 di questo <strong>software gratuito<\/strong>.<\/p>\n<h2>COME TAGLIARE UN VIDEO CON AVIDEMUX &#8211; TUTORIAL<\/h2>\n<div id=\"fluid-wrapper-counter-1\" class=\"g1-fluid-wrapper \" style=\"width:686px;\"><div style=\"padding-bottom:56.268221574344%;\"><iframe loading=\"lazy\" title=\"Come tagliare un video con Avidemux - Tutorial\" width=\"686\" height=\"386\" src=\"https:\/\/www.youtube.com\/embed\/7l32m-XBIM8?feature=oembed&amp;wmode=transparent&amp;autohide=1&amp;autoplay=0&amp;disablekb=0&amp;fs=1&amp;loop=0&amp;enablejsapi=1&amp;rel=0&amp;controls=2&amp;showinfo=0&amp;wmode=transparent&amp;autohide=2&amp;autoplay=0&amp;disablekb=0&amp;fs=1&amp;loop=0&amp;enablejsapi=1&amp;rel=0&amp;controls=2&amp;showinfo=1\" frameborder=\"0\" allow=\"accelerometer; autoplay; clipboard-write; encrypted-media; gyroscope; picture-in-picture; web-share\" allowfullscreen><\/iframe><\/div><\/div>\n<p>&nbsp;<\/p>\n<h3>AVIDEMUX &#8211; CARATTERISTICHE PRINCIPALI:<\/h3>\n<p>Dopo aver visto quanto \u00e8 semplice <strong>tagliare un video <\/strong>con Avidemux, diamo uno sguardo anche alle altre caratteristiche:<\/p>\n<ul>\n<li><strong>Transcodificazione video<\/strong>: Avidemux si occupa di transcodificare video in vari formati;<\/li>\n<li><strong>Supporto di numerosi format<\/strong>i: Avi, Mp4, Mpeg, Mkv, Flv;<\/li>\n<li>Utilizzo di <strong>JavaScript SpiderMonkey<\/strong>;<\/li>\n<li>Elaborazione <strong>sottotitoli<\/strong> incorporata.<\/li>\n<\/ul>\n<h4><strong>LE RECENSIONI DEGLI UTENTI<\/strong><\/h4>\n<p><strong>Luca&#8221;Buon software per video-cutting e\/o montaggi video rapidi&#8221;<\/strong><br \/>\n<strong>Commenti<\/strong>: Esperienza positiva per l&#8217;utilizzo che ne ho fatto: video-cutting e montaggi semplici. Carica e scarica i file piuttosto rapidamente.<br \/>\n<strong>Pro<\/strong>: Le funzionalit\u00e0 essenziali per il video-cutting sono subito ben visibili, in un unico pannello si riescono a gestire pi\u00f9 opzioni di in-put e out-put video.<br \/>\n<strong>Contro<\/strong>: Interfaccia datata. Ci\u00f2 non ne pregiudica l&#8217;efficenza ma aumenterebbe la usability se si adattasse ai template di ultima generazione.<\/p>\n<p><strong>Hermann&#8221;Recensione di Avidemux&#8221;<\/strong><br \/>\n<strong>Pro<\/strong>: Il software \u00e8 molto facile da usare per creare video. L&#8217;esportazione di video \u00e8 pi\u00f9 veloce di alcuni software rinomati<br \/>\n<strong>Contro<\/strong>: Nessun problema riscontrato oltre a trovare la barra di calibrazione corta<\/p>\n<p><strong>Alpa&#8221;Facile da usare per l&#8217;editing video&#8221;<\/strong><br \/>\n<strong>Pro<\/strong>: Avidemux \u00e8 facile e semplice da usare. Molto veloce e facile da imparare e non ho passato ore a imparare come usarlo. Inoltre puoi esportare video.<br \/>\n<strong>Contro<\/strong>: Niente di negativo da dire sul software.<\/p>\n<p>&nbsp;<\/p>\n","protected":false},"excerpt":{"rendered":"<p>Avidemux \u00e8 un software di video editing gratuito, veloce e e facile da usare che render\u00e0 i tuoi video molto pi\u00f9 creativi! \u00c8 un programma open source con molte funzionalit\u00e0<\/p>\n","protected":false},"author":17,"featured_media":11108,"parent":7571,"menu_order":0,"comment_status":"open","ping_status":"closed","template":"g1_template_page_review_new.php","meta":{"_acf_changed":false,"cwp_meta_box_check":"Yes","cwp_rev_product_name":"","cwp_rev_product_image":"","wppr_links":[],"cwp_rev_price":"","wppr_options":[{"name":"Usability","value":"0"},{"name":"Speed","value":"0"},{"name":"Features","value":"0"},{"name":"Support","value":"0"},{"name":"Pricing","value":"0"}],"wppr_pros":["","","","",""],"wppr_cons":["","","","",""],"_monsterinsights_skip_tracking":false,"_monsterinsights_sitenote_active":false,"_monsterinsights_sitenote_note":"","_monsterinsights_sitenote_category":0,"footnotes":""},"categories":[169],"tags":[200,243,245,246,1244,244,1273,202,201],"features":[],"class_list":{"0":"post-11103","1":"page","2":"type-page","3":"status-publish","4":"has-post-thumbnail","6":"category-video-editing-software-it","7":"tag-come-tagliare-un-video","8":"tag-come-tagliare-un-video-con-avidemux","9":"tag-how-to-cut-a-video-with-avidemux","10":"tag-open-source","11":"tag-programma-video-editing","12":"tag-software-di-video-editing-gratuito","13":"tag-soluzione-video-editing","14":"tag-video-editing","15":"tag-video-editor"},"wppr_data":{"cwp_meta_box_check":"Yes","cwp_rev_product_name":"","_wppr_review_template":"default","cwp_rev_product_image":"","cwp_image_link":"image","wppr_links":[],"cwp_rev_price":"","wppr_pros":["","","","",""],"wppr_cons":["","","","",""],"wppr_rating":"0.00","wppr_options":{"1":{"name":"Usability","value":"0"},"2":{"name":"Speed","value":"0"},"3":{"name":"Features","value":"0"},"4":{"name":"Support","value":"0"},"5":{"name":"Pricing","value":"0"}},"wppr_review_type":"Product","wppr_review_custom_fields":{"additionalProperty":"","additionalType":"","aggregateRating":"","alternateName":"","audience":"","award":"","awards":"","brand":"","color":"","depth":"","description":"","disambiguatingDescription":"","gtin12":"","gtin13":"","gtin14":"","gtin8":"","height":"","identifier":"","image":"","isAccessoryOrSparePartFor":"","isConsumableFor":"","isRelatedTo":"","isSimilarTo":"","itemCondition":"","logo":"","mainEntityOfPage":"","manufacturer":"","material":"","model":"","mpn":"","name":"","offers":"","potentialAction":"","productID":"","productionDate":"","purchaseDate":"","releaseDate":"","review":"","reviews":"","sameAs":"","sku":"","slogan":"","subjectOf":"","url":"","weight":"","width":""}},"acf":[],"yoast_head":"<!-- This site is optimized with the Yoast SEO plugin v27.4 - https:\/\/yoast.com\/product\/yoast-seo-wordpress\/ -->\n<title>Avidemux Recensione - Accurate Reviews<\/title>\n<meta name=\"description\" content=\"Avidemux: recensione del software di editing video gratuito, open source, veloce e facile da usare, prodotto da SourceForge.\" \/>\n<meta name=\"robots\" content=\"index, follow, max-snippet:-1, max-image-preview:large, max-video-preview:-1\" \/>\n<link rel=\"canonical\" href=\"https:\/\/www.accuratereviews.com\/it\/video-editing-lista-software\/avidemux-recensione\/\" \/>\n<meta property=\"og:locale\" content=\"it_IT\" \/>\n<meta property=\"og:type\" content=\"article\" \/>\n<meta property=\"og:title\" content=\"Avidemux Recensione - Accurate Reviews\" \/>\n<meta property=\"og:description\" content=\"Avidemux: recensione del software di editing video gratuito, open source, veloce e facile da usare, prodotto da SourceForge.\" \/>\n<meta property=\"og:url\" content=\"https:\/\/www.accuratereviews.com\/it\/video-editing-lista-software\/avidemux-recensione\/\" \/>\n<meta property=\"og:site_name\" content=\"Accurate Reviews\" \/>\n<meta property=\"article:modified_time\" content=\"2023-01-24T10:52:06+00:00\" \/>\n<meta property=\"og:image\" content=\"https:\/\/www.accuratereviews.com\/wp-content\/uploads\/2019\/02\/avidemux-logo-374x242.jpeg\" \/>\n\t<meta property=\"og:image:width\" content=\"374\" \/>\n\t<meta property=\"og:image:height\" content=\"242\" \/>\n\t<meta property=\"og:image:type\" content=\"image\/jpeg\" \/>\n<meta name=\"twitter:card\" content=\"summary_large_image\" \/>\n<meta name=\"twitter:label1\" content=\"Tempo di lettura stimato\" \/>\n\t<meta name=\"twitter:data1\" content=\"2 minuti\" \/>\n<script type=\"application\/ld+json\" class=\"yoast-schema-graph\">{\"@context\":\"https:\\\/\\\/schema.org\",\"@graph\":[{\"@type\":\"WebPage\",\"@id\":\"https:\\\/\\\/www.accuratereviews.com\\\/it\\\/video-editing-lista-software\\\/avidemux-recensione\\\/\",\"url\":\"https:\\\/\\\/www.accuratereviews.com\\\/it\\\/video-editing-lista-software\\\/avidemux-recensione\\\/\",\"name\":\"Avidemux Recensione - Accurate Reviews\",\"isPartOf\":{\"@id\":\"https:\\\/\\\/www.accuratereviews.com\\\/it\\\/#website\"},\"primaryImageOfPage\":{\"@id\":\"https:\\\/\\\/www.accuratereviews.com\\\/it\\\/video-editing-lista-software\\\/avidemux-recensione\\\/#primaryimage\"},\"image\":{\"@id\":\"https:\\\/\\\/www.accuratereviews.com\\\/it\\\/video-editing-lista-software\\\/avidemux-recensione\\\/#primaryimage\"},\"thumbnailUrl\":\"https:\\\/\\\/www.accuratereviews.com\\\/wp-content\\\/uploads\\\/2019\\\/02\\\/avidemux-logo-374x242.jpeg\",\"datePublished\":\"2019-02-18T12:31:13+00:00\",\"dateModified\":\"2023-01-24T10:52:06+00:00\",\"description\":\"Avidemux: recensione del software di editing video gratuito, open source, veloce e facile da usare, prodotto da SourceForge.\",\"breadcrumb\":{\"@id\":\"https:\\\/\\\/www.accuratereviews.com\\\/it\\\/video-editing-lista-software\\\/avidemux-recensione\\\/#breadcrumb\"},\"inLanguage\":\"it-IT\",\"potentialAction\":[{\"@type\":\"ReadAction\",\"target\":[\"https:\\\/\\\/www.accuratereviews.com\\\/it\\\/video-editing-lista-software\\\/avidemux-recensione\\\/\"]}]},{\"@type\":\"ImageObject\",\"inLanguage\":\"it-IT\",\"@id\":\"https:\\\/\\\/www.accuratereviews.com\\\/it\\\/video-editing-lista-software\\\/avidemux-recensione\\\/#primaryimage\",\"url\":\"https:\\\/\\\/www.accuratereviews.com\\\/wp-content\\\/uploads\\\/2019\\\/02\\\/avidemux-logo-374x242.jpeg\",\"contentUrl\":\"https:\\\/\\\/www.accuratereviews.com\\\/wp-content\\\/uploads\\\/2019\\\/02\\\/avidemux-logo-374x242.jpeg\",\"width\":374,\"height\":242},{\"@type\":\"BreadcrumbList\",\"@id\":\"https:\\\/\\\/www.accuratereviews.com\\\/it\\\/video-editing-lista-software\\\/avidemux-recensione\\\/#breadcrumb\",\"itemListElement\":[{\"@type\":\"ListItem\",\"position\":1,\"name\":\"Home\",\"item\":\"https:\\\/\\\/www.accuratereviews.com\\\/it\\\/\"},{\"@type\":\"ListItem\",\"position\":2,\"name\":\"Software per il video editing\",\"item\":\"https:\\\/\\\/www.accuratereviews.com\\\/it\\\/video-editing-lista-software\\\/\"},{\"@type\":\"ListItem\",\"position\":3,\"name\":\"Avidemux\"}]},{\"@type\":\"WebSite\",\"@id\":\"https:\\\/\\\/www.accuratereviews.com\\\/it\\\/#website\",\"url\":\"https:\\\/\\\/www.accuratereviews.com\\\/it\\\/\",\"name\":\"Accurate Reviews\",\"description\":\"\",\"potentialAction\":[{\"@type\":\"SearchAction\",\"target\":{\"@type\":\"EntryPoint\",\"urlTemplate\":\"https:\\\/\\\/www.accuratereviews.com\\\/it\\\/?s={search_term_string}\"},\"query-input\":{\"@type\":\"PropertyValueSpecification\",\"valueRequired\":true,\"valueName\":\"search_term_string\"}}],\"inLanguage\":\"it-IT\"}]}<\/script>\n<!-- \/ Yoast SEO plugin. -->","yoast_head_json":{"title":"Avidemux Recensione - Accurate Reviews","description":"Avidemux: recensione del software di editing video gratuito, open source, veloce e facile da usare, prodotto da SourceForge.","robots":{"index":"index","follow":"follow","max-snippet":"max-snippet:-1","max-image-preview":"max-image-preview:large","max-video-preview":"max-video-preview:-1"},"canonical":"https:\/\/www.accuratereviews.com\/it\/video-editing-lista-software\/avidemux-recensione\/","og_locale":"it_IT","og_type":"article","og_title":"Avidemux Recensione - Accurate Reviews","og_description":"Avidemux: recensione del software di editing video gratuito, open source, veloce e facile da usare, prodotto da SourceForge.","og_url":"https:\/\/www.accuratereviews.com\/it\/video-editing-lista-software\/avidemux-recensione\/","og_site_name":"Accurate Reviews","article_modified_time":"2023-01-24T10:52:06+00:00","og_image":[{"width":374,"height":242,"url":"https:\/\/www.accuratereviews.com\/wp-content\/uploads\/2019\/02\/avidemux-logo-374x242.jpeg","type":"image\/jpeg"}],"twitter_card":"summary_large_image","twitter_misc":{"Tempo di lettura stimato":"2 minuti"},"schema":{"@context":"https:\/\/schema.org","@graph":[{"@type":"WebPage","@id":"https:\/\/www.accuratereviews.com\/it\/video-editing-lista-software\/avidemux-recensione\/","url":"https:\/\/www.accuratereviews.com\/it\/video-editing-lista-software\/avidemux-recensione\/","name":"Avidemux Recensione - Accurate Reviews","isPartOf":{"@id":"https:\/\/www.accuratereviews.com\/it\/#website"},"primaryImageOfPage":{"@id":"https:\/\/www.accuratereviews.com\/it\/video-editing-lista-software\/avidemux-recensione\/#primaryimage"},"image":{"@id":"https:\/\/www.accuratereviews.com\/it\/video-editing-lista-software\/avidemux-recensione\/#primaryimage"},"thumbnailUrl":"https:\/\/www.accuratereviews.com\/wp-content\/uploads\/2019\/02\/avidemux-logo-374x242.jpeg","datePublished":"2019-02-18T12:31:13+00:00","dateModified":"2023-01-24T10:52:06+00:00","description":"Avidemux: recensione del software di editing video gratuito, open source, veloce e facile da usare, prodotto da SourceForge.","breadcrumb":{"@id":"https:\/\/www.accuratereviews.com\/it\/video-editing-lista-software\/avidemux-recensione\/#breadcrumb"},"inLanguage":"it-IT","potentialAction":[{"@type":"ReadAction","target":["https:\/\/www.accuratereviews.com\/it\/video-editing-lista-software\/avidemux-recensione\/"]}]},{"@type":"ImageObject","inLanguage":"it-IT","@id":"https:\/\/www.accuratereviews.com\/it\/video-editing-lista-software\/avidemux-recensione\/#primaryimage","url":"https:\/\/www.accuratereviews.com\/wp-content\/uploads\/2019\/02\/avidemux-logo-374x242.jpeg","contentUrl":"https:\/\/www.accuratereviews.com\/wp-content\/uploads\/2019\/02\/avidemux-logo-374x242.jpeg","width":374,"height":242},{"@type":"BreadcrumbList","@id":"https:\/\/www.accuratereviews.com\/it\/video-editing-lista-software\/avidemux-recensione\/#breadcrumb","itemListElement":[{"@type":"ListItem","position":1,"name":"Home","item":"https:\/\/www.accuratereviews.com\/it\/"},{"@type":"ListItem","position":2,"name":"Software per il video editing","item":"https:\/\/www.accuratereviews.com\/it\/video-editing-lista-software\/"},{"@type":"ListItem","position":3,"name":"Avidemux"}]},{"@type":"WebSite","@id":"https:\/\/www.accuratereviews.com\/it\/#website","url":"https:\/\/www.accuratereviews.com\/it\/","name":"Accurate Reviews","description":"","potentialAction":[{"@type":"SearchAction","target":{"@type":"EntryPoint","urlTemplate":"https:\/\/www.accuratereviews.com\/it\/?s={search_term_string}"},"query-input":{"@type":"PropertyValueSpecification","valueRequired":true,"valueName":"search_term_string"}}],"inLanguage":"it-IT"}]}},"_links":{"self":[{"href":"https:\/\/www.accuratereviews.com\/it\/wp-json\/wp\/v2\/pages\/11103","targetHints":{"allow":["GET"]}}],"collection":[{"href":"https:\/\/www.accuratereviews.com\/it\/wp-json\/wp\/v2\/pages"}],"about":[{"href":"https:\/\/www.accuratereviews.com\/it\/wp-json\/wp\/v2\/types\/page"}],"author":[{"embeddable":true,"href":"https:\/\/www.accuratereviews.com\/it\/wp-json\/wp\/v2\/users\/17"}],"replies":[{"embeddable":true,"href":"https:\/\/www.accuratereviews.com\/it\/wp-json\/wp\/v2\/comments?post=11103"}],"version-history":[{"count":16,"href":"https:\/\/www.accuratereviews.com\/it\/wp-json\/wp\/v2\/pages\/11103\/revisions"}],"predecessor-version":[{"id":66517,"href":"https:\/\/www.accuratereviews.com\/it\/wp-json\/wp\/v2\/pages\/11103\/revisions\/66517"}],"up":[{"embeddable":true,"href":"https:\/\/www.accuratereviews.com\/it\/wp-json\/wp\/v2\/pages\/7571"}],"wp:featuredmedia":[{"embeddable":true,"href":"https:\/\/www.accuratereviews.com\/it\/wp-json\/wp\/v2\/media\/11108"}],"wp:attachment":[{"href":"https:\/\/www.accuratereviews.com\/it\/wp-json\/wp\/v2\/media?parent=11103"}],"wp:term":[{"taxonomy":"category","embeddable":true,"href":"https:\/\/www.accuratereviews.com\/it\/wp-json\/wp\/v2\/categories?post=11103"},{"taxonomy":"post_tag","embeddable":true,"href":"https:\/\/www.accuratereviews.com\/it\/wp-json\/wp\/v2\/tags?post=11103"},{"taxonomy":"features","embeddable":true,"href":"https:\/\/www.accuratereviews.com\/it\/wp-json\/wp\/v2\/features?post=11103"}],"curies":[{"name":"wp","href":"https:\/\/api.w.org\/{rel}","templated":true}]}}