{"id":11133,"date":"2019-02-18T16:45:28","date_gmt":"2019-02-18T16:45:28","guid":{"rendered":"https:\/\/www.accuratereviews.com\/?page_id=11133"},"modified":"2021-04-29T13:57:57","modified_gmt":"2021-04-29T13:57:57","slug":"videoscribe-recensione","status":"publish","type":"page","link":"https:\/\/www.accuratereviews.com\/it\/video-editing-lista-software\/videoscribe-recensione\/","title":{"rendered":"VideoScribe"},"content":{"rendered":"<div><strong>VideoScribe<\/strong> \u00e8 un programma che ti permette di creare, in pochissimo tempo, <strong>video di explainer<\/strong> utili ad accrescere la tua attivit\u00e0! \u00c8 un <strong>software di video making<\/strong>\u00a0facile da usare, veloce ed economico; puoi selezionare immagini, aggiungere testi, musica e voce fuori campo per creare dei video davvero accattivanti da pubblicare e condividere sui tuoi canali social o sul tuo sito.<\/div>\n<div>\u00c8 utile per le attivit\u00e0 di marketing o per insegnanti che hanno voglia di coinvolgere maggiormente i propri studenti in lezioni pi\u00f9 creative e dinamiche.<\/div>\n<div><strong>VideoScribe<\/strong> inoltre mette a tua disposizione dei corsi online che ti insegneranno come realizzare il video giusto per te, in modo da non deludere le tue aspettative!<\/div>\n<div><\/div>\n<h2>VIDEOSCRIBE &#8211; TUTORIAL<\/h2>\n<div>\n<p>Diamo un\u2019occhiata ad un tutorial per comprendere come <strong>creare un video con VideoScribe<\/strong>:<\/p>\n<div id=\"fluid-wrapper-counter-1\" class=\"g1-fluid-wrapper \" style=\"width:686px;\"><div style=\"padding-bottom:56.268221574344%;\"><iframe loading=\"lazy\" title=\"VideoScribe tutorial 1 (in italiano)\" width=\"686\" height=\"386\" src=\"https:\/\/www.youtube.com\/embed\/oCfAU_Ha7qI?feature=oembed&amp;wmode=transparent&amp;autohide=1&amp;autoplay=0&amp;disablekb=0&amp;fs=1&amp;loop=0&amp;enablejsapi=1&amp;rel=0&amp;controls=2&amp;showinfo=0&amp;wmode=transparent&amp;autohide=2&amp;autoplay=0&amp;disablekb=0&amp;fs=1&amp;loop=0&amp;enablejsapi=1&amp;rel=0&amp;controls=2&amp;showinfo=1\" frameborder=\"0\" allow=\"accelerometer; autoplay; encrypted-media; gyroscope; picture-in-picture\" allowfullscreen><\/iframe><\/div><\/div>\n<\/div>\n<h3><\/h3>\n<h3>VIDEOSCRIBE &#8211; CARATTERISTICHE<\/h3>\n<div>\n<ul>\n<li><strong>Libreria gratuita di immagini:<\/strong>\u00a0contiene oltre 4000 immagini;<\/li>\n<li><strong>Libreria gratuita di musica<\/strong>: contiene oltre 190 brani musicali senza diritti d&#8217;autore;<\/li>\n<li><strong>Aggiornamenti gratuiti<\/strong> del prodotto;<\/li>\n<li><strong>Supporto online<\/strong> illimitato;<\/li>\n<li><strong>Supporto file: <\/strong>in mp4, MOV, WMV o AVI;<\/li>\n<li><strong>Aggiunta del logo<\/strong>: possibilit\u00e0 di aggiungere il tuo logo;<\/li>\n<li><strong>Salvataggio<\/strong>: ti permette di salvare i tuoi progetti online;<\/li>\n<li><strong>Tutorial: <\/strong>mette a disposizione corsi online gratuiti che ti guideranno nell&#8217;utilizzo del software;<\/li>\n<li><strong>Registrazione voce fuori campo<\/strong>: oltre alla possibilit\u00e0 di aggiungere la musica al tuo video, potrai anche registrare la voce fuori campo.<\/li>\n<\/ul>\n<div><\/div>\n<\/div>\n","protected":false},"excerpt":{"rendered":"<p>VideoScribe \u00e8 un programma che ti permette di creare, in pochissimo tempo, video di explainer utili ad accrescere la tua attivit\u00e0! \u00c8 un software di video making\u00a0facile da usare, veloce ed economico; puoi selezionare immagini, aggiungere testi, musica e voce fuori campo per creare dei video davvero accattivanti da pubblicare e condividere sui tuoi canali social o sul tuo sito.<\/p>\n","protected":false},"author":17,"featured_media":13065,"parent":7571,"menu_order":0,"comment_status":"open","ping_status":"closed","template":"g1_template_page_review_new.php","meta":{"_acf_changed":false,"cwp_meta_box_check":"Yes","cwp_rev_product_name":"","cwp_rev_product_image":"","wppr_links":[],"cwp_rev_price":"","wppr_options":[],"wppr_pros":[],"wppr_cons":[],"_monsterinsights_skip_tracking":false,"_monsterinsights_sitenote_active":false,"_monsterinsights_sitenote_note":"","_monsterinsights_sitenote_category":0,"footnotes":""},"categories":[169],"tags":[239,202,217,219,247],"features":[],"class_list":{"0":"post-11133","1":"page","2":"type-page","3":"status-publish","4":"has-post-thumbnail","6":"category-video-editing-software-it","7":"tag-montaggio-video","8":"tag-video-editing","9":"tag-video-maker","10":"tag-video-making","11":"tag-videoscribe"},"wppr_data":{"cwp_meta_box_check":"Yes","cwp_rev_product_name":"","cwp_rev_product_image":"","cwp_image_link":"image","cwp_rev_price":"","wppr_rating":"0.00"},"acf":[],"yoast_head":"<!-- This site is optimized with the Yoast SEO plugin v27.4 - https:\/\/yoast.com\/product\/yoast-seo-wordpress\/ -->\n<title>VideoScribe - Accurate Reviews<\/title>\n<meta name=\"description\" content=\"VideoScribe: recensione del programma che ti permette di creare, in pochissimo tempo, video di explainer utili ad accrescere la tua attivit\u00e0!\" \/>\n<meta name=\"robots\" content=\"index, follow, max-snippet:-1, max-image-preview:large, max-video-preview:-1\" \/>\n<link rel=\"canonical\" href=\"https:\/\/www.accuratereviews.com\/it\/video-editing-lista-software\/videoscribe-recensione\/\" \/>\n<meta property=\"og:locale\" content=\"it_IT\" \/>\n<meta property=\"og:type\" content=\"article\" \/>\n<meta property=\"og:title\" content=\"VideoScribe - Accurate Reviews\" \/>\n<meta property=\"og:description\" content=\"VideoScribe: recensione del programma che ti permette di creare, in pochissimo tempo, video di explainer utili ad accrescere la tua attivit\u00e0!\" \/>\n<meta property=\"og:url\" content=\"https:\/\/www.accuratereviews.com\/it\/video-editing-lista-software\/videoscribe-recensione\/\" \/>\n<meta property=\"og:site_name\" content=\"Accurate Reviews\" \/>\n<meta property=\"article:modified_time\" content=\"2021-04-29T13:57:57+00:00\" \/>\n<meta property=\"og:image\" content=\"https:\/\/www.accuratereviews.com\/wp-content\/uploads\/2019\/04\/videoScribe_header.png\" \/>\n\t<meta property=\"og:image:width\" content=\"576\" \/>\n\t<meta property=\"og:image:height\" content=\"246\" \/>\n\t<meta property=\"og:image:type\" content=\"image\/png\" \/>\n<meta name=\"twitter:card\" content=\"summary_large_image\" \/>\n<meta name=\"twitter:label1\" content=\"Tempo di lettura stimato\" \/>\n\t<meta name=\"twitter:data1\" content=\"1 minuto\" \/>\n<script type=\"application\/ld+json\" class=\"yoast-schema-graph\">{\"@context\":\"https:\\\/\\\/schema.org\",\"@graph\":[{\"@type\":\"WebPage\",\"@id\":\"https:\\\/\\\/www.accuratereviews.com\\\/it\\\/video-editing-lista-software\\\/videoscribe-recensione\\\/\",\"url\":\"https:\\\/\\\/www.accuratereviews.com\\\/it\\\/video-editing-lista-software\\\/videoscribe-recensione\\\/\",\"name\":\"VideoScribe - Accurate Reviews\",\"isPartOf\":{\"@id\":\"https:\\\/\\\/www.accuratereviews.com\\\/it\\\/#website\"},\"primaryImageOfPage\":{\"@id\":\"https:\\\/\\\/www.accuratereviews.com\\\/it\\\/video-editing-lista-software\\\/videoscribe-recensione\\\/#primaryimage\"},\"image\":{\"@id\":\"https:\\\/\\\/www.accuratereviews.com\\\/it\\\/video-editing-lista-software\\\/videoscribe-recensione\\\/#primaryimage\"},\"thumbnailUrl\":\"https:\\\/\\\/www.accuratereviews.com\\\/wp-content\\\/uploads\\\/2019\\\/04\\\/videoScribe_header.png\",\"datePublished\":\"2019-02-18T16:45:28+00:00\",\"dateModified\":\"2021-04-29T13:57:57+00:00\",\"description\":\"VideoScribe: recensione del programma che ti permette di creare, in pochissimo tempo, video di explainer utili ad accrescere la tua attivit\u00e0!\",\"breadcrumb\":{\"@id\":\"https:\\\/\\\/www.accuratereviews.com\\\/it\\\/video-editing-lista-software\\\/videoscribe-recensione\\\/#breadcrumb\"},\"inLanguage\":\"it-IT\",\"potentialAction\":[{\"@type\":\"ReadAction\",\"target\":[\"https:\\\/\\\/www.accuratereviews.com\\\/it\\\/video-editing-lista-software\\\/videoscribe-recensione\\\/\"]}]},{\"@type\":\"ImageObject\",\"inLanguage\":\"it-IT\",\"@id\":\"https:\\\/\\\/www.accuratereviews.com\\\/it\\\/video-editing-lista-software\\\/videoscribe-recensione\\\/#primaryimage\",\"url\":\"https:\\\/\\\/www.accuratereviews.com\\\/wp-content\\\/uploads\\\/2019\\\/04\\\/videoScribe_header.png\",\"contentUrl\":\"https:\\\/\\\/www.accuratereviews.com\\\/wp-content\\\/uploads\\\/2019\\\/04\\\/videoScribe_header.png\",\"width\":576,\"height\":246},{\"@type\":\"BreadcrumbList\",\"@id\":\"https:\\\/\\\/www.accuratereviews.com\\\/it\\\/video-editing-lista-software\\\/videoscribe-recensione\\\/#breadcrumb\",\"itemListElement\":[{\"@type\":\"ListItem\",\"position\":1,\"name\":\"Home\",\"item\":\"https:\\\/\\\/www.accuratereviews.com\\\/it\\\/\"},{\"@type\":\"ListItem\",\"position\":2,\"name\":\"Software per il video editing\",\"item\":\"https:\\\/\\\/www.accuratereviews.com\\\/it\\\/video-editing-lista-software\\\/\"},{\"@type\":\"ListItem\",\"position\":3,\"name\":\"VideoScribe\"}]},{\"@type\":\"WebSite\",\"@id\":\"https:\\\/\\\/www.accuratereviews.com\\\/it\\\/#website\",\"url\":\"https:\\\/\\\/www.accuratereviews.com\\\/it\\\/\",\"name\":\"Accurate Reviews\",\"description\":\"\",\"potentialAction\":[{\"@type\":\"SearchAction\",\"target\":{\"@type\":\"EntryPoint\",\"urlTemplate\":\"https:\\\/\\\/www.accuratereviews.com\\\/it\\\/?s={search_term_string}\"},\"query-input\":{\"@type\":\"PropertyValueSpecification\",\"valueRequired\":true,\"valueName\":\"search_term_string\"}}],\"inLanguage\":\"it-IT\"}]}<\/script>\n<!-- \/ Yoast SEO plugin. -->","yoast_head_json":{"title":"VideoScribe - Accurate Reviews","description":"VideoScribe: recensione del programma che ti permette di creare, in pochissimo tempo, video di explainer utili ad accrescere la tua attivit\u00e0!","robots":{"index":"index","follow":"follow","max-snippet":"max-snippet:-1","max-image-preview":"max-image-preview:large","max-video-preview":"max-video-preview:-1"},"canonical":"https:\/\/www.accuratereviews.com\/it\/video-editing-lista-software\/videoscribe-recensione\/","og_locale":"it_IT","og_type":"article","og_title":"VideoScribe - Accurate Reviews","og_description":"VideoScribe: recensione del programma che ti permette di creare, in pochissimo tempo, video di explainer utili ad accrescere la tua attivit\u00e0!","og_url":"https:\/\/www.accuratereviews.com\/it\/video-editing-lista-software\/videoscribe-recensione\/","og_site_name":"Accurate Reviews","article_modified_time":"2021-04-29T13:57:57+00:00","og_image":[{"width":576,"height":246,"url":"https:\/\/www.accuratereviews.com\/wp-content\/uploads\/2019\/04\/videoScribe_header.png","type":"image\/png"}],"twitter_card":"summary_large_image","twitter_misc":{"Tempo di lettura stimato":"1 minuto"},"schema":{"@context":"https:\/\/schema.org","@graph":[{"@type":"WebPage","@id":"https:\/\/www.accuratereviews.com\/it\/video-editing-lista-software\/videoscribe-recensione\/","url":"https:\/\/www.accuratereviews.com\/it\/video-editing-lista-software\/videoscribe-recensione\/","name":"VideoScribe - Accurate Reviews","isPartOf":{"@id":"https:\/\/www.accuratereviews.com\/it\/#website"},"primaryImageOfPage":{"@id":"https:\/\/www.accuratereviews.com\/it\/video-editing-lista-software\/videoscribe-recensione\/#primaryimage"},"image":{"@id":"https:\/\/www.accuratereviews.com\/it\/video-editing-lista-software\/videoscribe-recensione\/#primaryimage"},"thumbnailUrl":"https:\/\/www.accuratereviews.com\/wp-content\/uploads\/2019\/04\/videoScribe_header.png","datePublished":"2019-02-18T16:45:28+00:00","dateModified":"2021-04-29T13:57:57+00:00","description":"VideoScribe: recensione del programma che ti permette di creare, in pochissimo tempo, video di explainer utili ad accrescere la tua attivit\u00e0!","breadcrumb":{"@id":"https:\/\/www.accuratereviews.com\/it\/video-editing-lista-software\/videoscribe-recensione\/#breadcrumb"},"inLanguage":"it-IT","potentialAction":[{"@type":"ReadAction","target":["https:\/\/www.accuratereviews.com\/it\/video-editing-lista-software\/videoscribe-recensione\/"]}]},{"@type":"ImageObject","inLanguage":"it-IT","@id":"https:\/\/www.accuratereviews.com\/it\/video-editing-lista-software\/videoscribe-recensione\/#primaryimage","url":"https:\/\/www.accuratereviews.com\/wp-content\/uploads\/2019\/04\/videoScribe_header.png","contentUrl":"https:\/\/www.accuratereviews.com\/wp-content\/uploads\/2019\/04\/videoScribe_header.png","width":576,"height":246},{"@type":"BreadcrumbList","@id":"https:\/\/www.accuratereviews.com\/it\/video-editing-lista-software\/videoscribe-recensione\/#breadcrumb","itemListElement":[{"@type":"ListItem","position":1,"name":"Home","item":"https:\/\/www.accuratereviews.com\/it\/"},{"@type":"ListItem","position":2,"name":"Software per il video editing","item":"https:\/\/www.accuratereviews.com\/it\/video-editing-lista-software\/"},{"@type":"ListItem","position":3,"name":"VideoScribe"}]},{"@type":"WebSite","@id":"https:\/\/www.accuratereviews.com\/it\/#website","url":"https:\/\/www.accuratereviews.com\/it\/","name":"Accurate Reviews","description":"","potentialAction":[{"@type":"SearchAction","target":{"@type":"EntryPoint","urlTemplate":"https:\/\/www.accuratereviews.com\/it\/?s={search_term_string}"},"query-input":{"@type":"PropertyValueSpecification","valueRequired":true,"valueName":"search_term_string"}}],"inLanguage":"it-IT"}]}},"_links":{"self":[{"href":"https:\/\/www.accuratereviews.com\/it\/wp-json\/wp\/v2\/pages\/11133","targetHints":{"allow":["GET"]}}],"collection":[{"href":"https:\/\/www.accuratereviews.com\/it\/wp-json\/wp\/v2\/pages"}],"about":[{"href":"https:\/\/www.accuratereviews.com\/it\/wp-json\/wp\/v2\/types\/page"}],"author":[{"embeddable":true,"href":"https:\/\/www.accuratereviews.com\/it\/wp-json\/wp\/v2\/users\/17"}],"replies":[{"embeddable":true,"href":"https:\/\/www.accuratereviews.com\/it\/wp-json\/wp\/v2\/comments?post=11133"}],"version-history":[{"count":16,"href":"https:\/\/www.accuratereviews.com\/it\/wp-json\/wp\/v2\/pages\/11133\/revisions"}],"predecessor-version":[{"id":41435,"href":"https:\/\/www.accuratereviews.com\/it\/wp-json\/wp\/v2\/pages\/11133\/revisions\/41435"}],"up":[{"embeddable":true,"href":"https:\/\/www.accuratereviews.com\/it\/wp-json\/wp\/v2\/pages\/7571"}],"wp:featuredmedia":[{"embeddable":true,"href":"https:\/\/www.accuratereviews.com\/it\/wp-json\/wp\/v2\/media\/13065"}],"wp:attachment":[{"href":"https:\/\/www.accuratereviews.com\/it\/wp-json\/wp\/v2\/media?parent=11133"}],"wp:term":[{"taxonomy":"category","embeddable":true,"href":"https:\/\/www.accuratereviews.com\/it\/wp-json\/wp\/v2\/categories?post=11133"},{"taxonomy":"post_tag","embeddable":true,"href":"https:\/\/www.accuratereviews.com\/it\/wp-json\/wp\/v2\/tags?post=11133"},{"taxonomy":"features","embeddable":true,"href":"https:\/\/www.accuratereviews.com\/it\/wp-json\/wp\/v2\/features?post=11133"}],"curies":[{"name":"wp","href":"https:\/\/api.w.org\/{rel}","templated":true}]}}