{"id":11141,"date":"2019-02-18T16:44:49","date_gmt":"2019-02-18T16:44:49","guid":{"rendered":"https:\/\/www.accuratereviews.com\/?page_id=11141"},"modified":"2021-04-29T13:34:47","modified_gmt":"2021-04-29T13:34:47","slug":"machete-recensione","status":"publish","type":"page","link":"https:\/\/www.accuratereviews.com\/it\/video-editing-lista-software\/machete-recensione\/","title":{"rendered":"Machete"},"content":{"rendered":"<p><span class=\"notranslate\"><strong>Machete\u00a0<\/strong>\u00e8 un software per l&#8217;<strong>editing video<\/strong> facile e immediato. \u00c8<\/span><span class=\"notranslate\">\u00a0progettato per <strong>tagliare<\/strong> in modo rapido e semplice i tuoi file video, eliminare frammenti inutili, copiare, spostare, mixare e salvare singoli pezzi. C<\/span><span class=\"notranslate\">i\u00f2 significa che Machete combina la funzionalit\u00e0 sia di uno splitter video (cutter, trimmer) che di un video joiner (per unire file video con esattamente gli stessi formati) e altro ancora.<\/span> <span class=\"notranslate\">Inoltre, \u00e8 possibile utilizzare il software per rimuovere tracce audio da file video e modificare in tutti i formati supportati. Con l<\/span><span class=\"notranslate\">&#8216;interfaccia semplice e intuitivo \u00e8 possibile modificare i file in pochi minuti dopo aver scaricato il programma, anche se non hai la minima esperienza.<\/span><\/p>\n<h4>Machete &#8211; Tutorial<\/h4>\n<p>Il Tutorial di Furulevi ci permette di capire meglio <strong>come editare un video<\/strong> con Machete:<\/p>\n<div id=\"fluid-wrapper-counter-1\" class=\"g1-fluid-wrapper \" style=\"width:686px;\">\n<div style=\"padding-bottom:56.268221574344%;\"><iframe loading=\"lazy\" title=\"How to Cut &amp; Merge videos Losslessly (Machete)\" width=\"686\" height=\"386\" src=\"https:\/\/www.youtube.com\/embed\/JcX5q23QkmE?feature=oembed&amp;wmode=transparent&amp;autohide=1&amp;autoplay=0&amp;disablekb=0&amp;fs=1&amp;loop=0&amp;enablejsapi=1&amp;rel=0&amp;controls=2&amp;showinfo=0&amp;wmode=transparent&amp;autohide=2&amp;autoplay=0&amp;disablekb=0&amp;fs=1&amp;loop=0&amp;enablejsapi=1&amp;rel=0&amp;controls=2&amp;showinfo=1\" frameborder=\"0\" allow=\"accelerometer; autoplay; encrypted-media; gyroscope; picture-in-picture\" allowfullscreen><\/iframe><\/div>\n<\/div>\n<h3>Machete &#8211; Caratteristiche<\/h3>\n<ul>\n<li id=\"tw-target-text\" class=\"tw-data-text tw-ta tw-text-small\" dir=\"ltr\" data-placeholder=\"Traduzione\"><span lang=\"it\" tabindex=\"0\"><strong>Registrare:<\/strong> puoi rimappare rapidamente e facilmente un file video selezionato (questo \u00e8 chiamato processo di remuxing). Il file risultante sar\u00e0 privato di informazioni extra, come sottotitoli, flussi audio non necessari, ecc, preservando la qualit\u00e0 audio e video originale. Attraverso il remuxing, puoi ridurre la dimensione del file senza modificarne il formato. <\/span><\/li>\n<li class=\"tw-data-text tw-ta tw-text-small\" dir=\"ltr\" data-placeholder=\"Traduzione\"><span lang=\"it\" tabindex=\"0\"><strong>Aggiungere:<\/strong> puoi associare un audio a un file video o sostituire uno stream audio esistente (traccia) con uno nuovo, puoi aggiungere fino a quattro flussi audio a un file e in qualsiasi posizione del video <\/span><\/li>\n<li class=\"tw-data-text tw-ta tw-text-small\" dir=\"ltr\" data-placeholder=\"Traduzione\"><span lang=\"it\" tabindex=\"0\"><strong>Splitare o unire:<\/strong> puoi dividere rapidamente e facilmente (tagliare) un file multimediale in due (o pi\u00f9) frammenti, ritagliare tracce \u00a0e salvare un frammento selezionato come un singolo file. Inoltre, puoi unire due o pi\u00f9 file con esattamente lo stesso formato.\u00a0<\/span><\/li>\n<li class=\"tw-data-text tw-ta tw-text-small\" dir=\"ltr\" data-placeholder=\"Traduzione\"><span lang=\"it\" tabindex=\"0\"><strong>Estrarre:<\/strong> puoi estrarre velocemente e facilmente un audio o video da un file \u00a0e salvarlo come un file separato. Poich\u00e9 tutte le operazioni di modifica in Machete sono senza perdita (eseguite senza ricodifica), il flusso audio o video verr\u00e0 estratto e salvato senza alcuna perdita di qualit\u00e0.<\/span><\/li>\n<\/ul>\n","protected":false},"excerpt":{"rendered":"<p>Machete \u00e8 un software per l&#8217;editing video facile e immediato. \u00c8\u00a0progettato per tagliare in modo rapido e semplice i tuoi file video, eliminare frammenti inutili, copiare, spostare, mixare e salvare singoli pezzi.<\/p>\n","protected":false},"author":19,"featured_media":0,"parent":7571,"menu_order":0,"comment_status":"open","ping_status":"closed","template":"g1_template_page_review_new.php","meta":{"_acf_changed":false,"cwp_meta_box_check":"Yes","cwp_rev_product_name":"","cwp_rev_product_image":"","wppr_links":[],"cwp_rev_price":"","wppr_options":[],"wppr_pros":[],"wppr_cons":[],"_monsterinsights_skip_tracking":false,"_monsterinsights_sitenote_active":false,"_monsterinsights_sitenote_note":"","_monsterinsights_sitenote_category":0,"footnotes":""},"categories":[169],"tags":[200,249,248,202],"features":[],"class_list":{"0":"post-11141","1":"page","2":"type-page","3":"status-publish","5":"category-video-editing-software-it","6":"tag-come-tagliare-un-video","7":"tag-modificare-formati","8":"tag-rimuovere-tracce-audio","9":"tag-video-editing"},"wppr_data":{"cwp_meta_box_check":"Yes","cwp_rev_product_name":"","cwp_rev_product_image":"","cwp_image_link":"image","cwp_rev_price":"","wppr_rating":"0.00"},"acf":[],"yoast_head":"<!-- This site is optimized with the Yoast SEO plugin v27.4 - https:\/\/yoast.com\/product\/yoast-seo-wordpress\/ -->\n<title>Machete Recensione- Accurate Reviews<\/title>\n<meta name=\"description\" content=\"Machete \u00e8 creata dal MacheteSoft una societ\u00e0 di software dinamica specializzata nello sviluppo di programmi di editing video\" \/>\n<meta name=\"robots\" content=\"index, follow, max-snippet:-1, max-image-preview:large, max-video-preview:-1\" \/>\n<link rel=\"canonical\" href=\"https:\/\/www.accuratereviews.com\/it\/video-editing-lista-software\/machete-recensione\/\" \/>\n<meta property=\"og:locale\" content=\"it_IT\" \/>\n<meta property=\"og:type\" content=\"article\" \/>\n<meta property=\"og:title\" content=\"Machete Recensione- Accurate Reviews\" \/>\n<meta property=\"og:description\" content=\"Machete \u00e8 creata dal MacheteSoft una societ\u00e0 di software dinamica specializzata nello sviluppo di programmi di editing video\" \/>\n<meta property=\"og:url\" content=\"https:\/\/www.accuratereviews.com\/it\/video-editing-lista-software\/machete-recensione\/\" \/>\n<meta property=\"og:site_name\" content=\"Accurate Reviews\" \/>\n<meta property=\"article:modified_time\" content=\"2021-04-29T13:34:47+00:00\" \/>\n<meta name=\"twitter:card\" content=\"summary_large_image\" \/>\n<meta name=\"twitter:label1\" content=\"Tempo di lettura stimato\" \/>\n\t<meta name=\"twitter:data1\" content=\"2 minuti\" \/>\n<script type=\"application\/ld+json\" class=\"yoast-schema-graph\">{\"@context\":\"https:\\\/\\\/schema.org\",\"@graph\":[{\"@type\":\"WebPage\",\"@id\":\"https:\\\/\\\/www.accuratereviews.com\\\/it\\\/video-editing-lista-software\\\/machete-recensione\\\/\",\"url\":\"https:\\\/\\\/www.accuratereviews.com\\\/it\\\/video-editing-lista-software\\\/machete-recensione\\\/\",\"name\":\"Machete Recensione- Accurate Reviews\",\"isPartOf\":{\"@id\":\"https:\\\/\\\/www.accuratereviews.com\\\/it\\\/#website\"},\"datePublished\":\"2019-02-18T16:44:49+00:00\",\"dateModified\":\"2021-04-29T13:34:47+00:00\",\"description\":\"Machete \u00e8 creata dal MacheteSoft una societ\u00e0 di software dinamica specializzata nello sviluppo di programmi di editing video\",\"breadcrumb\":{\"@id\":\"https:\\\/\\\/www.accuratereviews.com\\\/it\\\/video-editing-lista-software\\\/machete-recensione\\\/#breadcrumb\"},\"inLanguage\":\"it-IT\",\"potentialAction\":[{\"@type\":\"ReadAction\",\"target\":[\"https:\\\/\\\/www.accuratereviews.com\\\/it\\\/video-editing-lista-software\\\/machete-recensione\\\/\"]}]},{\"@type\":\"BreadcrumbList\",\"@id\":\"https:\\\/\\\/www.accuratereviews.com\\\/it\\\/video-editing-lista-software\\\/machete-recensione\\\/#breadcrumb\",\"itemListElement\":[{\"@type\":\"ListItem\",\"position\":1,\"name\":\"Home\",\"item\":\"https:\\\/\\\/www.accuratereviews.com\\\/it\\\/\"},{\"@type\":\"ListItem\",\"position\":2,\"name\":\"Software per il video editing\",\"item\":\"https:\\\/\\\/www.accuratereviews.com\\\/it\\\/video-editing-lista-software\\\/\"},{\"@type\":\"ListItem\",\"position\":3,\"name\":\"Machete\"}]},{\"@type\":\"WebSite\",\"@id\":\"https:\\\/\\\/www.accuratereviews.com\\\/it\\\/#website\",\"url\":\"https:\\\/\\\/www.accuratereviews.com\\\/it\\\/\",\"name\":\"Accurate Reviews\",\"description\":\"\",\"potentialAction\":[{\"@type\":\"SearchAction\",\"target\":{\"@type\":\"EntryPoint\",\"urlTemplate\":\"https:\\\/\\\/www.accuratereviews.com\\\/it\\\/?s={search_term_string}\"},\"query-input\":{\"@type\":\"PropertyValueSpecification\",\"valueRequired\":true,\"valueName\":\"search_term_string\"}}],\"inLanguage\":\"it-IT\"}]}<\/script>\n<!-- \/ Yoast SEO plugin. -->","yoast_head_json":{"title":"Machete Recensione- Accurate Reviews","description":"Machete \u00e8 creata dal MacheteSoft una societ\u00e0 di software dinamica specializzata nello sviluppo di programmi di editing video","robots":{"index":"index","follow":"follow","max-snippet":"max-snippet:-1","max-image-preview":"max-image-preview:large","max-video-preview":"max-video-preview:-1"},"canonical":"https:\/\/www.accuratereviews.com\/it\/video-editing-lista-software\/machete-recensione\/","og_locale":"it_IT","og_type":"article","og_title":"Machete Recensione- Accurate Reviews","og_description":"Machete \u00e8 creata dal MacheteSoft una societ\u00e0 di software dinamica specializzata nello sviluppo di programmi di editing video","og_url":"https:\/\/www.accuratereviews.com\/it\/video-editing-lista-software\/machete-recensione\/","og_site_name":"Accurate Reviews","article_modified_time":"2021-04-29T13:34:47+00:00","twitter_card":"summary_large_image","twitter_misc":{"Tempo di lettura stimato":"2 minuti"},"schema":{"@context":"https:\/\/schema.org","@graph":[{"@type":"WebPage","@id":"https:\/\/www.accuratereviews.com\/it\/video-editing-lista-software\/machete-recensione\/","url":"https:\/\/www.accuratereviews.com\/it\/video-editing-lista-software\/machete-recensione\/","name":"Machete Recensione- Accurate Reviews","isPartOf":{"@id":"https:\/\/www.accuratereviews.com\/it\/#website"},"datePublished":"2019-02-18T16:44:49+00:00","dateModified":"2021-04-29T13:34:47+00:00","description":"Machete \u00e8 creata dal MacheteSoft una societ\u00e0 di software dinamica specializzata nello sviluppo di programmi di editing video","breadcrumb":{"@id":"https:\/\/www.accuratereviews.com\/it\/video-editing-lista-software\/machete-recensione\/#breadcrumb"},"inLanguage":"it-IT","potentialAction":[{"@type":"ReadAction","target":["https:\/\/www.accuratereviews.com\/it\/video-editing-lista-software\/machete-recensione\/"]}]},{"@type":"BreadcrumbList","@id":"https:\/\/www.accuratereviews.com\/it\/video-editing-lista-software\/machete-recensione\/#breadcrumb","itemListElement":[{"@type":"ListItem","position":1,"name":"Home","item":"https:\/\/www.accuratereviews.com\/it\/"},{"@type":"ListItem","position":2,"name":"Software per il video editing","item":"https:\/\/www.accuratereviews.com\/it\/video-editing-lista-software\/"},{"@type":"ListItem","position":3,"name":"Machete"}]},{"@type":"WebSite","@id":"https:\/\/www.accuratereviews.com\/it\/#website","url":"https:\/\/www.accuratereviews.com\/it\/","name":"Accurate Reviews","description":"","potentialAction":[{"@type":"SearchAction","target":{"@type":"EntryPoint","urlTemplate":"https:\/\/www.accuratereviews.com\/it\/?s={search_term_string}"},"query-input":{"@type":"PropertyValueSpecification","valueRequired":true,"valueName":"search_term_string"}}],"inLanguage":"it-IT"}]}},"_links":{"self":[{"href":"https:\/\/www.accuratereviews.com\/it\/wp-json\/wp\/v2\/pages\/11141","targetHints":{"allow":["GET"]}}],"collection":[{"href":"https:\/\/www.accuratereviews.com\/it\/wp-json\/wp\/v2\/pages"}],"about":[{"href":"https:\/\/www.accuratereviews.com\/it\/wp-json\/wp\/v2\/types\/page"}],"author":[{"embeddable":true,"href":"https:\/\/www.accuratereviews.com\/it\/wp-json\/wp\/v2\/users\/19"}],"replies":[{"embeddable":true,"href":"https:\/\/www.accuratereviews.com\/it\/wp-json\/wp\/v2\/comments?post=11141"}],"version-history":[{"count":19,"href":"https:\/\/www.accuratereviews.com\/it\/wp-json\/wp\/v2\/pages\/11141\/revisions"}],"predecessor-version":[{"id":41409,"href":"https:\/\/www.accuratereviews.com\/it\/wp-json\/wp\/v2\/pages\/11141\/revisions\/41409"}],"up":[{"embeddable":true,"href":"https:\/\/www.accuratereviews.com\/it\/wp-json\/wp\/v2\/pages\/7571"}],"wp:attachment":[{"href":"https:\/\/www.accuratereviews.com\/it\/wp-json\/wp\/v2\/media?parent=11141"}],"wp:term":[{"taxonomy":"category","embeddable":true,"href":"https:\/\/www.accuratereviews.com\/it\/wp-json\/wp\/v2\/categories?post=11141"},{"taxonomy":"post_tag","embeddable":true,"href":"https:\/\/www.accuratereviews.com\/it\/wp-json\/wp\/v2\/tags?post=11141"},{"taxonomy":"features","embeddable":true,"href":"https:\/\/www.accuratereviews.com\/it\/wp-json\/wp\/v2\/features?post=11141"}],"curies":[{"name":"wp","href":"https:\/\/api.w.org\/{rel}","templated":true}]}}