{"id":11190,"date":"2019-02-21T22:11:31","date_gmt":"2019-02-21T22:11:31","guid":{"rendered":"https:\/\/www.accuratereviews.com\/?page_id=11190"},"modified":"2021-03-18T11:18:09","modified_gmt":"2021-03-18T11:18:09","slug":"avid-pro-tools-recensione","status":"publish","type":"page","link":"https:\/\/www.accuratereviews.com\/it\/audio-editing-lista-software\/avid-pro-tools-recensione\/","title":{"rendered":"Avid Pro Tools &#8211; Workstation per editing audio professionale"},"content":{"rendered":"<p>Nel campo dell&#8217;<strong>audio editing\u00a0<\/strong><strong>professionale<\/strong>, il nome di <a href=\"https:\/\/www.avid.com\/pro-tools\"><strong>Pro Tools<\/strong><\/a> \u00e8 sinonimo di potenza e qualit\u00e0. Ideato dall&#8217;azienda americana Digidesign divent\u00f2 fin da subito un master nel campo dei sequencer audio digitali e apprezzato dalla maggior parte dei pi\u00f9 grandi studi musicali sia per la modellazione del suono che per la produzione di composizioni musicali. Successivamente all&#8217;acquisizione del software da parte dell&#8217;azienda Avid Technology, la quale aggiunse funzioni base di editing video, Pro Tools definisce oggi gli standard della <strong>produzione musicale<\/strong> per la composizione, registrazione, editing, mixaggio, mastering post produzione nel mondo dell&#8217;<strong>audio digitale\u00a0<\/strong>e dell&#8217;industria musicale. Pro Tools risponde a ogni esigenza, per i pi\u00f9 grandi studi di incisione, ma anche per singoli musicisti, sound engineers, produttori, fonici, sound designer, discografici e qualsiasi altro appassionato che debba dar spazio a creativit\u00e0 musicale sia nel campo professionale che nell&#8217;ambito dell&#8217;<strong>home recording<\/strong>.<\/p>\n<p>Le ultime versioni di Pro Tools si sono arricchite di innumerevoli funzioni nel campo dell&#8217;audio, ma notevole \u00e8 stato lo sforzo per ampliare le caratteristiche riguardanti anche la parte del <strong>MIDI<\/strong> che unita ai numerosi virtual instruments di alta qualit\u00e0 fanno di Pro Tools un sequencer audio completo, maturo e versatile sotto ogni aspetto, permettendo di ricreare con grande fedelt\u00e0 una moltitudine di strumenti fisici reali permettendo la creazione di <strong>basi musicali<\/strong> di alto livello.<\/p>\n<p>Inoltre, grazie a una vasta collezione di plugin sia inclusi nel bundle iniziale, sia aggiuntivi di terze parti, Pro Tools diventa una tra le pi\u00f9 potenti <strong>Digital Audio Workstation<\/strong> per l&#8217;editing audio presenti sul mercato, dando enorme spazio a ogni forma di modellazione sonora, come l&#8217;equalizzazione, lo shifting, il triggering, la compressione, il campionamento, offrendo la possibilit\u00e0 di ricreare ogni tipo di effetto sonoro esistente sia in natura che di creazione artificiale. Questo software permette una personalizzazione sonora a 360 gradi e infinite possibilit\u00e0 di creazioni di nuovi sound e groove estremamente originali .<\/p>\n<p>Dal 2018 la Avid ha rilasciato per la prima volta una versione gratuita del software denominata <strong>Pro Tools First.<\/strong><\/p>\n<p>Pro Tools permette il bounce audio esportando di default nei formati WAV e AIFF, mentre l&#8217;esportazione compressa in MP3 \u00e8 prevista con un modulo aggiuntivo. Consigliamo pertanto di usare un tool esterno per <strong>convertire l&#8217;audio in mp3<\/strong>.<\/p>\n<h2>Pro Tools | Software professionale per editing audio<\/h2>\n<p><a href=\"https:\/\/www.accuratereviews.com\/wp-content\/uploads\/2019\/02\/ProTools1000x600.jpg\"><img loading=\"lazy\" decoding=\"async\" class=\"size-full wp-image-11192 aligncenter\" src=\"https:\/\/www.accuratereviews.com\/wp-content\/uploads\/2019\/02\/ProTools1000x600.jpg\" alt=\"audio editing software\" width=\"1000\" height=\"600\" srcset=\"https:\/\/www.accuratereviews.com\/wp-content\/uploads\/2019\/02\/ProTools1000x600.jpg 1000w, https:\/\/www.accuratereviews.com\/wp-content\/uploads\/2019\/02\/ProTools1000x600-300x180.jpg 300w, https:\/\/www.accuratereviews.com\/wp-content\/uploads\/2019\/02\/ProTools1000x600-768x461.jpg 768w, https:\/\/www.accuratereviews.com\/wp-content\/uploads\/2019\/02\/ProTools1000x600-208x125.jpg 208w, https:\/\/www.accuratereviews.com\/wp-content\/uploads\/2019\/02\/ProTools1000x600-50x30.jpg 50w, https:\/\/www.accuratereviews.com\/wp-content\/uploads\/2019\/02\/ProTools1000x600-968x581.jpg 968w, https:\/\/www.accuratereviews.com\/wp-content\/uploads\/2019\/02\/ProTools1000x600-636x382.jpg 636w, https:\/\/www.accuratereviews.com\/wp-content\/uploads\/2019\/02\/ProTools1000x600-320x192.jpg 320w, https:\/\/www.accuratereviews.com\/wp-content\/uploads\/2019\/02\/ProTools1000x600-239x143.jpg 239w\" sizes=\"auto, (max-width: 1000px) 100vw, 1000px\" \/><\/a><\/p>\n<h2>AVID TECHNOLOGY PRO TOOLS &#8211; DETTAGLI TECNICI<\/h2>\n<h3>CARATTERISTICHE PRINCIPALI RIFERITE ALLA VERSIONE 11<\/h3>\n<table>\n<tbody>\n<tr>\n<td>\n<h3>Tracce<\/h3>\n<\/td>\n<td>\n<h3>Pro Tools 11<\/h3>\n<ul>\n<li>96\/48\/24 numero massimo di tracce supportate @ 48\/96\/192 kHz<\/li>\n<li>Fino a 32 tracce di Inputs e 32 tracce di output simultanee<\/li>\n<li>128\u00a0Tracce strumentali<\/li>\n<li>512 Tracce MIDI<\/li>\n<li>128 Tracce ausiliari<\/li>\n<li>256 bus<\/li>\n<li>1 traccia video<\/li>\n<\/ul>\n<\/td>\n<td>\n<h3>Pro Tools | HD 11<\/h3>\n<ul>\n<li>768\/384\/192* numero massimo di tracce supportate @ 48\/96\/192 kHz<\/li>\n<li>Fino a 192 tracce di Inputs e 256 tracce di output simultanee<\/li>\n<li>256\u00a0Tracce strumentali<\/li>\n<li>512 Tracce MIDI<\/li>\n<li>512 Tracce ausiliari<\/li>\n<li>256 bus<\/li>\n<li>64 tracce video<\/li>\n<\/ul>\n<\/td>\n<\/tr>\n<tr>\n<td>\n<h3>Generali<\/h3>\n<\/td>\n<td>\n<ul>\n<li>Massimo sample rate supportato (hardware dependent): 32-bit, 192 kHz<\/li>\n<li>Maximum I\/O (hardware dependent): 32<\/li>\n<li>Formato plug-in supportato: AAX Native 64<\/li>\n<li>Bundled software: Fino a 60 strumenti virtuali, effetti, sound processing, e utility plug-ins.<\/li>\n<li>ASIO, Core Audio, and EUCON support<\/li>\n<\/ul>\n<\/td>\n<td>\n<ul>\n<li>Massimo sample rate supportato (hardware dependent): 32-bit, 192 kHz<\/li>\n<li>Maximum I\/O (hardware dependent): 256<\/li>\n<li>Formato plug-in supportato: AAX DSP 64 (Pro Tools | HDX only), AAX Native 64<\/li>\n<li>Bundled software: Fino a 60 strumenti virtuali, effetti, sound processing, e utility plug-ins.<\/li>\n<li>ASIO, Core Audio, and EUCON support<\/li>\n<\/ul>\n<\/td>\n<\/tr>\n<\/tbody>\n<\/table>\n<h4><\/h4>\n","protected":false},"excerpt":{"rendered":"<p>Nel campo dell&#8217;audio editing\u00a0professionale, il nome di Pro Tools \u00e8 sinonimo di potenza e qualit\u00e0. Ideato dall&#8217;azienda americana Digidesign divent\u00f2 fin da subito un master nel campo dei sequencer audio digitali.<\/p>\n","protected":false},"author":16,"featured_media":0,"parent":11357,"menu_order":0,"comment_status":"open","ping_status":"closed","template":"g1_template_page_review_new.php","meta":{"_acf_changed":false,"cwp_meta_box_check":"Yes","cwp_rev_product_name":"","cwp_rev_product_image":"","wppr_links":[],"cwp_rev_price":"","wppr_options":[],"wppr_pros":[],"wppr_cons":[],"_monsterinsights_skip_tracking":false,"_monsterinsights_sitenote_active":false,"_monsterinsights_sitenote_note":"","_monsterinsights_sitenote_category":0,"footnotes":""},"categories":[253],"tags":[483,479,286,285,474,468,478,481,477,482,480,466],"features":[],"class_list":{"0":"post-11190","1":"page","2":"type-page","3":"status-publish","5":"category-audio-editing-it","6":"tag-audio-e-midi","7":"tag-avid","8":"tag-daw","9":"tag-hard-disk-recording","10":"tag-mac","11":"tag-macos","12":"tag-pro-tools","13":"tag-programma-di-audio-editing","14":"tag-protools","15":"tag-registrazione-professionale-multitraccia","16":"tag-software-audio-editing-professionale","17":"tag-windows"},"wppr_data":{"cwp_meta_box_check":"Yes","cwp_rev_product_name":"","cwp_rev_product_image":"","cwp_image_link":"image","cwp_rev_price":"","wppr_rating":"0.00"},"acf":[],"yoast_head":"<!-- This site is optimized with the Yoast SEO plugin v27.4 - https:\/\/yoast.com\/product\/yoast-seo-wordpress\/ -->\n<title>Avid Pro Tools: recensione DAW professionale - Accurate Reviews<\/title>\n<meta name=\"description\" content=\"Avid Pro Tools: recensione della workstation audio, adatta a ogni professionista nel settore dell&#039;audio editing, mastering e produzione musicale.\" \/>\n<meta name=\"robots\" content=\"index, follow, max-snippet:-1, max-image-preview:large, max-video-preview:-1\" \/>\n<link rel=\"canonical\" href=\"https:\/\/www.accuratereviews.com\/it\/audio-editing-lista-software\/avid-pro-tools-recensione\/\" \/>\n<meta property=\"og:locale\" content=\"it_IT\" \/>\n<meta property=\"og:type\" content=\"article\" \/>\n<meta property=\"og:title\" content=\"Avid Pro Tools: recensione DAW professionale - Accurate Reviews\" \/>\n<meta property=\"og:description\" content=\"Avid Pro Tools: recensione della workstation audio, adatta a ogni professionista nel settore dell&#039;audio editing, mastering e produzione musicale.\" \/>\n<meta property=\"og:url\" content=\"https:\/\/www.accuratereviews.com\/it\/audio-editing-lista-software\/avid-pro-tools-recensione\/\" \/>\n<meta property=\"og:site_name\" content=\"Accurate Reviews\" \/>\n<meta property=\"article:modified_time\" content=\"2021-03-18T11:18:09+00:00\" \/>\n<meta property=\"og:image\" content=\"https:\/\/www.accuratereviews.com\/wp-content\/uploads\/2019\/02\/ProTools1000x600.jpg\" \/>\n<meta name=\"twitter:card\" content=\"summary_large_image\" \/>\n<meta name=\"twitter:label1\" content=\"Tempo di lettura stimato\" \/>\n\t<meta name=\"twitter:data1\" content=\"3 minuti\" \/>\n<script type=\"application\/ld+json\" class=\"yoast-schema-graph\">{\"@context\":\"https:\\\/\\\/schema.org\",\"@graph\":[{\"@type\":\"WebPage\",\"@id\":\"https:\\\/\\\/www.accuratereviews.com\\\/it\\\/audio-editing-lista-software\\\/avid-pro-tools-recensione\\\/\",\"url\":\"https:\\\/\\\/www.accuratereviews.com\\\/it\\\/audio-editing-lista-software\\\/avid-pro-tools-recensione\\\/\",\"name\":\"Avid Pro Tools: recensione DAW professionale - Accurate Reviews\",\"isPartOf\":{\"@id\":\"https:\\\/\\\/www.accuratereviews.com\\\/it\\\/#website\"},\"primaryImageOfPage\":{\"@id\":\"https:\\\/\\\/www.accuratereviews.com\\\/it\\\/audio-editing-lista-software\\\/avid-pro-tools-recensione\\\/#primaryimage\"},\"image\":{\"@id\":\"https:\\\/\\\/www.accuratereviews.com\\\/it\\\/audio-editing-lista-software\\\/avid-pro-tools-recensione\\\/#primaryimage\"},\"thumbnailUrl\":\"https:\\\/\\\/www.accuratereviews.com\\\/wp-content\\\/uploads\\\/2019\\\/02\\\/ProTools1000x600.jpg\",\"datePublished\":\"2019-02-21T22:11:31+00:00\",\"dateModified\":\"2021-03-18T11:18:09+00:00\",\"description\":\"Avid Pro Tools: recensione della workstation audio, adatta a ogni professionista nel settore dell'audio editing, mastering e produzione musicale.\",\"breadcrumb\":{\"@id\":\"https:\\\/\\\/www.accuratereviews.com\\\/it\\\/audio-editing-lista-software\\\/avid-pro-tools-recensione\\\/#breadcrumb\"},\"inLanguage\":\"it-IT\",\"potentialAction\":[{\"@type\":\"ReadAction\",\"target\":[\"https:\\\/\\\/www.accuratereviews.com\\\/it\\\/audio-editing-lista-software\\\/avid-pro-tools-recensione\\\/\"]}]},{\"@type\":\"ImageObject\",\"inLanguage\":\"it-IT\",\"@id\":\"https:\\\/\\\/www.accuratereviews.com\\\/it\\\/audio-editing-lista-software\\\/avid-pro-tools-recensione\\\/#primaryimage\",\"url\":\"https:\\\/\\\/www.accuratereviews.com\\\/wp-content\\\/uploads\\\/2019\\\/02\\\/ProTools1000x600.jpg\",\"contentUrl\":\"https:\\\/\\\/www.accuratereviews.com\\\/wp-content\\\/uploads\\\/2019\\\/02\\\/ProTools1000x600.jpg\"},{\"@type\":\"BreadcrumbList\",\"@id\":\"https:\\\/\\\/www.accuratereviews.com\\\/it\\\/audio-editing-lista-software\\\/avid-pro-tools-recensione\\\/#breadcrumb\",\"itemListElement\":[{\"@type\":\"ListItem\",\"position\":1,\"name\":\"Home\",\"item\":\"https:\\\/\\\/www.accuratereviews.com\\\/it\\\/\"},{\"@type\":\"ListItem\",\"position\":2,\"name\":\"Software per l&#8217;audio editing\",\"item\":\"https:\\\/\\\/www.accuratereviews.com\\\/it\\\/audio-editing-lista-software\\\/\"},{\"@type\":\"ListItem\",\"position\":3,\"name\":\"Avid Pro Tools &#8211; Workstation per editing audio professionale\"}]},{\"@type\":\"WebSite\",\"@id\":\"https:\\\/\\\/www.accuratereviews.com\\\/it\\\/#website\",\"url\":\"https:\\\/\\\/www.accuratereviews.com\\\/it\\\/\",\"name\":\"Accurate Reviews\",\"description\":\"\",\"potentialAction\":[{\"@type\":\"SearchAction\",\"target\":{\"@type\":\"EntryPoint\",\"urlTemplate\":\"https:\\\/\\\/www.accuratereviews.com\\\/it\\\/?s={search_term_string}\"},\"query-input\":{\"@type\":\"PropertyValueSpecification\",\"valueRequired\":true,\"valueName\":\"search_term_string\"}}],\"inLanguage\":\"it-IT\"}]}<\/script>\n<!-- \/ Yoast SEO plugin. -->","yoast_head_json":{"title":"Avid Pro Tools: recensione DAW professionale - Accurate Reviews","description":"Avid Pro Tools: recensione della workstation audio, adatta a ogni professionista nel settore dell'audio editing, mastering e produzione musicale.","robots":{"index":"index","follow":"follow","max-snippet":"max-snippet:-1","max-image-preview":"max-image-preview:large","max-video-preview":"max-video-preview:-1"},"canonical":"https:\/\/www.accuratereviews.com\/it\/audio-editing-lista-software\/avid-pro-tools-recensione\/","og_locale":"it_IT","og_type":"article","og_title":"Avid Pro Tools: recensione DAW professionale - Accurate Reviews","og_description":"Avid Pro Tools: recensione della workstation audio, adatta a ogni professionista nel settore dell'audio editing, mastering e produzione musicale.","og_url":"https:\/\/www.accuratereviews.com\/it\/audio-editing-lista-software\/avid-pro-tools-recensione\/","og_site_name":"Accurate Reviews","article_modified_time":"2021-03-18T11:18:09+00:00","og_image":[{"url":"https:\/\/www.accuratereviews.com\/wp-content\/uploads\/2019\/02\/ProTools1000x600.jpg","type":"","width":"","height":""}],"twitter_card":"summary_large_image","twitter_misc":{"Tempo di lettura stimato":"3 minuti"},"schema":{"@context":"https:\/\/schema.org","@graph":[{"@type":"WebPage","@id":"https:\/\/www.accuratereviews.com\/it\/audio-editing-lista-software\/avid-pro-tools-recensione\/","url":"https:\/\/www.accuratereviews.com\/it\/audio-editing-lista-software\/avid-pro-tools-recensione\/","name":"Avid Pro Tools: recensione DAW professionale - Accurate Reviews","isPartOf":{"@id":"https:\/\/www.accuratereviews.com\/it\/#website"},"primaryImageOfPage":{"@id":"https:\/\/www.accuratereviews.com\/it\/audio-editing-lista-software\/avid-pro-tools-recensione\/#primaryimage"},"image":{"@id":"https:\/\/www.accuratereviews.com\/it\/audio-editing-lista-software\/avid-pro-tools-recensione\/#primaryimage"},"thumbnailUrl":"https:\/\/www.accuratereviews.com\/wp-content\/uploads\/2019\/02\/ProTools1000x600.jpg","datePublished":"2019-02-21T22:11:31+00:00","dateModified":"2021-03-18T11:18:09+00:00","description":"Avid Pro Tools: recensione della workstation audio, adatta a ogni professionista nel settore dell'audio editing, mastering e produzione musicale.","breadcrumb":{"@id":"https:\/\/www.accuratereviews.com\/it\/audio-editing-lista-software\/avid-pro-tools-recensione\/#breadcrumb"},"inLanguage":"it-IT","potentialAction":[{"@type":"ReadAction","target":["https:\/\/www.accuratereviews.com\/it\/audio-editing-lista-software\/avid-pro-tools-recensione\/"]}]},{"@type":"ImageObject","inLanguage":"it-IT","@id":"https:\/\/www.accuratereviews.com\/it\/audio-editing-lista-software\/avid-pro-tools-recensione\/#primaryimage","url":"https:\/\/www.accuratereviews.com\/wp-content\/uploads\/2019\/02\/ProTools1000x600.jpg","contentUrl":"https:\/\/www.accuratereviews.com\/wp-content\/uploads\/2019\/02\/ProTools1000x600.jpg"},{"@type":"BreadcrumbList","@id":"https:\/\/www.accuratereviews.com\/it\/audio-editing-lista-software\/avid-pro-tools-recensione\/#breadcrumb","itemListElement":[{"@type":"ListItem","position":1,"name":"Home","item":"https:\/\/www.accuratereviews.com\/it\/"},{"@type":"ListItem","position":2,"name":"Software per l&#8217;audio editing","item":"https:\/\/www.accuratereviews.com\/it\/audio-editing-lista-software\/"},{"@type":"ListItem","position":3,"name":"Avid Pro Tools &#8211; Workstation per editing audio professionale"}]},{"@type":"WebSite","@id":"https:\/\/www.accuratereviews.com\/it\/#website","url":"https:\/\/www.accuratereviews.com\/it\/","name":"Accurate Reviews","description":"","potentialAction":[{"@type":"SearchAction","target":{"@type":"EntryPoint","urlTemplate":"https:\/\/www.accuratereviews.com\/it\/?s={search_term_string}"},"query-input":{"@type":"PropertyValueSpecification","valueRequired":true,"valueName":"search_term_string"}}],"inLanguage":"it-IT"}]}},"_links":{"self":[{"href":"https:\/\/www.accuratereviews.com\/it\/wp-json\/wp\/v2\/pages\/11190","targetHints":{"allow":["GET"]}}],"collection":[{"href":"https:\/\/www.accuratereviews.com\/it\/wp-json\/wp\/v2\/pages"}],"about":[{"href":"https:\/\/www.accuratereviews.com\/it\/wp-json\/wp\/v2\/types\/page"}],"author":[{"embeddable":true,"href":"https:\/\/www.accuratereviews.com\/it\/wp-json\/wp\/v2\/users\/16"}],"replies":[{"embeddable":true,"href":"https:\/\/www.accuratereviews.com\/it\/wp-json\/wp\/v2\/comments?post=11190"}],"version-history":[{"count":30,"href":"https:\/\/www.accuratereviews.com\/it\/wp-json\/wp\/v2\/pages\/11190\/revisions"}],"predecessor-version":[{"id":13606,"href":"https:\/\/www.accuratereviews.com\/it\/wp-json\/wp\/v2\/pages\/11190\/revisions\/13606"}],"up":[{"embeddable":true,"href":"https:\/\/www.accuratereviews.com\/it\/wp-json\/wp\/v2\/pages\/11357"}],"wp:attachment":[{"href":"https:\/\/www.accuratereviews.com\/it\/wp-json\/wp\/v2\/media?parent=11190"}],"wp:term":[{"taxonomy":"category","embeddable":true,"href":"https:\/\/www.accuratereviews.com\/it\/wp-json\/wp\/v2\/categories?post=11190"},{"taxonomy":"post_tag","embeddable":true,"href":"https:\/\/www.accuratereviews.com\/it\/wp-json\/wp\/v2\/tags?post=11190"},{"taxonomy":"features","embeddable":true,"href":"https:\/\/www.accuratereviews.com\/it\/wp-json\/wp\/v2\/features?post=11190"}],"curies":[{"name":"wp","href":"https:\/\/api.w.org\/{rel}","templated":true}]}}