{"id":11208,"date":"2019-02-25T14:30:31","date_gmt":"2019-02-25T14:30:31","guid":{"rendered":"https:\/\/www.accuratereviews.com\/?page_id=11208"},"modified":"2023-01-30T11:10:57","modified_gmt":"2023-01-30T11:10:57","slug":"videoproc-recensione","status":"publish","type":"page","link":"https:\/\/www.accuratereviews.com\/it\/video-editing-lista-software\/videoproc-recensione\/","title":{"rendered":"VideoProc"},"content":{"rendered":"<p><span lang=\"it\" tabindex=\"0\"><strong>VideoProc<\/strong> \u00e8 un software di <strong>video editing<\/strong>\u00a0con il quale \u00a0puoi convertire video, file audio e DVD in oltre 400 formati di output, utilizzare l&#8217;accelerazione GPU completa, che consente di elaborare anche video 4K in modo rapido, senza compromettere la qualit\u00e0. Puoi usarlo anche per <strong>tagliare<\/strong> <strong>video,<\/strong> per rimuovere sezioni indesiderate e riorganizzare parti del filmato, ritagliare per eliminare le barre nere o ingrandire l&#8217;azione, aggiungere sottotitoli, applicare effetti speciali, ruotare e capovolgere clip e unire diversi frammenti video in diversi formati insieme in un file MKV. \u00c8 una scelta particolarmente indicata per la modifica di video registrati utilizzando <strong>action cam<\/strong> e <strong>droni<\/strong>, poich\u00e9 pu\u00f2 stabilizzare e disattivare il metraggio, rimuovere la distorsione fisheye.\u00a0Sfruttando le potenzialit\u00e0 del programma, potrai comprimere i tuoi video mantenendo una qualit\u00e0 elevata ma riducendone le dimensioni, cos\u00ec da utilizzarli in rete per pubblicarli su Vimeo, YouTube e social network, o semplicemente fare un backup via cloud su Google Drive o iCloud.<\/span><\/p>\n<h2 dir=\"ltr\" data-placeholder=\"Traduzione\">VIDEOPROC -TUTORIAL<\/h2>\n<p>Con questo tutorial vediamo insieme come utilizzare al meglio VideoProc:<\/p>\n<div id=\"fluid-wrapper-counter-1\" class=\"g1-fluid-wrapper \" style=\"width:686px;\">\n<div style=\"padding-bottom:56.268221574344%;\"><iframe loading=\"lazy\" title=\"Come ritagliare un video con VideoProc\" width=\"515\" height=\"386\" src=\"https:\/\/www.youtube.com\/embed\/p1dnSu8RmDo?feature=oembed&amp;wmode=transparent&amp;autohide=1&amp;autoplay=0&amp;disablekb=0&amp;fs=1&amp;loop=0&amp;enablejsapi=1&amp;rel=0&amp;controls=2&amp;showinfo=0&amp;wmode=transparent&amp;autohide=2&amp;autoplay=0&amp;disablekb=0&amp;fs=1&amp;loop=0&amp;enablejsapi=1&amp;rel=0&amp;controls=2&amp;showinfo=1\" frameborder=\"0\" allow=\"accelerometer; autoplay; clipboard-write; encrypted-media; gyroscope; picture-in-picture; web-share\" allowfullscreen><\/iframe><\/div>\n<\/div>\n<h3>VIDEOPROC &#8211; CARATTERISTICHE<\/h3>\n<ul>\n<li id=\"tw-target-text\" class=\"tw-data-text tw-ta tw-text-small\" dir=\"ltr\" data-placeholder=\"Traduzione\"><strong>Stabilizza video<\/strong>: stabilizza riprese video traballanti da GoPro, DJI, iPhone, ecc.<\/li>\n<li id=\"tw-target-text\" class=\"tw-data-text tw-ta tw-text-small\" dir=\"ltr\" data-placeholder=\"Traduzione\"><strong>Correggi:<\/strong>\u00a0Correggi le distorsioni dell&#8217;obiettivo fisheye dal video della action cam.<\/li>\n<li id=\"tw-target-text\" class=\"tw-data-text tw-ta tw-text-small\" dir=\"ltr\" data-placeholder=\"Traduzione\"><strong>Rimuovi rumore<\/strong>: rimuovi\/riduci facilmente il vento o altri rumori di sottofondo.<\/li>\n<li id=\"tw-target-text\" class=\"tw-data-text tw-ta tw-text-small\" dir=\"ltr\" data-placeholder=\"Traduzione\"><strong>Crea GIF:<\/strong> trasforma il video in GIF, estrai jpg\/png dal video, ridimensiona l&#8217;immagine.<\/li>\n<li id=\"tw-target-text\" class=\"tw-data-text tw-ta tw-text-small\" dir=\"ltr\" data-placeholder=\"Traduzione\"><strong>Aggiungi filigrana<\/strong>: filigrana il tuo video con testo, logo, immagine o timecode.<\/li>\n<li id=\"tw-target-text\" class=\"tw-data-text tw-ta tw-text-small\" dir=\"ltr\" data-placeholder=\"Traduzione\"><strong>Migliora video<\/strong>: forza la sincronizzazione a\/v, regola la velocit\u00e0 di riproduzione e il volume audio<\/li>\n<li id=\"tw-target-text\" class=\"tw-data-text tw-ta tw-text-small\" dir=\"ltr\" data-placeholder=\"Traduzione\"><strong>Tagliare<\/strong>: con questa funzione\u00a0puoi accorciare un video, tagliare eventuali segmenti indesiderati, riorganizzare le clip in una nuova sequenza e ridurre le dimensioni del file per YouTube, ecc.<\/li>\n<li id=\"tw-target-text\" class=\"tw-data-text tw-ta tw-text-small\" dir=\"ltr\" data-placeholder=\"Traduzione\"><strong>Unisci:<\/strong> puoi unire i video mentre modifichi le lunghezze dei video, le proporzioni, le velocit\u00e0 di riproduzione, le risoluzioni e i formati dei file senza preoccuparti del problema di sincronizzazione A\/V. L&#8217;esclusiva funzione &#8220;MKV Multi-Track&#8221; ti consentir\u00e0 di combinare diverse tracce video\/audio\/sottotitoli in un unico file MKV<\/li>\n<li id=\"tw-target-text\" class=\"tw-data-text tw-ta tw-text-small\" dir=\"ltr\" data-placeholder=\"Traduzione\"><strong>Ritaglia<\/strong>: puoi ritagliare un video su Windows o Mac per eliminare le barre nere, rimuovere parti che distraggono, ingrandire ed evidenziare il punto focale e migliorare la composizione dell&#8217;immagine. Puoi modificare o espandere le proporzioni per soddisfare i requisiti di YouTube, Instagram, TV widescreen, ecc.<\/li>\n<li id=\"tw-target-text\" class=\"tw-data-text tw-ta tw-text-small\" dir=\"ltr\" data-placeholder=\"Traduzione\"><strong>Sottotitolo<\/strong>:\u00a0abilita, disabilita o estrai i sottotitoli, scegli la traccia dei sottotitoli (lingua), aggiungi (hardcode o softcode) file di sottotitoli esterni (.ass, .ssa, .srt) ai video, cerca sottotitoli online per film e serie TV.<\/li>\n<li id=\"tw-target-text\" class=\"tw-data-text tw-ta tw-text-small\" dir=\"ltr\" data-placeholder=\"Traduzione\"><strong>Effetto:<\/strong> la soluzione\u00a0ti consente di applicare effetti visivi e filtri preimpostati, come Scala di grigi, Specchio, Bordo, Pittura e Nitidezza alle tue tracce video; stampi veloci per modellare e stilizzare i tuoi video; ottimizzare i colori, la luminosit\u00e0 dell&#8217;immagine, il contrasto, la tonalit\u00e0, la gamma e la saturazione.<\/li>\n<li id=\"tw-target-text\" class=\"tw-data-text tw-ta tw-text-small\" dir=\"ltr\" data-placeholder=\"Traduzione\"><strong>Ruota \/ Capovolgi<\/strong>: puoi ruotare il tuo video a sinistra o a destra (in senso orario o antiorario) di 90 gradi, 180 gradi o 270 gradi con un solo clic, o capovolgere il video verticalmente o orizzontalmente.<\/li>\n<\/ul>\n<h4>LE RECENSIONI DEGLI UTENTI<\/h4>\n<p><strong>Stefano&#8221;Buon convertitore video&#8221;<\/strong><br \/>\n<strong>Pro<\/strong>: Buon convertitore video. Molti formati disponibili \u00e8 la conversione \u00e8 molto veloce<br \/>\n<strong>Contro<\/strong>: Non ho nulla da segnalare se non alcuni bug durante il processo di conversione<\/p>\n<p><strong>Amy&#8221;Videocampione!&#8221;<\/strong><br \/>\n<strong>Commenti<\/strong>: Liscio finora, ci sono stati alcuni bug occasionali molti anni fa, tutti corretto ora.<br \/>\n<strong>Pro<\/strong>: Da dove comincio&#8230; Adoro tutto di questo software, un downloader video e un convertitore video di prim&#8217;ordine, un registratore dello schermo che rende la registrazione dello schermo e della webcam un gioco da ragazzi, lo uso da anni, il mio preferito e esperto di video di riferimento.<br \/>\n<strong>Contro<\/strong>: Non ho altro che elogi per questo bellissimo software, la facilit\u00e0 d&#8217;uso e la semplicit\u00e0 oltre alle sue potenti funzionalit\u00e0 lo rendono uno dei software di elaborazione video pi\u00f9 potente mai visto.<\/p>\n<p><strong>Cristina&#8221;Il miglior strumento per il download e la registrazione video\/audio e dello schermo in HD&#8221;<\/strong><br \/>\n<strong>Commenti<\/strong>: Sono in grado di creare tutorial e conservare ci\u00f2 che creo, senza utilizzare troppo spazio su disco (come accade con software pi\u00f9 avanzati).<br \/>\n<strong>Pro<\/strong>: Molto semplice e senza fronzoli da usare. Testato per lunghe registrazioni dello schermo di 4-5 ore senza problemi (audio e video sono stati registrati perfettamente). Ottimo per scaricare video e audio, in vari formati.<br \/>\n<strong>Contro<\/strong>: Come strumento di download\/registrazione, \u00e8 eccellente. Come strumento di editing video, \u00e8 semplice, buono e probabilmente sufficiente per l&#8217;editing di base. Per la creazione di video avanzati, utilizzo altri software.<\/p>\n","protected":false},"excerpt":{"rendered":"<p>VideoProc \u00e8 un software di video editing\u00a0con il quale \u00a0puoi convertire video, file audio e DVD in oltre 400 formati di output, utilizzare l&#8217;accelerazione GPU completa, che consente di elaborare anche video 4K in modo rapido, senza compromettere la qualit\u00e0.<\/p>\n","protected":false},"author":19,"featured_media":11214,"parent":7571,"menu_order":0,"comment_status":"open","ping_status":"closed","template":"g1_template_page_review_new.php","meta":{"_acf_changed":false,"cwp_meta_box_check":"Yes","cwp_rev_product_name":"","cwp_rev_product_image":"","wppr_links":[],"cwp_rev_price":"","wppr_options":[{"name":"Usability","value":"0"},{"name":"Speed","value":"0"},{"name":"Features","value":"0"},{"name":"Support","value":"0"},{"name":"Pricing","value":"0"}],"wppr_pros":["","","","",""],"wppr_cons":["","","","",""],"_monsterinsights_skip_tracking":false,"_monsterinsights_sitenote_active":false,"_monsterinsights_sitenote_note":"","_monsterinsights_sitenote_category":0,"footnotes":""},"categories":[169],"tags":[278,14072,200,221,277,225,3342,1244,228,1273,202],"features":[],"class_list":{"0":"post-11208","1":"page","2":"type-page","3":"status-publish","4":"has-post-thumbnail","6":"category-video-editing-software-it","7":"tag-action-cam","8":"tag-app-video-editing","9":"tag-come-tagliare-un-video","10":"tag-convertire-video","11":"tag-droni","12":"tag-editing-video","13":"tag-piattaforma-video-editing","14":"tag-programma-video-editing","15":"tag-software-video-editing","16":"tag-soluzione-video-editing","17":"tag-video-editing"},"wppr_data":{"cwp_meta_box_check":"Yes","cwp_rev_product_name":"","_wppr_review_template":"default","cwp_rev_product_image":"","cwp_image_link":"image","wppr_links":[],"cwp_rev_price":"","wppr_pros":["","","","",""],"wppr_cons":["","","","",""],"wppr_rating":"0.00","wppr_options":{"1":{"name":"Usability","value":"0"},"2":{"name":"Speed","value":"0"},"3":{"name":"Features","value":"0"},"4":{"name":"Support","value":"0"},"5":{"name":"Pricing","value":"0"}},"wppr_review_type":"Product","wppr_review_custom_fields":{"additionalProperty":"","additionalType":"","aggregateRating":"","alternateName":"","audience":"","award":"","awards":"","brand":"","color":"","depth":"","description":"","disambiguatingDescription":"","gtin12":"","gtin13":"","gtin14":"","gtin8":"","height":"","identifier":"","image":"","isAccessoryOrSparePartFor":"","isConsumableFor":"","isRelatedTo":"","isSimilarTo":"","itemCondition":"","logo":"","mainEntityOfPage":"","manufacturer":"","material":"","model":"","mpn":"","name":"","offers":"","potentialAction":"","productID":"","productionDate":"","purchaseDate":"","releaseDate":"","review":"","reviews":"","sameAs":"","sku":"","slogan":"","subjectOf":"","url":"","weight":"","width":""}},"acf":[],"yoast_head":"<!-- This site is optimized with the Yoast SEO plugin v27.4 - https:\/\/yoast.com\/product\/yoast-seo-wordpress\/ -->\n<title>VideoProc by Digiarty Software: recensione - Accurate Reviews<\/title>\n<meta name=\"description\" content=\"Videoproc: recensione del software di video editing utile per l&#039;elaborazione video 4K one-stop per modificare e migliorare i video con l&#039;accelerazione GPU.\" \/>\n<meta name=\"robots\" content=\"index, follow, max-snippet:-1, max-image-preview:large, max-video-preview:-1\" \/>\n<link rel=\"canonical\" href=\"https:\/\/www.accuratereviews.com\/it\/video-editing-lista-software\/videoproc-recensione\/\" \/>\n<meta property=\"og:locale\" content=\"it_IT\" \/>\n<meta property=\"og:type\" content=\"article\" \/>\n<meta property=\"og:title\" content=\"VideoProc by Digiarty Software: recensione - Accurate Reviews\" \/>\n<meta property=\"og:description\" content=\"Videoproc: recensione del software di video editing utile per l&#039;elaborazione video 4K one-stop per modificare e migliorare i video con l&#039;accelerazione GPU.\" \/>\n<meta property=\"og:url\" content=\"https:\/\/www.accuratereviews.com\/it\/video-editing-lista-software\/videoproc-recensione\/\" \/>\n<meta property=\"og:site_name\" content=\"Accurate Reviews\" \/>\n<meta property=\"article:modified_time\" content=\"2023-01-30T11:10:57+00:00\" \/>\n<meta property=\"og:image\" content=\"https:\/\/www.accuratereviews.com\/wp-content\/uploads\/2019\/02\/videoproc.png\" \/>\n\t<meta property=\"og:image:width\" content=\"256\" \/>\n\t<meta property=\"og:image:height\" content=\"256\" \/>\n\t<meta property=\"og:image:type\" content=\"image\/png\" \/>\n<meta name=\"twitter:card\" content=\"summary_large_image\" \/>\n<meta name=\"twitter:label1\" content=\"Tempo di lettura stimato\" \/>\n\t<meta name=\"twitter:data1\" content=\"4 minuti\" \/>\n<script type=\"application\/ld+json\" class=\"yoast-schema-graph\">{\"@context\":\"https:\\\/\\\/schema.org\",\"@graph\":[{\"@type\":\"WebPage\",\"@id\":\"https:\\\/\\\/www.accuratereviews.com\\\/it\\\/video-editing-lista-software\\\/videoproc-recensione\\\/\",\"url\":\"https:\\\/\\\/www.accuratereviews.com\\\/it\\\/video-editing-lista-software\\\/videoproc-recensione\\\/\",\"name\":\"VideoProc by Digiarty Software: recensione - Accurate Reviews\",\"isPartOf\":{\"@id\":\"https:\\\/\\\/www.accuratereviews.com\\\/it\\\/#website\"},\"primaryImageOfPage\":{\"@id\":\"https:\\\/\\\/www.accuratereviews.com\\\/it\\\/video-editing-lista-software\\\/videoproc-recensione\\\/#primaryimage\"},\"image\":{\"@id\":\"https:\\\/\\\/www.accuratereviews.com\\\/it\\\/video-editing-lista-software\\\/videoproc-recensione\\\/#primaryimage\"},\"thumbnailUrl\":\"https:\\\/\\\/www.accuratereviews.com\\\/wp-content\\\/uploads\\\/2019\\\/02\\\/videoproc.png\",\"datePublished\":\"2019-02-25T14:30:31+00:00\",\"dateModified\":\"2023-01-30T11:10:57+00:00\",\"description\":\"Videoproc: recensione del software di video editing utile per l'elaborazione video 4K one-stop per modificare e migliorare i video con l'accelerazione GPU.\",\"breadcrumb\":{\"@id\":\"https:\\\/\\\/www.accuratereviews.com\\\/it\\\/video-editing-lista-software\\\/videoproc-recensione\\\/#breadcrumb\"},\"inLanguage\":\"it-IT\",\"potentialAction\":[{\"@type\":\"ReadAction\",\"target\":[\"https:\\\/\\\/www.accuratereviews.com\\\/it\\\/video-editing-lista-software\\\/videoproc-recensione\\\/\"]}]},{\"@type\":\"ImageObject\",\"inLanguage\":\"it-IT\",\"@id\":\"https:\\\/\\\/www.accuratereviews.com\\\/it\\\/video-editing-lista-software\\\/videoproc-recensione\\\/#primaryimage\",\"url\":\"https:\\\/\\\/www.accuratereviews.com\\\/wp-content\\\/uploads\\\/2019\\\/02\\\/videoproc.png\",\"contentUrl\":\"https:\\\/\\\/www.accuratereviews.com\\\/wp-content\\\/uploads\\\/2019\\\/02\\\/videoproc.png\",\"width\":256,\"height\":256},{\"@type\":\"BreadcrumbList\",\"@id\":\"https:\\\/\\\/www.accuratereviews.com\\\/it\\\/video-editing-lista-software\\\/videoproc-recensione\\\/#breadcrumb\",\"itemListElement\":[{\"@type\":\"ListItem\",\"position\":1,\"name\":\"Home\",\"item\":\"https:\\\/\\\/www.accuratereviews.com\\\/it\\\/\"},{\"@type\":\"ListItem\",\"position\":2,\"name\":\"Software per il video editing\",\"item\":\"https:\\\/\\\/www.accuratereviews.com\\\/it\\\/video-editing-lista-software\\\/\"},{\"@type\":\"ListItem\",\"position\":3,\"name\":\"VideoProc\"}]},{\"@type\":\"WebSite\",\"@id\":\"https:\\\/\\\/www.accuratereviews.com\\\/it\\\/#website\",\"url\":\"https:\\\/\\\/www.accuratereviews.com\\\/it\\\/\",\"name\":\"Accurate Reviews\",\"description\":\"\",\"potentialAction\":[{\"@type\":\"SearchAction\",\"target\":{\"@type\":\"EntryPoint\",\"urlTemplate\":\"https:\\\/\\\/www.accuratereviews.com\\\/it\\\/?s={search_term_string}\"},\"query-input\":{\"@type\":\"PropertyValueSpecification\",\"valueRequired\":true,\"valueName\":\"search_term_string\"}}],\"inLanguage\":\"it-IT\"}]}<\/script>\n<!-- \/ Yoast SEO plugin. -->","yoast_head_json":{"title":"VideoProc by Digiarty Software: recensione - Accurate Reviews","description":"Videoproc: recensione del software di video editing utile per l'elaborazione video 4K one-stop per modificare e migliorare i video con l'accelerazione GPU.","robots":{"index":"index","follow":"follow","max-snippet":"max-snippet:-1","max-image-preview":"max-image-preview:large","max-video-preview":"max-video-preview:-1"},"canonical":"https:\/\/www.accuratereviews.com\/it\/video-editing-lista-software\/videoproc-recensione\/","og_locale":"it_IT","og_type":"article","og_title":"VideoProc by Digiarty Software: recensione - Accurate Reviews","og_description":"Videoproc: recensione del software di video editing utile per l'elaborazione video 4K one-stop per modificare e migliorare i video con l'accelerazione GPU.","og_url":"https:\/\/www.accuratereviews.com\/it\/video-editing-lista-software\/videoproc-recensione\/","og_site_name":"Accurate Reviews","article_modified_time":"2023-01-30T11:10:57+00:00","og_image":[{"width":256,"height":256,"url":"https:\/\/www.accuratereviews.com\/wp-content\/uploads\/2019\/02\/videoproc.png","type":"image\/png"}],"twitter_card":"summary_large_image","twitter_misc":{"Tempo di lettura stimato":"4 minuti"},"schema":{"@context":"https:\/\/schema.org","@graph":[{"@type":"WebPage","@id":"https:\/\/www.accuratereviews.com\/it\/video-editing-lista-software\/videoproc-recensione\/","url":"https:\/\/www.accuratereviews.com\/it\/video-editing-lista-software\/videoproc-recensione\/","name":"VideoProc by Digiarty Software: recensione - Accurate Reviews","isPartOf":{"@id":"https:\/\/www.accuratereviews.com\/it\/#website"},"primaryImageOfPage":{"@id":"https:\/\/www.accuratereviews.com\/it\/video-editing-lista-software\/videoproc-recensione\/#primaryimage"},"image":{"@id":"https:\/\/www.accuratereviews.com\/it\/video-editing-lista-software\/videoproc-recensione\/#primaryimage"},"thumbnailUrl":"https:\/\/www.accuratereviews.com\/wp-content\/uploads\/2019\/02\/videoproc.png","datePublished":"2019-02-25T14:30:31+00:00","dateModified":"2023-01-30T11:10:57+00:00","description":"Videoproc: recensione del software di video editing utile per l'elaborazione video 4K one-stop per modificare e migliorare i video con l'accelerazione GPU.","breadcrumb":{"@id":"https:\/\/www.accuratereviews.com\/it\/video-editing-lista-software\/videoproc-recensione\/#breadcrumb"},"inLanguage":"it-IT","potentialAction":[{"@type":"ReadAction","target":["https:\/\/www.accuratereviews.com\/it\/video-editing-lista-software\/videoproc-recensione\/"]}]},{"@type":"ImageObject","inLanguage":"it-IT","@id":"https:\/\/www.accuratereviews.com\/it\/video-editing-lista-software\/videoproc-recensione\/#primaryimage","url":"https:\/\/www.accuratereviews.com\/wp-content\/uploads\/2019\/02\/videoproc.png","contentUrl":"https:\/\/www.accuratereviews.com\/wp-content\/uploads\/2019\/02\/videoproc.png","width":256,"height":256},{"@type":"BreadcrumbList","@id":"https:\/\/www.accuratereviews.com\/it\/video-editing-lista-software\/videoproc-recensione\/#breadcrumb","itemListElement":[{"@type":"ListItem","position":1,"name":"Home","item":"https:\/\/www.accuratereviews.com\/it\/"},{"@type":"ListItem","position":2,"name":"Software per il video editing","item":"https:\/\/www.accuratereviews.com\/it\/video-editing-lista-software\/"},{"@type":"ListItem","position":3,"name":"VideoProc"}]},{"@type":"WebSite","@id":"https:\/\/www.accuratereviews.com\/it\/#website","url":"https:\/\/www.accuratereviews.com\/it\/","name":"Accurate Reviews","description":"","potentialAction":[{"@type":"SearchAction","target":{"@type":"EntryPoint","urlTemplate":"https:\/\/www.accuratereviews.com\/it\/?s={search_term_string}"},"query-input":{"@type":"PropertyValueSpecification","valueRequired":true,"valueName":"search_term_string"}}],"inLanguage":"it-IT"}]}},"_links":{"self":[{"href":"https:\/\/www.accuratereviews.com\/it\/wp-json\/wp\/v2\/pages\/11208","targetHints":{"allow":["GET"]}}],"collection":[{"href":"https:\/\/www.accuratereviews.com\/it\/wp-json\/wp\/v2\/pages"}],"about":[{"href":"https:\/\/www.accuratereviews.com\/it\/wp-json\/wp\/v2\/types\/page"}],"author":[{"embeddable":true,"href":"https:\/\/www.accuratereviews.com\/it\/wp-json\/wp\/v2\/users\/19"}],"replies":[{"embeddable":true,"href":"https:\/\/www.accuratereviews.com\/it\/wp-json\/wp\/v2\/comments?post=11208"}],"version-history":[{"count":21,"href":"https:\/\/www.accuratereviews.com\/it\/wp-json\/wp\/v2\/pages\/11208\/revisions"}],"predecessor-version":[{"id":66746,"href":"https:\/\/www.accuratereviews.com\/it\/wp-json\/wp\/v2\/pages\/11208\/revisions\/66746"}],"up":[{"embeddable":true,"href":"https:\/\/www.accuratereviews.com\/it\/wp-json\/wp\/v2\/pages\/7571"}],"wp:featuredmedia":[{"embeddable":true,"href":"https:\/\/www.accuratereviews.com\/it\/wp-json\/wp\/v2\/media\/11214"}],"wp:attachment":[{"href":"https:\/\/www.accuratereviews.com\/it\/wp-json\/wp\/v2\/media?parent=11208"}],"wp:term":[{"taxonomy":"category","embeddable":true,"href":"https:\/\/www.accuratereviews.com\/it\/wp-json\/wp\/v2\/categories?post=11208"},{"taxonomy":"post_tag","embeddable":true,"href":"https:\/\/www.accuratereviews.com\/it\/wp-json\/wp\/v2\/tags?post=11208"},{"taxonomy":"features","embeddable":true,"href":"https:\/\/www.accuratereviews.com\/it\/wp-json\/wp\/v2\/features?post=11208"}],"curies":[{"name":"wp","href":"https:\/\/api.w.org\/{rel}","templated":true}]}}