{"id":11362,"date":"2019-02-26T15:54:47","date_gmt":"2019-02-26T15:54:47","guid":{"rendered":"https:\/\/www.accuratereviews.com\/?page_id=11362"},"modified":"2021-04-29T13:23:12","modified_gmt":"2021-04-29T13:23:12","slug":"focusky-presentation-maker-recensione","status":"publish","type":"page","link":"https:\/\/www.accuratereviews.com\/it\/video-editing-lista-software\/focusky-presentation-maker-recensione\/","title":{"rendered":"Focusky Presentation Maker"},"content":{"rendered":"<p class=\"tw-data-text tw-ta tw-text-small\" dir=\"ltr\" data-placeholder=\"Traduzione\"><span lang=\"it\" tabindex=\"0\"><strong>Focusky Presentation Maker<\/strong>\u00a0<\/span><span lang=\"it\" tabindex=\"0\">\u00e8 un <strong>video maker gratuito\u00a0<\/strong>che <\/span><span lang=\"it\" tabindex=\"0\">non \u00e8 solo facile ed efficiente, ma che offre anche diverse funzionalit\u00e0 come: incredibile transizione, animazione, integrazione con whiteboard animation, fotocamera 3D, grafici e diagrammi, caratteri dinamici incorporati, oltre 1200 risorse online senza diritti d&#8217;autore, piattaforma cloud hosting illimitata, self-hosted e offline, supporto multilingue e tantissime altre incredibili funzionalit\u00e0 che rendono la presentazione e l&#8217;animazione video semplici e veloci. Ora con questo programma progettare e realizzare presentazione \u00e8 un gioco da ragazzi.<\/span><\/p>\n<h3 dir=\"ltr\" data-placeholder=\"Traduzione\">FOCUSKY PRESENTATION MAKER &#8211; TUTORIAL<\/h3>\n<p>Guardiamo insieme <strong>come creare e animare una presentazione<\/strong> con questo tutorial:<\/p>\n<div id=\"fluid-wrapper-counter-1\" class=\"g1-fluid-wrapper \" style=\"width:686px;\">\n<div style=\"padding-bottom:56.268221574344%;\"><iframe loading=\"lazy\" title=\"Focusky Tutorial: how to create an animated presentation\" width=\"686\" height=\"386\" src=\"https:\/\/www.youtube.com\/embed\/u4KtES21Bh8?feature=oembed&amp;wmode=transparent&amp;autohide=1&amp;autoplay=0&amp;disablekb=0&amp;fs=1&amp;loop=0&amp;enablejsapi=1&amp;rel=0&amp;controls=2&amp;showinfo=0&amp;wmode=transparent&amp;autohide=2&amp;autoplay=0&amp;disablekb=0&amp;fs=1&amp;loop=0&amp;enablejsapi=1&amp;rel=0&amp;controls=2&amp;showinfo=1\" frameborder=\"0\" allow=\"accelerometer; autoplay; clipboard-write; encrypted-media; gyroscope; picture-in-picture\" allowfullscreen><\/iframe><\/div>\n<\/div>\n<h3 dir=\"ltr\" data-placeholder=\"Traduzione\">FOCUSKY PRESENTATION MAKER &#8211; CARATTERISTICHE<\/h3>\n<ul>\n<li id=\"tw-target-text\" class=\"tw-data-text tw-ta tw-text-small\" dir=\"ltr\" data-placeholder=\"Traduzione\"><span lang=\"it\" tabindex=\"0\"><strong>Facile e familiare<\/strong>: Pi\u00f9 semplice da usare e pi\u00f9 potente di PowerPoint; puoi iniziare facilmente creando un nuovo progetto o modificando il modello trascinando e rilasciando sulla tela illimitata. <\/span><\/li>\n<li class=\"tw-data-text tw-ta tw-text-small\" dir=\"ltr\" data-placeholder=\"Traduzione\"><strong><span lang=\"it\" tabindex=\"0\">E<\/span><\/strong><span lang=\"it\" tabindex=\"0\"><strong>sperienza di mappatura mentale<\/strong>: Crea presentazioni animate in uno stile di mappatura mentale per catturare l&#8217;attenzione. <\/span><\/li>\n<li class=\"tw-data-text tw-ta tw-text-small\" dir=\"ltr\" data-placeholder=\"Traduzione\"><span lang=\"it\" tabindex=\"0\"><strong>Effetti di transizione 3D<\/strong>: Rompere il tradizionale effetto di transizione slide-to-slide. Questi effetti di transizione 3D come lo zoom 3D, il panning e l&#8217;effetto di rotazione rendono la presentazione simile a un film.<\/span><\/li>\n<li class=\"tw-data-text tw-ta tw-text-small\" dir=\"ltr\" data-placeholder=\"Traduzione\"><span lang=\"it\" tabindex=\"0\"><strong>Formato di output flessibile<\/strong>: Ti consente di pubblicare la tua presentazione in formato HTML, EXE, ZIP, APP, MP4 e PDF, quindi puoi condividerla facilmente con altri.<\/span><\/li>\n<li class=\"tw-data-text tw-ta tw-text-small\" dir=\"ltr\" data-placeholder=\"Traduzione\"><span lang=\"it\" tabindex=\"0\"><span lang=\"it\" tabindex=\"0\"><strong>300+ Standard di effetti di animazione<\/strong>:\u00a0<\/span><\/span>\u00c8 possibile utilizzare l&#8217;animazione per mettere a fuoco i punti importanti e aumentare l&#8217;interesse del pubblico per la presentazione.<\/li>\n<li class=\"tw-data-text tw-ta tw-text-small\" dir=\"ltr\" data-placeholder=\"Traduzione\"><span lang=\"it\" tabindex=\"0\"><strong>Zoom senza sfocatura:<\/strong> Ruota il mouse su tela per ingrandire tutti i dettagli per mostrare l&#8217;immagine grande senza sfocatura.<\/span><\/li>\n<\/ul>\n","protected":false},"excerpt":{"rendered":"<p>Focusky Presentation Maker\u00a0\u00e8 un video maker gratuito\u00a0\u00e8 facile ed efficiente. Con le molteplici funzionalit\u00e0 di questo software progettare e realizzare sorprendenti presentazioni \u00e8 un gioco da ragazzi.<\/p>\n","protected":false},"author":19,"featured_media":11365,"parent":7571,"menu_order":0,"comment_status":"open","ping_status":"closed","template":"g1_template_page_review_new.php","meta":{"_acf_changed":false,"cwp_meta_box_check":"Yes","cwp_rev_product_name":"","cwp_rev_product_image":"","wppr_links":[],"cwp_rev_price":"","wppr_options":[],"wppr_pros":[],"wppr_cons":[],"_monsterinsights_skip_tracking":false,"_monsterinsights_sitenote_active":false,"_monsterinsights_sitenote_note":"","_monsterinsights_sitenote_category":0,"footnotes":""},"categories":[169],"tags":[280,217,279,219],"features":[],"class_list":{"0":"post-11362","1":"page","2":"type-page","3":"status-publish","4":"has-post-thumbnail","6":"category-video-editing-software-it","7":"tag-presentazioni-3d","8":"tag-video-maker","9":"tag-video-maker-gratuito","10":"tag-video-making"},"wppr_data":{"cwp_meta_box_check":"Yes","cwp_rev_product_name":"","cwp_rev_product_image":"","cwp_image_link":"image","cwp_rev_price":"","wppr_rating":"0.00"},"acf":[],"yoast_head":"<!-- This site is optimized with the Yoast SEO plugin v27.4 - https:\/\/yoast.com\/product\/yoast-seo-wordpress\/ -->\n<title>Focusky Presentation Maker: recensione - Accurate Reviews<\/title>\n<meta name=\"description\" content=\"Focusky Presentation Maker: recensione\u00a0di un software video maker gratuito, facile ed efficiente che offre funzionalit\u00e0 sorprendenti.\" \/>\n<meta name=\"robots\" content=\"index, follow, max-snippet:-1, max-image-preview:large, max-video-preview:-1\" \/>\n<link rel=\"canonical\" href=\"https:\/\/www.accuratereviews.com\/it\/video-editing-lista-software\/focusky-presentation-maker-recensione\/\" \/>\n<meta property=\"og:locale\" content=\"it_IT\" \/>\n<meta property=\"og:type\" content=\"article\" \/>\n<meta property=\"og:title\" content=\"Focusky Presentation Maker: recensione - Accurate Reviews\" \/>\n<meta property=\"og:description\" content=\"Focusky Presentation Maker: recensione\u00a0di un software video maker gratuito, facile ed efficiente che offre funzionalit\u00e0 sorprendenti.\" \/>\n<meta property=\"og:url\" content=\"https:\/\/www.accuratereviews.com\/it\/video-editing-lista-software\/focusky-presentation-maker-recensione\/\" \/>\n<meta property=\"og:site_name\" content=\"Accurate Reviews\" \/>\n<meta property=\"article:modified_time\" content=\"2021-04-29T13:23:12+00:00\" \/>\n<meta property=\"og:image\" content=\"https:\/\/www.accuratereviews.com\/wp-content\/uploads\/2019\/02\/Focusky.jpg\" \/>\n\t<meta property=\"og:image:width\" content=\"404\" \/>\n\t<meta property=\"og:image:height\" content=\"200\" \/>\n\t<meta property=\"og:image:type\" content=\"image\/jpeg\" \/>\n<meta name=\"twitter:card\" content=\"summary_large_image\" \/>\n<meta name=\"twitter:label1\" content=\"Tempo di lettura stimato\" \/>\n\t<meta name=\"twitter:data1\" content=\"1 minuto\" \/>\n<script type=\"application\/ld+json\" class=\"yoast-schema-graph\">{\"@context\":\"https:\\\/\\\/schema.org\",\"@graph\":[{\"@type\":\"WebPage\",\"@id\":\"https:\\\/\\\/www.accuratereviews.com\\\/it\\\/video-editing-lista-software\\\/focusky-presentation-maker-recensione\\\/\",\"url\":\"https:\\\/\\\/www.accuratereviews.com\\\/it\\\/video-editing-lista-software\\\/focusky-presentation-maker-recensione\\\/\",\"name\":\"Focusky Presentation Maker: recensione - Accurate Reviews\",\"isPartOf\":{\"@id\":\"https:\\\/\\\/www.accuratereviews.com\\\/it\\\/#website\"},\"primaryImageOfPage\":{\"@id\":\"https:\\\/\\\/www.accuratereviews.com\\\/it\\\/video-editing-lista-software\\\/focusky-presentation-maker-recensione\\\/#primaryimage\"},\"image\":{\"@id\":\"https:\\\/\\\/www.accuratereviews.com\\\/it\\\/video-editing-lista-software\\\/focusky-presentation-maker-recensione\\\/#primaryimage\"},\"thumbnailUrl\":\"https:\\\/\\\/www.accuratereviews.com\\\/wp-content\\\/uploads\\\/2019\\\/02\\\/Focusky.jpg\",\"datePublished\":\"2019-02-26T15:54:47+00:00\",\"dateModified\":\"2021-04-29T13:23:12+00:00\",\"description\":\"Focusky Presentation Maker: recensione\u00a0di un software video maker gratuito, facile ed efficiente che offre funzionalit\u00e0 sorprendenti.\",\"breadcrumb\":{\"@id\":\"https:\\\/\\\/www.accuratereviews.com\\\/it\\\/video-editing-lista-software\\\/focusky-presentation-maker-recensione\\\/#breadcrumb\"},\"inLanguage\":\"it-IT\",\"potentialAction\":[{\"@type\":\"ReadAction\",\"target\":[\"https:\\\/\\\/www.accuratereviews.com\\\/it\\\/video-editing-lista-software\\\/focusky-presentation-maker-recensione\\\/\"]}]},{\"@type\":\"ImageObject\",\"inLanguage\":\"it-IT\",\"@id\":\"https:\\\/\\\/www.accuratereviews.com\\\/it\\\/video-editing-lista-software\\\/focusky-presentation-maker-recensione\\\/#primaryimage\",\"url\":\"https:\\\/\\\/www.accuratereviews.com\\\/wp-content\\\/uploads\\\/2019\\\/02\\\/Focusky.jpg\",\"contentUrl\":\"https:\\\/\\\/www.accuratereviews.com\\\/wp-content\\\/uploads\\\/2019\\\/02\\\/Focusky.jpg\",\"width\":404,\"height\":200},{\"@type\":\"BreadcrumbList\",\"@id\":\"https:\\\/\\\/www.accuratereviews.com\\\/it\\\/video-editing-lista-software\\\/focusky-presentation-maker-recensione\\\/#breadcrumb\",\"itemListElement\":[{\"@type\":\"ListItem\",\"position\":1,\"name\":\"Home\",\"item\":\"https:\\\/\\\/www.accuratereviews.com\\\/it\\\/\"},{\"@type\":\"ListItem\",\"position\":2,\"name\":\"Software per il video editing\",\"item\":\"https:\\\/\\\/www.accuratereviews.com\\\/it\\\/video-editing-lista-software\\\/\"},{\"@type\":\"ListItem\",\"position\":3,\"name\":\"Focusky Presentation Maker\"}]},{\"@type\":\"WebSite\",\"@id\":\"https:\\\/\\\/www.accuratereviews.com\\\/it\\\/#website\",\"url\":\"https:\\\/\\\/www.accuratereviews.com\\\/it\\\/\",\"name\":\"Accurate Reviews\",\"description\":\"\",\"potentialAction\":[{\"@type\":\"SearchAction\",\"target\":{\"@type\":\"EntryPoint\",\"urlTemplate\":\"https:\\\/\\\/www.accuratereviews.com\\\/it\\\/?s={search_term_string}\"},\"query-input\":{\"@type\":\"PropertyValueSpecification\",\"valueRequired\":true,\"valueName\":\"search_term_string\"}}],\"inLanguage\":\"it-IT\"}]}<\/script>\n<!-- \/ Yoast SEO plugin. -->","yoast_head_json":{"title":"Focusky Presentation Maker: recensione - Accurate Reviews","description":"Focusky Presentation Maker: recensione\u00a0di un software video maker gratuito, facile ed efficiente che offre funzionalit\u00e0 sorprendenti.","robots":{"index":"index","follow":"follow","max-snippet":"max-snippet:-1","max-image-preview":"max-image-preview:large","max-video-preview":"max-video-preview:-1"},"canonical":"https:\/\/www.accuratereviews.com\/it\/video-editing-lista-software\/focusky-presentation-maker-recensione\/","og_locale":"it_IT","og_type":"article","og_title":"Focusky Presentation Maker: recensione - Accurate Reviews","og_description":"Focusky Presentation Maker: recensione\u00a0di un software video maker gratuito, facile ed efficiente che offre funzionalit\u00e0 sorprendenti.","og_url":"https:\/\/www.accuratereviews.com\/it\/video-editing-lista-software\/focusky-presentation-maker-recensione\/","og_site_name":"Accurate Reviews","article_modified_time":"2021-04-29T13:23:12+00:00","og_image":[{"width":404,"height":200,"url":"https:\/\/www.accuratereviews.com\/wp-content\/uploads\/2019\/02\/Focusky.jpg","type":"image\/jpeg"}],"twitter_card":"summary_large_image","twitter_misc":{"Tempo di lettura stimato":"1 minuto"},"schema":{"@context":"https:\/\/schema.org","@graph":[{"@type":"WebPage","@id":"https:\/\/www.accuratereviews.com\/it\/video-editing-lista-software\/focusky-presentation-maker-recensione\/","url":"https:\/\/www.accuratereviews.com\/it\/video-editing-lista-software\/focusky-presentation-maker-recensione\/","name":"Focusky Presentation Maker: recensione - Accurate Reviews","isPartOf":{"@id":"https:\/\/www.accuratereviews.com\/it\/#website"},"primaryImageOfPage":{"@id":"https:\/\/www.accuratereviews.com\/it\/video-editing-lista-software\/focusky-presentation-maker-recensione\/#primaryimage"},"image":{"@id":"https:\/\/www.accuratereviews.com\/it\/video-editing-lista-software\/focusky-presentation-maker-recensione\/#primaryimage"},"thumbnailUrl":"https:\/\/www.accuratereviews.com\/wp-content\/uploads\/2019\/02\/Focusky.jpg","datePublished":"2019-02-26T15:54:47+00:00","dateModified":"2021-04-29T13:23:12+00:00","description":"Focusky Presentation Maker: recensione\u00a0di un software video maker gratuito, facile ed efficiente che offre funzionalit\u00e0 sorprendenti.","breadcrumb":{"@id":"https:\/\/www.accuratereviews.com\/it\/video-editing-lista-software\/focusky-presentation-maker-recensione\/#breadcrumb"},"inLanguage":"it-IT","potentialAction":[{"@type":"ReadAction","target":["https:\/\/www.accuratereviews.com\/it\/video-editing-lista-software\/focusky-presentation-maker-recensione\/"]}]},{"@type":"ImageObject","inLanguage":"it-IT","@id":"https:\/\/www.accuratereviews.com\/it\/video-editing-lista-software\/focusky-presentation-maker-recensione\/#primaryimage","url":"https:\/\/www.accuratereviews.com\/wp-content\/uploads\/2019\/02\/Focusky.jpg","contentUrl":"https:\/\/www.accuratereviews.com\/wp-content\/uploads\/2019\/02\/Focusky.jpg","width":404,"height":200},{"@type":"BreadcrumbList","@id":"https:\/\/www.accuratereviews.com\/it\/video-editing-lista-software\/focusky-presentation-maker-recensione\/#breadcrumb","itemListElement":[{"@type":"ListItem","position":1,"name":"Home","item":"https:\/\/www.accuratereviews.com\/it\/"},{"@type":"ListItem","position":2,"name":"Software per il video editing","item":"https:\/\/www.accuratereviews.com\/it\/video-editing-lista-software\/"},{"@type":"ListItem","position":3,"name":"Focusky Presentation Maker"}]},{"@type":"WebSite","@id":"https:\/\/www.accuratereviews.com\/it\/#website","url":"https:\/\/www.accuratereviews.com\/it\/","name":"Accurate Reviews","description":"","potentialAction":[{"@type":"SearchAction","target":{"@type":"EntryPoint","urlTemplate":"https:\/\/www.accuratereviews.com\/it\/?s={search_term_string}"},"query-input":{"@type":"PropertyValueSpecification","valueRequired":true,"valueName":"search_term_string"}}],"inLanguage":"it-IT"}]}},"_links":{"self":[{"href":"https:\/\/www.accuratereviews.com\/it\/wp-json\/wp\/v2\/pages\/11362","targetHints":{"allow":["GET"]}}],"collection":[{"href":"https:\/\/www.accuratereviews.com\/it\/wp-json\/wp\/v2\/pages"}],"about":[{"href":"https:\/\/www.accuratereviews.com\/it\/wp-json\/wp\/v2\/types\/page"}],"author":[{"embeddable":true,"href":"https:\/\/www.accuratereviews.com\/it\/wp-json\/wp\/v2\/users\/19"}],"replies":[{"embeddable":true,"href":"https:\/\/www.accuratereviews.com\/it\/wp-json\/wp\/v2\/comments?post=11362"}],"version-history":[{"count":14,"href":"https:\/\/www.accuratereviews.com\/it\/wp-json\/wp\/v2\/pages\/11362\/revisions"}],"predecessor-version":[{"id":41394,"href":"https:\/\/www.accuratereviews.com\/it\/wp-json\/wp\/v2\/pages\/11362\/revisions\/41394"}],"up":[{"embeddable":true,"href":"https:\/\/www.accuratereviews.com\/it\/wp-json\/wp\/v2\/pages\/7571"}],"wp:featuredmedia":[{"embeddable":true,"href":"https:\/\/www.accuratereviews.com\/it\/wp-json\/wp\/v2\/media\/11365"}],"wp:attachment":[{"href":"https:\/\/www.accuratereviews.com\/it\/wp-json\/wp\/v2\/media?parent=11362"}],"wp:term":[{"taxonomy":"category","embeddable":true,"href":"https:\/\/www.accuratereviews.com\/it\/wp-json\/wp\/v2\/categories?post=11362"},{"taxonomy":"post_tag","embeddable":true,"href":"https:\/\/www.accuratereviews.com\/it\/wp-json\/wp\/v2\/tags?post=11362"},{"taxonomy":"features","embeddable":true,"href":"https:\/\/www.accuratereviews.com\/it\/wp-json\/wp\/v2\/features?post=11362"}],"curies":[{"name":"wp","href":"https:\/\/api.w.org\/{rel}","templated":true}]}}