{"id":11381,"date":"2019-04-19T12:56:30","date_gmt":"2019-04-19T12:56:30","guid":{"rendered":"https:\/\/www.accuratereviews.com\/?page_id=11381"},"modified":"2021-03-18T11:18:09","modified_gmt":"2021-03-18T11:18:09","slug":"steinberg-cubase-recensione","status":"publish","type":"page","link":"https:\/\/www.accuratereviews.com\/it\/audio-editing-lista-software\/steinberg-cubase-recensione\/","title":{"rendered":"Steinberg Cubase &#8211; Sequencer audio\/midi editing"},"content":{"rendered":"<p>Tra i nomi pi\u00f9 celebri nel settore dei <strong>programmi per\u00a0audio editing professionali<\/strong>, risalta il nome di\u00a0<a href=\"https:\/\/new.steinberg.net\/cubase\/\" target=\"_blank\" rel=\"noopener noreferrer\">Cubase<\/a>\u00a0della casa tedesca Steinberg. Creato nel 1989 per computer Atari ST solo in versione di <strong>sequencer\u00a0MIDI<\/strong>, fu poi riprogettato per Apple Macintosh e Microsoft Windows aggiungendo le funzioni audio. La incontrastata popolarit\u00e0 raggiunta dal software, \u00e8 dovuta non solo alla sua longevit\u00e0 ma anche alla versatilit\u00e0 e alla potenza della tecnologia <a href=\"https:\/\/it.wikipedia.org\/wiki\/Virtual_Studio_Technology\" target=\"_blank\" rel=\"noopener noreferrer\">VST<\/a> creata dalla Steinberg e implementata in Cubase. Il software permette la <strong>registrazione multi traccia<\/strong> di dati audio e MIDI anche combinati insieme, nonch\u00e9 l&#8217;inserimento nel progetto di un&#8217;infinit\u00e0 di VST instruments utilizzati per dare qualit\u00e0 e creativit\u00e0 alle composizioni musicali. Oltre agli innumerevoli plugin sviluppati da terze parti, gratuiti e a pagamento, un&#8217;altra caratteristica che ha reso il software molto popolare \u00e8 la compatibilit\u00e0 con la maggior parte delle schede audio in commercio sul mercato. Cubase \u00e8 oggi il software maggiormente utilizzato nel campo dell&#8217;<strong>hard disk recording<\/strong> e come <strong>DAW<\/strong> professionale.<\/p>\n<p id=\"tw-target-text\" class=\"tw-data-text tw-ta tw-text-small\" dir=\"ltr\" data-placeholder=\"Traduzione\"><span lang=\"it\" tabindex=\"0\">Cubase viene utilizzato sia da produttori di nomi famosi che da musicisti amatori per <strong>comporre<\/strong>,\u00a0<strong>registrare, mixare e montare musica<\/strong>, combinando una qualit\u00e0 audio eccezionale, una gestione intuitiva e una raccolta di strumenti audio, MIDI ed effetti con funzionalit\u00e0 estremamente avanzate.<\/span><\/p>\n<p id=\"tw-target-text\" class=\"tw-data-text tw-ta tw-text-small\" dir=\"ltr\" data-placeholder=\"Traduzione\"><span lang=\"it\" tabindex=\"0\">Cubase viene utilizzato in ogni campo: registrazione di un&#8217;orchestra sinfonica, grande rock show dal vivo, band jazz in studio, elaborazione di musica elettronica e non solo.<\/span><\/p>\n<p dir=\"ltr\" data-placeholder=\"Traduzione\">Steinberg Cubase viene rilasciato in versione completa a un prezzo davvero abbordabile, senza nulla invidiare a concorrenti con prezzi decisamente pi\u00f9 elevati.<\/p>\n<h2 dir=\"ltr\" data-placeholder=\"Traduzione\">Cubase | DAW professionale alla portata di tutti<\/h2>\n<p><a href=\"https:\/\/www.accuratereviews.com\/wp-content\/uploads\/2019\/02\/cubase-large1.jpg\"><img loading=\"lazy\" decoding=\"async\" class=\"alignnone size-full wp-image-11385\" src=\"https:\/\/www.accuratereviews.com\/wp-content\/uploads\/2019\/02\/cubase-large1.jpg\" alt=\"Sequencer audio cubase\" width=\"1000\" height=\"565\" srcset=\"https:\/\/www.accuratereviews.com\/wp-content\/uploads\/2019\/02\/cubase-large1.jpg 1000w, https:\/\/www.accuratereviews.com\/wp-content\/uploads\/2019\/02\/cubase-large1-300x170.jpg 300w, https:\/\/www.accuratereviews.com\/wp-content\/uploads\/2019\/02\/cubase-large1-768x434.jpg 768w, https:\/\/www.accuratereviews.com\/wp-content\/uploads\/2019\/02\/cubase-large1-221x125.jpg 221w, https:\/\/www.accuratereviews.com\/wp-content\/uploads\/2019\/02\/cubase-large1-50x28.jpg 50w, https:\/\/www.accuratereviews.com\/wp-content\/uploads\/2019\/02\/cubase-large1-968x547.jpg 968w, https:\/\/www.accuratereviews.com\/wp-content\/uploads\/2019\/02\/cubase-large1-636x359.jpg 636w, https:\/\/www.accuratereviews.com\/wp-content\/uploads\/2019\/02\/cubase-large1-482x271.jpg 482w, https:\/\/www.accuratereviews.com\/wp-content\/uploads\/2019\/02\/cubase-large1-320x181.jpg 320w, https:\/\/www.accuratereviews.com\/wp-content\/uploads\/2019\/02\/cubase-large1-239x135.jpg 239w\" sizes=\"auto, (max-width: 1000px) 100vw, 1000px\" \/><\/a><\/p>\n<h3>STEINBERG CUBASE\u00a0&#8211; DETTAGLI TECNICI<\/h3>\n<h4>CARATTERISTICHE PRINCIPALI RIFERITE ALLA VERSIONE PRO 10<\/h4>\n<ul>\n<li>Motore audio a virgola mobile a 64 bit di prossima generazione<\/li>\n<li>Supporto audio a 32 bit intero e float a 64 bit, fino a 192kHz<\/li>\n<li>Surround 5.1 per lo scoring di film e giochi<\/li>\n<li>VariAudio 3 offre il controllo completo su ogni aspetto del tuo audio<\/li>\n<li>Audio Alignment crea voci raddoppiate e sovrapposte<\/li>\n<li>Groove Agent SE 5 crea beat con drum kit realistici e stimolanti drum machine<\/li>\n<li>MixConsole Snapshots rende semplice la creazione di mix alternativi<\/li>\n<li>Supporto MIDI Polyphonic Expression (MPE)<\/li>\n<li>Steinberg Virtual Reality per la produzione di progetti VR di altissimo livello<\/li>\n<li>Strumenti di composizione intelligenti come Chord Track, Chord Pads e Chord Assistant<\/li>\n<li>Comping rende un gioco da ragazzi la creazione di brani perfetti<\/li>\n<li>Audio Warp Quantize rende l&#8217;audio di quantizzazione facile quanto il MIDI di quantizzazione<\/li>\n<li>Moduli Channel Strip integrati in ogni canale del mixer<\/li>\n<li>MixConsole cattura l&#8217;essenza di una console analogica di fascia alta<\/li>\n<li>Sampler Track + Caleidoscope per costruire loop e frasi<\/li>\n<li>Control Room per l&#8217;integrazione di cue mix e setup di monitoraggio<\/li>\n<li>Suite completa con oltre 90 processori di effetti audio e MIDI VST high-end<\/li>\n<li>Set completo di 8 strumenti eccezionali con oltre 3000 suoni<\/li>\n<li>5GB di suoni e di loop di alta qualit\u00e0<\/li>\n<\/ul>\n","protected":false},"excerpt":{"rendered":"<p>Tra i nomi pi\u00f9 celebri nel settore dei programmi per\u00a0audio editing professionali, risalta il nome di\u00a0Cubase\u00a0della casa tedesca Steinberg. Creato nel 1989 per computer Atari ST solo in versione di sequencer\u00a0MIDI, fu poi riprogettato aggiungendo le funzioni audio.<\/p>\n","protected":false},"author":16,"featured_media":0,"parent":11357,"menu_order":0,"comment_status":"open","ping_status":"closed","template":"g1_template_page_review_new.php","meta":{"_acf_changed":false,"cwp_meta_box_check":"No","cwp_rev_product_name":"","cwp_rev_product_image":"","wppr_links":[],"cwp_rev_price":"","wppr_options":[],"wppr_pros":[],"wppr_cons":[],"_monsterinsights_skip_tracking":false,"_monsterinsights_sitenote_active":false,"_monsterinsights_sitenote_note":"","_monsterinsights_sitenote_category":0,"footnotes":""},"categories":[253],"tags":[282,290,286,484,285,284,289,288,283,485,461,480,287],"features":[],"class_list":{"0":"post-11381","1":"page","2":"type-page","3":"status-publish","5":"category-audio-editing-it","6":"tag-audio-editing","7":"tag-comporre","8":"tag-daw","9":"tag-driver-asio","10":"tag-hard-disk-recording","11":"tag-midi","12":"tag-mixare","13":"tag-registrare","14":"tag-registrazione-multi-traccia","15":"tag-sequencer","16":"tag-sequencer-midi","17":"tag-software-audio-editing-professionale","18":"tag-vst"},"wppr_data":{"cwp_meta_box_check":"No"},"acf":[],"yoast_head":"<!-- This site is optimized with the Yoast SEO plugin v27.4 - https:\/\/yoast.com\/product\/yoast-seo-wordpress\/ -->\n<title>Steinberg Cubase: recensione sequencer audio\/midi - Accurate Reviews<\/title>\n<meta name=\"description\" content=\"Steinberg Cubase: recensione del sequencer audio\/midi e versatile Workstation Digitale nel campo dell&#039;hard disk recording professionale.\" \/>\n<meta name=\"robots\" content=\"index, follow, max-snippet:-1, max-image-preview:large, max-video-preview:-1\" \/>\n<link rel=\"canonical\" href=\"https:\/\/www.accuratereviews.com\/it\/audio-editing-lista-software\/steinberg-cubase-recensione\/\" \/>\n<meta property=\"og:locale\" content=\"it_IT\" \/>\n<meta property=\"og:type\" content=\"article\" \/>\n<meta property=\"og:title\" content=\"Steinberg Cubase: recensione sequencer audio\/midi - Accurate Reviews\" \/>\n<meta property=\"og:description\" content=\"Steinberg Cubase: recensione del sequencer audio\/midi e versatile Workstation Digitale nel campo dell&#039;hard disk recording professionale.\" \/>\n<meta property=\"og:url\" content=\"https:\/\/www.accuratereviews.com\/it\/audio-editing-lista-software\/steinberg-cubase-recensione\/\" \/>\n<meta property=\"og:site_name\" content=\"Accurate Reviews\" \/>\n<meta property=\"article:modified_time\" content=\"2021-03-18T11:18:09+00:00\" \/>\n<meta property=\"og:image\" content=\"https:\/\/www.accuratereviews.com\/wp-content\/uploads\/2019\/02\/cubase-large1.jpg\" \/>\n<meta name=\"twitter:card\" content=\"summary_large_image\" \/>\n<meta name=\"twitter:label1\" content=\"Tempo di lettura stimato\" \/>\n\t<meta name=\"twitter:data1\" content=\"2 minuti\" \/>\n<script type=\"application\/ld+json\" class=\"yoast-schema-graph\">{\"@context\":\"https:\\\/\\\/schema.org\",\"@graph\":[{\"@type\":\"WebPage\",\"@id\":\"https:\\\/\\\/www.accuratereviews.com\\\/it\\\/audio-editing-lista-software\\\/steinberg-cubase-recensione\\\/\",\"url\":\"https:\\\/\\\/www.accuratereviews.com\\\/it\\\/audio-editing-lista-software\\\/steinberg-cubase-recensione\\\/\",\"name\":\"Steinberg Cubase: recensione sequencer audio\\\/midi - Accurate Reviews\",\"isPartOf\":{\"@id\":\"https:\\\/\\\/www.accuratereviews.com\\\/it\\\/#website\"},\"primaryImageOfPage\":{\"@id\":\"https:\\\/\\\/www.accuratereviews.com\\\/it\\\/audio-editing-lista-software\\\/steinberg-cubase-recensione\\\/#primaryimage\"},\"image\":{\"@id\":\"https:\\\/\\\/www.accuratereviews.com\\\/it\\\/audio-editing-lista-software\\\/steinberg-cubase-recensione\\\/#primaryimage\"},\"thumbnailUrl\":\"https:\\\/\\\/www.accuratereviews.com\\\/wp-content\\\/uploads\\\/2019\\\/02\\\/cubase-large1.jpg\",\"datePublished\":\"2019-04-19T12:56:30+00:00\",\"dateModified\":\"2021-03-18T11:18:09+00:00\",\"description\":\"Steinberg Cubase: recensione del sequencer audio\\\/midi e versatile Workstation Digitale nel campo dell'hard disk recording professionale.\",\"breadcrumb\":{\"@id\":\"https:\\\/\\\/www.accuratereviews.com\\\/it\\\/audio-editing-lista-software\\\/steinberg-cubase-recensione\\\/#breadcrumb\"},\"inLanguage\":\"it-IT\",\"potentialAction\":[{\"@type\":\"ReadAction\",\"target\":[\"https:\\\/\\\/www.accuratereviews.com\\\/it\\\/audio-editing-lista-software\\\/steinberg-cubase-recensione\\\/\"]}]},{\"@type\":\"ImageObject\",\"inLanguage\":\"it-IT\",\"@id\":\"https:\\\/\\\/www.accuratereviews.com\\\/it\\\/audio-editing-lista-software\\\/steinberg-cubase-recensione\\\/#primaryimage\",\"url\":\"https:\\\/\\\/www.accuratereviews.com\\\/wp-content\\\/uploads\\\/2019\\\/02\\\/cubase-large1.jpg\",\"contentUrl\":\"https:\\\/\\\/www.accuratereviews.com\\\/wp-content\\\/uploads\\\/2019\\\/02\\\/cubase-large1.jpg\"},{\"@type\":\"BreadcrumbList\",\"@id\":\"https:\\\/\\\/www.accuratereviews.com\\\/it\\\/audio-editing-lista-software\\\/steinberg-cubase-recensione\\\/#breadcrumb\",\"itemListElement\":[{\"@type\":\"ListItem\",\"position\":1,\"name\":\"Home\",\"item\":\"https:\\\/\\\/www.accuratereviews.com\\\/it\\\/\"},{\"@type\":\"ListItem\",\"position\":2,\"name\":\"Software per l&#8217;audio editing\",\"item\":\"https:\\\/\\\/www.accuratereviews.com\\\/it\\\/audio-editing-lista-software\\\/\"},{\"@type\":\"ListItem\",\"position\":3,\"name\":\"Steinberg Cubase &#8211; Sequencer audio\\\/midi editing\"}]},{\"@type\":\"WebSite\",\"@id\":\"https:\\\/\\\/www.accuratereviews.com\\\/it\\\/#website\",\"url\":\"https:\\\/\\\/www.accuratereviews.com\\\/it\\\/\",\"name\":\"Accurate Reviews\",\"description\":\"\",\"potentialAction\":[{\"@type\":\"SearchAction\",\"target\":{\"@type\":\"EntryPoint\",\"urlTemplate\":\"https:\\\/\\\/www.accuratereviews.com\\\/it\\\/?s={search_term_string}\"},\"query-input\":{\"@type\":\"PropertyValueSpecification\",\"valueRequired\":true,\"valueName\":\"search_term_string\"}}],\"inLanguage\":\"it-IT\"}]}<\/script>\n<!-- \/ Yoast SEO plugin. -->","yoast_head_json":{"title":"Steinberg Cubase: recensione sequencer audio\/midi - Accurate Reviews","description":"Steinberg Cubase: recensione del sequencer audio\/midi e versatile Workstation Digitale nel campo dell'hard disk recording professionale.","robots":{"index":"index","follow":"follow","max-snippet":"max-snippet:-1","max-image-preview":"max-image-preview:large","max-video-preview":"max-video-preview:-1"},"canonical":"https:\/\/www.accuratereviews.com\/it\/audio-editing-lista-software\/steinberg-cubase-recensione\/","og_locale":"it_IT","og_type":"article","og_title":"Steinberg Cubase: recensione sequencer audio\/midi - Accurate Reviews","og_description":"Steinberg Cubase: recensione del sequencer audio\/midi e versatile Workstation Digitale nel campo dell'hard disk recording professionale.","og_url":"https:\/\/www.accuratereviews.com\/it\/audio-editing-lista-software\/steinberg-cubase-recensione\/","og_site_name":"Accurate Reviews","article_modified_time":"2021-03-18T11:18:09+00:00","og_image":[{"url":"https:\/\/www.accuratereviews.com\/wp-content\/uploads\/2019\/02\/cubase-large1.jpg","type":"","width":"","height":""}],"twitter_card":"summary_large_image","twitter_misc":{"Tempo di lettura stimato":"2 minuti"},"schema":{"@context":"https:\/\/schema.org","@graph":[{"@type":"WebPage","@id":"https:\/\/www.accuratereviews.com\/it\/audio-editing-lista-software\/steinberg-cubase-recensione\/","url":"https:\/\/www.accuratereviews.com\/it\/audio-editing-lista-software\/steinberg-cubase-recensione\/","name":"Steinberg Cubase: recensione sequencer audio\/midi - Accurate Reviews","isPartOf":{"@id":"https:\/\/www.accuratereviews.com\/it\/#website"},"primaryImageOfPage":{"@id":"https:\/\/www.accuratereviews.com\/it\/audio-editing-lista-software\/steinberg-cubase-recensione\/#primaryimage"},"image":{"@id":"https:\/\/www.accuratereviews.com\/it\/audio-editing-lista-software\/steinberg-cubase-recensione\/#primaryimage"},"thumbnailUrl":"https:\/\/www.accuratereviews.com\/wp-content\/uploads\/2019\/02\/cubase-large1.jpg","datePublished":"2019-04-19T12:56:30+00:00","dateModified":"2021-03-18T11:18:09+00:00","description":"Steinberg Cubase: recensione del sequencer audio\/midi e versatile Workstation Digitale nel campo dell'hard disk recording professionale.","breadcrumb":{"@id":"https:\/\/www.accuratereviews.com\/it\/audio-editing-lista-software\/steinberg-cubase-recensione\/#breadcrumb"},"inLanguage":"it-IT","potentialAction":[{"@type":"ReadAction","target":["https:\/\/www.accuratereviews.com\/it\/audio-editing-lista-software\/steinberg-cubase-recensione\/"]}]},{"@type":"ImageObject","inLanguage":"it-IT","@id":"https:\/\/www.accuratereviews.com\/it\/audio-editing-lista-software\/steinberg-cubase-recensione\/#primaryimage","url":"https:\/\/www.accuratereviews.com\/wp-content\/uploads\/2019\/02\/cubase-large1.jpg","contentUrl":"https:\/\/www.accuratereviews.com\/wp-content\/uploads\/2019\/02\/cubase-large1.jpg"},{"@type":"BreadcrumbList","@id":"https:\/\/www.accuratereviews.com\/it\/audio-editing-lista-software\/steinberg-cubase-recensione\/#breadcrumb","itemListElement":[{"@type":"ListItem","position":1,"name":"Home","item":"https:\/\/www.accuratereviews.com\/it\/"},{"@type":"ListItem","position":2,"name":"Software per l&#8217;audio editing","item":"https:\/\/www.accuratereviews.com\/it\/audio-editing-lista-software\/"},{"@type":"ListItem","position":3,"name":"Steinberg Cubase &#8211; Sequencer audio\/midi editing"}]},{"@type":"WebSite","@id":"https:\/\/www.accuratereviews.com\/it\/#website","url":"https:\/\/www.accuratereviews.com\/it\/","name":"Accurate Reviews","description":"","potentialAction":[{"@type":"SearchAction","target":{"@type":"EntryPoint","urlTemplate":"https:\/\/www.accuratereviews.com\/it\/?s={search_term_string}"},"query-input":{"@type":"PropertyValueSpecification","valueRequired":true,"valueName":"search_term_string"}}],"inLanguage":"it-IT"}]}},"_links":{"self":[{"href":"https:\/\/www.accuratereviews.com\/it\/wp-json\/wp\/v2\/pages\/11381","targetHints":{"allow":["GET"]}}],"collection":[{"href":"https:\/\/www.accuratereviews.com\/it\/wp-json\/wp\/v2\/pages"}],"about":[{"href":"https:\/\/www.accuratereviews.com\/it\/wp-json\/wp\/v2\/types\/page"}],"author":[{"embeddable":true,"href":"https:\/\/www.accuratereviews.com\/it\/wp-json\/wp\/v2\/users\/16"}],"replies":[{"embeddable":true,"href":"https:\/\/www.accuratereviews.com\/it\/wp-json\/wp\/v2\/comments?post=11381"}],"version-history":[{"count":15,"href":"https:\/\/www.accuratereviews.com\/it\/wp-json\/wp\/v2\/pages\/11381\/revisions"}],"predecessor-version":[{"id":13603,"href":"https:\/\/www.accuratereviews.com\/it\/wp-json\/wp\/v2\/pages\/11381\/revisions\/13603"}],"up":[{"embeddable":true,"href":"https:\/\/www.accuratereviews.com\/it\/wp-json\/wp\/v2\/pages\/11357"}],"wp:attachment":[{"href":"https:\/\/www.accuratereviews.com\/it\/wp-json\/wp\/v2\/media?parent=11381"}],"wp:term":[{"taxonomy":"category","embeddable":true,"href":"https:\/\/www.accuratereviews.com\/it\/wp-json\/wp\/v2\/categories?post=11381"},{"taxonomy":"post_tag","embeddable":true,"href":"https:\/\/www.accuratereviews.com\/it\/wp-json\/wp\/v2\/tags?post=11381"},{"taxonomy":"features","embeddable":true,"href":"https:\/\/www.accuratereviews.com\/it\/wp-json\/wp\/v2\/features?post=11381"}],"curies":[{"name":"wp","href":"https:\/\/api.w.org\/{rel}","templated":true}]}}