{"id":11455,"date":"2019-02-26T15:57:03","date_gmt":"2019-02-26T15:57:03","guid":{"rendered":"https:\/\/www.accuratereviews.com\/?page_id=11455"},"modified":"2021-04-29T13:28:42","modified_gmt":"2021-04-29T13:28:42","slug":"hitfilm-pro-recensione","status":"publish","type":"page","link":"https:\/\/www.accuratereviews.com\/it\/video-editing-lista-software\/hitfilm-pro-recensione\/","title":{"rendered":"HitFilm Pro"},"content":{"rendered":"<p class=\"tw-data-text tw-ta tw-text-small\" dir=\"ltr\" data-placeholder=\"Traduzione\"><span lang=\"it\" tabindex=\"0\">HitFilm Pro \u00e8 un\u00a0<strong>software di<\/strong> <strong>editing video<\/strong> che ti permette\u00a0<strong>tagliare e modificare un video<\/strong>\u00a0in modo semplice e veloce, proprio come un vero <strong>filmaker<\/strong>! La novit\u00e0 che sicuramente potr\u00e0 affascinarti \u00e8 che questo <strong>strumento avanzato di editing video\u00a0<\/strong>ti consente di mantenere un&#8217;ottima risoluzione video infatti, a seconda della potenza del tuo computer, supporta fino a <strong>8K<\/strong> di video. Questo <strong>video editor<\/strong> offre moltissimi effetti speciali, un vero e proprio <strong>kit di strumenti VFX<\/strong> che include strumenti di correzione del colore, animazioni personalizzate, possibilit\u00e0 di importare modelli 3D e di visualizzazione a 360 gradi.<\/span><\/p>\n<p dir=\"ltr\" data-placeholder=\"Traduzione\">HitFilm Pro \u00e8 senza dubbio uno dei <strong>migliori programmi per creare video professionali<\/strong> utilizzando oltre 800 effetti, moltissimi strumenti di animazione, didascalie, testi in rilievo 3D e moltissimo altro! E&#8217; ottimo per i <strong>videomakers<\/strong> che vogliono trasformare i propri video in perfetti film in stile hollywoodiano!<\/p>\n<h2 dir=\"ltr\" data-placeholder=\"Traduzione\">COME EDITARE UN VIDEO CON HITFILM PRO- TUTORIAL<\/h2>\n<p>Diamo uno sguardo a questo tutorial che ci permetter\u00e0 di comprendere <strong>come funziona HitFilm Pro<\/strong>:<\/p>\n<div id=\"fluid-wrapper-counter-1\" class=\"g1-fluid-wrapper \" style=\"width:686px;\"><div style=\"padding-bottom:56.268221574344%;\"><iframe loading=\"lazy\" title=\"Come tagliare un video con HitFIlm Pro\" width=\"686\" height=\"386\" src=\"https:\/\/www.youtube.com\/embed\/4kUXz7KADA8?feature=oembed&amp;wmode=transparent&amp;autohide=1&amp;autoplay=0&amp;disablekb=0&amp;fs=1&amp;loop=0&amp;enablejsapi=1&amp;rel=0&amp;controls=2&amp;showinfo=0&amp;wmode=transparent&amp;autohide=2&amp;autoplay=0&amp;disablekb=0&amp;fs=1&amp;loop=0&amp;enablejsapi=1&amp;rel=0&amp;controls=2&amp;showinfo=1\" frameborder=\"0\" allow=\"accelerometer; autoplay; clipboard-write; encrypted-media; gyroscope; picture-in-picture\" allowfullscreen><\/iframe><\/div><\/div>\n<p>&nbsp;<\/p>\n<h3>HitFilm Pro &#8211; CARATTERISTICHE<\/h3>\n<p>Guardiamo adesso le migliori caratteristiche di quest&#8217;incredibile <strong>video maker<\/strong>:<\/p>\n<ul>\n<li><strong>Ottima risoluzione video<\/strong>: supporta fino a 8k di video<\/li>\n<li><strong>Testo 3D<\/strong>: HitFilm Pro \u00e8 uno dei pochi software di editing video che si avvale della dimensione 3D;<\/li>\n<li><strong>Effetti visivi<\/strong>: mette a tua disposizione oltre 800 effetti visivi (luci, ombre, rilievo, mappe ambientali ecc.);<\/li>\n<li><strong>Raytracing:\u00a0<\/strong>puoi utilizzare questo effetto che ti consente di calcolare il percorso fatto dalla luce, attraverso il contatto con le superfici su cui riflette;<\/li>\n<li><strong>Visualizzazione a 360 gradi<\/strong>;<\/li>\n<li><strong>Didascalie nell&#8217;editor<\/strong>: puoi aggiungere e personalizzare i testi al tuo video per renderlo ancora pi\u00f9 strepitoso;<\/li>\n<li><strong>Movimento 2D avanzato<\/strong>: utile per creare animazioni di testo d&#8217;effetto;<\/li>\n<li><strong>Utilizzo modelli 3D<\/strong>: possibilit\u00e0 di importare modelli 3D;<\/li>\n<li><strong>Supporto e tutorial gratuiti<\/strong>: a tua disposizione non solo il manuale di riferimento, ma anche video tutorial dimostrativi, forum della community online\u00a0e un supporto clienti davvero disponibile;<\/li>\n<li><strong>Chroma Key: <\/strong>possibilit\u00e0 di utilizzare il Chroma Key per applicare il greenscreen;<\/li>\n<li><strong>OpenFX<\/strong>: supporta i plugin OpenFX.<\/li>\n<\/ul>\n<p>&nbsp;<\/p>\n","protected":false},"excerpt":{"rendered":"<p>HitFilm Pro \u00e8 un\u00a0software di editing video che ti permette\u00a0tagliare e modificare un video\u00a0in modo semplice e veloce, proprio come un vero filmaker!  Ti consente di mantenere un&#8217;ottima risoluzione video infatti, a seconda della potenza del tuo computer, supporta fino a 8K di video.<\/p>\n","protected":false},"author":17,"featured_media":0,"parent":7571,"menu_order":0,"comment_status":"open","ping_status":"closed","template":"g1_template_page_review_new.php","meta":{"_acf_changed":false,"cwp_meta_box_check":"Yes","cwp_rev_product_name":"","cwp_rev_product_image":"","wppr_links":[],"cwp_rev_price":"","wppr_options":[],"wppr_pros":[],"wppr_cons":[],"_monsterinsights_skip_tracking":false,"_monsterinsights_sitenote_active":false,"_monsterinsights_sitenote_note":"","_monsterinsights_sitenote_category":0,"footnotes":""},"categories":[169],"tags":[297,294,213,239,291,202,217],"features":[],"class_list":{"0":"post-11455","1":"page","2":"type-page","3":"status-publish","5":"category-video-editing-software-it","6":"tag-filmaker","7":"tag-migliori-software-editing-video","8":"tag-modificare-un-video","9":"tag-montaggio-video","10":"tag-software-editing-video-it","11":"tag-video-editing","12":"tag-video-maker"},"wppr_data":{"cwp_meta_box_check":"Yes","cwp_rev_product_name":"","cwp_rev_product_image":"","cwp_image_link":"image","cwp_rev_price":"","wppr_rating":"0.00"},"acf":[],"yoast_head":"<!-- This site is optimized with the Yoast SEO plugin v27.4 - https:\/\/yoast.com\/product\/yoast-seo-wordpress\/ -->\n<title>HitFilm Pro: recensione videoe editor- Accurate Reviews<\/title>\n<meta name=\"description\" content=\"HitFilm Pro: recensione del software di editing video che ti permette\u00a0tagliare e modificare un video in modo semplice e veloce come un vero filmaker.\" \/>\n<meta name=\"robots\" content=\"index, follow, max-snippet:-1, max-image-preview:large, max-video-preview:-1\" \/>\n<link rel=\"canonical\" href=\"https:\/\/www.accuratereviews.com\/it\/video-editing-lista-software\/hitfilm-pro-recensione\/\" \/>\n<meta property=\"og:locale\" content=\"it_IT\" \/>\n<meta property=\"og:type\" content=\"article\" \/>\n<meta property=\"og:title\" content=\"HitFilm Pro: recensione videoe editor- Accurate Reviews\" \/>\n<meta property=\"og:description\" content=\"HitFilm Pro: recensione del software di editing video che ti permette\u00a0tagliare e modificare un video in modo semplice e veloce come un vero filmaker.\" \/>\n<meta property=\"og:url\" content=\"https:\/\/www.accuratereviews.com\/it\/video-editing-lista-software\/hitfilm-pro-recensione\/\" \/>\n<meta property=\"og:site_name\" content=\"Accurate Reviews\" \/>\n<meta property=\"article:modified_time\" content=\"2021-04-29T13:28:42+00:00\" \/>\n<meta name=\"twitter:card\" content=\"summary_large_image\" \/>\n<meta name=\"twitter:label1\" content=\"Tempo di lettura stimato\" \/>\n\t<meta name=\"twitter:data1\" content=\"2 minuti\" \/>\n<script type=\"application\/ld+json\" class=\"yoast-schema-graph\">{\"@context\":\"https:\\\/\\\/schema.org\",\"@graph\":[{\"@type\":\"WebPage\",\"@id\":\"https:\\\/\\\/www.accuratereviews.com\\\/it\\\/video-editing-lista-software\\\/hitfilm-pro-recensione\\\/\",\"url\":\"https:\\\/\\\/www.accuratereviews.com\\\/it\\\/video-editing-lista-software\\\/hitfilm-pro-recensione\\\/\",\"name\":\"HitFilm Pro: recensione videoe editor- Accurate Reviews\",\"isPartOf\":{\"@id\":\"https:\\\/\\\/www.accuratereviews.com\\\/it\\\/#website\"},\"datePublished\":\"2019-02-26T15:57:03+00:00\",\"dateModified\":\"2021-04-29T13:28:42+00:00\",\"description\":\"HitFilm Pro: recensione del software di editing video che ti permette\u00a0tagliare e modificare un video in modo semplice e veloce come un vero filmaker.\",\"breadcrumb\":{\"@id\":\"https:\\\/\\\/www.accuratereviews.com\\\/it\\\/video-editing-lista-software\\\/hitfilm-pro-recensione\\\/#breadcrumb\"},\"inLanguage\":\"it-IT\",\"potentialAction\":[{\"@type\":\"ReadAction\",\"target\":[\"https:\\\/\\\/www.accuratereviews.com\\\/it\\\/video-editing-lista-software\\\/hitfilm-pro-recensione\\\/\"]}]},{\"@type\":\"BreadcrumbList\",\"@id\":\"https:\\\/\\\/www.accuratereviews.com\\\/it\\\/video-editing-lista-software\\\/hitfilm-pro-recensione\\\/#breadcrumb\",\"itemListElement\":[{\"@type\":\"ListItem\",\"position\":1,\"name\":\"Home\",\"item\":\"https:\\\/\\\/www.accuratereviews.com\\\/it\\\/\"},{\"@type\":\"ListItem\",\"position\":2,\"name\":\"Software per il video editing\",\"item\":\"https:\\\/\\\/www.accuratereviews.com\\\/it\\\/video-editing-lista-software\\\/\"},{\"@type\":\"ListItem\",\"position\":3,\"name\":\"HitFilm Pro\"}]},{\"@type\":\"WebSite\",\"@id\":\"https:\\\/\\\/www.accuratereviews.com\\\/it\\\/#website\",\"url\":\"https:\\\/\\\/www.accuratereviews.com\\\/it\\\/\",\"name\":\"Accurate Reviews\",\"description\":\"\",\"potentialAction\":[{\"@type\":\"SearchAction\",\"target\":{\"@type\":\"EntryPoint\",\"urlTemplate\":\"https:\\\/\\\/www.accuratereviews.com\\\/it\\\/?s={search_term_string}\"},\"query-input\":{\"@type\":\"PropertyValueSpecification\",\"valueRequired\":true,\"valueName\":\"search_term_string\"}}],\"inLanguage\":\"it-IT\"}]}<\/script>\n<!-- \/ Yoast SEO plugin. -->","yoast_head_json":{"title":"HitFilm Pro: recensione videoe editor- Accurate Reviews","description":"HitFilm Pro: recensione del software di editing video che ti permette\u00a0tagliare e modificare un video in modo semplice e veloce come un vero filmaker.","robots":{"index":"index","follow":"follow","max-snippet":"max-snippet:-1","max-image-preview":"max-image-preview:large","max-video-preview":"max-video-preview:-1"},"canonical":"https:\/\/www.accuratereviews.com\/it\/video-editing-lista-software\/hitfilm-pro-recensione\/","og_locale":"it_IT","og_type":"article","og_title":"HitFilm Pro: recensione videoe editor- Accurate Reviews","og_description":"HitFilm Pro: recensione del software di editing video che ti permette\u00a0tagliare e modificare un video in modo semplice e veloce come un vero filmaker.","og_url":"https:\/\/www.accuratereviews.com\/it\/video-editing-lista-software\/hitfilm-pro-recensione\/","og_site_name":"Accurate Reviews","article_modified_time":"2021-04-29T13:28:42+00:00","twitter_card":"summary_large_image","twitter_misc":{"Tempo di lettura stimato":"2 minuti"},"schema":{"@context":"https:\/\/schema.org","@graph":[{"@type":"WebPage","@id":"https:\/\/www.accuratereviews.com\/it\/video-editing-lista-software\/hitfilm-pro-recensione\/","url":"https:\/\/www.accuratereviews.com\/it\/video-editing-lista-software\/hitfilm-pro-recensione\/","name":"HitFilm Pro: recensione videoe editor- Accurate Reviews","isPartOf":{"@id":"https:\/\/www.accuratereviews.com\/it\/#website"},"datePublished":"2019-02-26T15:57:03+00:00","dateModified":"2021-04-29T13:28:42+00:00","description":"HitFilm Pro: recensione del software di editing video che ti permette\u00a0tagliare e modificare un video in modo semplice e veloce come un vero filmaker.","breadcrumb":{"@id":"https:\/\/www.accuratereviews.com\/it\/video-editing-lista-software\/hitfilm-pro-recensione\/#breadcrumb"},"inLanguage":"it-IT","potentialAction":[{"@type":"ReadAction","target":["https:\/\/www.accuratereviews.com\/it\/video-editing-lista-software\/hitfilm-pro-recensione\/"]}]},{"@type":"BreadcrumbList","@id":"https:\/\/www.accuratereviews.com\/it\/video-editing-lista-software\/hitfilm-pro-recensione\/#breadcrumb","itemListElement":[{"@type":"ListItem","position":1,"name":"Home","item":"https:\/\/www.accuratereviews.com\/it\/"},{"@type":"ListItem","position":2,"name":"Software per il video editing","item":"https:\/\/www.accuratereviews.com\/it\/video-editing-lista-software\/"},{"@type":"ListItem","position":3,"name":"HitFilm Pro"}]},{"@type":"WebSite","@id":"https:\/\/www.accuratereviews.com\/it\/#website","url":"https:\/\/www.accuratereviews.com\/it\/","name":"Accurate Reviews","description":"","potentialAction":[{"@type":"SearchAction","target":{"@type":"EntryPoint","urlTemplate":"https:\/\/www.accuratereviews.com\/it\/?s={search_term_string}"},"query-input":{"@type":"PropertyValueSpecification","valueRequired":true,"valueName":"search_term_string"}}],"inLanguage":"it-IT"}]}},"_links":{"self":[{"href":"https:\/\/www.accuratereviews.com\/it\/wp-json\/wp\/v2\/pages\/11455","targetHints":{"allow":["GET"]}}],"collection":[{"href":"https:\/\/www.accuratereviews.com\/it\/wp-json\/wp\/v2\/pages"}],"about":[{"href":"https:\/\/www.accuratereviews.com\/it\/wp-json\/wp\/v2\/types\/page"}],"author":[{"embeddable":true,"href":"https:\/\/www.accuratereviews.com\/it\/wp-json\/wp\/v2\/users\/17"}],"replies":[{"embeddable":true,"href":"https:\/\/www.accuratereviews.com\/it\/wp-json\/wp\/v2\/comments?post=11455"}],"version-history":[{"count":15,"href":"https:\/\/www.accuratereviews.com\/it\/wp-json\/wp\/v2\/pages\/11455\/revisions"}],"predecessor-version":[{"id":41398,"href":"https:\/\/www.accuratereviews.com\/it\/wp-json\/wp\/v2\/pages\/11455\/revisions\/41398"}],"up":[{"embeddable":true,"href":"https:\/\/www.accuratereviews.com\/it\/wp-json\/wp\/v2\/pages\/7571"}],"wp:attachment":[{"href":"https:\/\/www.accuratereviews.com\/it\/wp-json\/wp\/v2\/media?parent=11455"}],"wp:term":[{"taxonomy":"category","embeddable":true,"href":"https:\/\/www.accuratereviews.com\/it\/wp-json\/wp\/v2\/categories?post=11455"},{"taxonomy":"post_tag","embeddable":true,"href":"https:\/\/www.accuratereviews.com\/it\/wp-json\/wp\/v2\/tags?post=11455"},{"taxonomy":"features","embeddable":true,"href":"https:\/\/www.accuratereviews.com\/it\/wp-json\/wp\/v2\/features?post=11455"}],"curies":[{"name":"wp","href":"https:\/\/api.w.org\/{rel}","templated":true}]}}