{"id":11513,"date":"2019-02-27T13:01:47","date_gmt":"2019-02-27T13:01:47","guid":{"rendered":"https:\/\/www.accuratereviews.com\/?page_id=11513"},"modified":"2023-01-25T10:10:08","modified_gmt":"2023-01-25T10:10:08","slug":"cyberlink-powerdirector-recensione","status":"publish","type":"page","link":"https:\/\/www.accuratereviews.com\/it\/video-editing-lista-software\/cyberlink-powerdirector-recensione\/","title":{"rendered":"Cyberlink PowerDirector"},"content":{"rendered":"<p><strong>Cyberlink PowerDirector<\/strong>\u00a0\u00e8 uno dei <strong>migliori software di video editing<\/strong>, utile per modificare e <strong>creare video<\/strong> davvero eccezionali ed \u00e8 indicato sia per esperti che per principianti. Puoi aggiungere transizioni, inserire titoli, applicare filtri ed effetti video realizzando un video in modo semplice e veloce. Mette inoltre a tua disposizione tre modalit\u00e0 di utilizzo: il <em>Full Feature Editor<\/em>, che ti offre una serie di strumenti di <strong>editing video professionale<\/strong> per creare video in stile hollywoodiano; l&#8217;<strong>Auto Mode<\/strong>, utile per chi \u00e8 meno esperto ma che, con la procedura guidata Magic Movie, riesce comunque ad ottenere buoni risultati ed infine l&#8217;<em>Express Projects<\/em>, ancora pi\u00f9 intuitivo e davvero consigliato per i principianti che vogliono acquisire maggiori competenze di <strong>video making<\/strong>.<\/p>\n<h2>EDITARE VIDEO CON CYBERLINK POWERDIRECTOR &#8211; TUTORIAL<\/h2>\n<p>Diamo uno sguardo al tutorial che ci insegner\u00e0 come utilizzare al meglio questo <strong>video editor<\/strong>:<\/p>\n<div id=\"fluid-wrapper-counter-1\" class=\"g1-fluid-wrapper \" style=\"width:686px;\"><div style=\"padding-bottom:56.268221574344%;\"><iframe loading=\"lazy\" title=\"TUTORIAL POWERDIRECTOR 2018 - COMPLETO(ITA)\/LOR3N1\" width=\"686\" height=\"386\" src=\"https:\/\/www.youtube.com\/embed\/lhtTIXg2ND8?feature=oembed&amp;wmode=transparent&amp;autohide=1&amp;autoplay=0&amp;disablekb=0&amp;fs=1&amp;loop=0&amp;enablejsapi=1&amp;rel=0&amp;controls=2&amp;showinfo=0&amp;wmode=transparent&amp;autohide=2&amp;autoplay=0&amp;disablekb=0&amp;fs=1&amp;loop=0&amp;enablejsapi=1&amp;rel=0&amp;controls=2&amp;showinfo=1\" frameborder=\"0\" allow=\"accelerometer; autoplay; clipboard-write; encrypted-media; gyroscope; picture-in-picture; web-share\" allowfullscreen><\/iframe><\/div><\/div>\n<h3><\/h3>\n<h3>CYBERLINK POWERDIRECTOR &#8211; CARATTERISTICHE<\/h3>\n<p>Dopo aver appreso come modificare un video con Cyberlink PowerDirector, cerchiamo di farci un&#8217;idea per quanto riguarda le sue migliori caratteristiche:<\/p>\n<ul>\n<li><strong>Ampia libreria di effetti video<\/strong>: puoi scegliere tra oltre 500 effetti e transizioni di qualsiasi tipo;<\/li>\n<li><strong>Chroma Key<\/strong>: puoi utilizzare lo schermo verde, che risulta davvero funzionale;<\/li>\n<li><strong>Stabilizzatore video<\/strong>: con questo strumento finalmente potrai sistemare ed adattare i video &#8220;tremolanti&#8221;;<\/li>\n<li><strong>Registrazione schermo<\/strong>;<\/li>\n<li><strong>Editing di precisione<\/strong>: attraverso la tecnologia True Theatre, potrai ottenere degli ottimi video dallo stile hollywoodiano;<\/li>\n<li><strong>Correzione colore<\/strong>: un&#8217;altra funzionalit\u00e0 di True Theatre \u00e8 quella della regolazione dei colori, che risulta essere efficace e molto professionale;<\/li>\n<li><strong>Modalit\u00e0 di visualizzazione 3D<\/strong>;<\/li>\n<li><strong>Buona qualit\u00e0 risoluzione video<\/strong>: fino a 4K ultra-HD;<\/li>\n<li><strong>Visualizzazione video a 360 gradi<\/strong>;<\/li>\n<li><strong>Funzionalit\u00e0 multi-cam<\/strong>: particolarmente utile per chi registra video su diversi dispositivi.<\/li>\n<\/ul>\n<h4>LE RECENSIONI DEGLI UTENTI<\/h4>\n<p><strong>Roger&#8221;Un utile strumento di modifica&#8221;<\/strong><br \/>\n<strong>Commenti<\/strong>: Mi ha permesso di eseguire la sincronizzazione multicamera in modo ragionevolmente semplice.<br \/>\n<strong>Pro<\/strong>: Curva di apprendimento facile. Prezzi ragionevoli e un buon rapporto qualit\u00e0\/prezzo<br \/>\n<strong>Contro<\/strong>: Troppe funzionalit\u00e0 per i produttori di home video. Lo schermo verde (chroma key) \u00e8 scadente. Camtasia \u00e8 superiore qui.<\/p>\n<p><strong>Redley&#8221;Recensione generale di PowerDirector&#8221;<\/strong><br \/>\n<strong>Commenti<\/strong>: PowerDirector \u00e8 un&#8217;opzione meravigliosa per le persone che cercano un programma di editing video a prezzi ragionevoli e facile da usare, ma potrebbe non essere la scelta migliore per le persone che desiderano funzionalit\u00e0 pi\u00f9 sofisticate o che sono appena agli inizi con l&#8217;editing video.<br \/>\n<strong>Pro<\/strong>: \u00c8 facile da usare: PowerDirector ha un&#8217;interfaccia intuitiva che semplifica la navigazione, anche per chi non ha molta esperienza tecnica. \u00c8 ricco di funzionalit\u00e0: PowerDirector ha una variet\u00e0 di funzioni come la correzione del colore, la grafica animata e la stabilizzazione video che ti consentono per realizzare video dall&#8217;aspetto professionale. \u00c8 conveniente: PowerDirector \u00e8 meno costoso di altri software di editing video, il che lo rende una buona scelta per gli utenti attenti al budget. \u00c8 compatibile: PowerDirector funziona con i formati di file video pi\u00f9 comuni, quindi puoi importare e modificare video da qualsiasi fonte.<br \/>\n<strong>Contro<\/strong>: Pu\u00f2 essere un po&#8217; lento: PowerDirector pu\u00f2 essere lento nel renderizzare i video, soprattutto se si lavora con file di grandi dimensioni. Poche opzioni: PowerDirector non ha tante funzionalit\u00e0 avanzate come altri software di editing video. La curva di apprendimento &#8211; PowerDirector ha un po&#8217; di curva di apprendimento, specialmente per coloro che sono nuovi nell&#8217;editing video.<\/p>\n<p><strong>Andre&#8221;Software di editing video facile da usare&#8221;<\/strong><br \/>\n<strong>Pro<\/strong>: Molto facile da imparare e da usare. Puoi anche modificare molto rapidamente.<br \/>\n<strong>Contro<\/strong>: Non pu\u00f2 davvero essere utilizzato per l&#8217;editing professionale in quanto non supporta video a 10 bit. Inoltre non ci sono molte opzioni per transizioni ed effetti.<\/p>\n","protected":false},"excerpt":{"rendered":"<p>Cyberlink Power Director\u00a0\u00e8 uno dei migliori software di video editing, utile per modificare e creare video davvero eccezionali ed \u00e8 indicato sia per esperti che per principianti. Puoi aggiungere transizioni, inserire titoli, applicare filtri ed effetti video realizzando un video in modo semplice e veloce. <\/p>\n","protected":false},"author":17,"featured_media":0,"parent":7571,"menu_order":0,"comment_status":"open","ping_status":"closed","template":"g1_template_page_review_new.php","meta":{"_acf_changed":false,"cwp_meta_box_check":"Yes","cwp_rev_product_name":"","cwp_rev_product_image":"","wppr_links":[],"cwp_rev_price":"","wppr_options":[{"name":"Usability","value":"0"},{"name":"Speed","value":"0"},{"name":"Features","value":"0"},{"name":"Support","value":"0"},{"name":"Pricing","value":"0"}],"wppr_pros":["","","","",""],"wppr_cons":["","","","",""],"_monsterinsights_skip_tracking":false,"_monsterinsights_sitenote_active":false,"_monsterinsights_sitenote_note":"","_monsterinsights_sitenote_category":0,"footnotes":""},"categories":[169],"tags":[225,250,3342,1244,228,1273,202,201,306,219],"features":[],"class_list":{"0":"post-11513","1":"page","2":"type-page","3":"status-publish","5":"category-video-editing-software-it","6":"tag-editing-video","7":"tag-modificare-video-it","8":"tag-piattaforma-video-editing","9":"tag-programma-video-editing","10":"tag-software-video-editing","11":"tag-soluzione-video-editing","12":"tag-video-editing","13":"tag-video-editor","14":"tag-video-makers","15":"tag-video-making"},"wppr_data":{"cwp_meta_box_check":"Yes","cwp_rev_product_name":"","_wppr_review_template":"default","cwp_rev_product_image":"","cwp_image_link":"image","wppr_links":[],"cwp_rev_price":"","wppr_pros":["","","","",""],"wppr_cons":["","","","",""],"wppr_rating":"0.00","wppr_options":{"1":{"name":"Usability","value":"0"},"2":{"name":"Speed","value":"0"},"3":{"name":"Features","value":"0"},"4":{"name":"Support","value":"0"},"5":{"name":"Pricing","value":"0"}},"wppr_review_type":"Product","wppr_review_custom_fields":{"additionalProperty":"","additionalType":"","aggregateRating":"","alternateName":"","audience":"","award":"","awards":"","brand":"","color":"","depth":"","description":"","disambiguatingDescription":"","gtin12":"","gtin13":"","gtin14":"","gtin8":"","height":"","identifier":"","image":"","isAccessoryOrSparePartFor":"","isConsumableFor":"","isRelatedTo":"","isSimilarTo":"","itemCondition":"","logo":"","mainEntityOfPage":"","manufacturer":"","material":"","model":"","mpn":"","name":"","offers":"","potentialAction":"","productID":"","productionDate":"","purchaseDate":"","releaseDate":"","review":"","reviews":"","sameAs":"","sku":"","slogan":"","subjectOf":"","url":"","weight":"","width":""}},"acf":[],"yoast_head":"<!-- This site is optimized with the Yoast SEO plugin v27.4 - https:\/\/yoast.com\/product\/yoast-seo-wordpress\/ -->\n<title>Cyberlink PowerDirector Recensione - Accurate Reviews<\/title>\n<meta name=\"description\" content=\"Cyberlink PowerDirector: recensione\u00a0di uno dei migliori software di video editing, utile per modificare e creare video davvero eccezionali.\" \/>\n<meta name=\"robots\" content=\"index, follow, max-snippet:-1, max-image-preview:large, max-video-preview:-1\" \/>\n<link rel=\"canonical\" href=\"https:\/\/www.accuratereviews.com\/it\/video-editing-lista-software\/cyberlink-powerdirector-recensione\/\" \/>\n<meta property=\"og:locale\" content=\"it_IT\" \/>\n<meta property=\"og:type\" content=\"article\" \/>\n<meta property=\"og:title\" content=\"Cyberlink PowerDirector Recensione - Accurate Reviews\" \/>\n<meta property=\"og:description\" content=\"Cyberlink PowerDirector: recensione\u00a0di uno dei migliori software di video editing, utile per modificare e creare video davvero eccezionali.\" \/>\n<meta property=\"og:url\" content=\"https:\/\/www.accuratereviews.com\/it\/video-editing-lista-software\/cyberlink-powerdirector-recensione\/\" \/>\n<meta property=\"og:site_name\" content=\"Accurate Reviews\" \/>\n<meta property=\"article:modified_time\" content=\"2023-01-25T10:10:08+00:00\" \/>\n<meta name=\"twitter:card\" content=\"summary_large_image\" \/>\n<meta name=\"twitter:label1\" content=\"Tempo di lettura stimato\" \/>\n\t<meta name=\"twitter:data1\" content=\"4 minuti\" \/>\n<script type=\"application\/ld+json\" class=\"yoast-schema-graph\">{\"@context\":\"https:\\\/\\\/schema.org\",\"@graph\":[{\"@type\":\"WebPage\",\"@id\":\"https:\\\/\\\/www.accuratereviews.com\\\/it\\\/video-editing-lista-software\\\/cyberlink-powerdirector-recensione\\\/\",\"url\":\"https:\\\/\\\/www.accuratereviews.com\\\/it\\\/video-editing-lista-software\\\/cyberlink-powerdirector-recensione\\\/\",\"name\":\"Cyberlink PowerDirector Recensione - Accurate Reviews\",\"isPartOf\":{\"@id\":\"https:\\\/\\\/www.accuratereviews.com\\\/it\\\/#website\"},\"datePublished\":\"2019-02-27T13:01:47+00:00\",\"dateModified\":\"2023-01-25T10:10:08+00:00\",\"description\":\"Cyberlink PowerDirector: recensione\u00a0di uno dei migliori software di video editing, utile per modificare e creare video davvero eccezionali.\",\"breadcrumb\":{\"@id\":\"https:\\\/\\\/www.accuratereviews.com\\\/it\\\/video-editing-lista-software\\\/cyberlink-powerdirector-recensione\\\/#breadcrumb\"},\"inLanguage\":\"it-IT\",\"potentialAction\":[{\"@type\":\"ReadAction\",\"target\":[\"https:\\\/\\\/www.accuratereviews.com\\\/it\\\/video-editing-lista-software\\\/cyberlink-powerdirector-recensione\\\/\"]}]},{\"@type\":\"BreadcrumbList\",\"@id\":\"https:\\\/\\\/www.accuratereviews.com\\\/it\\\/video-editing-lista-software\\\/cyberlink-powerdirector-recensione\\\/#breadcrumb\",\"itemListElement\":[{\"@type\":\"ListItem\",\"position\":1,\"name\":\"Home\",\"item\":\"https:\\\/\\\/www.accuratereviews.com\\\/it\\\/\"},{\"@type\":\"ListItem\",\"position\":2,\"name\":\"Software per il video editing\",\"item\":\"https:\\\/\\\/www.accuratereviews.com\\\/it\\\/video-editing-lista-software\\\/\"},{\"@type\":\"ListItem\",\"position\":3,\"name\":\"Cyberlink PowerDirector\"}]},{\"@type\":\"WebSite\",\"@id\":\"https:\\\/\\\/www.accuratereviews.com\\\/it\\\/#website\",\"url\":\"https:\\\/\\\/www.accuratereviews.com\\\/it\\\/\",\"name\":\"Accurate Reviews\",\"description\":\"\",\"potentialAction\":[{\"@type\":\"SearchAction\",\"target\":{\"@type\":\"EntryPoint\",\"urlTemplate\":\"https:\\\/\\\/www.accuratereviews.com\\\/it\\\/?s={search_term_string}\"},\"query-input\":{\"@type\":\"PropertyValueSpecification\",\"valueRequired\":true,\"valueName\":\"search_term_string\"}}],\"inLanguage\":\"it-IT\"}]}<\/script>\n<!-- \/ Yoast SEO plugin. -->","yoast_head_json":{"title":"Cyberlink PowerDirector Recensione - Accurate Reviews","description":"Cyberlink PowerDirector: recensione\u00a0di uno dei migliori software di video editing, utile per modificare e creare video davvero eccezionali.","robots":{"index":"index","follow":"follow","max-snippet":"max-snippet:-1","max-image-preview":"max-image-preview:large","max-video-preview":"max-video-preview:-1"},"canonical":"https:\/\/www.accuratereviews.com\/it\/video-editing-lista-software\/cyberlink-powerdirector-recensione\/","og_locale":"it_IT","og_type":"article","og_title":"Cyberlink PowerDirector Recensione - Accurate Reviews","og_description":"Cyberlink PowerDirector: recensione\u00a0di uno dei migliori software di video editing, utile per modificare e creare video davvero eccezionali.","og_url":"https:\/\/www.accuratereviews.com\/it\/video-editing-lista-software\/cyberlink-powerdirector-recensione\/","og_site_name":"Accurate Reviews","article_modified_time":"2023-01-25T10:10:08+00:00","twitter_card":"summary_large_image","twitter_misc":{"Tempo di lettura stimato":"4 minuti"},"schema":{"@context":"https:\/\/schema.org","@graph":[{"@type":"WebPage","@id":"https:\/\/www.accuratereviews.com\/it\/video-editing-lista-software\/cyberlink-powerdirector-recensione\/","url":"https:\/\/www.accuratereviews.com\/it\/video-editing-lista-software\/cyberlink-powerdirector-recensione\/","name":"Cyberlink PowerDirector Recensione - Accurate Reviews","isPartOf":{"@id":"https:\/\/www.accuratereviews.com\/it\/#website"},"datePublished":"2019-02-27T13:01:47+00:00","dateModified":"2023-01-25T10:10:08+00:00","description":"Cyberlink PowerDirector: recensione\u00a0di uno dei migliori software di video editing, utile per modificare e creare video davvero eccezionali.","breadcrumb":{"@id":"https:\/\/www.accuratereviews.com\/it\/video-editing-lista-software\/cyberlink-powerdirector-recensione\/#breadcrumb"},"inLanguage":"it-IT","potentialAction":[{"@type":"ReadAction","target":["https:\/\/www.accuratereviews.com\/it\/video-editing-lista-software\/cyberlink-powerdirector-recensione\/"]}]},{"@type":"BreadcrumbList","@id":"https:\/\/www.accuratereviews.com\/it\/video-editing-lista-software\/cyberlink-powerdirector-recensione\/#breadcrumb","itemListElement":[{"@type":"ListItem","position":1,"name":"Home","item":"https:\/\/www.accuratereviews.com\/it\/"},{"@type":"ListItem","position":2,"name":"Software per il video editing","item":"https:\/\/www.accuratereviews.com\/it\/video-editing-lista-software\/"},{"@type":"ListItem","position":3,"name":"Cyberlink PowerDirector"}]},{"@type":"WebSite","@id":"https:\/\/www.accuratereviews.com\/it\/#website","url":"https:\/\/www.accuratereviews.com\/it\/","name":"Accurate Reviews","description":"","potentialAction":[{"@type":"SearchAction","target":{"@type":"EntryPoint","urlTemplate":"https:\/\/www.accuratereviews.com\/it\/?s={search_term_string}"},"query-input":{"@type":"PropertyValueSpecification","valueRequired":true,"valueName":"search_term_string"}}],"inLanguage":"it-IT"}]}},"_links":{"self":[{"href":"https:\/\/www.accuratereviews.com\/it\/wp-json\/wp\/v2\/pages\/11513","targetHints":{"allow":["GET"]}}],"collection":[{"href":"https:\/\/www.accuratereviews.com\/it\/wp-json\/wp\/v2\/pages"}],"about":[{"href":"https:\/\/www.accuratereviews.com\/it\/wp-json\/wp\/v2\/types\/page"}],"author":[{"embeddable":true,"href":"https:\/\/www.accuratereviews.com\/it\/wp-json\/wp\/v2\/users\/17"}],"replies":[{"embeddable":true,"href":"https:\/\/www.accuratereviews.com\/it\/wp-json\/wp\/v2\/comments?post=11513"}],"version-history":[{"count":12,"href":"https:\/\/www.accuratereviews.com\/it\/wp-json\/wp\/v2\/pages\/11513\/revisions"}],"predecessor-version":[{"id":66583,"href":"https:\/\/www.accuratereviews.com\/it\/wp-json\/wp\/v2\/pages\/11513\/revisions\/66583"}],"up":[{"embeddable":true,"href":"https:\/\/www.accuratereviews.com\/it\/wp-json\/wp\/v2\/pages\/7571"}],"wp:attachment":[{"href":"https:\/\/www.accuratereviews.com\/it\/wp-json\/wp\/v2\/media?parent=11513"}],"wp:term":[{"taxonomy":"category","embeddable":true,"href":"https:\/\/www.accuratereviews.com\/it\/wp-json\/wp\/v2\/categories?post=11513"},{"taxonomy":"post_tag","embeddable":true,"href":"https:\/\/www.accuratereviews.com\/it\/wp-json\/wp\/v2\/tags?post=11513"},{"taxonomy":"features","embeddable":true,"href":"https:\/\/www.accuratereviews.com\/it\/wp-json\/wp\/v2\/features?post=11513"}],"curies":[{"name":"wp","href":"https:\/\/api.w.org\/{rel}","templated":true}]}}