{"id":11647,"date":"2019-03-02T09:04:21","date_gmt":"2019-03-02T09:04:21","guid":{"rendered":"https:\/\/www.accuratereviews.com\/?page_id=11647"},"modified":"2023-01-23T13:43:47","modified_gmt":"2023-01-23T13:43:47","slug":"reviso-recensione","status":"publish","type":"page","link":"https:\/\/www.accuratereviews.com\/it\/software-contabilita-migliori-lista-software\/reviso-recensione\/","title":{"rendered":"Reviso"},"content":{"rendered":"<p><strong>Reviso<\/strong> \u00e8 un <strong>software di contabilit\u00e0\u00a0<\/strong>in Cloud, indicato principalmente per piccole e medie imprese alle prese con la <strong>gestione della contabilit\u00e0 e della fatturazione elettronica<\/strong>. Questo <strong>programma gestionale<\/strong> nasce con l&#8217;idea di migliorare la <strong>gestione dei conti<\/strong>, offrendo infatti strumenti all&#8217;avanguardia che ti permettono di tenere sotto controllo ogni movimento, tenendo conto di fatture, ordini, DDT, bilanci e molto altro. Con <strong>Reviso<\/strong> potrai finalmente condividere i dati in tempo reale con il tuo commercialista, <strong>creare preventivi e fatture online<\/strong> in modo semplice e veloce.<\/p>\n<p>Inoltre la comodit\u00e0 di questo <strong>servizio contabile online<\/strong> \u00e8 quella di consentire l&#8217;accesso anche da mobile cos\u00ec potrai controllare gli andamenti del tuo business direttamente dal tuo cellulare!<\/p>\n<h2>CONTABILIT\u00c0 ONLINE CON REVISO &#8211; TUTORIAL<\/h2>\n<p>Diamo un&#8217;occhiata a questo video per comprendere meglio cosa offre <strong>Reviso<\/strong>:<\/p>\n<div id=\"fluid-wrapper-counter-1\" class=\"g1-fluid-wrapper \" style=\"width:686px;\">\n<div style=\"padding-bottom:56.268221574344%;\"><iframe loading=\"lazy\" title=\"Fatturazione elettronica e contabilit\u00e0 con REVISO  il gestionale per PMI\" width=\"686\" height=\"386\" src=\"https:\/\/www.youtube.com\/embed\/I74GSUt1jbU?list=PL23mjAnkGOGb8ff1D5QiygnRJ9rWR7UFj\" frameborder=\"0\" allow=\"accelerometer; autoplay; clipboard-write; encrypted-media; gyroscope; picture-in-picture; web-share\" allowfullscreen><\/iframe><\/div>\n<\/div>\n<h3>REVISO &#8211; CARATTERISTICHE<\/h3>\n<p>Dopo aver visto<strong> come gestire la contabilit\u00e0 online\u00a0<\/strong>della tua azienda, diamo uno sguardo anche alle principali caratteristiche di questo software:<\/p>\n<div>\n<div>\n<ul>\n<li><strong>Fatturazione Elettronica<\/strong>: Reviso ti permette di creare, inviare e ricevere fatture elettroniche tramite SDI;<\/li>\n<li><strong>Gestione acquisti e vendite<\/strong>: con Reviso generi preventivi e fatture, organizzi ordini, DDT e molto altro;<\/li>\n<li><strong>Contabilit\u00e0<\/strong>: puoi monitorare il bilancio aziendale, registrare i movimenti, controllare i registri, l\u2019IVA ecc.;<\/li>\n<li><strong>Riconciliazione bancaria<\/strong>: con questo programma le tue operazioni saranno direttamente riconciliate con i movimenti bancari e potrai controllare il tuo saldo con un semplice click;<\/li>\n<li><strong>Gestione progetto<\/strong>: a tua disposizione l\u2019intera organizzazione del progetto, delle tipologie di attivit\u00e0, dei riposi ecc.;<\/li>\n<li><strong>Magazzino<\/strong>: Reviso ti consente di creare gli ordini e di gestire l\u2019organizzazione dell\u2019archivio del magazzino;<\/li>\n<li><strong>Multi azienda e multi utente<\/strong>: Reviso ti permette di gestire non solo un\u2019azienda, bens\u00ec pi\u00f9 aziende contemporaneamente con un unico account. Lo stesso account pu\u00f2 essere utilizzato da pi\u00f9 persone della stessa azienda;<\/li>\n<li><strong>Multi valuta<\/strong>: Reviso ti consente di generare preventivi e fatture anche in valuta estera;<\/li>\n<li><strong>Multi lingua<\/strong>: disponibile l\u2019accesso a diverse lingue.<\/li>\n<\/ul>\n<\/div>\n<\/div>\n<div>\n<div><\/div>\n<\/div>\n","protected":false},"excerpt":{"rendered":"<p>Reviso \u00e8 un software di contabilit\u00e0\u00a0in Cloud, indicato principalmente per piccole e medie imprese alle prese con la gestione della contabilit\u00e0 e della fatturazione elettronica. Questo programma nasce con l&#8217;idea di migliorare la gestione dei conti, offrendo infatti strumenti all&#8217;avanguardia che ti permettono di tenere sotto controllo ogni movimento, tenendo conto di fatture, ordini, DDT, bilanci e molto altro.<\/p>\n","protected":false},"author":17,"featured_media":66418,"parent":5495,"menu_order":0,"comment_status":"open","ping_status":"closed","template":"g1_template_page_review_new.php","meta":{"_acf_changed":false,"cwp_meta_box_check":"Yes","cwp_rev_product_name":"","cwp_rev_product_image":"","wppr_links":[],"cwp_rev_price":"","wppr_options":[{"name":"Usability","value":"0"},{"name":"Speed","value":"0"},{"name":"Features","value":"0"},{"name":"Support","value":"0"},{"name":"Pricing","value":"0"}],"wppr_pros":["","","","",""],"wppr_cons":["","","","",""],"_monsterinsights_skip_tracking":false,"_monsterinsights_sitenote_active":false,"_monsterinsights_sitenote_note":"","_monsterinsights_sitenote_category":0,"footnotes":""},"categories":[97,96],"tags":[317,190,316,318,315],"features":[],"class_list":{"0":"post-11647","1":"page","2":"type-page","3":"status-publish","4":"has-post-thumbnail","6":"category-accounting-services-it","7":"category-contabilita","8":"tag-contabilita-online","9":"tag-fatturazione-elettronica","10":"tag-programmi-contabilita","11":"tag-servizio-contabile-online","12":"tag-software-contabilita"},"wppr_data":{"cwp_meta_box_check":"Yes","cwp_rev_product_name":"","_wppr_review_template":"default","cwp_rev_product_image":"","cwp_image_link":"image","wppr_links":[],"cwp_rev_price":"","wppr_pros":["","","","",""],"wppr_cons":["","","","",""],"wppr_rating":"0.00","wppr_options":{"1":{"name":"Usability","value":"0"},"2":{"name":"Speed","value":"0"},"3":{"name":"Features","value":"0"},"4":{"name":"Support","value":"0"},"5":{"name":"Pricing","value":"0"}},"wppr_review_type":"Product","wppr_review_custom_fields":{"additionalProperty":"","additionalType":"","aggregateRating":"","alternateName":"","audience":"","award":"","awards":"","brand":"","color":"","depth":"","description":"","disambiguatingDescription":"","gtin12":"","gtin13":"","gtin14":"","gtin8":"","height":"","identifier":"","image":"","isAccessoryOrSparePartFor":"","isConsumableFor":"","isRelatedTo":"","isSimilarTo":"","itemCondition":"","logo":"","mainEntityOfPage":"","manufacturer":"","material":"","model":"","mpn":"","name":"","offers":"","potentialAction":"","productID":"","productionDate":"","purchaseDate":"","releaseDate":"","review":"","reviews":"","sameAs":"","sku":"","slogan":"","subjectOf":"","url":"","weight":"","width":""}},"acf":[],"yoast_head":"<!-- This site is optimized with the Yoast SEO plugin v27.4 - https:\/\/yoast.com\/product\/yoast-seo-wordpress\/ -->\n<title>Reviso: recensione software di contabilit\u00e0 - Accurate Reviews<\/title>\n<meta name=\"description\" content=\"Reviso: recensione del software di contabilit\u00e0\u00a0in Cloud, indicato per piccole e medie imprese alle prese con la gestione dei conti.\" \/>\n<meta name=\"robots\" content=\"index, follow, max-snippet:-1, max-image-preview:large, max-video-preview:-1\" \/>\n<link rel=\"canonical\" href=\"https:\/\/www.accuratereviews.com\/it\/software-contabilita-migliori-lista-software\/reviso-recensione\/\" \/>\n<meta property=\"og:locale\" content=\"it_IT\" \/>\n<meta property=\"og:type\" content=\"article\" \/>\n<meta property=\"og:title\" content=\"Reviso: recensione software di contabilit\u00e0 - Accurate Reviews\" \/>\n<meta property=\"og:description\" content=\"Reviso: recensione del software di contabilit\u00e0\u00a0in Cloud, indicato per piccole e medie imprese alle prese con la gestione dei conti.\" \/>\n<meta property=\"og:url\" content=\"https:\/\/www.accuratereviews.com\/it\/software-contabilita-migliori-lista-software\/reviso-recensione\/\" \/>\n<meta property=\"og:site_name\" content=\"Accurate Reviews\" \/>\n<meta property=\"article:modified_time\" content=\"2023-01-23T13:43:47+00:00\" \/>\n<meta property=\"og:image\" content=\"https:\/\/www.accuratereviews.com\/wp-content\/uploads\/2023\/01\/ts_reviso_logo_layers_cut-886x369-1.png\" \/>\n\t<meta property=\"og:image:width\" content=\"886\" \/>\n\t<meta property=\"og:image:height\" content=\"369\" \/>\n\t<meta property=\"og:image:type\" content=\"image\/png\" \/>\n<meta name=\"twitter:card\" content=\"summary_large_image\" \/>\n<meta name=\"twitter:label1\" content=\"Tempo di lettura stimato\" \/>\n\t<meta name=\"twitter:data1\" content=\"2 minuti\" \/>\n<script type=\"application\/ld+json\" class=\"yoast-schema-graph\">{\"@context\":\"https:\\\/\\\/schema.org\",\"@graph\":[{\"@type\":\"WebPage\",\"@id\":\"https:\\\/\\\/www.accuratereviews.com\\\/it\\\/software-contabilita-migliori-lista-software\\\/reviso-recensione\\\/\",\"url\":\"https:\\\/\\\/www.accuratereviews.com\\\/it\\\/software-contabilita-migliori-lista-software\\\/reviso-recensione\\\/\",\"name\":\"Reviso: recensione software di contabilit\u00e0 - Accurate Reviews\",\"isPartOf\":{\"@id\":\"https:\\\/\\\/www.accuratereviews.com\\\/it\\\/#website\"},\"primaryImageOfPage\":{\"@id\":\"https:\\\/\\\/www.accuratereviews.com\\\/it\\\/software-contabilita-migliori-lista-software\\\/reviso-recensione\\\/#primaryimage\"},\"image\":{\"@id\":\"https:\\\/\\\/www.accuratereviews.com\\\/it\\\/software-contabilita-migliori-lista-software\\\/reviso-recensione\\\/#primaryimage\"},\"thumbnailUrl\":\"https:\\\/\\\/www.accuratereviews.com\\\/wp-content\\\/uploads\\\/2023\\\/01\\\/ts_reviso_logo_layers_cut-886x369-1.png\",\"datePublished\":\"2019-03-02T09:04:21+00:00\",\"dateModified\":\"2023-01-23T13:43:47+00:00\",\"description\":\"Reviso: recensione del software di contabilit\u00e0\u00a0in Cloud, indicato per piccole e medie imprese alle prese con la gestione dei conti.\",\"breadcrumb\":{\"@id\":\"https:\\\/\\\/www.accuratereviews.com\\\/it\\\/software-contabilita-migliori-lista-software\\\/reviso-recensione\\\/#breadcrumb\"},\"inLanguage\":\"it-IT\",\"potentialAction\":[{\"@type\":\"ReadAction\",\"target\":[\"https:\\\/\\\/www.accuratereviews.com\\\/it\\\/software-contabilita-migliori-lista-software\\\/reviso-recensione\\\/\"]}]},{\"@type\":\"ImageObject\",\"inLanguage\":\"it-IT\",\"@id\":\"https:\\\/\\\/www.accuratereviews.com\\\/it\\\/software-contabilita-migliori-lista-software\\\/reviso-recensione\\\/#primaryimage\",\"url\":\"https:\\\/\\\/www.accuratereviews.com\\\/wp-content\\\/uploads\\\/2023\\\/01\\\/ts_reviso_logo_layers_cut-886x369-1.png\",\"contentUrl\":\"https:\\\/\\\/www.accuratereviews.com\\\/wp-content\\\/uploads\\\/2023\\\/01\\\/ts_reviso_logo_layers_cut-886x369-1.png\",\"width\":886,\"height\":369},{\"@type\":\"BreadcrumbList\",\"@id\":\"https:\\\/\\\/www.accuratereviews.com\\\/it\\\/software-contabilita-migliori-lista-software\\\/reviso-recensione\\\/#breadcrumb\",\"itemListElement\":[{\"@type\":\"ListItem\",\"position\":1,\"name\":\"Home\",\"item\":\"https:\\\/\\\/www.accuratereviews.com\\\/it\\\/\"},{\"@type\":\"ListItem\",\"position\":2,\"name\":\"I migliori software di contabilit\u00e0\",\"item\":\"https:\\\/\\\/www.accuratereviews.com\\\/it\\\/software-contabilita-migliori-lista-software\\\/\"},{\"@type\":\"ListItem\",\"position\":3,\"name\":\"Reviso\"}]},{\"@type\":\"WebSite\",\"@id\":\"https:\\\/\\\/www.accuratereviews.com\\\/it\\\/#website\",\"url\":\"https:\\\/\\\/www.accuratereviews.com\\\/it\\\/\",\"name\":\"Accurate Reviews\",\"description\":\"\",\"potentialAction\":[{\"@type\":\"SearchAction\",\"target\":{\"@type\":\"EntryPoint\",\"urlTemplate\":\"https:\\\/\\\/www.accuratereviews.com\\\/it\\\/?s={search_term_string}\"},\"query-input\":{\"@type\":\"PropertyValueSpecification\",\"valueRequired\":true,\"valueName\":\"search_term_string\"}}],\"inLanguage\":\"it-IT\"}]}<\/script>\n<!-- \/ Yoast SEO plugin. -->","yoast_head_json":{"title":"Reviso: recensione software di contabilit\u00e0 - Accurate Reviews","description":"Reviso: recensione del software di contabilit\u00e0\u00a0in Cloud, indicato per piccole e medie imprese alle prese con la gestione dei conti.","robots":{"index":"index","follow":"follow","max-snippet":"max-snippet:-1","max-image-preview":"max-image-preview:large","max-video-preview":"max-video-preview:-1"},"canonical":"https:\/\/www.accuratereviews.com\/it\/software-contabilita-migliori-lista-software\/reviso-recensione\/","og_locale":"it_IT","og_type":"article","og_title":"Reviso: recensione software di contabilit\u00e0 - Accurate Reviews","og_description":"Reviso: recensione del software di contabilit\u00e0\u00a0in Cloud, indicato per piccole e medie imprese alle prese con la gestione dei conti.","og_url":"https:\/\/www.accuratereviews.com\/it\/software-contabilita-migliori-lista-software\/reviso-recensione\/","og_site_name":"Accurate Reviews","article_modified_time":"2023-01-23T13:43:47+00:00","og_image":[{"width":886,"height":369,"url":"https:\/\/www.accuratereviews.com\/wp-content\/uploads\/2023\/01\/ts_reviso_logo_layers_cut-886x369-1.png","type":"image\/png"}],"twitter_card":"summary_large_image","twitter_misc":{"Tempo di lettura stimato":"2 minuti"},"schema":{"@context":"https:\/\/schema.org","@graph":[{"@type":"WebPage","@id":"https:\/\/www.accuratereviews.com\/it\/software-contabilita-migliori-lista-software\/reviso-recensione\/","url":"https:\/\/www.accuratereviews.com\/it\/software-contabilita-migliori-lista-software\/reviso-recensione\/","name":"Reviso: recensione software di contabilit\u00e0 - Accurate Reviews","isPartOf":{"@id":"https:\/\/www.accuratereviews.com\/it\/#website"},"primaryImageOfPage":{"@id":"https:\/\/www.accuratereviews.com\/it\/software-contabilita-migliori-lista-software\/reviso-recensione\/#primaryimage"},"image":{"@id":"https:\/\/www.accuratereviews.com\/it\/software-contabilita-migliori-lista-software\/reviso-recensione\/#primaryimage"},"thumbnailUrl":"https:\/\/www.accuratereviews.com\/wp-content\/uploads\/2023\/01\/ts_reviso_logo_layers_cut-886x369-1.png","datePublished":"2019-03-02T09:04:21+00:00","dateModified":"2023-01-23T13:43:47+00:00","description":"Reviso: recensione del software di contabilit\u00e0\u00a0in Cloud, indicato per piccole e medie imprese alle prese con la gestione dei conti.","breadcrumb":{"@id":"https:\/\/www.accuratereviews.com\/it\/software-contabilita-migliori-lista-software\/reviso-recensione\/#breadcrumb"},"inLanguage":"it-IT","potentialAction":[{"@type":"ReadAction","target":["https:\/\/www.accuratereviews.com\/it\/software-contabilita-migliori-lista-software\/reviso-recensione\/"]}]},{"@type":"ImageObject","inLanguage":"it-IT","@id":"https:\/\/www.accuratereviews.com\/it\/software-contabilita-migliori-lista-software\/reviso-recensione\/#primaryimage","url":"https:\/\/www.accuratereviews.com\/wp-content\/uploads\/2023\/01\/ts_reviso_logo_layers_cut-886x369-1.png","contentUrl":"https:\/\/www.accuratereviews.com\/wp-content\/uploads\/2023\/01\/ts_reviso_logo_layers_cut-886x369-1.png","width":886,"height":369},{"@type":"BreadcrumbList","@id":"https:\/\/www.accuratereviews.com\/it\/software-contabilita-migliori-lista-software\/reviso-recensione\/#breadcrumb","itemListElement":[{"@type":"ListItem","position":1,"name":"Home","item":"https:\/\/www.accuratereviews.com\/it\/"},{"@type":"ListItem","position":2,"name":"I migliori software di contabilit\u00e0","item":"https:\/\/www.accuratereviews.com\/it\/software-contabilita-migliori-lista-software\/"},{"@type":"ListItem","position":3,"name":"Reviso"}]},{"@type":"WebSite","@id":"https:\/\/www.accuratereviews.com\/it\/#website","url":"https:\/\/www.accuratereviews.com\/it\/","name":"Accurate Reviews","description":"","potentialAction":[{"@type":"SearchAction","target":{"@type":"EntryPoint","urlTemplate":"https:\/\/www.accuratereviews.com\/it\/?s={search_term_string}"},"query-input":{"@type":"PropertyValueSpecification","valueRequired":true,"valueName":"search_term_string"}}],"inLanguage":"it-IT"}]}},"_links":{"self":[{"href":"https:\/\/www.accuratereviews.com\/it\/wp-json\/wp\/v2\/pages\/11647","targetHints":{"allow":["GET"]}}],"collection":[{"href":"https:\/\/www.accuratereviews.com\/it\/wp-json\/wp\/v2\/pages"}],"about":[{"href":"https:\/\/www.accuratereviews.com\/it\/wp-json\/wp\/v2\/types\/page"}],"author":[{"embeddable":true,"href":"https:\/\/www.accuratereviews.com\/it\/wp-json\/wp\/v2\/users\/17"}],"replies":[{"embeddable":true,"href":"https:\/\/www.accuratereviews.com\/it\/wp-json\/wp\/v2\/comments?post=11647"}],"version-history":[{"count":14,"href":"https:\/\/www.accuratereviews.com\/it\/wp-json\/wp\/v2\/pages\/11647\/revisions"}],"predecessor-version":[{"id":66424,"href":"https:\/\/www.accuratereviews.com\/it\/wp-json\/wp\/v2\/pages\/11647\/revisions\/66424"}],"up":[{"embeddable":true,"href":"https:\/\/www.accuratereviews.com\/it\/wp-json\/wp\/v2\/pages\/5495"}],"wp:featuredmedia":[{"embeddable":true,"href":"https:\/\/www.accuratereviews.com\/it\/wp-json\/wp\/v2\/media\/66418"}],"wp:attachment":[{"href":"https:\/\/www.accuratereviews.com\/it\/wp-json\/wp\/v2\/media?parent=11647"}],"wp:term":[{"taxonomy":"category","embeddable":true,"href":"https:\/\/www.accuratereviews.com\/it\/wp-json\/wp\/v2\/categories?post=11647"},{"taxonomy":"post_tag","embeddable":true,"href":"https:\/\/www.accuratereviews.com\/it\/wp-json\/wp\/v2\/tags?post=11647"},{"taxonomy":"features","embeddable":true,"href":"https:\/\/www.accuratereviews.com\/it\/wp-json\/wp\/v2\/features?post=11647"}],"curies":[{"name":"wp","href":"https:\/\/api.w.org\/{rel}","templated":true}]}}