{"id":11692,"date":"2019-03-02T09:03:00","date_gmt":"2019-03-02T09:03:00","guid":{"rendered":"https:\/\/www.accuratereviews.com\/?page_id=11692"},"modified":"2023-08-04T10:35:54","modified_gmt":"2023-08-04T10:35:54","slug":"gb-recensione","status":"publish","type":"page","link":"https:\/\/www.accuratereviews.com\/it\/software-contabilita-migliori-lista-software\/gb-recensione\/","title":{"rendered":"INTEGRATO GB"},"content":{"rendered":"<p><strong>INTEGRATO GB<\/strong> \u00e8 una soluzione completa che include Contabilit\u00e0, Fatturazione, Bilancio, Dichiarazioni, Paghe, Revisione, Controllo di Gestione, Antiriciclaggio, ETS. Il tutto \u00e8 integrato in un&#8217;unica piattaforma software che facilita la gestione degli adempimenti contabili e fiscali da parte di Commercialisti, Studi, Imprese, Professionisti e regimi speciali.<\/p>\n<p>Prodotto da GBsoftware S.p.A., \u00e8 caratterizzato da un&#8217;interfaccia semplice intuitiva e sempre aggiornata.<\/p>\n<p>Il supporto tecnico \u00e8 veloce e risolutivo, erogato direttamente dalla casa madre, dove tutti i reparti lavorano insieme in sinergia, senza utilizzo di figure esterne come \u201ccall center\u201d o \u201crivenditori\u201d, garantendo in questo modo un contenimento dei costi e allo stesso tempo un elevato standard di qualit\u00e0 del servizio e, in particolare, quello di assistenza.<\/p>\n<p>Il servizio cloud consente di accedere al programma ovunque (presso la sede del cliente, in viaggio, a casa) e in ogni momento della giornata, permettendo di ottimizzare tempi e costi. Inoltre, consente di allineare al programma la contabilit\u00e0 e\/o la fatturazione dei clienti in tempo reale.<\/p>\n<h2>INTEGRATO GB<\/h2>\n<div id=\"fluid-wrapper-counter-1\" class=\"g1-fluid-wrapper \" style=\"width:686px;\">\n<div style=\"padding-bottom:56.268221574344%;\"><iframe loading=\"lazy\" title=\"GBsoftware - Software per Commercialisti e Studi\" width=\"686\" height=\"386\" src=\"https:\/\/www.youtube.com\/embed\/mYkJ4E2xups?feature=oembed&amp;wmode=transparent&amp;autohide=1&amp;autoplay=0&amp;disablekb=0&amp;fs=1&amp;loop=0&amp;enablejsapi=1&amp;rel=0&amp;controls=2&amp;showinfo=0&amp;wmode=transparent&amp;autohide=2&amp;autoplay=0&amp;disablekb=0&amp;fs=1&amp;loop=0&amp;enablejsapi=1&amp;rel=0&amp;controls=2&amp;showinfo=1\" frameborder=\"0\" allow=\"accelerometer; autoplay; clipboard-write; encrypted-media; gyroscope; picture-in-picture; web-share\" allowfullscreen><\/iframe><\/div>\n<\/div>\n<h3>INTEGRATO GB &#8211; CARATTERISTICHE<\/h3>\n<ul>\n<li><span style=\"font-size: large;\"><b>CONTABILIT\u00c0 GB<br \/>\n<\/b><\/span>Per gestire la Contabilit\u00e0 di tutti i regimi fiscali: ordinari, semplificati, professionisti, forfettari, speciali IVA. Comprende contabilit\u00e0 base, corrispettivi, cespiti, percipienti, prospetti fiscali, fatturazione elettronica PA \u2013 B2B \u2013 B2C, console SDI\/NSO, scadenzario, conservazione, CRM, documentale.<\/li>\n<li><span style=\"font-size: large;\"><b>FATTURE GB<br \/>\n<\/b><\/span>Con un ambiente collaborativo Studio &#8211; Cliente permette la gestione in tempo reale fatturazione, parcellazione, console SDI\/NSO, scadenzario, magazzino, CRM, conservazione, documentale.<\/li>\n<li><span style=\"font-size: large;\"><b>BILANCIO EUROPEO GB<\/b><\/span><br \/>\nPermette di redigere velocemente e senza errori il bilancio, grazie a testi base precompilati, prospetti\/tabelle integrate e saldi da caricare con varie opzioni. Generando la documentazione che compone il fascicolo XBRL e PDF\/A da depositare al Registro Imprese: il prospetto CEE, la nota integrativa, il rendiconto finanziario, e i verbali e le relazioni.<\/li>\n<li><span style=\"font-size: large;\"><b>DICHIARAZIONI FISCALI GB<br \/>\n<\/b><\/span>Gestione di tutti i tipi di Dichiarazioni e Comunicazioni Fiscali direttamente su modello ministeriale ufficiale, con creazione del telematico con un click, console telematica per controllare, autenticare e inviare telematici fiscali, archiviazione delle ricevute con esito per periodo e soggetto, collegamento diretto all\u2019a\/r presso l\u2019Agenzia delle Entrate e al cassetto fiscale, monitoraggio dello stato di avanzamento delle operazioni.<\/li>\n<li><span style=\"font-size: large;\"><b>PAGHE GB<br \/>\n<\/b><\/span>Destinato all\u2019elaborazione delle buste paga, al calcolo del cedolino e alla gestione degli adempimenti previdenziali, assicurativi e fiscali per oltre 400 contratti di lavoro, incluse le pratiche di collocamento, delle presenze e di tutti gli adempimenti mensili e annuali previsti dalla materia lavoro.<\/li>\n<li><span style=\"font-size: large;\"><b>REVISIONE LEGALE GB<br \/>\n<\/b><\/span>Attraverso un percorso guidato in 6 passaggi corredato da vari step di controllo, permette di elaborare in maniera pi\u00f9 semplice le carte di lavoro, calcolare la matrice di rischio e revisione, pianificare l\u2019attivit\u00e0 di controllo.<\/li>\n<li><span style=\"font-size: large;\"><b>ANTIRICICLAGGIO GB<br \/>\n<\/b><\/span>Permette la gestione di tutti gli adempimenti in materia di antiriciclaggio con check list, esempi di prestazioni e procedure suggerite: valutazione del rischio, adeguata verifica, fascicolo del cliente, autovalutazione del rischio, formazione.<\/li>\n<li><span style=\"font-size: large;\"><b>CONTROLLO DI GESTIONE GB<br \/>\n<\/b><\/span>Per pianificare, monitorare e rendicontare in modo avanzato l\u2019attivit\u00e0 delle imprese, permette di gestire la crisi d\u2019impresa, l\u2019analisi di bilancio, il budget\/business plan e i centri di profitto e di costo.<\/li>\n<li><span style=\"font-size: large;\"><b>ETS GB<br \/>\n<\/b><\/span>Permette la gestione contabile e fiscale completa di ETS e soggetti in regime 398\/91: organizzazioni di volontariato, associazioni di promozione sociale, enti filantropici, reti associative, societ\u00e0 di mutuo soccorso, associazioni, fondazioni.<\/li>\n<\/ul>\n","protected":false},"excerpt":{"rendered":"<p>INTEGRATO GB \u00e8 una soluzione completa che include Contabilit\u00e0, Fatturazione, Bilancio, Dichiarazioni, Paghe, Revisione, Controllo di Gestione, Antiriciclaggio, ETS. Il tutto \u00e8 integrato in un&#8217;unica piattaforma software che facilita la gestione degli adempimenti contabili e fiscali da parte di Commercialisti, Studi, Imprese, Professionisti e regimi speciali.<\/p>\n","protected":false},"author":19,"featured_media":66425,"parent":5495,"menu_order":0,"comment_status":"open","ping_status":"closed","template":"g1_template_page_review_new.php","meta":{"_acf_changed":false,"cwp_meta_box_check":"No","cwp_rev_product_name":"","cwp_rev_product_image":"","wppr_links":[],"cwp_rev_price":"","wppr_options":[],"wppr_pros":[],"wppr_cons":[],"_monsterinsights_skip_tracking":false,"_monsterinsights_sitenote_active":false,"_monsterinsights_sitenote_note":"","_monsterinsights_sitenote_category":0,"footnotes":""},"categories":[97,96],"tags":[323,324,321,326,327,328,322,190,325],"features":[],"class_list":{"0":"post-11692","1":"page","2":"type-page","3":"status-publish","4":"has-post-thumbnail","6":"category-accounting-services-it","7":"category-contabilita","8":"tag-abti","9":"tag-antiriciclaggio","10":"tag-bilanci-europei","11":"tag-clud","12":"tag-commercialisti","13":"tag-consulenti-del-lavoro","14":"tag-dichiarazioni-fiscali","15":"tag-fatturazione-elettronica","16":"tag-privacy"},"wppr_data":{"cwp_meta_box_check":"No"},"acf":[],"yoast_head":"<!-- This site is optimized with the Yoast SEO plugin v27.4 - https:\/\/yoast.com\/product\/yoast-seo-wordpress\/ -->\n<title>INTEGRATO GB: recensione programma contabilit\u00e0 - Accurate Reviews<\/title>\n<meta name=\"description\" content=\"Integrato GB: recensione del programma di contabilit\u00e0 per la gestione degli adempimenti contabili di imprese, professionisti e regimi speciali.\" \/>\n<meta name=\"robots\" content=\"index, follow, max-snippet:-1, max-image-preview:large, max-video-preview:-1\" \/>\n<link rel=\"canonical\" href=\"https:\/\/www.accuratereviews.com\/it\/software-contabilita-migliori-lista-software\/gb-recensione\/\" \/>\n<meta property=\"og:locale\" content=\"it_IT\" \/>\n<meta property=\"og:type\" content=\"article\" \/>\n<meta property=\"og:title\" content=\"INTEGRATO GB: recensione programma contabilit\u00e0 - Accurate Reviews\" \/>\n<meta property=\"og:description\" content=\"Integrato GB: recensione del programma di contabilit\u00e0 per la gestione degli adempimenti contabili di imprese, professionisti e regimi speciali.\" \/>\n<meta property=\"og:url\" content=\"https:\/\/www.accuratereviews.com\/it\/software-contabilita-migliori-lista-software\/gb-recensione\/\" \/>\n<meta property=\"og:site_name\" content=\"Accurate Reviews\" \/>\n<meta property=\"article:modified_time\" content=\"2023-08-04T10:35:54+00:00\" \/>\n<meta property=\"og:image\" content=\"https:\/\/www.accuratereviews.com\/wp-content\/uploads\/2023\/01\/GB.png\" \/>\n\t<meta property=\"og:image:width\" content=\"1682\" \/>\n\t<meta property=\"og:image:height\" content=\"1327\" \/>\n\t<meta property=\"og:image:type\" content=\"image\/png\" \/>\n<meta name=\"twitter:card\" content=\"summary_large_image\" \/>\n<meta name=\"twitter:label1\" content=\"Tempo di lettura stimato\" \/>\n\t<meta name=\"twitter:data1\" content=\"3 minuti\" \/>\n<script type=\"application\/ld+json\" class=\"yoast-schema-graph\">{\"@context\":\"https:\\\/\\\/schema.org\",\"@graph\":[{\"@type\":\"WebPage\",\"@id\":\"https:\\\/\\\/www.accuratereviews.com\\\/it\\\/software-contabilita-migliori-lista-software\\\/gb-recensione\\\/\",\"url\":\"https:\\\/\\\/www.accuratereviews.com\\\/it\\\/software-contabilita-migliori-lista-software\\\/gb-recensione\\\/\",\"name\":\"INTEGRATO GB: recensione programma contabilit\u00e0 - Accurate Reviews\",\"isPartOf\":{\"@id\":\"https:\\\/\\\/www.accuratereviews.com\\\/it\\\/#website\"},\"primaryImageOfPage\":{\"@id\":\"https:\\\/\\\/www.accuratereviews.com\\\/it\\\/software-contabilita-migliori-lista-software\\\/gb-recensione\\\/#primaryimage\"},\"image\":{\"@id\":\"https:\\\/\\\/www.accuratereviews.com\\\/it\\\/software-contabilita-migliori-lista-software\\\/gb-recensione\\\/#primaryimage\"},\"thumbnailUrl\":\"https:\\\/\\\/www.accuratereviews.com\\\/wp-content\\\/uploads\\\/2023\\\/01\\\/GB.png\",\"datePublished\":\"2019-03-02T09:03:00+00:00\",\"dateModified\":\"2023-08-04T10:35:54+00:00\",\"description\":\"Integrato GB: recensione del programma di contabilit\u00e0 per la gestione degli adempimenti contabili di imprese, professionisti e regimi speciali.\",\"breadcrumb\":{\"@id\":\"https:\\\/\\\/www.accuratereviews.com\\\/it\\\/software-contabilita-migliori-lista-software\\\/gb-recensione\\\/#breadcrumb\"},\"inLanguage\":\"it-IT\",\"potentialAction\":[{\"@type\":\"ReadAction\",\"target\":[\"https:\\\/\\\/www.accuratereviews.com\\\/it\\\/software-contabilita-migliori-lista-software\\\/gb-recensione\\\/\"]}]},{\"@type\":\"ImageObject\",\"inLanguage\":\"it-IT\",\"@id\":\"https:\\\/\\\/www.accuratereviews.com\\\/it\\\/software-contabilita-migliori-lista-software\\\/gb-recensione\\\/#primaryimage\",\"url\":\"https:\\\/\\\/www.accuratereviews.com\\\/wp-content\\\/uploads\\\/2023\\\/01\\\/GB.png\",\"contentUrl\":\"https:\\\/\\\/www.accuratereviews.com\\\/wp-content\\\/uploads\\\/2023\\\/01\\\/GB.png\",\"width\":1682,\"height\":1327},{\"@type\":\"BreadcrumbList\",\"@id\":\"https:\\\/\\\/www.accuratereviews.com\\\/it\\\/software-contabilita-migliori-lista-software\\\/gb-recensione\\\/#breadcrumb\",\"itemListElement\":[{\"@type\":\"ListItem\",\"position\":1,\"name\":\"Home\",\"item\":\"https:\\\/\\\/www.accuratereviews.com\\\/it\\\/\"},{\"@type\":\"ListItem\",\"position\":2,\"name\":\"I migliori software di contabilit\u00e0\",\"item\":\"https:\\\/\\\/www.accuratereviews.com\\\/it\\\/software-contabilita-migliori-lista-software\\\/\"},{\"@type\":\"ListItem\",\"position\":3,\"name\":\"INTEGRATO GB\"}]},{\"@type\":\"WebSite\",\"@id\":\"https:\\\/\\\/www.accuratereviews.com\\\/it\\\/#website\",\"url\":\"https:\\\/\\\/www.accuratereviews.com\\\/it\\\/\",\"name\":\"Accurate Reviews\",\"description\":\"\",\"potentialAction\":[{\"@type\":\"SearchAction\",\"target\":{\"@type\":\"EntryPoint\",\"urlTemplate\":\"https:\\\/\\\/www.accuratereviews.com\\\/it\\\/?s={search_term_string}\"},\"query-input\":{\"@type\":\"PropertyValueSpecification\",\"valueRequired\":true,\"valueName\":\"search_term_string\"}}],\"inLanguage\":\"it-IT\"}]}<\/script>\n<!-- \/ Yoast SEO plugin. -->","yoast_head_json":{"title":"INTEGRATO GB: recensione programma contabilit\u00e0 - Accurate Reviews","description":"Integrato GB: recensione del programma di contabilit\u00e0 per la gestione degli adempimenti contabili di imprese, professionisti e regimi speciali.","robots":{"index":"index","follow":"follow","max-snippet":"max-snippet:-1","max-image-preview":"max-image-preview:large","max-video-preview":"max-video-preview:-1"},"canonical":"https:\/\/www.accuratereviews.com\/it\/software-contabilita-migliori-lista-software\/gb-recensione\/","og_locale":"it_IT","og_type":"article","og_title":"INTEGRATO GB: recensione programma contabilit\u00e0 - Accurate Reviews","og_description":"Integrato GB: recensione del programma di contabilit\u00e0 per la gestione degli adempimenti contabili di imprese, professionisti e regimi speciali.","og_url":"https:\/\/www.accuratereviews.com\/it\/software-contabilita-migliori-lista-software\/gb-recensione\/","og_site_name":"Accurate Reviews","article_modified_time":"2023-08-04T10:35:54+00:00","og_image":[{"width":1682,"height":1327,"url":"https:\/\/www.accuratereviews.com\/wp-content\/uploads\/2023\/01\/GB.png","type":"image\/png"}],"twitter_card":"summary_large_image","twitter_misc":{"Tempo di lettura stimato":"3 minuti"},"schema":{"@context":"https:\/\/schema.org","@graph":[{"@type":"WebPage","@id":"https:\/\/www.accuratereviews.com\/it\/software-contabilita-migliori-lista-software\/gb-recensione\/","url":"https:\/\/www.accuratereviews.com\/it\/software-contabilita-migliori-lista-software\/gb-recensione\/","name":"INTEGRATO GB: recensione programma contabilit\u00e0 - Accurate Reviews","isPartOf":{"@id":"https:\/\/www.accuratereviews.com\/it\/#website"},"primaryImageOfPage":{"@id":"https:\/\/www.accuratereviews.com\/it\/software-contabilita-migliori-lista-software\/gb-recensione\/#primaryimage"},"image":{"@id":"https:\/\/www.accuratereviews.com\/it\/software-contabilita-migliori-lista-software\/gb-recensione\/#primaryimage"},"thumbnailUrl":"https:\/\/www.accuratereviews.com\/wp-content\/uploads\/2023\/01\/GB.png","datePublished":"2019-03-02T09:03:00+00:00","dateModified":"2023-08-04T10:35:54+00:00","description":"Integrato GB: recensione del programma di contabilit\u00e0 per la gestione degli adempimenti contabili di imprese, professionisti e regimi speciali.","breadcrumb":{"@id":"https:\/\/www.accuratereviews.com\/it\/software-contabilita-migliori-lista-software\/gb-recensione\/#breadcrumb"},"inLanguage":"it-IT","potentialAction":[{"@type":"ReadAction","target":["https:\/\/www.accuratereviews.com\/it\/software-contabilita-migliori-lista-software\/gb-recensione\/"]}]},{"@type":"ImageObject","inLanguage":"it-IT","@id":"https:\/\/www.accuratereviews.com\/it\/software-contabilita-migliori-lista-software\/gb-recensione\/#primaryimage","url":"https:\/\/www.accuratereviews.com\/wp-content\/uploads\/2023\/01\/GB.png","contentUrl":"https:\/\/www.accuratereviews.com\/wp-content\/uploads\/2023\/01\/GB.png","width":1682,"height":1327},{"@type":"BreadcrumbList","@id":"https:\/\/www.accuratereviews.com\/it\/software-contabilita-migliori-lista-software\/gb-recensione\/#breadcrumb","itemListElement":[{"@type":"ListItem","position":1,"name":"Home","item":"https:\/\/www.accuratereviews.com\/it\/"},{"@type":"ListItem","position":2,"name":"I migliori software di contabilit\u00e0","item":"https:\/\/www.accuratereviews.com\/it\/software-contabilita-migliori-lista-software\/"},{"@type":"ListItem","position":3,"name":"INTEGRATO GB"}]},{"@type":"WebSite","@id":"https:\/\/www.accuratereviews.com\/it\/#website","url":"https:\/\/www.accuratereviews.com\/it\/","name":"Accurate Reviews","description":"","potentialAction":[{"@type":"SearchAction","target":{"@type":"EntryPoint","urlTemplate":"https:\/\/www.accuratereviews.com\/it\/?s={search_term_string}"},"query-input":{"@type":"PropertyValueSpecification","valueRequired":true,"valueName":"search_term_string"}}],"inLanguage":"it-IT"}]}},"_links":{"self":[{"href":"https:\/\/www.accuratereviews.com\/it\/wp-json\/wp\/v2\/pages\/11692","targetHints":{"allow":["GET"]}}],"collection":[{"href":"https:\/\/www.accuratereviews.com\/it\/wp-json\/wp\/v2\/pages"}],"about":[{"href":"https:\/\/www.accuratereviews.com\/it\/wp-json\/wp\/v2\/types\/page"}],"author":[{"embeddable":true,"href":"https:\/\/www.accuratereviews.com\/it\/wp-json\/wp\/v2\/users\/19"}],"replies":[{"embeddable":true,"href":"https:\/\/www.accuratereviews.com\/it\/wp-json\/wp\/v2\/comments?post=11692"}],"version-history":[{"count":16,"href":"https:\/\/www.accuratereviews.com\/it\/wp-json\/wp\/v2\/pages\/11692\/revisions"}],"predecessor-version":[{"id":71113,"href":"https:\/\/www.accuratereviews.com\/it\/wp-json\/wp\/v2\/pages\/11692\/revisions\/71113"}],"up":[{"embeddable":true,"href":"https:\/\/www.accuratereviews.com\/it\/wp-json\/wp\/v2\/pages\/5495"}],"wp:featuredmedia":[{"embeddable":true,"href":"https:\/\/www.accuratereviews.com\/it\/wp-json\/wp\/v2\/media\/66425"}],"wp:attachment":[{"href":"https:\/\/www.accuratereviews.com\/it\/wp-json\/wp\/v2\/media?parent=11692"}],"wp:term":[{"taxonomy":"category","embeddable":true,"href":"https:\/\/www.accuratereviews.com\/it\/wp-json\/wp\/v2\/categories?post=11692"},{"taxonomy":"post_tag","embeddable":true,"href":"https:\/\/www.accuratereviews.com\/it\/wp-json\/wp\/v2\/tags?post=11692"},{"taxonomy":"features","embeddable":true,"href":"https:\/\/www.accuratereviews.com\/it\/wp-json\/wp\/v2\/features?post=11692"}],"curies":[{"name":"wp","href":"https:\/\/api.w.org\/{rel}","templated":true}]}}