{"id":11713,"date":"2019-03-04T13:24:58","date_gmt":"2019-03-04T13:24:58","guid":{"rendered":"https:\/\/www.accuratereviews.com\/?page_id=11713"},"modified":"2023-01-24T07:47:44","modified_gmt":"2023-01-24T07:47:44","slug":"ebridge-azienda-recensione","status":"publish","type":"page","link":"https:\/\/www.accuratereviews.com\/it\/software-contabilita-migliori-lista-software\/ebridge-azienda-recensione\/","title":{"rendered":"eBridge Azienda"},"content":{"rendered":"<div class=\"aligncenter ce-gallery\" data-ce-columns=\"1\" data-ce-images=\"1\">\n<div class=\"ce-outer\">\n<div class=\"ce-inner\">\n<div class=\"ce-row\">\n<div><strong>eBridge azienda<\/strong> \u00e8 un <strong>software di contabilit\u00e0<\/strong>, ideato dalla societ\u00e0 Buffetti, che ha l&#8217;obiettivo di offrire un supporto agli imprenditori e ai commercialisti nella gestione dei conti. L&#8217;idea \u00e8 quella di garantire l&#8217;accesso ad un <strong>servizio contabile online<\/strong> che permetta di tenere sotto controllo le vendite, gli acquisti, l&#8217;organizzazione del magazzino, le fatture e molto altro!<\/div>\n<div>eBridge azienda consente l&#8217;utilizzo del nuovo\u00a0sistema digitale di emissione, trasmissione e conservazione delle fatture, la <strong>fatturazione elettronica<\/strong>, che va in contro alle esigenze di tutti: dei vostri fornitori, dei consulenti e anche dei clienti.<\/div>\n<div>Questo <strong>software gestionale<\/strong> \u00e8 strutturato in diverse aree: l&#8217;area <em>Contabile<\/em>, che si occupa della <strong>gestione contabile dell&#8217;azienda<\/strong>, quella\u00a0<em>Fiscale<\/em>, per la <strong>gestione delle dichiarazioni fiscali<\/strong>,\u00a0la sezione\u00a0<em>Aziendale<\/em>, occupata nella <strong>gestione delle attivit\u00e0 commerciali e amministrative<\/strong>, la categoria\u00a0<i>Bilancio<\/i>, strettamente\u00a0legata alla<strong> gestione del bilancio<\/strong>\u00a0e l&#8217;ultima delle\u00a0<em>Soluzioni IT integrate.<\/em>\u00a0L&#8217;organizzazione in pi\u00f9 parti specifiche ti d\u00e0 la possibilit\u00e0 di fare uso di determinate funzionalit\u00e0 della parte che pi\u00f9 necessita la tua impresa. Inoltre potrete anche scegliere tra tre moduli: il modulo di <em>Contabilit\u00e0 Ordinaria, Semplificata <\/em>e<em> Professionisti,<\/em> in base alle vostre competenze ed esigenze.<\/div>\n<\/div>\n<h2>FATTURAZIONE ELETTRONICA CON EBRIDGE AZIENDA &#8211; TUTORIAL<\/h2>\n<div class=\"ce-row\">\n<p>Con questo tutorial cercheremo di comprendere meglio come funziona eBridge Azienda e la <strong>gestione delle fatture elettroniche<\/strong>.<\/p>\n<div>\n<div id=\"fluid-wrapper-counter-1\" class=\"g1-fluid-wrapper \" style=\"width:686px;\"><div style=\"padding-bottom:56.268221574344%;\"><iframe loading=\"lazy\" title=\"FATTURAZIONE ELETTRONICA EBRIDGE AZIENDA\" width=\"686\" height=\"386\" src=\"https:\/\/www.youtube.com\/embed\/oilZeizZ7kk?feature=oembed&amp;wmode=transparent&amp;autohide=1&amp;autoplay=0&amp;disablekb=0&amp;fs=1&amp;loop=0&amp;enablejsapi=1&amp;rel=0&amp;controls=2&amp;showinfo=0&amp;wmode=transparent&amp;autohide=2&amp;autoplay=0&amp;disablekb=0&amp;fs=1&amp;loop=0&amp;enablejsapi=1&amp;rel=0&amp;controls=2&amp;showinfo=1\" frameborder=\"0\" allow=\"accelerometer; autoplay; clipboard-write; encrypted-media; gyroscope; picture-in-picture; web-share\" allowfullscreen><\/iframe><\/div><\/div>\n<\/div>\n<\/div>\n<\/div>\n<div class=\"ce-inner\">\n<div class=\"ce-row\">\n<h3>EBRIDGE AZIENDA &#8211; CARATTERISTICHE<\/h3>\n<p>Dopo aver visto come funziona la fatturazione elettronica con questo software, vediamo le sue principali caratteristiche:<\/p>\n<ul>\n<li><strong>Competenze di contabilit\u00e0<\/strong>: la parte contabile si occupa della gestione della situazione economica, della liquidazione periodica IVA, della parcellazione, della centralizzazione degli archivi, dell&#8217;ammortamento dei cespiti, della gestione dei clienti e di molto altro ancora;<\/li>\n<li><strong>Competenze fiscali<\/strong>: incentrata principalmente sulle dichiarazioni dei sostituti d\u2019imposta, sulla dichiarazione dei redditi (modello 730), \u00a0sulla comunicazione annuale dei dati IVA, sulla trasmissione telematica (modello F24 telematico);<\/li>\n<li><strong>Competenze aziendali<\/strong>: rivolta principalmente alle esigenze dei clienti per quanto riguarda le vendite e gli acquisti, il magazzino, le fatture, le provigioni ecc.;<\/li>\n<li><strong>Gestione bilancio:\u00a0<\/strong>gestione per\u00a0Bilancio CEE e Nota Integrativa,\u00a0Bilancio Consolidato e Nota Integrativa,\u00a0Basilea 2;<\/li>\n<li><strong>Mono utenza e multi utenza<\/strong>: eBridge azienda ti permette di registrare una o pi\u00f9 aziende con un unico account.<\/li>\n<\/ul>\n<\/div>\n<\/div>\n<\/div>\n<\/div>\n","protected":false},"excerpt":{"rendered":"<p>eBridge azienda \u00e8 un software di contabilit\u00e0, ideato dalla societ\u00e0 Buffetti, che ha l&#8217;obiettivo di offrire un supporto agli imprenditori e ai commercialisti nella gestione dei conti. L&#8217;idea \u00e8 quella di garantire l&#8217;accesso ad un servizio contabile online che permetta di tenere sotto controllo le vendite, gli acquisti, l&#8217;organizzazione del magazzino, le fatture e molto altro!<\/p>\n","protected":false},"author":17,"featured_media":66435,"parent":5495,"menu_order":0,"comment_status":"open","ping_status":"closed","template":"g1_template_page_review_new.php","meta":{"_acf_changed":false,"cwp_meta_box_check":"Yes","cwp_rev_product_name":"","cwp_rev_product_image":"","wppr_links":[],"cwp_rev_price":"","wppr_options":[{"name":"Usability","value":"0"},{"name":"Speed","value":"0"},{"name":"Features","value":"0"},{"name":"Support","value":"0"},{"name":"Pricing","value":"0"}],"wppr_pros":["","","","",""],"wppr_cons":["","","","",""],"_monsterinsights_skip_tracking":false,"_monsterinsights_sitenote_active":false,"_monsterinsights_sitenote_note":"","_monsterinsights_sitenote_category":0,"footnotes":""},"categories":[97,96],"tags":[331,190,330,318,329],"features":[],"class_list":{"0":"post-11713","1":"page","2":"type-page","3":"status-publish","4":"has-post-thumbnail","6":"category-accounting-services-it","7":"category-contabilita","8":"tag-accounting-services","9":"tag-fatturazione-elettronica","10":"tag-programma-contabilita","11":"tag-servizio-contabile-online","12":"tag-software-di-contabilita"},"wppr_data":{"cwp_meta_box_check":"Yes","cwp_rev_product_name":"","_wppr_review_template":"default","cwp_rev_product_image":"","cwp_image_link":"image","wppr_links":[],"cwp_rev_price":"","wppr_pros":["","","","",""],"wppr_cons":["","","","",""],"wppr_rating":"0.00","wppr_options":{"1":{"name":"Usability","value":"0"},"2":{"name":"Speed","value":"0"},"3":{"name":"Features","value":"0"},"4":{"name":"Support","value":"0"},"5":{"name":"Pricing","value":"0"}},"wppr_review_type":"Product","wppr_review_custom_fields":{"additionalProperty":"","additionalType":"","aggregateRating":"","alternateName":"","audience":"","award":"","awards":"","brand":"","color":"","depth":"","description":"","disambiguatingDescription":"","gtin12":"","gtin13":"","gtin14":"","gtin8":"","height":"","identifier":"","image":"","isAccessoryOrSparePartFor":"","isConsumableFor":"","isRelatedTo":"","isSimilarTo":"","itemCondition":"","logo":"","mainEntityOfPage":"","manufacturer":"","material":"","model":"","mpn":"","name":"","offers":"","potentialAction":"","productID":"","productionDate":"","purchaseDate":"","releaseDate":"","review":"","reviews":"","sameAs":"","sku":"","slogan":"","subjectOf":"","url":"","weight":"","width":""}},"acf":[],"yoast_head":"<!-- This site is optimized with the Yoast SEO plugin v27.4 - https:\/\/yoast.com\/product\/yoast-seo-wordpress\/ -->\n<title>eBridge Azienda: recensione software contabilit\u00e0 - Accurate Reviews<\/title>\n<meta name=\"description\" content=\"eBridge Azienda: recensione del software di contabilit\u00e0, che offre un supporto a imprenditori e commercialisti nella gestione dei conti.\" \/>\n<meta name=\"robots\" content=\"index, follow, max-snippet:-1, max-image-preview:large, max-video-preview:-1\" \/>\n<link rel=\"canonical\" href=\"https:\/\/www.accuratereviews.com\/it\/software-contabilita-migliori-lista-software\/ebridge-azienda-recensione\/\" \/>\n<meta property=\"og:locale\" content=\"it_IT\" \/>\n<meta property=\"og:type\" content=\"article\" \/>\n<meta property=\"og:title\" content=\"eBridge Azienda: recensione software contabilit\u00e0 - Accurate Reviews\" \/>\n<meta property=\"og:description\" content=\"eBridge Azienda: recensione del software di contabilit\u00e0, che offre un supporto a imprenditori e commercialisti nella gestione dei conti.\" \/>\n<meta property=\"og:url\" content=\"https:\/\/www.accuratereviews.com\/it\/software-contabilita-migliori-lista-software\/ebridge-azienda-recensione\/\" \/>\n<meta property=\"og:site_name\" content=\"Accurate Reviews\" \/>\n<meta property=\"article:modified_time\" content=\"2023-01-24T07:47:44+00:00\" \/>\n<meta property=\"og:image\" content=\"https:\/\/www.accuratereviews.com\/wp-content\/uploads\/2023\/01\/ebridge-news.png\" \/>\n\t<meta property=\"og:image:width\" content=\"600\" \/>\n\t<meta property=\"og:image:height\" content=\"400\" \/>\n\t<meta property=\"og:image:type\" content=\"image\/png\" \/>\n<meta name=\"twitter:card\" content=\"summary_large_image\" \/>\n<meta name=\"twitter:label1\" content=\"Tempo di lettura stimato\" \/>\n\t<meta name=\"twitter:data1\" content=\"2 minuti\" \/>\n<script type=\"application\/ld+json\" class=\"yoast-schema-graph\">{\"@context\":\"https:\\\/\\\/schema.org\",\"@graph\":[{\"@type\":\"WebPage\",\"@id\":\"https:\\\/\\\/www.accuratereviews.com\\\/it\\\/software-contabilita-migliori-lista-software\\\/ebridge-azienda-recensione\\\/\",\"url\":\"https:\\\/\\\/www.accuratereviews.com\\\/it\\\/software-contabilita-migliori-lista-software\\\/ebridge-azienda-recensione\\\/\",\"name\":\"eBridge Azienda: recensione software contabilit\u00e0 - Accurate Reviews\",\"isPartOf\":{\"@id\":\"https:\\\/\\\/www.accuratereviews.com\\\/it\\\/#website\"},\"primaryImageOfPage\":{\"@id\":\"https:\\\/\\\/www.accuratereviews.com\\\/it\\\/software-contabilita-migliori-lista-software\\\/ebridge-azienda-recensione\\\/#primaryimage\"},\"image\":{\"@id\":\"https:\\\/\\\/www.accuratereviews.com\\\/it\\\/software-contabilita-migliori-lista-software\\\/ebridge-azienda-recensione\\\/#primaryimage\"},\"thumbnailUrl\":\"https:\\\/\\\/www.accuratereviews.com\\\/wp-content\\\/uploads\\\/2023\\\/01\\\/ebridge-news.png\",\"datePublished\":\"2019-03-04T13:24:58+00:00\",\"dateModified\":\"2023-01-24T07:47:44+00:00\",\"description\":\"eBridge Azienda: recensione del software di contabilit\u00e0, che offre un supporto a imprenditori e commercialisti nella gestione dei conti.\",\"breadcrumb\":{\"@id\":\"https:\\\/\\\/www.accuratereviews.com\\\/it\\\/software-contabilita-migliori-lista-software\\\/ebridge-azienda-recensione\\\/#breadcrumb\"},\"inLanguage\":\"it-IT\",\"potentialAction\":[{\"@type\":\"ReadAction\",\"target\":[\"https:\\\/\\\/www.accuratereviews.com\\\/it\\\/software-contabilita-migliori-lista-software\\\/ebridge-azienda-recensione\\\/\"]}]},{\"@type\":\"ImageObject\",\"inLanguage\":\"it-IT\",\"@id\":\"https:\\\/\\\/www.accuratereviews.com\\\/it\\\/software-contabilita-migliori-lista-software\\\/ebridge-azienda-recensione\\\/#primaryimage\",\"url\":\"https:\\\/\\\/www.accuratereviews.com\\\/wp-content\\\/uploads\\\/2023\\\/01\\\/ebridge-news.png\",\"contentUrl\":\"https:\\\/\\\/www.accuratereviews.com\\\/wp-content\\\/uploads\\\/2023\\\/01\\\/ebridge-news.png\",\"width\":600,\"height\":400},{\"@type\":\"BreadcrumbList\",\"@id\":\"https:\\\/\\\/www.accuratereviews.com\\\/it\\\/software-contabilita-migliori-lista-software\\\/ebridge-azienda-recensione\\\/#breadcrumb\",\"itemListElement\":[{\"@type\":\"ListItem\",\"position\":1,\"name\":\"Home\",\"item\":\"https:\\\/\\\/www.accuratereviews.com\\\/it\\\/\"},{\"@type\":\"ListItem\",\"position\":2,\"name\":\"I migliori software di contabilit\u00e0\",\"item\":\"https:\\\/\\\/www.accuratereviews.com\\\/it\\\/software-contabilita-migliori-lista-software\\\/\"},{\"@type\":\"ListItem\",\"position\":3,\"name\":\"eBridge Azienda\"}]},{\"@type\":\"WebSite\",\"@id\":\"https:\\\/\\\/www.accuratereviews.com\\\/it\\\/#website\",\"url\":\"https:\\\/\\\/www.accuratereviews.com\\\/it\\\/\",\"name\":\"Accurate Reviews\",\"description\":\"\",\"potentialAction\":[{\"@type\":\"SearchAction\",\"target\":{\"@type\":\"EntryPoint\",\"urlTemplate\":\"https:\\\/\\\/www.accuratereviews.com\\\/it\\\/?s={search_term_string}\"},\"query-input\":{\"@type\":\"PropertyValueSpecification\",\"valueRequired\":true,\"valueName\":\"search_term_string\"}}],\"inLanguage\":\"it-IT\"}]}<\/script>\n<!-- \/ Yoast SEO plugin. -->","yoast_head_json":{"title":"eBridge Azienda: recensione software contabilit\u00e0 - Accurate Reviews","description":"eBridge Azienda: recensione del software di contabilit\u00e0, che offre un supporto a imprenditori e commercialisti nella gestione dei conti.","robots":{"index":"index","follow":"follow","max-snippet":"max-snippet:-1","max-image-preview":"max-image-preview:large","max-video-preview":"max-video-preview:-1"},"canonical":"https:\/\/www.accuratereviews.com\/it\/software-contabilita-migliori-lista-software\/ebridge-azienda-recensione\/","og_locale":"it_IT","og_type":"article","og_title":"eBridge Azienda: recensione software contabilit\u00e0 - Accurate Reviews","og_description":"eBridge Azienda: recensione del software di contabilit\u00e0, che offre un supporto a imprenditori e commercialisti nella gestione dei conti.","og_url":"https:\/\/www.accuratereviews.com\/it\/software-contabilita-migliori-lista-software\/ebridge-azienda-recensione\/","og_site_name":"Accurate Reviews","article_modified_time":"2023-01-24T07:47:44+00:00","og_image":[{"width":600,"height":400,"url":"https:\/\/www.accuratereviews.com\/wp-content\/uploads\/2023\/01\/ebridge-news.png","type":"image\/png"}],"twitter_card":"summary_large_image","twitter_misc":{"Tempo di lettura stimato":"2 minuti"},"schema":{"@context":"https:\/\/schema.org","@graph":[{"@type":"WebPage","@id":"https:\/\/www.accuratereviews.com\/it\/software-contabilita-migliori-lista-software\/ebridge-azienda-recensione\/","url":"https:\/\/www.accuratereviews.com\/it\/software-contabilita-migliori-lista-software\/ebridge-azienda-recensione\/","name":"eBridge Azienda: recensione software contabilit\u00e0 - Accurate Reviews","isPartOf":{"@id":"https:\/\/www.accuratereviews.com\/it\/#website"},"primaryImageOfPage":{"@id":"https:\/\/www.accuratereviews.com\/it\/software-contabilita-migliori-lista-software\/ebridge-azienda-recensione\/#primaryimage"},"image":{"@id":"https:\/\/www.accuratereviews.com\/it\/software-contabilita-migliori-lista-software\/ebridge-azienda-recensione\/#primaryimage"},"thumbnailUrl":"https:\/\/www.accuratereviews.com\/wp-content\/uploads\/2023\/01\/ebridge-news.png","datePublished":"2019-03-04T13:24:58+00:00","dateModified":"2023-01-24T07:47:44+00:00","description":"eBridge Azienda: recensione del software di contabilit\u00e0, che offre un supporto a imprenditori e commercialisti nella gestione dei conti.","breadcrumb":{"@id":"https:\/\/www.accuratereviews.com\/it\/software-contabilita-migliori-lista-software\/ebridge-azienda-recensione\/#breadcrumb"},"inLanguage":"it-IT","potentialAction":[{"@type":"ReadAction","target":["https:\/\/www.accuratereviews.com\/it\/software-contabilita-migliori-lista-software\/ebridge-azienda-recensione\/"]}]},{"@type":"ImageObject","inLanguage":"it-IT","@id":"https:\/\/www.accuratereviews.com\/it\/software-contabilita-migliori-lista-software\/ebridge-azienda-recensione\/#primaryimage","url":"https:\/\/www.accuratereviews.com\/wp-content\/uploads\/2023\/01\/ebridge-news.png","contentUrl":"https:\/\/www.accuratereviews.com\/wp-content\/uploads\/2023\/01\/ebridge-news.png","width":600,"height":400},{"@type":"BreadcrumbList","@id":"https:\/\/www.accuratereviews.com\/it\/software-contabilita-migliori-lista-software\/ebridge-azienda-recensione\/#breadcrumb","itemListElement":[{"@type":"ListItem","position":1,"name":"Home","item":"https:\/\/www.accuratereviews.com\/it\/"},{"@type":"ListItem","position":2,"name":"I migliori software di contabilit\u00e0","item":"https:\/\/www.accuratereviews.com\/it\/software-contabilita-migliori-lista-software\/"},{"@type":"ListItem","position":3,"name":"eBridge Azienda"}]},{"@type":"WebSite","@id":"https:\/\/www.accuratereviews.com\/it\/#website","url":"https:\/\/www.accuratereviews.com\/it\/","name":"Accurate Reviews","description":"","potentialAction":[{"@type":"SearchAction","target":{"@type":"EntryPoint","urlTemplate":"https:\/\/www.accuratereviews.com\/it\/?s={search_term_string}"},"query-input":{"@type":"PropertyValueSpecification","valueRequired":true,"valueName":"search_term_string"}}],"inLanguage":"it-IT"}]}},"_links":{"self":[{"href":"https:\/\/www.accuratereviews.com\/it\/wp-json\/wp\/v2\/pages\/11713","targetHints":{"allow":["GET"]}}],"collection":[{"href":"https:\/\/www.accuratereviews.com\/it\/wp-json\/wp\/v2\/pages"}],"about":[{"href":"https:\/\/www.accuratereviews.com\/it\/wp-json\/wp\/v2\/types\/page"}],"author":[{"embeddable":true,"href":"https:\/\/www.accuratereviews.com\/it\/wp-json\/wp\/v2\/users\/17"}],"replies":[{"embeddable":true,"href":"https:\/\/www.accuratereviews.com\/it\/wp-json\/wp\/v2\/comments?post=11713"}],"version-history":[{"count":17,"href":"https:\/\/www.accuratereviews.com\/it\/wp-json\/wp\/v2\/pages\/11713\/revisions"}],"predecessor-version":[{"id":66440,"href":"https:\/\/www.accuratereviews.com\/it\/wp-json\/wp\/v2\/pages\/11713\/revisions\/66440"}],"up":[{"embeddable":true,"href":"https:\/\/www.accuratereviews.com\/it\/wp-json\/wp\/v2\/pages\/5495"}],"wp:featuredmedia":[{"embeddable":true,"href":"https:\/\/www.accuratereviews.com\/it\/wp-json\/wp\/v2\/media\/66435"}],"wp:attachment":[{"href":"https:\/\/www.accuratereviews.com\/it\/wp-json\/wp\/v2\/media?parent=11713"}],"wp:term":[{"taxonomy":"category","embeddable":true,"href":"https:\/\/www.accuratereviews.com\/it\/wp-json\/wp\/v2\/categories?post=11713"},{"taxonomy":"post_tag","embeddable":true,"href":"https:\/\/www.accuratereviews.com\/it\/wp-json\/wp\/v2\/tags?post=11713"},{"taxonomy":"features","embeddable":true,"href":"https:\/\/www.accuratereviews.com\/it\/wp-json\/wp\/v2\/features?post=11713"}],"curies":[{"name":"wp","href":"https:\/\/api.w.org\/{rel}","templated":true}]}}