{"id":11765,"date":"2019-03-06T09:18:45","date_gmt":"2019-03-06T09:18:45","guid":{"rendered":"https:\/\/www.accuratereviews.com\/?page_id=11765"},"modified":"2023-01-24T08:01:21","modified_gmt":"2023-01-24T08:01:21","slug":"jgalileo-recensione","status":"publish","type":"page","link":"https:\/\/www.accuratereviews.com\/it\/software-contabilita-migliori-lista-software\/jgalileo-recensione\/","title":{"rendered":"Jgalileo"},"content":{"rendered":"<p><strong>Jgalileo<\/strong> \u00e8 un\u00a0<strong>software gestionale<\/strong> <strong>ERP<\/strong>, sviluppato in Italia, completo e semplice da usare, indirizzato principalmente alle imprese commerciali ed industriali. \u00c8 sicuramente un&#8217;ottima soluzione per monitorare tutti i movimenti interni ed esterni all&#8217;azienda e anche un modo per far crescere e migliorare il rendimento del proprio business. Solamente con un <strong>software di contabilit\u00e0<\/strong> potrai ottenere tutto questo e riuscire finalmente ad avere un controllo efficace della<strong> gestione contabile<\/strong> della tua azienda. Jgalileo \u00e8 un\u00a0<strong>programma di contabilit\u00e0<\/strong>\u00a0che offre l&#8217;accesso multi lingua, \u00e8 disponibile infatti in 20 lingue differenti, offrendo ben 27 fiscalit\u00e0; inoltre \u00e8 disponibile anche in Cloud ed esiste l&#8217;applicazione per i dispositivi mobile, sia IOS che Android.<\/p>\n<h3>JGAGILEO &#8211; TUTORIAL<\/h3>\n<p>Proviamo a dare un&#8217;occhiata a questo video che ci permette di comprendere qualcosa in pi\u00f9 al riguardo di questo <strong>gestionale ERP<\/strong> che &#8220;fa sognare le aziende italiane&#8221;:<\/p>\n<div id=\"fluid-wrapper-counter-1\" class=\"g1-fluid-wrapper \" style=\"width:686px;\"><div style=\"padding-bottom:56.268221574344%;\"><iframe loading=\"lazy\" title=\"Jgalileo fa sognare le aziende italiane\" width=\"686\" height=\"386\" src=\"https:\/\/www.youtube.com\/embed\/pylf-BXFZGM?feature=oembed&amp;wmode=transparent&amp;autohide=1&amp;autoplay=0&amp;disablekb=0&amp;fs=1&amp;loop=0&amp;enablejsapi=1&amp;rel=0&amp;controls=2&amp;showinfo=0&amp;wmode=transparent&amp;autohide=2&amp;autoplay=0&amp;disablekb=0&amp;fs=1&amp;loop=0&amp;enablejsapi=1&amp;rel=0&amp;controls=2&amp;showinfo=1\" frameborder=\"0\" allow=\"accelerometer; autoplay; clipboard-write; encrypted-media; gyroscope; picture-in-picture; web-share\" allowfullscreen><\/iframe><\/div><\/div>\n<h2>JGALILEO &#8211; CARATTERISTICHE<\/h2>\n<ul>\n<li><strong>Contabilit\u00e0 generale<\/strong>: Jgalileo si occupa di finanza, della gestione dei bilanci, dei cespiti, della tesoreria, del credito e di molto altro<\/li>\n<li><strong>Contabilit\u00e0 aziendale<\/strong>: si impegna nella contabilit\u00e0 analitica e industriale, nella gestione aziendale e nell&#8217;analisi finanziaria<\/li>\n<li><strong>Progettazione industriale<\/strong>: utile per i project manager che si occupano di pianificare progetti a livello industriale<\/li>\n<li><strong>Gestione commerciale<\/strong>: Jgalileo gestisce i contratti, le offerte, gli ordini, le cauzioni, le spedizioni, i pos.-vendita, EDI, ecc&#8230;<\/li>\n<li><strong>Gestione logistica<\/strong>: si occupa anche della parte logistica, della gestione ubicazioni, della tracciabilit\u00e0 dei lotti, ecc&#8230;<\/li>\n<li><strong>Multi lingua<\/strong>: Jgalileo \u00e8 organizzato per offrire un accesso anche estero, mettendo a disposizione 20 lingue differenti.<\/li>\n<\/ul>\n<div class=\"fusion-column content-box-column content-box-column content-box-column-1 col-lg-4 col-md-4 col-sm-4 fusion-content-box-hover content-box-column-first-in-row\"><\/div>\n","protected":false},"excerpt":{"rendered":"<p>Jgalileo \u00e8 un\u00a0software gestionale ERP, sviluppato in Italia, completo e semplice da usare, indirizzato principalmente alle imprese commerciali ed industriali. \u00c8 sicuramente un&#8217;ottima soluzione per monitorare tutti i movimenti interni ed esterni all&#8217;azienda e anche un modo per far crescere e migliorare il rendimento del proprio business. <\/p>\n","protected":false},"author":17,"featured_media":66445,"parent":5495,"menu_order":0,"comment_status":"open","ping_status":"closed","template":"g1_template_page_review_new.php","meta":{"_acf_changed":false,"cwp_meta_box_check":"Yes","cwp_rev_product_name":"","cwp_rev_product_image":"","wppr_links":[],"cwp_rev_price":"","wppr_options":[{"name":"Usability","value":"0"},{"name":"Speed","value":"0"},{"name":"Features","value":"0"},{"name":"Support","value":"0"},{"name":"Pricing","value":"0"}],"wppr_pros":["","","","",""],"wppr_cons":["","","","",""],"_monsterinsights_skip_tracking":false,"_monsterinsights_sitenote_active":false,"_monsterinsights_sitenote_note":"","_monsterinsights_sitenote_category":0,"footnotes":""},"categories":[97,96],"tags":[317,190,340,329,334],"features":[],"class_list":{"0":"post-11765","1":"page","2":"type-page","3":"status-publish","4":"has-post-thumbnail","6":"category-accounting-services-it","7":"category-contabilita","8":"tag-contabilita-online","9":"tag-fatturazione-elettronica","10":"tag-programma-gestionale-erp","11":"tag-software-di-contabilita","12":"tag-software-gestionale"},"wppr_data":{"cwp_meta_box_check":"Yes","cwp_rev_product_name":"","_wppr_review_template":"default","cwp_rev_product_image":"","cwp_image_link":"image","wppr_links":[],"cwp_rev_price":"","wppr_pros":["","","","",""],"wppr_cons":["","","","",""],"wppr_rating":"0.00","wppr_options":{"1":{"name":"Usability","value":"0"},"2":{"name":"Speed","value":"0"},"3":{"name":"Features","value":"0"},"4":{"name":"Support","value":"0"},"5":{"name":"Pricing","value":"0"}},"wppr_review_type":"Product","wppr_review_custom_fields":{"additionalProperty":"","additionalType":"","aggregateRating":"","alternateName":"","audience":"","award":"","awards":"","brand":"","color":"","depth":"","description":"","disambiguatingDescription":"","gtin12":"","gtin13":"","gtin14":"","gtin8":"","height":"","identifier":"","image":"","isAccessoryOrSparePartFor":"","isConsumableFor":"","isRelatedTo":"","isSimilarTo":"","itemCondition":"","logo":"","mainEntityOfPage":"","manufacturer":"","material":"","model":"","mpn":"","name":"","offers":"","potentialAction":"","productID":"","productionDate":"","purchaseDate":"","releaseDate":"","review":"","reviews":"","sameAs":"","sku":"","slogan":"","subjectOf":"","url":"","weight":"","width":""}},"acf":[],"yoast_head":"<!-- This site is optimized with the Yoast SEO plugin v27.4 - https:\/\/yoast.com\/product\/yoast-seo-wordpress\/ -->\n<title>Jgalileo: recensione software gestionale ERP - Accurate Reviews<\/title>\n<meta name=\"description\" content=\"Jgalileo: recensione del\u00a0software gestionale ERP, completo e semplice da usare, indirizzato principalmente alle imprese commerciali ed industriali.\" \/>\n<meta name=\"robots\" content=\"index, follow, max-snippet:-1, max-image-preview:large, max-video-preview:-1\" \/>\n<link rel=\"canonical\" href=\"https:\/\/www.accuratereviews.com\/it\/software-contabilita-migliori-lista-software\/jgalileo-recensione\/\" \/>\n<meta property=\"og:locale\" content=\"it_IT\" \/>\n<meta property=\"og:type\" content=\"article\" \/>\n<meta property=\"og:title\" content=\"Jgalileo: recensione software gestionale ERP - Accurate Reviews\" \/>\n<meta property=\"og:description\" content=\"Jgalileo: recensione del\u00a0software gestionale ERP, completo e semplice da usare, indirizzato principalmente alle imprese commerciali ed industriali.\" \/>\n<meta property=\"og:url\" content=\"https:\/\/www.accuratereviews.com\/it\/software-contabilita-migliori-lista-software\/jgalileo-recensione\/\" \/>\n<meta property=\"og:site_name\" content=\"Accurate Reviews\" \/>\n<meta property=\"article:modified_time\" content=\"2023-01-24T08:01:21+00:00\" \/>\n<meta property=\"og:image\" content=\"https:\/\/www.accuratereviews.com\/wp-content\/uploads\/2023\/01\/jgalileo.jpg\" \/>\n\t<meta property=\"og:image:width\" content=\"900\" \/>\n\t<meta property=\"og:image:height\" content=\"800\" \/>\n\t<meta property=\"og:image:type\" content=\"image\/jpeg\" \/>\n<meta name=\"twitter:card\" content=\"summary_large_image\" \/>\n<meta name=\"twitter:label1\" content=\"Tempo di lettura stimato\" \/>\n\t<meta name=\"twitter:data1\" content=\"2 minuti\" \/>\n<script type=\"application\/ld+json\" class=\"yoast-schema-graph\">{\"@context\":\"https:\\\/\\\/schema.org\",\"@graph\":[{\"@type\":\"WebPage\",\"@id\":\"https:\\\/\\\/www.accuratereviews.com\\\/it\\\/software-contabilita-migliori-lista-software\\\/jgalileo-recensione\\\/\",\"url\":\"https:\\\/\\\/www.accuratereviews.com\\\/it\\\/software-contabilita-migliori-lista-software\\\/jgalileo-recensione\\\/\",\"name\":\"Jgalileo: recensione software gestionale ERP - Accurate Reviews\",\"isPartOf\":{\"@id\":\"https:\\\/\\\/www.accuratereviews.com\\\/it\\\/#website\"},\"primaryImageOfPage\":{\"@id\":\"https:\\\/\\\/www.accuratereviews.com\\\/it\\\/software-contabilita-migliori-lista-software\\\/jgalileo-recensione\\\/#primaryimage\"},\"image\":{\"@id\":\"https:\\\/\\\/www.accuratereviews.com\\\/it\\\/software-contabilita-migliori-lista-software\\\/jgalileo-recensione\\\/#primaryimage\"},\"thumbnailUrl\":\"https:\\\/\\\/www.accuratereviews.com\\\/wp-content\\\/uploads\\\/2023\\\/01\\\/jgalileo.jpg\",\"datePublished\":\"2019-03-06T09:18:45+00:00\",\"dateModified\":\"2023-01-24T08:01:21+00:00\",\"description\":\"Jgalileo: recensione del\u00a0software gestionale ERP, completo e semplice da usare, indirizzato principalmente alle imprese commerciali ed industriali.\",\"breadcrumb\":{\"@id\":\"https:\\\/\\\/www.accuratereviews.com\\\/it\\\/software-contabilita-migliori-lista-software\\\/jgalileo-recensione\\\/#breadcrumb\"},\"inLanguage\":\"it-IT\",\"potentialAction\":[{\"@type\":\"ReadAction\",\"target\":[\"https:\\\/\\\/www.accuratereviews.com\\\/it\\\/software-contabilita-migliori-lista-software\\\/jgalileo-recensione\\\/\"]}]},{\"@type\":\"ImageObject\",\"inLanguage\":\"it-IT\",\"@id\":\"https:\\\/\\\/www.accuratereviews.com\\\/it\\\/software-contabilita-migliori-lista-software\\\/jgalileo-recensione\\\/#primaryimage\",\"url\":\"https:\\\/\\\/www.accuratereviews.com\\\/wp-content\\\/uploads\\\/2023\\\/01\\\/jgalileo.jpg\",\"contentUrl\":\"https:\\\/\\\/www.accuratereviews.com\\\/wp-content\\\/uploads\\\/2023\\\/01\\\/jgalileo.jpg\",\"width\":900,\"height\":800},{\"@type\":\"BreadcrumbList\",\"@id\":\"https:\\\/\\\/www.accuratereviews.com\\\/it\\\/software-contabilita-migliori-lista-software\\\/jgalileo-recensione\\\/#breadcrumb\",\"itemListElement\":[{\"@type\":\"ListItem\",\"position\":1,\"name\":\"Home\",\"item\":\"https:\\\/\\\/www.accuratereviews.com\\\/it\\\/\"},{\"@type\":\"ListItem\",\"position\":2,\"name\":\"I migliori software di contabilit\u00e0\",\"item\":\"https:\\\/\\\/www.accuratereviews.com\\\/it\\\/software-contabilita-migliori-lista-software\\\/\"},{\"@type\":\"ListItem\",\"position\":3,\"name\":\"Jgalileo\"}]},{\"@type\":\"WebSite\",\"@id\":\"https:\\\/\\\/www.accuratereviews.com\\\/it\\\/#website\",\"url\":\"https:\\\/\\\/www.accuratereviews.com\\\/it\\\/\",\"name\":\"Accurate Reviews\",\"description\":\"\",\"potentialAction\":[{\"@type\":\"SearchAction\",\"target\":{\"@type\":\"EntryPoint\",\"urlTemplate\":\"https:\\\/\\\/www.accuratereviews.com\\\/it\\\/?s={search_term_string}\"},\"query-input\":{\"@type\":\"PropertyValueSpecification\",\"valueRequired\":true,\"valueName\":\"search_term_string\"}}],\"inLanguage\":\"it-IT\"}]}<\/script>\n<!-- \/ Yoast SEO plugin. -->","yoast_head_json":{"title":"Jgalileo: recensione software gestionale ERP - Accurate Reviews","description":"Jgalileo: recensione del\u00a0software gestionale ERP, completo e semplice da usare, indirizzato principalmente alle imprese commerciali ed industriali.","robots":{"index":"index","follow":"follow","max-snippet":"max-snippet:-1","max-image-preview":"max-image-preview:large","max-video-preview":"max-video-preview:-1"},"canonical":"https:\/\/www.accuratereviews.com\/it\/software-contabilita-migliori-lista-software\/jgalileo-recensione\/","og_locale":"it_IT","og_type":"article","og_title":"Jgalileo: recensione software gestionale ERP - Accurate Reviews","og_description":"Jgalileo: recensione del\u00a0software gestionale ERP, completo e semplice da usare, indirizzato principalmente alle imprese commerciali ed industriali.","og_url":"https:\/\/www.accuratereviews.com\/it\/software-contabilita-migliori-lista-software\/jgalileo-recensione\/","og_site_name":"Accurate Reviews","article_modified_time":"2023-01-24T08:01:21+00:00","og_image":[{"width":900,"height":800,"url":"https:\/\/www.accuratereviews.com\/wp-content\/uploads\/2023\/01\/jgalileo.jpg","type":"image\/jpeg"}],"twitter_card":"summary_large_image","twitter_misc":{"Tempo di lettura stimato":"2 minuti"},"schema":{"@context":"https:\/\/schema.org","@graph":[{"@type":"WebPage","@id":"https:\/\/www.accuratereviews.com\/it\/software-contabilita-migliori-lista-software\/jgalileo-recensione\/","url":"https:\/\/www.accuratereviews.com\/it\/software-contabilita-migliori-lista-software\/jgalileo-recensione\/","name":"Jgalileo: recensione software gestionale ERP - Accurate Reviews","isPartOf":{"@id":"https:\/\/www.accuratereviews.com\/it\/#website"},"primaryImageOfPage":{"@id":"https:\/\/www.accuratereviews.com\/it\/software-contabilita-migliori-lista-software\/jgalileo-recensione\/#primaryimage"},"image":{"@id":"https:\/\/www.accuratereviews.com\/it\/software-contabilita-migliori-lista-software\/jgalileo-recensione\/#primaryimage"},"thumbnailUrl":"https:\/\/www.accuratereviews.com\/wp-content\/uploads\/2023\/01\/jgalileo.jpg","datePublished":"2019-03-06T09:18:45+00:00","dateModified":"2023-01-24T08:01:21+00:00","description":"Jgalileo: recensione del\u00a0software gestionale ERP, completo e semplice da usare, indirizzato principalmente alle imprese commerciali ed industriali.","breadcrumb":{"@id":"https:\/\/www.accuratereviews.com\/it\/software-contabilita-migliori-lista-software\/jgalileo-recensione\/#breadcrumb"},"inLanguage":"it-IT","potentialAction":[{"@type":"ReadAction","target":["https:\/\/www.accuratereviews.com\/it\/software-contabilita-migliori-lista-software\/jgalileo-recensione\/"]}]},{"@type":"ImageObject","inLanguage":"it-IT","@id":"https:\/\/www.accuratereviews.com\/it\/software-contabilita-migliori-lista-software\/jgalileo-recensione\/#primaryimage","url":"https:\/\/www.accuratereviews.com\/wp-content\/uploads\/2023\/01\/jgalileo.jpg","contentUrl":"https:\/\/www.accuratereviews.com\/wp-content\/uploads\/2023\/01\/jgalileo.jpg","width":900,"height":800},{"@type":"BreadcrumbList","@id":"https:\/\/www.accuratereviews.com\/it\/software-contabilita-migliori-lista-software\/jgalileo-recensione\/#breadcrumb","itemListElement":[{"@type":"ListItem","position":1,"name":"Home","item":"https:\/\/www.accuratereviews.com\/it\/"},{"@type":"ListItem","position":2,"name":"I migliori software di contabilit\u00e0","item":"https:\/\/www.accuratereviews.com\/it\/software-contabilita-migliori-lista-software\/"},{"@type":"ListItem","position":3,"name":"Jgalileo"}]},{"@type":"WebSite","@id":"https:\/\/www.accuratereviews.com\/it\/#website","url":"https:\/\/www.accuratereviews.com\/it\/","name":"Accurate Reviews","description":"","potentialAction":[{"@type":"SearchAction","target":{"@type":"EntryPoint","urlTemplate":"https:\/\/www.accuratereviews.com\/it\/?s={search_term_string}"},"query-input":{"@type":"PropertyValueSpecification","valueRequired":true,"valueName":"search_term_string"}}],"inLanguage":"it-IT"}]}},"_links":{"self":[{"href":"https:\/\/www.accuratereviews.com\/it\/wp-json\/wp\/v2\/pages\/11765","targetHints":{"allow":["GET"]}}],"collection":[{"href":"https:\/\/www.accuratereviews.com\/it\/wp-json\/wp\/v2\/pages"}],"about":[{"href":"https:\/\/www.accuratereviews.com\/it\/wp-json\/wp\/v2\/types\/page"}],"author":[{"embeddable":true,"href":"https:\/\/www.accuratereviews.com\/it\/wp-json\/wp\/v2\/users\/17"}],"replies":[{"embeddable":true,"href":"https:\/\/www.accuratereviews.com\/it\/wp-json\/wp\/v2\/comments?post=11765"}],"version-history":[{"count":10,"href":"https:\/\/www.accuratereviews.com\/it\/wp-json\/wp\/v2\/pages\/11765\/revisions"}],"predecessor-version":[{"id":66451,"href":"https:\/\/www.accuratereviews.com\/it\/wp-json\/wp\/v2\/pages\/11765\/revisions\/66451"}],"up":[{"embeddable":true,"href":"https:\/\/www.accuratereviews.com\/it\/wp-json\/wp\/v2\/pages\/5495"}],"wp:featuredmedia":[{"embeddable":true,"href":"https:\/\/www.accuratereviews.com\/it\/wp-json\/wp\/v2\/media\/66445"}],"wp:attachment":[{"href":"https:\/\/www.accuratereviews.com\/it\/wp-json\/wp\/v2\/media?parent=11765"}],"wp:term":[{"taxonomy":"category","embeddable":true,"href":"https:\/\/www.accuratereviews.com\/it\/wp-json\/wp\/v2\/categories?post=11765"},{"taxonomy":"post_tag","embeddable":true,"href":"https:\/\/www.accuratereviews.com\/it\/wp-json\/wp\/v2\/tags?post=11765"},{"taxonomy":"features","embeddable":true,"href":"https:\/\/www.accuratereviews.com\/it\/wp-json\/wp\/v2\/features?post=11765"}],"curies":[{"name":"wp","href":"https:\/\/api.w.org\/{rel}","templated":true}]}}