{"id":11787,"date":"2019-03-08T08:00:52","date_gmt":"2019-03-08T08:00:52","guid":{"rendered":"https:\/\/www.accuratereviews.com\/?page_id=11787"},"modified":"2023-01-24T17:58:16","modified_gmt":"2023-01-24T17:58:16","slug":"spring-by-sistemi-recensione","status":"publish","type":"page","link":"https:\/\/www.accuratereviews.com\/it\/software-contabilita-migliori-lista-software\/spring-by-sistemi-recensione\/","title":{"rendered":"SPRING by Sistemi"},"content":{"rendered":"<div data-background-repeat=\"no-repeat\" data-background-size=\"cover\" data-background-position=\"center\" data-suppress-padding-top=\"false\" data-suppress-padding-bottom=\"true\" data-suppress-all-padding=\"false\">\n<p><strong>SPRING\u00a0<\/strong>\u00e8 un <strong>programma di contabilit\u00e0<\/strong>, prodotto da Sistemi, ideato per le PMI che sono alla ricerca di un <strong>software gestionale<\/strong> completo ed efficace. Per gestire la <strong>contabilit\u00e0<\/strong> in modo pi\u00f9 semplice, \u00e8 stata creata un&#8217;interfaccia intuitiva che ti permette di apprendere velocemente come accedere al mondo digitale, alla <strong>contabilit\u00e0 ordinaria e semplificata<\/strong>.\u00a0La struttura \u00e8 modulare, questo ti consente di estendere il software attraverso i molti moduli integrativi che vengono messi a disposizione per rispondere a tutte le tue esigenze! SPRING, insieme a <a href=\"https:\/\/www.accuratereviews.com\/it\/?page_id=11791&amp;preview=true\" target=\"_blank\" rel=\"noopener noreferrer\">eSOLVER<\/a>, ti offre inoltre un servizio di <strong>fatturazione elettronica<\/strong>, volto a velocizzare le procedure standard utilizzate sino ad ora.<\/p>\n<h2>FATTURA ELETTRONICA CON SPRING &#8211; TUTORIAL<\/h2>\n<p>Diamo allora uno sguardo a questo breve video che ci spiega come <strong>emettere, inviare e ricevere le fatture elettroniche.<\/strong><\/p>\n<\/div>\n<div data-background-repeat=\"no-repeat\" data-background-size=\"cover\" data-background-position=\"center\" data-suppress-padding-top=\"true\" data-suppress-padding-bottom=\"true\" data-suppress-all-padding=\"false\">\n<div>\n<div id=\"fluid-wrapper-counter-1\" class=\"g1-fluid-wrapper \" style=\"width:686px;\"><div style=\"padding-bottom:56.268221574344%;\"><iframe loading=\"lazy\" title=\"La fattura elettronica con i gestionali Sistemi\" width=\"686\" height=\"386\" src=\"https:\/\/www.youtube.com\/embed\/7ymqGbZd9tY?feature=oembed&amp;wmode=transparent&amp;autohide=1&amp;autoplay=0&amp;disablekb=0&amp;fs=1&amp;loop=0&amp;enablejsapi=1&amp;rel=0&amp;controls=2&amp;showinfo=0&amp;wmode=transparent&amp;autohide=2&amp;autoplay=0&amp;disablekb=0&amp;fs=1&amp;loop=0&amp;enablejsapi=1&amp;rel=0&amp;controls=2&amp;showinfo=1\" frameborder=\"0\" allow=\"accelerometer; autoplay; clipboard-write; encrypted-media; gyroscope; picture-in-picture; web-share\" allowfullscreen><\/iframe><\/div><\/div>\n<\/div>\n<\/div>\n<div data-background-repeat=\"no-repeat\" data-background-size=\"cover\" data-background-position=\"center\" data-suppress-padding-top=\"true\" data-suppress-padding-bottom=\"false\" data-suppress-all-padding=\"false\">\n<h3>SPRING &#8211; CARATTERISTICHE:<\/h3>\n<ul>\n<li><strong>Contabilit\u00e0<\/strong>: SPRING offre servizi per la g<strong>estione della contabilit\u00e0 ordinaria<\/strong>, di quella <strong>semplificata<\/strong>, dell&#8217;IVA, dei cespiti, degli incassi e di molto altro ancora!<\/li>\n<li><strong>Amministrazione<\/strong>: SPRING ti permette di gestire al meglio tutti gli adempimenti civilistici e fiscali;<\/li>\n<li><strong>Gestione vendite<\/strong>: ti consente di conoscere e gestire i prodotti venuti, il fatturato che viene generato, l&#8217;organizzazione degli ordini e delle spedizioni;<\/li>\n<li><strong>Gestione acquisti<\/strong>: ben gestita \u00e8 anche la parte legata agli acquisti, dove ti \u00e8 permesso pianificare e controllare i fabbisogni della tua impresa;<\/li>\n<li><strong>Gestione magazzino<\/strong>: con questo software, puoi anche tenere sempre sotto controllo l&#8217;organizzazione del magazzino;<\/li>\n<li><strong>Gestione bilancio<\/strong>: si occupa anche nella redazione e nella gestione del bilancio;<\/li>\n<li><strong>Gestione documenti<\/strong>: altra caratteristica \u00e8 quella di poter conservare i documenti contabili in un archivio elettronico a cui potrai anche aggiungere la tua firma digitale.<\/li>\n<\/ul>\n<\/div>\n<div data-background-repeat=\"no-repeat\" data-background-size=\"cover\" data-background-position=\"center\" data-suppress-padding-top=\"false\" data-suppress-padding-bottom=\"false\" data-suppress-all-padding=\"false\">\n<div>\n<div>\n<div><\/div>\n<\/div>\n<\/div>\n<\/div>\n","protected":false},"excerpt":{"rendered":"<p>SPRING\u00a0\u00e8 un programma di contabilit\u00e0, prodotto da Sistemi, ideato per le PMI che sono alla ricerca di un software gestionale completo ed efficace. Per gestire la contabilit\u00e0 in modo pi\u00f9 semplice, \u00e8 stata creata un&#8217;interfaccia intuitiva che ti permette di apprendere velocemente come accedere al mondo digitale, alla contabilit\u00e0 ordinaria e semplificata.\u00a0<\/p>\n","protected":false},"author":17,"featured_media":66530,"parent":5495,"menu_order":0,"comment_status":"open","ping_status":"closed","template":"g1_template_page_review_new.php","meta":{"_acf_changed":false,"cwp_meta_box_check":"Yes","cwp_rev_product_name":"","cwp_rev_product_image":"","wppr_links":[],"cwp_rev_price":"","wppr_options":[{"name":"Usability","value":"0"},{"name":"Speed","value":"0"},{"name":"Features","value":"0"},{"name":"Support","value":"0"},{"name":"Pricing","value":"0"}],"wppr_pros":["","","","",""],"wppr_cons":["","","","",""],"_monsterinsights_skip_tracking":false,"_monsterinsights_sitenote_active":false,"_monsterinsights_sitenote_note":"","_monsterinsights_sitenote_category":0,"footnotes":""},"categories":[97,96],"tags":[331,338,316,329,334],"features":[],"class_list":{"0":"post-11787","1":"page","2":"type-page","3":"status-publish","4":"has-post-thumbnail","6":"category-accounting-services-it","7":"category-contabilita","8":"tag-accounting-services","9":"tag-programma-gestionale","10":"tag-programmi-contabilita","11":"tag-software-di-contabilita","12":"tag-software-gestionale"},"wppr_data":{"cwp_meta_box_check":"Yes","cwp_rev_product_name":"","_wppr_review_template":"default","cwp_rev_product_image":"","cwp_image_link":"image","wppr_links":[],"cwp_rev_price":"","wppr_pros":["","","","",""],"wppr_cons":["","","","",""],"wppr_rating":"0.00","wppr_options":{"1":{"name":"Usability","value":"0"},"2":{"name":"Speed","value":"0"},"3":{"name":"Features","value":"0"},"4":{"name":"Support","value":"0"},"5":{"name":"Pricing","value":"0"}},"wppr_review_type":"Product","wppr_review_custom_fields":{"additionalProperty":"","additionalType":"","aggregateRating":"","alternateName":"","audience":"","award":"","awards":"","brand":"","color":"","depth":"","description":"","disambiguatingDescription":"","gtin12":"","gtin13":"","gtin14":"","gtin8":"","height":"","identifier":"","image":"","isAccessoryOrSparePartFor":"","isConsumableFor":"","isRelatedTo":"","isSimilarTo":"","itemCondition":"","logo":"","mainEntityOfPage":"","manufacturer":"","material":"","model":"","mpn":"","name":"","offers":"","potentialAction":"","productID":"","productionDate":"","purchaseDate":"","releaseDate":"","review":"","reviews":"","sameAs":"","sku":"","slogan":"","subjectOf":"","url":"","weight":"","width":""}},"acf":[],"yoast_head":"<!-- This site is optimized with the Yoast SEO plugin v27.4 - https:\/\/yoast.com\/product\/yoast-seo-wordpress\/ -->\n<title>SPRING by Sistemi : recensione - Accurate Reviews<\/title>\n<meta name=\"description\" content=\"SPRING:\u00a0recensione del programma di contabilit\u00e0 prodotto da Sistemi, ideato per le PMI che sono alla ricerca di un software gestionale completo ed efficace.\" \/>\n<meta name=\"robots\" content=\"index, follow, max-snippet:-1, max-image-preview:large, max-video-preview:-1\" \/>\n<link rel=\"canonical\" href=\"https:\/\/www.accuratereviews.com\/it\/software-contabilita-migliori-lista-software\/spring-by-sistemi-recensione\/\" \/>\n<meta property=\"og:locale\" content=\"it_IT\" \/>\n<meta property=\"og:type\" content=\"article\" \/>\n<meta property=\"og:title\" content=\"SPRING by Sistemi : recensione - Accurate Reviews\" \/>\n<meta property=\"og:description\" content=\"SPRING:\u00a0recensione del programma di contabilit\u00e0 prodotto da Sistemi, ideato per le PMI che sono alla ricerca di un software gestionale completo ed efficace.\" \/>\n<meta property=\"og:url\" content=\"https:\/\/www.accuratereviews.com\/it\/software-contabilita-migliori-lista-software\/spring-by-sistemi-recensione\/\" \/>\n<meta property=\"og:site_name\" content=\"Accurate Reviews\" \/>\n<meta property=\"article:modified_time\" content=\"2023-01-24T17:58:16+00:00\" \/>\n<meta property=\"og:image\" content=\"https:\/\/www.accuratereviews.com\/wp-content\/uploads\/2023\/01\/logo_Spring.png\" \/>\n\t<meta property=\"og:image:width\" content=\"438\" \/>\n\t<meta property=\"og:image:height\" content=\"399\" \/>\n\t<meta property=\"og:image:type\" content=\"image\/png\" \/>\n<meta name=\"twitter:card\" content=\"summary_large_image\" \/>\n<meta name=\"twitter:label1\" content=\"Tempo di lettura stimato\" \/>\n\t<meta name=\"twitter:data1\" content=\"2 minuti\" \/>\n<script type=\"application\/ld+json\" class=\"yoast-schema-graph\">{\"@context\":\"https:\\\/\\\/schema.org\",\"@graph\":[{\"@type\":\"WebPage\",\"@id\":\"https:\\\/\\\/www.accuratereviews.com\\\/it\\\/software-contabilita-migliori-lista-software\\\/spring-by-sistemi-recensione\\\/\",\"url\":\"https:\\\/\\\/www.accuratereviews.com\\\/it\\\/software-contabilita-migliori-lista-software\\\/spring-by-sistemi-recensione\\\/\",\"name\":\"SPRING by Sistemi : recensione - Accurate Reviews\",\"isPartOf\":{\"@id\":\"https:\\\/\\\/www.accuratereviews.com\\\/it\\\/#website\"},\"primaryImageOfPage\":{\"@id\":\"https:\\\/\\\/www.accuratereviews.com\\\/it\\\/software-contabilita-migliori-lista-software\\\/spring-by-sistemi-recensione\\\/#primaryimage\"},\"image\":{\"@id\":\"https:\\\/\\\/www.accuratereviews.com\\\/it\\\/software-contabilita-migliori-lista-software\\\/spring-by-sistemi-recensione\\\/#primaryimage\"},\"thumbnailUrl\":\"https:\\\/\\\/www.accuratereviews.com\\\/wp-content\\\/uploads\\\/2023\\\/01\\\/logo_Spring.png\",\"datePublished\":\"2019-03-08T08:00:52+00:00\",\"dateModified\":\"2023-01-24T17:58:16+00:00\",\"description\":\"SPRING:\u00a0recensione del programma di contabilit\u00e0 prodotto da Sistemi, ideato per le PMI che sono alla ricerca di un software gestionale completo ed efficace.\",\"breadcrumb\":{\"@id\":\"https:\\\/\\\/www.accuratereviews.com\\\/it\\\/software-contabilita-migliori-lista-software\\\/spring-by-sistemi-recensione\\\/#breadcrumb\"},\"inLanguage\":\"it-IT\",\"potentialAction\":[{\"@type\":\"ReadAction\",\"target\":[\"https:\\\/\\\/www.accuratereviews.com\\\/it\\\/software-contabilita-migliori-lista-software\\\/spring-by-sistemi-recensione\\\/\"]}]},{\"@type\":\"ImageObject\",\"inLanguage\":\"it-IT\",\"@id\":\"https:\\\/\\\/www.accuratereviews.com\\\/it\\\/software-contabilita-migliori-lista-software\\\/spring-by-sistemi-recensione\\\/#primaryimage\",\"url\":\"https:\\\/\\\/www.accuratereviews.com\\\/wp-content\\\/uploads\\\/2023\\\/01\\\/logo_Spring.png\",\"contentUrl\":\"https:\\\/\\\/www.accuratereviews.com\\\/wp-content\\\/uploads\\\/2023\\\/01\\\/logo_Spring.png\",\"width\":438,\"height\":399},{\"@type\":\"BreadcrumbList\",\"@id\":\"https:\\\/\\\/www.accuratereviews.com\\\/it\\\/software-contabilita-migliori-lista-software\\\/spring-by-sistemi-recensione\\\/#breadcrumb\",\"itemListElement\":[{\"@type\":\"ListItem\",\"position\":1,\"name\":\"Home\",\"item\":\"https:\\\/\\\/www.accuratereviews.com\\\/it\\\/\"},{\"@type\":\"ListItem\",\"position\":2,\"name\":\"I migliori software di contabilit\u00e0\",\"item\":\"https:\\\/\\\/www.accuratereviews.com\\\/it\\\/software-contabilita-migliori-lista-software\\\/\"},{\"@type\":\"ListItem\",\"position\":3,\"name\":\"SPRING by Sistemi\"}]},{\"@type\":\"WebSite\",\"@id\":\"https:\\\/\\\/www.accuratereviews.com\\\/it\\\/#website\",\"url\":\"https:\\\/\\\/www.accuratereviews.com\\\/it\\\/\",\"name\":\"Accurate Reviews\",\"description\":\"\",\"potentialAction\":[{\"@type\":\"SearchAction\",\"target\":{\"@type\":\"EntryPoint\",\"urlTemplate\":\"https:\\\/\\\/www.accuratereviews.com\\\/it\\\/?s={search_term_string}\"},\"query-input\":{\"@type\":\"PropertyValueSpecification\",\"valueRequired\":true,\"valueName\":\"search_term_string\"}}],\"inLanguage\":\"it-IT\"}]}<\/script>\n<!-- \/ Yoast SEO plugin. -->","yoast_head_json":{"title":"SPRING by Sistemi : recensione - Accurate Reviews","description":"SPRING:\u00a0recensione del programma di contabilit\u00e0 prodotto da Sistemi, ideato per le PMI che sono alla ricerca di un software gestionale completo ed efficace.","robots":{"index":"index","follow":"follow","max-snippet":"max-snippet:-1","max-image-preview":"max-image-preview:large","max-video-preview":"max-video-preview:-1"},"canonical":"https:\/\/www.accuratereviews.com\/it\/software-contabilita-migliori-lista-software\/spring-by-sistemi-recensione\/","og_locale":"it_IT","og_type":"article","og_title":"SPRING by Sistemi : recensione - Accurate Reviews","og_description":"SPRING:\u00a0recensione del programma di contabilit\u00e0 prodotto da Sistemi, ideato per le PMI che sono alla ricerca di un software gestionale completo ed efficace.","og_url":"https:\/\/www.accuratereviews.com\/it\/software-contabilita-migliori-lista-software\/spring-by-sistemi-recensione\/","og_site_name":"Accurate Reviews","article_modified_time":"2023-01-24T17:58:16+00:00","og_image":[{"width":438,"height":399,"url":"https:\/\/www.accuratereviews.com\/wp-content\/uploads\/2023\/01\/logo_Spring.png","type":"image\/png"}],"twitter_card":"summary_large_image","twitter_misc":{"Tempo di lettura stimato":"2 minuti"},"schema":{"@context":"https:\/\/schema.org","@graph":[{"@type":"WebPage","@id":"https:\/\/www.accuratereviews.com\/it\/software-contabilita-migliori-lista-software\/spring-by-sistemi-recensione\/","url":"https:\/\/www.accuratereviews.com\/it\/software-contabilita-migliori-lista-software\/spring-by-sistemi-recensione\/","name":"SPRING by Sistemi : recensione - Accurate Reviews","isPartOf":{"@id":"https:\/\/www.accuratereviews.com\/it\/#website"},"primaryImageOfPage":{"@id":"https:\/\/www.accuratereviews.com\/it\/software-contabilita-migliori-lista-software\/spring-by-sistemi-recensione\/#primaryimage"},"image":{"@id":"https:\/\/www.accuratereviews.com\/it\/software-contabilita-migliori-lista-software\/spring-by-sistemi-recensione\/#primaryimage"},"thumbnailUrl":"https:\/\/www.accuratereviews.com\/wp-content\/uploads\/2023\/01\/logo_Spring.png","datePublished":"2019-03-08T08:00:52+00:00","dateModified":"2023-01-24T17:58:16+00:00","description":"SPRING:\u00a0recensione del programma di contabilit\u00e0 prodotto da Sistemi, ideato per le PMI che sono alla ricerca di un software gestionale completo ed efficace.","breadcrumb":{"@id":"https:\/\/www.accuratereviews.com\/it\/software-contabilita-migliori-lista-software\/spring-by-sistemi-recensione\/#breadcrumb"},"inLanguage":"it-IT","potentialAction":[{"@type":"ReadAction","target":["https:\/\/www.accuratereviews.com\/it\/software-contabilita-migliori-lista-software\/spring-by-sistemi-recensione\/"]}]},{"@type":"ImageObject","inLanguage":"it-IT","@id":"https:\/\/www.accuratereviews.com\/it\/software-contabilita-migliori-lista-software\/spring-by-sistemi-recensione\/#primaryimage","url":"https:\/\/www.accuratereviews.com\/wp-content\/uploads\/2023\/01\/logo_Spring.png","contentUrl":"https:\/\/www.accuratereviews.com\/wp-content\/uploads\/2023\/01\/logo_Spring.png","width":438,"height":399},{"@type":"BreadcrumbList","@id":"https:\/\/www.accuratereviews.com\/it\/software-contabilita-migliori-lista-software\/spring-by-sistemi-recensione\/#breadcrumb","itemListElement":[{"@type":"ListItem","position":1,"name":"Home","item":"https:\/\/www.accuratereviews.com\/it\/"},{"@type":"ListItem","position":2,"name":"I migliori software di contabilit\u00e0","item":"https:\/\/www.accuratereviews.com\/it\/software-contabilita-migliori-lista-software\/"},{"@type":"ListItem","position":3,"name":"SPRING by Sistemi"}]},{"@type":"WebSite","@id":"https:\/\/www.accuratereviews.com\/it\/#website","url":"https:\/\/www.accuratereviews.com\/it\/","name":"Accurate Reviews","description":"","potentialAction":[{"@type":"SearchAction","target":{"@type":"EntryPoint","urlTemplate":"https:\/\/www.accuratereviews.com\/it\/?s={search_term_string}"},"query-input":{"@type":"PropertyValueSpecification","valueRequired":true,"valueName":"search_term_string"}}],"inLanguage":"it-IT"}]}},"_links":{"self":[{"href":"https:\/\/www.accuratereviews.com\/it\/wp-json\/wp\/v2\/pages\/11787","targetHints":{"allow":["GET"]}}],"collection":[{"href":"https:\/\/www.accuratereviews.com\/it\/wp-json\/wp\/v2\/pages"}],"about":[{"href":"https:\/\/www.accuratereviews.com\/it\/wp-json\/wp\/v2\/types\/page"}],"author":[{"embeddable":true,"href":"https:\/\/www.accuratereviews.com\/it\/wp-json\/wp\/v2\/users\/17"}],"replies":[{"embeddable":true,"href":"https:\/\/www.accuratereviews.com\/it\/wp-json\/wp\/v2\/comments?post=11787"}],"version-history":[{"count":12,"href":"https:\/\/www.accuratereviews.com\/it\/wp-json\/wp\/v2\/pages\/11787\/revisions"}],"predecessor-version":[{"id":66535,"href":"https:\/\/www.accuratereviews.com\/it\/wp-json\/wp\/v2\/pages\/11787\/revisions\/66535"}],"up":[{"embeddable":true,"href":"https:\/\/www.accuratereviews.com\/it\/wp-json\/wp\/v2\/pages\/5495"}],"wp:featuredmedia":[{"embeddable":true,"href":"https:\/\/www.accuratereviews.com\/it\/wp-json\/wp\/v2\/media\/66530"}],"wp:attachment":[{"href":"https:\/\/www.accuratereviews.com\/it\/wp-json\/wp\/v2\/media?parent=11787"}],"wp:term":[{"taxonomy":"category","embeddable":true,"href":"https:\/\/www.accuratereviews.com\/it\/wp-json\/wp\/v2\/categories?post=11787"},{"taxonomy":"post_tag","embeddable":true,"href":"https:\/\/www.accuratereviews.com\/it\/wp-json\/wp\/v2\/tags?post=11787"},{"taxonomy":"features","embeddable":true,"href":"https:\/\/www.accuratereviews.com\/it\/wp-json\/wp\/v2\/features?post=11787"}],"curies":[{"name":"wp","href":"https:\/\/api.w.org\/{rel}","templated":true}]}}