{"id":11789,"date":"2019-03-09T08:00:53","date_gmt":"2019-03-09T08:00:53","guid":{"rendered":"https:\/\/www.accuratereviews.com\/?page_id=11789"},"modified":"2023-01-24T17:59:00","modified_gmt":"2023-01-24T17:59:00","slug":"profis-by-sistemi-recensione","status":"publish","type":"page","link":"https:\/\/www.accuratereviews.com\/it\/software-contabilita-migliori-lista-software\/profis-by-sistemi-recensione\/","title":{"rendered":"PROFIS by Sistemi"},"content":{"rendered":"<p><strong>PROFIS,\u00a0<\/strong>progettato da Sistemi, \u00e8 un <strong>software di contabilit\u00e0<\/strong> ideale per chi vuole offrire un servizio di alta qualit\u00e0 che sappia rispondere a tutte le esigenze dei propri clienti. Si occupa infatti di erogare<strong> servizi contabili, fiscali e digitali <\/strong>con l&#8217;obiettivo di semplificare il lavoro gestionale ed amministrativo che svolgono i commercialisti nei confronti di imprese e privati. Con PROFIS l&#8217;utente pu\u00f2 scegliere la modalit\u00e0 di utilizzo pi\u00f9 comoda: quella in rete o quella in Cloud; \u00e8 un <strong>programma gestionale<\/strong> che si integra con <em>Job<\/em>, che si occupa dell&#8217;amministrazione del personale, con <em>Studio<\/em>, utile per l&#8217;organizzazione e lo svolgimento di diverse attivit\u00e0, con <a href=\"https:\/\/www.accuratereviews.com\/it\/?page_id=11791&amp;preview=true\" target=\"_blank\" rel=\"noopener noreferrer\"><em>eSolver<\/em><\/a>\u00a0e <a href=\"https:\/\/www.accuratereviews.com\/it\/?page_id=11787&amp;preview=true\" target=\"_blank\" rel=\"noopener noreferrer\"><em>Spring<\/em>,<\/a> gli altri due <strong>software gestionali<\/strong> di Sistemi e con <em>Office<\/em>, per la redazione di documenti Word ed Excel.<\/p>\n<p>Profis pu\u00f2 servire per i servizi di <strong>contabilit\u00e0 ordinaria e semplificata <\/strong>e offre anche il servizio di <strong>fatturazione elettronica<\/strong>.<\/p>\n<h2>PROFIS: FATTURAZIONE ELETTRONICA &#8211; TUTORIAL<\/h2>\n<p>Diamo un&#8217;occhiata a questo video che ci spiegher\u00e0 meglio i possibili scenari di <strong>fatturazione elettronica<\/strong> da offrire ai nostri clienti:<\/p>\n<div id=\"fluid-wrapper-counter-1\" class=\"g1-fluid-wrapper \" style=\"width:686px;\"><div style=\"padding-bottom:56.268221574344%;\"><iframe loading=\"lazy\" title=\"PROFIS Fatturazione elettronica:  quali moduli servono?\" width=\"686\" height=\"386\" src=\"https:\/\/www.youtube.com\/embed\/qOYTPcVwKPk?feature=oembed&amp;wmode=transparent&amp;autohide=1&amp;autoplay=0&amp;disablekb=0&amp;fs=1&amp;loop=0&amp;enablejsapi=1&amp;rel=0&amp;controls=2&amp;showinfo=0&amp;wmode=transparent&amp;autohide=2&amp;autoplay=0&amp;disablekb=0&amp;fs=1&amp;loop=0&amp;enablejsapi=1&amp;rel=0&amp;controls=2&amp;showinfo=1\" frameborder=\"0\" allow=\"accelerometer; autoplay; clipboard-write; encrypted-media; gyroscope; picture-in-picture; web-share\" allowfullscreen><\/iframe><\/div><\/div>\n<div>\n<h3>PROFIS &#8211; CARATTERISTICHE:<\/h3>\n<p>Proseguiamo guardando le migliori caratteristiche che offre questo<strong> software gestionale<\/strong>:<\/p>\n<ul>\n<li><strong>Contabilit\u00e0<\/strong>: Profis offre servizi sia per la contabilit\u00e0 ordinaria che per la contabilit\u00e0 semplificata;<\/li>\n<li><strong>Contabilit\u00e0 condivisa<\/strong>: il servizio \u00e8 disponibile anche su Cloud;<\/li>\n<li><strong>Gestione del bilancio<\/strong>: si occupa della gestione e della redazione del bilancio;<\/li>\n<li><strong>Fatturazione elettronica<\/strong>: offre sostegno e supporto nell&#8217;avvicinamento al mondo digitale e alla fatturazione elettronica;<\/li>\n<li><strong>Gestione documentazione<\/strong>: utile per la gestione di documenti, pratiche, dei contratti di locazione e molto altro!<\/li>\n<\/ul>\n<\/div>\n","protected":false},"excerpt":{"rendered":"<p>PROFIS,\u00a0progettato da Sistemi, \u00e8 un software di contabilit\u00e0 ideale per chi vuole offrire un servizio di alta qualit\u00e0 che sappia rispondere a tutte le esigenze dei propri clienti. Si occupa infatti di erogare servizi contabili, fiscali e digitali con l&#8217;obiettivo di semplificare il lavoro gestionale ed amministrativo che svolgono i commercialisti nei confronti di imprese e privati.<\/p>\n","protected":false},"author":17,"featured_media":11805,"parent":5495,"menu_order":0,"comment_status":"open","ping_status":"closed","template":"g1_template_page_review_new.php","meta":{"_acf_changed":false,"cwp_meta_box_check":"Yes","cwp_rev_product_name":"","cwp_rev_product_image":"","wppr_links":[],"cwp_rev_price":"","wppr_options":[{"name":"Usability","value":"0"},{"name":"Speed","value":"0"},{"name":"Features","value":"0"},{"name":"Support","value":"0"},{"name":"Pricing","value":"0"}],"wppr_pros":["","","","",""],"wppr_cons":["","","","",""],"_monsterinsights_skip_tracking":false,"_monsterinsights_sitenote_active":false,"_monsterinsights_sitenote_note":"","_monsterinsights_sitenote_category":0,"footnotes":""},"categories":[97,96],"tags":[317,330,315,337],"features":[],"class_list":{"0":"post-11789","1":"page","2":"type-page","3":"status-publish","4":"has-post-thumbnail","6":"category-accounting-services-it","7":"category-contabilita","8":"tag-contabilita-online","9":"tag-programma-contabilita","10":"tag-software-contabilita","11":"tag-software-gestionale-erp"},"wppr_data":{"cwp_meta_box_check":"Yes","cwp_rev_product_name":"","_wppr_review_template":"default","cwp_rev_product_image":"","cwp_image_link":"image","wppr_links":[],"cwp_rev_price":"","wppr_pros":["","","","",""],"wppr_cons":["","","","",""],"wppr_rating":"0.00","wppr_options":{"1":{"name":"Usability","value":"0"},"2":{"name":"Speed","value":"0"},"3":{"name":"Features","value":"0"},"4":{"name":"Support","value":"0"},"5":{"name":"Pricing","value":"0"}},"wppr_review_type":"Product","wppr_review_custom_fields":{"additionalProperty":"","additionalType":"","aggregateRating":"","alternateName":"","audience":"","award":"","awards":"","brand":"","color":"","depth":"","description":"","disambiguatingDescription":"","gtin12":"","gtin13":"","gtin14":"","gtin8":"","height":"","identifier":"","image":"","isAccessoryOrSparePartFor":"","isConsumableFor":"","isRelatedTo":"","isSimilarTo":"","itemCondition":"","logo":"","mainEntityOfPage":"","manufacturer":"","material":"","model":"","mpn":"","name":"","offers":"","potentialAction":"","productID":"","productionDate":"","purchaseDate":"","releaseDate":"","review":"","reviews":"","sameAs":"","sku":"","slogan":"","subjectOf":"","url":"","weight":"","width":""}},"acf":[],"yoast_head":"<!-- This site is optimized with the Yoast SEO plugin v27.4 - https:\/\/yoast.com\/product\/yoast-seo-wordpress\/ -->\n<title>PROFIS by Sistemi - Recensione - Accurate Reviews<\/title>\n<meta name=\"description\" content=\"PROFIS: recensione del software di contabilit\u00e0, ideale per chi vuole offrire un servizio di qualit\u00e0, che sappia rispondere a tutte le esigenze dei clienti.\" \/>\n<meta name=\"robots\" content=\"index, follow, max-snippet:-1, max-image-preview:large, max-video-preview:-1\" \/>\n<link rel=\"canonical\" href=\"https:\/\/www.accuratereviews.com\/it\/software-contabilita-migliori-lista-software\/profis-by-sistemi-recensione\/\" \/>\n<meta property=\"og:locale\" content=\"it_IT\" \/>\n<meta property=\"og:type\" content=\"article\" \/>\n<meta property=\"og:title\" content=\"PROFIS by Sistemi - Recensione - Accurate Reviews\" \/>\n<meta property=\"og:description\" content=\"PROFIS: recensione del software di contabilit\u00e0, ideale per chi vuole offrire un servizio di qualit\u00e0, che sappia rispondere a tutte le esigenze dei clienti.\" \/>\n<meta property=\"og:url\" content=\"https:\/\/www.accuratereviews.com\/it\/software-contabilita-migliori-lista-software\/profis-by-sistemi-recensione\/\" \/>\n<meta property=\"og:site_name\" content=\"Accurate Reviews\" \/>\n<meta property=\"article:modified_time\" content=\"2023-01-24T17:59:00+00:00\" \/>\n<meta property=\"og:image\" content=\"https:\/\/www.accuratereviews.com\/wp-content\/uploads\/2019\/03\/logo_Profis-prodotto-1.png\" \/>\n\t<meta property=\"og:image:width\" content=\"311\" \/>\n\t<meta property=\"og:image:height\" content=\"267\" \/>\n\t<meta property=\"og:image:type\" content=\"image\/png\" \/>\n<meta name=\"twitter:card\" content=\"summary_large_image\" \/>\n<meta name=\"twitter:label1\" content=\"Tempo di lettura stimato\" \/>\n\t<meta name=\"twitter:data1\" content=\"2 minuti\" \/>\n<script type=\"application\/ld+json\" class=\"yoast-schema-graph\">{\"@context\":\"https:\\\/\\\/schema.org\",\"@graph\":[{\"@type\":\"WebPage\",\"@id\":\"https:\\\/\\\/www.accuratereviews.com\\\/it\\\/software-contabilita-migliori-lista-software\\\/profis-by-sistemi-recensione\\\/\",\"url\":\"https:\\\/\\\/www.accuratereviews.com\\\/it\\\/software-contabilita-migliori-lista-software\\\/profis-by-sistemi-recensione\\\/\",\"name\":\"PROFIS by Sistemi - Recensione - Accurate Reviews\",\"isPartOf\":{\"@id\":\"https:\\\/\\\/www.accuratereviews.com\\\/it\\\/#website\"},\"primaryImageOfPage\":{\"@id\":\"https:\\\/\\\/www.accuratereviews.com\\\/it\\\/software-contabilita-migliori-lista-software\\\/profis-by-sistemi-recensione\\\/#primaryimage\"},\"image\":{\"@id\":\"https:\\\/\\\/www.accuratereviews.com\\\/it\\\/software-contabilita-migliori-lista-software\\\/profis-by-sistemi-recensione\\\/#primaryimage\"},\"thumbnailUrl\":\"https:\\\/\\\/www.accuratereviews.com\\\/wp-content\\\/uploads\\\/2019\\\/03\\\/logo_Profis-prodotto-1.png\",\"datePublished\":\"2019-03-09T08:00:53+00:00\",\"dateModified\":\"2023-01-24T17:59:00+00:00\",\"description\":\"PROFIS: recensione del software di contabilit\u00e0, ideale per chi vuole offrire un servizio di qualit\u00e0, che sappia rispondere a tutte le esigenze dei clienti.\",\"breadcrumb\":{\"@id\":\"https:\\\/\\\/www.accuratereviews.com\\\/it\\\/software-contabilita-migliori-lista-software\\\/profis-by-sistemi-recensione\\\/#breadcrumb\"},\"inLanguage\":\"it-IT\",\"potentialAction\":[{\"@type\":\"ReadAction\",\"target\":[\"https:\\\/\\\/www.accuratereviews.com\\\/it\\\/software-contabilita-migliori-lista-software\\\/profis-by-sistemi-recensione\\\/\"]}]},{\"@type\":\"ImageObject\",\"inLanguage\":\"it-IT\",\"@id\":\"https:\\\/\\\/www.accuratereviews.com\\\/it\\\/software-contabilita-migliori-lista-software\\\/profis-by-sistemi-recensione\\\/#primaryimage\",\"url\":\"https:\\\/\\\/www.accuratereviews.com\\\/wp-content\\\/uploads\\\/2019\\\/03\\\/logo_Profis-prodotto-1.png\",\"contentUrl\":\"https:\\\/\\\/www.accuratereviews.com\\\/wp-content\\\/uploads\\\/2019\\\/03\\\/logo_Profis-prodotto-1.png\",\"width\":311,\"height\":267},{\"@type\":\"BreadcrumbList\",\"@id\":\"https:\\\/\\\/www.accuratereviews.com\\\/it\\\/software-contabilita-migliori-lista-software\\\/profis-by-sistemi-recensione\\\/#breadcrumb\",\"itemListElement\":[{\"@type\":\"ListItem\",\"position\":1,\"name\":\"Home\",\"item\":\"https:\\\/\\\/www.accuratereviews.com\\\/it\\\/\"},{\"@type\":\"ListItem\",\"position\":2,\"name\":\"I migliori software di contabilit\u00e0\",\"item\":\"https:\\\/\\\/www.accuratereviews.com\\\/it\\\/software-contabilita-migliori-lista-software\\\/\"},{\"@type\":\"ListItem\",\"position\":3,\"name\":\"PROFIS by Sistemi\"}]},{\"@type\":\"WebSite\",\"@id\":\"https:\\\/\\\/www.accuratereviews.com\\\/it\\\/#website\",\"url\":\"https:\\\/\\\/www.accuratereviews.com\\\/it\\\/\",\"name\":\"Accurate Reviews\",\"description\":\"\",\"potentialAction\":[{\"@type\":\"SearchAction\",\"target\":{\"@type\":\"EntryPoint\",\"urlTemplate\":\"https:\\\/\\\/www.accuratereviews.com\\\/it\\\/?s={search_term_string}\"},\"query-input\":{\"@type\":\"PropertyValueSpecification\",\"valueRequired\":true,\"valueName\":\"search_term_string\"}}],\"inLanguage\":\"it-IT\"}]}<\/script>\n<!-- \/ Yoast SEO plugin. -->","yoast_head_json":{"title":"PROFIS by Sistemi - Recensione - Accurate Reviews","description":"PROFIS: recensione del software di contabilit\u00e0, ideale per chi vuole offrire un servizio di qualit\u00e0, che sappia rispondere a tutte le esigenze dei clienti.","robots":{"index":"index","follow":"follow","max-snippet":"max-snippet:-1","max-image-preview":"max-image-preview:large","max-video-preview":"max-video-preview:-1"},"canonical":"https:\/\/www.accuratereviews.com\/it\/software-contabilita-migliori-lista-software\/profis-by-sistemi-recensione\/","og_locale":"it_IT","og_type":"article","og_title":"PROFIS by Sistemi - Recensione - Accurate Reviews","og_description":"PROFIS: recensione del software di contabilit\u00e0, ideale per chi vuole offrire un servizio di qualit\u00e0, che sappia rispondere a tutte le esigenze dei clienti.","og_url":"https:\/\/www.accuratereviews.com\/it\/software-contabilita-migliori-lista-software\/profis-by-sistemi-recensione\/","og_site_name":"Accurate Reviews","article_modified_time":"2023-01-24T17:59:00+00:00","og_image":[{"width":311,"height":267,"url":"https:\/\/www.accuratereviews.com\/wp-content\/uploads\/2019\/03\/logo_Profis-prodotto-1.png","type":"image\/png"}],"twitter_card":"summary_large_image","twitter_misc":{"Tempo di lettura stimato":"2 minuti"},"schema":{"@context":"https:\/\/schema.org","@graph":[{"@type":"WebPage","@id":"https:\/\/www.accuratereviews.com\/it\/software-contabilita-migliori-lista-software\/profis-by-sistemi-recensione\/","url":"https:\/\/www.accuratereviews.com\/it\/software-contabilita-migliori-lista-software\/profis-by-sistemi-recensione\/","name":"PROFIS by Sistemi - Recensione - Accurate Reviews","isPartOf":{"@id":"https:\/\/www.accuratereviews.com\/it\/#website"},"primaryImageOfPage":{"@id":"https:\/\/www.accuratereviews.com\/it\/software-contabilita-migliori-lista-software\/profis-by-sistemi-recensione\/#primaryimage"},"image":{"@id":"https:\/\/www.accuratereviews.com\/it\/software-contabilita-migliori-lista-software\/profis-by-sistemi-recensione\/#primaryimage"},"thumbnailUrl":"https:\/\/www.accuratereviews.com\/wp-content\/uploads\/2019\/03\/logo_Profis-prodotto-1.png","datePublished":"2019-03-09T08:00:53+00:00","dateModified":"2023-01-24T17:59:00+00:00","description":"PROFIS: recensione del software di contabilit\u00e0, ideale per chi vuole offrire un servizio di qualit\u00e0, che sappia rispondere a tutte le esigenze dei clienti.","breadcrumb":{"@id":"https:\/\/www.accuratereviews.com\/it\/software-contabilita-migliori-lista-software\/profis-by-sistemi-recensione\/#breadcrumb"},"inLanguage":"it-IT","potentialAction":[{"@type":"ReadAction","target":["https:\/\/www.accuratereviews.com\/it\/software-contabilita-migliori-lista-software\/profis-by-sistemi-recensione\/"]}]},{"@type":"ImageObject","inLanguage":"it-IT","@id":"https:\/\/www.accuratereviews.com\/it\/software-contabilita-migliori-lista-software\/profis-by-sistemi-recensione\/#primaryimage","url":"https:\/\/www.accuratereviews.com\/wp-content\/uploads\/2019\/03\/logo_Profis-prodotto-1.png","contentUrl":"https:\/\/www.accuratereviews.com\/wp-content\/uploads\/2019\/03\/logo_Profis-prodotto-1.png","width":311,"height":267},{"@type":"BreadcrumbList","@id":"https:\/\/www.accuratereviews.com\/it\/software-contabilita-migliori-lista-software\/profis-by-sistemi-recensione\/#breadcrumb","itemListElement":[{"@type":"ListItem","position":1,"name":"Home","item":"https:\/\/www.accuratereviews.com\/it\/"},{"@type":"ListItem","position":2,"name":"I migliori software di contabilit\u00e0","item":"https:\/\/www.accuratereviews.com\/it\/software-contabilita-migliori-lista-software\/"},{"@type":"ListItem","position":3,"name":"PROFIS by Sistemi"}]},{"@type":"WebSite","@id":"https:\/\/www.accuratereviews.com\/it\/#website","url":"https:\/\/www.accuratereviews.com\/it\/","name":"Accurate Reviews","description":"","potentialAction":[{"@type":"SearchAction","target":{"@type":"EntryPoint","urlTemplate":"https:\/\/www.accuratereviews.com\/it\/?s={search_term_string}"},"query-input":{"@type":"PropertyValueSpecification","valueRequired":true,"valueName":"search_term_string"}}],"inLanguage":"it-IT"}]}},"_links":{"self":[{"href":"https:\/\/www.accuratereviews.com\/it\/wp-json\/wp\/v2\/pages\/11789","targetHints":{"allow":["GET"]}}],"collection":[{"href":"https:\/\/www.accuratereviews.com\/it\/wp-json\/wp\/v2\/pages"}],"about":[{"href":"https:\/\/www.accuratereviews.com\/it\/wp-json\/wp\/v2\/types\/page"}],"author":[{"embeddable":true,"href":"https:\/\/www.accuratereviews.com\/it\/wp-json\/wp\/v2\/users\/17"}],"replies":[{"embeddable":true,"href":"https:\/\/www.accuratereviews.com\/it\/wp-json\/wp\/v2\/comments?post=11789"}],"version-history":[{"count":10,"href":"https:\/\/www.accuratereviews.com\/it\/wp-json\/wp\/v2\/pages\/11789\/revisions"}],"predecessor-version":[{"id":66536,"href":"https:\/\/www.accuratereviews.com\/it\/wp-json\/wp\/v2\/pages\/11789\/revisions\/66536"}],"up":[{"embeddable":true,"href":"https:\/\/www.accuratereviews.com\/it\/wp-json\/wp\/v2\/pages\/5495"}],"wp:featuredmedia":[{"embeddable":true,"href":"https:\/\/www.accuratereviews.com\/it\/wp-json\/wp\/v2\/media\/11805"}],"wp:attachment":[{"href":"https:\/\/www.accuratereviews.com\/it\/wp-json\/wp\/v2\/media?parent=11789"}],"wp:term":[{"taxonomy":"category","embeddable":true,"href":"https:\/\/www.accuratereviews.com\/it\/wp-json\/wp\/v2\/categories?post=11789"},{"taxonomy":"post_tag","embeddable":true,"href":"https:\/\/www.accuratereviews.com\/it\/wp-json\/wp\/v2\/tags?post=11789"},{"taxonomy":"features","embeddable":true,"href":"https:\/\/www.accuratereviews.com\/it\/wp-json\/wp\/v2\/features?post=11789"}],"curies":[{"name":"wp","href":"https:\/\/api.w.org\/{rel}","templated":true}]}}