{"id":11814,"date":"2019-03-07T14:53:02","date_gmt":"2019-03-07T14:53:02","guid":{"rendered":"https:\/\/www.accuratereviews.com\/?page_id=11814"},"modified":"2023-01-24T18:03:25","modified_gmt":"2023-01-24T18:03:25","slug":"passepartout-recensione","status":"publish","type":"page","link":"https:\/\/www.accuratereviews.com\/it\/software-contabilita-migliori-lista-software\/passepartout-recensione\/","title":{"rendered":"Passepartout"},"content":{"rendered":"<p><strong>Passepartout<\/strong> \u00e8 un <strong>software gestionale<\/strong> per piccole e medie imprese, commercialisti, consulenti del lavoro, negozi e non solo.\u00a0 \u00c8 sempre e costantemente aggiornato alle modifiche normative e alle nuove esigenze del mercato e ha una vasta gamma di funzionalit\u00e0 e moduli per adattarsi alle vostre necessit\u00e0. Un commercialista, ad esempio, con questo programma pu\u00f2 gestire pi\u00f9 aziende in <strong>contabilit\u00e0 ordinaria o semplificata<\/strong>, generare il bilancio d\u2019esercizio e la nota integrativa, elaborare dichiarazioni dei redditi (Unico PF, SP, SC, ENC, Consolidato Nazionale Mondiale, 730 e 730\/4), effettuare l\u2019invio telematico delle deleghe F24, contabili e redditi, con acquisizione delle ricevute, curare tutti gli aspetti contabili e fiscali tipici dell\u2019attivit\u00e0 di consulenza. \u00a0Per un&#8217;impresa oltre alla classica contabilit\u00e0 (partita doppia) il sistema \u00e8 integrato per la fatturazione elettronica sia verso privati e sia verso la Pubblica Amministrazione (PA), conservazione documenti digitali, gestione e-commerce, controlli di gestioni e molto altro.<\/p>\n<h2>PASSEPARTOUT &#8211; TUTORIAL<\/h2>\n<p>Di seguito un video tutorial di questo <strong>software gestionale<\/strong> per capire come funziona:<\/p>\n<div id=\"fluid-wrapper-counter-1\" class=\"g1-fluid-wrapper \" style=\"width:686px;\">\n<div style=\"padding-bottom:56.268221574344%;\"><iframe loading=\"lazy\" title=\"Il piano dei conti e la rubrica clienti e fornitori\" width=\"515\" height=\"386\" src=\"https:\/\/www.youtube.com\/embed\/nlBI8A2N_RI?list=PL_L1mhzSmKI4Rp-qCvhthy6JVW_3z_QQv\" frameborder=\"0\" allow=\"accelerometer; autoplay; clipboard-write; encrypted-media; gyroscope; picture-in-picture; web-share\" allowfullscreen><\/iframe><\/div>\n<\/div>\n<h3>PASSEPARTOUT &#8211; CARATTERISTICHE<\/h3>\n<ul>\n<li><strong>Raccolta Ordini:\u00a0<\/strong>disporre di informazioni complete sui clienti, gestire fido e scoperto, integrare la scheda del cliente con informazioni aggiuntive, effettuare ricerche anagrafiche per prossimit\u00e0 geografica, effettuare ricerche sui prodotti ed inserire ordini di acquisto, gestire codici a barre, disporre in tempo reale di tutte le condizioni commerciali costantemente aggiornate, ottenere un confronto immediato tra le condizioni dell\u2019ordine attuale e il precedente, valorizzare istantaneamente l\u2019ordine, inserire note a livello di riga e di ordine.<\/li>\n<li><strong>E-commerce<\/strong>: permette di realizzare un vero e proprio <strong>negozio online<\/strong> con allineamento, in tempo reale, di tutti i dati pubblicati sul sito con quelli presenti sul gestionale<\/li>\n<li><strong>Fattura Elettronica<\/strong>: creazione della <strong>fattura in formato elettronico<\/strong> come previsto dalla normativa, firma digitale di quest&#8217;ultima, invio attraverso l\u2019apposito Sistema di Interscambio (Sdi) dell\u2019Agenzia delle Entrate e conservazione per i 10 anni prescritti dalla normativa vigente<\/li>\n<li><strong>Gestione Inventario:\u00a0<\/strong>permette di eseguire tramite palmare con lettore bar code l\u2019inventario del magazzino in modo automatico oppure l\u2019emissione degli ordini e delle bolle di accompagnamento.<\/li>\n<li class=\"clr \">\n<div class=\"wpb_row vc_row-fluid \">\n<div class=\"vc_span3 wpb_column column_container vcex-skin-default \">\n<div class=\"wpb_single_image wpb_content_element wpb_animate_when_almost_visible wpb_appear vc_align_center wpb_start_animation\">\n<div class=\"wpb_wrapper\"><strong>Cloud Computing:\u00a0<\/strong>permette agli utenti di accedere da qualunque luogo e in ogni momento ai propri programmi, dati e informazioni, accorciando cos\u00ec i tempi decisionali, semplificando i processi e migliorando la collaborazione, abbattendo i costi di gestione.<\/div>\n<\/div>\n<\/div>\n<\/div>\n<\/li>\n<\/ul>\n","protected":false},"excerpt":{"rendered":"<p>Passepartout \u00e8 un software gestionale per piccole e medie imprese, commercialisti, consulenti del lavoro, negozi ecc. \u00a0\u00e8 sempre e costantemente aggiornato alle modifiche normative e alle nuove esigenze del mercato ha una vasta gamma di funzionalit\u00e0 e moduli per adattarsi alle vostre necessit\u00e0. <\/p>\n","protected":false},"author":19,"featured_media":66537,"parent":5495,"menu_order":0,"comment_status":"open","ping_status":"closed","template":"g1_template_page_review_new.php","meta":{"_acf_changed":false,"cwp_meta_box_check":"Yes","cwp_rev_product_name":"","cwp_rev_product_image":"","wppr_links":[],"cwp_rev_price":"","wppr_options":[{"name":"Usability","value":"0"},{"name":"Speed","value":"0"},{"name":"Features","value":"0"},{"name":"Support","value":"0"},{"name":"Pricing","value":"0"}],"wppr_pros":["","","","",""],"wppr_cons":["","","","",""],"_monsterinsights_skip_tracking":false,"_monsterinsights_sitenote_active":false,"_monsterinsights_sitenote_note":"","_monsterinsights_sitenote_category":0,"footnotes":""},"categories":[97,96],"tags":[341,190,342,334],"features":[],"class_list":{"0":"post-11814","1":"page","2":"type-page","3":"status-publish","4":"has-post-thumbnail","6":"category-accounting-services-it","7":"category-contabilita","8":"tag-contabilita-ordinaria-e-semplificata","9":"tag-fatturazione-elettronica","10":"tag-gestione-e-commerce","11":"tag-software-gestionale"},"wppr_data":{"cwp_meta_box_check":"Yes","cwp_rev_product_name":"","_wppr_review_template":"default","cwp_rev_product_image":"","cwp_image_link":"image","wppr_links":[],"cwp_rev_price":"","wppr_pros":["","","","",""],"wppr_cons":["","","","",""],"wppr_rating":"0.00","wppr_options":{"1":{"name":"Usability","value":"0"},"2":{"name":"Speed","value":"0"},"3":{"name":"Features","value":"0"},"4":{"name":"Support","value":"0"},"5":{"name":"Pricing","value":"0"}},"wppr_review_type":"Product","wppr_review_custom_fields":{"additionalProperty":"","additionalType":"","aggregateRating":"","alternateName":"","audience":"","award":"","awards":"","brand":"","color":"","depth":"","description":"","disambiguatingDescription":"","gtin12":"","gtin13":"","gtin14":"","gtin8":"","height":"","identifier":"","image":"","isAccessoryOrSparePartFor":"","isConsumableFor":"","isRelatedTo":"","isSimilarTo":"","itemCondition":"","logo":"","mainEntityOfPage":"","manufacturer":"","material":"","model":"","mpn":"","name":"","offers":"","potentialAction":"","productID":"","productionDate":"","purchaseDate":"","releaseDate":"","review":"","reviews":"","sameAs":"","sku":"","slogan":"","subjectOf":"","url":"","weight":"","width":""}},"acf":[],"yoast_head":"<!-- This site is optimized with the Yoast SEO plugin v27.4 - https:\/\/yoast.com\/product\/yoast-seo-wordpress\/ -->\n<title>Passepartout: recensione software gestionale - Accurate Reviews<\/title>\n<meta name=\"description\" content=\"Passepartout: recensione del software gestionale per piccole e medie imprese, commercialisti, consulenti del lavoro e negozi sempre aggiornato.\" \/>\n<meta name=\"robots\" content=\"index, follow, max-snippet:-1, max-image-preview:large, max-video-preview:-1\" \/>\n<link rel=\"canonical\" href=\"https:\/\/www.accuratereviews.com\/it\/software-contabilita-migliori-lista-software\/passepartout-recensione\/\" \/>\n<meta property=\"og:locale\" content=\"it_IT\" \/>\n<meta property=\"og:type\" content=\"article\" \/>\n<meta property=\"og:title\" content=\"Passepartout: recensione software gestionale - Accurate Reviews\" \/>\n<meta property=\"og:description\" content=\"Passepartout: recensione del software gestionale per piccole e medie imprese, commercialisti, consulenti del lavoro e negozi sempre aggiornato.\" \/>\n<meta property=\"og:url\" content=\"https:\/\/www.accuratereviews.com\/it\/software-contabilita-migliori-lista-software\/passepartout-recensione\/\" \/>\n<meta property=\"og:site_name\" content=\"Accurate Reviews\" \/>\n<meta property=\"article:modified_time\" content=\"2023-01-24T18:03:25+00:00\" \/>\n<meta property=\"og:image\" content=\"https:\/\/www.accuratereviews.com\/wp-content\/uploads\/2023\/01\/Logo-Passepartout.png\" \/>\n\t<meta property=\"og:image:width\" content=\"600\" \/>\n\t<meta property=\"og:image:height\" content=\"200\" \/>\n\t<meta property=\"og:image:type\" content=\"image\/png\" \/>\n<meta name=\"twitter:card\" content=\"summary_large_image\" \/>\n<meta name=\"twitter:label1\" content=\"Tempo di lettura stimato\" \/>\n\t<meta name=\"twitter:data1\" content=\"2 minuti\" \/>\n<script type=\"application\/ld+json\" class=\"yoast-schema-graph\">{\"@context\":\"https:\\\/\\\/schema.org\",\"@graph\":[{\"@type\":\"WebPage\",\"@id\":\"https:\\\/\\\/www.accuratereviews.com\\\/it\\\/software-contabilita-migliori-lista-software\\\/passepartout-recensione\\\/\",\"url\":\"https:\\\/\\\/www.accuratereviews.com\\\/it\\\/software-contabilita-migliori-lista-software\\\/passepartout-recensione\\\/\",\"name\":\"Passepartout: recensione software gestionale - Accurate Reviews\",\"isPartOf\":{\"@id\":\"https:\\\/\\\/www.accuratereviews.com\\\/it\\\/#website\"},\"primaryImageOfPage\":{\"@id\":\"https:\\\/\\\/www.accuratereviews.com\\\/it\\\/software-contabilita-migliori-lista-software\\\/passepartout-recensione\\\/#primaryimage\"},\"image\":{\"@id\":\"https:\\\/\\\/www.accuratereviews.com\\\/it\\\/software-contabilita-migliori-lista-software\\\/passepartout-recensione\\\/#primaryimage\"},\"thumbnailUrl\":\"https:\\\/\\\/www.accuratereviews.com\\\/wp-content\\\/uploads\\\/2023\\\/01\\\/Logo-Passepartout.png\",\"datePublished\":\"2019-03-07T14:53:02+00:00\",\"dateModified\":\"2023-01-24T18:03:25+00:00\",\"description\":\"Passepartout: recensione del software gestionale per piccole e medie imprese, commercialisti, consulenti del lavoro e negozi sempre aggiornato.\",\"breadcrumb\":{\"@id\":\"https:\\\/\\\/www.accuratereviews.com\\\/it\\\/software-contabilita-migliori-lista-software\\\/passepartout-recensione\\\/#breadcrumb\"},\"inLanguage\":\"it-IT\",\"potentialAction\":[{\"@type\":\"ReadAction\",\"target\":[\"https:\\\/\\\/www.accuratereviews.com\\\/it\\\/software-contabilita-migliori-lista-software\\\/passepartout-recensione\\\/\"]}]},{\"@type\":\"ImageObject\",\"inLanguage\":\"it-IT\",\"@id\":\"https:\\\/\\\/www.accuratereviews.com\\\/it\\\/software-contabilita-migliori-lista-software\\\/passepartout-recensione\\\/#primaryimage\",\"url\":\"https:\\\/\\\/www.accuratereviews.com\\\/wp-content\\\/uploads\\\/2023\\\/01\\\/Logo-Passepartout.png\",\"contentUrl\":\"https:\\\/\\\/www.accuratereviews.com\\\/wp-content\\\/uploads\\\/2023\\\/01\\\/Logo-Passepartout.png\",\"width\":600,\"height\":200},{\"@type\":\"BreadcrumbList\",\"@id\":\"https:\\\/\\\/www.accuratereviews.com\\\/it\\\/software-contabilita-migliori-lista-software\\\/passepartout-recensione\\\/#breadcrumb\",\"itemListElement\":[{\"@type\":\"ListItem\",\"position\":1,\"name\":\"Home\",\"item\":\"https:\\\/\\\/www.accuratereviews.com\\\/it\\\/\"},{\"@type\":\"ListItem\",\"position\":2,\"name\":\"I migliori software di contabilit\u00e0\",\"item\":\"https:\\\/\\\/www.accuratereviews.com\\\/it\\\/software-contabilita-migliori-lista-software\\\/\"},{\"@type\":\"ListItem\",\"position\":3,\"name\":\"Passepartout\"}]},{\"@type\":\"WebSite\",\"@id\":\"https:\\\/\\\/www.accuratereviews.com\\\/it\\\/#website\",\"url\":\"https:\\\/\\\/www.accuratereviews.com\\\/it\\\/\",\"name\":\"Accurate Reviews\",\"description\":\"\",\"potentialAction\":[{\"@type\":\"SearchAction\",\"target\":{\"@type\":\"EntryPoint\",\"urlTemplate\":\"https:\\\/\\\/www.accuratereviews.com\\\/it\\\/?s={search_term_string}\"},\"query-input\":{\"@type\":\"PropertyValueSpecification\",\"valueRequired\":true,\"valueName\":\"search_term_string\"}}],\"inLanguage\":\"it-IT\"}]}<\/script>\n<!-- \/ Yoast SEO plugin. -->","yoast_head_json":{"title":"Passepartout: recensione software gestionale - Accurate Reviews","description":"Passepartout: recensione del software gestionale per piccole e medie imprese, commercialisti, consulenti del lavoro e negozi sempre aggiornato.","robots":{"index":"index","follow":"follow","max-snippet":"max-snippet:-1","max-image-preview":"max-image-preview:large","max-video-preview":"max-video-preview:-1"},"canonical":"https:\/\/www.accuratereviews.com\/it\/software-contabilita-migliori-lista-software\/passepartout-recensione\/","og_locale":"it_IT","og_type":"article","og_title":"Passepartout: recensione software gestionale - Accurate Reviews","og_description":"Passepartout: recensione del software gestionale per piccole e medie imprese, commercialisti, consulenti del lavoro e negozi sempre aggiornato.","og_url":"https:\/\/www.accuratereviews.com\/it\/software-contabilita-migliori-lista-software\/passepartout-recensione\/","og_site_name":"Accurate Reviews","article_modified_time":"2023-01-24T18:03:25+00:00","og_image":[{"width":600,"height":200,"url":"https:\/\/www.accuratereviews.com\/wp-content\/uploads\/2023\/01\/Logo-Passepartout.png","type":"image\/png"}],"twitter_card":"summary_large_image","twitter_misc":{"Tempo di lettura stimato":"2 minuti"},"schema":{"@context":"https:\/\/schema.org","@graph":[{"@type":"WebPage","@id":"https:\/\/www.accuratereviews.com\/it\/software-contabilita-migliori-lista-software\/passepartout-recensione\/","url":"https:\/\/www.accuratereviews.com\/it\/software-contabilita-migliori-lista-software\/passepartout-recensione\/","name":"Passepartout: recensione software gestionale - Accurate Reviews","isPartOf":{"@id":"https:\/\/www.accuratereviews.com\/it\/#website"},"primaryImageOfPage":{"@id":"https:\/\/www.accuratereviews.com\/it\/software-contabilita-migliori-lista-software\/passepartout-recensione\/#primaryimage"},"image":{"@id":"https:\/\/www.accuratereviews.com\/it\/software-contabilita-migliori-lista-software\/passepartout-recensione\/#primaryimage"},"thumbnailUrl":"https:\/\/www.accuratereviews.com\/wp-content\/uploads\/2023\/01\/Logo-Passepartout.png","datePublished":"2019-03-07T14:53:02+00:00","dateModified":"2023-01-24T18:03:25+00:00","description":"Passepartout: recensione del software gestionale per piccole e medie imprese, commercialisti, consulenti del lavoro e negozi sempre aggiornato.","breadcrumb":{"@id":"https:\/\/www.accuratereviews.com\/it\/software-contabilita-migliori-lista-software\/passepartout-recensione\/#breadcrumb"},"inLanguage":"it-IT","potentialAction":[{"@type":"ReadAction","target":["https:\/\/www.accuratereviews.com\/it\/software-contabilita-migliori-lista-software\/passepartout-recensione\/"]}]},{"@type":"ImageObject","inLanguage":"it-IT","@id":"https:\/\/www.accuratereviews.com\/it\/software-contabilita-migliori-lista-software\/passepartout-recensione\/#primaryimage","url":"https:\/\/www.accuratereviews.com\/wp-content\/uploads\/2023\/01\/Logo-Passepartout.png","contentUrl":"https:\/\/www.accuratereviews.com\/wp-content\/uploads\/2023\/01\/Logo-Passepartout.png","width":600,"height":200},{"@type":"BreadcrumbList","@id":"https:\/\/www.accuratereviews.com\/it\/software-contabilita-migliori-lista-software\/passepartout-recensione\/#breadcrumb","itemListElement":[{"@type":"ListItem","position":1,"name":"Home","item":"https:\/\/www.accuratereviews.com\/it\/"},{"@type":"ListItem","position":2,"name":"I migliori software di contabilit\u00e0","item":"https:\/\/www.accuratereviews.com\/it\/software-contabilita-migliori-lista-software\/"},{"@type":"ListItem","position":3,"name":"Passepartout"}]},{"@type":"WebSite","@id":"https:\/\/www.accuratereviews.com\/it\/#website","url":"https:\/\/www.accuratereviews.com\/it\/","name":"Accurate Reviews","description":"","potentialAction":[{"@type":"SearchAction","target":{"@type":"EntryPoint","urlTemplate":"https:\/\/www.accuratereviews.com\/it\/?s={search_term_string}"},"query-input":{"@type":"PropertyValueSpecification","valueRequired":true,"valueName":"search_term_string"}}],"inLanguage":"it-IT"}]}},"_links":{"self":[{"href":"https:\/\/www.accuratereviews.com\/it\/wp-json\/wp\/v2\/pages\/11814","targetHints":{"allow":["GET"]}}],"collection":[{"href":"https:\/\/www.accuratereviews.com\/it\/wp-json\/wp\/v2\/pages"}],"about":[{"href":"https:\/\/www.accuratereviews.com\/it\/wp-json\/wp\/v2\/types\/page"}],"author":[{"embeddable":true,"href":"https:\/\/www.accuratereviews.com\/it\/wp-json\/wp\/v2\/users\/19"}],"replies":[{"embeddable":true,"href":"https:\/\/www.accuratereviews.com\/it\/wp-json\/wp\/v2\/comments?post=11814"}],"version-history":[{"count":16,"href":"https:\/\/www.accuratereviews.com\/it\/wp-json\/wp\/v2\/pages\/11814\/revisions"}],"predecessor-version":[{"id":66544,"href":"https:\/\/www.accuratereviews.com\/it\/wp-json\/wp\/v2\/pages\/11814\/revisions\/66544"}],"up":[{"embeddable":true,"href":"https:\/\/www.accuratereviews.com\/it\/wp-json\/wp\/v2\/pages\/5495"}],"wp:featuredmedia":[{"embeddable":true,"href":"https:\/\/www.accuratereviews.com\/it\/wp-json\/wp\/v2\/media\/66537"}],"wp:attachment":[{"href":"https:\/\/www.accuratereviews.com\/it\/wp-json\/wp\/v2\/media?parent=11814"}],"wp:term":[{"taxonomy":"category","embeddable":true,"href":"https:\/\/www.accuratereviews.com\/it\/wp-json\/wp\/v2\/categories?post=11814"},{"taxonomy":"post_tag","embeddable":true,"href":"https:\/\/www.accuratereviews.com\/it\/wp-json\/wp\/v2\/tags?post=11814"},{"taxonomy":"features","embeddable":true,"href":"https:\/\/www.accuratereviews.com\/it\/wp-json\/wp\/v2\/features?post=11814"}],"curies":[{"name":"wp","href":"https:\/\/api.w.org\/{rel}","templated":true}]}}