{"id":11935,"date":"2019-03-08T16:03:37","date_gmt":"2019-03-08T16:03:37","guid":{"rendered":"https:\/\/www.accuratereviews.com\/?page_id=11935"},"modified":"2023-01-24T18:07:13","modified_gmt":"2023-01-24T18:07:13","slug":"gim-free-by-migg-recensione","status":"publish","type":"page","link":"https:\/\/www.accuratereviews.com\/it\/software-contabilita-migliori-lista-software\/gim-free-by-migg-recensione\/","title":{"rendered":"Gim Free by Migg"},"content":{"rendered":"<p><strong>GIM Free<\/strong>\u00a0\u00e8 \u00a0un <strong>software gestionale gratuito<\/strong> sviluppato dalla societ\u00e0 MIGG srl, con questo programma \u00e8 possibile gestire anagrafiche di clienti e fornitori, preventivi, ordini, ddt, generare e inviare fatture elettroniche verso privati e verso le pubbliche Amministrazioni (PA), prima nota, organizzare il propio magazzino e molto altro. Il supporto per la stampa comprende documenti personalizzabili con il logo aziendale, esportazione delle stampe e dei documenti in formato PDF. L&#8217;interfaccia grafica \u00e8 semplice e intuitiva ed \u00e8 dotata di molteplici video dimostrativi per sfruttare al meglio le potenzialit\u00e0 di questo software. Il backup \u00e8 periodico e garantisce il salvataggio dei tuoi dati e gli aggiornamenti sono gratuiti e automatici.<\/p>\n<h2>GIM FREE &#8211; TUTORIAL<\/h2>\n<p>Di seguito un video tutorial per imparare insieme come funziona questo <strong>software gestionale gratuito<\/strong>:<\/p>\n<div id=\"fluid-wrapper-counter-1\" class=\"g1-fluid-wrapper \" style=\"width:686px;\">\n<div style=\"padding-bottom:56.268221574344%;\"><iframe loading=\"lazy\" width=\"686\" height=\"386\" src=\"https:\/\/www.youtube.com\/embed\/YSOYiE_kVXk?feature=oembed&amp;wmode=transparent&amp;autohide=1&amp;autoplay=0&amp;disablekb=0&amp;fs=1&amp;loop=0&amp;enablejsapi=1&amp;rel=0&amp;controls=2&amp;showinfo=0&amp;wmode=transparent&amp;autohide=2&amp;autoplay=0&amp;disablekb=0&amp;fs=1&amp;loop=0&amp;enablejsapi=1&amp;rel=0&amp;controls=2&amp;showinfo=1\" frameborder=\"0\" allow=\"accelerometer; autoplay; encrypted-media; gyroscope; picture-in-picture\" allowfullscreen><\/iframe><\/div>\n<\/div>\n<h3>GIM FREE &#8211; CARATTERISTICHE<\/h3>\n<div class=\"row\">\n<div class=\"col-md-3\">\n<div class=\"box to-animate fadeInUp animated\">\n<ul>\n<li><strong>Anagrafica<\/strong> : gestione archivi clienti, fornitori, articoli con la possibilit\u00e0 di aggiungere nuovi campi, cancellare o modificare le propriet\u00e0 di quelli esistenti<\/li>\n<li><strong>Vendite<\/strong>: preventivi, ordini, ddt, fatture e note di credito. Trasformazione dei documenti (es. da Preventivi a Fattura) e gestione incassi<\/li>\n<li><strong>Acquisti<\/strong>: gestione di tutti i documenti di acquisto: ordini, ddt, fatture accompagnatorie, note di credito ricevute e gestione pagamenti Trasformazione dei documenti<\/li>\n<li><strong>Magazzino: <\/strong>carico e scarico articoli, saldi di magazzino, analisi giacenze ad una data specifica, inventario e ricerca dati in prima nota listini personalizzati per ogni clienti<\/li>\n<li><strong>Prima Nota<\/strong>: controllo\u00a0dei conti correnti bancari, del conto cassa, conto IVA, conto vendita acquisti conto incassi e pagamenti Bilancio e riepilogo dei movimenti<\/li>\n<li><strong>Scadenzario<\/strong>: gestione delle scadenze delle fatture emesse e delle fatture ricevute, oltre che delle scadenze fiscali Avviso delle scadenze imminenti<\/li>\n<li><strong>Backup Automatico<\/strong>: salvataggio periodico di backup programmabile di tutti gli archivi, funzioni di ripristino<\/li>\n<li><strong>Personalizzazione<\/strong>: personalizzazione di tutti i documenti (preventivi, ordini, DDT e fatture) con loghi aziendali e creazione di nuovi modelli.<\/li>\n<\/ul>\n<\/div>\n<\/div>\n<\/div>\n<div class=\"row\">\n<div class=\"col-md-3\">\n<div class=\"box to-animate fadeInUp animated\"><\/div>\n<\/div>\n<\/div>\n","protected":false},"excerpt":{"rendered":"<p>GIM Free\u00a0\u00e8 \u00a0un software gestionale gratuito\u00a0sviluppato dalla societ\u00e0 MIGG srl, con questo programma\u00a0\u00e8 possibile gestire anagrafiche di clienti e fornitori, preventivi, ordini, ddt, generare e inviare fatture elettroniche verso privati e verso le pubbliche Amministrazioni (PA), prima nota, organizzare il propio magazzino e molto altro.<\/p>\n","protected":false},"author":19,"featured_media":66546,"parent":5495,"menu_order":0,"comment_status":"open","ping_status":"closed","template":"g1_template_page_review_new.php","meta":{"_acf_changed":false,"cwp_meta_box_check":"Yes","cwp_rev_product_name":"","cwp_rev_product_image":"","wppr_links":[],"cwp_rev_price":"","wppr_options":[{"name":"Usability","value":"0"},{"name":"Speed","value":"0"},{"name":"Features","value":"0"},{"name":"Support","value":"0"},{"name":"Pricing","value":"0"}],"wppr_pros":["","","","",""],"wppr_cons":["","","","",""],"_monsterinsights_skip_tracking":false,"_monsterinsights_sitenote_active":false,"_monsterinsights_sitenote_note":"","_monsterinsights_sitenote_category":0,"footnotes":""},"categories":[97,96],"tags":[190,334,350],"features":[],"class_list":{"0":"post-11935","1":"page","2":"type-page","3":"status-publish","4":"has-post-thumbnail","6":"category-accounting-services-it","7":"category-contabilita","8":"tag-fatturazione-elettronica","9":"tag-software-gestionale","10":"tag-software-gestionale-gratuito"},"wppr_data":{"cwp_meta_box_check":"Yes","cwp_rev_product_name":"","_wppr_review_template":"default","cwp_rev_product_image":"","cwp_image_link":"image","wppr_links":[],"cwp_rev_price":"","wppr_pros":["","","","",""],"wppr_cons":["","","","",""],"wppr_rating":"0.00","wppr_options":{"1":{"name":"Usability","value":"0"},"2":{"name":"Speed","value":"0"},"3":{"name":"Features","value":"0"},"4":{"name":"Support","value":"0"},"5":{"name":"Pricing","value":"0"}},"wppr_review_type":"Product","wppr_review_custom_fields":{"additionalProperty":"","additionalType":"","aggregateRating":"","alternateName":"","audience":"","award":"","awards":"","brand":"","color":"","depth":"","description":"","disambiguatingDescription":"","gtin12":"","gtin13":"","gtin14":"","gtin8":"","height":"","identifier":"","image":"","isAccessoryOrSparePartFor":"","isConsumableFor":"","isRelatedTo":"","isSimilarTo":"","itemCondition":"","logo":"","mainEntityOfPage":"","manufacturer":"","material":"","model":"","mpn":"","name":"","offers":"","potentialAction":"","productID":"","productionDate":"","purchaseDate":"","releaseDate":"","review":"","reviews":"","sameAs":"","sku":"","slogan":"","subjectOf":"","url":"","weight":"","width":""}},"acf":[],"yoast_head":"<!-- This site is optimized with the Yoast SEO plugin v27.4 - https:\/\/yoast.com\/product\/yoast-seo-wordpress\/ -->\n<title>Gim Free by Migg: recensione - Accurate Reviews<\/title>\n<meta name=\"description\" content=\"GIM Free: recensione di questo software gestionale gratuito\u00a0sviluppato dalla societ\u00e0 MIGG srl, ideale per piccole-medie imprese o esercizi commerciali.\" \/>\n<meta name=\"robots\" content=\"index, follow, max-snippet:-1, max-image-preview:large, max-video-preview:-1\" \/>\n<link rel=\"canonical\" href=\"https:\/\/www.accuratereviews.com\/it\/software-contabilita-migliori-lista-software\/gim-free-by-migg-recensione\/\" \/>\n<meta property=\"og:locale\" content=\"it_IT\" \/>\n<meta property=\"og:type\" content=\"article\" \/>\n<meta property=\"og:title\" content=\"Gim Free by Migg: recensione - Accurate Reviews\" \/>\n<meta property=\"og:description\" content=\"GIM Free: recensione di questo software gestionale gratuito\u00a0sviluppato dalla societ\u00e0 MIGG srl, ideale per piccole-medie imprese o esercizi commerciali.\" \/>\n<meta property=\"og:url\" content=\"https:\/\/www.accuratereviews.com\/it\/software-contabilita-migliori-lista-software\/gim-free-by-migg-recensione\/\" \/>\n<meta property=\"og:site_name\" content=\"Accurate Reviews\" \/>\n<meta property=\"article:modified_time\" content=\"2023-01-24T18:07:13+00:00\" \/>\n<meta property=\"og:image\" content=\"https:\/\/www.accuratereviews.com\/wp-content\/uploads\/2023\/01\/Unknown-2.png\" \/>\n\t<meta property=\"og:image:width\" content=\"226\" \/>\n\t<meta property=\"og:image:height\" content=\"223\" \/>\n\t<meta property=\"og:image:type\" content=\"image\/png\" \/>\n<meta name=\"twitter:card\" content=\"summary_large_image\" \/>\n<meta name=\"twitter:label1\" content=\"Tempo di lettura stimato\" \/>\n\t<meta name=\"twitter:data1\" content=\"2 minuti\" \/>\n<script type=\"application\/ld+json\" class=\"yoast-schema-graph\">{\"@context\":\"https:\\\/\\\/schema.org\",\"@graph\":[{\"@type\":\"WebPage\",\"@id\":\"https:\\\/\\\/www.accuratereviews.com\\\/it\\\/software-contabilita-migliori-lista-software\\\/gim-free-by-migg-recensione\\\/\",\"url\":\"https:\\\/\\\/www.accuratereviews.com\\\/it\\\/software-contabilita-migliori-lista-software\\\/gim-free-by-migg-recensione\\\/\",\"name\":\"Gim Free by Migg: recensione - Accurate Reviews\",\"isPartOf\":{\"@id\":\"https:\\\/\\\/www.accuratereviews.com\\\/it\\\/#website\"},\"primaryImageOfPage\":{\"@id\":\"https:\\\/\\\/www.accuratereviews.com\\\/it\\\/software-contabilita-migliori-lista-software\\\/gim-free-by-migg-recensione\\\/#primaryimage\"},\"image\":{\"@id\":\"https:\\\/\\\/www.accuratereviews.com\\\/it\\\/software-contabilita-migliori-lista-software\\\/gim-free-by-migg-recensione\\\/#primaryimage\"},\"thumbnailUrl\":\"https:\\\/\\\/www.accuratereviews.com\\\/wp-content\\\/uploads\\\/2023\\\/01\\\/Unknown-2.png\",\"datePublished\":\"2019-03-08T16:03:37+00:00\",\"dateModified\":\"2023-01-24T18:07:13+00:00\",\"description\":\"GIM Free: recensione di questo software gestionale gratuito\u00a0sviluppato dalla societ\u00e0 MIGG srl, ideale per piccole-medie imprese o esercizi commerciali.\",\"breadcrumb\":{\"@id\":\"https:\\\/\\\/www.accuratereviews.com\\\/it\\\/software-contabilita-migliori-lista-software\\\/gim-free-by-migg-recensione\\\/#breadcrumb\"},\"inLanguage\":\"it-IT\",\"potentialAction\":[{\"@type\":\"ReadAction\",\"target\":[\"https:\\\/\\\/www.accuratereviews.com\\\/it\\\/software-contabilita-migliori-lista-software\\\/gim-free-by-migg-recensione\\\/\"]}]},{\"@type\":\"ImageObject\",\"inLanguage\":\"it-IT\",\"@id\":\"https:\\\/\\\/www.accuratereviews.com\\\/it\\\/software-contabilita-migliori-lista-software\\\/gim-free-by-migg-recensione\\\/#primaryimage\",\"url\":\"https:\\\/\\\/www.accuratereviews.com\\\/wp-content\\\/uploads\\\/2023\\\/01\\\/Unknown-2.png\",\"contentUrl\":\"https:\\\/\\\/www.accuratereviews.com\\\/wp-content\\\/uploads\\\/2023\\\/01\\\/Unknown-2.png\",\"width\":226,\"height\":223},{\"@type\":\"BreadcrumbList\",\"@id\":\"https:\\\/\\\/www.accuratereviews.com\\\/it\\\/software-contabilita-migliori-lista-software\\\/gim-free-by-migg-recensione\\\/#breadcrumb\",\"itemListElement\":[{\"@type\":\"ListItem\",\"position\":1,\"name\":\"Home\",\"item\":\"https:\\\/\\\/www.accuratereviews.com\\\/it\\\/\"},{\"@type\":\"ListItem\",\"position\":2,\"name\":\"I migliori software di contabilit\u00e0\",\"item\":\"https:\\\/\\\/www.accuratereviews.com\\\/it\\\/software-contabilita-migliori-lista-software\\\/\"},{\"@type\":\"ListItem\",\"position\":3,\"name\":\"Gim Free by Migg\"}]},{\"@type\":\"WebSite\",\"@id\":\"https:\\\/\\\/www.accuratereviews.com\\\/it\\\/#website\",\"url\":\"https:\\\/\\\/www.accuratereviews.com\\\/it\\\/\",\"name\":\"Accurate Reviews\",\"description\":\"\",\"potentialAction\":[{\"@type\":\"SearchAction\",\"target\":{\"@type\":\"EntryPoint\",\"urlTemplate\":\"https:\\\/\\\/www.accuratereviews.com\\\/it\\\/?s={search_term_string}\"},\"query-input\":{\"@type\":\"PropertyValueSpecification\",\"valueRequired\":true,\"valueName\":\"search_term_string\"}}],\"inLanguage\":\"it-IT\"}]}<\/script>\n<!-- \/ Yoast SEO plugin. -->","yoast_head_json":{"title":"Gim Free by Migg: recensione - Accurate Reviews","description":"GIM Free: recensione di questo software gestionale gratuito\u00a0sviluppato dalla societ\u00e0 MIGG srl, ideale per piccole-medie imprese o esercizi commerciali.","robots":{"index":"index","follow":"follow","max-snippet":"max-snippet:-1","max-image-preview":"max-image-preview:large","max-video-preview":"max-video-preview:-1"},"canonical":"https:\/\/www.accuratereviews.com\/it\/software-contabilita-migliori-lista-software\/gim-free-by-migg-recensione\/","og_locale":"it_IT","og_type":"article","og_title":"Gim Free by Migg: recensione - Accurate Reviews","og_description":"GIM Free: recensione di questo software gestionale gratuito\u00a0sviluppato dalla societ\u00e0 MIGG srl, ideale per piccole-medie imprese o esercizi commerciali.","og_url":"https:\/\/www.accuratereviews.com\/it\/software-contabilita-migliori-lista-software\/gim-free-by-migg-recensione\/","og_site_name":"Accurate Reviews","article_modified_time":"2023-01-24T18:07:13+00:00","og_image":[{"width":226,"height":223,"url":"https:\/\/www.accuratereviews.com\/wp-content\/uploads\/2023\/01\/Unknown-2.png","type":"image\/png"}],"twitter_card":"summary_large_image","twitter_misc":{"Tempo di lettura stimato":"2 minuti"},"schema":{"@context":"https:\/\/schema.org","@graph":[{"@type":"WebPage","@id":"https:\/\/www.accuratereviews.com\/it\/software-contabilita-migliori-lista-software\/gim-free-by-migg-recensione\/","url":"https:\/\/www.accuratereviews.com\/it\/software-contabilita-migliori-lista-software\/gim-free-by-migg-recensione\/","name":"Gim Free by Migg: recensione - Accurate Reviews","isPartOf":{"@id":"https:\/\/www.accuratereviews.com\/it\/#website"},"primaryImageOfPage":{"@id":"https:\/\/www.accuratereviews.com\/it\/software-contabilita-migliori-lista-software\/gim-free-by-migg-recensione\/#primaryimage"},"image":{"@id":"https:\/\/www.accuratereviews.com\/it\/software-contabilita-migliori-lista-software\/gim-free-by-migg-recensione\/#primaryimage"},"thumbnailUrl":"https:\/\/www.accuratereviews.com\/wp-content\/uploads\/2023\/01\/Unknown-2.png","datePublished":"2019-03-08T16:03:37+00:00","dateModified":"2023-01-24T18:07:13+00:00","description":"GIM Free: recensione di questo software gestionale gratuito\u00a0sviluppato dalla societ\u00e0 MIGG srl, ideale per piccole-medie imprese o esercizi commerciali.","breadcrumb":{"@id":"https:\/\/www.accuratereviews.com\/it\/software-contabilita-migliori-lista-software\/gim-free-by-migg-recensione\/#breadcrumb"},"inLanguage":"it-IT","potentialAction":[{"@type":"ReadAction","target":["https:\/\/www.accuratereviews.com\/it\/software-contabilita-migliori-lista-software\/gim-free-by-migg-recensione\/"]}]},{"@type":"ImageObject","inLanguage":"it-IT","@id":"https:\/\/www.accuratereviews.com\/it\/software-contabilita-migliori-lista-software\/gim-free-by-migg-recensione\/#primaryimage","url":"https:\/\/www.accuratereviews.com\/wp-content\/uploads\/2023\/01\/Unknown-2.png","contentUrl":"https:\/\/www.accuratereviews.com\/wp-content\/uploads\/2023\/01\/Unknown-2.png","width":226,"height":223},{"@type":"BreadcrumbList","@id":"https:\/\/www.accuratereviews.com\/it\/software-contabilita-migliori-lista-software\/gim-free-by-migg-recensione\/#breadcrumb","itemListElement":[{"@type":"ListItem","position":1,"name":"Home","item":"https:\/\/www.accuratereviews.com\/it\/"},{"@type":"ListItem","position":2,"name":"I migliori software di contabilit\u00e0","item":"https:\/\/www.accuratereviews.com\/it\/software-contabilita-migliori-lista-software\/"},{"@type":"ListItem","position":3,"name":"Gim Free by Migg"}]},{"@type":"WebSite","@id":"https:\/\/www.accuratereviews.com\/it\/#website","url":"https:\/\/www.accuratereviews.com\/it\/","name":"Accurate Reviews","description":"","potentialAction":[{"@type":"SearchAction","target":{"@type":"EntryPoint","urlTemplate":"https:\/\/www.accuratereviews.com\/it\/?s={search_term_string}"},"query-input":{"@type":"PropertyValueSpecification","valueRequired":true,"valueName":"search_term_string"}}],"inLanguage":"it-IT"}]}},"_links":{"self":[{"href":"https:\/\/www.accuratereviews.com\/it\/wp-json\/wp\/v2\/pages\/11935","targetHints":{"allow":["GET"]}}],"collection":[{"href":"https:\/\/www.accuratereviews.com\/it\/wp-json\/wp\/v2\/pages"}],"about":[{"href":"https:\/\/www.accuratereviews.com\/it\/wp-json\/wp\/v2\/types\/page"}],"author":[{"embeddable":true,"href":"https:\/\/www.accuratereviews.com\/it\/wp-json\/wp\/v2\/users\/19"}],"replies":[{"embeddable":true,"href":"https:\/\/www.accuratereviews.com\/it\/wp-json\/wp\/v2\/comments?post=11935"}],"version-history":[{"count":15,"href":"https:\/\/www.accuratereviews.com\/it\/wp-json\/wp\/v2\/pages\/11935\/revisions"}],"predecessor-version":[{"id":66551,"href":"https:\/\/www.accuratereviews.com\/it\/wp-json\/wp\/v2\/pages\/11935\/revisions\/66551"}],"up":[{"embeddable":true,"href":"https:\/\/www.accuratereviews.com\/it\/wp-json\/wp\/v2\/pages\/5495"}],"wp:featuredmedia":[{"embeddable":true,"href":"https:\/\/www.accuratereviews.com\/it\/wp-json\/wp\/v2\/media\/66546"}],"wp:attachment":[{"href":"https:\/\/www.accuratereviews.com\/it\/wp-json\/wp\/v2\/media?parent=11935"}],"wp:term":[{"taxonomy":"category","embeddable":true,"href":"https:\/\/www.accuratereviews.com\/it\/wp-json\/wp\/v2\/categories?post=11935"},{"taxonomy":"post_tag","embeddable":true,"href":"https:\/\/www.accuratereviews.com\/it\/wp-json\/wp\/v2\/tags?post=11935"},{"taxonomy":"features","embeddable":true,"href":"https:\/\/www.accuratereviews.com\/it\/wp-json\/wp\/v2\/features?post=11935"}],"curies":[{"name":"wp","href":"https:\/\/api.w.org\/{rel}","templated":true}]}}