{"id":12026,"date":"2019-03-12T15:28:52","date_gmt":"2019-03-12T15:28:52","guid":{"rendered":"https:\/\/www.accuratereviews.com\/?page_id=12026"},"modified":"2023-01-25T16:41:58","modified_gmt":"2023-01-25T16:41:58","slug":"lynfa-azienda-recensione","status":"publish","type":"page","link":"https:\/\/www.accuratereviews.com\/it\/software-contabilita-migliori-lista-software\/lynfa-azienda-recensione\/","title":{"rendered":"Lynfa Azienda by TeamSystem"},"content":{"rendered":"<p><strong>Lynfa Azienda <\/strong>\u00e8 un <strong>software gestionale<\/strong>, creato e sviluppato dalla TeamSystem per aziende di piccole e medie dimensioni. Questo programma permette alle imprese e ai professionisti di lavorare insieme in modo perfettamente integrato, risparmiando tempo e condividendo i dati in tempo reale. Questo <strong>software di contabilit\u00e0<\/strong> semplifica la gestione e l\u2019analisi delle operazioni di vendita, dall\u2019offerta iniziale alla fatturazione. LYNFA Azienda \u00e8 raggiungibile anche da dispositivi mobili grazie alla piattaforma web Polyedro presenti i tutti i sistemi TeamSystem.\u00a0Oltre alla contabilit\u00e0 e al bilancio, le vendite e gli acquisti, le funzioni del programma comprendono anche il budget e il controllo di gestione, il CRM, il magazzino e la logistica, la produzione, le commesse e la gestione e l\u2019amministrazione del personale.<\/p>\n<h2>LYNFA AZIENDA &#8211; TUTORIAL<\/h2>\n<p>Come emettere una fattura elettronica con questo <strong>software gestionale<\/strong>? Guardiamo insieme il tutorial per scoprirlo:<\/p>\n<div id=\"fluid-wrapper-counter-1\" class=\"g1-fluid-wrapper \" style=\"width:686px;\">\n<div style=\"padding-bottom:56.268221574344%;\"><iframe loading=\"lazy\" title=\"Corso Operativo Lynfa Azienda Fatturazione Elettronica\" width=\"686\" height=\"386\" src=\"https:\/\/www.youtube.com\/embed\/vZih7uZudrw?feature=oembed&amp;wmode=transparent&amp;autohide=1&amp;autoplay=0&amp;disablekb=0&amp;fs=1&amp;loop=0&amp;enablejsapi=1&amp;rel=0&amp;controls=2&amp;showinfo=0&amp;wmode=transparent&amp;autohide=2&amp;autoplay=0&amp;disablekb=0&amp;fs=1&amp;loop=0&amp;enablejsapi=1&amp;rel=0&amp;controls=2&amp;showinfo=1\" frameborder=\"0\" allow=\"accelerometer; autoplay; clipboard-write; encrypted-media; gyroscope; picture-in-picture; web-share\" allowfullscreen><\/iframe><\/div>\n<\/div>\n<h3>LYNFA AZIENDA &#8211; CARATTERISTICHE<\/h3>\n<div class=\"page\" title=\"Page 17\">\n<div class=\"layoutArea\">\n<div class=\"column\">\n<ul>\n<li><strong>Business intelligente<\/strong>: analisi interattive e presentazioni dinamiche di dati aziendali, estratti da una o pi\u00f9 sorgenti. Una soluzione semplice e intuitiva, che d\u00e0 la possibilit\u00e0 a qualsiasi utente, anche non esperto, di ottenere in tempo reale le risposte di cui ha bisogno.<\/li>\n<li><strong>Budget e controllo di gestione<\/strong>: in tempo reale puoi valutare l\u2019andamento dell\u2019azienda e la redditivit\u00e0 del business. Il tutto \u00e8 sempre costantemente aggiornato in base alle normative fiscali vigenti.<\/li>\n<li><strong>Amministrazione del personale:<\/strong> con questo\u00a0sistema modulare per l\u2019amministrazione completa delle risorse umane puoi gestire autonomamente le attivit\u00e0 legate a paghe e stipendi.<\/li>\n<li><strong>Collegamento con lo studio<\/strong>: l\u2019azienda \u00e8 in comunicazione continua con lo studio, per trasmettere e ricevere, qualsiasi dato utile per operazioni contabili, logistiche, ecc&#8230;<\/li>\n<li><strong>E-Commerce<\/strong>: trasforma il tuo sito in un negozio reale, completamente integrato con il catalogo e sempre aggiornato: per vendere i tuoi prodotti anche online.<\/li>\n<li><strong>Archiviazione Documentale<\/strong>: eliminare drasticamente la carta archiviando documenti di qualsiasi formato in qualsiasi parte della procedura, in linea con le politiche sulla sicurezza.<\/li>\n<\/ul>\n<div class=\"layoutArea\">\n<div class=\"column\">\n<div class=\"page\" title=\"Page 15\"><\/div>\n<\/div>\n<\/div>\n<\/div>\n<\/div>\n<\/div>\n","protected":false},"excerpt":{"rendered":"<p>Lynfa Azienda \u00e8 un software gestionale, creato e sviluppato dalla TeamSystem \u00a0per aziende di piccole e medie dimensioni questo programma permette\u00a0alle imprese e ai professionisti di lavorare insieme in modo perfettamente integrato, risparmiando tempo e condividendo i dati in tempo reale.<\/p>\n","protected":false},"author":19,"featured_media":12032,"parent":5495,"menu_order":0,"comment_status":"open","ping_status":"closed","template":"g1_template_page_review_new.php","meta":{"_acf_changed":false,"cwp_meta_box_check":"Yes","cwp_rev_product_name":"","cwp_rev_product_image":"","wppr_links":[],"cwp_rev_price":"","wppr_options":[{"name":"Usability","value":"0"},{"name":"Speed","value":"0"},{"name":"Features","value":"0"},{"name":"Support","value":"0"},{"name":"Pricing","value":"0"}],"wppr_pros":["","","","",""],"wppr_cons":["","","","",""],"_monsterinsights_skip_tracking":false,"_monsterinsights_sitenote_active":false,"_monsterinsights_sitenote_note":"","_monsterinsights_sitenote_category":0,"footnotes":""},"categories":[97,96],"tags":[190,342,358,334],"features":[],"class_list":{"0":"post-12026","1":"page","2":"type-page","3":"status-publish","4":"has-post-thumbnail","6":"category-accounting-services-it","7":"category-contabilita","8":"tag-fatturazione-elettronica","9":"tag-gestione-e-commerce","10":"tag-raggiungibile-da-dispositivi-mobili","11":"tag-software-gestionale"},"wppr_data":{"cwp_meta_box_check":"Yes","cwp_rev_product_name":"","_wppr_review_template":"default","cwp_rev_product_image":"","cwp_image_link":"image","wppr_links":[],"cwp_rev_price":"","wppr_pros":["","","","",""],"wppr_cons":["","","","",""],"wppr_rating":"0.00","wppr_options":{"1":{"name":"Usability","value":"0"},"2":{"name":"Speed","value":"0"},"3":{"name":"Features","value":"0"},"4":{"name":"Support","value":"0"},"5":{"name":"Pricing","value":"0"}},"wppr_review_type":"Product","wppr_review_custom_fields":{"additionalProperty":"","additionalType":"","aggregateRating":"","alternateName":"","audience":"","award":"","awards":"","brand":"","color":"","depth":"","description":"","disambiguatingDescription":"","gtin12":"","gtin13":"","gtin14":"","gtin8":"","height":"","identifier":"","image":"","isAccessoryOrSparePartFor":"","isConsumableFor":"","isRelatedTo":"","isSimilarTo":"","itemCondition":"","logo":"","mainEntityOfPage":"","manufacturer":"","material":"","model":"","mpn":"","name":"","offers":"","potentialAction":"","productID":"","productionDate":"","purchaseDate":"","releaseDate":"","review":"","reviews":"","sameAs":"","sku":"","slogan":"","subjectOf":"","url":"","weight":"","width":""}},"acf":[],"yoast_head":"<!-- This site is optimized with the Yoast SEO plugin v27.4 - https:\/\/yoast.com\/product\/yoast-seo-wordpress\/ -->\n<title>Lynfa Azienda: recensione software gestionale - Accurate Reviews<\/title>\n<meta name=\"description\" content=\"Lynfa Azienda: recensione del software gestionale, creato e sviluppato dalla\u00a0\u00a0TeamSystem \u00a0per aziende di piccole e medie dimensioni.\" \/>\n<meta name=\"robots\" content=\"index, follow, max-snippet:-1, max-image-preview:large, max-video-preview:-1\" \/>\n<link rel=\"canonical\" href=\"https:\/\/www.accuratereviews.com\/it\/software-contabilita-migliori-lista-software\/lynfa-azienda-recensione\/\" \/>\n<meta property=\"og:locale\" content=\"it_IT\" \/>\n<meta property=\"og:type\" content=\"article\" \/>\n<meta property=\"og:title\" content=\"Lynfa Azienda: recensione software gestionale - Accurate Reviews\" \/>\n<meta property=\"og:description\" content=\"Lynfa Azienda: recensione del software gestionale, creato e sviluppato dalla\u00a0\u00a0TeamSystem \u00a0per aziende di piccole e medie dimensioni.\" \/>\n<meta property=\"og:url\" content=\"https:\/\/www.accuratereviews.com\/it\/software-contabilita-migliori-lista-software\/lynfa-azienda-recensione\/\" \/>\n<meta property=\"og:site_name\" content=\"Accurate Reviews\" \/>\n<meta property=\"article:modified_time\" content=\"2023-01-25T16:41:58+00:00\" \/>\n<meta property=\"og:image\" content=\"https:\/\/www.accuratereviews.com\/wp-content\/uploads\/2019\/03\/lynfa.jpg\" \/>\n\t<meta property=\"og:image:width\" content=\"225\" \/>\n\t<meta property=\"og:image:height\" content=\"225\" \/>\n\t<meta property=\"og:image:type\" content=\"image\/jpeg\" \/>\n<meta name=\"twitter:card\" content=\"summary_large_image\" \/>\n<meta name=\"twitter:label1\" content=\"Tempo di lettura stimato\" \/>\n\t<meta name=\"twitter:data1\" content=\"2 minuti\" \/>\n<script type=\"application\/ld+json\" class=\"yoast-schema-graph\">{\"@context\":\"https:\\\/\\\/schema.org\",\"@graph\":[{\"@type\":\"WebPage\",\"@id\":\"https:\\\/\\\/www.accuratereviews.com\\\/it\\\/software-contabilita-migliori-lista-software\\\/lynfa-azienda-recensione\\\/\",\"url\":\"https:\\\/\\\/www.accuratereviews.com\\\/it\\\/software-contabilita-migliori-lista-software\\\/lynfa-azienda-recensione\\\/\",\"name\":\"Lynfa Azienda: recensione software gestionale - Accurate Reviews\",\"isPartOf\":{\"@id\":\"https:\\\/\\\/www.accuratereviews.com\\\/it\\\/#website\"},\"primaryImageOfPage\":{\"@id\":\"https:\\\/\\\/www.accuratereviews.com\\\/it\\\/software-contabilita-migliori-lista-software\\\/lynfa-azienda-recensione\\\/#primaryimage\"},\"image\":{\"@id\":\"https:\\\/\\\/www.accuratereviews.com\\\/it\\\/software-contabilita-migliori-lista-software\\\/lynfa-azienda-recensione\\\/#primaryimage\"},\"thumbnailUrl\":\"https:\\\/\\\/www.accuratereviews.com\\\/wp-content\\\/uploads\\\/2019\\\/03\\\/lynfa.jpg\",\"datePublished\":\"2019-03-12T15:28:52+00:00\",\"dateModified\":\"2023-01-25T16:41:58+00:00\",\"description\":\"Lynfa Azienda: recensione del software gestionale, creato e sviluppato dalla\u00a0\u00a0TeamSystem \u00a0per aziende di piccole e medie dimensioni.\",\"breadcrumb\":{\"@id\":\"https:\\\/\\\/www.accuratereviews.com\\\/it\\\/software-contabilita-migliori-lista-software\\\/lynfa-azienda-recensione\\\/#breadcrumb\"},\"inLanguage\":\"it-IT\",\"potentialAction\":[{\"@type\":\"ReadAction\",\"target\":[\"https:\\\/\\\/www.accuratereviews.com\\\/it\\\/software-contabilita-migliori-lista-software\\\/lynfa-azienda-recensione\\\/\"]}]},{\"@type\":\"ImageObject\",\"inLanguage\":\"it-IT\",\"@id\":\"https:\\\/\\\/www.accuratereviews.com\\\/it\\\/software-contabilita-migliori-lista-software\\\/lynfa-azienda-recensione\\\/#primaryimage\",\"url\":\"https:\\\/\\\/www.accuratereviews.com\\\/wp-content\\\/uploads\\\/2019\\\/03\\\/lynfa.jpg\",\"contentUrl\":\"https:\\\/\\\/www.accuratereviews.com\\\/wp-content\\\/uploads\\\/2019\\\/03\\\/lynfa.jpg\",\"width\":225,\"height\":225},{\"@type\":\"BreadcrumbList\",\"@id\":\"https:\\\/\\\/www.accuratereviews.com\\\/it\\\/software-contabilita-migliori-lista-software\\\/lynfa-azienda-recensione\\\/#breadcrumb\",\"itemListElement\":[{\"@type\":\"ListItem\",\"position\":1,\"name\":\"Home\",\"item\":\"https:\\\/\\\/www.accuratereviews.com\\\/it\\\/\"},{\"@type\":\"ListItem\",\"position\":2,\"name\":\"I migliori software di contabilit\u00e0\",\"item\":\"https:\\\/\\\/www.accuratereviews.com\\\/it\\\/software-contabilita-migliori-lista-software\\\/\"},{\"@type\":\"ListItem\",\"position\":3,\"name\":\"Lynfa Azienda by TeamSystem\"}]},{\"@type\":\"WebSite\",\"@id\":\"https:\\\/\\\/www.accuratereviews.com\\\/it\\\/#website\",\"url\":\"https:\\\/\\\/www.accuratereviews.com\\\/it\\\/\",\"name\":\"Accurate Reviews\",\"description\":\"\",\"potentialAction\":[{\"@type\":\"SearchAction\",\"target\":{\"@type\":\"EntryPoint\",\"urlTemplate\":\"https:\\\/\\\/www.accuratereviews.com\\\/it\\\/?s={search_term_string}\"},\"query-input\":{\"@type\":\"PropertyValueSpecification\",\"valueRequired\":true,\"valueName\":\"search_term_string\"}}],\"inLanguage\":\"it-IT\"}]}<\/script>\n<!-- \/ Yoast SEO plugin. -->","yoast_head_json":{"title":"Lynfa Azienda: recensione software gestionale - Accurate Reviews","description":"Lynfa Azienda: recensione del software gestionale, creato e sviluppato dalla\u00a0\u00a0TeamSystem \u00a0per aziende di piccole e medie dimensioni.","robots":{"index":"index","follow":"follow","max-snippet":"max-snippet:-1","max-image-preview":"max-image-preview:large","max-video-preview":"max-video-preview:-1"},"canonical":"https:\/\/www.accuratereviews.com\/it\/software-contabilita-migliori-lista-software\/lynfa-azienda-recensione\/","og_locale":"it_IT","og_type":"article","og_title":"Lynfa Azienda: recensione software gestionale - Accurate Reviews","og_description":"Lynfa Azienda: recensione del software gestionale, creato e sviluppato dalla\u00a0\u00a0TeamSystem \u00a0per aziende di piccole e medie dimensioni.","og_url":"https:\/\/www.accuratereviews.com\/it\/software-contabilita-migliori-lista-software\/lynfa-azienda-recensione\/","og_site_name":"Accurate Reviews","article_modified_time":"2023-01-25T16:41:58+00:00","og_image":[{"width":225,"height":225,"url":"https:\/\/www.accuratereviews.com\/wp-content\/uploads\/2019\/03\/lynfa.jpg","type":"image\/jpeg"}],"twitter_card":"summary_large_image","twitter_misc":{"Tempo di lettura stimato":"2 minuti"},"schema":{"@context":"https:\/\/schema.org","@graph":[{"@type":"WebPage","@id":"https:\/\/www.accuratereviews.com\/it\/software-contabilita-migliori-lista-software\/lynfa-azienda-recensione\/","url":"https:\/\/www.accuratereviews.com\/it\/software-contabilita-migliori-lista-software\/lynfa-azienda-recensione\/","name":"Lynfa Azienda: recensione software gestionale - Accurate Reviews","isPartOf":{"@id":"https:\/\/www.accuratereviews.com\/it\/#website"},"primaryImageOfPage":{"@id":"https:\/\/www.accuratereviews.com\/it\/software-contabilita-migliori-lista-software\/lynfa-azienda-recensione\/#primaryimage"},"image":{"@id":"https:\/\/www.accuratereviews.com\/it\/software-contabilita-migliori-lista-software\/lynfa-azienda-recensione\/#primaryimage"},"thumbnailUrl":"https:\/\/www.accuratereviews.com\/wp-content\/uploads\/2019\/03\/lynfa.jpg","datePublished":"2019-03-12T15:28:52+00:00","dateModified":"2023-01-25T16:41:58+00:00","description":"Lynfa Azienda: recensione del software gestionale, creato e sviluppato dalla\u00a0\u00a0TeamSystem \u00a0per aziende di piccole e medie dimensioni.","breadcrumb":{"@id":"https:\/\/www.accuratereviews.com\/it\/software-contabilita-migliori-lista-software\/lynfa-azienda-recensione\/#breadcrumb"},"inLanguage":"it-IT","potentialAction":[{"@type":"ReadAction","target":["https:\/\/www.accuratereviews.com\/it\/software-contabilita-migliori-lista-software\/lynfa-azienda-recensione\/"]}]},{"@type":"ImageObject","inLanguage":"it-IT","@id":"https:\/\/www.accuratereviews.com\/it\/software-contabilita-migliori-lista-software\/lynfa-azienda-recensione\/#primaryimage","url":"https:\/\/www.accuratereviews.com\/wp-content\/uploads\/2019\/03\/lynfa.jpg","contentUrl":"https:\/\/www.accuratereviews.com\/wp-content\/uploads\/2019\/03\/lynfa.jpg","width":225,"height":225},{"@type":"BreadcrumbList","@id":"https:\/\/www.accuratereviews.com\/it\/software-contabilita-migliori-lista-software\/lynfa-azienda-recensione\/#breadcrumb","itemListElement":[{"@type":"ListItem","position":1,"name":"Home","item":"https:\/\/www.accuratereviews.com\/it\/"},{"@type":"ListItem","position":2,"name":"I migliori software di contabilit\u00e0","item":"https:\/\/www.accuratereviews.com\/it\/software-contabilita-migliori-lista-software\/"},{"@type":"ListItem","position":3,"name":"Lynfa Azienda by TeamSystem"}]},{"@type":"WebSite","@id":"https:\/\/www.accuratereviews.com\/it\/#website","url":"https:\/\/www.accuratereviews.com\/it\/","name":"Accurate Reviews","description":"","potentialAction":[{"@type":"SearchAction","target":{"@type":"EntryPoint","urlTemplate":"https:\/\/www.accuratereviews.com\/it\/?s={search_term_string}"},"query-input":{"@type":"PropertyValueSpecification","valueRequired":true,"valueName":"search_term_string"}}],"inLanguage":"it-IT"}]}},"_links":{"self":[{"href":"https:\/\/www.accuratereviews.com\/it\/wp-json\/wp\/v2\/pages\/12026","targetHints":{"allow":["GET"]}}],"collection":[{"href":"https:\/\/www.accuratereviews.com\/it\/wp-json\/wp\/v2\/pages"}],"about":[{"href":"https:\/\/www.accuratereviews.com\/it\/wp-json\/wp\/v2\/types\/page"}],"author":[{"embeddable":true,"href":"https:\/\/www.accuratereviews.com\/it\/wp-json\/wp\/v2\/users\/19"}],"replies":[{"embeddable":true,"href":"https:\/\/www.accuratereviews.com\/it\/wp-json\/wp\/v2\/comments?post=12026"}],"version-history":[{"count":11,"href":"https:\/\/www.accuratereviews.com\/it\/wp-json\/wp\/v2\/pages\/12026\/revisions"}],"predecessor-version":[{"id":66589,"href":"https:\/\/www.accuratereviews.com\/it\/wp-json\/wp\/v2\/pages\/12026\/revisions\/66589"}],"up":[{"embeddable":true,"href":"https:\/\/www.accuratereviews.com\/it\/wp-json\/wp\/v2\/pages\/5495"}],"wp:featuredmedia":[{"embeddable":true,"href":"https:\/\/www.accuratereviews.com\/it\/wp-json\/wp\/v2\/media\/12032"}],"wp:attachment":[{"href":"https:\/\/www.accuratereviews.com\/it\/wp-json\/wp\/v2\/media?parent=12026"}],"wp:term":[{"taxonomy":"category","embeddable":true,"href":"https:\/\/www.accuratereviews.com\/it\/wp-json\/wp\/v2\/categories?post=12026"},{"taxonomy":"post_tag","embeddable":true,"href":"https:\/\/www.accuratereviews.com\/it\/wp-json\/wp\/v2\/tags?post=12026"},{"taxonomy":"features","embeddable":true,"href":"https:\/\/www.accuratereviews.com\/it\/wp-json\/wp\/v2\/features?post=12026"}],"curies":[{"name":"wp","href":"https:\/\/api.w.org\/{rel}","templated":true}]}}