{"id":12185,"date":"2019-03-15T11:26:45","date_gmt":"2019-03-15T11:26:45","guid":{"rendered":"https:\/\/www.accuratereviews.com\/?page_id=12185"},"modified":"2023-01-26T10:53:55","modified_gmt":"2023-01-26T10:53:55","slug":"danea-easyfatt-recensione","status":"publish","type":"page","link":"https:\/\/www.accuratereviews.com\/it\/software-contabilita-migliori-lista-software\/danea-easyfatt-recensione\/","title":{"rendered":"Danea Easyfatt"},"content":{"rendered":"<div class=\"product-brand\"><strong>Danea Easyfatt<\/strong> \u00e8 un <strong>software gestionale<\/strong> di fatturazione indicato principalmente per la <strong>fatturazione elettronica<\/strong>, per la gestione del magazzino, dei preventivi, delle vendite e degli acquisti della tua azienda. Sviluppato in Italia e pensato principalmente per le <strong>piccole e le medie aziende<\/strong> che necessitano di gestire la loro attivit\u00e0 in modo semplice e che gli permetta di semplificare le operazioni quotidiane pi\u00f9 complesse. Con Danea Easyfatt potrai decisamente migliorare la<strong> gestione aziendale<\/strong>, preparare i preventivi, gestire gli ordini, coordinare le scorte del magazzino, emettere le fatture elettroniche, verificare lo stato dei pagamenti e molto altro.<\/div>\n<h2>FATTURAZIONE ELETTRONICA CON DANEA EASYFATT &#8211; TUTORIAL<\/h2>\n<div>\n<div class=\"col-md-12\">\n<p>Ecco qui un video tutorial che ti guider\u00e0 nel comprendere come emettere le fatture elettroniche con questo <strong>gestionale<\/strong>:<\/p>\n<div id=\"fluid-wrapper-counter-1\" class=\"g1-fluid-wrapper \" style=\"width:686px;\"><div style=\"padding-bottom:56.268221574344%;\"><iframe loading=\"lazy\" title=\"Fatturazione elettronica con Danea Easyfatt\" width=\"686\" height=\"386\" src=\"https:\/\/www.youtube.com\/embed\/tLWc_1i7778?feature=oembed&amp;wmode=transparent&amp;autohide=1&amp;autoplay=0&amp;disablekb=0&amp;fs=1&amp;loop=0&amp;enablejsapi=1&amp;rel=0&amp;controls=2&amp;showinfo=0&amp;wmode=transparent&amp;autohide=2&amp;autoplay=0&amp;disablekb=0&amp;fs=1&amp;loop=0&amp;enablejsapi=1&amp;rel=0&amp;controls=2&amp;showinfo=1\" frameborder=\"0\" allow=\"accelerometer; autoplay; clipboard-write; encrypted-media; gyroscope; picture-in-picture; web-share\" allowfullscreen><\/iframe><\/div><\/div>\n<h3>DANEA EASYFATT &#8211; CARATTERISTICHE<\/h3>\n<p>Oltre al servizio di <strong>fatturazione elettronica<\/strong>, Danea Easyfatt offre moltissime altre funzionalit\u00e0, vediamo quali:<\/p>\n<ul>\n<li><strong>Gestione degli acquisti e delle vendite<\/strong>: avrai a disposizione un completo supporto sia nella fase dell&#8217;acquisto che nella fase di vendita (registrazione di fatture di acquisto, pagamenti, gestione IVA, aggiornamento listini, gestione preventivi, ecc.)<\/li>\n<li><strong>Gestione dei pagamenti<\/strong>: molto utile \u00e8 il collegamento con il servizio di home-banking che ti permetter\u00e0 di velocizzare i tempi di gestione<\/li>\n<li><strong>Gestione del magazzino<\/strong>: potrai tenere sotto controllo l&#8217;inventario, le scorte, tenere la tracciabilit\u00e0 degli ordini, stampare etichette personalizzabili, ecc&#8230;<\/li>\n<li><strong>Sistema di monitoraggio<\/strong>: controllare l&#8217;andamento della tua attivit\u00e0 sar\u00e0 pi\u00f9 semplice con questo sistema di analisi dei dati aziendali<\/li>\n<li><strong>Multi utenza<\/strong>: con la versione Enterprise, ti sar\u00e0 anche possibile usufruire di 5 postazioni differenti<\/li>\n<li><strong>Supporto tecnico<\/strong>: sarai sempre supportato e guidato nelle scelte migliori grazie al servizio offerto dal Danea Support Plan<\/li>\n<li><strong>Formazione gratuita<\/strong>: oltre al supporto, avrai accesso anche a seminari online, a video tutorial dimostrativi, a guide e manuali d&#8217;uso<\/li>\n<\/ul>\n<\/div>\n<\/div>\n<div class=\"win-only\" data-event=\"MailUp_FormLead_OK\" data-category=\"Lead_generation\" data-action=\"Invio_form_ok\" data-label=\"Easyfatt_lead\"><\/div>\n","protected":false},"excerpt":{"rendered":"<p>Danea Easyfatt \u00e8 un software gestionale di fatturazione indicato principalmente per la fatturazione elettronica, per la gestione del magazzino, dei preventivi, delle vendite e degli acquisti della tua azienda. <\/p>\n","protected":false},"author":17,"featured_media":66627,"parent":5495,"menu_order":0,"comment_status":"open","ping_status":"closed","template":"g1_template_page_review_new.php","meta":{"_acf_changed":false,"cwp_meta_box_check":"Yes","cwp_rev_product_name":"","cwp_rev_product_image":"","wppr_links":[],"cwp_rev_price":"","wppr_options":[{"name":"Usability","value":"0"},{"name":"Speed","value":"0"},{"name":"Features","value":"0"},{"name":"Support","value":"0"},{"name":"Pricing","value":"0"}],"wppr_pros":["","","","",""],"wppr_cons":["","","","",""],"_monsterinsights_skip_tracking":false,"_monsterinsights_sitenote_active":false,"_monsterinsights_sitenote_note":"","_monsterinsights_sitenote_category":0,"footnotes":""},"categories":[97,96],"tags":[190,366,338,365,334],"features":[],"class_list":{"0":"post-12185","1":"page","2":"type-page","3":"status-publish","4":"has-post-thumbnail","6":"category-accounting-services-it","7":"category-contabilita","8":"tag-fatturazione-elettronica","9":"tag-gestione-aziendale","10":"tag-programma-gestionale","11":"tag-software-di-fatturazione","12":"tag-software-gestionale"},"wppr_data":{"cwp_meta_box_check":"Yes","cwp_rev_product_name":"","_wppr_review_template":"default","cwp_rev_product_image":"","cwp_image_link":"image","wppr_links":[],"cwp_rev_price":"","wppr_pros":["","","","",""],"wppr_cons":["","","","",""],"wppr_rating":"0.00","wppr_options":{"1":{"name":"Usability","value":"0"},"2":{"name":"Speed","value":"0"},"3":{"name":"Features","value":"0"},"4":{"name":"Support","value":"0"},"5":{"name":"Pricing","value":"0"}},"wppr_review_type":"Product","wppr_review_custom_fields":{"additionalProperty":"","additionalType":"","aggregateRating":"","alternateName":"","audience":"","award":"","awards":"","brand":"","color":"","depth":"","description":"","disambiguatingDescription":"","gtin12":"","gtin13":"","gtin14":"","gtin8":"","height":"","identifier":"","image":"","isAccessoryOrSparePartFor":"","isConsumableFor":"","isRelatedTo":"","isSimilarTo":"","itemCondition":"","logo":"","mainEntityOfPage":"","manufacturer":"","material":"","model":"","mpn":"","name":"","offers":"","potentialAction":"","productID":"","productionDate":"","purchaseDate":"","releaseDate":"","review":"","reviews":"","sameAs":"","sku":"","slogan":"","subjectOf":"","url":"","weight":"","width":""}},"acf":[],"yoast_head":"<!-- This site is optimized with the Yoast SEO plugin v27.4 - https:\/\/yoast.com\/product\/yoast-seo-wordpress\/ -->\n<title>Danea Easyfatt: recensione software gestionale - Accurate Reviews<\/title>\n<meta name=\"description\" content=\"Danea Easyfatt: recensione del software gestionale di fatturazione utile per la gestione del magazzino, delle vendite e degli acquisti della tua azienda.\" \/>\n<meta name=\"robots\" content=\"index, follow, max-snippet:-1, max-image-preview:large, max-video-preview:-1\" \/>\n<link rel=\"canonical\" href=\"https:\/\/www.accuratereviews.com\/it\/software-contabilita-migliori-lista-software\/danea-easyfatt-recensione\/\" \/>\n<meta property=\"og:locale\" content=\"it_IT\" \/>\n<meta property=\"og:type\" content=\"article\" \/>\n<meta property=\"og:title\" content=\"Danea Easyfatt: recensione software gestionale - Accurate Reviews\" \/>\n<meta property=\"og:description\" content=\"Danea Easyfatt: recensione del software gestionale di fatturazione utile per la gestione del magazzino, delle vendite e degli acquisti della tua azienda.\" \/>\n<meta property=\"og:url\" content=\"https:\/\/www.accuratereviews.com\/it\/software-contabilita-migliori-lista-software\/danea-easyfatt-recensione\/\" \/>\n<meta property=\"og:site_name\" content=\"Accurate Reviews\" \/>\n<meta property=\"article:modified_time\" content=\"2023-01-26T10:53:55+00:00\" \/>\n<meta property=\"og:image\" content=\"https:\/\/www.accuratereviews.com\/wp-content\/uploads\/2023\/01\/danea-3.png\" \/>\n\t<meta property=\"og:image:width\" content=\"433\" \/>\n\t<meta property=\"og:image:height\" content=\"258\" \/>\n\t<meta property=\"og:image:type\" content=\"image\/png\" \/>\n<meta name=\"twitter:card\" content=\"summary_large_image\" \/>\n<meta name=\"twitter:label1\" content=\"Tempo di lettura stimato\" \/>\n\t<meta name=\"twitter:data1\" content=\"2 minuti\" \/>\n<script type=\"application\/ld+json\" class=\"yoast-schema-graph\">{\"@context\":\"https:\\\/\\\/schema.org\",\"@graph\":[{\"@type\":\"WebPage\",\"@id\":\"https:\\\/\\\/www.accuratereviews.com\\\/it\\\/software-contabilita-migliori-lista-software\\\/danea-easyfatt-recensione\\\/\",\"url\":\"https:\\\/\\\/www.accuratereviews.com\\\/it\\\/software-contabilita-migliori-lista-software\\\/danea-easyfatt-recensione\\\/\",\"name\":\"Danea Easyfatt: recensione software gestionale - Accurate Reviews\",\"isPartOf\":{\"@id\":\"https:\\\/\\\/www.accuratereviews.com\\\/it\\\/#website\"},\"primaryImageOfPage\":{\"@id\":\"https:\\\/\\\/www.accuratereviews.com\\\/it\\\/software-contabilita-migliori-lista-software\\\/danea-easyfatt-recensione\\\/#primaryimage\"},\"image\":{\"@id\":\"https:\\\/\\\/www.accuratereviews.com\\\/it\\\/software-contabilita-migliori-lista-software\\\/danea-easyfatt-recensione\\\/#primaryimage\"},\"thumbnailUrl\":\"https:\\\/\\\/www.accuratereviews.com\\\/wp-content\\\/uploads\\\/2023\\\/01\\\/danea-3.png\",\"datePublished\":\"2019-03-15T11:26:45+00:00\",\"dateModified\":\"2023-01-26T10:53:55+00:00\",\"description\":\"Danea Easyfatt: recensione del software gestionale di fatturazione utile per la gestione del magazzino, delle vendite e degli acquisti della tua azienda.\",\"breadcrumb\":{\"@id\":\"https:\\\/\\\/www.accuratereviews.com\\\/it\\\/software-contabilita-migliori-lista-software\\\/danea-easyfatt-recensione\\\/#breadcrumb\"},\"inLanguage\":\"it-IT\",\"potentialAction\":[{\"@type\":\"ReadAction\",\"target\":[\"https:\\\/\\\/www.accuratereviews.com\\\/it\\\/software-contabilita-migliori-lista-software\\\/danea-easyfatt-recensione\\\/\"]}]},{\"@type\":\"ImageObject\",\"inLanguage\":\"it-IT\",\"@id\":\"https:\\\/\\\/www.accuratereviews.com\\\/it\\\/software-contabilita-migliori-lista-software\\\/danea-easyfatt-recensione\\\/#primaryimage\",\"url\":\"https:\\\/\\\/www.accuratereviews.com\\\/wp-content\\\/uploads\\\/2023\\\/01\\\/danea-3.png\",\"contentUrl\":\"https:\\\/\\\/www.accuratereviews.com\\\/wp-content\\\/uploads\\\/2023\\\/01\\\/danea-3.png\",\"width\":433,\"height\":258},{\"@type\":\"BreadcrumbList\",\"@id\":\"https:\\\/\\\/www.accuratereviews.com\\\/it\\\/software-contabilita-migliori-lista-software\\\/danea-easyfatt-recensione\\\/#breadcrumb\",\"itemListElement\":[{\"@type\":\"ListItem\",\"position\":1,\"name\":\"Home\",\"item\":\"https:\\\/\\\/www.accuratereviews.com\\\/it\\\/\"},{\"@type\":\"ListItem\",\"position\":2,\"name\":\"I migliori software di contabilit\u00e0\",\"item\":\"https:\\\/\\\/www.accuratereviews.com\\\/it\\\/software-contabilita-migliori-lista-software\\\/\"},{\"@type\":\"ListItem\",\"position\":3,\"name\":\"Danea Easyfatt\"}]},{\"@type\":\"WebSite\",\"@id\":\"https:\\\/\\\/www.accuratereviews.com\\\/it\\\/#website\",\"url\":\"https:\\\/\\\/www.accuratereviews.com\\\/it\\\/\",\"name\":\"Accurate Reviews\",\"description\":\"\",\"potentialAction\":[{\"@type\":\"SearchAction\",\"target\":{\"@type\":\"EntryPoint\",\"urlTemplate\":\"https:\\\/\\\/www.accuratereviews.com\\\/it\\\/?s={search_term_string}\"},\"query-input\":{\"@type\":\"PropertyValueSpecification\",\"valueRequired\":true,\"valueName\":\"search_term_string\"}}],\"inLanguage\":\"it-IT\"}]}<\/script>\n<!-- \/ Yoast SEO plugin. -->","yoast_head_json":{"title":"Danea Easyfatt: recensione software gestionale - Accurate Reviews","description":"Danea Easyfatt: recensione del software gestionale di fatturazione utile per la gestione del magazzino, delle vendite e degli acquisti della tua azienda.","robots":{"index":"index","follow":"follow","max-snippet":"max-snippet:-1","max-image-preview":"max-image-preview:large","max-video-preview":"max-video-preview:-1"},"canonical":"https:\/\/www.accuratereviews.com\/it\/software-contabilita-migliori-lista-software\/danea-easyfatt-recensione\/","og_locale":"it_IT","og_type":"article","og_title":"Danea Easyfatt: recensione software gestionale - Accurate Reviews","og_description":"Danea Easyfatt: recensione del software gestionale di fatturazione utile per la gestione del magazzino, delle vendite e degli acquisti della tua azienda.","og_url":"https:\/\/www.accuratereviews.com\/it\/software-contabilita-migliori-lista-software\/danea-easyfatt-recensione\/","og_site_name":"Accurate Reviews","article_modified_time":"2023-01-26T10:53:55+00:00","og_image":[{"width":433,"height":258,"url":"https:\/\/www.accuratereviews.com\/wp-content\/uploads\/2023\/01\/danea-3.png","type":"image\/png"}],"twitter_card":"summary_large_image","twitter_misc":{"Tempo di lettura stimato":"2 minuti"},"schema":{"@context":"https:\/\/schema.org","@graph":[{"@type":"WebPage","@id":"https:\/\/www.accuratereviews.com\/it\/software-contabilita-migliori-lista-software\/danea-easyfatt-recensione\/","url":"https:\/\/www.accuratereviews.com\/it\/software-contabilita-migliori-lista-software\/danea-easyfatt-recensione\/","name":"Danea Easyfatt: recensione software gestionale - Accurate Reviews","isPartOf":{"@id":"https:\/\/www.accuratereviews.com\/it\/#website"},"primaryImageOfPage":{"@id":"https:\/\/www.accuratereviews.com\/it\/software-contabilita-migliori-lista-software\/danea-easyfatt-recensione\/#primaryimage"},"image":{"@id":"https:\/\/www.accuratereviews.com\/it\/software-contabilita-migliori-lista-software\/danea-easyfatt-recensione\/#primaryimage"},"thumbnailUrl":"https:\/\/www.accuratereviews.com\/wp-content\/uploads\/2023\/01\/danea-3.png","datePublished":"2019-03-15T11:26:45+00:00","dateModified":"2023-01-26T10:53:55+00:00","description":"Danea Easyfatt: recensione del software gestionale di fatturazione utile per la gestione del magazzino, delle vendite e degli acquisti della tua azienda.","breadcrumb":{"@id":"https:\/\/www.accuratereviews.com\/it\/software-contabilita-migliori-lista-software\/danea-easyfatt-recensione\/#breadcrumb"},"inLanguage":"it-IT","potentialAction":[{"@type":"ReadAction","target":["https:\/\/www.accuratereviews.com\/it\/software-contabilita-migliori-lista-software\/danea-easyfatt-recensione\/"]}]},{"@type":"ImageObject","inLanguage":"it-IT","@id":"https:\/\/www.accuratereviews.com\/it\/software-contabilita-migliori-lista-software\/danea-easyfatt-recensione\/#primaryimage","url":"https:\/\/www.accuratereviews.com\/wp-content\/uploads\/2023\/01\/danea-3.png","contentUrl":"https:\/\/www.accuratereviews.com\/wp-content\/uploads\/2023\/01\/danea-3.png","width":433,"height":258},{"@type":"BreadcrumbList","@id":"https:\/\/www.accuratereviews.com\/it\/software-contabilita-migliori-lista-software\/danea-easyfatt-recensione\/#breadcrumb","itemListElement":[{"@type":"ListItem","position":1,"name":"Home","item":"https:\/\/www.accuratereviews.com\/it\/"},{"@type":"ListItem","position":2,"name":"I migliori software di contabilit\u00e0","item":"https:\/\/www.accuratereviews.com\/it\/software-contabilita-migliori-lista-software\/"},{"@type":"ListItem","position":3,"name":"Danea Easyfatt"}]},{"@type":"WebSite","@id":"https:\/\/www.accuratereviews.com\/it\/#website","url":"https:\/\/www.accuratereviews.com\/it\/","name":"Accurate Reviews","description":"","potentialAction":[{"@type":"SearchAction","target":{"@type":"EntryPoint","urlTemplate":"https:\/\/www.accuratereviews.com\/it\/?s={search_term_string}"},"query-input":{"@type":"PropertyValueSpecification","valueRequired":true,"valueName":"search_term_string"}}],"inLanguage":"it-IT"}]}},"_links":{"self":[{"href":"https:\/\/www.accuratereviews.com\/it\/wp-json\/wp\/v2\/pages\/12185","targetHints":{"allow":["GET"]}}],"collection":[{"href":"https:\/\/www.accuratereviews.com\/it\/wp-json\/wp\/v2\/pages"}],"about":[{"href":"https:\/\/www.accuratereviews.com\/it\/wp-json\/wp\/v2\/types\/page"}],"author":[{"embeddable":true,"href":"https:\/\/www.accuratereviews.com\/it\/wp-json\/wp\/v2\/users\/17"}],"replies":[{"embeddable":true,"href":"https:\/\/www.accuratereviews.com\/it\/wp-json\/wp\/v2\/comments?post=12185"}],"version-history":[{"count":10,"href":"https:\/\/www.accuratereviews.com\/it\/wp-json\/wp\/v2\/pages\/12185\/revisions"}],"predecessor-version":[{"id":66632,"href":"https:\/\/www.accuratereviews.com\/it\/wp-json\/wp\/v2\/pages\/12185\/revisions\/66632"}],"up":[{"embeddable":true,"href":"https:\/\/www.accuratereviews.com\/it\/wp-json\/wp\/v2\/pages\/5495"}],"wp:featuredmedia":[{"embeddable":true,"href":"https:\/\/www.accuratereviews.com\/it\/wp-json\/wp\/v2\/media\/66627"}],"wp:attachment":[{"href":"https:\/\/www.accuratereviews.com\/it\/wp-json\/wp\/v2\/media?parent=12185"}],"wp:term":[{"taxonomy":"category","embeddable":true,"href":"https:\/\/www.accuratereviews.com\/it\/wp-json\/wp\/v2\/categories?post=12185"},{"taxonomy":"post_tag","embeddable":true,"href":"https:\/\/www.accuratereviews.com\/it\/wp-json\/wp\/v2\/tags?post=12185"},{"taxonomy":"features","embeddable":true,"href":"https:\/\/www.accuratereviews.com\/it\/wp-json\/wp\/v2\/features?post=12185"}],"curies":[{"name":"wp","href":"https:\/\/api.w.org\/{rel}","templated":true}]}}