{"id":12287,"date":"2019-03-19T10:08:05","date_gmt":"2019-03-19T10:08:05","guid":{"rendered":"https:\/\/www.accuratereviews.com\/?page_id=12287"},"modified":"2023-01-27T12:17:21","modified_gmt":"2023-01-27T12:17:21","slug":"ergosoft-gestionale-recensione","status":"publish","type":"page","link":"https:\/\/www.accuratereviews.com\/it\/software-contabilita-migliori-lista-software\/ergosoft-gestionale-recensione\/","title":{"rendered":"ErgoSoft Gestionale"},"content":{"rendered":"<p><strong>ErgoSoft Gestionale<\/strong> \u00e8 un <strong>software gestionale<\/strong> ideale per le piccole e le medie imprese che necessitano di un&#8217;<strong>organizzazione aziendale<\/strong> pi\u00f9 professionale e completa. \u00c8 una soluzione ottima perch\u00e9 permette di appuntarsi promemorie, scadenze e attivit\u00e0 da svolgere, controllare i guadagni e la <strong>situazione contabile<\/strong>, gestire gli ordini e il magazzino e, pi\u00f9 in generale, monitorare l&#8217;andamento dell&#8217;azienda. Questo<strong> programma gestionale<\/strong> offre inoltre la possibilit\u00e0 di essere collegato al proprio sito <strong>e-commerce<\/strong>, consentendo di gestire al meglio gli ordini ricevuti e le vendite online.<br \/>\nEsistono numerose versioni tra le quali ne troviamo una <strong>gratuita<\/strong> ed una disponibile in <strong>Cloud<\/strong> che \u00e8 la versione online a cui puoi accedere dal tuo PC o direttamente dal tuo smartphone o tablet, sfruttando la possibilit\u00e0 di lavorare in rete ovunque ti trovi.<\/p>\n<h2>GESTIONE STORICO MOVIMENTI CON ERGOSOFT GESTIONALE &#8211; TUTORIAL<\/h2>\n<p>Diamo uno sguardo a questo breve video tutorial che ci insegner\u00e0<strong> come archiviare dei movimenti nello storico<\/strong> e richiamarli all&#8217;occorrenza quando si vogliono consultare.<\/p>\n<div id=\"fluid-wrapper-counter-1\" class=\"g1-fluid-wrapper \" style=\"width:686px;\"><div style=\"padding-bottom:56.268221574344%;\"><iframe loading=\"lazy\" title=\"Lezione 28 - Gestione Storico Movimenti - ErgoSoft Gestionale\" width=\"686\" height=\"386\" src=\"https:\/\/www.youtube.com\/embed\/dy1AqMpR35M?feature=oembed&amp;wmode=transparent&amp;autohide=1&amp;autoplay=0&amp;disablekb=0&amp;fs=1&amp;loop=0&amp;enablejsapi=1&amp;rel=0&amp;controls=2&amp;showinfo=0&amp;wmode=transparent&amp;autohide=2&amp;autoplay=0&amp;disablekb=0&amp;fs=1&amp;loop=0&amp;enablejsapi=1&amp;rel=0&amp;controls=2&amp;showinfo=1\" frameborder=\"0\" allow=\"accelerometer; autoplay; clipboard-write; encrypted-media; gyroscope; picture-in-picture; web-share\" allowfullscreen><\/iframe><\/div><\/div>\n<h2>ERGOSOFT &#8211; CARATTERISTICHE<\/h2>\n<p>Dopo aver visto come funziona questo <strong>gestionale<\/strong>, diamo un&#8217;occhiata alle sue principali caratteristiche:<\/p>\n<ul>\n<li><strong>Gestione dei documenti<\/strong>: emetti fatture, preventivi e gestisci ordini, acquisti e vendite.<\/li>\n<li><strong>Gestione del magazzino<\/strong>: gestisci il carico e lo scarico merce in modo semplice e veloce.<\/li>\n<li><strong>Gestione delle anagrafiche<\/strong>: tieni sotto controllo tutte le operazione effettuate, le scadenze e i pagamenti di clienti e fornitori.<\/li>\n<li><strong>Gestione delle relazioni con i clienti e i fornitori<\/strong>: rimani sempre informato grazie a promemoria, appuntamenti, attivit\u00e0 da svolgere con i clienti e i fornitori.<\/li>\n<li><strong>Gestione del lettore barcode<\/strong>: gestisci il lettore di codici a barre e componi le etichette.<\/li>\n<li><strong>Istallazione e configurazione<\/strong>: facile e rapida, pu\u00f2 essere installato su uno o pi\u00f9 PC, sfruttando dell&#8217;opzione monoutente o multiutente.<\/li>\n<li><strong>Integrit\u00e0 dei dati<\/strong>: garantita grazie al sistema di Client-Server che controlla i dati.<\/li>\n<li><strong>Supporto clienti<\/strong>: molto efficiente, disponibile solo nelle versioni a pagamento.<\/li>\n<li><strong>Formazione<\/strong>: vengono forniti corsi di formazione organizzati periodicamente, formazione a distanza e video-corsi gratuiti su YouTube.<\/li>\n<\/ul>\n","protected":false},"excerpt":{"rendered":"<p>ErgoSoft Gestionale \u00e8 un software gestionale ideale per le piccole e le medie imprese che necessitano di un&#8217;organizzazione aziendale pi\u00f9 professionale e completa. \u00c8 una soluzione ottima perch\u00e9 permette di appuntarsi promemorie, scadenze e attivit\u00e0 da svolgere, controllare i guadagni e la situazione contabile, gestire gli ordini e il magazzino e, pi\u00f9 in generale, monitorare l&#8217;andamento dell&#8217;azienda. <\/p>\n","protected":false},"author":17,"featured_media":12290,"parent":5495,"menu_order":0,"comment_status":"open","ping_status":"closed","template":"g1_template_page_review_new.php","meta":{"_acf_changed":false,"cwp_meta_box_check":"Yes","cwp_rev_product_name":"","cwp_rev_product_image":"","wppr_links":[],"cwp_rev_price":"","wppr_options":[{"name":"Usability","value":"0"},{"name":"Speed","value":"0"},{"name":"Features","value":"0"},{"name":"Support","value":"0"},{"name":"Pricing","value":"0"}],"wppr_pros":["","","","",""],"wppr_cons":["","","","",""],"_monsterinsights_skip_tracking":false,"_monsterinsights_sitenote_active":false,"_monsterinsights_sitenote_note":"","_monsterinsights_sitenote_category":0,"footnotes":""},"categories":[97,96],"tags":[190,364,382,383,334],"features":[],"class_list":{"0":"post-12287","1":"page","2":"type-page","3":"status-publish","4":"has-post-thumbnail","6":"category-accounting-services-it","7":"category-contabilita","8":"tag-fatturazione-elettronica","9":"tag-gestionale-gratuito","10":"tag-programma-contabile-online","11":"tag-programma-di-contabilita","12":"tag-software-gestionale"},"wppr_data":{"cwp_meta_box_check":"Yes","cwp_rev_product_name":"","_wppr_review_template":"default","cwp_rev_product_image":"","cwp_image_link":"image","wppr_links":[],"cwp_rev_price":"","wppr_pros":["","","","",""],"wppr_cons":["","","","",""],"wppr_rating":"0.00","wppr_options":{"1":{"name":"Usability","value":"0"},"2":{"name":"Speed","value":"0"},"3":{"name":"Features","value":"0"},"4":{"name":"Support","value":"0"},"5":{"name":"Pricing","value":"0"}},"wppr_review_type":"Product","wppr_review_custom_fields":{"additionalProperty":"","additionalType":"","aggregateRating":"","alternateName":"","audience":"","award":"","awards":"","brand":"","color":"","depth":"","description":"","disambiguatingDescription":"","gtin12":"","gtin13":"","gtin14":"","gtin8":"","height":"","identifier":"","image":"","isAccessoryOrSparePartFor":"","isConsumableFor":"","isRelatedTo":"","isSimilarTo":"","itemCondition":"","logo":"","mainEntityOfPage":"","manufacturer":"","material":"","model":"","mpn":"","name":"","offers":"","potentialAction":"","productID":"","productionDate":"","purchaseDate":"","releaseDate":"","review":"","reviews":"","sameAs":"","sku":"","slogan":"","subjectOf":"","url":"","weight":"","width":""}},"acf":[],"yoast_head":"<!-- This site is optimized with the Yoast SEO plugin v27.4 - https:\/\/yoast.com\/product\/yoast-seo-wordpress\/ -->\n<title>ErgoSoft Gestionale Recensione - Accurate Reviews<\/title>\n<meta name=\"description\" content=\"ErgoSoft Gestionale: recensione del software gestionale ideale per le piccole e medie imprese che necessitano di un&#039;organizzazione aziendale professionale.\" \/>\n<meta name=\"robots\" content=\"index, follow, max-snippet:-1, max-image-preview:large, max-video-preview:-1\" \/>\n<link rel=\"canonical\" href=\"https:\/\/www.accuratereviews.com\/it\/software-contabilita-migliori-lista-software\/ergosoft-gestionale-recensione\/\" \/>\n<meta property=\"og:locale\" content=\"it_IT\" \/>\n<meta property=\"og:type\" content=\"article\" \/>\n<meta property=\"og:title\" content=\"ErgoSoft Gestionale Recensione - Accurate Reviews\" \/>\n<meta property=\"og:description\" content=\"ErgoSoft Gestionale: recensione del software gestionale ideale per le piccole e medie imprese che necessitano di un&#039;organizzazione aziendale professionale.\" \/>\n<meta property=\"og:url\" content=\"https:\/\/www.accuratereviews.com\/it\/software-contabilita-migliori-lista-software\/ergosoft-gestionale-recensione\/\" \/>\n<meta property=\"og:site_name\" content=\"Accurate Reviews\" \/>\n<meta property=\"article:modified_time\" content=\"2023-01-27T12:17:21+00:00\" \/>\n<meta property=\"og:image\" content=\"https:\/\/www.accuratereviews.com\/wp-content\/uploads\/2019\/03\/images-1.jpg\" \/>\n\t<meta property=\"og:image:width\" content=\"376\" \/>\n\t<meta property=\"og:image:height\" content=\"134\" \/>\n\t<meta property=\"og:image:type\" content=\"image\/jpeg\" \/>\n<meta name=\"twitter:card\" content=\"summary_large_image\" \/>\n<meta name=\"twitter:label1\" content=\"Tempo di lettura stimato\" \/>\n\t<meta name=\"twitter:data1\" content=\"2 minuti\" \/>\n<script type=\"application\/ld+json\" class=\"yoast-schema-graph\">{\"@context\":\"https:\\\/\\\/schema.org\",\"@graph\":[{\"@type\":\"WebPage\",\"@id\":\"https:\\\/\\\/www.accuratereviews.com\\\/it\\\/software-contabilita-migliori-lista-software\\\/ergosoft-gestionale-recensione\\\/\",\"url\":\"https:\\\/\\\/www.accuratereviews.com\\\/it\\\/software-contabilita-migliori-lista-software\\\/ergosoft-gestionale-recensione\\\/\",\"name\":\"ErgoSoft Gestionale Recensione - Accurate Reviews\",\"isPartOf\":{\"@id\":\"https:\\\/\\\/www.accuratereviews.com\\\/it\\\/#website\"},\"primaryImageOfPage\":{\"@id\":\"https:\\\/\\\/www.accuratereviews.com\\\/it\\\/software-contabilita-migliori-lista-software\\\/ergosoft-gestionale-recensione\\\/#primaryimage\"},\"image\":{\"@id\":\"https:\\\/\\\/www.accuratereviews.com\\\/it\\\/software-contabilita-migliori-lista-software\\\/ergosoft-gestionale-recensione\\\/#primaryimage\"},\"thumbnailUrl\":\"https:\\\/\\\/www.accuratereviews.com\\\/wp-content\\\/uploads\\\/2019\\\/03\\\/images-1.jpg\",\"datePublished\":\"2019-03-19T10:08:05+00:00\",\"dateModified\":\"2023-01-27T12:17:21+00:00\",\"description\":\"ErgoSoft Gestionale: recensione del software gestionale ideale per le piccole e medie imprese che necessitano di un'organizzazione aziendale professionale.\",\"breadcrumb\":{\"@id\":\"https:\\\/\\\/www.accuratereviews.com\\\/it\\\/software-contabilita-migliori-lista-software\\\/ergosoft-gestionale-recensione\\\/#breadcrumb\"},\"inLanguage\":\"it-IT\",\"potentialAction\":[{\"@type\":\"ReadAction\",\"target\":[\"https:\\\/\\\/www.accuratereviews.com\\\/it\\\/software-contabilita-migliori-lista-software\\\/ergosoft-gestionale-recensione\\\/\"]}]},{\"@type\":\"ImageObject\",\"inLanguage\":\"it-IT\",\"@id\":\"https:\\\/\\\/www.accuratereviews.com\\\/it\\\/software-contabilita-migliori-lista-software\\\/ergosoft-gestionale-recensione\\\/#primaryimage\",\"url\":\"https:\\\/\\\/www.accuratereviews.com\\\/wp-content\\\/uploads\\\/2019\\\/03\\\/images-1.jpg\",\"contentUrl\":\"https:\\\/\\\/www.accuratereviews.com\\\/wp-content\\\/uploads\\\/2019\\\/03\\\/images-1.jpg\",\"width\":376,\"height\":134},{\"@type\":\"BreadcrumbList\",\"@id\":\"https:\\\/\\\/www.accuratereviews.com\\\/it\\\/software-contabilita-migliori-lista-software\\\/ergosoft-gestionale-recensione\\\/#breadcrumb\",\"itemListElement\":[{\"@type\":\"ListItem\",\"position\":1,\"name\":\"Home\",\"item\":\"https:\\\/\\\/www.accuratereviews.com\\\/it\\\/\"},{\"@type\":\"ListItem\",\"position\":2,\"name\":\"I migliori software di contabilit\u00e0\",\"item\":\"https:\\\/\\\/www.accuratereviews.com\\\/it\\\/software-contabilita-migliori-lista-software\\\/\"},{\"@type\":\"ListItem\",\"position\":3,\"name\":\"ErgoSoft Gestionale\"}]},{\"@type\":\"WebSite\",\"@id\":\"https:\\\/\\\/www.accuratereviews.com\\\/it\\\/#website\",\"url\":\"https:\\\/\\\/www.accuratereviews.com\\\/it\\\/\",\"name\":\"Accurate Reviews\",\"description\":\"\",\"potentialAction\":[{\"@type\":\"SearchAction\",\"target\":{\"@type\":\"EntryPoint\",\"urlTemplate\":\"https:\\\/\\\/www.accuratereviews.com\\\/it\\\/?s={search_term_string}\"},\"query-input\":{\"@type\":\"PropertyValueSpecification\",\"valueRequired\":true,\"valueName\":\"search_term_string\"}}],\"inLanguage\":\"it-IT\"}]}<\/script>\n<!-- \/ Yoast SEO plugin. -->","yoast_head_json":{"title":"ErgoSoft Gestionale Recensione - Accurate Reviews","description":"ErgoSoft Gestionale: recensione del software gestionale ideale per le piccole e medie imprese che necessitano di un'organizzazione aziendale professionale.","robots":{"index":"index","follow":"follow","max-snippet":"max-snippet:-1","max-image-preview":"max-image-preview:large","max-video-preview":"max-video-preview:-1"},"canonical":"https:\/\/www.accuratereviews.com\/it\/software-contabilita-migliori-lista-software\/ergosoft-gestionale-recensione\/","og_locale":"it_IT","og_type":"article","og_title":"ErgoSoft Gestionale Recensione - Accurate Reviews","og_description":"ErgoSoft Gestionale: recensione del software gestionale ideale per le piccole e medie imprese che necessitano di un'organizzazione aziendale professionale.","og_url":"https:\/\/www.accuratereviews.com\/it\/software-contabilita-migliori-lista-software\/ergosoft-gestionale-recensione\/","og_site_name":"Accurate Reviews","article_modified_time":"2023-01-27T12:17:21+00:00","og_image":[{"width":376,"height":134,"url":"https:\/\/www.accuratereviews.com\/wp-content\/uploads\/2019\/03\/images-1.jpg","type":"image\/jpeg"}],"twitter_card":"summary_large_image","twitter_misc":{"Tempo di lettura stimato":"2 minuti"},"schema":{"@context":"https:\/\/schema.org","@graph":[{"@type":"WebPage","@id":"https:\/\/www.accuratereviews.com\/it\/software-contabilita-migliori-lista-software\/ergosoft-gestionale-recensione\/","url":"https:\/\/www.accuratereviews.com\/it\/software-contabilita-migliori-lista-software\/ergosoft-gestionale-recensione\/","name":"ErgoSoft Gestionale Recensione - Accurate Reviews","isPartOf":{"@id":"https:\/\/www.accuratereviews.com\/it\/#website"},"primaryImageOfPage":{"@id":"https:\/\/www.accuratereviews.com\/it\/software-contabilita-migliori-lista-software\/ergosoft-gestionale-recensione\/#primaryimage"},"image":{"@id":"https:\/\/www.accuratereviews.com\/it\/software-contabilita-migliori-lista-software\/ergosoft-gestionale-recensione\/#primaryimage"},"thumbnailUrl":"https:\/\/www.accuratereviews.com\/wp-content\/uploads\/2019\/03\/images-1.jpg","datePublished":"2019-03-19T10:08:05+00:00","dateModified":"2023-01-27T12:17:21+00:00","description":"ErgoSoft Gestionale: recensione del software gestionale ideale per le piccole e medie imprese che necessitano di un'organizzazione aziendale professionale.","breadcrumb":{"@id":"https:\/\/www.accuratereviews.com\/it\/software-contabilita-migliori-lista-software\/ergosoft-gestionale-recensione\/#breadcrumb"},"inLanguage":"it-IT","potentialAction":[{"@type":"ReadAction","target":["https:\/\/www.accuratereviews.com\/it\/software-contabilita-migliori-lista-software\/ergosoft-gestionale-recensione\/"]}]},{"@type":"ImageObject","inLanguage":"it-IT","@id":"https:\/\/www.accuratereviews.com\/it\/software-contabilita-migliori-lista-software\/ergosoft-gestionale-recensione\/#primaryimage","url":"https:\/\/www.accuratereviews.com\/wp-content\/uploads\/2019\/03\/images-1.jpg","contentUrl":"https:\/\/www.accuratereviews.com\/wp-content\/uploads\/2019\/03\/images-1.jpg","width":376,"height":134},{"@type":"BreadcrumbList","@id":"https:\/\/www.accuratereviews.com\/it\/software-contabilita-migliori-lista-software\/ergosoft-gestionale-recensione\/#breadcrumb","itemListElement":[{"@type":"ListItem","position":1,"name":"Home","item":"https:\/\/www.accuratereviews.com\/it\/"},{"@type":"ListItem","position":2,"name":"I migliori software di contabilit\u00e0","item":"https:\/\/www.accuratereviews.com\/it\/software-contabilita-migliori-lista-software\/"},{"@type":"ListItem","position":3,"name":"ErgoSoft Gestionale"}]},{"@type":"WebSite","@id":"https:\/\/www.accuratereviews.com\/it\/#website","url":"https:\/\/www.accuratereviews.com\/it\/","name":"Accurate Reviews","description":"","potentialAction":[{"@type":"SearchAction","target":{"@type":"EntryPoint","urlTemplate":"https:\/\/www.accuratereviews.com\/it\/?s={search_term_string}"},"query-input":{"@type":"PropertyValueSpecification","valueRequired":true,"valueName":"search_term_string"}}],"inLanguage":"it-IT"}]}},"_links":{"self":[{"href":"https:\/\/www.accuratereviews.com\/it\/wp-json\/wp\/v2\/pages\/12287","targetHints":{"allow":["GET"]}}],"collection":[{"href":"https:\/\/www.accuratereviews.com\/it\/wp-json\/wp\/v2\/pages"}],"about":[{"href":"https:\/\/www.accuratereviews.com\/it\/wp-json\/wp\/v2\/types\/page"}],"author":[{"embeddable":true,"href":"https:\/\/www.accuratereviews.com\/it\/wp-json\/wp\/v2\/users\/17"}],"replies":[{"embeddable":true,"href":"https:\/\/www.accuratereviews.com\/it\/wp-json\/wp\/v2\/comments?post=12287"}],"version-history":[{"count":8,"href":"https:\/\/www.accuratereviews.com\/it\/wp-json\/wp\/v2\/pages\/12287\/revisions"}],"predecessor-version":[{"id":66705,"href":"https:\/\/www.accuratereviews.com\/it\/wp-json\/wp\/v2\/pages\/12287\/revisions\/66705"}],"up":[{"embeddable":true,"href":"https:\/\/www.accuratereviews.com\/it\/wp-json\/wp\/v2\/pages\/5495"}],"wp:featuredmedia":[{"embeddable":true,"href":"https:\/\/www.accuratereviews.com\/it\/wp-json\/wp\/v2\/media\/12290"}],"wp:attachment":[{"href":"https:\/\/www.accuratereviews.com\/it\/wp-json\/wp\/v2\/media?parent=12287"}],"wp:term":[{"taxonomy":"category","embeddable":true,"href":"https:\/\/www.accuratereviews.com\/it\/wp-json\/wp\/v2\/categories?post=12287"},{"taxonomy":"post_tag","embeddable":true,"href":"https:\/\/www.accuratereviews.com\/it\/wp-json\/wp\/v2\/tags?post=12287"},{"taxonomy":"features","embeddable":true,"href":"https:\/\/www.accuratereviews.com\/it\/wp-json\/wp\/v2\/features?post=12287"}],"curies":[{"name":"wp","href":"https:\/\/api.w.org\/{rel}","templated":true}]}}