{"id":12326,"date":"2019-03-21T14:00:11","date_gmt":"2019-03-21T14:00:11","guid":{"rendered":"https:\/\/www.accuratereviews.com\/?page_id=12326"},"modified":"2023-01-27T12:39:23","modified_gmt":"2023-01-27T12:39:23","slug":"gestionale-sul-web-recensione","status":"publish","type":"page","link":"https:\/\/www.accuratereviews.com\/it\/software-contabilita-migliori-lista-software\/gestionale-sul-web-recensione\/","title":{"rendered":"Gestionale sul Web"},"content":{"rendered":"<div>\n<p><strong>Gestionale sul Web<\/strong> \u00e8 un&#8217;ottima soluzione per chiunque cerchi un <strong>software gestionale<\/strong> completo e professionale, che consenta di velocizzare le operazioni aziendali pi\u00f9 lunghe e complesse. Utile non solo per i singoli professionisti e le piccole e medie imprese, ma anche per le grandi imprese offrendo una serie di moduli indirizzati a rispondere alle esigenze di tutti. Con questo <strong>gestionale<\/strong>, potrai tenere sotto controllo e<strong> gestire la contabilit\u00e0<\/strong>, il magazzino, le spedizioni in corso, i documenti, la <strong>fatturazione elettronica<\/strong> e molto altro!<\/p>\n<p>Inoltre Gestionale sul Web ha la piattaforma <strong>E-Commerce<\/strong> integrata e ti permette quindi di gestire il tuo e-commerce o crearne uno scegliendo tra i template grafici messi a disposizione dal sito.<\/p>\n<\/div>\n<p><a href=\"https:\/\/www.accuratereviews.com\/wp-content\/uploads\/2019\/03\/imghome.jpg\"><img loading=\"lazy\" decoding=\"async\" class=\"aligncenter size-full wp-image-12385\" src=\"https:\/\/www.accuratereviews.com\/wp-content\/uploads\/2019\/03\/imghome.jpg\" alt=\"Gestionale sul Web\" width=\"950\" height=\"532\" srcset=\"https:\/\/www.accuratereviews.com\/wp-content\/uploads\/2019\/03\/imghome.jpg 950w, https:\/\/www.accuratereviews.com\/wp-content\/uploads\/2019\/03\/imghome-300x168.jpg 300w, https:\/\/www.accuratereviews.com\/wp-content\/uploads\/2019\/03\/imghome-768x430.jpg 768w, https:\/\/www.accuratereviews.com\/wp-content\/uploads\/2019\/03\/imghome-223x125.jpg 223w, https:\/\/www.accuratereviews.com\/wp-content\/uploads\/2019\/03\/imghome-50x28.jpg 50w, https:\/\/www.accuratereviews.com\/wp-content\/uploads\/2019\/03\/imghome-636x356.jpg 636w, https:\/\/www.accuratereviews.com\/wp-content\/uploads\/2019\/03\/imghome-482x271.jpg 482w, https:\/\/www.accuratereviews.com\/wp-content\/uploads\/2019\/03\/imghome-320x179.jpg 320w, https:\/\/www.accuratereviews.com\/wp-content\/uploads\/2019\/03\/imghome-239x134.jpg 239w\" sizes=\"auto, (max-width: 950px) 100vw, 950px\" \/><\/a><\/p>\n<div>\n<h3>GESTIONALE SUL WEB &#8211; CARATTERISTICHE<\/h3>\n<p>Diamo un&#8217;occhiata alle caratteristiche principali di questo <strong>programma gestionale<\/strong>:<\/p>\n<\/div>\n<ul>\n<li><strong>Gestione del ciclo attivo e del ciclo passivo<\/strong>: tieni sempre sotto controllo le entrate le uscite della tua azienda<\/li>\n<li><strong>Gestione del magazzino e delle spedizioni<\/strong>: pi\u00f9 semplice e pi\u00f9 rapida grazie anche alla possibilit\u00e0 di creare magazzini reali o virtuali<\/li>\n<li><strong>Gestione della contabilit\u00e0<\/strong>: puoi redigere bilanci, gestire iva, emettere <strong>fatture elettroniche<\/strong> e gestire la <strong>contabilit\u00e0 ordinaria<\/strong> o <strong>semplificata<\/strong> e molto altro<\/li>\n<li><strong>Gestione CRM<\/strong>: semplifica la gestione delle relazioni e delle comunicazioni con i clienti e i fornitori<\/li>\n<li><strong>Gestione della produzione<\/strong>: puoi monitorare costantemente la tua produzione aziendale<\/li>\n<li><strong>Gestione dei documenti<\/strong>: mette a tua disposizione uno spazio di 15 Gb di archiviazione per scaricare, ricevere e inviare file e documenti<\/li>\n<li><strong>Gestione dell&#8217;E-Commerce<\/strong>: hai la possibilit\u00e0 di creare o direttamente integrare il tuo E-Commerce con Gestionale sul Web<\/li>\n<li><strong>Assistenza clienti<\/strong>: molto efficiente tramite telefono o e-mail.<\/li>\n<\/ul>\n","protected":false},"excerpt":{"rendered":"<p>Gestionale sul Web \u00e8 un&#8217;ottima soluzione per chiunque cerchi un software gestionale completo e professionale, che consenta di velocizzare le operazioni aziendali pi\u00f9 lunghe e complesse. Utile non solo per i singoli professionisti e le piccole e medie imprese, ma anche per le grandi imprese offrendo una serie di moduli indirizzati a rispondere alle esigenze di tutti.<\/p>\n","protected":false},"author":17,"featured_media":12328,"parent":5495,"menu_order":0,"comment_status":"open","ping_status":"closed","template":"g1_template_page_review_new.php","meta":{"_acf_changed":false,"cwp_meta_box_check":"Yes","cwp_rev_product_name":"","cwp_rev_product_image":"","wppr_links":[],"cwp_rev_price":"","wppr_options":[{"name":"Usability","value":"0"},{"name":"Speed","value":"0"},{"name":"Features","value":"0"},{"name":"Support","value":"0"},{"name":"Pricing","value":"0"}],"wppr_pros":["","","","",""],"wppr_cons":["","","","",""],"_monsterinsights_skip_tracking":false,"_monsterinsights_sitenote_active":false,"_monsterinsights_sitenote_note":"","_monsterinsights_sitenote_category":0,"footnotes":""},"categories":[97,96],"tags":[190,366,342,385,382,329,334],"features":[],"class_list":{"0":"post-12326","1":"page","2":"type-page","3":"status-publish","4":"has-post-thumbnail","6":"category-accounting-services-it","7":"category-contabilita","8":"tag-fatturazione-elettronica","9":"tag-gestione-aziendale","10":"tag-gestione-e-commerce","11":"tag-miglior-programma-gestionale","12":"tag-programma-contabile-online","13":"tag-software-di-contabilita","14":"tag-software-gestionale"},"wppr_data":{"cwp_meta_box_check":"Yes","cwp_rev_product_name":"","_wppr_review_template":"default","cwp_rev_product_image":"","cwp_image_link":"image","wppr_links":[],"cwp_rev_price":"","wppr_pros":["","","","",""],"wppr_cons":["","","","",""],"wppr_rating":"0.00","wppr_options":{"1":{"name":"Usability","value":"0"},"2":{"name":"Speed","value":"0"},"3":{"name":"Features","value":"0"},"4":{"name":"Support","value":"0"},"5":{"name":"Pricing","value":"0"}},"wppr_review_type":"Product","wppr_review_custom_fields":{"additionalProperty":"","additionalType":"","aggregateRating":"","alternateName":"","audience":"","award":"","awards":"","brand":"","color":"","depth":"","description":"","disambiguatingDescription":"","gtin12":"","gtin13":"","gtin14":"","gtin8":"","height":"","identifier":"","image":"","isAccessoryOrSparePartFor":"","isConsumableFor":"","isRelatedTo":"","isSimilarTo":"","itemCondition":"","logo":"","mainEntityOfPage":"","manufacturer":"","material":"","model":"","mpn":"","name":"","offers":"","potentialAction":"","productID":"","productionDate":"","purchaseDate":"","releaseDate":"","review":"","reviews":"","sameAs":"","sku":"","slogan":"","subjectOf":"","url":"","weight":"","width":""}},"acf":[],"yoast_head":"<!-- This site is optimized with the Yoast SEO plugin v27.4 - https:\/\/yoast.com\/product\/yoast-seo-wordpress\/ -->\n<title>Gestionale sul Web: recensione - Accurate Reviews<\/title>\n<meta name=\"description\" content=\"Gestionale sul Web: recensione del software gestionale, completo e professionale, che consente di velocizzare le operazioni aziendali pi\u00f9 complesse.\u00a0\" \/>\n<meta name=\"robots\" content=\"index, follow, max-snippet:-1, max-image-preview:large, max-video-preview:-1\" \/>\n<link rel=\"canonical\" href=\"https:\/\/www.accuratereviews.com\/it\/software-contabilita-migliori-lista-software\/gestionale-sul-web-recensione\/\" \/>\n<meta property=\"og:locale\" content=\"it_IT\" \/>\n<meta property=\"og:type\" content=\"article\" \/>\n<meta property=\"og:title\" content=\"Gestionale sul Web: recensione - Accurate Reviews\" \/>\n<meta property=\"og:description\" content=\"Gestionale sul Web: recensione del software gestionale, completo e professionale, che consente di velocizzare le operazioni aziendali pi\u00f9 complesse.\u00a0\" \/>\n<meta property=\"og:url\" content=\"https:\/\/www.accuratereviews.com\/it\/software-contabilita-migliori-lista-software\/gestionale-sul-web-recensione\/\" \/>\n<meta property=\"og:site_name\" content=\"Accurate Reviews\" \/>\n<meta property=\"article:modified_time\" content=\"2023-01-27T12:39:23+00:00\" \/>\n<meta property=\"og:image\" content=\"https:\/\/www.accuratereviews.com\/wp-content\/uploads\/2019\/03\/0.png\" \/>\n\t<meta property=\"og:image:width\" content=\"200\" \/>\n\t<meta property=\"og:image:height\" content=\"200\" \/>\n\t<meta property=\"og:image:type\" content=\"image\/png\" \/>\n<meta name=\"twitter:card\" content=\"summary_large_image\" \/>\n<meta name=\"twitter:label1\" content=\"Tempo di lettura stimato\" \/>\n\t<meta name=\"twitter:data1\" content=\"2 minuti\" \/>\n<script type=\"application\/ld+json\" class=\"yoast-schema-graph\">{\"@context\":\"https:\\\/\\\/schema.org\",\"@graph\":[{\"@type\":\"WebPage\",\"@id\":\"https:\\\/\\\/www.accuratereviews.com\\\/it\\\/software-contabilita-migliori-lista-software\\\/gestionale-sul-web-recensione\\\/\",\"url\":\"https:\\\/\\\/www.accuratereviews.com\\\/it\\\/software-contabilita-migliori-lista-software\\\/gestionale-sul-web-recensione\\\/\",\"name\":\"Gestionale sul Web: recensione - Accurate Reviews\",\"isPartOf\":{\"@id\":\"https:\\\/\\\/www.accuratereviews.com\\\/it\\\/#website\"},\"primaryImageOfPage\":{\"@id\":\"https:\\\/\\\/www.accuratereviews.com\\\/it\\\/software-contabilita-migliori-lista-software\\\/gestionale-sul-web-recensione\\\/#primaryimage\"},\"image\":{\"@id\":\"https:\\\/\\\/www.accuratereviews.com\\\/it\\\/software-contabilita-migliori-lista-software\\\/gestionale-sul-web-recensione\\\/#primaryimage\"},\"thumbnailUrl\":\"https:\\\/\\\/www.accuratereviews.com\\\/wp-content\\\/uploads\\\/2019\\\/03\\\/0.png\",\"datePublished\":\"2019-03-21T14:00:11+00:00\",\"dateModified\":\"2023-01-27T12:39:23+00:00\",\"description\":\"Gestionale sul Web: recensione del software gestionale, completo e professionale, che consente di velocizzare le operazioni aziendali pi\u00f9 complesse.\u00a0\",\"breadcrumb\":{\"@id\":\"https:\\\/\\\/www.accuratereviews.com\\\/it\\\/software-contabilita-migliori-lista-software\\\/gestionale-sul-web-recensione\\\/#breadcrumb\"},\"inLanguage\":\"it-IT\",\"potentialAction\":[{\"@type\":\"ReadAction\",\"target\":[\"https:\\\/\\\/www.accuratereviews.com\\\/it\\\/software-contabilita-migliori-lista-software\\\/gestionale-sul-web-recensione\\\/\"]}]},{\"@type\":\"ImageObject\",\"inLanguage\":\"it-IT\",\"@id\":\"https:\\\/\\\/www.accuratereviews.com\\\/it\\\/software-contabilita-migliori-lista-software\\\/gestionale-sul-web-recensione\\\/#primaryimage\",\"url\":\"https:\\\/\\\/www.accuratereviews.com\\\/wp-content\\\/uploads\\\/2019\\\/03\\\/0.png\",\"contentUrl\":\"https:\\\/\\\/www.accuratereviews.com\\\/wp-content\\\/uploads\\\/2019\\\/03\\\/0.png\",\"width\":200,\"height\":200},{\"@type\":\"BreadcrumbList\",\"@id\":\"https:\\\/\\\/www.accuratereviews.com\\\/it\\\/software-contabilita-migliori-lista-software\\\/gestionale-sul-web-recensione\\\/#breadcrumb\",\"itemListElement\":[{\"@type\":\"ListItem\",\"position\":1,\"name\":\"Home\",\"item\":\"https:\\\/\\\/www.accuratereviews.com\\\/it\\\/\"},{\"@type\":\"ListItem\",\"position\":2,\"name\":\"I migliori software di contabilit\u00e0\",\"item\":\"https:\\\/\\\/www.accuratereviews.com\\\/it\\\/software-contabilita-migliori-lista-software\\\/\"},{\"@type\":\"ListItem\",\"position\":3,\"name\":\"Gestionale sul Web\"}]},{\"@type\":\"WebSite\",\"@id\":\"https:\\\/\\\/www.accuratereviews.com\\\/it\\\/#website\",\"url\":\"https:\\\/\\\/www.accuratereviews.com\\\/it\\\/\",\"name\":\"Accurate Reviews\",\"description\":\"\",\"potentialAction\":[{\"@type\":\"SearchAction\",\"target\":{\"@type\":\"EntryPoint\",\"urlTemplate\":\"https:\\\/\\\/www.accuratereviews.com\\\/it\\\/?s={search_term_string}\"},\"query-input\":{\"@type\":\"PropertyValueSpecification\",\"valueRequired\":true,\"valueName\":\"search_term_string\"}}],\"inLanguage\":\"it-IT\"}]}<\/script>\n<!-- \/ Yoast SEO plugin. -->","yoast_head_json":{"title":"Gestionale sul Web: recensione - Accurate Reviews","description":"Gestionale sul Web: recensione del software gestionale, completo e professionale, che consente di velocizzare le operazioni aziendali pi\u00f9 complesse.\u00a0","robots":{"index":"index","follow":"follow","max-snippet":"max-snippet:-1","max-image-preview":"max-image-preview:large","max-video-preview":"max-video-preview:-1"},"canonical":"https:\/\/www.accuratereviews.com\/it\/software-contabilita-migliori-lista-software\/gestionale-sul-web-recensione\/","og_locale":"it_IT","og_type":"article","og_title":"Gestionale sul Web: recensione - Accurate Reviews","og_description":"Gestionale sul Web: recensione del software gestionale, completo e professionale, che consente di velocizzare le operazioni aziendali pi\u00f9 complesse.\u00a0","og_url":"https:\/\/www.accuratereviews.com\/it\/software-contabilita-migliori-lista-software\/gestionale-sul-web-recensione\/","og_site_name":"Accurate Reviews","article_modified_time":"2023-01-27T12:39:23+00:00","og_image":[{"width":200,"height":200,"url":"https:\/\/www.accuratereviews.com\/wp-content\/uploads\/2019\/03\/0.png","type":"image\/png"}],"twitter_card":"summary_large_image","twitter_misc":{"Tempo di lettura stimato":"2 minuti"},"schema":{"@context":"https:\/\/schema.org","@graph":[{"@type":"WebPage","@id":"https:\/\/www.accuratereviews.com\/it\/software-contabilita-migliori-lista-software\/gestionale-sul-web-recensione\/","url":"https:\/\/www.accuratereviews.com\/it\/software-contabilita-migliori-lista-software\/gestionale-sul-web-recensione\/","name":"Gestionale sul Web: recensione - Accurate Reviews","isPartOf":{"@id":"https:\/\/www.accuratereviews.com\/it\/#website"},"primaryImageOfPage":{"@id":"https:\/\/www.accuratereviews.com\/it\/software-contabilita-migliori-lista-software\/gestionale-sul-web-recensione\/#primaryimage"},"image":{"@id":"https:\/\/www.accuratereviews.com\/it\/software-contabilita-migliori-lista-software\/gestionale-sul-web-recensione\/#primaryimage"},"thumbnailUrl":"https:\/\/www.accuratereviews.com\/wp-content\/uploads\/2019\/03\/0.png","datePublished":"2019-03-21T14:00:11+00:00","dateModified":"2023-01-27T12:39:23+00:00","description":"Gestionale sul Web: recensione del software gestionale, completo e professionale, che consente di velocizzare le operazioni aziendali pi\u00f9 complesse.\u00a0","breadcrumb":{"@id":"https:\/\/www.accuratereviews.com\/it\/software-contabilita-migliori-lista-software\/gestionale-sul-web-recensione\/#breadcrumb"},"inLanguage":"it-IT","potentialAction":[{"@type":"ReadAction","target":["https:\/\/www.accuratereviews.com\/it\/software-contabilita-migliori-lista-software\/gestionale-sul-web-recensione\/"]}]},{"@type":"ImageObject","inLanguage":"it-IT","@id":"https:\/\/www.accuratereviews.com\/it\/software-contabilita-migliori-lista-software\/gestionale-sul-web-recensione\/#primaryimage","url":"https:\/\/www.accuratereviews.com\/wp-content\/uploads\/2019\/03\/0.png","contentUrl":"https:\/\/www.accuratereviews.com\/wp-content\/uploads\/2019\/03\/0.png","width":200,"height":200},{"@type":"BreadcrumbList","@id":"https:\/\/www.accuratereviews.com\/it\/software-contabilita-migliori-lista-software\/gestionale-sul-web-recensione\/#breadcrumb","itemListElement":[{"@type":"ListItem","position":1,"name":"Home","item":"https:\/\/www.accuratereviews.com\/it\/"},{"@type":"ListItem","position":2,"name":"I migliori software di contabilit\u00e0","item":"https:\/\/www.accuratereviews.com\/it\/software-contabilita-migliori-lista-software\/"},{"@type":"ListItem","position":3,"name":"Gestionale sul Web"}]},{"@type":"WebSite","@id":"https:\/\/www.accuratereviews.com\/it\/#website","url":"https:\/\/www.accuratereviews.com\/it\/","name":"Accurate Reviews","description":"","potentialAction":[{"@type":"SearchAction","target":{"@type":"EntryPoint","urlTemplate":"https:\/\/www.accuratereviews.com\/it\/?s={search_term_string}"},"query-input":{"@type":"PropertyValueSpecification","valueRequired":true,"valueName":"search_term_string"}}],"inLanguage":"it-IT"}]}},"_links":{"self":[{"href":"https:\/\/www.accuratereviews.com\/it\/wp-json\/wp\/v2\/pages\/12326","targetHints":{"allow":["GET"]}}],"collection":[{"href":"https:\/\/www.accuratereviews.com\/it\/wp-json\/wp\/v2\/pages"}],"about":[{"href":"https:\/\/www.accuratereviews.com\/it\/wp-json\/wp\/v2\/types\/page"}],"author":[{"embeddable":true,"href":"https:\/\/www.accuratereviews.com\/it\/wp-json\/wp\/v2\/users\/17"}],"replies":[{"embeddable":true,"href":"https:\/\/www.accuratereviews.com\/it\/wp-json\/wp\/v2\/comments?post=12326"}],"version-history":[{"count":13,"href":"https:\/\/www.accuratereviews.com\/it\/wp-json\/wp\/v2\/pages\/12326\/revisions"}],"predecessor-version":[{"id":66710,"href":"https:\/\/www.accuratereviews.com\/it\/wp-json\/wp\/v2\/pages\/12326\/revisions\/66710"}],"up":[{"embeddable":true,"href":"https:\/\/www.accuratereviews.com\/it\/wp-json\/wp\/v2\/pages\/5495"}],"wp:featuredmedia":[{"embeddable":true,"href":"https:\/\/www.accuratereviews.com\/it\/wp-json\/wp\/v2\/media\/12328"}],"wp:attachment":[{"href":"https:\/\/www.accuratereviews.com\/it\/wp-json\/wp\/v2\/media?parent=12326"}],"wp:term":[{"taxonomy":"category","embeddable":true,"href":"https:\/\/www.accuratereviews.com\/it\/wp-json\/wp\/v2\/categories?post=12326"},{"taxonomy":"post_tag","embeddable":true,"href":"https:\/\/www.accuratereviews.com\/it\/wp-json\/wp\/v2\/tags?post=12326"},{"taxonomy":"features","embeddable":true,"href":"https:\/\/www.accuratereviews.com\/it\/wp-json\/wp\/v2\/features?post=12326"}],"curies":[{"name":"wp","href":"https:\/\/api.w.org\/{rel}","templated":true}]}}