{"id":12445,"date":"2019-03-25T09:12:11","date_gmt":"2019-03-25T09:12:11","guid":{"rendered":"https:\/\/www.accuratereviews.com\/?page_id=12445"},"modified":"2023-01-30T17:08:15","modified_gmt":"2023-01-30T17:08:15","slug":"gnujiko-recensione","status":"publish","type":"page","link":"https:\/\/www.accuratereviews.com\/it\/software-contabilita-migliori-lista-software\/gnujiko-recensione\/","title":{"rendered":"Gnujiko"},"content":{"rendered":"<p><strong>Gnujiko<\/strong> \u00e8 un<strong> software gestionale gratuito\u00a0<\/strong>sviluppato dalla societ\u00e0 Alpatech progettato per la piccola impresa, negozi e professionisti. \u00c8 dotato degli strumenti principali per poter creare preventivi e<strong> fatture elettroniche<\/strong> verso privati e pubbliche amministrazioni (PA), gestire le anagrafiche clienti e fornitori, controllare le giacenze di magazzino, registrare la prima nota, consultare il Registro IVA acquisti\/vendite e tanto altro.\u00a0Gnujiko \u00e8 un prodotto <strong>open-source<\/strong> rilasciato sotto licenza GNU\/GPL che sostanzialmente concede all\u2018utente libert\u00e0 di utilizzo, copia, modifica e distribuzione. \u00c8\u00a0possibile installarlo anche su un server remoto cos\u00ec da poter accedere al vostro gestionale ovunque vi troviate (<strong>Cloud<\/strong>).<\/p>\n<p><a href=\"https:\/\/www.accuratereviews.com\/wp-content\/uploads\/2019\/03\/GNUJIKO.jpg\"><img loading=\"lazy\" decoding=\"async\" class=\"aligncenter wp-image-12561 size-full\" src=\"https:\/\/www.accuratereviews.com\/wp-content\/uploads\/2019\/03\/GNUJIKO.jpg\" alt=\"\" width=\"1280\" height=\"825\" srcset=\"https:\/\/www.accuratereviews.com\/wp-content\/uploads\/2019\/03\/GNUJIKO.jpg 1280w, https:\/\/www.accuratereviews.com\/wp-content\/uploads\/2019\/03\/GNUJIKO-300x193.jpg 300w, https:\/\/www.accuratereviews.com\/wp-content\/uploads\/2019\/03\/GNUJIKO-768x495.jpg 768w, https:\/\/www.accuratereviews.com\/wp-content\/uploads\/2019\/03\/GNUJIKO-1024x660.jpg 1024w, https:\/\/www.accuratereviews.com\/wp-content\/uploads\/2019\/03\/GNUJIKO-194x125.jpg 194w, https:\/\/www.accuratereviews.com\/wp-content\/uploads\/2019\/03\/GNUJIKO-50x32.jpg 50w, https:\/\/www.accuratereviews.com\/wp-content\/uploads\/2019\/03\/GNUJIKO-968x624.jpg 968w, https:\/\/www.accuratereviews.com\/wp-content\/uploads\/2019\/03\/GNUJIKO-636x410.jpg 636w, https:\/\/www.accuratereviews.com\/wp-content\/uploads\/2019\/03\/GNUJIKO-320x206.jpg 320w, https:\/\/www.accuratereviews.com\/wp-content\/uploads\/2019\/03\/GNUJIKO-239x154.jpg 239w\" sizes=\"auto, (max-width: 1280px) 100vw, 1280px\" \/><\/a><\/p>\n<h2>GNUJIKO- CARATTERISTICHE<\/h2>\n<ul>\n<li><strong>Rubrica<\/strong>: gestisci l&#8217;anagrafica dei tuoi clienti, fornitori, agenti e collaboratori, inserisci pi\u00f9 recapiti (opzione utile in caso la sede della societ\u00e0 \u00e8 ubicata in un luogo e il magazzino dove consegnare la merce si ad un altro indirizzo), aggiungi le coordinate bancarie<\/li>\n<li><strong>Prodotti e Magazzino<\/strong>: carica i prodotti con schede tecniche, colori, taglie, prezzi e quantit\u00e0 per avere sempre a portata di mano le giacenze del tuo magazzino o per creare velocemente dei preventivi<\/li>\n<li><strong>Documenti commerciali<\/strong>: emetti fatture, ordini, note di credito o note di debito, preventivi, fatture elettroniche verso privati o Pubbliche Amministrazioni (PA), personalizza con il logo della tua azienda e genera un documento in formato PDF e \u00a0invialo tramite mail.<\/li>\n<li><strong>Contabilit\u00e0<\/strong>: stampa i registri IVA acquisti \/ vendite o registra i movimenti contabili nel\u00a0registro della Prima Nota.<\/li>\n<\/ul>\n","protected":false},"excerpt":{"rendered":"<p>Gnujiko \u00e8 un software gestionale gratuito\u00a0sviluppato dalla societ\u00e0\u00a0Alpatech progettato per la piccola impresa, negozi e professionisti \u00e8 dotato degli strumenti principali per poter creare preventivi e fatture elettroniche verso privati e pubbliche amministrazioni (PA), gestire le anagrafiche clienti e fornitori, controllare le giacenze di magazzino, registrare la prima nota, consultare il Registro IVA acquisti\/vendite e tanto altro.<\/p>\n","protected":false},"author":19,"featured_media":12558,"parent":5495,"menu_order":0,"comment_status":"open","ping_status":"closed","template":"g1_template_page_review_new.php","meta":{"_acf_changed":false,"cwp_meta_box_check":"Yes","cwp_rev_product_name":"","cwp_rev_product_image":"","wppr_links":[],"cwp_rev_price":"","wppr_options":[{"name":"Usability","value":"0"},{"name":"Speed","value":"0"},{"name":"Features","value":"0"},{"name":"Support","value":"0"},{"name":"Pricing","value":"0"}],"wppr_pros":["","","","",""],"wppr_cons":["","","","",""],"_monsterinsights_skip_tracking":false,"_monsterinsights_sitenote_active":false,"_monsterinsights_sitenote_note":"","_monsterinsights_sitenote_category":0,"footnotes":""},"categories":[97,96],"tags":[396,191,246,330,338,329,334],"features":[],"class_list":{"0":"post-12445","1":"page","2":"type-page","3":"status-publish","4":"has-post-thumbnail","6":"category-accounting-services-it","7":"category-contabilita","8":"tag-cloud","9":"tag-fattura-elettronica","10":"tag-open-source","11":"tag-programma-contabilita","12":"tag-programma-gestionale","13":"tag-software-di-contabilita","14":"tag-software-gestionale"},"wppr_data":{"cwp_meta_box_check":"Yes","cwp_rev_product_name":"","_wppr_review_template":"default","cwp_rev_product_image":"","cwp_image_link":"image","wppr_links":[],"cwp_rev_price":"","wppr_pros":["","","","",""],"wppr_cons":["","","","",""],"wppr_rating":"0.00","wppr_options":{"1":{"name":"Usability","value":"0"},"2":{"name":"Speed","value":"0"},"3":{"name":"Features","value":"0"},"4":{"name":"Support","value":"0"},"5":{"name":"Pricing","value":"0"}},"wppr_review_type":"Product","wppr_review_custom_fields":{"additionalProperty":"","additionalType":"","aggregateRating":"","alternateName":"","audience":"","award":"","awards":"","brand":"","color":"","depth":"","description":"","disambiguatingDescription":"","gtin12":"","gtin13":"","gtin14":"","gtin8":"","height":"","identifier":"","image":"","isAccessoryOrSparePartFor":"","isConsumableFor":"","isRelatedTo":"","isSimilarTo":"","itemCondition":"","logo":"","mainEntityOfPage":"","manufacturer":"","material":"","model":"","mpn":"","name":"","offers":"","potentialAction":"","productID":"","productionDate":"","purchaseDate":"","releaseDate":"","review":"","reviews":"","sameAs":"","sku":"","slogan":"","subjectOf":"","url":"","weight":"","width":""}},"acf":[],"yoast_head":"<!-- This site is optimized with the Yoast SEO plugin v27.4 - https:\/\/yoast.com\/product\/yoast-seo-wordpress\/ -->\n<title>Gnujiko: recensione software gestionale - Accurate Reviews<\/title>\n<meta name=\"description\" content=\"Gnujiko: recensione software gestionale\u00a0gratuito sviluppato dalla societ\u00e0\u00a0Alpatech progettato per la piccola impresa, negozi e professionisti.\" \/>\n<meta name=\"robots\" content=\"index, follow, max-snippet:-1, max-image-preview:large, max-video-preview:-1\" \/>\n<link rel=\"canonical\" href=\"https:\/\/www.accuratereviews.com\/it\/software-contabilita-migliori-lista-software\/gnujiko-recensione\/\" \/>\n<meta property=\"og:locale\" content=\"it_IT\" \/>\n<meta property=\"og:type\" content=\"article\" \/>\n<meta property=\"og:title\" content=\"Gnujiko: recensione software gestionale - Accurate Reviews\" \/>\n<meta property=\"og:description\" content=\"Gnujiko: recensione software gestionale\u00a0gratuito sviluppato dalla societ\u00e0\u00a0Alpatech progettato per la piccola impresa, negozi e professionisti.\" \/>\n<meta property=\"og:url\" content=\"https:\/\/www.accuratereviews.com\/it\/software-contabilita-migliori-lista-software\/gnujiko-recensione\/\" \/>\n<meta property=\"og:site_name\" content=\"Accurate Reviews\" \/>\n<meta property=\"article:modified_time\" content=\"2023-01-30T17:08:15+00:00\" \/>\n<meta property=\"og:image\" content=\"https:\/\/www.accuratereviews.com\/wp-content\/uploads\/2019\/03\/gnujiko.jpg\" \/>\n\t<meta property=\"og:image:width\" content=\"376\" \/>\n\t<meta property=\"og:image:height\" content=\"376\" \/>\n\t<meta property=\"og:image:type\" content=\"image\/jpeg\" \/>\n<meta name=\"twitter:card\" content=\"summary_large_image\" \/>\n<meta name=\"twitter:label1\" content=\"Tempo di lettura stimato\" \/>\n\t<meta name=\"twitter:data1\" content=\"2 minuti\" \/>\n<script type=\"application\/ld+json\" class=\"yoast-schema-graph\">{\"@context\":\"https:\\\/\\\/schema.org\",\"@graph\":[{\"@type\":\"WebPage\",\"@id\":\"https:\\\/\\\/www.accuratereviews.com\\\/it\\\/software-contabilita-migliori-lista-software\\\/gnujiko-recensione\\\/\",\"url\":\"https:\\\/\\\/www.accuratereviews.com\\\/it\\\/software-contabilita-migliori-lista-software\\\/gnujiko-recensione\\\/\",\"name\":\"Gnujiko: recensione software gestionale - Accurate Reviews\",\"isPartOf\":{\"@id\":\"https:\\\/\\\/www.accuratereviews.com\\\/it\\\/#website\"},\"primaryImageOfPage\":{\"@id\":\"https:\\\/\\\/www.accuratereviews.com\\\/it\\\/software-contabilita-migliori-lista-software\\\/gnujiko-recensione\\\/#primaryimage\"},\"image\":{\"@id\":\"https:\\\/\\\/www.accuratereviews.com\\\/it\\\/software-contabilita-migliori-lista-software\\\/gnujiko-recensione\\\/#primaryimage\"},\"thumbnailUrl\":\"https:\\\/\\\/www.accuratereviews.com\\\/wp-content\\\/uploads\\\/2019\\\/03\\\/gnujiko.jpg\",\"datePublished\":\"2019-03-25T09:12:11+00:00\",\"dateModified\":\"2023-01-30T17:08:15+00:00\",\"description\":\"Gnujiko: recensione software gestionale\u00a0gratuito sviluppato dalla societ\u00e0\u00a0Alpatech progettato per la piccola impresa, negozi e professionisti.\",\"breadcrumb\":{\"@id\":\"https:\\\/\\\/www.accuratereviews.com\\\/it\\\/software-contabilita-migliori-lista-software\\\/gnujiko-recensione\\\/#breadcrumb\"},\"inLanguage\":\"it-IT\",\"potentialAction\":[{\"@type\":\"ReadAction\",\"target\":[\"https:\\\/\\\/www.accuratereviews.com\\\/it\\\/software-contabilita-migliori-lista-software\\\/gnujiko-recensione\\\/\"]}]},{\"@type\":\"ImageObject\",\"inLanguage\":\"it-IT\",\"@id\":\"https:\\\/\\\/www.accuratereviews.com\\\/it\\\/software-contabilita-migliori-lista-software\\\/gnujiko-recensione\\\/#primaryimage\",\"url\":\"https:\\\/\\\/www.accuratereviews.com\\\/wp-content\\\/uploads\\\/2019\\\/03\\\/gnujiko.jpg\",\"contentUrl\":\"https:\\\/\\\/www.accuratereviews.com\\\/wp-content\\\/uploads\\\/2019\\\/03\\\/gnujiko.jpg\",\"width\":376,\"height\":376},{\"@type\":\"BreadcrumbList\",\"@id\":\"https:\\\/\\\/www.accuratereviews.com\\\/it\\\/software-contabilita-migliori-lista-software\\\/gnujiko-recensione\\\/#breadcrumb\",\"itemListElement\":[{\"@type\":\"ListItem\",\"position\":1,\"name\":\"Home\",\"item\":\"https:\\\/\\\/www.accuratereviews.com\\\/it\\\/\"},{\"@type\":\"ListItem\",\"position\":2,\"name\":\"I migliori software di contabilit\u00e0\",\"item\":\"https:\\\/\\\/www.accuratereviews.com\\\/it\\\/software-contabilita-migliori-lista-software\\\/\"},{\"@type\":\"ListItem\",\"position\":3,\"name\":\"Gnujiko\"}]},{\"@type\":\"WebSite\",\"@id\":\"https:\\\/\\\/www.accuratereviews.com\\\/it\\\/#website\",\"url\":\"https:\\\/\\\/www.accuratereviews.com\\\/it\\\/\",\"name\":\"Accurate Reviews\",\"description\":\"\",\"potentialAction\":[{\"@type\":\"SearchAction\",\"target\":{\"@type\":\"EntryPoint\",\"urlTemplate\":\"https:\\\/\\\/www.accuratereviews.com\\\/it\\\/?s={search_term_string}\"},\"query-input\":{\"@type\":\"PropertyValueSpecification\",\"valueRequired\":true,\"valueName\":\"search_term_string\"}}],\"inLanguage\":\"it-IT\"}]}<\/script>\n<!-- \/ Yoast SEO plugin. -->","yoast_head_json":{"title":"Gnujiko: recensione software gestionale - Accurate Reviews","description":"Gnujiko: recensione software gestionale\u00a0gratuito sviluppato dalla societ\u00e0\u00a0Alpatech progettato per la piccola impresa, negozi e professionisti.","robots":{"index":"index","follow":"follow","max-snippet":"max-snippet:-1","max-image-preview":"max-image-preview:large","max-video-preview":"max-video-preview:-1"},"canonical":"https:\/\/www.accuratereviews.com\/it\/software-contabilita-migliori-lista-software\/gnujiko-recensione\/","og_locale":"it_IT","og_type":"article","og_title":"Gnujiko: recensione software gestionale - Accurate Reviews","og_description":"Gnujiko: recensione software gestionale\u00a0gratuito sviluppato dalla societ\u00e0\u00a0Alpatech progettato per la piccola impresa, negozi e professionisti.","og_url":"https:\/\/www.accuratereviews.com\/it\/software-contabilita-migliori-lista-software\/gnujiko-recensione\/","og_site_name":"Accurate Reviews","article_modified_time":"2023-01-30T17:08:15+00:00","og_image":[{"width":376,"height":376,"url":"https:\/\/www.accuratereviews.com\/wp-content\/uploads\/2019\/03\/gnujiko.jpg","type":"image\/jpeg"}],"twitter_card":"summary_large_image","twitter_misc":{"Tempo di lettura stimato":"2 minuti"},"schema":{"@context":"https:\/\/schema.org","@graph":[{"@type":"WebPage","@id":"https:\/\/www.accuratereviews.com\/it\/software-contabilita-migliori-lista-software\/gnujiko-recensione\/","url":"https:\/\/www.accuratereviews.com\/it\/software-contabilita-migliori-lista-software\/gnujiko-recensione\/","name":"Gnujiko: recensione software gestionale - Accurate Reviews","isPartOf":{"@id":"https:\/\/www.accuratereviews.com\/it\/#website"},"primaryImageOfPage":{"@id":"https:\/\/www.accuratereviews.com\/it\/software-contabilita-migliori-lista-software\/gnujiko-recensione\/#primaryimage"},"image":{"@id":"https:\/\/www.accuratereviews.com\/it\/software-contabilita-migliori-lista-software\/gnujiko-recensione\/#primaryimage"},"thumbnailUrl":"https:\/\/www.accuratereviews.com\/wp-content\/uploads\/2019\/03\/gnujiko.jpg","datePublished":"2019-03-25T09:12:11+00:00","dateModified":"2023-01-30T17:08:15+00:00","description":"Gnujiko: recensione software gestionale\u00a0gratuito sviluppato dalla societ\u00e0\u00a0Alpatech progettato per la piccola impresa, negozi e professionisti.","breadcrumb":{"@id":"https:\/\/www.accuratereviews.com\/it\/software-contabilita-migliori-lista-software\/gnujiko-recensione\/#breadcrumb"},"inLanguage":"it-IT","potentialAction":[{"@type":"ReadAction","target":["https:\/\/www.accuratereviews.com\/it\/software-contabilita-migliori-lista-software\/gnujiko-recensione\/"]}]},{"@type":"ImageObject","inLanguage":"it-IT","@id":"https:\/\/www.accuratereviews.com\/it\/software-contabilita-migliori-lista-software\/gnujiko-recensione\/#primaryimage","url":"https:\/\/www.accuratereviews.com\/wp-content\/uploads\/2019\/03\/gnujiko.jpg","contentUrl":"https:\/\/www.accuratereviews.com\/wp-content\/uploads\/2019\/03\/gnujiko.jpg","width":376,"height":376},{"@type":"BreadcrumbList","@id":"https:\/\/www.accuratereviews.com\/it\/software-contabilita-migliori-lista-software\/gnujiko-recensione\/#breadcrumb","itemListElement":[{"@type":"ListItem","position":1,"name":"Home","item":"https:\/\/www.accuratereviews.com\/it\/"},{"@type":"ListItem","position":2,"name":"I migliori software di contabilit\u00e0","item":"https:\/\/www.accuratereviews.com\/it\/software-contabilita-migliori-lista-software\/"},{"@type":"ListItem","position":3,"name":"Gnujiko"}]},{"@type":"WebSite","@id":"https:\/\/www.accuratereviews.com\/it\/#website","url":"https:\/\/www.accuratereviews.com\/it\/","name":"Accurate Reviews","description":"","potentialAction":[{"@type":"SearchAction","target":{"@type":"EntryPoint","urlTemplate":"https:\/\/www.accuratereviews.com\/it\/?s={search_term_string}"},"query-input":{"@type":"PropertyValueSpecification","valueRequired":true,"valueName":"search_term_string"}}],"inLanguage":"it-IT"}]}},"_links":{"self":[{"href":"https:\/\/www.accuratereviews.com\/it\/wp-json\/wp\/v2\/pages\/12445","targetHints":{"allow":["GET"]}}],"collection":[{"href":"https:\/\/www.accuratereviews.com\/it\/wp-json\/wp\/v2\/pages"}],"about":[{"href":"https:\/\/www.accuratereviews.com\/it\/wp-json\/wp\/v2\/types\/page"}],"author":[{"embeddable":true,"href":"https:\/\/www.accuratereviews.com\/it\/wp-json\/wp\/v2\/users\/19"}],"replies":[{"embeddable":true,"href":"https:\/\/www.accuratereviews.com\/it\/wp-json\/wp\/v2\/comments?post=12445"}],"version-history":[{"count":14,"href":"https:\/\/www.accuratereviews.com\/it\/wp-json\/wp\/v2\/pages\/12445\/revisions"}],"predecessor-version":[{"id":66768,"href":"https:\/\/www.accuratereviews.com\/it\/wp-json\/wp\/v2\/pages\/12445\/revisions\/66768"}],"up":[{"embeddable":true,"href":"https:\/\/www.accuratereviews.com\/it\/wp-json\/wp\/v2\/pages\/5495"}],"wp:featuredmedia":[{"embeddable":true,"href":"https:\/\/www.accuratereviews.com\/it\/wp-json\/wp\/v2\/media\/12558"}],"wp:attachment":[{"href":"https:\/\/www.accuratereviews.com\/it\/wp-json\/wp\/v2\/media?parent=12445"}],"wp:term":[{"taxonomy":"category","embeddable":true,"href":"https:\/\/www.accuratereviews.com\/it\/wp-json\/wp\/v2\/categories?post=12445"},{"taxonomy":"post_tag","embeddable":true,"href":"https:\/\/www.accuratereviews.com\/it\/wp-json\/wp\/v2\/tags?post=12445"},{"taxonomy":"features","embeddable":true,"href":"https:\/\/www.accuratereviews.com\/it\/wp-json\/wp\/v2\/features?post=12445"}],"curies":[{"name":"wp","href":"https:\/\/api.w.org\/{rel}","templated":true}]}}