{"id":12583,"date":"2019-03-26T13:34:03","date_gmt":"2019-03-26T13:34:03","guid":{"rendered":"https:\/\/www.accuratereviews.com\/?page_id=12583"},"modified":"2023-01-30T17:07:19","modified_gmt":"2023-01-30T17:07:19","slug":"onda-iq-vision-recensione","status":"publish","type":"page","link":"https:\/\/www.accuratereviews.com\/it\/software-contabilita-migliori-lista-software\/onda-iq-vision-recensione\/","title":{"rendered":"Onda IQ Vision"},"content":{"rendered":"<p>EdiSoftware opera nel mercato del <strong>software gestionale erp<\/strong> in ambiente Windows per le micro, piccole e medie imprese, con la sua rete commerciale distribuita in modo capillare su tutto il territorio italiano \u00e8\u00a0in grado di offrire, ai loro utenti, un valido supporto per ogni esigenza di assistenza, formazione, consulenza o specifiche personalizzazioni richieste sui software. Il <strong>programma gestionale<\/strong> <strong>Onda IQ Vison <\/strong>\u00a0\u00e8 \u00a0un software per il controllo e l&#8217;amministrazione della contabilit\u00e0, vendite e acquisti, magazzino e logistica, produzione e molto altro. \u00c8 potente, sicuro e semplice da usare e pu\u00f2 cos\u00ec aiutarti a gestire le funzioni vitali della tua azienda in modo efficiente e preciso, mettendo a disposizione tutte le informazioni che ti servono ovunque tu sia (<strong>Cloud<\/strong>). Da gennaio 2019, \u00e8 possibile emettere fatture elettroniche verso privati e pubbliche amministrazioni (PA).<\/p>\n<h2>ONDA IQ VISION &#8211; TUTORIAL<\/h2>\n<p>Scopriamo <strong>come si usa Onda IQ<\/strong> grazie a questo video tutorial in <strong>italiano:<\/strong><\/p>\n<div id=\"fluid-wrapper-counter-1\" class=\"g1-fluid-wrapper \" style=\"width:686px;\">\n<div style=\"padding-bottom:56.268221574344%;\"><iframe loading=\"lazy\" title=\"Onda iQ vision intuitivo e facile\" width=\"686\" height=\"386\" src=\"https:\/\/www.youtube.com\/embed\/6KhdO_UD8ok?feature=oembed&amp;wmode=transparent&amp;autohide=1&amp;autoplay=0&amp;disablekb=0&amp;fs=1&amp;loop=0&amp;enablejsapi=1&amp;rel=0&amp;controls=2&amp;showinfo=0&amp;wmode=transparent&amp;autohide=2&amp;autoplay=0&amp;disablekb=0&amp;fs=1&amp;loop=0&amp;enablejsapi=1&amp;rel=0&amp;controls=2&amp;showinfo=1\" frameborder=\"0\" allow=\"accelerometer; autoplay; clipboard-write; encrypted-media; gyroscope; picture-in-picture; web-share\" allowfullscreen><\/iframe><\/div>\n<\/div>\n<h3>ONDA IQ VISION &#8211; CARATTERISTICHE<\/h3>\n<ul>\n<li><strong>Area Contabilit\u00e0 e Amministrazione<\/strong>: permette un corretto e puntuale svolgimento degli adempimenti contabili e fiscali. Per fare i conti e farli tornare inqualsiasi momento<\/li>\n<li><strong>Area Vendite<\/strong>: offerte, listini e tutta l&#8217;attivit\u00e0 della tua rete vendita sotto controllo. Area Magazzino e Logistica<\/li>\n<li><strong>Magazzino<\/strong>: controlla la \u00a0disponibilit\u00e0, la movimentazione e la valorizzazione del magazzino<\/li>\n<li><strong>Area Acquisti<\/strong>: organizza la corretta gestione dei fornitori e degli approvvigionamenti, per ridurre al minimo la possibilit\u00e0 di errore<\/li>\n<li><strong>Fatturazione Elettronica<\/strong>: emetti fatture elettroniche verso privati e verso la Pubblica Amministrazione (PA).<\/li>\n<\/ul>\n","protected":false},"excerpt":{"rendered":"<p>EdiSoftware opera nel mercato del software gestionale erp in ambiente Windows per le micro, piccole e medie imprese, con la sua rete commerciale distribuita in modo capillare su tutto il territorio italiano \u00e8\u00a0in grado di offrire, ai loro utenti, un valido supporto per ogni esigenza di assistenza, formazione, consulenza o specifiche personalizzazioni richieste sui software.<\/p>\n","protected":false},"author":19,"featured_media":12636,"parent":5495,"menu_order":0,"comment_status":"open","ping_status":"closed","template":"g1_template_page_review_new.php","meta":{"_acf_changed":false,"cwp_meta_box_check":"Yes","cwp_rev_product_name":"","cwp_rev_product_image":"","wppr_links":[],"cwp_rev_price":"","wppr_options":[{"name":"Usability","value":"0"},{"name":"Speed","value":"0"},{"name":"Features","value":"0"},{"name":"Support","value":"0"},{"name":"Pricing","value":"0"}],"wppr_pros":["","","","",""],"wppr_cons":["","","","",""],"_monsterinsights_skip_tracking":false,"_monsterinsights_sitenote_active":false,"_monsterinsights_sitenote_note":"","_monsterinsights_sitenote_category":0,"footnotes":""},"categories":[97,96],"tags":[396,348,339,338,340,359,334,405],"features":[],"class_list":{"0":"post-12583","1":"page","2":"type-page","3":"status-publish","4":"has-post-thumbnail","6":"category-accounting-services-it","7":"category-contabilita","8":"tag-cloud","9":"tag-fatture-elettroniche","10":"tag-programma-contabile","11":"tag-programma-gestionale","12":"tag-programma-gestionale-erp","13":"tag-software-contabile","14":"tag-software-gestionale","15":"tag-software-gestuale-erp"},"wppr_data":{"cwp_meta_box_check":"Yes","cwp_rev_product_name":"","_wppr_review_template":"default","cwp_rev_product_image":"","cwp_image_link":"image","wppr_links":[],"cwp_rev_price":"","wppr_pros":["","","","",""],"wppr_cons":["","","","",""],"wppr_rating":"0.00","wppr_options":{"1":{"name":"Usability","value":"0"},"2":{"name":"Speed","value":"0"},"3":{"name":"Features","value":"0"},"4":{"name":"Support","value":"0"},"5":{"name":"Pricing","value":"0"}},"wppr_review_type":"Product","wppr_review_custom_fields":{"additionalProperty":"","additionalType":"","aggregateRating":"","alternateName":"","audience":"","award":"","awards":"","brand":"","color":"","depth":"","description":"","disambiguatingDescription":"","gtin12":"","gtin13":"","gtin14":"","gtin8":"","height":"","identifier":"","image":"","isAccessoryOrSparePartFor":"","isConsumableFor":"","isRelatedTo":"","isSimilarTo":"","itemCondition":"","logo":"","mainEntityOfPage":"","manufacturer":"","material":"","model":"","mpn":"","name":"","offers":"","potentialAction":"","productID":"","productionDate":"","purchaseDate":"","releaseDate":"","review":"","reviews":"","sameAs":"","sku":"","slogan":"","subjectOf":"","url":"","weight":"","width":""}},"acf":[],"yoast_head":"<!-- This site is optimized with the Yoast SEO plugin v27.4 - https:\/\/yoast.com\/product\/yoast-seo-wordpress\/ -->\n<title>Onda IQ Vision: recensione software gestionale - Accurate Reviews<\/title>\n<meta name=\"description\" content=\"Onda IQ Vision recensione: programma gestionale per il controllo e l&#039;amministrazione delle micro, piccole e medie imprese.\" \/>\n<meta name=\"robots\" content=\"index, follow, max-snippet:-1, max-image-preview:large, max-video-preview:-1\" \/>\n<link rel=\"canonical\" href=\"https:\/\/www.accuratereviews.com\/it\/software-contabilita-migliori-lista-software\/onda-iq-vision-recensione\/\" \/>\n<meta property=\"og:locale\" content=\"it_IT\" \/>\n<meta property=\"og:type\" content=\"article\" \/>\n<meta property=\"og:title\" content=\"Onda IQ Vision: recensione software gestionale - Accurate Reviews\" \/>\n<meta property=\"og:description\" content=\"Onda IQ Vision recensione: programma gestionale per il controllo e l&#039;amministrazione delle micro, piccole e medie imprese.\" \/>\n<meta property=\"og:url\" content=\"https:\/\/www.accuratereviews.com\/it\/software-contabilita-migliori-lista-software\/onda-iq-vision-recensione\/\" \/>\n<meta property=\"og:site_name\" content=\"Accurate Reviews\" \/>\n<meta property=\"article:modified_time\" content=\"2023-01-30T17:07:19+00:00\" \/>\n<meta property=\"og:image\" content=\"https:\/\/www.accuratereviews.com\/wp-content\/uploads\/2019\/03\/onda_copy.jpg\" \/>\n\t<meta property=\"og:image:width\" content=\"5000\" \/>\n\t<meta property=\"og:image:height\" content=\"2190\" \/>\n\t<meta property=\"og:image:type\" content=\"image\/jpeg\" \/>\n<meta name=\"twitter:card\" content=\"summary_large_image\" \/>\n<meta name=\"twitter:label1\" content=\"Tempo di lettura stimato\" \/>\n\t<meta name=\"twitter:data1\" content=\"2 minuti\" \/>\n<script type=\"application\/ld+json\" class=\"yoast-schema-graph\">{\"@context\":\"https:\\\/\\\/schema.org\",\"@graph\":[{\"@type\":\"WebPage\",\"@id\":\"https:\\\/\\\/www.accuratereviews.com\\\/it\\\/software-contabilita-migliori-lista-software\\\/onda-iq-vision-recensione\\\/\",\"url\":\"https:\\\/\\\/www.accuratereviews.com\\\/it\\\/software-contabilita-migliori-lista-software\\\/onda-iq-vision-recensione\\\/\",\"name\":\"Onda IQ Vision: recensione software gestionale - Accurate Reviews\",\"isPartOf\":{\"@id\":\"https:\\\/\\\/www.accuratereviews.com\\\/it\\\/#website\"},\"primaryImageOfPage\":{\"@id\":\"https:\\\/\\\/www.accuratereviews.com\\\/it\\\/software-contabilita-migliori-lista-software\\\/onda-iq-vision-recensione\\\/#primaryimage\"},\"image\":{\"@id\":\"https:\\\/\\\/www.accuratereviews.com\\\/it\\\/software-contabilita-migliori-lista-software\\\/onda-iq-vision-recensione\\\/#primaryimage\"},\"thumbnailUrl\":\"https:\\\/\\\/www.accuratereviews.com\\\/wp-content\\\/uploads\\\/2019\\\/03\\\/onda_copy.jpg\",\"datePublished\":\"2019-03-26T13:34:03+00:00\",\"dateModified\":\"2023-01-30T17:07:19+00:00\",\"description\":\"Onda IQ Vision recensione: programma gestionale per il controllo e l'amministrazione delle micro, piccole e medie imprese.\",\"breadcrumb\":{\"@id\":\"https:\\\/\\\/www.accuratereviews.com\\\/it\\\/software-contabilita-migliori-lista-software\\\/onda-iq-vision-recensione\\\/#breadcrumb\"},\"inLanguage\":\"it-IT\",\"potentialAction\":[{\"@type\":\"ReadAction\",\"target\":[\"https:\\\/\\\/www.accuratereviews.com\\\/it\\\/software-contabilita-migliori-lista-software\\\/onda-iq-vision-recensione\\\/\"]}]},{\"@type\":\"ImageObject\",\"inLanguage\":\"it-IT\",\"@id\":\"https:\\\/\\\/www.accuratereviews.com\\\/it\\\/software-contabilita-migliori-lista-software\\\/onda-iq-vision-recensione\\\/#primaryimage\",\"url\":\"https:\\\/\\\/www.accuratereviews.com\\\/wp-content\\\/uploads\\\/2019\\\/03\\\/onda_copy.jpg\",\"contentUrl\":\"https:\\\/\\\/www.accuratereviews.com\\\/wp-content\\\/uploads\\\/2019\\\/03\\\/onda_copy.jpg\",\"width\":5000,\"height\":2190},{\"@type\":\"BreadcrumbList\",\"@id\":\"https:\\\/\\\/www.accuratereviews.com\\\/it\\\/software-contabilita-migliori-lista-software\\\/onda-iq-vision-recensione\\\/#breadcrumb\",\"itemListElement\":[{\"@type\":\"ListItem\",\"position\":1,\"name\":\"Home\",\"item\":\"https:\\\/\\\/www.accuratereviews.com\\\/it\\\/\"},{\"@type\":\"ListItem\",\"position\":2,\"name\":\"I migliori software di contabilit\u00e0\",\"item\":\"https:\\\/\\\/www.accuratereviews.com\\\/it\\\/software-contabilita-migliori-lista-software\\\/\"},{\"@type\":\"ListItem\",\"position\":3,\"name\":\"Onda IQ Vision\"}]},{\"@type\":\"WebSite\",\"@id\":\"https:\\\/\\\/www.accuratereviews.com\\\/it\\\/#website\",\"url\":\"https:\\\/\\\/www.accuratereviews.com\\\/it\\\/\",\"name\":\"Accurate Reviews\",\"description\":\"\",\"potentialAction\":[{\"@type\":\"SearchAction\",\"target\":{\"@type\":\"EntryPoint\",\"urlTemplate\":\"https:\\\/\\\/www.accuratereviews.com\\\/it\\\/?s={search_term_string}\"},\"query-input\":{\"@type\":\"PropertyValueSpecification\",\"valueRequired\":true,\"valueName\":\"search_term_string\"}}],\"inLanguage\":\"it-IT\"}]}<\/script>\n<!-- \/ Yoast SEO plugin. -->","yoast_head_json":{"title":"Onda IQ Vision: recensione software gestionale - Accurate Reviews","description":"Onda IQ Vision recensione: programma gestionale per il controllo e l'amministrazione delle micro, piccole e medie imprese.","robots":{"index":"index","follow":"follow","max-snippet":"max-snippet:-1","max-image-preview":"max-image-preview:large","max-video-preview":"max-video-preview:-1"},"canonical":"https:\/\/www.accuratereviews.com\/it\/software-contabilita-migliori-lista-software\/onda-iq-vision-recensione\/","og_locale":"it_IT","og_type":"article","og_title":"Onda IQ Vision: recensione software gestionale - Accurate Reviews","og_description":"Onda IQ Vision recensione: programma gestionale per il controllo e l'amministrazione delle micro, piccole e medie imprese.","og_url":"https:\/\/www.accuratereviews.com\/it\/software-contabilita-migliori-lista-software\/onda-iq-vision-recensione\/","og_site_name":"Accurate Reviews","article_modified_time":"2023-01-30T17:07:19+00:00","og_image":[{"width":5000,"height":2190,"url":"https:\/\/www.accuratereviews.com\/wp-content\/uploads\/2019\/03\/onda_copy.jpg","type":"image\/jpeg"}],"twitter_card":"summary_large_image","twitter_misc":{"Tempo di lettura stimato":"2 minuti"},"schema":{"@context":"https:\/\/schema.org","@graph":[{"@type":"WebPage","@id":"https:\/\/www.accuratereviews.com\/it\/software-contabilita-migliori-lista-software\/onda-iq-vision-recensione\/","url":"https:\/\/www.accuratereviews.com\/it\/software-contabilita-migliori-lista-software\/onda-iq-vision-recensione\/","name":"Onda IQ Vision: recensione software gestionale - Accurate Reviews","isPartOf":{"@id":"https:\/\/www.accuratereviews.com\/it\/#website"},"primaryImageOfPage":{"@id":"https:\/\/www.accuratereviews.com\/it\/software-contabilita-migliori-lista-software\/onda-iq-vision-recensione\/#primaryimage"},"image":{"@id":"https:\/\/www.accuratereviews.com\/it\/software-contabilita-migliori-lista-software\/onda-iq-vision-recensione\/#primaryimage"},"thumbnailUrl":"https:\/\/www.accuratereviews.com\/wp-content\/uploads\/2019\/03\/onda_copy.jpg","datePublished":"2019-03-26T13:34:03+00:00","dateModified":"2023-01-30T17:07:19+00:00","description":"Onda IQ Vision recensione: programma gestionale per il controllo e l'amministrazione delle micro, piccole e medie imprese.","breadcrumb":{"@id":"https:\/\/www.accuratereviews.com\/it\/software-contabilita-migliori-lista-software\/onda-iq-vision-recensione\/#breadcrumb"},"inLanguage":"it-IT","potentialAction":[{"@type":"ReadAction","target":["https:\/\/www.accuratereviews.com\/it\/software-contabilita-migliori-lista-software\/onda-iq-vision-recensione\/"]}]},{"@type":"ImageObject","inLanguage":"it-IT","@id":"https:\/\/www.accuratereviews.com\/it\/software-contabilita-migliori-lista-software\/onda-iq-vision-recensione\/#primaryimage","url":"https:\/\/www.accuratereviews.com\/wp-content\/uploads\/2019\/03\/onda_copy.jpg","contentUrl":"https:\/\/www.accuratereviews.com\/wp-content\/uploads\/2019\/03\/onda_copy.jpg","width":5000,"height":2190},{"@type":"BreadcrumbList","@id":"https:\/\/www.accuratereviews.com\/it\/software-contabilita-migliori-lista-software\/onda-iq-vision-recensione\/#breadcrumb","itemListElement":[{"@type":"ListItem","position":1,"name":"Home","item":"https:\/\/www.accuratereviews.com\/it\/"},{"@type":"ListItem","position":2,"name":"I migliori software di contabilit\u00e0","item":"https:\/\/www.accuratereviews.com\/it\/software-contabilita-migliori-lista-software\/"},{"@type":"ListItem","position":3,"name":"Onda IQ Vision"}]},{"@type":"WebSite","@id":"https:\/\/www.accuratereviews.com\/it\/#website","url":"https:\/\/www.accuratereviews.com\/it\/","name":"Accurate Reviews","description":"","potentialAction":[{"@type":"SearchAction","target":{"@type":"EntryPoint","urlTemplate":"https:\/\/www.accuratereviews.com\/it\/?s={search_term_string}"},"query-input":{"@type":"PropertyValueSpecification","valueRequired":true,"valueName":"search_term_string"}}],"inLanguage":"it-IT"}]}},"_links":{"self":[{"href":"https:\/\/www.accuratereviews.com\/it\/wp-json\/wp\/v2\/pages\/12583","targetHints":{"allow":["GET"]}}],"collection":[{"href":"https:\/\/www.accuratereviews.com\/it\/wp-json\/wp\/v2\/pages"}],"about":[{"href":"https:\/\/www.accuratereviews.com\/it\/wp-json\/wp\/v2\/types\/page"}],"author":[{"embeddable":true,"href":"https:\/\/www.accuratereviews.com\/it\/wp-json\/wp\/v2\/users\/19"}],"replies":[{"embeddable":true,"href":"https:\/\/www.accuratereviews.com\/it\/wp-json\/wp\/v2\/comments?post=12583"}],"version-history":[{"count":15,"href":"https:\/\/www.accuratereviews.com\/it\/wp-json\/wp\/v2\/pages\/12583\/revisions"}],"predecessor-version":[{"id":66767,"href":"https:\/\/www.accuratereviews.com\/it\/wp-json\/wp\/v2\/pages\/12583\/revisions\/66767"}],"up":[{"embeddable":true,"href":"https:\/\/www.accuratereviews.com\/it\/wp-json\/wp\/v2\/pages\/5495"}],"wp:featuredmedia":[{"embeddable":true,"href":"https:\/\/www.accuratereviews.com\/it\/wp-json\/wp\/v2\/media\/12636"}],"wp:attachment":[{"href":"https:\/\/www.accuratereviews.com\/it\/wp-json\/wp\/v2\/media?parent=12583"}],"wp:term":[{"taxonomy":"category","embeddable":true,"href":"https:\/\/www.accuratereviews.com\/it\/wp-json\/wp\/v2\/categories?post=12583"},{"taxonomy":"post_tag","embeddable":true,"href":"https:\/\/www.accuratereviews.com\/it\/wp-json\/wp\/v2\/tags?post=12583"},{"taxonomy":"features","embeddable":true,"href":"https:\/\/www.accuratereviews.com\/it\/wp-json\/wp\/v2\/features?post=12583"}],"curies":[{"name":"wp","href":"https:\/\/api.w.org\/{rel}","templated":true}]}}