{"id":12693,"date":"2019-03-28T15:23:58","date_gmt":"2019-03-28T15:23:58","guid":{"rendered":"https:\/\/www.accuratereviews.com\/?page_id=12693"},"modified":"2023-01-30T17:19:13","modified_gmt":"2023-01-30T17:19:13","slug":"fiscolo-recensione","status":"publish","type":"page","link":"https:\/\/www.accuratereviews.com\/it\/software-contabilita-migliori-lista-software\/fiscolo-recensione\/","title":{"rendered":"Fiscolo"},"content":{"rendered":"<p><strong>Fiscolo<\/strong> \u00e8 un <strong>software di contabilit\u00e0<\/strong> online che ti permette di tenere sotto controllo tutte le attivit\u00e0 del tuo business. \u00c8 un <strong>programma contabile<\/strong> nato per semplificare ed ottimizzare il lavoro di liberi professionisti e di piccole imprese. Finalmente avrai una completa visione della gestione amministrativa, contabile, fiscale ed economica della tua azienda grazie a questo semplice ed intuitivo <strong>software gestionale gratuito<\/strong>. Inoltre Fiscolo mette a tua disposizione un sistema di time-tracking, <em>Resa<\/em>, utile per appuntarti tutti gli appuntamenti, le attivit\u00e0, le fatture da emettere e per avere sotto mano un riepilogo dettagliato dell&#8217;intera giornata lavorativa e lo storico cliente sempre aggiornato.<\/p>\n<h2>COME CREARE UN NUOVO PROGETTO CON FISCOLO &#8211; TUTORIAL<\/h2>\n<p>Vediamo un esempio delle funzionalit\u00e0 che offre Resa:<\/p>\n<div id=\"fluid-wrapper-counter-1\" class=\"g1-fluid-wrapper \" style=\"width:686px;\">\n<div style=\"padding-bottom:56.268221574344%;\"><iframe loading=\"lazy\" title=\"RESA - nuovo progetto\" width=\"686\" height=\"386\" src=\"https:\/\/www.youtube.com\/embed\/mY1sWGKhuKw?feature=oembed&amp;wmode=transparent&amp;autohide=1&amp;autoplay=0&amp;disablekb=0&amp;fs=1&amp;loop=0&amp;enablejsapi=1&amp;rel=0&amp;controls=2&amp;showinfo=0&amp;wmode=transparent&amp;autohide=2&amp;autoplay=0&amp;disablekb=0&amp;fs=1&amp;loop=0&amp;enablejsapi=1&amp;rel=0&amp;controls=2&amp;showinfo=1\" frameborder=\"0\" allow=\"accelerometer; autoplay; clipboard-write; encrypted-media; gyroscope; picture-in-picture; web-share\" allowfullscreen><\/iframe><\/div>\n<\/div>\n<h3>FISCOLO &#8211; CARATTERISTICHE<\/h3>\n<p>Per quanto riguarda le caratteristiche di Fiscolo, di seguito le principali:<\/p>\n<ul class=\"elenco\">\n<li><strong>Gestione aziendale<\/strong>: hai il pieno controllo della situazione economica, delle spese, dei movimenti bancari e del fatturato per cliente<\/li>\n<li><strong>Gestione fatture<\/strong>: crea ed invia fatture, anche elettroniche ed in valuta estera (solo con versione a pagamento)<\/li>\n<li><strong>Gestione clienti\/fornitori<\/strong>: gestisci in piena libert\u00e0 le relazioni con i tuoi clienti e i tuoi fornitori<\/li>\n<li><strong>Gestione documenti<\/strong>: hai a disposizione uno spazio di 10 Gb con la versione gratuita o illimitato con quella PRO<\/li>\n<li>Accesso per <strong>commercialista<\/strong><\/li>\n<li><strong>Connessione protetta<\/strong> HTTPS<\/li>\n<li>Stima <strong>IVA mensile o trimestrale<\/strong><\/li>\n<li><strong>Sistema di time-tracking<\/strong> RESA<\/li>\n<\/ul>\n","protected":false},"excerpt":{"rendered":"<p>Fiscolo \u00e8 un software di contabilit\u00e0 online che ti permette di tenere sotto controllo tutte le attivit\u00e0 del tuo business. \u00c8 un programma contabile nato per semplificare ed ottimizzare il lavoro di liberi professionisti e di piccole imprese.<\/p>\n","protected":false},"author":17,"featured_media":12711,"parent":5495,"menu_order":0,"comment_status":"open","ping_status":"closed","template":"g1_template_page_review_new.php","meta":{"_acf_changed":false,"cwp_meta_box_check":"Yes","cwp_rev_product_name":"","cwp_rev_product_image":"","wppr_links":[],"cwp_rev_price":"","wppr_options":[{"name":"Usability","value":"0"},{"name":"Speed","value":"0"},{"name":"Features","value":"0"},{"name":"Support","value":"0"},{"name":"Pricing","value":"0"}],"wppr_pros":["","","","",""],"wppr_cons":["","","","",""],"_monsterinsights_skip_tracking":false,"_monsterinsights_sitenote_active":false,"_monsterinsights_sitenote_note":"","_monsterinsights_sitenote_category":0,"footnotes":""},"categories":[97,96],"tags":[339,382,329,334,350],"features":[],"class_list":{"0":"post-12693","1":"page","2":"type-page","3":"status-publish","4":"has-post-thumbnail","6":"category-accounting-services-it","7":"category-contabilita","8":"tag-programma-contabile","9":"tag-programma-contabile-online","10":"tag-software-di-contabilita","11":"tag-software-gestionale","12":"tag-software-gestionale-gratuito"},"wppr_data":{"cwp_meta_box_check":"Yes","cwp_rev_product_name":"","_wppr_review_template":"default","cwp_rev_product_image":"","cwp_image_link":"image","wppr_links":[],"cwp_rev_price":"","wppr_pros":["","","","",""],"wppr_cons":["","","","",""],"wppr_rating":"0.00","wppr_options":{"1":{"name":"Usability","value":"0"},"2":{"name":"Speed","value":"0"},"3":{"name":"Features","value":"0"},"4":{"name":"Support","value":"0"},"5":{"name":"Pricing","value":"0"}},"wppr_review_type":"Product","wppr_review_custom_fields":{"additionalProperty":"","additionalType":"","aggregateRating":"","alternateName":"","audience":"","award":"","awards":"","brand":"","color":"","depth":"","description":"","disambiguatingDescription":"","gtin12":"","gtin13":"","gtin14":"","gtin8":"","height":"","identifier":"","image":"","isAccessoryOrSparePartFor":"","isConsumableFor":"","isRelatedTo":"","isSimilarTo":"","itemCondition":"","logo":"","mainEntityOfPage":"","manufacturer":"","material":"","model":"","mpn":"","name":"","offers":"","potentialAction":"","productID":"","productionDate":"","purchaseDate":"","releaseDate":"","review":"","reviews":"","sameAs":"","sku":"","slogan":"","subjectOf":"","url":"","weight":"","width":""}},"acf":[],"yoast_head":"<!-- This site is optimized with the Yoast SEO plugin v27.4 - https:\/\/yoast.com\/product\/yoast-seo-wordpress\/ -->\n<title>Fiscolo: recensione software di contabilit\u00e0 - Accurate Reviews<\/title>\n<meta name=\"description\" content=\"Fiscolo: recensione del software di contabilit\u00e0 online che ti permette di tenere sotto controllo tutte le attivit\u00e0 del tuo business.\" \/>\n<meta name=\"robots\" content=\"index, follow, max-snippet:-1, max-image-preview:large, max-video-preview:-1\" \/>\n<link rel=\"canonical\" href=\"https:\/\/www.accuratereviews.com\/it\/software-contabilita-migliori-lista-software\/fiscolo-recensione\/\" \/>\n<meta property=\"og:locale\" content=\"it_IT\" \/>\n<meta property=\"og:type\" content=\"article\" \/>\n<meta property=\"og:title\" content=\"Fiscolo: recensione software di contabilit\u00e0 - Accurate Reviews\" \/>\n<meta property=\"og:description\" content=\"Fiscolo: recensione del software di contabilit\u00e0 online che ti permette di tenere sotto controllo tutte le attivit\u00e0 del tuo business.\" \/>\n<meta property=\"og:url\" content=\"https:\/\/www.accuratereviews.com\/it\/software-contabilita-migliori-lista-software\/fiscolo-recensione\/\" \/>\n<meta property=\"og:site_name\" content=\"Accurate Reviews\" \/>\n<meta property=\"article:modified_time\" content=\"2023-01-30T17:19:13+00:00\" \/>\n<meta property=\"og:image\" content=\"https:\/\/www.accuratereviews.com\/wp-content\/uploads\/2019\/03\/fiscolo-300x130-1.png\" \/>\n\t<meta property=\"og:image:width\" content=\"462\" \/>\n\t<meta property=\"og:image:height\" content=\"200\" \/>\n\t<meta property=\"og:image:type\" content=\"image\/png\" \/>\n<meta name=\"twitter:card\" content=\"summary_large_image\" \/>\n<meta name=\"twitter:label1\" content=\"Tempo di lettura stimato\" \/>\n\t<meta name=\"twitter:data1\" content=\"2 minuti\" \/>\n<script type=\"application\/ld+json\" class=\"yoast-schema-graph\">{\"@context\":\"https:\\\/\\\/schema.org\",\"@graph\":[{\"@type\":\"WebPage\",\"@id\":\"https:\\\/\\\/www.accuratereviews.com\\\/it\\\/software-contabilita-migliori-lista-software\\\/fiscolo-recensione\\\/\",\"url\":\"https:\\\/\\\/www.accuratereviews.com\\\/it\\\/software-contabilita-migliori-lista-software\\\/fiscolo-recensione\\\/\",\"name\":\"Fiscolo: recensione software di contabilit\u00e0 - Accurate Reviews\",\"isPartOf\":{\"@id\":\"https:\\\/\\\/www.accuratereviews.com\\\/it\\\/#website\"},\"primaryImageOfPage\":{\"@id\":\"https:\\\/\\\/www.accuratereviews.com\\\/it\\\/software-contabilita-migliori-lista-software\\\/fiscolo-recensione\\\/#primaryimage\"},\"image\":{\"@id\":\"https:\\\/\\\/www.accuratereviews.com\\\/it\\\/software-contabilita-migliori-lista-software\\\/fiscolo-recensione\\\/#primaryimage\"},\"thumbnailUrl\":\"https:\\\/\\\/www.accuratereviews.com\\\/wp-content\\\/uploads\\\/2019\\\/03\\\/fiscolo-300x130-1.png\",\"datePublished\":\"2019-03-28T15:23:58+00:00\",\"dateModified\":\"2023-01-30T17:19:13+00:00\",\"description\":\"Fiscolo: recensione del software di contabilit\u00e0 online che ti permette di tenere sotto controllo tutte le attivit\u00e0 del tuo business.\",\"breadcrumb\":{\"@id\":\"https:\\\/\\\/www.accuratereviews.com\\\/it\\\/software-contabilita-migliori-lista-software\\\/fiscolo-recensione\\\/#breadcrumb\"},\"inLanguage\":\"it-IT\",\"potentialAction\":[{\"@type\":\"ReadAction\",\"target\":[\"https:\\\/\\\/www.accuratereviews.com\\\/it\\\/software-contabilita-migliori-lista-software\\\/fiscolo-recensione\\\/\"]}]},{\"@type\":\"ImageObject\",\"inLanguage\":\"it-IT\",\"@id\":\"https:\\\/\\\/www.accuratereviews.com\\\/it\\\/software-contabilita-migliori-lista-software\\\/fiscolo-recensione\\\/#primaryimage\",\"url\":\"https:\\\/\\\/www.accuratereviews.com\\\/wp-content\\\/uploads\\\/2019\\\/03\\\/fiscolo-300x130-1.png\",\"contentUrl\":\"https:\\\/\\\/www.accuratereviews.com\\\/wp-content\\\/uploads\\\/2019\\\/03\\\/fiscolo-300x130-1.png\",\"width\":462,\"height\":200},{\"@type\":\"BreadcrumbList\",\"@id\":\"https:\\\/\\\/www.accuratereviews.com\\\/it\\\/software-contabilita-migliori-lista-software\\\/fiscolo-recensione\\\/#breadcrumb\",\"itemListElement\":[{\"@type\":\"ListItem\",\"position\":1,\"name\":\"Home\",\"item\":\"https:\\\/\\\/www.accuratereviews.com\\\/it\\\/\"},{\"@type\":\"ListItem\",\"position\":2,\"name\":\"I migliori software di contabilit\u00e0\",\"item\":\"https:\\\/\\\/www.accuratereviews.com\\\/it\\\/software-contabilita-migliori-lista-software\\\/\"},{\"@type\":\"ListItem\",\"position\":3,\"name\":\"Fiscolo\"}]},{\"@type\":\"WebSite\",\"@id\":\"https:\\\/\\\/www.accuratereviews.com\\\/it\\\/#website\",\"url\":\"https:\\\/\\\/www.accuratereviews.com\\\/it\\\/\",\"name\":\"Accurate Reviews\",\"description\":\"\",\"potentialAction\":[{\"@type\":\"SearchAction\",\"target\":{\"@type\":\"EntryPoint\",\"urlTemplate\":\"https:\\\/\\\/www.accuratereviews.com\\\/it\\\/?s={search_term_string}\"},\"query-input\":{\"@type\":\"PropertyValueSpecification\",\"valueRequired\":true,\"valueName\":\"search_term_string\"}}],\"inLanguage\":\"it-IT\"}]}<\/script>\n<!-- \/ Yoast SEO plugin. -->","yoast_head_json":{"title":"Fiscolo: recensione software di contabilit\u00e0 - Accurate Reviews","description":"Fiscolo: recensione del software di contabilit\u00e0 online che ti permette di tenere sotto controllo tutte le attivit\u00e0 del tuo business.","robots":{"index":"index","follow":"follow","max-snippet":"max-snippet:-1","max-image-preview":"max-image-preview:large","max-video-preview":"max-video-preview:-1"},"canonical":"https:\/\/www.accuratereviews.com\/it\/software-contabilita-migliori-lista-software\/fiscolo-recensione\/","og_locale":"it_IT","og_type":"article","og_title":"Fiscolo: recensione software di contabilit\u00e0 - Accurate Reviews","og_description":"Fiscolo: recensione del software di contabilit\u00e0 online che ti permette di tenere sotto controllo tutte le attivit\u00e0 del tuo business.","og_url":"https:\/\/www.accuratereviews.com\/it\/software-contabilita-migliori-lista-software\/fiscolo-recensione\/","og_site_name":"Accurate Reviews","article_modified_time":"2023-01-30T17:19:13+00:00","og_image":[{"width":462,"height":200,"url":"https:\/\/www.accuratereviews.com\/wp-content\/uploads\/2019\/03\/fiscolo-300x130-1.png","type":"image\/png"}],"twitter_card":"summary_large_image","twitter_misc":{"Tempo di lettura stimato":"2 minuti"},"schema":{"@context":"https:\/\/schema.org","@graph":[{"@type":"WebPage","@id":"https:\/\/www.accuratereviews.com\/it\/software-contabilita-migliori-lista-software\/fiscolo-recensione\/","url":"https:\/\/www.accuratereviews.com\/it\/software-contabilita-migliori-lista-software\/fiscolo-recensione\/","name":"Fiscolo: recensione software di contabilit\u00e0 - Accurate Reviews","isPartOf":{"@id":"https:\/\/www.accuratereviews.com\/it\/#website"},"primaryImageOfPage":{"@id":"https:\/\/www.accuratereviews.com\/it\/software-contabilita-migliori-lista-software\/fiscolo-recensione\/#primaryimage"},"image":{"@id":"https:\/\/www.accuratereviews.com\/it\/software-contabilita-migliori-lista-software\/fiscolo-recensione\/#primaryimage"},"thumbnailUrl":"https:\/\/www.accuratereviews.com\/wp-content\/uploads\/2019\/03\/fiscolo-300x130-1.png","datePublished":"2019-03-28T15:23:58+00:00","dateModified":"2023-01-30T17:19:13+00:00","description":"Fiscolo: recensione del software di contabilit\u00e0 online che ti permette di tenere sotto controllo tutte le attivit\u00e0 del tuo business.","breadcrumb":{"@id":"https:\/\/www.accuratereviews.com\/it\/software-contabilita-migliori-lista-software\/fiscolo-recensione\/#breadcrumb"},"inLanguage":"it-IT","potentialAction":[{"@type":"ReadAction","target":["https:\/\/www.accuratereviews.com\/it\/software-contabilita-migliori-lista-software\/fiscolo-recensione\/"]}]},{"@type":"ImageObject","inLanguage":"it-IT","@id":"https:\/\/www.accuratereviews.com\/it\/software-contabilita-migliori-lista-software\/fiscolo-recensione\/#primaryimage","url":"https:\/\/www.accuratereviews.com\/wp-content\/uploads\/2019\/03\/fiscolo-300x130-1.png","contentUrl":"https:\/\/www.accuratereviews.com\/wp-content\/uploads\/2019\/03\/fiscolo-300x130-1.png","width":462,"height":200},{"@type":"BreadcrumbList","@id":"https:\/\/www.accuratereviews.com\/it\/software-contabilita-migliori-lista-software\/fiscolo-recensione\/#breadcrumb","itemListElement":[{"@type":"ListItem","position":1,"name":"Home","item":"https:\/\/www.accuratereviews.com\/it\/"},{"@type":"ListItem","position":2,"name":"I migliori software di contabilit\u00e0","item":"https:\/\/www.accuratereviews.com\/it\/software-contabilita-migliori-lista-software\/"},{"@type":"ListItem","position":3,"name":"Fiscolo"}]},{"@type":"WebSite","@id":"https:\/\/www.accuratereviews.com\/it\/#website","url":"https:\/\/www.accuratereviews.com\/it\/","name":"Accurate Reviews","description":"","potentialAction":[{"@type":"SearchAction","target":{"@type":"EntryPoint","urlTemplate":"https:\/\/www.accuratereviews.com\/it\/?s={search_term_string}"},"query-input":{"@type":"PropertyValueSpecification","valueRequired":true,"valueName":"search_term_string"}}],"inLanguage":"it-IT"}]}},"_links":{"self":[{"href":"https:\/\/www.accuratereviews.com\/it\/wp-json\/wp\/v2\/pages\/12693","targetHints":{"allow":["GET"]}}],"collection":[{"href":"https:\/\/www.accuratereviews.com\/it\/wp-json\/wp\/v2\/pages"}],"about":[{"href":"https:\/\/www.accuratereviews.com\/it\/wp-json\/wp\/v2\/types\/page"}],"author":[{"embeddable":true,"href":"https:\/\/www.accuratereviews.com\/it\/wp-json\/wp\/v2\/users\/17"}],"replies":[{"embeddable":true,"href":"https:\/\/www.accuratereviews.com\/it\/wp-json\/wp\/v2\/comments?post=12693"}],"version-history":[{"count":7,"href":"https:\/\/www.accuratereviews.com\/it\/wp-json\/wp\/v2\/pages\/12693\/revisions"}],"predecessor-version":[{"id":66774,"href":"https:\/\/www.accuratereviews.com\/it\/wp-json\/wp\/v2\/pages\/12693\/revisions\/66774"}],"up":[{"embeddable":true,"href":"https:\/\/www.accuratereviews.com\/it\/wp-json\/wp\/v2\/pages\/5495"}],"wp:featuredmedia":[{"embeddable":true,"href":"https:\/\/www.accuratereviews.com\/it\/wp-json\/wp\/v2\/media\/12711"}],"wp:attachment":[{"href":"https:\/\/www.accuratereviews.com\/it\/wp-json\/wp\/v2\/media?parent=12693"}],"wp:term":[{"taxonomy":"category","embeddable":true,"href":"https:\/\/www.accuratereviews.com\/it\/wp-json\/wp\/v2\/categories?post=12693"},{"taxonomy":"post_tag","embeddable":true,"href":"https:\/\/www.accuratereviews.com\/it\/wp-json\/wp\/v2\/tags?post=12693"},{"taxonomy":"features","embeddable":true,"href":"https:\/\/www.accuratereviews.com\/it\/wp-json\/wp\/v2\/features?post=12693"}],"curies":[{"name":"wp","href":"https:\/\/api.w.org\/{rel}","templated":true}]}}