{"id":12725,"date":"2019-03-29T08:00:18","date_gmt":"2019-03-29T08:00:18","guid":{"rendered":"https:\/\/www.accuratereviews.com\/?page_id=12725"},"modified":"2023-01-30T17:25:58","modified_gmt":"2023-01-30T17:25:58","slug":"fagis-recensione","status":"publish","type":"page","link":"https:\/\/www.accuratereviews.com\/it\/software-contabilita-migliori-lista-software\/fagis-recensione\/","title":{"rendered":"Fagis"},"content":{"rendered":"<p>Fagis \u00e8 un <strong>software gestionale<\/strong> creato dalla societ\u00e0 Migg. \u00c8 rivolto soprattutto alle aziende che producono serramenti, porte, infissi, semilavorati, mobili, imballaggi, tende da sole, zanzariere, laminati, vetri, lavorati in legno ecc&#8230; Il programma \u00e8 indicato per organizzare in modo efficiente il magazzino, sicuro e affidabile (i dati sono al sicuro grazie ai <strong>backup automatici<\/strong> periodici) \u00e8 uno strumento indispensabile per amministrare al meglio la propria attivit\u00e0. Da gennaio 2019, come regolamentato della nuove norme finanziarie, il programma \u00e8 stato integrato con un software per \u00a0l&#8217;iter completo della <strong>fatturazione elettronica<\/strong> sia tra Privati sia verso la PA (Pubblica Amministrazione), dalla creazione del file .Xml, invio allo SDI (Sistema di Interscambio), alla conservazione sostitutiva.<\/p>\n<h2 style=\"text-align: left;\">FAGIS &#8211; TUTORIAL<\/h2>\n<p style=\"text-align: left;\">Con questo <strong>video tutorial<\/strong> impariamo a usare questo<strong> software gestionale:<\/strong><\/p>\n<div id=\"fluid-wrapper-counter-1\" class=\"g1-fluid-wrapper \" style=\"width:686px;\">\n<div style=\"padding-bottom:56.268221574344%;\"><iframe loading=\"lazy\" title=\"Fagis - Inserisci preventivo - Link Nuovo Video in Descrizione\" width=\"515\" height=\"386\" src=\"https:\/\/www.youtube.com\/embed\/54jJ_YCCt6A?list=PLxT28saucfjH3wu3kgC12TBza_nFQAXVW\" frameborder=\"0\" allow=\"accelerometer; autoplay; clipboard-write; encrypted-media; gyroscope; picture-in-picture; web-share\" allowfullscreen><\/iframe><\/div>\n<\/div>\n<h3 style=\"text-align: left;\">FAGIS &#8211; CARATTERISTICHE<\/h3>\n<ul>\n<li class=\"text-center\" style=\"text-align: left;\"><strong>Anagrafica<\/strong>: gestisci archivi clienti, fornitori, articoli con la possibilit\u00e0 di aggiungere nuovi campi, cancelli o modifichi le propriet\u00e0 di quelli esistenti<\/li>\n<li class=\"text-center\" style=\"text-align: left;\"><strong>Vendite: <\/strong>crea preventivi, ordini, ddt, <strong>fatture elettroniche,<\/strong>\u00a0trasferisci dei documenti, gestisci incassi<\/li>\n<li class=\"text-center\" style=\"text-align: left;\"><strong>Estratti Conto<\/strong>: ricerca e stampa estratti conto a saldo, non a saldo, o partite aperte<br \/>\n<strong>Magazzino<\/strong>: carica e scarica articoli, saldi di magazzino, inventario e ricerca dati. Listini personalizzati per ogni cliente e etichettatura CE<\/li>\n<li class=\"text-center\" style=\"text-align: left;\"><strong>Prima Nota: <\/strong>gestisci i conti correnti bancari, del conto cassa, conto IVA, conto vendita acquisti conto incassi e pagamenti, bilancio e riepilogo dei movimenti<\/li>\n<li class=\"text-center\" style=\"text-align: left;\"><strong>Scadenzario<\/strong>: controlla le scadenze sia per le fatture emesse e sia delle fatture ricevute<\/li>\n<li class=\"text-center\" style=\"text-align: left;\"><strong>Analisi dei dati<\/strong>: genera report grafici relativi a prima nota contabile, prima nota magazzino, fatturato (giornaliero, settimanale, mensile..)<\/li>\n<li class=\"text-center\" style=\"text-align: left;\"><strong>Backup Automatico<\/strong>: salvataggio periodico di backup programmabile di tutti gli archivi, funzioni di ripristino<\/li>\n<li class=\"text-center\" style=\"text-align: left;\"><strong>Personalizzazione:<\/strong> integra tutti i tuoi documenti (preventivi, ordini , DDT e fatture) con loghi aziendali e crei nuovi modelli<\/li>\n<\/ul>\n","protected":false},"excerpt":{"rendered":"<p>Fagis \u00e8 un software gestionale\u00a0completo creato dalla societ\u00e0 Migg mirato soprattutto alle aziende che\u00a0producono serramenti, porte, infissi, semilavorati, mobili, imballaggi, tende da sole, zanzariere, laminati, vetri, lavorati in legno ecc..<\/p>\n","protected":false},"author":19,"featured_media":12732,"parent":5495,"menu_order":0,"comment_status":"open","ping_status":"closed","template":"g1_template_page_review_new.php","meta":{"_acf_changed":false,"cwp_meta_box_check":"Yes","cwp_rev_product_name":"","cwp_rev_product_image":"","wppr_links":[],"cwp_rev_price":"","wppr_options":[{"name":"Usability","value":"0"},{"name":"Speed","value":"0"},{"name":"Features","value":"0"},{"name":"Support","value":"0"},{"name":"Pricing","value":"0"}],"wppr_pros":["","","","",""],"wppr_cons":["","","","",""],"_monsterinsights_skip_tracking":false,"_monsterinsights_sitenote_active":false,"_monsterinsights_sitenote_note":"","_monsterinsights_sitenote_category":0,"footnotes":""},"categories":[97,96],"tags":[190,330,338,359,334],"features":[],"class_list":{"0":"post-12725","1":"page","2":"type-page","3":"status-publish","4":"has-post-thumbnail","6":"category-accounting-services-it","7":"category-contabilita","8":"tag-fatturazione-elettronica","9":"tag-programma-contabilita","10":"tag-programma-gestionale","11":"tag-software-contabile","12":"tag-software-gestionale"},"wppr_data":{"cwp_meta_box_check":"Yes","cwp_rev_product_name":"","_wppr_review_template":"default","cwp_rev_product_image":"","cwp_image_link":"image","wppr_links":[],"cwp_rev_price":"","wppr_pros":["","","","",""],"wppr_cons":["","","","",""],"wppr_rating":"0.00","wppr_options":{"1":{"name":"Usability","value":"0"},"2":{"name":"Speed","value":"0"},"3":{"name":"Features","value":"0"},"4":{"name":"Support","value":"0"},"5":{"name":"Pricing","value":"0"}},"wppr_review_type":"Product","wppr_review_custom_fields":{"additionalProperty":"","additionalType":"","aggregateRating":"","alternateName":"","audience":"","award":"","awards":"","brand":"","color":"","depth":"","description":"","disambiguatingDescription":"","gtin12":"","gtin13":"","gtin14":"","gtin8":"","height":"","identifier":"","image":"","isAccessoryOrSparePartFor":"","isConsumableFor":"","isRelatedTo":"","isSimilarTo":"","itemCondition":"","logo":"","mainEntityOfPage":"","manufacturer":"","material":"","model":"","mpn":"","name":"","offers":"","potentialAction":"","productID":"","productionDate":"","purchaseDate":"","releaseDate":"","review":"","reviews":"","sameAs":"","sku":"","slogan":"","subjectOf":"","url":"","weight":"","width":""}},"acf":[],"yoast_head":"<!-- This site is optimized with the Yoast SEO plugin v27.4 - https:\/\/yoast.com\/product\/yoast-seo-wordpress\/ -->\n<title>Fagis: recensione software gestionale - Accurate Reviews<\/title>\n<meta name=\"description\" content=\"Fagis: recensione software gestionale creato dalla societ\u00e0 Migg strumento indispensabile per amministrare al meglio la propria attivit\u00e0.\" \/>\n<meta name=\"robots\" content=\"index, follow, max-snippet:-1, max-image-preview:large, max-video-preview:-1\" \/>\n<link rel=\"canonical\" href=\"https:\/\/www.accuratereviews.com\/it\/software-contabilita-migliori-lista-software\/fagis-recensione\/\" \/>\n<meta property=\"og:locale\" content=\"it_IT\" \/>\n<meta property=\"og:type\" content=\"article\" \/>\n<meta property=\"og:title\" content=\"Fagis: recensione software gestionale - Accurate Reviews\" \/>\n<meta property=\"og:description\" content=\"Fagis: recensione software gestionale creato dalla societ\u00e0 Migg strumento indispensabile per amministrare al meglio la propria attivit\u00e0.\" \/>\n<meta property=\"og:url\" content=\"https:\/\/www.accuratereviews.com\/it\/software-contabilita-migliori-lista-software\/fagis-recensione\/\" \/>\n<meta property=\"og:site_name\" content=\"Accurate Reviews\" \/>\n<meta property=\"article:modified_time\" content=\"2023-01-30T17:25:58+00:00\" \/>\n<meta property=\"og:image\" content=\"https:\/\/www.accuratereviews.com\/wp-content\/uploads\/2019\/03\/fagis.png\" \/>\n\t<meta property=\"og:image:width\" content=\"400\" \/>\n\t<meta property=\"og:image:height\" content=\"400\" \/>\n\t<meta property=\"og:image:type\" content=\"image\/png\" \/>\n<meta name=\"twitter:card\" content=\"summary_large_image\" \/>\n<meta name=\"twitter:label1\" content=\"Tempo di lettura stimato\" \/>\n\t<meta name=\"twitter:data1\" content=\"2 minuti\" \/>\n<script type=\"application\/ld+json\" class=\"yoast-schema-graph\">{\"@context\":\"https:\\\/\\\/schema.org\",\"@graph\":[{\"@type\":\"WebPage\",\"@id\":\"https:\\\/\\\/www.accuratereviews.com\\\/it\\\/software-contabilita-migliori-lista-software\\\/fagis-recensione\\\/\",\"url\":\"https:\\\/\\\/www.accuratereviews.com\\\/it\\\/software-contabilita-migliori-lista-software\\\/fagis-recensione\\\/\",\"name\":\"Fagis: recensione software gestionale - Accurate Reviews\",\"isPartOf\":{\"@id\":\"https:\\\/\\\/www.accuratereviews.com\\\/it\\\/#website\"},\"primaryImageOfPage\":{\"@id\":\"https:\\\/\\\/www.accuratereviews.com\\\/it\\\/software-contabilita-migliori-lista-software\\\/fagis-recensione\\\/#primaryimage\"},\"image\":{\"@id\":\"https:\\\/\\\/www.accuratereviews.com\\\/it\\\/software-contabilita-migliori-lista-software\\\/fagis-recensione\\\/#primaryimage\"},\"thumbnailUrl\":\"https:\\\/\\\/www.accuratereviews.com\\\/wp-content\\\/uploads\\\/2019\\\/03\\\/fagis.png\",\"datePublished\":\"2019-03-29T08:00:18+00:00\",\"dateModified\":\"2023-01-30T17:25:58+00:00\",\"description\":\"Fagis: recensione software gestionale creato dalla societ\u00e0 Migg strumento indispensabile per amministrare al meglio la propria attivit\u00e0.\",\"breadcrumb\":{\"@id\":\"https:\\\/\\\/www.accuratereviews.com\\\/it\\\/software-contabilita-migliori-lista-software\\\/fagis-recensione\\\/#breadcrumb\"},\"inLanguage\":\"it-IT\",\"potentialAction\":[{\"@type\":\"ReadAction\",\"target\":[\"https:\\\/\\\/www.accuratereviews.com\\\/it\\\/software-contabilita-migliori-lista-software\\\/fagis-recensione\\\/\"]}]},{\"@type\":\"ImageObject\",\"inLanguage\":\"it-IT\",\"@id\":\"https:\\\/\\\/www.accuratereviews.com\\\/it\\\/software-contabilita-migliori-lista-software\\\/fagis-recensione\\\/#primaryimage\",\"url\":\"https:\\\/\\\/www.accuratereviews.com\\\/wp-content\\\/uploads\\\/2019\\\/03\\\/fagis.png\",\"contentUrl\":\"https:\\\/\\\/www.accuratereviews.com\\\/wp-content\\\/uploads\\\/2019\\\/03\\\/fagis.png\",\"width\":400,\"height\":400},{\"@type\":\"BreadcrumbList\",\"@id\":\"https:\\\/\\\/www.accuratereviews.com\\\/it\\\/software-contabilita-migliori-lista-software\\\/fagis-recensione\\\/#breadcrumb\",\"itemListElement\":[{\"@type\":\"ListItem\",\"position\":1,\"name\":\"Home\",\"item\":\"https:\\\/\\\/www.accuratereviews.com\\\/it\\\/\"},{\"@type\":\"ListItem\",\"position\":2,\"name\":\"I migliori software di contabilit\u00e0\",\"item\":\"https:\\\/\\\/www.accuratereviews.com\\\/it\\\/software-contabilita-migliori-lista-software\\\/\"},{\"@type\":\"ListItem\",\"position\":3,\"name\":\"Fagis\"}]},{\"@type\":\"WebSite\",\"@id\":\"https:\\\/\\\/www.accuratereviews.com\\\/it\\\/#website\",\"url\":\"https:\\\/\\\/www.accuratereviews.com\\\/it\\\/\",\"name\":\"Accurate Reviews\",\"description\":\"\",\"potentialAction\":[{\"@type\":\"SearchAction\",\"target\":{\"@type\":\"EntryPoint\",\"urlTemplate\":\"https:\\\/\\\/www.accuratereviews.com\\\/it\\\/?s={search_term_string}\"},\"query-input\":{\"@type\":\"PropertyValueSpecification\",\"valueRequired\":true,\"valueName\":\"search_term_string\"}}],\"inLanguage\":\"it-IT\"}]}<\/script>\n<!-- \/ Yoast SEO plugin. -->","yoast_head_json":{"title":"Fagis: recensione software gestionale - Accurate Reviews","description":"Fagis: recensione software gestionale creato dalla societ\u00e0 Migg strumento indispensabile per amministrare al meglio la propria attivit\u00e0.","robots":{"index":"index","follow":"follow","max-snippet":"max-snippet:-1","max-image-preview":"max-image-preview:large","max-video-preview":"max-video-preview:-1"},"canonical":"https:\/\/www.accuratereviews.com\/it\/software-contabilita-migliori-lista-software\/fagis-recensione\/","og_locale":"it_IT","og_type":"article","og_title":"Fagis: recensione software gestionale - Accurate Reviews","og_description":"Fagis: recensione software gestionale creato dalla societ\u00e0 Migg strumento indispensabile per amministrare al meglio la propria attivit\u00e0.","og_url":"https:\/\/www.accuratereviews.com\/it\/software-contabilita-migliori-lista-software\/fagis-recensione\/","og_site_name":"Accurate Reviews","article_modified_time":"2023-01-30T17:25:58+00:00","og_image":[{"width":400,"height":400,"url":"https:\/\/www.accuratereviews.com\/wp-content\/uploads\/2019\/03\/fagis.png","type":"image\/png"}],"twitter_card":"summary_large_image","twitter_misc":{"Tempo di lettura stimato":"2 minuti"},"schema":{"@context":"https:\/\/schema.org","@graph":[{"@type":"WebPage","@id":"https:\/\/www.accuratereviews.com\/it\/software-contabilita-migliori-lista-software\/fagis-recensione\/","url":"https:\/\/www.accuratereviews.com\/it\/software-contabilita-migliori-lista-software\/fagis-recensione\/","name":"Fagis: recensione software gestionale - Accurate Reviews","isPartOf":{"@id":"https:\/\/www.accuratereviews.com\/it\/#website"},"primaryImageOfPage":{"@id":"https:\/\/www.accuratereviews.com\/it\/software-contabilita-migliori-lista-software\/fagis-recensione\/#primaryimage"},"image":{"@id":"https:\/\/www.accuratereviews.com\/it\/software-contabilita-migliori-lista-software\/fagis-recensione\/#primaryimage"},"thumbnailUrl":"https:\/\/www.accuratereviews.com\/wp-content\/uploads\/2019\/03\/fagis.png","datePublished":"2019-03-29T08:00:18+00:00","dateModified":"2023-01-30T17:25:58+00:00","description":"Fagis: recensione software gestionale creato dalla societ\u00e0 Migg strumento indispensabile per amministrare al meglio la propria attivit\u00e0.","breadcrumb":{"@id":"https:\/\/www.accuratereviews.com\/it\/software-contabilita-migliori-lista-software\/fagis-recensione\/#breadcrumb"},"inLanguage":"it-IT","potentialAction":[{"@type":"ReadAction","target":["https:\/\/www.accuratereviews.com\/it\/software-contabilita-migliori-lista-software\/fagis-recensione\/"]}]},{"@type":"ImageObject","inLanguage":"it-IT","@id":"https:\/\/www.accuratereviews.com\/it\/software-contabilita-migliori-lista-software\/fagis-recensione\/#primaryimage","url":"https:\/\/www.accuratereviews.com\/wp-content\/uploads\/2019\/03\/fagis.png","contentUrl":"https:\/\/www.accuratereviews.com\/wp-content\/uploads\/2019\/03\/fagis.png","width":400,"height":400},{"@type":"BreadcrumbList","@id":"https:\/\/www.accuratereviews.com\/it\/software-contabilita-migliori-lista-software\/fagis-recensione\/#breadcrumb","itemListElement":[{"@type":"ListItem","position":1,"name":"Home","item":"https:\/\/www.accuratereviews.com\/it\/"},{"@type":"ListItem","position":2,"name":"I migliori software di contabilit\u00e0","item":"https:\/\/www.accuratereviews.com\/it\/software-contabilita-migliori-lista-software\/"},{"@type":"ListItem","position":3,"name":"Fagis"}]},{"@type":"WebSite","@id":"https:\/\/www.accuratereviews.com\/it\/#website","url":"https:\/\/www.accuratereviews.com\/it\/","name":"Accurate Reviews","description":"","potentialAction":[{"@type":"SearchAction","target":{"@type":"EntryPoint","urlTemplate":"https:\/\/www.accuratereviews.com\/it\/?s={search_term_string}"},"query-input":{"@type":"PropertyValueSpecification","valueRequired":true,"valueName":"search_term_string"}}],"inLanguage":"it-IT"}]}},"_links":{"self":[{"href":"https:\/\/www.accuratereviews.com\/it\/wp-json\/wp\/v2\/pages\/12725","targetHints":{"allow":["GET"]}}],"collection":[{"href":"https:\/\/www.accuratereviews.com\/it\/wp-json\/wp\/v2\/pages"}],"about":[{"href":"https:\/\/www.accuratereviews.com\/it\/wp-json\/wp\/v2\/types\/page"}],"author":[{"embeddable":true,"href":"https:\/\/www.accuratereviews.com\/it\/wp-json\/wp\/v2\/users\/19"}],"replies":[{"embeddable":true,"href":"https:\/\/www.accuratereviews.com\/it\/wp-json\/wp\/v2\/comments?post=12725"}],"version-history":[{"count":12,"href":"https:\/\/www.accuratereviews.com\/it\/wp-json\/wp\/v2\/pages\/12725\/revisions"}],"predecessor-version":[{"id":66778,"href":"https:\/\/www.accuratereviews.com\/it\/wp-json\/wp\/v2\/pages\/12725\/revisions\/66778"}],"up":[{"embeddable":true,"href":"https:\/\/www.accuratereviews.com\/it\/wp-json\/wp\/v2\/pages\/5495"}],"wp:featuredmedia":[{"embeddable":true,"href":"https:\/\/www.accuratereviews.com\/it\/wp-json\/wp\/v2\/media\/12732"}],"wp:attachment":[{"href":"https:\/\/www.accuratereviews.com\/it\/wp-json\/wp\/v2\/media?parent=12725"}],"wp:term":[{"taxonomy":"category","embeddable":true,"href":"https:\/\/www.accuratereviews.com\/it\/wp-json\/wp\/v2\/categories?post=12725"},{"taxonomy":"post_tag","embeddable":true,"href":"https:\/\/www.accuratereviews.com\/it\/wp-json\/wp\/v2\/tags?post=12725"},{"taxonomy":"features","embeddable":true,"href":"https:\/\/www.accuratereviews.com\/it\/wp-json\/wp\/v2\/features?post=12725"}],"curies":[{"name":"wp","href":"https:\/\/api.w.org\/{rel}","templated":true}]}}