{"id":12818,"date":"2019-04-01T15:53:02","date_gmt":"2019-04-01T15:53:02","guid":{"rendered":"https:\/\/www.accuratereviews.com\/?page_id=12818"},"modified":"2023-02-06T09:42:38","modified_gmt":"2023-02-06T09:42:38","slug":"kaseya-bms-recensione","status":"publish","type":"page","link":"https:\/\/www.accuratereviews.com\/it\/crm-software-migliori-lista\/kaseya-bms-recensione\/","title":{"rendered":"Kaseya BMS"},"content":{"rendered":"<p><strong>Kaseya Business Management System<\/strong>, meglio conosciuto come Kaseya BMS, \u00e8 un <strong>software CRM<\/strong> che consente di gestire meglio le relazioni con i propri clienti e di tenere sotto controllo l&#8217;andamento dell&#8217;azienda. \u00c8 un <strong>sistema CRM<\/strong> online a cui accedi direttamente dal browser a una console che ti permette di gestire tutte le attivit\u00e0 che riguardano i servizi IT e massimizzare i tuoi rapporti con i clienti, potenziali clienti e fornitori. Sfruttando la <strong>funzionalit\u00e0 cloud<\/strong>, puoi archiviare e memorizzare tutti i dati e le comunicazioni che hai o hai avuto con loro, quindi email, chiamate, riunioni, appuntamenti e progetti. Utilizzando questa ottima strategia di\u00a0<strong>C<\/strong><b>ustomer Relationship Management<\/b>, potrai sicuramente migliorare la gestione delle relazioni con clienti, fornitori, venditori, concorrenti e partner commerciali!<\/p>\n<h2>GESTIONE CLIENTI CON KASEYA BMS &#8211; TUTORIAL<\/h2>\n<p>Tramite questo breve tutorial, potremo comprendere come un utizzadre questo <strong>software CRM<\/strong>:<\/p>\n<div id=\"fluid-wrapper-counter-1\" class=\"g1-fluid-wrapper \" style=\"width:686px;\">\n<div style=\"padding-bottom:56.268221574344%;\"><iframe loading=\"lazy\" title=\"BMS by Kaseya: Empower your Business with a Next-Gen PSA\" width=\"686\" height=\"386\" src=\"https:\/\/www.youtube.com\/embed\/Sw-XMoPkwho?feature=oembed&amp;wmode=transparent&amp;autohide=1&amp;autoplay=0&amp;disablekb=0&amp;fs=1&amp;loop=0&amp;enablejsapi=1&amp;rel=0&amp;controls=2&amp;showinfo=0&amp;wmode=transparent&amp;autohide=2&amp;autoplay=0&amp;disablekb=0&amp;fs=1&amp;loop=0&amp;enablejsapi=1&amp;rel=0&amp;controls=2&amp;showinfo=1\" frameborder=\"0\" allow=\"accelerometer; autoplay; clipboard-write; encrypted-media; gyroscope; picture-in-picture; web-share\" allowfullscreen><\/iframe><\/div>\n<\/div>\n<h3>KASEYA &#8211; CARATTERISTICHE<\/h3>\n<p>Dopo aver visto questo tutorial, diamo un&#8217;occhiata anche alle caratteristiche di Kaseya:<\/p>\n<div>\n<ul>\n<li><strong>Modulare<\/strong>: strutturato in moduli specifici per ogni tua esigenza<\/li>\n<li><strong>Creazione ticket:<\/strong>\u00a0a tua disposizione un sistema che raccoglie tutte le richieste di supporto fatte dai clienti, per le quali si genera un ticket<\/li>\n<li><strong>Gestione CRM (Customer Relationship Management):\u00a0<\/strong>gestisci al meglio le relazioni con i tuoi clienti, fornitori, ex clienti, concorrenti grazie al sistema CRM. Tieni\u00a0sotto controllo tutti i contatti, le email e le comunicazioni con un cliente, automaticamente salvate ed archiviate<\/li>\n<li><strong>Gestione contabilit\u00e0:<\/strong>\u00a0tieni sotto controllo e gestisci i conti, le fatture e tutte le operazioni contabili e fiscali della tua azienda<\/li>\n<li><strong>Sistema di reporting:\u00a0<\/strong>esporta tutti i dati, i ticket, i progetti, le spese, i contatti sotto forma di report<\/li>\n<li><strong>Formazione gratuita<\/strong>: disponibili webinar e tutorial dimostrativi sul sito e sul canale YouTube.<\/li>\n<\/ul>\n<p><strong>Danielle &#8220;Kaseya BMS&#8221;<\/strong><br \/>\nPro: Adoro la dashboard finanziaria. Indica quali contratti stanno per terminare e ha un grafico generato automaticamente per mostrare le vendite del mese, del trimestre o dell&#8217;anno in corso per cliente con le relative percentuali.<br \/>\nContro: Non mi piace il fatto che non si possano annullare o modificare le fatture dopo che sono state generate. Se c&#8217;\u00e8 una modifica che la direzione vuole apportare, devo annullare e ricominciare. Non ho dovuto farlo con il nostro precedente programma ConnectWise. Inoltre, questo programma manca di molte funzioni che utilizzavo in precedenza.<\/p>\n<p><strong>Tristan &#8220;Recensione dei coordinatori dell&#8217;helpdesk su BMS&#8221;<\/strong><br \/>\nCommenti: &#8211; Trovo che la road map e la RND siano state fantastiche e che Kaseya stia sempre migliorando la propria applicazione per migliorare i flussi di lavoro e la produttivit\u00e0.<br \/>\nPro: &#8211; Facile da implementare. &#8211; Le sue API sono abbastanza flessibili e facili da integrare. &#8211; Il modello di licenza funziona bene per un&#8217;applicazione SAAS.<br \/>\nContro: &#8211; La funzione di gestione dei progetti non \u00e8 ottimale per i grandi progetti. &#8211; I flussi di lavoro diventano piuttosto difficili da gestire, poich\u00e9 non c&#8217;\u00e8 modo di visualizzarli facilmente.<\/p>\n<p><strong>Jason &#8220;Kaseya BMS&#8221;<\/strong><br \/>\nCommenti: L&#8217;ho usato per oltre un decennio ed \u00e8 difficile da battere. Ha solo bisogno di una migliore e pi\u00f9 fluida integrazione con gli altri prodotti e le acquisizioni.<br \/>\nPro: Aiuta a gestire gli endpoint e le attivit\u00e0 di scripting.<br \/>\nContro: Funziona bene se integrato correttamente con gli altri prodotti kaseya, ma quando non funziona, va davvero male.<\/p>\n<\/div>\n","protected":false},"excerpt":{"rendered":"<p>Kaseya Business Management System, meglio conosciuto come Kaseya BMS, \u00e8 un software CRM che consente di gestire meglio le relazioni con i propri clienti e di tenere sotto controllo l&#8217;andamento dell&#8217;azienda.  \u00c8 un sistema CRM online a cui accedi direttamente dal browser a una console che ti permette di gestire tutte le attivit\u00e0 che riguardano i servizi IT e massimizzare i tuoi rapporti con i clienti e potenziali clienti.<\/p>\n","protected":false},"author":17,"featured_media":12833,"parent":5966,"menu_order":0,"comment_status":"open","ping_status":"closed","template":"g1_template_page_review_new.php","meta":{"_acf_changed":false,"cwp_meta_box_check":"Yes","cwp_rev_product_name":"","cwp_rev_product_image":"","wppr_links":[],"cwp_rev_price":"","wppr_options":[{"name":"Usability","value":"0"},{"name":"Speed","value":"0"},{"name":"Features","value":"0"},{"name":"Support","value":"0"},{"name":"Pricing","value":"0"}],"wppr_pros":["","","","",""],"wppr_cons":["","","","",""],"_monsterinsights_skip_tracking":false,"_monsterinsights_sitenote_active":false,"_monsterinsights_sitenote_note":"","_monsterinsights_sitenote_category":0,"footnotes":""},"categories":[120],"tags":[422,10761,10868,423,425,426],"features":[10870,10871,10873],"class_list":{"0":"post-12818","1":"page","2":"type-page","3":"status-publish","4":"has-post-thumbnail","6":"category-crm-it","7":"tag-crm","8":"tag-crm-software-2-it","9":"tag-customer-relationship-management-2-it","10":"tag-customer-relationship-management","11":"tag-gestione-clienti","12":"tag-sistema-crm","13":"features-contact-management-it","14":"features-customer-support-it","15":"features-project-management-it"},"wppr_data":{"cwp_meta_box_check":"Yes","cwp_rev_product_name":"","_wppr_review_template":"default","cwp_rev_product_image":"","cwp_image_link":"image","wppr_links":[],"cwp_rev_price":"","wppr_pros":["","","","",""],"wppr_cons":["","","","",""],"wppr_rating":"0.00","wppr_options":{"1":{"name":"Usability","value":"0"},"2":{"name":"Speed","value":"0"},"3":{"name":"Features","value":"0"},"4":{"name":"Support","value":"0"},"5":{"name":"Pricing","value":"0"}},"wppr_review_type":"Product","wppr_review_custom_fields":{"additionalProperty":"","additionalType":"","aggregateRating":"","alternateName":"","audience":"","award":"","awards":"","brand":"","color":"","depth":"","description":"","disambiguatingDescription":"","gtin12":"","gtin13":"","gtin14":"","gtin8":"","height":"","identifier":"","image":"","isAccessoryOrSparePartFor":"","isConsumableFor":"","isRelatedTo":"","isSimilarTo":"","itemCondition":"","logo":"","mainEntityOfPage":"","manufacturer":"","material":"","model":"","mpn":"","name":"","offers":"","potentialAction":"","productID":"","productionDate":"","purchaseDate":"","releaseDate":"","review":"","reviews":"","sameAs":"","sku":"","slogan":"","subjectOf":"","url":"","weight":"","width":""}},"acf":[],"yoast_head":"<!-- This site is optimized with the Yoast SEO plugin v27.4 - https:\/\/yoast.com\/product\/yoast-seo-wordpress\/ -->\n<title>Kaseya BMS - software CRM: recensione - Accurate Reviews<\/title>\n<meta name=\"description\" content=\"Kaseya BMS: recensione del software CRM che ti consente di gestire meglio le relazioni con i tuoi clienti e tenere sotto controllo l&#039;andamento aziendale.\" \/>\n<meta name=\"robots\" content=\"index, follow, max-snippet:-1, max-image-preview:large, max-video-preview:-1\" \/>\n<link rel=\"canonical\" href=\"https:\/\/www.accuratereviews.com\/it\/crm-software-migliori-lista\/kaseya-bms-recensione\/\" \/>\n<meta property=\"og:locale\" content=\"it_IT\" \/>\n<meta property=\"og:type\" content=\"article\" \/>\n<meta property=\"og:title\" content=\"Kaseya BMS - software CRM: recensione - Accurate Reviews\" \/>\n<meta property=\"og:description\" content=\"Kaseya BMS: recensione del software CRM che ti consente di gestire meglio le relazioni con i tuoi clienti e tenere sotto controllo l&#039;andamento aziendale.\" \/>\n<meta property=\"og:url\" content=\"https:\/\/www.accuratereviews.com\/it\/crm-software-migliori-lista\/kaseya-bms-recensione\/\" \/>\n<meta property=\"og:site_name\" content=\"Accurate Reviews\" \/>\n<meta property=\"article:modified_time\" content=\"2023-02-06T09:42:38+00:00\" \/>\n<meta property=\"og:image\" content=\"https:\/\/www.accuratereviews.com\/wp-content\/uploads\/2019\/04\/logo_bms.gif\" \/>\n\t<meta property=\"og:image:width\" content=\"353\" \/>\n\t<meta property=\"og:image:height\" content=\"252\" \/>\n\t<meta property=\"og:image:type\" content=\"image\/gif\" \/>\n<meta name=\"twitter:card\" content=\"summary_large_image\" \/>\n<meta name=\"twitter:label1\" content=\"Tempo di lettura stimato\" \/>\n\t<meta name=\"twitter:data1\" content=\"3 minuti\" \/>\n<script type=\"application\/ld+json\" class=\"yoast-schema-graph\">{\"@context\":\"https:\\\/\\\/schema.org\",\"@graph\":[{\"@type\":\"WebPage\",\"@id\":\"https:\\\/\\\/www.accuratereviews.com\\\/it\\\/crm-software-migliori-lista\\\/kaseya-bms-recensione\\\/\",\"url\":\"https:\\\/\\\/www.accuratereviews.com\\\/it\\\/crm-software-migliori-lista\\\/kaseya-bms-recensione\\\/\",\"name\":\"Kaseya BMS - software CRM: recensione - Accurate Reviews\",\"isPartOf\":{\"@id\":\"https:\\\/\\\/www.accuratereviews.com\\\/it\\\/#website\"},\"primaryImageOfPage\":{\"@id\":\"https:\\\/\\\/www.accuratereviews.com\\\/it\\\/crm-software-migliori-lista\\\/kaseya-bms-recensione\\\/#primaryimage\"},\"image\":{\"@id\":\"https:\\\/\\\/www.accuratereviews.com\\\/it\\\/crm-software-migliori-lista\\\/kaseya-bms-recensione\\\/#primaryimage\"},\"thumbnailUrl\":\"https:\\\/\\\/www.accuratereviews.com\\\/wp-content\\\/uploads\\\/2019\\\/04\\\/logo_bms.gif\",\"datePublished\":\"2019-04-01T15:53:02+00:00\",\"dateModified\":\"2023-02-06T09:42:38+00:00\",\"description\":\"Kaseya BMS: recensione del software CRM che ti consente di gestire meglio le relazioni con i tuoi clienti e tenere sotto controllo l'andamento aziendale.\",\"breadcrumb\":{\"@id\":\"https:\\\/\\\/www.accuratereviews.com\\\/it\\\/crm-software-migliori-lista\\\/kaseya-bms-recensione\\\/#breadcrumb\"},\"inLanguage\":\"it-IT\",\"potentialAction\":[{\"@type\":\"ReadAction\",\"target\":[\"https:\\\/\\\/www.accuratereviews.com\\\/it\\\/crm-software-migliori-lista\\\/kaseya-bms-recensione\\\/\"]}]},{\"@type\":\"ImageObject\",\"inLanguage\":\"it-IT\",\"@id\":\"https:\\\/\\\/www.accuratereviews.com\\\/it\\\/crm-software-migliori-lista\\\/kaseya-bms-recensione\\\/#primaryimage\",\"url\":\"https:\\\/\\\/www.accuratereviews.com\\\/wp-content\\\/uploads\\\/2019\\\/04\\\/logo_bms.gif\",\"contentUrl\":\"https:\\\/\\\/www.accuratereviews.com\\\/wp-content\\\/uploads\\\/2019\\\/04\\\/logo_bms.gif\",\"width\":353,\"height\":252},{\"@type\":\"BreadcrumbList\",\"@id\":\"https:\\\/\\\/www.accuratereviews.com\\\/it\\\/crm-software-migliori-lista\\\/kaseya-bms-recensione\\\/#breadcrumb\",\"itemListElement\":[{\"@type\":\"ListItem\",\"position\":1,\"name\":\"Home\",\"item\":\"https:\\\/\\\/www.accuratereviews.com\\\/it\\\/\"},{\"@type\":\"ListItem\",\"position\":2,\"name\":\"CRM: i software migliori\",\"item\":\"https:\\\/\\\/www.accuratereviews.com\\\/it\\\/crm-software-migliori-lista\\\/\"},{\"@type\":\"ListItem\",\"position\":3,\"name\":\"Kaseya BMS\"}]},{\"@type\":\"WebSite\",\"@id\":\"https:\\\/\\\/www.accuratereviews.com\\\/it\\\/#website\",\"url\":\"https:\\\/\\\/www.accuratereviews.com\\\/it\\\/\",\"name\":\"Accurate Reviews\",\"description\":\"\",\"potentialAction\":[{\"@type\":\"SearchAction\",\"target\":{\"@type\":\"EntryPoint\",\"urlTemplate\":\"https:\\\/\\\/www.accuratereviews.com\\\/it\\\/?s={search_term_string}\"},\"query-input\":{\"@type\":\"PropertyValueSpecification\",\"valueRequired\":true,\"valueName\":\"search_term_string\"}}],\"inLanguage\":\"it-IT\"}]}<\/script>\n<!-- \/ Yoast SEO plugin. -->","yoast_head_json":{"title":"Kaseya BMS - software CRM: recensione - Accurate Reviews","description":"Kaseya BMS: recensione del software CRM che ti consente di gestire meglio le relazioni con i tuoi clienti e tenere sotto controllo l'andamento aziendale.","robots":{"index":"index","follow":"follow","max-snippet":"max-snippet:-1","max-image-preview":"max-image-preview:large","max-video-preview":"max-video-preview:-1"},"canonical":"https:\/\/www.accuratereviews.com\/it\/crm-software-migliori-lista\/kaseya-bms-recensione\/","og_locale":"it_IT","og_type":"article","og_title":"Kaseya BMS - software CRM: recensione - Accurate Reviews","og_description":"Kaseya BMS: recensione del software CRM che ti consente di gestire meglio le relazioni con i tuoi clienti e tenere sotto controllo l'andamento aziendale.","og_url":"https:\/\/www.accuratereviews.com\/it\/crm-software-migliori-lista\/kaseya-bms-recensione\/","og_site_name":"Accurate Reviews","article_modified_time":"2023-02-06T09:42:38+00:00","og_image":[{"width":353,"height":252,"url":"https:\/\/www.accuratereviews.com\/wp-content\/uploads\/2019\/04\/logo_bms.gif","type":"image\/gif"}],"twitter_card":"summary_large_image","twitter_misc":{"Tempo di lettura stimato":"3 minuti"},"schema":{"@context":"https:\/\/schema.org","@graph":[{"@type":"WebPage","@id":"https:\/\/www.accuratereviews.com\/it\/crm-software-migliori-lista\/kaseya-bms-recensione\/","url":"https:\/\/www.accuratereviews.com\/it\/crm-software-migliori-lista\/kaseya-bms-recensione\/","name":"Kaseya BMS - software CRM: recensione - Accurate Reviews","isPartOf":{"@id":"https:\/\/www.accuratereviews.com\/it\/#website"},"primaryImageOfPage":{"@id":"https:\/\/www.accuratereviews.com\/it\/crm-software-migliori-lista\/kaseya-bms-recensione\/#primaryimage"},"image":{"@id":"https:\/\/www.accuratereviews.com\/it\/crm-software-migliori-lista\/kaseya-bms-recensione\/#primaryimage"},"thumbnailUrl":"https:\/\/www.accuratereviews.com\/wp-content\/uploads\/2019\/04\/logo_bms.gif","datePublished":"2019-04-01T15:53:02+00:00","dateModified":"2023-02-06T09:42:38+00:00","description":"Kaseya BMS: recensione del software CRM che ti consente di gestire meglio le relazioni con i tuoi clienti e tenere sotto controllo l'andamento aziendale.","breadcrumb":{"@id":"https:\/\/www.accuratereviews.com\/it\/crm-software-migliori-lista\/kaseya-bms-recensione\/#breadcrumb"},"inLanguage":"it-IT","potentialAction":[{"@type":"ReadAction","target":["https:\/\/www.accuratereviews.com\/it\/crm-software-migliori-lista\/kaseya-bms-recensione\/"]}]},{"@type":"ImageObject","inLanguage":"it-IT","@id":"https:\/\/www.accuratereviews.com\/it\/crm-software-migliori-lista\/kaseya-bms-recensione\/#primaryimage","url":"https:\/\/www.accuratereviews.com\/wp-content\/uploads\/2019\/04\/logo_bms.gif","contentUrl":"https:\/\/www.accuratereviews.com\/wp-content\/uploads\/2019\/04\/logo_bms.gif","width":353,"height":252},{"@type":"BreadcrumbList","@id":"https:\/\/www.accuratereviews.com\/it\/crm-software-migliori-lista\/kaseya-bms-recensione\/#breadcrumb","itemListElement":[{"@type":"ListItem","position":1,"name":"Home","item":"https:\/\/www.accuratereviews.com\/it\/"},{"@type":"ListItem","position":2,"name":"CRM: i software migliori","item":"https:\/\/www.accuratereviews.com\/it\/crm-software-migliori-lista\/"},{"@type":"ListItem","position":3,"name":"Kaseya BMS"}]},{"@type":"WebSite","@id":"https:\/\/www.accuratereviews.com\/it\/#website","url":"https:\/\/www.accuratereviews.com\/it\/","name":"Accurate Reviews","description":"","potentialAction":[{"@type":"SearchAction","target":{"@type":"EntryPoint","urlTemplate":"https:\/\/www.accuratereviews.com\/it\/?s={search_term_string}"},"query-input":{"@type":"PropertyValueSpecification","valueRequired":true,"valueName":"search_term_string"}}],"inLanguage":"it-IT"}]}},"_links":{"self":[{"href":"https:\/\/www.accuratereviews.com\/it\/wp-json\/wp\/v2\/pages\/12818","targetHints":{"allow":["GET"]}}],"collection":[{"href":"https:\/\/www.accuratereviews.com\/it\/wp-json\/wp\/v2\/pages"}],"about":[{"href":"https:\/\/www.accuratereviews.com\/it\/wp-json\/wp\/v2\/types\/page"}],"author":[{"embeddable":true,"href":"https:\/\/www.accuratereviews.com\/it\/wp-json\/wp\/v2\/users\/17"}],"replies":[{"embeddable":true,"href":"https:\/\/www.accuratereviews.com\/it\/wp-json\/wp\/v2\/comments?post=12818"}],"version-history":[{"count":10,"href":"https:\/\/www.accuratereviews.com\/it\/wp-json\/wp\/v2\/pages\/12818\/revisions"}],"predecessor-version":[{"id":66987,"href":"https:\/\/www.accuratereviews.com\/it\/wp-json\/wp\/v2\/pages\/12818\/revisions\/66987"}],"up":[{"embeddable":true,"href":"https:\/\/www.accuratereviews.com\/it\/wp-json\/wp\/v2\/pages\/5966"}],"wp:featuredmedia":[{"embeddable":true,"href":"https:\/\/www.accuratereviews.com\/it\/wp-json\/wp\/v2\/media\/12833"}],"wp:attachment":[{"href":"https:\/\/www.accuratereviews.com\/it\/wp-json\/wp\/v2\/media?parent=12818"}],"wp:term":[{"taxonomy":"category","embeddable":true,"href":"https:\/\/www.accuratereviews.com\/it\/wp-json\/wp\/v2\/categories?post=12818"},{"taxonomy":"post_tag","embeddable":true,"href":"https:\/\/www.accuratereviews.com\/it\/wp-json\/wp\/v2\/tags?post=12818"},{"taxonomy":"features","embeddable":true,"href":"https:\/\/www.accuratereviews.com\/it\/wp-json\/wp\/v2\/features?post=12818"}],"curies":[{"name":"wp","href":"https:\/\/api.w.org\/{rel}","templated":true}]}}