{"id":12839,"date":"2019-04-02T12:40:08","date_gmt":"2019-04-02T12:40:08","guid":{"rendered":"https:\/\/www.accuratereviews.com\/?page_id=12839"},"modified":"2023-02-06T09:44:01","modified_gmt":"2023-02-06T09:44:01","slug":"nethunt-recensione","status":"publish","type":"page","link":"https:\/\/www.accuratereviews.com\/it\/crm-software-migliori-lista\/nethunt-recensione\/","title":{"rendered":"NetHunt"},"content":{"rendered":"<div id=\"tw-target-text-container\" class=\"gsrt tw-ta-container tw-nfl\">\n<p><span class=\"notranslate\"><strong>NetHunt<\/strong> \u00e8 una soluzione <strong>CRM<\/strong> (Customer Relationship Management) progettata per trasformare la tua posta in arrivo di <strong>Gmail<\/strong> nel tuo hub CRM, rendendo facile per te e il tuo team gestire le richieste dei clienti, le vendite e le campagne di marketing.<\/span>\u00a0<span class=\"notranslate\">Con NetHunt puoi verificare la configurazione dell&#8217;elenco dei contatti in modo da sapere quali sono i contatti di lavoro e quali sono quelli personali. <\/span><span class=\"notranslate\">Una volta aperto il messaggio e-mail del cliente, visualizzerai immediatamente i dettagli del tuo contatto commerciale.<\/span> <span class=\"notranslate\">Con questo <strong>software CRM<\/strong>, puoi trasformare facilmente le email in opportunit\u00e0 di business direttamente dalla tua casella di posta Gmail, o<\/span><span class=\"notranslate\">gni email pu\u00f2 essere convertita in un nuovo record aziendale.<\/span> <span class=\"notranslate\">\u00c8 anche facile effettuare follow-up e fornire pi\u00f9 materiale di marketing e di vendita e contenuti per scopi di upsell.<\/span><\/p>\n<h2>NETHUNT CRM &#8211; TUTORIAL<\/h2>\n<p>Con questo video tutorial vediamo insieme come funziona questo<strong> software CRM<\/strong>:<\/p>\n<div id=\"fluid-wrapper-counter-1\" class=\"g1-fluid-wrapper \" style=\"width:686px;\">\n<div style=\"padding-bottom:56.268221574344%;\"><iframe loading=\"lazy\" title=\"How to Create and Manage Views - NetHunt CRM Tutorial\" width=\"686\" height=\"386\" src=\"https:\/\/www.youtube.com\/embed\/v1ubai1mopc?feature=oembed&amp;wmode=transparent&amp;autohide=1&amp;autoplay=0&amp;disablekb=0&amp;fs=1&amp;loop=0&amp;enablejsapi=1&amp;rel=0&amp;controls=2&amp;showinfo=0&amp;wmode=transparent&amp;autohide=2&amp;autoplay=0&amp;disablekb=0&amp;fs=1&amp;loop=0&amp;enablejsapi=1&amp;rel=0&amp;controls=2&amp;showinfo=1\" frameborder=\"0\" allow=\"accelerometer; autoplay; clipboard-write; encrypted-media; gyroscope; picture-in-picture; web-share\" allowfullscreen><\/iframe><\/div>\n<\/div>\n<h3 class=\"tw-data-text tw-ta tw-text-small\" lang=\"it\">NETHUNT &#8211; CARATTERISTICHE<\/h3>\n<ul class=\"list-unstyled links-list\">\n<li><span class=\"notranslate\"><strong>Record aziendali<\/strong>: riempi i record con le informazioni disponibili con pochi click<\/span><\/li>\n<li><span class=\"notranslate\"><strong>Mailing di massa<\/strong>: invia mail a tutti i tuoi clienti contemporaneamente<\/span><\/li>\n<li><span class=\"notranslate\"><strong>Tracciamento delle email<\/strong>: puoi vedere se le mail sono state inviate e aperte dai clienti<\/span><\/li>\n<li><span class=\"notranslate\"><span class=\"notranslate\"><strong>Integrazione con Zapier<\/strong>: connetti il software con oltre 1.000 app per automatizzare il tuo lavoro.<\/span><\/span><\/li>\n<\/ul>\n<h4>LE RECENSIONI DEGLI UTENTI<\/h4>\n<p><strong>Pascal &#8220;Ottimo rapporto qualit\u00e0\/prezzo con molte funzioni e contatti illimitati, e invio di email!&#8221;<\/strong><br \/>\nPro: Si integra perfettamente con Gmail. Ha contatti e invii di email illimitati, in modo da non dover temere l&#8217;esplosione dei costi.<br \/>\nContro: Manca un cookie di tracciamento del sito web che permetta di catturare il comportamento di navigazione del sito e di attivare le email.<\/p>\n<p><strong>Rossella &#8220;Ottimo software&#8221;<\/strong><br \/>\nCommenti: Ho avuto un&#8217;ottima esperienza utilizzando Net Hunt.<br \/>\nPro: Questo software permette di avere pi\u00f9 database per ogni area del vostro studio. La facilit\u00e0 d&#8217;uso \u00e8 la qualit\u00e0 maggiore.<br \/>\nContro: La ricerca di argomenti diversi pu\u00f2 creare confusione.<\/p>\n<p><strong>Petr: &#8220;CRM&#8221;<\/strong><br \/>\nCommenti: Finora tutto bene&#8230; mi piace che possa essere adattato alle proprie esigenze in quanto \u00e8 possibile definire le proprie strutture.<br \/>\nPro: Ho fatto ricerche su diverse opzioni e Nethunt ha fornito il maggior numero di funzionalit\u00e0 a un prezzo ragionevole.<br \/>\nContro: L&#8217;integrazione di LinkedIN \u00e8 presente solo nel pacchetto di livello pi\u00f9 alto.<\/p>\n<\/div>\n","protected":false},"excerpt":{"rendered":"<p>NetHunt \u00e8 una soluzione CRM (Customer Relationship Management) progettata per trasformare la tua posta in arrivo di Gmail nel tuo hub CRM, rendendo facile per te e il tuo team gestire le richieste dei clienti, le vendite e le campagne di marketing.\u00a0Con NetHunt CRM, puoi verificare la configurazione dell&#8217;elenco dei contatti in modo da sapere quali sono i contatti di lavoro e quali sono quelli personali.\u00a0<\/p>\n","protected":false},"author":16,"featured_media":12883,"parent":5966,"menu_order":0,"comment_status":"open","ping_status":"closed","template":"g1_template_page_review_new.php","meta":{"_acf_changed":false,"cwp_meta_box_check":"Yes","cwp_rev_product_name":"","cwp_rev_product_image":"","wppr_links":[],"cwp_rev_price":"","wppr_options":[{"name":"Usability","value":"0"},{"name":"Speed","value":"0"},{"name":"Features","value":"0"},{"name":"Support","value":"0"},{"name":"Pricing","value":"0"}],"wppr_pros":["","","","",""],"wppr_cons":["","","","",""],"_monsterinsights_skip_tracking":false,"_monsterinsights_sitenote_active":false,"_monsterinsights_sitenote_note":"","_monsterinsights_sitenote_category":0,"footnotes":""},"categories":[120],"tags":[428,429,427,1837],"features":[],"class_list":{"0":"post-12839","1":"page","2":"type-page","3":"status-publish","4":"has-post-thumbnail","6":"category-crm-it","7":"tag-gmail","8":"tag-google-apps","9":"tag-programma-crm","10":"tag-software-crm-2-it"},"wppr_data":{"cwp_meta_box_check":"Yes","cwp_rev_product_name":"","_wppr_review_template":"default","cwp_rev_product_image":"","cwp_image_link":"image","wppr_links":[],"cwp_rev_price":"","wppr_pros":["","","","",""],"wppr_cons":["","","","",""],"wppr_rating":"0.00","wppr_options":{"1":{"name":"Usability","value":"0"},"2":{"name":"Speed","value":"0"},"3":{"name":"Features","value":"0"},"4":{"name":"Support","value":"0"},"5":{"name":"Pricing","value":"0"}},"wppr_review_type":"Product","wppr_review_custom_fields":{"additionalProperty":"","additionalType":"","aggregateRating":"","alternateName":"","audience":"","award":"","awards":"","brand":"","color":"","depth":"","description":"","disambiguatingDescription":"","gtin12":"","gtin13":"","gtin14":"","gtin8":"","height":"","identifier":"","image":"","isAccessoryOrSparePartFor":"","isConsumableFor":"","isRelatedTo":"","isSimilarTo":"","itemCondition":"","logo":"","mainEntityOfPage":"","manufacturer":"","material":"","model":"","mpn":"","name":"","offers":"","potentialAction":"","productID":"","productionDate":"","purchaseDate":"","releaseDate":"","review":"","reviews":"","sameAs":"","sku":"","slogan":"","subjectOf":"","url":"","weight":"","width":""}},"acf":[],"yoast_head":"<!-- This site is optimized with the Yoast SEO plugin v27.4 - https:\/\/yoast.com\/product\/yoast-seo-wordpress\/ -->\n<title>NetHunt: recensione software CRM - Accurate Reviews<\/title>\n<meta name=\"description\" content=\"NethHunt: recensione software CRM mirato agli utenti di Gmail e Google Apps che trasforma le email nei record CRM per gestire la tua attivit\u00e0.\" \/>\n<meta name=\"robots\" content=\"index, follow, max-snippet:-1, max-image-preview:large, max-video-preview:-1\" \/>\n<link rel=\"canonical\" href=\"https:\/\/www.accuratereviews.com\/it\/crm-software-migliori-lista\/nethunt-recensione\/\" \/>\n<meta property=\"og:locale\" content=\"it_IT\" \/>\n<meta property=\"og:type\" content=\"article\" \/>\n<meta property=\"og:title\" content=\"NetHunt: recensione software CRM - Accurate Reviews\" \/>\n<meta property=\"og:description\" content=\"NethHunt: recensione software CRM mirato agli utenti di Gmail e Google Apps che trasforma le email nei record CRM per gestire la tua attivit\u00e0.\" \/>\n<meta property=\"og:url\" content=\"https:\/\/www.accuratereviews.com\/it\/crm-software-migliori-lista\/nethunt-recensione\/\" \/>\n<meta property=\"og:site_name\" content=\"Accurate Reviews\" \/>\n<meta property=\"article:modified_time\" content=\"2023-02-06T09:44:01+00:00\" \/>\n<meta property=\"og:image\" content=\"https:\/\/www.accuratereviews.com\/wp-content\/uploads\/2019\/04\/nethunt-crm.png\" \/>\n\t<meta property=\"og:image:width\" content=\"600\" \/>\n\t<meta property=\"og:image:height\" content=\"315\" \/>\n\t<meta property=\"og:image:type\" content=\"image\/png\" \/>\n<meta name=\"twitter:card\" content=\"summary_large_image\" \/>\n<meta name=\"twitter:label1\" content=\"Tempo di lettura stimato\" \/>\n\t<meta name=\"twitter:data1\" content=\"2 minuti\" \/>\n<script type=\"application\/ld+json\" class=\"yoast-schema-graph\">{\"@context\":\"https:\\\/\\\/schema.org\",\"@graph\":[{\"@type\":\"WebPage\",\"@id\":\"https:\\\/\\\/www.accuratereviews.com\\\/it\\\/crm-software-migliori-lista\\\/nethunt-recensione\\\/\",\"url\":\"https:\\\/\\\/www.accuratereviews.com\\\/it\\\/crm-software-migliori-lista\\\/nethunt-recensione\\\/\",\"name\":\"NetHunt: recensione software CRM - Accurate Reviews\",\"isPartOf\":{\"@id\":\"https:\\\/\\\/www.accuratereviews.com\\\/it\\\/#website\"},\"primaryImageOfPage\":{\"@id\":\"https:\\\/\\\/www.accuratereviews.com\\\/it\\\/crm-software-migliori-lista\\\/nethunt-recensione\\\/#primaryimage\"},\"image\":{\"@id\":\"https:\\\/\\\/www.accuratereviews.com\\\/it\\\/crm-software-migliori-lista\\\/nethunt-recensione\\\/#primaryimage\"},\"thumbnailUrl\":\"https:\\\/\\\/www.accuratereviews.com\\\/wp-content\\\/uploads\\\/2019\\\/04\\\/nethunt-crm.png\",\"datePublished\":\"2019-04-02T12:40:08+00:00\",\"dateModified\":\"2023-02-06T09:44:01+00:00\",\"description\":\"NethHunt: recensione software CRM mirato agli utenti di Gmail e Google Apps che trasforma le email nei record CRM per gestire la tua attivit\u00e0.\",\"breadcrumb\":{\"@id\":\"https:\\\/\\\/www.accuratereviews.com\\\/it\\\/crm-software-migliori-lista\\\/nethunt-recensione\\\/#breadcrumb\"},\"inLanguage\":\"it-IT\",\"potentialAction\":[{\"@type\":\"ReadAction\",\"target\":[\"https:\\\/\\\/www.accuratereviews.com\\\/it\\\/crm-software-migliori-lista\\\/nethunt-recensione\\\/\"]}]},{\"@type\":\"ImageObject\",\"inLanguage\":\"it-IT\",\"@id\":\"https:\\\/\\\/www.accuratereviews.com\\\/it\\\/crm-software-migliori-lista\\\/nethunt-recensione\\\/#primaryimage\",\"url\":\"https:\\\/\\\/www.accuratereviews.com\\\/wp-content\\\/uploads\\\/2019\\\/04\\\/nethunt-crm.png\",\"contentUrl\":\"https:\\\/\\\/www.accuratereviews.com\\\/wp-content\\\/uploads\\\/2019\\\/04\\\/nethunt-crm.png\",\"width\":600,\"height\":315},{\"@type\":\"BreadcrumbList\",\"@id\":\"https:\\\/\\\/www.accuratereviews.com\\\/it\\\/crm-software-migliori-lista\\\/nethunt-recensione\\\/#breadcrumb\",\"itemListElement\":[{\"@type\":\"ListItem\",\"position\":1,\"name\":\"Home\",\"item\":\"https:\\\/\\\/www.accuratereviews.com\\\/it\\\/\"},{\"@type\":\"ListItem\",\"position\":2,\"name\":\"CRM: i software migliori\",\"item\":\"https:\\\/\\\/www.accuratereviews.com\\\/it\\\/crm-software-migliori-lista\\\/\"},{\"@type\":\"ListItem\",\"position\":3,\"name\":\"NetHunt\"}]},{\"@type\":\"WebSite\",\"@id\":\"https:\\\/\\\/www.accuratereviews.com\\\/it\\\/#website\",\"url\":\"https:\\\/\\\/www.accuratereviews.com\\\/it\\\/\",\"name\":\"Accurate Reviews\",\"description\":\"\",\"potentialAction\":[{\"@type\":\"SearchAction\",\"target\":{\"@type\":\"EntryPoint\",\"urlTemplate\":\"https:\\\/\\\/www.accuratereviews.com\\\/it\\\/?s={search_term_string}\"},\"query-input\":{\"@type\":\"PropertyValueSpecification\",\"valueRequired\":true,\"valueName\":\"search_term_string\"}}],\"inLanguage\":\"it-IT\"}]}<\/script>\n<!-- \/ Yoast SEO plugin. -->","yoast_head_json":{"title":"NetHunt: recensione software CRM - Accurate Reviews","description":"NethHunt: recensione software CRM mirato agli utenti di Gmail e Google Apps che trasforma le email nei record CRM per gestire la tua attivit\u00e0.","robots":{"index":"index","follow":"follow","max-snippet":"max-snippet:-1","max-image-preview":"max-image-preview:large","max-video-preview":"max-video-preview:-1"},"canonical":"https:\/\/www.accuratereviews.com\/it\/crm-software-migliori-lista\/nethunt-recensione\/","og_locale":"it_IT","og_type":"article","og_title":"NetHunt: recensione software CRM - Accurate Reviews","og_description":"NethHunt: recensione software CRM mirato agli utenti di Gmail e Google Apps che trasforma le email nei record CRM per gestire la tua attivit\u00e0.","og_url":"https:\/\/www.accuratereviews.com\/it\/crm-software-migliori-lista\/nethunt-recensione\/","og_site_name":"Accurate Reviews","article_modified_time":"2023-02-06T09:44:01+00:00","og_image":[{"width":600,"height":315,"url":"https:\/\/www.accuratereviews.com\/wp-content\/uploads\/2019\/04\/nethunt-crm.png","type":"image\/png"}],"twitter_card":"summary_large_image","twitter_misc":{"Tempo di lettura stimato":"2 minuti"},"schema":{"@context":"https:\/\/schema.org","@graph":[{"@type":"WebPage","@id":"https:\/\/www.accuratereviews.com\/it\/crm-software-migliori-lista\/nethunt-recensione\/","url":"https:\/\/www.accuratereviews.com\/it\/crm-software-migliori-lista\/nethunt-recensione\/","name":"NetHunt: recensione software CRM - Accurate Reviews","isPartOf":{"@id":"https:\/\/www.accuratereviews.com\/it\/#website"},"primaryImageOfPage":{"@id":"https:\/\/www.accuratereviews.com\/it\/crm-software-migliori-lista\/nethunt-recensione\/#primaryimage"},"image":{"@id":"https:\/\/www.accuratereviews.com\/it\/crm-software-migliori-lista\/nethunt-recensione\/#primaryimage"},"thumbnailUrl":"https:\/\/www.accuratereviews.com\/wp-content\/uploads\/2019\/04\/nethunt-crm.png","datePublished":"2019-04-02T12:40:08+00:00","dateModified":"2023-02-06T09:44:01+00:00","description":"NethHunt: recensione software CRM mirato agli utenti di Gmail e Google Apps che trasforma le email nei record CRM per gestire la tua attivit\u00e0.","breadcrumb":{"@id":"https:\/\/www.accuratereviews.com\/it\/crm-software-migliori-lista\/nethunt-recensione\/#breadcrumb"},"inLanguage":"it-IT","potentialAction":[{"@type":"ReadAction","target":["https:\/\/www.accuratereviews.com\/it\/crm-software-migliori-lista\/nethunt-recensione\/"]}]},{"@type":"ImageObject","inLanguage":"it-IT","@id":"https:\/\/www.accuratereviews.com\/it\/crm-software-migliori-lista\/nethunt-recensione\/#primaryimage","url":"https:\/\/www.accuratereviews.com\/wp-content\/uploads\/2019\/04\/nethunt-crm.png","contentUrl":"https:\/\/www.accuratereviews.com\/wp-content\/uploads\/2019\/04\/nethunt-crm.png","width":600,"height":315},{"@type":"BreadcrumbList","@id":"https:\/\/www.accuratereviews.com\/it\/crm-software-migliori-lista\/nethunt-recensione\/#breadcrumb","itemListElement":[{"@type":"ListItem","position":1,"name":"Home","item":"https:\/\/www.accuratereviews.com\/it\/"},{"@type":"ListItem","position":2,"name":"CRM: i software migliori","item":"https:\/\/www.accuratereviews.com\/it\/crm-software-migliori-lista\/"},{"@type":"ListItem","position":3,"name":"NetHunt"}]},{"@type":"WebSite","@id":"https:\/\/www.accuratereviews.com\/it\/#website","url":"https:\/\/www.accuratereviews.com\/it\/","name":"Accurate Reviews","description":"","potentialAction":[{"@type":"SearchAction","target":{"@type":"EntryPoint","urlTemplate":"https:\/\/www.accuratereviews.com\/it\/?s={search_term_string}"},"query-input":{"@type":"PropertyValueSpecification","valueRequired":true,"valueName":"search_term_string"}}],"inLanguage":"it-IT"}]}},"_links":{"self":[{"href":"https:\/\/www.accuratereviews.com\/it\/wp-json\/wp\/v2\/pages\/12839","targetHints":{"allow":["GET"]}}],"collection":[{"href":"https:\/\/www.accuratereviews.com\/it\/wp-json\/wp\/v2\/pages"}],"about":[{"href":"https:\/\/www.accuratereviews.com\/it\/wp-json\/wp\/v2\/types\/page"}],"author":[{"embeddable":true,"href":"https:\/\/www.accuratereviews.com\/it\/wp-json\/wp\/v2\/users\/16"}],"replies":[{"embeddable":true,"href":"https:\/\/www.accuratereviews.com\/it\/wp-json\/wp\/v2\/comments?post=12839"}],"version-history":[{"count":18,"href":"https:\/\/www.accuratereviews.com\/it\/wp-json\/wp\/v2\/pages\/12839\/revisions"}],"predecessor-version":[{"id":66989,"href":"https:\/\/www.accuratereviews.com\/it\/wp-json\/wp\/v2\/pages\/12839\/revisions\/66989"}],"up":[{"embeddable":true,"href":"https:\/\/www.accuratereviews.com\/it\/wp-json\/wp\/v2\/pages\/5966"}],"wp:featuredmedia":[{"embeddable":true,"href":"https:\/\/www.accuratereviews.com\/it\/wp-json\/wp\/v2\/media\/12883"}],"wp:attachment":[{"href":"https:\/\/www.accuratereviews.com\/it\/wp-json\/wp\/v2\/media?parent=12839"}],"wp:term":[{"taxonomy":"category","embeddable":true,"href":"https:\/\/www.accuratereviews.com\/it\/wp-json\/wp\/v2\/categories?post=12839"},{"taxonomy":"post_tag","embeddable":true,"href":"https:\/\/www.accuratereviews.com\/it\/wp-json\/wp\/v2\/tags?post=12839"},{"taxonomy":"features","embeddable":true,"href":"https:\/\/www.accuratereviews.com\/it\/wp-json\/wp\/v2\/features?post=12839"}],"curies":[{"name":"wp","href":"https:\/\/api.w.org\/{rel}","templated":true}]}}