{"id":12850,"date":"2019-04-02T10:13:06","date_gmt":"2019-04-02T10:13:06","guid":{"rendered":"https:\/\/www.accuratereviews.com\/?page_id=12850"},"modified":"2023-02-16T16:44:38","modified_gmt":"2023-02-16T16:44:38","slug":"free-agent-crm-recensione","status":"publish","type":"page","link":"https:\/\/www.accuratereviews.com\/it\/crm-software-migliori-lista\/free-agent-crm-recensione\/","title":{"rendered":"FreeAgent CRM"},"content":{"rendered":"<p><strong>FreeAgent CRM<\/strong> \u00e8 una piattaforma basata su<strong> cloud<\/strong> che si impegna nel supportare le piccole imprese nel miglioramento della <strong>gestione clienti<\/strong>. Grazie a questo <strong>software CRM<\/strong> potrai costruire relazioni di qualit\u00e0 con i tuoi clienti, ex clienti, fornitori, venditori, tenendo sotto controllo tutte le interazioni con essi e le attivit\u00e0 della tua azienda. \u00c8 pensato esclusivamente per le piccole aziende che vogliono dare maggiore <strong>attenzione al cliente<\/strong> e\u00a0alle relazioni che si vanno a instaurare con quest&#8217;ultimo, che diventano cos\u00ec pi\u00f9 profonde e fondate sulla fiducia. Tutto questo naturalmente aumenta le vendite e massimizza i profitti, facendoti risparmiare tempo e avendo una completa visione a 360 gradi della gestione della tua azienda. \u00c8 un <strong>CRM online<\/strong>, intuitivo e semplice da usare, attraverso il quale potrai gestire i tuoi contatti, le email, le chiamate, gli appuntamenti, le offerte, i report e molto altro!<\/p>\n<h2>GESTIONE CLIENTI CON FREE AGENT CRM &#8211; TUTORIAL<\/h2>\n<p>FreeAgent CRM ha pensato a tutto e ha messo a tua disposizione una serie di video tutorial che ti guidano nell&#8217;utilizzo di questo <strong>sistema CRM<\/strong>. Vediamo, ad esempio, come aggiungere i contatti sul database:<\/p>\n<div id=\"fluid-wrapper-counter-1\" class=\"g1-fluid-wrapper \" style=\"width:686px;\">\n<div style=\"padding-bottom:56.268221574344%;\"><iframe loading=\"lazy\" title=\"Application Creation\" width=\"686\" height=\"386\" src=\"https:\/\/www.youtube.com\/embed\/pUOLSULIKv8?feature=oembed&amp;wmode=transparent&amp;autohide=1&amp;autoplay=0&amp;disablekb=0&amp;fs=1&amp;loop=0&amp;enablejsapi=1&amp;rel=0&amp;controls=2&amp;showinfo=0&amp;wmode=transparent&amp;autohide=2&amp;autoplay=0&amp;disablekb=0&amp;fs=1&amp;loop=0&amp;enablejsapi=1&amp;rel=0&amp;controls=2&amp;showinfo=1\" frameborder=\"0\" allow=\"accelerometer; autoplay; clipboard-write; encrypted-media; gyroscope; picture-in-picture; web-share\" allowfullscreen><\/iframe><\/div>\n<\/div>\n<h3>FREEAGENT CRM &#8211; CARATTERISTICHE<\/h3>\n<p>Diamo uno sguardo invece alle sue principali caratteristiche:<\/p>\n<ul>\n<li><strong>Personalizzabile<\/strong>: personalizza le fasi di vendita, crea e rinomina le schede, i moduli, le categorie ecc.<\/li>\n<li><strong>Sistema di tracking<\/strong>: traccia tutto per avere accesso ai dati e alle timelines<\/li>\n<li><strong>Gestione calendario<\/strong>: prendi nota di tutti gli appuntamenti e le attivit\u00e0 della giornata<\/li>\n<li><strong>Modelli di email<\/strong>: hai la possibilit\u00e0 di usare modelli di email e personalizzarli a tuo piacimento<\/li>\n<li><strong>Repository centrale istantaneo<\/strong>: sistema che racchiude tutti i dati dei tuoi clienti<\/li>\n<li><strong>Interfaccia drag-and-drop<\/strong>: semplice e intuitiva<\/li>\n<li><strong>Supporto clienti<\/strong>: efficiente e sempre disponibile per ogni tua richiesta e necessit\u00e0<\/li>\n<li><strong>Formazione<\/strong>: disponibili alcuni video tutorial gratuiti sul canale YouTube<\/li>\n<\/ul>\n<h4>LE RECENSIONI DEGLI UTENTI<\/h4>\n<p><strong>Tom &#8220;Software CRM iniziale perfettamente adeguato e facile da usare, con un&#8217;eccellente formazione\/supporto per le piccole imprese.&#8221;<\/strong><br \/>\nPro: l&#8217;assistenza clienti e la formazione iniziale sono state ottime, personalizzate, pazienti e reattive, anche prima che mi impegnassi nell&#8217;acquisto. Pi\u00f9 funzioni di quelle che uso o di cui ho bisogno per la mia piccola impresa.<br \/>\nContro: la funzione di ricerca \u00e8 talvolta laboriosa; \u00e8 difficile affinare i parametri di ricerca. Impossibilit\u00e0 di eliminare i contatti non pi\u00f9 necessari.<\/p>\n<p><strong>David &#8220;Agente libero CRM&#8221;<\/strong><br \/>\nPro: Il prodotto \u00e8 molto facile da da usare. Ci piace la possibilit\u00e0 di aggiungere campi personalizzati che sono unici per la nostra organizzazione.<br \/>\nContro: Integrazione con il sito web e altri strumenti software<\/p>\n<p><strong>Lindsey &#8220;Configurazione di una nuova attivit\u00e0 e integrazione con Free Agent&#8221;<\/strong><br \/>\nCommenti: L&#8217;impostazione \u00e8 stata molto collaborativa e accomodante per il nostro programma come un business in crescita. Free Agent \u00e8 facile da usare e ci ha fatto risparmiare un sacco di tempo su base giornaliera.<br \/>\nPro: Utilizziamo tutte le funzioni di Free Agent, ma la parte migliore di questo CRM \u00e8 la possibilit\u00e0 di personalizzare completamente il nostro portale in base alle nostre esigenze specifiche senza dover mantenere molte funzioni inutilizzate. \u00c8 molto snello ed efficiente.<br \/>\nContro: Non c&#8217;\u00e8 nulla di negativo. Questo software ha superato tutte le aspettative.<\/p>\n","protected":false},"excerpt":{"rendered":"<p>FreeAgent CRM \u00e8 una piattaforma basata su cloud che si impegna nel supportare le piccole imprese nel miglioramento della gestione clienti. Grazie a questo software CRM potrai costruire relazioni di qualit\u00e0 con i tuoi clienti, ex clienti, fornitori, venditori, tenendo sotto controllo tutte le interazioni con essi e le attivit\u00e0 della tua azienda.<\/p>\n","protected":false},"author":17,"featured_media":12852,"parent":5966,"menu_order":0,"comment_status":"open","ping_status":"closed","template":"g1_template_page_review_new.php","meta":{"_acf_changed":false,"cwp_meta_box_check":"Yes","cwp_rev_product_name":"","cwp_rev_product_image":"","wppr_links":[],"cwp_rev_price":"","wppr_options":[{"name":"Usability","value":"0"},{"name":"Speed","value":"0"},{"name":"Features","value":"0"},{"name":"Support","value":"0"},{"name":"Pricing","value":"0"}],"wppr_pros":["","","","",""],"wppr_cons":["","","","",""],"_monsterinsights_skip_tracking":false,"_monsterinsights_sitenote_active":false,"_monsterinsights_sitenote_note":"","_monsterinsights_sitenote_category":0,"footnotes":""},"categories":[120],"tags":[10868,425,426,1837],"features":[],"class_list":{"0":"post-12850","1":"page","2":"type-page","3":"status-publish","4":"has-post-thumbnail","6":"category-crm-it","7":"tag-customer-relationship-management-2-it","8":"tag-gestione-clienti","9":"tag-sistema-crm","10":"tag-software-crm-2-it"},"wppr_data":{"cwp_meta_box_check":"Yes","cwp_rev_product_name":"","_wppr_review_template":"default","cwp_rev_product_image":"","cwp_image_link":"image","wppr_links":[],"cwp_rev_price":"","wppr_pros":["","","","",""],"wppr_cons":["","","","",""],"wppr_rating":"0.00","wppr_options":{"1":{"name":"Usability","value":"0"},"2":{"name":"Speed","value":"0"},"3":{"name":"Features","value":"0"},"4":{"name":"Support","value":"0"},"5":{"name":"Pricing","value":"0"}},"wppr_review_type":"Product","wppr_review_custom_fields":{"additionalProperty":"","additionalType":"","aggregateRating":"","alternateName":"","audience":"","award":"","awards":"","brand":"","color":"","depth":"","description":"","disambiguatingDescription":"","gtin12":"","gtin13":"","gtin14":"","gtin8":"","height":"","identifier":"","image":"","isAccessoryOrSparePartFor":"","isConsumableFor":"","isRelatedTo":"","isSimilarTo":"","itemCondition":"","logo":"","mainEntityOfPage":"","manufacturer":"","material":"","model":"","mpn":"","name":"","offers":"","potentialAction":"","productID":"","productionDate":"","purchaseDate":"","releaseDate":"","review":"","reviews":"","sameAs":"","sku":"","slogan":"","subjectOf":"","url":"","weight":"","width":""}},"acf":[],"yoast_head":"<!-- This site is optimized with the Yoast SEO plugin v27.4 - https:\/\/yoast.com\/product\/yoast-seo-wordpress\/ -->\n<title>FreeAgent CRM - software CRM: recensione - Accurate Reviews<\/title>\n<meta name=\"description\" content=\"FreeAgent CRM: recensione piattaforma CRM che si impegna nel supportare le piccole imprese nel miglioramento della gestione clienti.\u00a0\" \/>\n<meta name=\"robots\" content=\"index, follow, max-snippet:-1, max-image-preview:large, max-video-preview:-1\" \/>\n<link rel=\"canonical\" href=\"https:\/\/www.accuratereviews.com\/it\/crm-software-migliori-lista\/free-agent-crm-recensione\/\" \/>\n<meta property=\"og:locale\" content=\"it_IT\" \/>\n<meta property=\"og:type\" content=\"article\" \/>\n<meta property=\"og:title\" content=\"FreeAgent CRM - software CRM: recensione - Accurate Reviews\" \/>\n<meta property=\"og:description\" content=\"FreeAgent CRM: recensione piattaforma CRM che si impegna nel supportare le piccole imprese nel miglioramento della gestione clienti.\u00a0\" \/>\n<meta property=\"og:url\" content=\"https:\/\/www.accuratereviews.com\/it\/crm-software-migliori-lista\/free-agent-crm-recensione\/\" \/>\n<meta property=\"og:site_name\" content=\"Accurate Reviews\" \/>\n<meta property=\"article:modified_time\" content=\"2023-02-16T16:44:38+00:00\" \/>\n<meta property=\"og:image\" content=\"https:\/\/www.accuratereviews.com\/wp-content\/uploads\/2019\/04\/Unknown-e1554134925585.png\" \/>\n\t<meta property=\"og:image:width\" content=\"200\" \/>\n\t<meta property=\"og:image:height\" content=\"43\" \/>\n\t<meta property=\"og:image:type\" content=\"image\/png\" \/>\n<meta name=\"twitter:card\" content=\"summary_large_image\" \/>\n<meta name=\"twitter:label1\" content=\"Tempo di lettura stimato\" \/>\n\t<meta name=\"twitter:data1\" content=\"3 minuti\" \/>\n<script type=\"application\/ld+json\" class=\"yoast-schema-graph\">{\"@context\":\"https:\\\/\\\/schema.org\",\"@graph\":[{\"@type\":\"WebPage\",\"@id\":\"https:\\\/\\\/www.accuratereviews.com\\\/it\\\/crm-software-migliori-lista\\\/free-agent-crm-recensione\\\/\",\"url\":\"https:\\\/\\\/www.accuratereviews.com\\\/it\\\/crm-software-migliori-lista\\\/free-agent-crm-recensione\\\/\",\"name\":\"FreeAgent CRM - software CRM: recensione - Accurate Reviews\",\"isPartOf\":{\"@id\":\"https:\\\/\\\/www.accuratereviews.com\\\/it\\\/#website\"},\"primaryImageOfPage\":{\"@id\":\"https:\\\/\\\/www.accuratereviews.com\\\/it\\\/crm-software-migliori-lista\\\/free-agent-crm-recensione\\\/#primaryimage\"},\"image\":{\"@id\":\"https:\\\/\\\/www.accuratereviews.com\\\/it\\\/crm-software-migliori-lista\\\/free-agent-crm-recensione\\\/#primaryimage\"},\"thumbnailUrl\":\"https:\\\/\\\/www.accuratereviews.com\\\/wp-content\\\/uploads\\\/2019\\\/04\\\/Unknown-e1554134925585.png\",\"datePublished\":\"2019-04-02T10:13:06+00:00\",\"dateModified\":\"2023-02-16T16:44:38+00:00\",\"description\":\"FreeAgent CRM: recensione piattaforma CRM che si impegna nel supportare le piccole imprese nel miglioramento della gestione clienti.\u00a0\",\"breadcrumb\":{\"@id\":\"https:\\\/\\\/www.accuratereviews.com\\\/it\\\/crm-software-migliori-lista\\\/free-agent-crm-recensione\\\/#breadcrumb\"},\"inLanguage\":\"it-IT\",\"potentialAction\":[{\"@type\":\"ReadAction\",\"target\":[\"https:\\\/\\\/www.accuratereviews.com\\\/it\\\/crm-software-migliori-lista\\\/free-agent-crm-recensione\\\/\"]}]},{\"@type\":\"ImageObject\",\"inLanguage\":\"it-IT\",\"@id\":\"https:\\\/\\\/www.accuratereviews.com\\\/it\\\/crm-software-migliori-lista\\\/free-agent-crm-recensione\\\/#primaryimage\",\"url\":\"https:\\\/\\\/www.accuratereviews.com\\\/wp-content\\\/uploads\\\/2019\\\/04\\\/Unknown-e1554134925585.png\",\"contentUrl\":\"https:\\\/\\\/www.accuratereviews.com\\\/wp-content\\\/uploads\\\/2019\\\/04\\\/Unknown-e1554134925585.png\",\"width\":200,\"height\":43},{\"@type\":\"BreadcrumbList\",\"@id\":\"https:\\\/\\\/www.accuratereviews.com\\\/it\\\/crm-software-migliori-lista\\\/free-agent-crm-recensione\\\/#breadcrumb\",\"itemListElement\":[{\"@type\":\"ListItem\",\"position\":1,\"name\":\"Home\",\"item\":\"https:\\\/\\\/www.accuratereviews.com\\\/it\\\/\"},{\"@type\":\"ListItem\",\"position\":2,\"name\":\"CRM: i software migliori\",\"item\":\"https:\\\/\\\/www.accuratereviews.com\\\/it\\\/crm-software-migliori-lista\\\/\"},{\"@type\":\"ListItem\",\"position\":3,\"name\":\"FreeAgent CRM\"}]},{\"@type\":\"WebSite\",\"@id\":\"https:\\\/\\\/www.accuratereviews.com\\\/it\\\/#website\",\"url\":\"https:\\\/\\\/www.accuratereviews.com\\\/it\\\/\",\"name\":\"Accurate Reviews\",\"description\":\"\",\"potentialAction\":[{\"@type\":\"SearchAction\",\"target\":{\"@type\":\"EntryPoint\",\"urlTemplate\":\"https:\\\/\\\/www.accuratereviews.com\\\/it\\\/?s={search_term_string}\"},\"query-input\":{\"@type\":\"PropertyValueSpecification\",\"valueRequired\":true,\"valueName\":\"search_term_string\"}}],\"inLanguage\":\"it-IT\"}]}<\/script>\n<!-- \/ Yoast SEO plugin. -->","yoast_head_json":{"title":"FreeAgent CRM - software CRM: recensione - Accurate Reviews","description":"FreeAgent CRM: recensione piattaforma CRM che si impegna nel supportare le piccole imprese nel miglioramento della gestione clienti.\u00a0","robots":{"index":"index","follow":"follow","max-snippet":"max-snippet:-1","max-image-preview":"max-image-preview:large","max-video-preview":"max-video-preview:-1"},"canonical":"https:\/\/www.accuratereviews.com\/it\/crm-software-migliori-lista\/free-agent-crm-recensione\/","og_locale":"it_IT","og_type":"article","og_title":"FreeAgent CRM - software CRM: recensione - Accurate Reviews","og_description":"FreeAgent CRM: recensione piattaforma CRM che si impegna nel supportare le piccole imprese nel miglioramento della gestione clienti.\u00a0","og_url":"https:\/\/www.accuratereviews.com\/it\/crm-software-migliori-lista\/free-agent-crm-recensione\/","og_site_name":"Accurate Reviews","article_modified_time":"2023-02-16T16:44:38+00:00","og_image":[{"width":200,"height":43,"url":"https:\/\/www.accuratereviews.com\/wp-content\/uploads\/2019\/04\/Unknown-e1554134925585.png","type":"image\/png"}],"twitter_card":"summary_large_image","twitter_misc":{"Tempo di lettura stimato":"3 minuti"},"schema":{"@context":"https:\/\/schema.org","@graph":[{"@type":"WebPage","@id":"https:\/\/www.accuratereviews.com\/it\/crm-software-migliori-lista\/free-agent-crm-recensione\/","url":"https:\/\/www.accuratereviews.com\/it\/crm-software-migliori-lista\/free-agent-crm-recensione\/","name":"FreeAgent CRM - software CRM: recensione - Accurate Reviews","isPartOf":{"@id":"https:\/\/www.accuratereviews.com\/it\/#website"},"primaryImageOfPage":{"@id":"https:\/\/www.accuratereviews.com\/it\/crm-software-migliori-lista\/free-agent-crm-recensione\/#primaryimage"},"image":{"@id":"https:\/\/www.accuratereviews.com\/it\/crm-software-migliori-lista\/free-agent-crm-recensione\/#primaryimage"},"thumbnailUrl":"https:\/\/www.accuratereviews.com\/wp-content\/uploads\/2019\/04\/Unknown-e1554134925585.png","datePublished":"2019-04-02T10:13:06+00:00","dateModified":"2023-02-16T16:44:38+00:00","description":"FreeAgent CRM: recensione piattaforma CRM che si impegna nel supportare le piccole imprese nel miglioramento della gestione clienti.\u00a0","breadcrumb":{"@id":"https:\/\/www.accuratereviews.com\/it\/crm-software-migliori-lista\/free-agent-crm-recensione\/#breadcrumb"},"inLanguage":"it-IT","potentialAction":[{"@type":"ReadAction","target":["https:\/\/www.accuratereviews.com\/it\/crm-software-migliori-lista\/free-agent-crm-recensione\/"]}]},{"@type":"ImageObject","inLanguage":"it-IT","@id":"https:\/\/www.accuratereviews.com\/it\/crm-software-migliori-lista\/free-agent-crm-recensione\/#primaryimage","url":"https:\/\/www.accuratereviews.com\/wp-content\/uploads\/2019\/04\/Unknown-e1554134925585.png","contentUrl":"https:\/\/www.accuratereviews.com\/wp-content\/uploads\/2019\/04\/Unknown-e1554134925585.png","width":200,"height":43},{"@type":"BreadcrumbList","@id":"https:\/\/www.accuratereviews.com\/it\/crm-software-migliori-lista\/free-agent-crm-recensione\/#breadcrumb","itemListElement":[{"@type":"ListItem","position":1,"name":"Home","item":"https:\/\/www.accuratereviews.com\/it\/"},{"@type":"ListItem","position":2,"name":"CRM: i software migliori","item":"https:\/\/www.accuratereviews.com\/it\/crm-software-migliori-lista\/"},{"@type":"ListItem","position":3,"name":"FreeAgent CRM"}]},{"@type":"WebSite","@id":"https:\/\/www.accuratereviews.com\/it\/#website","url":"https:\/\/www.accuratereviews.com\/it\/","name":"Accurate Reviews","description":"","potentialAction":[{"@type":"SearchAction","target":{"@type":"EntryPoint","urlTemplate":"https:\/\/www.accuratereviews.com\/it\/?s={search_term_string}"},"query-input":{"@type":"PropertyValueSpecification","valueRequired":true,"valueName":"search_term_string"}}],"inLanguage":"it-IT"}]}},"_links":{"self":[{"href":"https:\/\/www.accuratereviews.com\/it\/wp-json\/wp\/v2\/pages\/12850","targetHints":{"allow":["GET"]}}],"collection":[{"href":"https:\/\/www.accuratereviews.com\/it\/wp-json\/wp\/v2\/pages"}],"about":[{"href":"https:\/\/www.accuratereviews.com\/it\/wp-json\/wp\/v2\/types\/page"}],"author":[{"embeddable":true,"href":"https:\/\/www.accuratereviews.com\/it\/wp-json\/wp\/v2\/users\/17"}],"replies":[{"embeddable":true,"href":"https:\/\/www.accuratereviews.com\/it\/wp-json\/wp\/v2\/comments?post=12850"}],"version-history":[{"count":12,"href":"https:\/\/www.accuratereviews.com\/it\/wp-json\/wp\/v2\/pages\/12850\/revisions"}],"predecessor-version":[{"id":67287,"href":"https:\/\/www.accuratereviews.com\/it\/wp-json\/wp\/v2\/pages\/12850\/revisions\/67287"}],"up":[{"embeddable":true,"href":"https:\/\/www.accuratereviews.com\/it\/wp-json\/wp\/v2\/pages\/5966"}],"wp:featuredmedia":[{"embeddable":true,"href":"https:\/\/www.accuratereviews.com\/it\/wp-json\/wp\/v2\/media\/12852"}],"wp:attachment":[{"href":"https:\/\/www.accuratereviews.com\/it\/wp-json\/wp\/v2\/media?parent=12850"}],"wp:term":[{"taxonomy":"category","embeddable":true,"href":"https:\/\/www.accuratereviews.com\/it\/wp-json\/wp\/v2\/categories?post=12850"},{"taxonomy":"post_tag","embeddable":true,"href":"https:\/\/www.accuratereviews.com\/it\/wp-json\/wp\/v2\/tags?post=12850"},{"taxonomy":"features","embeddable":true,"href":"https:\/\/www.accuratereviews.com\/it\/wp-json\/wp\/v2\/features?post=12850"}],"curies":[{"name":"wp","href":"https:\/\/api.w.org\/{rel}","templated":true}]}}