{"id":13072,"date":"2019-04-05T14:07:59","date_gmt":"2019-04-05T14:07:59","guid":{"rendered":"https:\/\/www.accuratereviews.com\/?page_id=13072"},"modified":"2023-02-23T08:31:46","modified_gmt":"2023-02-23T08:31:46","slug":"suite-crm-recensione","status":"publish","type":"page","link":"https:\/\/www.accuratereviews.com\/it\/crm-software-migliori-lista\/suite-crm-recensione\/","title":{"rendered":"Suite CRM"},"content":{"rendered":"<p><strong>SuiteCRM<\/strong> \u00e8 un programma nato per supportare le piccole, medie e grandi imprese nella <strong>gestione delle relazioni con i loro clienti<\/strong>. \u00c8 un <strong>software<\/strong> <strong>CRM<\/strong>, frutto di uno sviluppo autonomo basato su <a href=\"https:\/\/www.accuratereviews.com\/it\/crm-software-migliori-lista\/sugarcrm\/\" target=\"_blank\" rel=\"noopener noreferrer\">SugarCRM<\/a>,<strong> open source<\/strong>. Consente di modificare o aggiungere tutte la parti che riteniate necessarie per rendere ancora pi\u00f9 efficiente il programma. Oltre a dare libero accesso a tutti, \u00e8 anche gratuito e pu\u00f2 essere scaricato e installato localmente o sul tuo <strong>Cloud <\/strong>privato.\u00a0\u00c8 un <strong>sistema CRM<\/strong> che si pone come obiettivo quello di migliorare le relazioni con i clienti ottenendo, di conseguenza, un notevole incremento delle vendite aziendali. Questo avviene grazie a una maggiore attenzione che viene rivolta al cliente, che porta alla trasformazione dei cosiddetti &#8220;lead&#8221; in clienti. La <strong>gestione clienti<\/strong> migliora nel momento in cui viene data maggiore assistenza agli stessi, supportandoli dalla fase di richiesta iniziale fino all&#8217;acquisto e alla fase che segue dopo la vendita in modo tale da fidelizzarli il pi\u00f9 possibile.<\/p>\n<p>Per quanto riguarda l&#8217;assistenza, il cliente viene supportato nelle sue richieste gratuitamente grazie al forum della comunit\u00e0.<\/p>\n<h2>GESTIONE CLIENTI CON SUITE CRM &#8211; TUTORIAL<\/h2>\n<p>Ecco un video che vi dar\u00e0 un&#8217;idea pi\u00f9 completa di quello che offre questo <strong>programma CRM<\/strong>:<\/p>\n<div id=\"fluid-wrapper-counter-1\" class=\"g1-fluid-wrapper \" style=\"width:686px;\">\n<div style=\"padding-bottom:56.268221574344%;\"><iframe loading=\"lazy\" title=\"Suite CRM - contatti e aziende - cenni all&#039;utilizzo delle ricerche\" width=\"686\" height=\"386\" src=\"https:\/\/www.youtube.com\/embed\/CDQFPO8yPaQ?feature=oembed&amp;wmode=transparent&amp;autohide=1&amp;autoplay=0&amp;disablekb=0&amp;fs=1&amp;loop=0&amp;enablejsapi=1&amp;rel=0&amp;controls=2&amp;showinfo=0&amp;wmode=transparent&amp;autohide=2&amp;autoplay=0&amp;disablekb=0&amp;fs=1&amp;loop=0&amp;enablejsapi=1&amp;rel=0&amp;controls=2&amp;showinfo=1\" frameborder=\"0\" allow=\"accelerometer; autoplay; clipboard-write; encrypted-media; gyroscope; picture-in-picture; web-share\" allowfullscreen><\/iframe><\/div>\n<\/div>\n<h3>SUITE CRM &#8211; CARATTERISTICHE<\/h3>\n<p>Diamo uno sguardo anche alle sue principali caratteristiche:<\/p>\n<ul class=\"text-large icons\">\n<li><strong>Gestione dei clienti<\/strong>: fondamentale dare attenzione a tutte le fasi che vengono prima, durante e dopo l&#8217;acquisto. Questo \u00e8 possibile grazie ad un sistema che traccia tutto il percorso che fa il cliente<\/li>\n<li><b>Gestione degli utenti<\/b>: gestisci i profili degli utenti e dei gruppi<\/li>\n<li><i class=\"fa fa-check-square-o text-color-vyce-color\"><\/i><b>Gestione delle anagrafiche<\/b>: gestisci tutti i contatti dei tuoi clienti, dei leads e delle aziende<\/li>\n<li><i class=\"fa fa-check-square-o text-color-vyce-color\"><\/i><b>Gestione delle attivit\u00e0:<\/b>\u00a0organizza la tua giornata appuntandoti appuntamenti, riunioni, chiamate, compiti nel calendario<\/li>\n<li><i class=\"fa fa-check-square-o text-color-vyce-color\"><\/i><b>Gestione dell&#8217;area commerciale<\/b>: tieni sempre sotto controllo le opportunit\u00e0 di vendita, gli ordini, i preventivi, i prodotti e tutta la documentazione relativa alla parte commerciale<\/li>\n<li><b>Gestione reportistica<\/b><\/li>\n<li><i class=\"fa fa-check-square-o text-color-vyce-color\"><\/i><b>Gestione dell&#8217;area marketing<\/b>: gestione delle campagne, delle email delle target lists<\/li>\n<li><i class=\"fa fa-check-square-o text-color-vyce-color\"><\/i><b>Assistenza clienti<\/b>: gratuita grazie al forum della comunit\u00e0<\/li>\n<\/ul>\n<h4>LE RECENSIONI DEGLI UTENTI<\/h4>\n<p><strong>Alfredo &#8220;Una delle migliori alternative CRM open source&#8221;<\/strong><br \/>\nPro: Essendo open source non solo \u00e8 libero di essere installato sulla propria infrastruttura, ma offre anche molta libert\u00e0 di personalizzazione per qualsiasi azienda. Anche senza accesso al codice, \u00e8 possibile creare moduli dall&#8217;interfaccia utente e dispone di funzionalit\u00e0 complete per la reportistica, il marketing, l&#8217;assistenza e l&#8217;automazione dei flussi di lavoro, ancora difficili da trovare in molte alternative moderne.<br \/>\nContro: L&#8217;interfaccia \u00e8 in fase di aggiornamento, ma risulta ancora datata rispetto ad altri strumenti. Tuttavia, \u00e8 molto funzionale. Lo sviluppo di soluzioni personalizzate presenta le stesse difficolt\u00e0, poich\u00e9 il codice dipende da alcuni vecchi metodi di codifica, ma anche questo \u00e8 in costante miglioramento.<\/p>\n<p><strong>Nathan &#8220;Soluzione CRM meravigliosa ed espandibile&#8221;<\/strong><br \/>\nCommenti: Se vi sentite a vostro agio a lavorare con il vostro sito web, vi consiglio di provare Suite CRM. Pu\u00f2 finire per farvi risparmiare un sacco di soldi. Se siete stanchi di SalesForce e volete provare un&#8217;opzione diversa, non cercate oltre. Si tratta di un prodotto eccellente.<br \/>\nPro: mi piace molto il fatto che questo CRM sia completamente opensource e, se siete abbastanza sicuri, libero di essere utilizzato. \u00c8 possibile avere un CRM potente come SalesForce al costo di un&#8217;installazione autonoma. Detto questo, c&#8217;\u00e8 una rete di persone che possono aiutarvi a installarlo e gestirlo. Inoltre, esiste una versione a pagamento a prezzi accessibili che, a mio parere, supera quella di SalesForce o Infusionsoft!<br \/>\nContro: \u00c8 un po&#8217; difficile da far funzionare se si cerca di installarlo da soli. Inoltre, l&#8217;idea di un software opensource non piace a tutti e va presa con le molle, dato che si pu\u00f2 chiedere ad altri di installarlo per voi.<\/p>\n<p><strong>Simran &#8220;Il miglior software open source per la gestione delle relazioni con i clienti&#8221;.<\/strong><br \/>\nCommenti: Le funzionalit\u00e0 di integrazione di SuiteCRM sono la parte migliore.<br \/>\nPro: Voglio integrare Techesperto ufficiale SuiteCRM Twilio SMS Service plugin con il mio SuiteCRM Open Source, Come un esperto di CRM. \u00c8 molto facile integrare il plugin Twilio bulk sms alla mia piattaforma SuiteCRM. Durante l&#8217;utilizzo di Suite, ho notato alcuni importanti vantaggi. Self-service del cliente Portale di vendita Flusso di lavoro flessibile Facile da usare Facile da integrare Gestione finanziaria<br \/>\nContro: Lavoro con SuiteCRM da 3 mesi. Quindi, non ho riscontrato alcun tipo di svantaggio particolare nella personalizzazione, integrazione e migrazione di SuiteCRM. A volte si verificano errori nel codice di implementazione.<\/p>\n","protected":false},"excerpt":{"rendered":"<p>SuiteCRM \u00e8 un programma nato per supportare le piccole, medie e grandi imprese nella gestione delle relazioni con i loro clienti. \u00c8 un software CRM open source, pertanto vi consente di modificare o aggiungere tutte la parti che riteniate necessarie per rendere ancora pi\u00f9 efficiente il programma. Oltre a dare libero accesso a tutti, \u00e8 anche gratuito e pu\u00f2 essere scaricato e installato localmente o basato su Cloud. <\/p>\n","protected":false},"author":17,"featured_media":13074,"parent":5966,"menu_order":0,"comment_status":"open","ping_status":"closed","template":"g1_template_page_review_new.php","meta":{"_acf_changed":false,"cwp_meta_box_check":"Yes","cwp_rev_product_name":"","cwp_rev_product_image":"","wppr_links":[],"cwp_rev_price":"","wppr_options":[{"name":"Usability","value":"0"},{"name":"Speed","value":"0"},{"name":"Features","value":"0"},{"name":"Support","value":"0"},{"name":"Pricing","value":"0"}],"wppr_pros":["","","","",""],"wppr_cons":["","","","",""],"_monsterinsights_skip_tracking":false,"_monsterinsights_sitenote_active":false,"_monsterinsights_sitenote_note":"","_monsterinsights_sitenote_category":0,"footnotes":""},"categories":[120],"tags":[10761,424,6299,423,10868,425,10869,427,426],"features":[10870,10871,10872,10873],"class_list":{"0":"post-13072","1":"page","2":"type-page","3":"status-publish","4":"has-post-thumbnail","6":"category-crm-it","7":"tag-crm-software-2-it","8":"tag-crm-software","9":"tag-crm-system-it","10":"tag-customer-relationship-management","11":"tag-customer-relationship-management-2-it","12":"tag-gestione-clienti","13":"tag-planning-it","14":"tag-programma-crm","15":"tag-sistema-crm","16":"features-contact-management-it","17":"features-customer-support-it","18":"features-marketing-solutions-it","19":"features-project-management-it"},"wppr_data":{"cwp_meta_box_check":"Yes","cwp_rev_product_name":"","_wppr_review_template":"default","cwp_rev_product_image":"","cwp_image_link":"image","wppr_links":[],"cwp_rev_price":"","wppr_pros":["","","","",""],"wppr_cons":["","","","",""],"wppr_rating":"0.00","wppr_options":{"1":{"name":"Usability","value":"0"},"2":{"name":"Speed","value":"0"},"3":{"name":"Features","value":"0"},"4":{"name":"Support","value":"0"},"5":{"name":"Pricing","value":"0"}},"wppr_review_type":"Product","wppr_review_custom_fields":{"additionalProperty":"","additionalType":"","aggregateRating":"","alternateName":"","audience":"","award":"","awards":"","brand":"","color":"","depth":"","description":"","disambiguatingDescription":"","gtin12":"","gtin13":"","gtin14":"","gtin8":"","height":"","identifier":"","image":"","isAccessoryOrSparePartFor":"","isConsumableFor":"","isRelatedTo":"","isSimilarTo":"","itemCondition":"","logo":"","mainEntityOfPage":"","manufacturer":"","material":"","model":"","mpn":"","name":"","offers":"","potentialAction":"","productID":"","productionDate":"","purchaseDate":"","releaseDate":"","review":"","reviews":"","sameAs":"","sku":"","slogan":"","subjectOf":"","url":"","weight":"","width":""}},"acf":[],"yoast_head":"<!-- This site is optimized with the Yoast SEO plugin v27.4 - https:\/\/yoast.com\/product\/yoast-seo-wordpress\/ -->\n<title>Suite CRM: recensione software CRM - Accurate Reviews<\/title>\n<meta name=\"description\" content=\"SuiteCRM: recensione del programma nato per supportare le piccole medie e grandi imprese nella gestione delle relazioni con i loro clienti.\" \/>\n<meta name=\"robots\" content=\"index, follow, max-snippet:-1, max-image-preview:large, max-video-preview:-1\" \/>\n<link rel=\"canonical\" href=\"https:\/\/www.accuratereviews.com\/it\/crm-software-migliori-lista\/suite-crm-recensione\/\" \/>\n<meta property=\"og:locale\" content=\"it_IT\" \/>\n<meta property=\"og:type\" content=\"article\" \/>\n<meta property=\"og:title\" content=\"Suite CRM: recensione software CRM - Accurate Reviews\" \/>\n<meta property=\"og:description\" content=\"SuiteCRM: recensione del programma nato per supportare le piccole medie e grandi imprese nella gestione delle relazioni con i loro clienti.\" \/>\n<meta property=\"og:url\" content=\"https:\/\/www.accuratereviews.com\/it\/crm-software-migliori-lista\/suite-crm-recensione\/\" \/>\n<meta property=\"og:site_name\" content=\"Accurate Reviews\" \/>\n<meta property=\"article:modified_time\" content=\"2023-02-23T08:31:46+00:00\" \/>\n<meta property=\"og:image\" content=\"https:\/\/www.accuratereviews.com\/wp-content\/uploads\/2019\/04\/soluzioni_CRM_cloud_e_open_source-uai-258x161-e1554460126690.png\" \/>\n\t<meta property=\"og:image:width\" content=\"258\" \/>\n\t<meta property=\"og:image:height\" content=\"161\" \/>\n\t<meta property=\"og:image:type\" content=\"image\/png\" \/>\n<meta name=\"twitter:card\" content=\"summary_large_image\" \/>\n<meta name=\"twitter:label1\" content=\"Tempo di lettura stimato\" \/>\n\t<meta name=\"twitter:data1\" content=\"4 minuti\" \/>\n<script type=\"application\/ld+json\" class=\"yoast-schema-graph\">{\"@context\":\"https:\\\/\\\/schema.org\",\"@graph\":[{\"@type\":\"WebPage\",\"@id\":\"https:\\\/\\\/www.accuratereviews.com\\\/it\\\/crm-software-migliori-lista\\\/suite-crm-recensione\\\/\",\"url\":\"https:\\\/\\\/www.accuratereviews.com\\\/it\\\/crm-software-migliori-lista\\\/suite-crm-recensione\\\/\",\"name\":\"Suite CRM: recensione software CRM - Accurate Reviews\",\"isPartOf\":{\"@id\":\"https:\\\/\\\/www.accuratereviews.com\\\/it\\\/#website\"},\"primaryImageOfPage\":{\"@id\":\"https:\\\/\\\/www.accuratereviews.com\\\/it\\\/crm-software-migliori-lista\\\/suite-crm-recensione\\\/#primaryimage\"},\"image\":{\"@id\":\"https:\\\/\\\/www.accuratereviews.com\\\/it\\\/crm-software-migliori-lista\\\/suite-crm-recensione\\\/#primaryimage\"},\"thumbnailUrl\":\"https:\\\/\\\/www.accuratereviews.com\\\/wp-content\\\/uploads\\\/2019\\\/04\\\/soluzioni_CRM_cloud_e_open_source-uai-258x161-e1554460126690.png\",\"datePublished\":\"2019-04-05T14:07:59+00:00\",\"dateModified\":\"2023-02-23T08:31:46+00:00\",\"description\":\"SuiteCRM: recensione del programma nato per supportare le piccole medie e grandi imprese nella gestione delle relazioni con i loro clienti.\",\"breadcrumb\":{\"@id\":\"https:\\\/\\\/www.accuratereviews.com\\\/it\\\/crm-software-migliori-lista\\\/suite-crm-recensione\\\/#breadcrumb\"},\"inLanguage\":\"it-IT\",\"potentialAction\":[{\"@type\":\"ReadAction\",\"target\":[\"https:\\\/\\\/www.accuratereviews.com\\\/it\\\/crm-software-migliori-lista\\\/suite-crm-recensione\\\/\"]}]},{\"@type\":\"ImageObject\",\"inLanguage\":\"it-IT\",\"@id\":\"https:\\\/\\\/www.accuratereviews.com\\\/it\\\/crm-software-migliori-lista\\\/suite-crm-recensione\\\/#primaryimage\",\"url\":\"https:\\\/\\\/www.accuratereviews.com\\\/wp-content\\\/uploads\\\/2019\\\/04\\\/soluzioni_CRM_cloud_e_open_source-uai-258x161-e1554460126690.png\",\"contentUrl\":\"https:\\\/\\\/www.accuratereviews.com\\\/wp-content\\\/uploads\\\/2019\\\/04\\\/soluzioni_CRM_cloud_e_open_source-uai-258x161-e1554460126690.png\",\"width\":258,\"height\":161},{\"@type\":\"BreadcrumbList\",\"@id\":\"https:\\\/\\\/www.accuratereviews.com\\\/it\\\/crm-software-migliori-lista\\\/suite-crm-recensione\\\/#breadcrumb\",\"itemListElement\":[{\"@type\":\"ListItem\",\"position\":1,\"name\":\"Home\",\"item\":\"https:\\\/\\\/www.accuratereviews.com\\\/it\\\/\"},{\"@type\":\"ListItem\",\"position\":2,\"name\":\"CRM: i software migliori\",\"item\":\"https:\\\/\\\/www.accuratereviews.com\\\/it\\\/crm-software-migliori-lista\\\/\"},{\"@type\":\"ListItem\",\"position\":3,\"name\":\"Suite CRM\"}]},{\"@type\":\"WebSite\",\"@id\":\"https:\\\/\\\/www.accuratereviews.com\\\/it\\\/#website\",\"url\":\"https:\\\/\\\/www.accuratereviews.com\\\/it\\\/\",\"name\":\"Accurate Reviews\",\"description\":\"\",\"potentialAction\":[{\"@type\":\"SearchAction\",\"target\":{\"@type\":\"EntryPoint\",\"urlTemplate\":\"https:\\\/\\\/www.accuratereviews.com\\\/it\\\/?s={search_term_string}\"},\"query-input\":{\"@type\":\"PropertyValueSpecification\",\"valueRequired\":true,\"valueName\":\"search_term_string\"}}],\"inLanguage\":\"it-IT\"}]}<\/script>\n<!-- \/ Yoast SEO plugin. -->","yoast_head_json":{"title":"Suite CRM: recensione software CRM - Accurate Reviews","description":"SuiteCRM: recensione del programma nato per supportare le piccole medie e grandi imprese nella gestione delle relazioni con i loro clienti.","robots":{"index":"index","follow":"follow","max-snippet":"max-snippet:-1","max-image-preview":"max-image-preview:large","max-video-preview":"max-video-preview:-1"},"canonical":"https:\/\/www.accuratereviews.com\/it\/crm-software-migliori-lista\/suite-crm-recensione\/","og_locale":"it_IT","og_type":"article","og_title":"Suite CRM: recensione software CRM - Accurate Reviews","og_description":"SuiteCRM: recensione del programma nato per supportare le piccole medie e grandi imprese nella gestione delle relazioni con i loro clienti.","og_url":"https:\/\/www.accuratereviews.com\/it\/crm-software-migliori-lista\/suite-crm-recensione\/","og_site_name":"Accurate Reviews","article_modified_time":"2023-02-23T08:31:46+00:00","og_image":[{"width":258,"height":161,"url":"https:\/\/www.accuratereviews.com\/wp-content\/uploads\/2019\/04\/soluzioni_CRM_cloud_e_open_source-uai-258x161-e1554460126690.png","type":"image\/png"}],"twitter_card":"summary_large_image","twitter_misc":{"Tempo di lettura stimato":"4 minuti"},"schema":{"@context":"https:\/\/schema.org","@graph":[{"@type":"WebPage","@id":"https:\/\/www.accuratereviews.com\/it\/crm-software-migliori-lista\/suite-crm-recensione\/","url":"https:\/\/www.accuratereviews.com\/it\/crm-software-migliori-lista\/suite-crm-recensione\/","name":"Suite CRM: recensione software CRM - Accurate Reviews","isPartOf":{"@id":"https:\/\/www.accuratereviews.com\/it\/#website"},"primaryImageOfPage":{"@id":"https:\/\/www.accuratereviews.com\/it\/crm-software-migliori-lista\/suite-crm-recensione\/#primaryimage"},"image":{"@id":"https:\/\/www.accuratereviews.com\/it\/crm-software-migliori-lista\/suite-crm-recensione\/#primaryimage"},"thumbnailUrl":"https:\/\/www.accuratereviews.com\/wp-content\/uploads\/2019\/04\/soluzioni_CRM_cloud_e_open_source-uai-258x161-e1554460126690.png","datePublished":"2019-04-05T14:07:59+00:00","dateModified":"2023-02-23T08:31:46+00:00","description":"SuiteCRM: recensione del programma nato per supportare le piccole medie e grandi imprese nella gestione delle relazioni con i loro clienti.","breadcrumb":{"@id":"https:\/\/www.accuratereviews.com\/it\/crm-software-migliori-lista\/suite-crm-recensione\/#breadcrumb"},"inLanguage":"it-IT","potentialAction":[{"@type":"ReadAction","target":["https:\/\/www.accuratereviews.com\/it\/crm-software-migliori-lista\/suite-crm-recensione\/"]}]},{"@type":"ImageObject","inLanguage":"it-IT","@id":"https:\/\/www.accuratereviews.com\/it\/crm-software-migliori-lista\/suite-crm-recensione\/#primaryimage","url":"https:\/\/www.accuratereviews.com\/wp-content\/uploads\/2019\/04\/soluzioni_CRM_cloud_e_open_source-uai-258x161-e1554460126690.png","contentUrl":"https:\/\/www.accuratereviews.com\/wp-content\/uploads\/2019\/04\/soluzioni_CRM_cloud_e_open_source-uai-258x161-e1554460126690.png","width":258,"height":161},{"@type":"BreadcrumbList","@id":"https:\/\/www.accuratereviews.com\/it\/crm-software-migliori-lista\/suite-crm-recensione\/#breadcrumb","itemListElement":[{"@type":"ListItem","position":1,"name":"Home","item":"https:\/\/www.accuratereviews.com\/it\/"},{"@type":"ListItem","position":2,"name":"CRM: i software migliori","item":"https:\/\/www.accuratereviews.com\/it\/crm-software-migliori-lista\/"},{"@type":"ListItem","position":3,"name":"Suite CRM"}]},{"@type":"WebSite","@id":"https:\/\/www.accuratereviews.com\/it\/#website","url":"https:\/\/www.accuratereviews.com\/it\/","name":"Accurate Reviews","description":"","potentialAction":[{"@type":"SearchAction","target":{"@type":"EntryPoint","urlTemplate":"https:\/\/www.accuratereviews.com\/it\/?s={search_term_string}"},"query-input":{"@type":"PropertyValueSpecification","valueRequired":true,"valueName":"search_term_string"}}],"inLanguage":"it-IT"}]}},"_links":{"self":[{"href":"https:\/\/www.accuratereviews.com\/it\/wp-json\/wp\/v2\/pages\/13072","targetHints":{"allow":["GET"]}}],"collection":[{"href":"https:\/\/www.accuratereviews.com\/it\/wp-json\/wp\/v2\/pages"}],"about":[{"href":"https:\/\/www.accuratereviews.com\/it\/wp-json\/wp\/v2\/types\/page"}],"author":[{"embeddable":true,"href":"https:\/\/www.accuratereviews.com\/it\/wp-json\/wp\/v2\/users\/17"}],"replies":[{"embeddable":true,"href":"https:\/\/www.accuratereviews.com\/it\/wp-json\/wp\/v2\/comments?post=13072"}],"version-history":[{"count":9,"href":"https:\/\/www.accuratereviews.com\/it\/wp-json\/wp\/v2\/pages\/13072\/revisions"}],"predecessor-version":[{"id":67389,"href":"https:\/\/www.accuratereviews.com\/it\/wp-json\/wp\/v2\/pages\/13072\/revisions\/67389"}],"up":[{"embeddable":true,"href":"https:\/\/www.accuratereviews.com\/it\/wp-json\/wp\/v2\/pages\/5966"}],"wp:featuredmedia":[{"embeddable":true,"href":"https:\/\/www.accuratereviews.com\/it\/wp-json\/wp\/v2\/media\/13074"}],"wp:attachment":[{"href":"https:\/\/www.accuratereviews.com\/it\/wp-json\/wp\/v2\/media?parent=13072"}],"wp:term":[{"taxonomy":"category","embeddable":true,"href":"https:\/\/www.accuratereviews.com\/it\/wp-json\/wp\/v2\/categories?post=13072"},{"taxonomy":"post_tag","embeddable":true,"href":"https:\/\/www.accuratereviews.com\/it\/wp-json\/wp\/v2\/tags?post=13072"},{"taxonomy":"features","embeddable":true,"href":"https:\/\/www.accuratereviews.com\/it\/wp-json\/wp\/v2\/features?post=13072"}],"curies":[{"name":"wp","href":"https:\/\/api.w.org\/{rel}","templated":true}]}}