{"id":13111,"date":"2019-04-08T07:09:34","date_gmt":"2019-04-08T07:09:34","guid":{"rendered":"https:\/\/www.accuratereviews.com\/?page_id=13111"},"modified":"2023-02-10T13:37:01","modified_gmt":"2023-02-10T13:37:01","slug":"pipedrive-recensione","status":"publish","type":"page","link":"https:\/\/www.accuratereviews.com\/it\/crm-software-migliori-lista\/pipedrive-recensione\/","title":{"rendered":"Pipedrive"},"content":{"rendered":"<p><span class=\"notranslate\"><strong>Pipedrive<\/strong> \u00e8 un ottimo\u00a0<strong>software CRM modulare.<\/strong>\u00a0Organizza i lead aziendali in un modo da offrire un&#8217;eccellente panoramica delle vendite e ti consente di concentrarti sulle proposte in cui desideri assegnare la priorit\u00e0. L&#8217;assoluta intuitivit\u00e0 del sistema ti aiuta a distinguere i lead emergenti, gli accordi prioritari e sviluppare un approccio individuale per ciascuno di essi senza perdere tempo.\u00a0Negoziare un accordo o mantenere le relazioni con i propri clienti \u00e8 un processo completamente flessibile e puoi personalizzarlo rapidamente per promuovere il tuo marchio o modificare le condizioni stabilite in precedenza. <strong>Pipedrive<\/strong> ti consente di attivare \/ disattivare interi moduli senza perdere la sua qualit\u00e0 nel servizio, tutti i dati vengono inoltre sottoposti a backup in tempo reale su un server separato.<\/span><\/p>\n<h2>PIPEDRIVE &#8211; TUTORIAL<\/h2>\n<p>Con questo tutorial impariamo a utilizzare questo <strong>software CRM<\/strong>:<\/p>\n<div id=\"fluid-wrapper-counter-1\" class=\"g1-fluid-wrapper \" style=\"width:686px;\">\n<div style=\"padding-bottom:56.268221574344%;\"><iframe loading=\"lazy\" title=\"Ultimate Guide: Getting started with Pipedrive CRM (Video #1) UPDATED VERSION AVAILABLE\" width=\"686\" height=\"386\" src=\"https:\/\/www.youtube.com\/embed\/pzs5hTa3Uxs?feature=oembed&amp;wmode=transparent&amp;autohide=1&amp;autoplay=0&amp;disablekb=0&amp;fs=1&amp;loop=0&amp;enablejsapi=1&amp;rel=0&amp;controls=2&amp;showinfo=0&amp;wmode=transparent&amp;autohide=2&amp;autoplay=0&amp;disablekb=0&amp;fs=1&amp;loop=0&amp;enablejsapi=1&amp;rel=0&amp;controls=2&amp;showinfo=1\" frameborder=\"0\" allow=\"accelerometer; autoplay; clipboard-write; encrypted-media; gyroscope; picture-in-picture; web-share\" allowfullscreen><\/iframe><\/div>\n<\/div>\n<h3>PIPEDRIVE &#8211; CARATTERISTICHE<\/h3>\n<ul>\n<li><strong>Gestione Pipeline<\/strong>: ti avverte delle azioni da intraprendere e di organizzare sempre al meglio i complessi processi di vendita<\/li>\n<li><strong>Integrazione email<\/strong>: invia e ricevi le email su questo programma per avere tutte le comunicazioni commerciali in un unico luogo<\/li>\n<li><strong>Generazione di rapporti sulle vendite<\/strong>: visualizza il numero di nuove offerte aggiunte, la durata media delle offerte, la quantit\u00e0 di offerte in corso e la conversione da fase a fase di tutte le offerte in qualsiasi periodo di tempo<\/li>\n<li><strong>Previsioni di vendita<\/strong>: visualizza le offerte in corso ordinate in base alla data di conclusione prevista accanto alle offerte che hai gi\u00e0 concluso per un confronto pi\u00f9 semplice. In questo modo, puoi cambiare strategia prima che sia troppo tardi, concentrati sulle offerte che hanno una maggiore probabilit\u00e0 di essere concluse oppure trovare nuove offerte su cui concentrarti<\/li>\n<li><strong>App mobile<\/strong>: ottimizza la tua attivit\u00e0 di vendita e concentrati sulle attivit\u00e0 che faranno andare i tuoi affari a gonfie vele. Gestisci i tuoi contatti con un clic e prendi appunti in tempo reale per un follow-up comodissimo<\/li>\n<li><strong>Prodotti<\/strong>: crea un catalogo di prodotti e collegali a offerti, clienti o specifici contatti.<\/li>\n<\/ul>\n<h4>LE RECENSIONI DEGLI UTENTI<\/h4>\n<p><strong>Francesca &#8220;Ottimo software per la gestione dei clienti&#8221;<\/strong><br \/>\nCommenti: Pipedrive \u00e8 un software fondamentale per chi, nel proprio lavoro, deve gestire una mole importante di clienti. Adatto ad attivit\u00e0 di cross selling e up selling.<br \/>\nPro: Le funzioni pi\u00f9 importanti del software sono la possibilit\u00e0 di monitorare lo stato di avanzamento delle proprie trattative commerciali e la possibilit\u00e0 di ricevere remind per svolgere puntualmente le proprie attivit\u00e0.<br \/>\nContro: Non ho riscontrato aspetti critici nell\u2019utilizzo di Pipedrive.<\/p>\n<p><strong>Elisa &#8220;Simply Crm&#8221;<\/strong><br \/>\nCommenti: Utilizzo per lavoro il Software, mi trovo bene \u00e8 facile e intuitivo per tutte le piccole e medie imprese<br \/>\nPro: Apprezzo la facilit\u00e0 d\u2019 uso, l\u2019 interfaccia semplice e intuitiva. I lead sono visibili in maniera intuitiva, si ha una bella panoramica del processo di vendite<br \/>\nContro: Si pu\u00f2 sincronizzare un solo calendario, un po\u2019 limitante per chi ha necessit\u00e0 di avere i task sotto controllo.<\/p>\n<p><strong>Lucia &#8220;Comodo&#8221;<\/strong><br \/>\nPro: Facilit\u00e0 di utilizzo e integrazione del software all&#8217;interno del team<br \/>\nContro: un p\u00f2 complesso all&#8217;inizio intendere come gestire deal.<\/p>\n","protected":false},"excerpt":{"rendered":"<p>Pipedrive \u00e8 un ottimo\u00a0software CRM modulare.\u00a0Organizza i lead aziendali in un modo da offrire un&#8217;eccellente panoramica delle vendite e ti consente di concentrarti sulle proposte in cui desideri assegnare la priorit\u00e0. L&#8217;assoluta intuitivit\u00e0 del sistema ti aiuta a distinguere i lead emergenti, gli accordi prioritari e sviluppare un approccio individuale per ciascuno di essi senza perdere tempo.<\/p>\n","protected":false},"author":19,"featured_media":13116,"parent":5966,"menu_order":0,"comment_status":"open","ping_status":"closed","template":"g1_template_page_review_new.php","meta":{"_acf_changed":false,"cwp_meta_box_check":"Yes","cwp_rev_product_name":"","cwp_rev_product_image":"","wppr_links":[],"cwp_rev_price":"","wppr_options":[{"name":"Usability","value":"0"},{"name":"Speed","value":"0"},{"name":"Features","value":"0"},{"name":"Support","value":"0"},{"name":"Pricing","value":"0"}],"wppr_pros":["","","","",""],"wppr_cons":["","","","",""],"_monsterinsights_skip_tracking":false,"_monsterinsights_sitenote_active":false,"_monsterinsights_sitenote_note":"","_monsterinsights_sitenote_category":0,"footnotes":""},"categories":[120],"tags":[439,10761,6299,360,427,1837],"features":[10870,10871,10873],"class_list":{"0":"post-13111","1":"page","2":"type-page","3":"status-publish","4":"has-post-thumbnail","6":"category-crm-it","7":"tag-app-mobile","8":"tag-crm-software-2-it","9":"tag-crm-system-it","10":"tag-modulare","11":"tag-programma-crm","12":"tag-software-crm-2-it","13":"features-contact-management-it","14":"features-customer-support-it","15":"features-project-management-it"},"wppr_data":{"cwp_meta_box_check":"Yes","cwp_rev_product_name":"","_wppr_review_template":"default","cwp_rev_product_image":"","cwp_image_link":"image","wppr_links":[],"cwp_rev_price":"","wppr_pros":["","","","",""],"wppr_cons":["","","","",""],"wppr_rating":"0.00","wppr_options":{"1":{"name":"Usability","value":"0"},"2":{"name":"Speed","value":"0"},"3":{"name":"Features","value":"0"},"4":{"name":"Support","value":"0"},"5":{"name":"Pricing","value":"0"}},"wppr_review_type":"Product","wppr_review_custom_fields":{"additionalProperty":"","additionalType":"","aggregateRating":"","alternateName":"","audience":"","award":"","awards":"","brand":"","color":"","depth":"","description":"","disambiguatingDescription":"","gtin12":"","gtin13":"","gtin14":"","gtin8":"","height":"","identifier":"","image":"","isAccessoryOrSparePartFor":"","isConsumableFor":"","isRelatedTo":"","isSimilarTo":"","itemCondition":"","logo":"","mainEntityOfPage":"","manufacturer":"","material":"","model":"","mpn":"","name":"","offers":"","potentialAction":"","productID":"","productionDate":"","purchaseDate":"","releaseDate":"","review":"","reviews":"","sameAs":"","sku":"","slogan":"","subjectOf":"","url":"","weight":"","width":""}},"acf":[],"yoast_head":"<!-- This site is optimized with the Yoast SEO plugin v27.4 - https:\/\/yoast.com\/product\/yoast-seo-wordpress\/ -->\n<title>Piperdrive: recensione software CRM - Accurate Reviews<\/title>\n<meta name=\"description\" content=\"Pipedrive: recensione software CRM progettato per aiutare i piccoli team di vendita a gestire processi di vendita complessi.\" \/>\n<meta name=\"robots\" content=\"index, follow, max-snippet:-1, max-image-preview:large, max-video-preview:-1\" \/>\n<link rel=\"canonical\" href=\"https:\/\/www.accuratereviews.com\/it\/crm-software-migliori-lista\/pipedrive-recensione\/\" \/>\n<meta property=\"og:locale\" content=\"it_IT\" \/>\n<meta property=\"og:type\" content=\"article\" \/>\n<meta property=\"og:title\" content=\"Piperdrive: recensione software CRM - Accurate Reviews\" \/>\n<meta property=\"og:description\" content=\"Pipedrive: recensione software CRM progettato per aiutare i piccoli team di vendita a gestire processi di vendita complessi.\" \/>\n<meta property=\"og:url\" content=\"https:\/\/www.accuratereviews.com\/it\/crm-software-migliori-lista\/pipedrive-recensione\/\" \/>\n<meta property=\"og:site_name\" content=\"Accurate Reviews\" \/>\n<meta property=\"article:modified_time\" content=\"2023-02-10T13:37:01+00:00\" \/>\n<meta property=\"og:image\" content=\"https:\/\/www.accuratereviews.com\/wp-content\/uploads\/2019\/04\/Pipedrive_Logo..png\" \/>\n\t<meta property=\"og:image:width\" content=\"1280\" \/>\n\t<meta property=\"og:image:height\" content=\"340\" \/>\n\t<meta property=\"og:image:type\" content=\"image\/png\" \/>\n<meta name=\"twitter:card\" content=\"summary_large_image\" \/>\n<meta name=\"twitter:label1\" content=\"Tempo di lettura stimato\" \/>\n\t<meta name=\"twitter:data1\" content=\"3 minuti\" \/>\n<script type=\"application\/ld+json\" class=\"yoast-schema-graph\">{\"@context\":\"https:\\\/\\\/schema.org\",\"@graph\":[{\"@type\":\"WebPage\",\"@id\":\"https:\\\/\\\/www.accuratereviews.com\\\/it\\\/crm-software-migliori-lista\\\/pipedrive-recensione\\\/\",\"url\":\"https:\\\/\\\/www.accuratereviews.com\\\/it\\\/crm-software-migliori-lista\\\/pipedrive-recensione\\\/\",\"name\":\"Piperdrive: recensione software CRM - Accurate Reviews\",\"isPartOf\":{\"@id\":\"https:\\\/\\\/www.accuratereviews.com\\\/it\\\/#website\"},\"primaryImageOfPage\":{\"@id\":\"https:\\\/\\\/www.accuratereviews.com\\\/it\\\/crm-software-migliori-lista\\\/pipedrive-recensione\\\/#primaryimage\"},\"image\":{\"@id\":\"https:\\\/\\\/www.accuratereviews.com\\\/it\\\/crm-software-migliori-lista\\\/pipedrive-recensione\\\/#primaryimage\"},\"thumbnailUrl\":\"https:\\\/\\\/www.accuratereviews.com\\\/wp-content\\\/uploads\\\/2019\\\/04\\\/Pipedrive_Logo..png\",\"datePublished\":\"2019-04-08T07:09:34+00:00\",\"dateModified\":\"2023-02-10T13:37:01+00:00\",\"description\":\"Pipedrive: recensione software CRM progettato per aiutare i piccoli team di vendita a gestire processi di vendita complessi.\",\"breadcrumb\":{\"@id\":\"https:\\\/\\\/www.accuratereviews.com\\\/it\\\/crm-software-migliori-lista\\\/pipedrive-recensione\\\/#breadcrumb\"},\"inLanguage\":\"it-IT\",\"potentialAction\":[{\"@type\":\"ReadAction\",\"target\":[\"https:\\\/\\\/www.accuratereviews.com\\\/it\\\/crm-software-migliori-lista\\\/pipedrive-recensione\\\/\"]}]},{\"@type\":\"ImageObject\",\"inLanguage\":\"it-IT\",\"@id\":\"https:\\\/\\\/www.accuratereviews.com\\\/it\\\/crm-software-migliori-lista\\\/pipedrive-recensione\\\/#primaryimage\",\"url\":\"https:\\\/\\\/www.accuratereviews.com\\\/wp-content\\\/uploads\\\/2019\\\/04\\\/Pipedrive_Logo..png\",\"contentUrl\":\"https:\\\/\\\/www.accuratereviews.com\\\/wp-content\\\/uploads\\\/2019\\\/04\\\/Pipedrive_Logo..png\",\"width\":1280,\"height\":340},{\"@type\":\"BreadcrumbList\",\"@id\":\"https:\\\/\\\/www.accuratereviews.com\\\/it\\\/crm-software-migliori-lista\\\/pipedrive-recensione\\\/#breadcrumb\",\"itemListElement\":[{\"@type\":\"ListItem\",\"position\":1,\"name\":\"Home\",\"item\":\"https:\\\/\\\/www.accuratereviews.com\\\/it\\\/\"},{\"@type\":\"ListItem\",\"position\":2,\"name\":\"CRM: i software migliori\",\"item\":\"https:\\\/\\\/www.accuratereviews.com\\\/it\\\/crm-software-migliori-lista\\\/\"},{\"@type\":\"ListItem\",\"position\":3,\"name\":\"Pipedrive\"}]},{\"@type\":\"WebSite\",\"@id\":\"https:\\\/\\\/www.accuratereviews.com\\\/it\\\/#website\",\"url\":\"https:\\\/\\\/www.accuratereviews.com\\\/it\\\/\",\"name\":\"Accurate Reviews\",\"description\":\"\",\"potentialAction\":[{\"@type\":\"SearchAction\",\"target\":{\"@type\":\"EntryPoint\",\"urlTemplate\":\"https:\\\/\\\/www.accuratereviews.com\\\/it\\\/?s={search_term_string}\"},\"query-input\":{\"@type\":\"PropertyValueSpecification\",\"valueRequired\":true,\"valueName\":\"search_term_string\"}}],\"inLanguage\":\"it-IT\"}]}<\/script>\n<!-- \/ Yoast SEO plugin. -->","yoast_head_json":{"title":"Piperdrive: recensione software CRM - Accurate Reviews","description":"Pipedrive: recensione software CRM progettato per aiutare i piccoli team di vendita a gestire processi di vendita complessi.","robots":{"index":"index","follow":"follow","max-snippet":"max-snippet:-1","max-image-preview":"max-image-preview:large","max-video-preview":"max-video-preview:-1"},"canonical":"https:\/\/www.accuratereviews.com\/it\/crm-software-migliori-lista\/pipedrive-recensione\/","og_locale":"it_IT","og_type":"article","og_title":"Piperdrive: recensione software CRM - Accurate Reviews","og_description":"Pipedrive: recensione software CRM progettato per aiutare i piccoli team di vendita a gestire processi di vendita complessi.","og_url":"https:\/\/www.accuratereviews.com\/it\/crm-software-migliori-lista\/pipedrive-recensione\/","og_site_name":"Accurate Reviews","article_modified_time":"2023-02-10T13:37:01+00:00","og_image":[{"width":1280,"height":340,"url":"https:\/\/www.accuratereviews.com\/wp-content\/uploads\/2019\/04\/Pipedrive_Logo..png","type":"image\/png"}],"twitter_card":"summary_large_image","twitter_misc":{"Tempo di lettura stimato":"3 minuti"},"schema":{"@context":"https:\/\/schema.org","@graph":[{"@type":"WebPage","@id":"https:\/\/www.accuratereviews.com\/it\/crm-software-migliori-lista\/pipedrive-recensione\/","url":"https:\/\/www.accuratereviews.com\/it\/crm-software-migliori-lista\/pipedrive-recensione\/","name":"Piperdrive: recensione software CRM - Accurate Reviews","isPartOf":{"@id":"https:\/\/www.accuratereviews.com\/it\/#website"},"primaryImageOfPage":{"@id":"https:\/\/www.accuratereviews.com\/it\/crm-software-migliori-lista\/pipedrive-recensione\/#primaryimage"},"image":{"@id":"https:\/\/www.accuratereviews.com\/it\/crm-software-migliori-lista\/pipedrive-recensione\/#primaryimage"},"thumbnailUrl":"https:\/\/www.accuratereviews.com\/wp-content\/uploads\/2019\/04\/Pipedrive_Logo..png","datePublished":"2019-04-08T07:09:34+00:00","dateModified":"2023-02-10T13:37:01+00:00","description":"Pipedrive: recensione software CRM progettato per aiutare i piccoli team di vendita a gestire processi di vendita complessi.","breadcrumb":{"@id":"https:\/\/www.accuratereviews.com\/it\/crm-software-migliori-lista\/pipedrive-recensione\/#breadcrumb"},"inLanguage":"it-IT","potentialAction":[{"@type":"ReadAction","target":["https:\/\/www.accuratereviews.com\/it\/crm-software-migliori-lista\/pipedrive-recensione\/"]}]},{"@type":"ImageObject","inLanguage":"it-IT","@id":"https:\/\/www.accuratereviews.com\/it\/crm-software-migliori-lista\/pipedrive-recensione\/#primaryimage","url":"https:\/\/www.accuratereviews.com\/wp-content\/uploads\/2019\/04\/Pipedrive_Logo..png","contentUrl":"https:\/\/www.accuratereviews.com\/wp-content\/uploads\/2019\/04\/Pipedrive_Logo..png","width":1280,"height":340},{"@type":"BreadcrumbList","@id":"https:\/\/www.accuratereviews.com\/it\/crm-software-migliori-lista\/pipedrive-recensione\/#breadcrumb","itemListElement":[{"@type":"ListItem","position":1,"name":"Home","item":"https:\/\/www.accuratereviews.com\/it\/"},{"@type":"ListItem","position":2,"name":"CRM: i software migliori","item":"https:\/\/www.accuratereviews.com\/it\/crm-software-migliori-lista\/"},{"@type":"ListItem","position":3,"name":"Pipedrive"}]},{"@type":"WebSite","@id":"https:\/\/www.accuratereviews.com\/it\/#website","url":"https:\/\/www.accuratereviews.com\/it\/","name":"Accurate Reviews","description":"","potentialAction":[{"@type":"SearchAction","target":{"@type":"EntryPoint","urlTemplate":"https:\/\/www.accuratereviews.com\/it\/?s={search_term_string}"},"query-input":{"@type":"PropertyValueSpecification","valueRequired":true,"valueName":"search_term_string"}}],"inLanguage":"it-IT"}]}},"_links":{"self":[{"href":"https:\/\/www.accuratereviews.com\/it\/wp-json\/wp\/v2\/pages\/13111","targetHints":{"allow":["GET"]}}],"collection":[{"href":"https:\/\/www.accuratereviews.com\/it\/wp-json\/wp\/v2\/pages"}],"about":[{"href":"https:\/\/www.accuratereviews.com\/it\/wp-json\/wp\/v2\/types\/page"}],"author":[{"embeddable":true,"href":"https:\/\/www.accuratereviews.com\/it\/wp-json\/wp\/v2\/users\/19"}],"replies":[{"embeddable":true,"href":"https:\/\/www.accuratereviews.com\/it\/wp-json\/wp\/v2\/comments?post=13111"}],"version-history":[{"count":16,"href":"https:\/\/www.accuratereviews.com\/it\/wp-json\/wp\/v2\/pages\/13111\/revisions"}],"predecessor-version":[{"id":67137,"href":"https:\/\/www.accuratereviews.com\/it\/wp-json\/wp\/v2\/pages\/13111\/revisions\/67137"}],"up":[{"embeddable":true,"href":"https:\/\/www.accuratereviews.com\/it\/wp-json\/wp\/v2\/pages\/5966"}],"wp:featuredmedia":[{"embeddable":true,"href":"https:\/\/www.accuratereviews.com\/it\/wp-json\/wp\/v2\/media\/13116"}],"wp:attachment":[{"href":"https:\/\/www.accuratereviews.com\/it\/wp-json\/wp\/v2\/media?parent=13111"}],"wp:term":[{"taxonomy":"category","embeddable":true,"href":"https:\/\/www.accuratereviews.com\/it\/wp-json\/wp\/v2\/categories?post=13111"},{"taxonomy":"post_tag","embeddable":true,"href":"https:\/\/www.accuratereviews.com\/it\/wp-json\/wp\/v2\/tags?post=13111"},{"taxonomy":"features","embeddable":true,"href":"https:\/\/www.accuratereviews.com\/it\/wp-json\/wp\/v2\/features?post=13111"}],"curies":[{"name":"wp","href":"https:\/\/api.w.org\/{rel}","templated":true}]}}