{"id":13148,"date":"2019-04-09T10:49:39","date_gmt":"2019-04-09T10:49:39","guid":{"rendered":"https:\/\/www.accuratereviews.com\/?page_id=13148"},"modified":"2023-02-23T09:16:54","modified_gmt":"2023-02-23T09:16:54","slug":"tubular-recensione","status":"publish","type":"page","link":"https:\/\/www.accuratereviews.com\/it\/crm-software-migliori-lista\/tubular-recensione\/","title":{"rendered":"Tubular"},"content":{"rendered":"<div><strong>Tubular<\/strong> \u00e8 un <strong>software CRM<\/strong> che ti permette di gestire al meglio la tua pipeline di vendita, organizzando i tuoi contatti e ottimizzando le vendite. \u00c8 un programma che sfrutta la funzionalit\u00e0<strong> Cloud<\/strong> e ti supporta nella <strong>gestione delle relazioni con i tuoi clienti<\/strong>, permettendoti cos\u00ec di risparmiare tempo ed energie pur avendo il pieno controllo di tutta la situazione aziendale.<\/div>\n<div>Semplificando ogni operazione gestionale, riuscirai ad automatizzare l&#8217;acquisizione di lead migliori, a concludere pi\u00f9 velocemente gli affari, a migliorare la <strong>gestione clienti<\/strong> e soprattutto a far crescere il tuo business. Tutto questo potrai farlo dal tuo sito web o direttamente dal tuo smartphone, che sia Android o iOS, tenendo sempre sotto controllo ogni attivit\u00e0 che interessi la tua azienda. Inoltre questo <strong>sistema CRM<\/strong> offre un ottimo servizio di assistenza clienti, attivo tutti i giorni della settimana, 24 ore su 24 e comprendente anche di una live chat utilizzabile per le domande pi\u00f9 rapide.<\/div>\n<h2>GESTIONE VENDITE CON TUBULAR &#8211; TUTORIAL<\/h2>\n<p>Questo \u00e8 un breve tutorial che vi mostrer\u00e0 come aggiungere un nuovo modello di prodotto con Tubular:<\/p>\n<div id=\"fluid-wrapper-counter-1\" class=\"g1-fluid-wrapper \" style=\"width:686px;\">\n<div style=\"padding-bottom:56.268221574344%;\"><iframe loading=\"lazy\" title=\"Adding Product Templates in Tubular\" width=\"686\" height=\"386\" src=\"https:\/\/www.youtube.com\/embed\/PdO62VwqrYE?feature=oembed&amp;wmode=transparent&amp;autohide=1&amp;autoplay=0&amp;disablekb=0&amp;fs=1&amp;loop=0&amp;enablejsapi=1&amp;rel=0&amp;controls=2&amp;showinfo=0&amp;wmode=transparent&amp;autohide=2&amp;autoplay=0&amp;disablekb=0&amp;fs=1&amp;loop=0&amp;enablejsapi=1&amp;rel=0&amp;controls=2&amp;showinfo=1\" frameborder=\"0\" allow=\"accelerometer; autoplay; clipboard-write; encrypted-media; gyroscope; picture-in-picture; web-share\" allowfullscreen><\/iframe><\/div>\n<\/div>\n<div><\/div>\n<h3>TUBULAR &#8211; CARATTERISTICHE<\/h3>\n<p>Di seguito le principali caratteristiche di Tubular:<\/p>\n<ul>\n<li><strong>Gestione clienti<\/strong>: identifica i clienti direttamente da un indirizzo email grazie a questo sistema che connette l&#8217;email alla persona, fornendogli un profilo aziendale completo<\/li>\n<li><strong>Gestione reportistica<\/strong>: accedi rapidamente alle informazioni riguardanti le tue vendite grazie a report previsioni eseguite in precedenza<\/li>\n<li><strong>Integrazioni<\/strong>: grazie a Zapier, puoi integrare Tubular con Mailchimp, Typeform, Slack e molte altre app<\/li>\n<li><strong>Obiettivi aziendali<\/strong>: per motivare il tuo team, esiste una classifica live che allinea tutte le vendite agli obiettivi aziendali e puoi anche dare dei feedback ai tuoi colleghi in modo tale da congratularti con loro<\/li>\n<li><strong>Gestione compiti<\/strong>: tieni traccia dello stato di elaborazione dei compiti e delle attivit\u00e0 previste<\/li>\n<li><strong>Registrazione chiamate<\/strong>: tieni traccia delle chiamate, utilizzando un registro chiamate<\/li>\n<li><strong>Gestione filtri<\/strong>: utilizza i filtri per accedere a tutte le informazioni di cui hai bisogno in quel determinato momento<\/li>\n<li><strong>Supporto clienti<\/strong>: chiedi assistenza per comprendere meglio il funzionamento di Tubular<\/li>\n<\/ul>\n<h4>LE RECENSIONI DEGLI UTENTI<\/h4>\n<p><strong>Shane &#8220;Ottima alternativa a Pipedrive&#8221;<\/strong><br \/>\nCommenti: Ho iniziato a usare Tubular quando ho avviato un&#8217;agenzia di rappresentanza di artisti. Dopo aver esaminato sei o sette opzioni diverse, ho trovato che Tubular fosse la soluzione migliore per le nostre esigenze e che si adattasse perfettamente al nostro budget.<br \/>\nPro: Esistono molti servizi di pipeline e la maggior parte di essi \u00e8 piuttosto costosa e di solito non offre alcune funzionalit\u00e0. Tubular \u00e8 un ottimo equilibrio tra prezzi e funzionalit\u00e0.<br \/>\nContro: Mi piacerebbe davvero vedere pi\u00f9 opzioni di integrazione che non richiedano l&#8217;uso di Zapier. Zapier \u00e8 ottimo, ma dover pagare per avere le integrazioni aumenta il costo del servizio.<\/p>\n<p><strong>Chad &#8220;Mi aiuta a gestire il mio team di vendita&#8221;.<\/strong><br \/>\nCommenti: Ho cercato un&#8217;applicazione per la gestione delle vendite per un bel po&#8217; di tempo, dato che gestisco sia l&#8217;azienda che il team di vendita. Viaggio spesso per lavoro, il che significa che devo usare il mio telefono pi\u00f9 del necessario. Tubular ha ridotto la nostra attivit\u00e0 di posta elettronica e di dropbox e ha centralizzato il nostro team, composto da impiegati e lavoratori a distanza.<br \/>\nPro: La mia funzione preferita \u00e8 la pagina dei contatti e dell&#8217;organizzazione, che sebbene non fosse il motivo per cui mi sono iscritto a Tubular, ha finito per diventare il nostro CRM e la nostra rubrica aziendale.<br \/>\nContro: Prima della scorsa settimana avevo notato che l&#8217;applicazione iOS non era disponibile, ma questa settimana ho appreso che ora \u00e8 presente nell&#8217;I-Store.<\/p>\n<p><strong>John &#8220;Un software semplice e mirato a far crescere le nostre vendite&#8221;.<\/strong><br \/>\nPro: Utilizzo Tubular da oltre un anno e ogni funzione migliora il processo di sviluppo commerciale della nostra azienda. Rispetto alla nostra precedente esperienza con gli strumenti CRM, ho apprezzato molto la velocit\u00e0 di utilizzo, l&#8217;esperienza complessiva e la capacit\u00e0 di far avanzare le fasi importanti del nostro processo di vendita.<br \/>\nContro: Lo strumento di reporting continua a svilupparsi e a migliorare, ma non tutti i report di cui abbiamo bisogno sono ancora disponibili. Tubular ha rilasciato proprio questa settimana due nuovi report che ci hanno automatizzato ulteriormente, per cui sono entusiasta di vedere questo progresso.<\/p>\n","protected":false},"excerpt":{"rendered":"<p>Tubular \u00e8 un software CRM che ti permette di gestire al meglio la tua pipeline di vendita, organizzando i tuoi contatti e ottimizzando le vendite.\u00a0\u00c8 un programma che sfrutta la funzionalit\u00e0 Cloud e ti supporta nella gestione delle relazioni con i tuoi clienti, permettendoti cos\u00ec di risparmiare tempo ed energie pur avendo il pieno controllo di tutta la situazione aziendale.<\/p>\n","protected":false},"author":17,"featured_media":13150,"parent":5966,"menu_order":0,"comment_status":"open","ping_status":"closed","template":"g1_template_page_review_new.php","meta":{"_acf_changed":false,"cwp_meta_box_check":"Yes","cwp_rev_product_name":"","cwp_rev_product_image":"","wppr_links":[],"cwp_rev_price":"","wppr_options":[{"name":"Usability","value":"0"},{"name":"Speed","value":"0"},{"name":"Features","value":"0"},{"name":"Support","value":"0"},{"name":"Pricing","value":"0"}],"wppr_pros":["","","","",""],"wppr_cons":["","","","",""],"_monsterinsights_skip_tracking":false,"_monsterinsights_sitenote_active":false,"_monsterinsights_sitenote_note":"","_monsterinsights_sitenote_category":0,"footnotes":""},"categories":[120],"tags":[10761,10868,425,427,426],"features":[],"class_list":{"0":"post-13148","1":"page","2":"type-page","3":"status-publish","4":"has-post-thumbnail","6":"category-crm-it","7":"tag-crm-software-2-it","8":"tag-customer-relationship-management-2-it","9":"tag-gestione-clienti","10":"tag-programma-crm","11":"tag-sistema-crm"},"wppr_data":{"cwp_meta_box_check":"Yes","cwp_rev_product_name":"","_wppr_review_template":"default","cwp_rev_product_image":"","cwp_image_link":"image","wppr_links":[],"cwp_rev_price":"","wppr_pros":["","","","",""],"wppr_cons":["","","","",""],"wppr_rating":"0.00","wppr_options":{"1":{"name":"Usability","value":"0"},"2":{"name":"Speed","value":"0"},"3":{"name":"Features","value":"0"},"4":{"name":"Support","value":"0"},"5":{"name":"Pricing","value":"0"}},"wppr_review_type":"Product","wppr_review_custom_fields":{"additionalProperty":"","additionalType":"","aggregateRating":"","alternateName":"","audience":"","award":"","awards":"","brand":"","color":"","depth":"","description":"","disambiguatingDescription":"","gtin12":"","gtin13":"","gtin14":"","gtin8":"","height":"","identifier":"","image":"","isAccessoryOrSparePartFor":"","isConsumableFor":"","isRelatedTo":"","isSimilarTo":"","itemCondition":"","logo":"","mainEntityOfPage":"","manufacturer":"","material":"","model":"","mpn":"","name":"","offers":"","potentialAction":"","productID":"","productionDate":"","purchaseDate":"","releaseDate":"","review":"","reviews":"","sameAs":"","sku":"","slogan":"","subjectOf":"","url":"","weight":"","width":""}},"acf":[],"yoast_head":"<!-- This site is optimized with the Yoast SEO plugin v27.4 - https:\/\/yoast.com\/product\/yoast-seo-wordpress\/ -->\n<title>Tubular: recensione CRM software - Accurate Reviews<\/title>\n<meta name=\"description\" content=\"Tubular: recensione del software CRM che ti permette di gestire al meglio la tua pipeline di vendita organizzando i tuoi contatti e ottimizzando le vendite.\u00a0\" \/>\n<meta name=\"robots\" content=\"index, follow, max-snippet:-1, max-image-preview:large, max-video-preview:-1\" \/>\n<link rel=\"canonical\" href=\"https:\/\/www.accuratereviews.com\/it\/crm-software-migliori-lista\/tubular-recensione\/\" \/>\n<meta property=\"og:locale\" content=\"it_IT\" \/>\n<meta property=\"og:type\" content=\"article\" \/>\n<meta property=\"og:title\" content=\"Tubular: recensione CRM software - Accurate Reviews\" \/>\n<meta property=\"og:description\" content=\"Tubular: recensione del software CRM che ti permette di gestire al meglio la tua pipeline di vendita organizzando i tuoi contatti e ottimizzando le vendite.\u00a0\" \/>\n<meta property=\"og:url\" content=\"https:\/\/www.accuratereviews.com\/it\/crm-software-migliori-lista\/tubular-recensione\/\" \/>\n<meta property=\"og:site_name\" content=\"Accurate Reviews\" \/>\n<meta property=\"article:modified_time\" content=\"2023-02-23T09:16:54+00:00\" \/>\n<meta property=\"og:image\" content=\"https:\/\/www.accuratereviews.com\/wp-content\/uploads\/2019\/04\/30585_28c44df478bc2ca1f43d68ff506609124a62fa5c_tubular_m.jpg\" \/>\n\t<meta property=\"og:image:width\" content=\"300\" \/>\n\t<meta property=\"og:image:height\" content=\"300\" \/>\n\t<meta property=\"og:image:type\" content=\"image\/jpeg\" \/>\n<meta name=\"twitter:card\" content=\"summary_large_image\" \/>\n<meta name=\"twitter:label1\" content=\"Tempo di lettura stimato\" \/>\n\t<meta name=\"twitter:data1\" content=\"4 minuti\" \/>\n<script type=\"application\/ld+json\" class=\"yoast-schema-graph\">{\"@context\":\"https:\\\/\\\/schema.org\",\"@graph\":[{\"@type\":\"WebPage\",\"@id\":\"https:\\\/\\\/www.accuratereviews.com\\\/it\\\/crm-software-migliori-lista\\\/tubular-recensione\\\/\",\"url\":\"https:\\\/\\\/www.accuratereviews.com\\\/it\\\/crm-software-migliori-lista\\\/tubular-recensione\\\/\",\"name\":\"Tubular: recensione CRM software - Accurate Reviews\",\"isPartOf\":{\"@id\":\"https:\\\/\\\/www.accuratereviews.com\\\/it\\\/#website\"},\"primaryImageOfPage\":{\"@id\":\"https:\\\/\\\/www.accuratereviews.com\\\/it\\\/crm-software-migliori-lista\\\/tubular-recensione\\\/#primaryimage\"},\"image\":{\"@id\":\"https:\\\/\\\/www.accuratereviews.com\\\/it\\\/crm-software-migliori-lista\\\/tubular-recensione\\\/#primaryimage\"},\"thumbnailUrl\":\"https:\\\/\\\/www.accuratereviews.com\\\/wp-content\\\/uploads\\\/2019\\\/04\\\/30585_28c44df478bc2ca1f43d68ff506609124a62fa5c_tubular_m.jpg\",\"datePublished\":\"2019-04-09T10:49:39+00:00\",\"dateModified\":\"2023-02-23T09:16:54+00:00\",\"description\":\"Tubular: recensione del software CRM che ti permette di gestire al meglio la tua pipeline di vendita organizzando i tuoi contatti e ottimizzando le vendite.\u00a0\",\"breadcrumb\":{\"@id\":\"https:\\\/\\\/www.accuratereviews.com\\\/it\\\/crm-software-migliori-lista\\\/tubular-recensione\\\/#breadcrumb\"},\"inLanguage\":\"it-IT\",\"potentialAction\":[{\"@type\":\"ReadAction\",\"target\":[\"https:\\\/\\\/www.accuratereviews.com\\\/it\\\/crm-software-migliori-lista\\\/tubular-recensione\\\/\"]}]},{\"@type\":\"ImageObject\",\"inLanguage\":\"it-IT\",\"@id\":\"https:\\\/\\\/www.accuratereviews.com\\\/it\\\/crm-software-migliori-lista\\\/tubular-recensione\\\/#primaryimage\",\"url\":\"https:\\\/\\\/www.accuratereviews.com\\\/wp-content\\\/uploads\\\/2019\\\/04\\\/30585_28c44df478bc2ca1f43d68ff506609124a62fa5c_tubular_m.jpg\",\"contentUrl\":\"https:\\\/\\\/www.accuratereviews.com\\\/wp-content\\\/uploads\\\/2019\\\/04\\\/30585_28c44df478bc2ca1f43d68ff506609124a62fa5c_tubular_m.jpg\",\"width\":300,\"height\":300},{\"@type\":\"BreadcrumbList\",\"@id\":\"https:\\\/\\\/www.accuratereviews.com\\\/it\\\/crm-software-migliori-lista\\\/tubular-recensione\\\/#breadcrumb\",\"itemListElement\":[{\"@type\":\"ListItem\",\"position\":1,\"name\":\"Home\",\"item\":\"https:\\\/\\\/www.accuratereviews.com\\\/it\\\/\"},{\"@type\":\"ListItem\",\"position\":2,\"name\":\"CRM: i software migliori\",\"item\":\"https:\\\/\\\/www.accuratereviews.com\\\/it\\\/crm-software-migliori-lista\\\/\"},{\"@type\":\"ListItem\",\"position\":3,\"name\":\"Tubular\"}]},{\"@type\":\"WebSite\",\"@id\":\"https:\\\/\\\/www.accuratereviews.com\\\/it\\\/#website\",\"url\":\"https:\\\/\\\/www.accuratereviews.com\\\/it\\\/\",\"name\":\"Accurate Reviews\",\"description\":\"\",\"potentialAction\":[{\"@type\":\"SearchAction\",\"target\":{\"@type\":\"EntryPoint\",\"urlTemplate\":\"https:\\\/\\\/www.accuratereviews.com\\\/it\\\/?s={search_term_string}\"},\"query-input\":{\"@type\":\"PropertyValueSpecification\",\"valueRequired\":true,\"valueName\":\"search_term_string\"}}],\"inLanguage\":\"it-IT\"}]}<\/script>\n<!-- \/ Yoast SEO plugin. -->","yoast_head_json":{"title":"Tubular: recensione CRM software - Accurate Reviews","description":"Tubular: recensione del software CRM che ti permette di gestire al meglio la tua pipeline di vendita organizzando i tuoi contatti e ottimizzando le vendite.\u00a0","robots":{"index":"index","follow":"follow","max-snippet":"max-snippet:-1","max-image-preview":"max-image-preview:large","max-video-preview":"max-video-preview:-1"},"canonical":"https:\/\/www.accuratereviews.com\/it\/crm-software-migliori-lista\/tubular-recensione\/","og_locale":"it_IT","og_type":"article","og_title":"Tubular: recensione CRM software - Accurate Reviews","og_description":"Tubular: recensione del software CRM che ti permette di gestire al meglio la tua pipeline di vendita organizzando i tuoi contatti e ottimizzando le vendite.\u00a0","og_url":"https:\/\/www.accuratereviews.com\/it\/crm-software-migliori-lista\/tubular-recensione\/","og_site_name":"Accurate Reviews","article_modified_time":"2023-02-23T09:16:54+00:00","og_image":[{"width":300,"height":300,"url":"https:\/\/www.accuratereviews.com\/wp-content\/uploads\/2019\/04\/30585_28c44df478bc2ca1f43d68ff506609124a62fa5c_tubular_m.jpg","type":"image\/jpeg"}],"twitter_card":"summary_large_image","twitter_misc":{"Tempo di lettura stimato":"4 minuti"},"schema":{"@context":"https:\/\/schema.org","@graph":[{"@type":"WebPage","@id":"https:\/\/www.accuratereviews.com\/it\/crm-software-migliori-lista\/tubular-recensione\/","url":"https:\/\/www.accuratereviews.com\/it\/crm-software-migliori-lista\/tubular-recensione\/","name":"Tubular: recensione CRM software - Accurate Reviews","isPartOf":{"@id":"https:\/\/www.accuratereviews.com\/it\/#website"},"primaryImageOfPage":{"@id":"https:\/\/www.accuratereviews.com\/it\/crm-software-migliori-lista\/tubular-recensione\/#primaryimage"},"image":{"@id":"https:\/\/www.accuratereviews.com\/it\/crm-software-migliori-lista\/tubular-recensione\/#primaryimage"},"thumbnailUrl":"https:\/\/www.accuratereviews.com\/wp-content\/uploads\/2019\/04\/30585_28c44df478bc2ca1f43d68ff506609124a62fa5c_tubular_m.jpg","datePublished":"2019-04-09T10:49:39+00:00","dateModified":"2023-02-23T09:16:54+00:00","description":"Tubular: recensione del software CRM che ti permette di gestire al meglio la tua pipeline di vendita organizzando i tuoi contatti e ottimizzando le vendite.\u00a0","breadcrumb":{"@id":"https:\/\/www.accuratereviews.com\/it\/crm-software-migliori-lista\/tubular-recensione\/#breadcrumb"},"inLanguage":"it-IT","potentialAction":[{"@type":"ReadAction","target":["https:\/\/www.accuratereviews.com\/it\/crm-software-migliori-lista\/tubular-recensione\/"]}]},{"@type":"ImageObject","inLanguage":"it-IT","@id":"https:\/\/www.accuratereviews.com\/it\/crm-software-migliori-lista\/tubular-recensione\/#primaryimage","url":"https:\/\/www.accuratereviews.com\/wp-content\/uploads\/2019\/04\/30585_28c44df478bc2ca1f43d68ff506609124a62fa5c_tubular_m.jpg","contentUrl":"https:\/\/www.accuratereviews.com\/wp-content\/uploads\/2019\/04\/30585_28c44df478bc2ca1f43d68ff506609124a62fa5c_tubular_m.jpg","width":300,"height":300},{"@type":"BreadcrumbList","@id":"https:\/\/www.accuratereviews.com\/it\/crm-software-migliori-lista\/tubular-recensione\/#breadcrumb","itemListElement":[{"@type":"ListItem","position":1,"name":"Home","item":"https:\/\/www.accuratereviews.com\/it\/"},{"@type":"ListItem","position":2,"name":"CRM: i software migliori","item":"https:\/\/www.accuratereviews.com\/it\/crm-software-migliori-lista\/"},{"@type":"ListItem","position":3,"name":"Tubular"}]},{"@type":"WebSite","@id":"https:\/\/www.accuratereviews.com\/it\/#website","url":"https:\/\/www.accuratereviews.com\/it\/","name":"Accurate Reviews","description":"","potentialAction":[{"@type":"SearchAction","target":{"@type":"EntryPoint","urlTemplate":"https:\/\/www.accuratereviews.com\/it\/?s={search_term_string}"},"query-input":{"@type":"PropertyValueSpecification","valueRequired":true,"valueName":"search_term_string"}}],"inLanguage":"it-IT"}]}},"_links":{"self":[{"href":"https:\/\/www.accuratereviews.com\/it\/wp-json\/wp\/v2\/pages\/13148","targetHints":{"allow":["GET"]}}],"collection":[{"href":"https:\/\/www.accuratereviews.com\/it\/wp-json\/wp\/v2\/pages"}],"about":[{"href":"https:\/\/www.accuratereviews.com\/it\/wp-json\/wp\/v2\/types\/page"}],"author":[{"embeddable":true,"href":"https:\/\/www.accuratereviews.com\/it\/wp-json\/wp\/v2\/users\/17"}],"replies":[{"embeddable":true,"href":"https:\/\/www.accuratereviews.com\/it\/wp-json\/wp\/v2\/comments?post=13148"}],"version-history":[{"count":10,"href":"https:\/\/www.accuratereviews.com\/it\/wp-json\/wp\/v2\/pages\/13148\/revisions"}],"predecessor-version":[{"id":67407,"href":"https:\/\/www.accuratereviews.com\/it\/wp-json\/wp\/v2\/pages\/13148\/revisions\/67407"}],"up":[{"embeddable":true,"href":"https:\/\/www.accuratereviews.com\/it\/wp-json\/wp\/v2\/pages\/5966"}],"wp:featuredmedia":[{"embeddable":true,"href":"https:\/\/www.accuratereviews.com\/it\/wp-json\/wp\/v2\/media\/13150"}],"wp:attachment":[{"href":"https:\/\/www.accuratereviews.com\/it\/wp-json\/wp\/v2\/media?parent=13148"}],"wp:term":[{"taxonomy":"category","embeddable":true,"href":"https:\/\/www.accuratereviews.com\/it\/wp-json\/wp\/v2\/categories?post=13148"},{"taxonomy":"post_tag","embeddable":true,"href":"https:\/\/www.accuratereviews.com\/it\/wp-json\/wp\/v2\/tags?post=13148"},{"taxonomy":"features","embeddable":true,"href":"https:\/\/www.accuratereviews.com\/it\/wp-json\/wp\/v2\/features?post=13148"}],"curies":[{"name":"wp","href":"https:\/\/api.w.org\/{rel}","templated":true}]}}