{"id":13202,"date":"2019-04-11T11:55:17","date_gmt":"2019-04-11T11:55:17","guid":{"rendered":"https:\/\/www.accuratereviews.com\/?page_id=13202"},"modified":"2023-02-27T10:36:00","modified_gmt":"2023-02-27T10:36:00","slug":"salesbabu-crm-recensione","status":"publish","type":"page","link":"https:\/\/www.accuratereviews.com\/it\/crm-software-migliori-lista\/salesbabu-crm-recensione\/","title":{"rendered":"SalesBabu CRM"},"content":{"rendered":"<p class=\"DesktopProductHeader__ProductHeading-spou19-1 huiVGa Heading-p3hmo4-0 hfMRMA\"><strong>SalesBabu CRM<\/strong> \u00e8 un <strong>software CRM<\/strong>, basato su Cloud, che ti permette di monitorare ogni attivit\u00e0 del team di vendita della tua azienda. Con questo programma riesci ad avere una visione completa dei tuoi contatti a cui sono connessi i relativi account di vendita, in modo tale da coltivare maggiormente le <strong>relazioni con i tuoi clienti<\/strong>, rendendole pi\u00f9 durature. Migliorando la<strong> gestione dei tuoi clienti<\/strong>, potrai raggiungere pi\u00f9 facilmente gli obiettivi di vendita prefissati incrementando cos\u00ec il tuo business. \u00c8 un <strong>sistema CRM<\/strong> pensato principalmente per le piccole imprese, ma disponibile anche per quelle di pi\u00f9 grandi dimensioni poich\u00e9 \u00e8 personalizzabile a proprio piacimento, riuscendo a rispondere alle esigenze di tutti.<\/p>\n<p class=\"DesktopProductHeader__ProductHeading-spou19-1 huiVGa Heading-p3hmo4-0 hfMRMA\"><strong>SalesBabu\u00a0CRM\u00a0<\/strong>\u00e8 online, quindi ti permette l&#8217;accesso in qualsiasi momento e ovunque ti trovi, persino dal tuo smartphone grazie all&#8217;app mobile per dispositivi Android.<\/p>\n<h2>SALESBABU CRM &#8211; DEMO<\/h2>\n<p>Di seguito un video riassuntivo di quello che offre la demo:<\/p>\n<div id=\"fluid-wrapper-counter-1\" class=\"g1-fluid-wrapper \" style=\"width:686px;\">\n<div style=\"padding-bottom:56.268221574344%;\"><iframe loading=\"lazy\" title=\"SalesBabu CRM Demo : Concise  Visual Trip To Explore Sales Software\" width=\"686\" height=\"386\" src=\"https:\/\/www.youtube.com\/embed\/kI16Y0l06XI?feature=oembed&amp;wmode=transparent&amp;autohide=1&amp;autoplay=0&amp;disablekb=0&amp;fs=1&amp;loop=0&amp;enablejsapi=1&amp;rel=0&amp;controls=2&amp;showinfo=0&amp;wmode=transparent&amp;autohide=2&amp;autoplay=0&amp;disablekb=0&amp;fs=1&amp;loop=0&amp;enablejsapi=1&amp;rel=0&amp;controls=2&amp;showinfo=1\" frameborder=\"0\" allow=\"accelerometer; autoplay; clipboard-write; encrypted-media; gyroscope; picture-in-picture; web-share\" allowfullscreen><\/iframe><\/div>\n<\/div>\n<h3>SALESBABU CRM &#8211; CARATTERISTICHE<\/h3>\n<p>Vediamo alcune caratteristiche di questo <strong>programma CRM<\/strong>:<\/p>\n<ul>\n<li><strong>Gestione dei clienti<\/strong>: coltiva le relazioni con i tuoi clienti, mantenendo quelli attuali e acquisendone altri nuovi<\/li>\n<li><strong>Gestione delle attivit\u00e0<\/strong>: traccia tutte le attivit\u00e0 che interessano l&#8217;azienda grazie al <em>Service Industry<\/em><\/li>\n<li><strong>Gestione dei lead<\/strong>: a tua disposizione un archivio di tutti i record dei lead generati, utile per convertirli in vendite<\/li>\n<li><strong>Follow-up intelligenti<\/strong>: utili a ricordarti i contatti che devi seguire, quelli che hai trascurato o a cui non hai pi\u00f9 risposto<\/li>\n<li><strong>Sistema reportistico<\/strong>: rimani sempre aggiornato con report aziendali precisi e funzionali<\/li>\n<li><strong>Sistema di analisi<\/strong>: monitora la situazione aziendale usufruendo di <em>Analytics CRM<\/em><\/li>\n<li><strong>Sistema di tracking delle vendite<\/strong>: traccia e tieni sempre sotto controllo le tue vendite<\/li>\n<li><strong>Supporto clienti<\/strong>: usufruisci del servizio di assistenza clienti per risolvere ogni tuo dubbio<\/li>\n<\/ul>\n<h4>LE RECENSIONI DEGLI UTENTI<\/h4>\n<p><strong>Rajesh S. &#8220;Il CRM pi\u00f9 semplice e altamente scalabile&#8221;<\/strong><br \/>\nNel complesso: Un CRM molto facile da usare per le aziende B2B e B2C. Il pi\u00f9 grande vantaggio e la USP di SalesBabu CRM \u00e8 la sua scalabilit\u00e0 verso un sistema ERP e l&#8217;integrazione con le soluzioni di acquisto e di inventario. Soprattutto, \u00e8 un CRM molto piacevole e orientato all&#8217;utente, che gestisce il team di vendita di prima linea in modo molto efficace, e questa \u00e8 la chiave per qualsiasi implementazione CRM efficace.<\/p>\n<p><strong>Sukhbir S. &#8220;Il miglior CRM per le vendite che abbia mai provato&#8221;.<\/strong><br \/>\nOverall: Vendo batterie, che non solo vengono vendute, ma anche riparate e sostituite in garanzia. Stavo cercando un software che potesse gestire i prodotti, la fatturazione, il feedback dei clienti, la gestione della garanzia e anche le sostituzioni. Tutto questo lo sto ottenendo con SalesBabu CRM.<br \/>\nPro: Il team di SalesBabu \u00e8 molto disponibile. Mi hanno aiutato molto attivamente a configurare tutti i miei requisiti e sono stato pronto con le mie cose da avviare. Inizialmente \u00e8 stata necessaria una certa formazione, ma ho imparato molto velocemente. Ora sto usando il CRM senza problemi. Grazie gente.<br \/>\nContro: Il CRM \u00e8 un po&#8217; vasto, copre molte cose, richiede una formazione iniziale, che viene gestita in modo eccellente dal loro team.<\/p>\n<p><strong>Abdul R. &#8220;\u00c8 terribile! E costoso. Una perdita assoluta e una perdita di tempo per la nostra azienda&#8221;.<\/strong><br \/>\nNel complesso: Pro &#8211; Nessuno. Davvero!!! Contro &#8211; Caveat Emptor. Che l&#8217;acquirente stia attento. Se il software sembra a buon mercato all&#8217;inizio, fidatevi di me non \u00e8 cos\u00ec. Se avete pagato un anticipo senza verificare l&#8217;aspetto del software, preparatevi a pagare molto di pi\u00f9 se volete apportare modifiche. Si sono rifiutati di fornirci un elenco di referenze, quindi assicuratevi di richiederlo e di verificarlo con gli utenti esistenti (anche se potrebbero fornirvi solo le referenze di quei pochi selezionati che potrebbero essere soddisfatti del software, o che semplicemente non si sono interessati). Da evitare assolutamente&#8230;<\/p>\n","protected":false},"excerpt":{"rendered":"<p>SalesBabu CRM \u00e8 un software CRM, basato su Cloud, che ti permette di monitorare ogni attivit\u00e0 del team di vendita della tua azienda. Con questo programma riesci ad avere una visione completa dei tuoi contatti a cui sono connessi i relativi account di vendita, in modo tale da coltivare maggiormente le relazioni con i tuoi clienti.<\/p>\n","protected":false},"author":17,"featured_media":13206,"parent":5966,"menu_order":0,"comment_status":"open","ping_status":"closed","template":"g1_template_page_review_new.php","meta":{"_acf_changed":false,"cwp_meta_box_check":"Yes","cwp_rev_product_name":"","cwp_rev_product_image":"","wppr_links":[],"cwp_rev_price":"","wppr_options":[{"name":"Usability","value":"0"},{"name":"Speed","value":"0"},{"name":"Features","value":"0"},{"name":"Support","value":"0"},{"name":"Pricing","value":"0"}],"wppr_pros":["","","","",""],"wppr_cons":["","","","",""],"_monsterinsights_skip_tracking":false,"_monsterinsights_sitenote_active":false,"_monsterinsights_sitenote_note":"","_monsterinsights_sitenote_category":0,"footnotes":""},"categories":[120],"tags":[10761,10868,366,425,427],"features":[],"class_list":{"0":"post-13202","1":"page","2":"type-page","3":"status-publish","4":"has-post-thumbnail","6":"category-crm-it","7":"tag-crm-software-2-it","8":"tag-customer-relationship-management-2-it","9":"tag-gestione-aziendale","10":"tag-gestione-clienti","11":"tag-programma-crm"},"wppr_data":{"cwp_meta_box_check":"Yes","cwp_rev_product_name":"","_wppr_review_template":"default","cwp_rev_product_image":"","cwp_image_link":"image","wppr_links":[],"cwp_rev_price":"","wppr_pros":["","","","",""],"wppr_cons":["","","","",""],"wppr_rating":"0.00","wppr_options":{"1":{"name":"Usability","value":"0"},"2":{"name":"Speed","value":"0"},"3":{"name":"Features","value":"0"},"4":{"name":"Support","value":"0"},"5":{"name":"Pricing","value":"0"}},"wppr_review_type":"Product","wppr_review_custom_fields":{"additionalProperty":"","additionalType":"","aggregateRating":"","alternateName":"","audience":"","award":"","awards":"","brand":"","color":"","depth":"","description":"","disambiguatingDescription":"","gtin12":"","gtin13":"","gtin14":"","gtin8":"","height":"","identifier":"","image":"","isAccessoryOrSparePartFor":"","isConsumableFor":"","isRelatedTo":"","isSimilarTo":"","itemCondition":"","logo":"","mainEntityOfPage":"","manufacturer":"","material":"","model":"","mpn":"","name":"","offers":"","potentialAction":"","productID":"","productionDate":"","purchaseDate":"","releaseDate":"","review":"","reviews":"","sameAs":"","sku":"","slogan":"","subjectOf":"","url":"","weight":"","width":""}},"acf":[],"yoast_head":"<!-- This site is optimized with the Yoast SEO plugin v27.4 - https:\/\/yoast.com\/product\/yoast-seo-wordpress\/ -->\n<title>SalesBabu CRM: recensione software CRM - Accurate Reviews<\/title>\n<meta name=\"description\" content=\"SalesBabu CRM: recensione del software CRM, basato su Cloud, che ti permette di monitorare ogni attivit\u00e0 del team di vendita della tua azienda.\" \/>\n<meta name=\"robots\" content=\"index, follow, max-snippet:-1, max-image-preview:large, max-video-preview:-1\" \/>\n<link rel=\"canonical\" href=\"https:\/\/www.accuratereviews.com\/it\/crm-software-migliori-lista\/salesbabu-crm-recensione\/\" \/>\n<meta property=\"og:locale\" content=\"it_IT\" \/>\n<meta property=\"og:type\" content=\"article\" \/>\n<meta property=\"og:title\" content=\"SalesBabu CRM: recensione software CRM - Accurate Reviews\" \/>\n<meta property=\"og:description\" content=\"SalesBabu CRM: recensione del software CRM, basato su Cloud, che ti permette di monitorare ogni attivit\u00e0 del team di vendita della tua azienda.\" \/>\n<meta property=\"og:url\" content=\"https:\/\/www.accuratereviews.com\/it\/crm-software-migliori-lista\/salesbabu-crm-recensione\/\" \/>\n<meta property=\"og:site_name\" content=\"Accurate Reviews\" \/>\n<meta property=\"article:modified_time\" content=\"2023-02-27T10:36:00+00:00\" \/>\n<meta property=\"og:image\" content=\"https:\/\/www.accuratereviews.com\/wp-content\/uploads\/2019\/04\/dropr_g2I8JbPjvWmdd1r37381YMAAO4iCEGrB_r1_1280x1280.png\" \/>\n\t<meta property=\"og:image:width\" content=\"1044\" \/>\n\t<meta property=\"og:image:height\" content=\"214\" \/>\n\t<meta property=\"og:image:type\" content=\"image\/png\" \/>\n<meta name=\"twitter:card\" content=\"summary_large_image\" \/>\n<meta name=\"twitter:label1\" content=\"Tempo di lettura stimato\" \/>\n\t<meta name=\"twitter:data1\" content=\"4 minuti\" \/>\n<script type=\"application\/ld+json\" class=\"yoast-schema-graph\">{\"@context\":\"https:\\\/\\\/schema.org\",\"@graph\":[{\"@type\":\"WebPage\",\"@id\":\"https:\\\/\\\/www.accuratereviews.com\\\/it\\\/crm-software-migliori-lista\\\/salesbabu-crm-recensione\\\/\",\"url\":\"https:\\\/\\\/www.accuratereviews.com\\\/it\\\/crm-software-migliori-lista\\\/salesbabu-crm-recensione\\\/\",\"name\":\"SalesBabu CRM: recensione software CRM - Accurate Reviews\",\"isPartOf\":{\"@id\":\"https:\\\/\\\/www.accuratereviews.com\\\/it\\\/#website\"},\"primaryImageOfPage\":{\"@id\":\"https:\\\/\\\/www.accuratereviews.com\\\/it\\\/crm-software-migliori-lista\\\/salesbabu-crm-recensione\\\/#primaryimage\"},\"image\":{\"@id\":\"https:\\\/\\\/www.accuratereviews.com\\\/it\\\/crm-software-migliori-lista\\\/salesbabu-crm-recensione\\\/#primaryimage\"},\"thumbnailUrl\":\"https:\\\/\\\/www.accuratereviews.com\\\/wp-content\\\/uploads\\\/2019\\\/04\\\/dropr_g2I8JbPjvWmdd1r37381YMAAO4iCEGrB_r1_1280x1280.png\",\"datePublished\":\"2019-04-11T11:55:17+00:00\",\"dateModified\":\"2023-02-27T10:36:00+00:00\",\"description\":\"SalesBabu CRM: recensione del software CRM, basato su Cloud, che ti permette di monitorare ogni attivit\u00e0 del team di vendita della tua azienda.\",\"breadcrumb\":{\"@id\":\"https:\\\/\\\/www.accuratereviews.com\\\/it\\\/crm-software-migliori-lista\\\/salesbabu-crm-recensione\\\/#breadcrumb\"},\"inLanguage\":\"it-IT\",\"potentialAction\":[{\"@type\":\"ReadAction\",\"target\":[\"https:\\\/\\\/www.accuratereviews.com\\\/it\\\/crm-software-migliori-lista\\\/salesbabu-crm-recensione\\\/\"]}]},{\"@type\":\"ImageObject\",\"inLanguage\":\"it-IT\",\"@id\":\"https:\\\/\\\/www.accuratereviews.com\\\/it\\\/crm-software-migliori-lista\\\/salesbabu-crm-recensione\\\/#primaryimage\",\"url\":\"https:\\\/\\\/www.accuratereviews.com\\\/wp-content\\\/uploads\\\/2019\\\/04\\\/dropr_g2I8JbPjvWmdd1r37381YMAAO4iCEGrB_r1_1280x1280.png\",\"contentUrl\":\"https:\\\/\\\/www.accuratereviews.com\\\/wp-content\\\/uploads\\\/2019\\\/04\\\/dropr_g2I8JbPjvWmdd1r37381YMAAO4iCEGrB_r1_1280x1280.png\",\"width\":1044,\"height\":214},{\"@type\":\"BreadcrumbList\",\"@id\":\"https:\\\/\\\/www.accuratereviews.com\\\/it\\\/crm-software-migliori-lista\\\/salesbabu-crm-recensione\\\/#breadcrumb\",\"itemListElement\":[{\"@type\":\"ListItem\",\"position\":1,\"name\":\"Home\",\"item\":\"https:\\\/\\\/www.accuratereviews.com\\\/it\\\/\"},{\"@type\":\"ListItem\",\"position\":2,\"name\":\"CRM: i software migliori\",\"item\":\"https:\\\/\\\/www.accuratereviews.com\\\/it\\\/crm-software-migliori-lista\\\/\"},{\"@type\":\"ListItem\",\"position\":3,\"name\":\"SalesBabu CRM\"}]},{\"@type\":\"WebSite\",\"@id\":\"https:\\\/\\\/www.accuratereviews.com\\\/it\\\/#website\",\"url\":\"https:\\\/\\\/www.accuratereviews.com\\\/it\\\/\",\"name\":\"Accurate Reviews\",\"description\":\"\",\"potentialAction\":[{\"@type\":\"SearchAction\",\"target\":{\"@type\":\"EntryPoint\",\"urlTemplate\":\"https:\\\/\\\/www.accuratereviews.com\\\/it\\\/?s={search_term_string}\"},\"query-input\":{\"@type\":\"PropertyValueSpecification\",\"valueRequired\":true,\"valueName\":\"search_term_string\"}}],\"inLanguage\":\"it-IT\"}]}<\/script>\n<!-- \/ Yoast SEO plugin. -->","yoast_head_json":{"title":"SalesBabu CRM: recensione software CRM - Accurate Reviews","description":"SalesBabu CRM: recensione del software CRM, basato su Cloud, che ti permette di monitorare ogni attivit\u00e0 del team di vendita della tua azienda.","robots":{"index":"index","follow":"follow","max-snippet":"max-snippet:-1","max-image-preview":"max-image-preview:large","max-video-preview":"max-video-preview:-1"},"canonical":"https:\/\/www.accuratereviews.com\/it\/crm-software-migliori-lista\/salesbabu-crm-recensione\/","og_locale":"it_IT","og_type":"article","og_title":"SalesBabu CRM: recensione software CRM - Accurate Reviews","og_description":"SalesBabu CRM: recensione del software CRM, basato su Cloud, che ti permette di monitorare ogni attivit\u00e0 del team di vendita della tua azienda.","og_url":"https:\/\/www.accuratereviews.com\/it\/crm-software-migliori-lista\/salesbabu-crm-recensione\/","og_site_name":"Accurate Reviews","article_modified_time":"2023-02-27T10:36:00+00:00","og_image":[{"width":1044,"height":214,"url":"https:\/\/www.accuratereviews.com\/wp-content\/uploads\/2019\/04\/dropr_g2I8JbPjvWmdd1r37381YMAAO4iCEGrB_r1_1280x1280.png","type":"image\/png"}],"twitter_card":"summary_large_image","twitter_misc":{"Tempo di lettura stimato":"4 minuti"},"schema":{"@context":"https:\/\/schema.org","@graph":[{"@type":"WebPage","@id":"https:\/\/www.accuratereviews.com\/it\/crm-software-migliori-lista\/salesbabu-crm-recensione\/","url":"https:\/\/www.accuratereviews.com\/it\/crm-software-migliori-lista\/salesbabu-crm-recensione\/","name":"SalesBabu CRM: recensione software CRM - Accurate Reviews","isPartOf":{"@id":"https:\/\/www.accuratereviews.com\/it\/#website"},"primaryImageOfPage":{"@id":"https:\/\/www.accuratereviews.com\/it\/crm-software-migliori-lista\/salesbabu-crm-recensione\/#primaryimage"},"image":{"@id":"https:\/\/www.accuratereviews.com\/it\/crm-software-migliori-lista\/salesbabu-crm-recensione\/#primaryimage"},"thumbnailUrl":"https:\/\/www.accuratereviews.com\/wp-content\/uploads\/2019\/04\/dropr_g2I8JbPjvWmdd1r37381YMAAO4iCEGrB_r1_1280x1280.png","datePublished":"2019-04-11T11:55:17+00:00","dateModified":"2023-02-27T10:36:00+00:00","description":"SalesBabu CRM: recensione del software CRM, basato su Cloud, che ti permette di monitorare ogni attivit\u00e0 del team di vendita della tua azienda.","breadcrumb":{"@id":"https:\/\/www.accuratereviews.com\/it\/crm-software-migliori-lista\/salesbabu-crm-recensione\/#breadcrumb"},"inLanguage":"it-IT","potentialAction":[{"@type":"ReadAction","target":["https:\/\/www.accuratereviews.com\/it\/crm-software-migliori-lista\/salesbabu-crm-recensione\/"]}]},{"@type":"ImageObject","inLanguage":"it-IT","@id":"https:\/\/www.accuratereviews.com\/it\/crm-software-migliori-lista\/salesbabu-crm-recensione\/#primaryimage","url":"https:\/\/www.accuratereviews.com\/wp-content\/uploads\/2019\/04\/dropr_g2I8JbPjvWmdd1r37381YMAAO4iCEGrB_r1_1280x1280.png","contentUrl":"https:\/\/www.accuratereviews.com\/wp-content\/uploads\/2019\/04\/dropr_g2I8JbPjvWmdd1r37381YMAAO4iCEGrB_r1_1280x1280.png","width":1044,"height":214},{"@type":"BreadcrumbList","@id":"https:\/\/www.accuratereviews.com\/it\/crm-software-migliori-lista\/salesbabu-crm-recensione\/#breadcrumb","itemListElement":[{"@type":"ListItem","position":1,"name":"Home","item":"https:\/\/www.accuratereviews.com\/it\/"},{"@type":"ListItem","position":2,"name":"CRM: i software migliori","item":"https:\/\/www.accuratereviews.com\/it\/crm-software-migliori-lista\/"},{"@type":"ListItem","position":3,"name":"SalesBabu CRM"}]},{"@type":"WebSite","@id":"https:\/\/www.accuratereviews.com\/it\/#website","url":"https:\/\/www.accuratereviews.com\/it\/","name":"Accurate Reviews","description":"","potentialAction":[{"@type":"SearchAction","target":{"@type":"EntryPoint","urlTemplate":"https:\/\/www.accuratereviews.com\/it\/?s={search_term_string}"},"query-input":{"@type":"PropertyValueSpecification","valueRequired":true,"valueName":"search_term_string"}}],"inLanguage":"it-IT"}]}},"_links":{"self":[{"href":"https:\/\/www.accuratereviews.com\/it\/wp-json\/wp\/v2\/pages\/13202","targetHints":{"allow":["GET"]}}],"collection":[{"href":"https:\/\/www.accuratereviews.com\/it\/wp-json\/wp\/v2\/pages"}],"about":[{"href":"https:\/\/www.accuratereviews.com\/it\/wp-json\/wp\/v2\/types\/page"}],"author":[{"embeddable":true,"href":"https:\/\/www.accuratereviews.com\/it\/wp-json\/wp\/v2\/users\/17"}],"replies":[{"embeddable":true,"href":"https:\/\/www.accuratereviews.com\/it\/wp-json\/wp\/v2\/comments?post=13202"}],"version-history":[{"count":10,"href":"https:\/\/www.accuratereviews.com\/it\/wp-json\/wp\/v2\/pages\/13202\/revisions"}],"predecessor-version":[{"id":67490,"href":"https:\/\/www.accuratereviews.com\/it\/wp-json\/wp\/v2\/pages\/13202\/revisions\/67490"}],"up":[{"embeddable":true,"href":"https:\/\/www.accuratereviews.com\/it\/wp-json\/wp\/v2\/pages\/5966"}],"wp:featuredmedia":[{"embeddable":true,"href":"https:\/\/www.accuratereviews.com\/it\/wp-json\/wp\/v2\/media\/13206"}],"wp:attachment":[{"href":"https:\/\/www.accuratereviews.com\/it\/wp-json\/wp\/v2\/media?parent=13202"}],"wp:term":[{"taxonomy":"category","embeddable":true,"href":"https:\/\/www.accuratereviews.com\/it\/wp-json\/wp\/v2\/categories?post=13202"},{"taxonomy":"post_tag","embeddable":true,"href":"https:\/\/www.accuratereviews.com\/it\/wp-json\/wp\/v2\/tags?post=13202"},{"taxonomy":"features","embeddable":true,"href":"https:\/\/www.accuratereviews.com\/it\/wp-json\/wp\/v2\/features?post=13202"}],"curies":[{"name":"wp","href":"https:\/\/api.w.org\/{rel}","templated":true}]}}