{"id":13330,"date":"2019-04-12T13:20:12","date_gmt":"2019-04-12T13:20:12","guid":{"rendered":"https:\/\/www.accuratereviews.com\/?page_id=13330"},"modified":"2023-02-27T18:32:30","modified_gmt":"2023-02-27T18:32:30","slug":"sap-crm-recensione","status":"publish","type":"page","link":"https:\/\/www.accuratereviews.com\/it\/crm-software-migliori-lista\/sap-crm-recensione\/","title":{"rendered":"SAP CRM"},"content":{"rendered":"<p><strong>SAP CRM<\/strong> \u00e8 un <strong>software CRM<\/strong> nato principalmente per permettere alle aziende di interagire meglio con i propri clienti, ottimizzando al massimo le vendite. In questo modo potrai avere sotto controllo la<strong> gestione dei tuoi clienti<\/strong>, avendo una visione completa di tutte le attivit\u00e0 che interessano il tuo business. \u00c8 un <strong>sistema CRM<\/strong>\u00a0in <strong>Cloud<\/strong>, che velocizza le operazioni quotidiane pi\u00f9 complesse e che richiedono tempi pi\u00f9 lunghi in modo tale da rendere la front-line pi\u00f9 efficace ed efficiente.<strong> SAP CRM<\/strong> pu\u00f2 essere tranquillamente integrato con altri software SAP, ma anche con altri software che non facciano necessariamente parte di SAP, garantendo l&#8217;accesso ad altre aziende. L&#8217;attenzione maggiore che viene data al cliente \u00e8 garantita anche tramite l&#8217;<strong>integrazione dei social media<\/strong>, riuscendo a fornire un servizio ancora pi\u00f9 completo e funzionale.<\/p>\n<h2>SAP CRM &#8211; TUTORIAL<\/h2>\n<p>Di seguito un breve tutorial che ci mostra come funziona questo<strong> programma CRM<\/strong>:<\/p>\n<div id=\"fluid-wrapper-counter-1\" class=\"g1-fluid-wrapper \" style=\"width:686px;\">\n<div style=\"padding-bottom:56.268221574344%;\"><iframe loading=\"lazy\" title=\"SAP CRM Overview\" width=\"515\" height=\"386\" src=\"https:\/\/www.youtube.com\/embed\/q-rxkAi-jeY?feature=oembed&amp;wmode=transparent&amp;autohide=1&amp;autoplay=0&amp;disablekb=0&amp;fs=1&amp;loop=0&amp;enablejsapi=1&amp;rel=0&amp;controls=2&amp;showinfo=0&amp;wmode=transparent&amp;autohide=2&amp;autoplay=0&amp;disablekb=0&amp;fs=1&amp;loop=0&amp;enablejsapi=1&amp;rel=0&amp;controls=2&amp;showinfo=1\" frameborder=\"0\" allow=\"accelerometer; autoplay; clipboard-write; encrypted-media; gyroscope; picture-in-picture; web-share\" allowfullscreen><\/iframe><\/div>\n<\/div>\n<h3>SAP CRM &#8211; CARATTERISTICHE<\/h3>\n<p>Alcune delle caratteristiche di SAP CRM:<\/p>\n<ul>\n<li><strong>SAP Customer Data Cloud<\/strong>: gestisci e proteggi i dati dei tuoi clienti<\/li>\n<li><strong>SAP Marketing Cloud<\/strong>: gestisci campagne, organizza attivit\u00e0 e monitora sempre la situazione aziendale grazie a un sistema di analisi del marketing<\/li>\n<li><strong>SAP Commerce Cloud<\/strong>: gestisci i contenuti e gli ordini dei prodotti<\/li>\n<li><strong>SAP Sales Cloud<\/strong>: organizza e tieni sotto controllo le vendite<\/li>\n<li><strong>SAP Service Cloud<\/strong>: nel caso di dubbi o problemi, non esitare a contattare il supporto clienti<\/li>\n<li><strong>Integrazioni<\/strong>: integra il tuo programma SAP CRM con altri sistemi, che siano SAP e non.<\/li>\n<\/ul>\n","protected":false},"excerpt":{"rendered":"<p>SAP CRM \u00e8 un software CRM nato principalmente per permettere alle aziende di interagire meglio con i propri clienti, ottimizzando al massimo le vendite. In questo modo potrai avere sotto controllo la gestione dei tuoi clienti, avendo una visione completa di tutte le attivit\u00e0 che interessano il tuo business.\u00a0<\/p>\n","protected":false},"author":17,"featured_media":13332,"parent":5966,"menu_order":0,"comment_status":"open","ping_status":"closed","template":"g1_template_page_review_new.php","meta":{"_acf_changed":false,"cwp_meta_box_check":"Yes","cwp_rev_product_name":"","cwp_rev_product_image":"","wppr_links":[],"cwp_rev_price":"","wppr_options":[{"name":"Usability","value":"0"},{"name":"Speed","value":"0"},{"name":"Features","value":"0"},{"name":"Support","value":"0"},{"name":"Pricing","value":"0"}],"wppr_pros":["","","","",""],"wppr_cons":["","","","",""],"_monsterinsights_skip_tracking":false,"_monsterinsights_sitenote_active":false,"_monsterinsights_sitenote_note":"","_monsterinsights_sitenote_category":0,"footnotes":""},"categories":[120],"tags":[10761,10868,425,427,426],"features":[],"class_list":{"0":"post-13330","1":"page","2":"type-page","3":"status-publish","4":"has-post-thumbnail","6":"category-crm-it","7":"tag-crm-software-2-it","8":"tag-customer-relationship-management-2-it","9":"tag-gestione-clienti","10":"tag-programma-crm","11":"tag-sistema-crm"},"wppr_data":{"cwp_meta_box_check":"Yes","cwp_rev_product_name":"","_wppr_review_template":"default","cwp_rev_product_image":"","cwp_image_link":"image","wppr_links":[],"cwp_rev_price":"","wppr_pros":["","","","",""],"wppr_cons":["","","","",""],"wppr_rating":"0.00","wppr_options":{"1":{"name":"Usability","value":"0"},"2":{"name":"Speed","value":"0"},"3":{"name":"Features","value":"0"},"4":{"name":"Support","value":"0"},"5":{"name":"Pricing","value":"0"}},"wppr_review_type":"Product","wppr_review_custom_fields":{"additionalProperty":"","additionalType":"","aggregateRating":"","alternateName":"","audience":"","award":"","awards":"","brand":"","color":"","depth":"","description":"","disambiguatingDescription":"","gtin12":"","gtin13":"","gtin14":"","gtin8":"","height":"","identifier":"","image":"","isAccessoryOrSparePartFor":"","isConsumableFor":"","isRelatedTo":"","isSimilarTo":"","itemCondition":"","logo":"","mainEntityOfPage":"","manufacturer":"","material":"","model":"","mpn":"","name":"","offers":"","potentialAction":"","productID":"","productionDate":"","purchaseDate":"","releaseDate":"","review":"","reviews":"","sameAs":"","sku":"","slogan":"","subjectOf":"","url":"","weight":"","width":""}},"acf":[],"yoast_head":"<!-- This site is optimized with the Yoast SEO plugin v27.4 - https:\/\/yoast.com\/product\/yoast-seo-wordpress\/ -->\n<title>SAP CRM: recensione software CRM - Accurate Reviews<\/title>\n<meta name=\"description\" content=\"SAP CRM: recensione del software CRM nato per permettere alle aziende di interagire meglio con i propri clienti, ottimizzando al massimo le vendite.\" \/>\n<meta name=\"robots\" content=\"index, follow, max-snippet:-1, max-image-preview:large, max-video-preview:-1\" \/>\n<link rel=\"canonical\" href=\"https:\/\/www.accuratereviews.com\/it\/crm-software-migliori-lista\/sap-crm-recensione\/\" \/>\n<meta property=\"og:locale\" content=\"it_IT\" \/>\n<meta property=\"og:type\" content=\"article\" \/>\n<meta property=\"og:title\" content=\"SAP CRM: recensione software CRM - Accurate Reviews\" \/>\n<meta property=\"og:description\" content=\"SAP CRM: recensione del software CRM nato per permettere alle aziende di interagire meglio con i propri clienti, ottimizzando al massimo le vendite.\" \/>\n<meta property=\"og:url\" content=\"https:\/\/www.accuratereviews.com\/it\/crm-software-migliori-lista\/sap-crm-recensione\/\" \/>\n<meta property=\"og:site_name\" content=\"Accurate Reviews\" \/>\n<meta property=\"article:modified_time\" content=\"2023-02-27T18:32:30+00:00\" \/>\n<meta property=\"og:image\" content=\"https:\/\/www.accuratereviews.com\/wp-content\/uploads\/2019\/04\/sapcrm.png\" \/>\n\t<meta property=\"og:image:width\" content=\"1679\" \/>\n\t<meta property=\"og:image:height\" content=\"481\" \/>\n\t<meta property=\"og:image:type\" content=\"image\/png\" \/>\n<meta name=\"twitter:card\" content=\"summary_large_image\" \/>\n<meta name=\"twitter:label1\" content=\"Tempo di lettura stimato\" \/>\n\t<meta name=\"twitter:data1\" content=\"2 minuti\" \/>\n<script type=\"application\/ld+json\" class=\"yoast-schema-graph\">{\"@context\":\"https:\\\/\\\/schema.org\",\"@graph\":[{\"@type\":\"WebPage\",\"@id\":\"https:\\\/\\\/www.accuratereviews.com\\\/it\\\/crm-software-migliori-lista\\\/sap-crm-recensione\\\/\",\"url\":\"https:\\\/\\\/www.accuratereviews.com\\\/it\\\/crm-software-migliori-lista\\\/sap-crm-recensione\\\/\",\"name\":\"SAP CRM: recensione software CRM - Accurate Reviews\",\"isPartOf\":{\"@id\":\"https:\\\/\\\/www.accuratereviews.com\\\/it\\\/#website\"},\"primaryImageOfPage\":{\"@id\":\"https:\\\/\\\/www.accuratereviews.com\\\/it\\\/crm-software-migliori-lista\\\/sap-crm-recensione\\\/#primaryimage\"},\"image\":{\"@id\":\"https:\\\/\\\/www.accuratereviews.com\\\/it\\\/crm-software-migliori-lista\\\/sap-crm-recensione\\\/#primaryimage\"},\"thumbnailUrl\":\"https:\\\/\\\/www.accuratereviews.com\\\/wp-content\\\/uploads\\\/2019\\\/04\\\/sapcrm.png\",\"datePublished\":\"2019-04-12T13:20:12+00:00\",\"dateModified\":\"2023-02-27T18:32:30+00:00\",\"description\":\"SAP CRM: recensione del software CRM nato per permettere alle aziende di interagire meglio con i propri clienti, ottimizzando al massimo le vendite.\",\"breadcrumb\":{\"@id\":\"https:\\\/\\\/www.accuratereviews.com\\\/it\\\/crm-software-migliori-lista\\\/sap-crm-recensione\\\/#breadcrumb\"},\"inLanguage\":\"it-IT\",\"potentialAction\":[{\"@type\":\"ReadAction\",\"target\":[\"https:\\\/\\\/www.accuratereviews.com\\\/it\\\/crm-software-migliori-lista\\\/sap-crm-recensione\\\/\"]}]},{\"@type\":\"ImageObject\",\"inLanguage\":\"it-IT\",\"@id\":\"https:\\\/\\\/www.accuratereviews.com\\\/it\\\/crm-software-migliori-lista\\\/sap-crm-recensione\\\/#primaryimage\",\"url\":\"https:\\\/\\\/www.accuratereviews.com\\\/wp-content\\\/uploads\\\/2019\\\/04\\\/sapcrm.png\",\"contentUrl\":\"https:\\\/\\\/www.accuratereviews.com\\\/wp-content\\\/uploads\\\/2019\\\/04\\\/sapcrm.png\",\"width\":1679,\"height\":481},{\"@type\":\"BreadcrumbList\",\"@id\":\"https:\\\/\\\/www.accuratereviews.com\\\/it\\\/crm-software-migliori-lista\\\/sap-crm-recensione\\\/#breadcrumb\",\"itemListElement\":[{\"@type\":\"ListItem\",\"position\":1,\"name\":\"Home\",\"item\":\"https:\\\/\\\/www.accuratereviews.com\\\/it\\\/\"},{\"@type\":\"ListItem\",\"position\":2,\"name\":\"CRM: i software migliori\",\"item\":\"https:\\\/\\\/www.accuratereviews.com\\\/it\\\/crm-software-migliori-lista\\\/\"},{\"@type\":\"ListItem\",\"position\":3,\"name\":\"SAP CRM\"}]},{\"@type\":\"WebSite\",\"@id\":\"https:\\\/\\\/www.accuratereviews.com\\\/it\\\/#website\",\"url\":\"https:\\\/\\\/www.accuratereviews.com\\\/it\\\/\",\"name\":\"Accurate Reviews\",\"description\":\"\",\"potentialAction\":[{\"@type\":\"SearchAction\",\"target\":{\"@type\":\"EntryPoint\",\"urlTemplate\":\"https:\\\/\\\/www.accuratereviews.com\\\/it\\\/?s={search_term_string}\"},\"query-input\":{\"@type\":\"PropertyValueSpecification\",\"valueRequired\":true,\"valueName\":\"search_term_string\"}}],\"inLanguage\":\"it-IT\"}]}<\/script>\n<!-- \/ Yoast SEO plugin. -->","yoast_head_json":{"title":"SAP CRM: recensione software CRM - Accurate Reviews","description":"SAP CRM: recensione del software CRM nato per permettere alle aziende di interagire meglio con i propri clienti, ottimizzando al massimo le vendite.","robots":{"index":"index","follow":"follow","max-snippet":"max-snippet:-1","max-image-preview":"max-image-preview:large","max-video-preview":"max-video-preview:-1"},"canonical":"https:\/\/www.accuratereviews.com\/it\/crm-software-migliori-lista\/sap-crm-recensione\/","og_locale":"it_IT","og_type":"article","og_title":"SAP CRM: recensione software CRM - Accurate Reviews","og_description":"SAP CRM: recensione del software CRM nato per permettere alle aziende di interagire meglio con i propri clienti, ottimizzando al massimo le vendite.","og_url":"https:\/\/www.accuratereviews.com\/it\/crm-software-migliori-lista\/sap-crm-recensione\/","og_site_name":"Accurate Reviews","article_modified_time":"2023-02-27T18:32:30+00:00","og_image":[{"width":1679,"height":481,"url":"https:\/\/www.accuratereviews.com\/wp-content\/uploads\/2019\/04\/sapcrm.png","type":"image\/png"}],"twitter_card":"summary_large_image","twitter_misc":{"Tempo di lettura stimato":"2 minuti"},"schema":{"@context":"https:\/\/schema.org","@graph":[{"@type":"WebPage","@id":"https:\/\/www.accuratereviews.com\/it\/crm-software-migliori-lista\/sap-crm-recensione\/","url":"https:\/\/www.accuratereviews.com\/it\/crm-software-migliori-lista\/sap-crm-recensione\/","name":"SAP CRM: recensione software CRM - Accurate Reviews","isPartOf":{"@id":"https:\/\/www.accuratereviews.com\/it\/#website"},"primaryImageOfPage":{"@id":"https:\/\/www.accuratereviews.com\/it\/crm-software-migliori-lista\/sap-crm-recensione\/#primaryimage"},"image":{"@id":"https:\/\/www.accuratereviews.com\/it\/crm-software-migliori-lista\/sap-crm-recensione\/#primaryimage"},"thumbnailUrl":"https:\/\/www.accuratereviews.com\/wp-content\/uploads\/2019\/04\/sapcrm.png","datePublished":"2019-04-12T13:20:12+00:00","dateModified":"2023-02-27T18:32:30+00:00","description":"SAP CRM: recensione del software CRM nato per permettere alle aziende di interagire meglio con i propri clienti, ottimizzando al massimo le vendite.","breadcrumb":{"@id":"https:\/\/www.accuratereviews.com\/it\/crm-software-migliori-lista\/sap-crm-recensione\/#breadcrumb"},"inLanguage":"it-IT","potentialAction":[{"@type":"ReadAction","target":["https:\/\/www.accuratereviews.com\/it\/crm-software-migliori-lista\/sap-crm-recensione\/"]}]},{"@type":"ImageObject","inLanguage":"it-IT","@id":"https:\/\/www.accuratereviews.com\/it\/crm-software-migliori-lista\/sap-crm-recensione\/#primaryimage","url":"https:\/\/www.accuratereviews.com\/wp-content\/uploads\/2019\/04\/sapcrm.png","contentUrl":"https:\/\/www.accuratereviews.com\/wp-content\/uploads\/2019\/04\/sapcrm.png","width":1679,"height":481},{"@type":"BreadcrumbList","@id":"https:\/\/www.accuratereviews.com\/it\/crm-software-migliori-lista\/sap-crm-recensione\/#breadcrumb","itemListElement":[{"@type":"ListItem","position":1,"name":"Home","item":"https:\/\/www.accuratereviews.com\/it\/"},{"@type":"ListItem","position":2,"name":"CRM: i software migliori","item":"https:\/\/www.accuratereviews.com\/it\/crm-software-migliori-lista\/"},{"@type":"ListItem","position":3,"name":"SAP CRM"}]},{"@type":"WebSite","@id":"https:\/\/www.accuratereviews.com\/it\/#website","url":"https:\/\/www.accuratereviews.com\/it\/","name":"Accurate Reviews","description":"","potentialAction":[{"@type":"SearchAction","target":{"@type":"EntryPoint","urlTemplate":"https:\/\/www.accuratereviews.com\/it\/?s={search_term_string}"},"query-input":{"@type":"PropertyValueSpecification","valueRequired":true,"valueName":"search_term_string"}}],"inLanguage":"it-IT"}]}},"_links":{"self":[{"href":"https:\/\/www.accuratereviews.com\/it\/wp-json\/wp\/v2\/pages\/13330","targetHints":{"allow":["GET"]}}],"collection":[{"href":"https:\/\/www.accuratereviews.com\/it\/wp-json\/wp\/v2\/pages"}],"about":[{"href":"https:\/\/www.accuratereviews.com\/it\/wp-json\/wp\/v2\/types\/page"}],"author":[{"embeddable":true,"href":"https:\/\/www.accuratereviews.com\/it\/wp-json\/wp\/v2\/users\/17"}],"replies":[{"embeddable":true,"href":"https:\/\/www.accuratereviews.com\/it\/wp-json\/wp\/v2\/comments?post=13330"}],"version-history":[{"count":7,"href":"https:\/\/www.accuratereviews.com\/it\/wp-json\/wp\/v2\/pages\/13330\/revisions"}],"predecessor-version":[{"id":67523,"href":"https:\/\/www.accuratereviews.com\/it\/wp-json\/wp\/v2\/pages\/13330\/revisions\/67523"}],"up":[{"embeddable":true,"href":"https:\/\/www.accuratereviews.com\/it\/wp-json\/wp\/v2\/pages\/5966"}],"wp:featuredmedia":[{"embeddable":true,"href":"https:\/\/www.accuratereviews.com\/it\/wp-json\/wp\/v2\/media\/13332"}],"wp:attachment":[{"href":"https:\/\/www.accuratereviews.com\/it\/wp-json\/wp\/v2\/media?parent=13330"}],"wp:term":[{"taxonomy":"category","embeddable":true,"href":"https:\/\/www.accuratereviews.com\/it\/wp-json\/wp\/v2\/categories?post=13330"},{"taxonomy":"post_tag","embeddable":true,"href":"https:\/\/www.accuratereviews.com\/it\/wp-json\/wp\/v2\/tags?post=13330"},{"taxonomy":"features","embeddable":true,"href":"https:\/\/www.accuratereviews.com\/it\/wp-json\/wp\/v2\/features?post=13330"}],"curies":[{"name":"wp","href":"https:\/\/api.w.org\/{rel}","templated":true}]}}