{"id":13382,"date":"2019-04-15T08:23:51","date_gmt":"2019-04-15T08:23:51","guid":{"rendered":"https:\/\/www.accuratereviews.com\/?page_id=13382"},"modified":"2025-12-22T10:33:30","modified_gmt":"2025-12-22T10:33:30","slug":"freshsales-recensione","status":"publish","type":"page","link":"https:\/\/www.accuratereviews.com\/it\/crm-software-migliori-lista\/freshsales-recensione\/","title":{"rendered":"Freshsales"},"content":{"rendered":"<p class=\"tw-data-text tw-ta tw-text-small\" dir=\"ltr\" data-placeholder=\"Traduzione\"><span lang=\"it\" tabindex=\"0\"><strong>Freshsales<\/strong> \u00e8 un<strong> software CRM<\/strong> creato e sviluppato dalla societ\u00e0 Freshworks. Ha un&#8217;interfaccia utente altamente intuitiva e una serie di potenti funzionalit\u00e0 che includono<\/span><span lang=\"it\" tabindex=\"0\"> il lead scoring basato su AI (Artificial Intelligence), la pipeline di visual deal e le automazioni del flusso di lavoro intelligenti<\/span><span lang=\"it\" tabindex=\"0\">.<strong> Freshsales<\/strong> offre alle aziende tutto ci\u00f2 di cui hanno bisogno per gestire le loro vendite in un unico pacchetto ed \u00e8 considerato affidabile da oltre 15.000 aziende in oltre 80 paesi. Gli utenti\u00a0<\/span><span lang=\"it\" tabindex=\"0\">apprezzeranno sicuramente la possibilit\u00e0 di vedere chi ha aperto le loro email e chi le ha ignorate. Per quanto semplice possa sembrare, questa \u00e8 ancora la migliore pratica per scoprire chi \u00e8 interessato a un prodotto.<\/span><\/p>\n<h2 dir=\"ltr\" data-placeholder=\"Traduzione\">FRESHSALES &#8211; TUTORIAL<\/h2>\n<p>Questo video tutorial ci permetter\u00e0 di capire meglio come funziona questo <strong>software CRM<\/strong>:<\/p>\n<div id=\"fluid-wrapper-counter-1\" class=\"g1-fluid-wrapper \" style=\"width:686px;\">\n<div style=\"padding-bottom:56.268221574344%;\"><iframe loading=\"lazy\" title=\"How to Connect Email to Freshsales CRM Software\" width=\"686\" height=\"386\" src=\"https:\/\/www.youtube.com\/embed\/mt1PdNKz6PM?feature=oembed&amp;wmode=transparent&amp;autohide=1&amp;autoplay=0&amp;disablekb=0&amp;fs=1&amp;loop=0&amp;enablejsapi=1&amp;rel=0&amp;controls=2&amp;showinfo=0&amp;wmode=transparent&amp;autohide=2&amp;autoplay=0&amp;disablekb=0&amp;fs=1&amp;loop=0&amp;enablejsapi=1&amp;rel=0&amp;controls=2&amp;showinfo=1\" frameborder=\"0\" allow=\"accelerometer; autoplay; clipboard-write; encrypted-media; gyroscope; picture-in-picture; web-share\" referrerpolicy=\"strict-origin-when-cross-origin\" allowfullscreen><\/iframe><\/div>\n<\/div>\n<h3>FRESHSALES &#8211; CARATTERISTICHE<\/h3>\n<ul>\n<li><strong>Monitoraggio delle e-mail<\/strong>: scopri chi ha aperto e fatto clic sui link nella tua email, quando e quante volte. Contatta in modo efficace i potenziali clienti migliori tramite azioni e-mail mirate<\/li>\n<li><strong>Campagne di vendita<\/strong>: d\u00ec addio al tempo necessario per inviare email di follow-up a tutti i potenziali clienti nell&#8217;elenco. Contattali in pochi secondi inviando email in blocco personalizzate<\/li>\n<li><strong>Personalizza i modelli<\/strong>: crea e salva le tue email personalizzate come modelli e inviale pi\u00f9 velocemente<\/li>\n<li><strong>Metriche e-mail utili<\/strong>: scopri quali modelli di email hanno pi\u00f9 successo e quali eliminare utilizzando i dati sui clic e le aperture<\/li>\n<li><strong>Cronologia conversazioni completa<\/strong>:\u00a0trovi tutte le tue conversazioni telefoniche e tramite e-mail in uno stesso posto. Richiama, aggiungi note, programma attivit\u00e0, fissa appuntamenti e aggiungi numeri di telefono anonimi come nuovo lead o contatto<\/li>\n<li><strong>Assegna numeri al tuo team<\/strong>: assegna numeri di telefono ai tuoi addetti alle vendite in modo da poter iniziare a contattare i potenziali clienti immediatamente<\/li>\n<li><strong>Informazioni approfondite sui clienti<\/strong>: pianifica conversazioni utili e rilevanti con i potenziali clienti scoprendo le pagine Web che gli interessano e le loro interazioni sul tuo prodotto. Offri al tuo team delle vendite informazioni su tutti i punti di contatto dei tuoi clienti in una vista organizzata in modo cronologico<\/li>\n<li><strong>Segmentazione basata sul comportamento<\/strong>: scopri quando un contatto \u00e8 interessato alla tua azienda segmentandone le attivit\u00e0 sulla base dei dati raccolti<\/li>\n<li><strong>Punteggio lead avanzato<\/strong>: classifica i lead in base alle loro caratteristiche e ai loro comportamenti e ordina i follow-up per priorit\u00e0, da quelli che sono pronti all&#8217;acquisto a quelli che necessitano di un ulteriore contatto<\/li>\n<li><strong>Visione del cliente a 360\u00b0<\/strong>: ottieni tutti i dettagli sui tuoi clienti, come conversazioni, trattative (aperte, vinte o perse), punti di contatto con la tua azienda e le attivit\u00e0 e gli appuntamenti programmati con loro<\/li>\n<li><strong>Punteggio lead<\/strong>:\u00a0Individua e concentrati sui lead pi\u00f9 significativi utilizzando dei punteggi. Ordina i follow-up per priorit\u00e0, da quelli che sono pronti all&#8217;acquisto a quelli che necessitano di un ulteriore contatto<\/li>\n<li><strong>Appuntamenti, attivit\u00e0 e note<\/strong>: collabora con il tuo team sulle attivit\u00e0. Programma riunioni o dimostrazioni con potenziali clienti<\/li>\n<li><strong>Pipeline visiva delle vendite<\/strong>: ottieni la piena visibilit\u00e0 delle tue trattative in ogni fase. Scopri rapidamente quante trattative vi sono in ogni fase, ordinale e filtrale in base alla data di chiusura prevista e prendi decisioni informate prima di agire e spostale nella scala di vendita<\/li>\n<li><strong>Tieni sotto controllo le trattative ovunque ti trovi<\/strong>: accedi alle trattative importanti in qualunque momento. Usa le app Freshsales per dispositivi mobili per rimanere aggiornato sui dettagli delle trattative prima di partecipare a una riunione<\/li>\n<li><strong>Rerport delle vendite visivi<\/strong>:\u00a0Tieni sotto controllo l&#8217;avanzamento delle vendite in modo visivo e senza configurazioni complesse. Cogli immediatamente i risultati delle vendite con eleganti tabelle e grafici.<\/li>\n<\/ul>\n<h4>LE RECENSIONI DEGLI UTENTI<\/h4>\n<p><strong>Abhishek &#8220;Potenziale per essere un grande CRM per le vendite!&#8221;<\/strong><br \/>\nCommenti: \u00c8 un CRM decente, utile per gestire il team di vendita e tracciare il processo di vendita, ma c&#8217;\u00e8 spazio per migliorare.<br \/>\nPro: Facile da usare, interfaccia intuitiva, la configurazione iniziale \u00e8 semplice e l&#8217;integrazione \u00e8 possibile anche come Gmail. Ottimo strumento per la gestione della pipeline di vendita e molto utile per la gestione di campagne e-mail.<br \/>\nContro: L&#8217;assistenza clienti non \u00e8 all&#8217;altezza. Rispondono sempre molto tardi. Anche il sistema di reportistica non \u00e8 molto efficace.<\/p>\n<p><strong>Hussein &#8220;\u00c8 molto utile per le piccole aziende e le microimprese. Aiuta a prevedere le vendite&#8221;.<\/strong><br \/>\nPro: \u00c8 molto speciale, facile da usare, flessibile e c&#8217;\u00e8 una piattaforma di supporto e assistenza.<br \/>\nContro: La piattaforma di supporto non \u00e8 attiva 24 ore al giorno. Questo dovrebbe essere preso in considerazione<\/p>\n<p><strong>Rayno &#8220;Recensione Freshworks CRM&#8221;<\/strong><br \/>\nCommenti: Abbastanza buono, ha alcuni problemi e bug che si insinuano<br \/>\nPro: L&#8217;integrazione con Freshdesk e il modo in cui \u00e8 possibile visualizzare la pipeline.<br \/>\nContro: Funzionalit\u00e0 limitanti. Come azienda abbiamo prodotti sia in SAAS che non e, una volta nella pipeline, non posso dividere le due cose e questo causa problemi durante il filtraggio.<\/p>\n","protected":false},"excerpt":{"rendered":"<p>Freshsales \u00e8 un software CRM\u00a0creato e sviluppato dalla societ\u00e0 Freshworks. Con un&#8217;interfaccia utente altamente intuitiva e una serie di potenti funzionalit\u00e0 che includono, il lead scoring basato su AI (Artificial Intelligence), la pipeline di visual deal e le automazioni del flusso di lavoro intelligenti rendono\u00a0questo programma\u00a0completo e professionale. <\/p>\n","protected":false},"author":19,"featured_media":13390,"parent":5966,"menu_order":0,"comment_status":"open","ping_status":"closed","template":"g1_template_page_review_new.php","meta":{"_acf_changed":false,"cwp_meta_box_check":"Yes","cwp_rev_product_name":"","cwp_rev_product_image":"","wppr_links":[],"cwp_rev_price":"","wppr_options":[{"name":"Usability","value":"0"},{"name":"Speed","value":"0"},{"name":"Features","value":"0"},{"name":"Support","value":"0"},{"name":"Pricing","value":"0"}],"wppr_pros":["","","","",""],"wppr_cons":["","","","",""],"_monsterinsights_skip_tracking":false,"_monsterinsights_sitenote_active":false,"_monsterinsights_sitenote_note":"","_monsterinsights_sitenote_category":0,"footnotes":""},"categories":[120],"tags":[447,10868,449,448,427,1837],"features":[],"class_list":{"0":"post-13382","1":"page","2":"type-page","3":"status-publish","4":"has-post-thumbnail","6":"category-crm-it","7":"tag-artificial-intelligence","8":"tag-customer-relationship-management-2-it","9":"tag-follow-up","10":"tag-lead-scoring","11":"tag-programma-crm","12":"tag-software-crm-2-it"},"wppr_data":{"cwp_meta_box_check":"Yes","cwp_rev_product_name":"","_wppr_review_template":"default","cwp_rev_product_image":"","cwp_image_link":"image","wppr_links":[],"cwp_rev_price":"","wppr_pros":["","","","",""],"wppr_cons":["","","","",""],"wppr_rating":"0.00","wppr_options":{"1":{"name":"Usability","value":"0"},"2":{"name":"Speed","value":"0"},"3":{"name":"Features","value":"0"},"4":{"name":"Support","value":"0"},"5":{"name":"Pricing","value":"0"}},"wppr_review_type":"Product","wppr_review_custom_fields":{"additionalProperty":"","additionalType":"","aggregateRating":"","alternateName":"","audience":"","award":"","awards":"","brand":"","color":"","depth":"","description":"","disambiguatingDescription":"","gtin12":"","gtin13":"","gtin14":"","gtin8":"","height":"","identifier":"","image":"","isAccessoryOrSparePartFor":"","isConsumableFor":"","isRelatedTo":"","isSimilarTo":"","itemCondition":"","logo":"","mainEntityOfPage":"","manufacturer":"","material":"","model":"","mpn":"","name":"","offers":"","potentialAction":"","productID":"","productionDate":"","purchaseDate":"","releaseDate":"","review":"","reviews":"","sameAs":"","sku":"","slogan":"","subjectOf":"","url":"","weight":"","width":""}},"acf":[],"yoast_head":"<!-- This site is optimized with the Yoast SEO plugin v27.4 - https:\/\/yoast.com\/product\/yoast-seo-wordpress\/ -->\n<title>Freshsales: recensione software CRM - Accurate Reviews<\/title>\n<meta name=\"description\" content=\"Freshsales: recensione del software CRM, creato e sviluppato dalla societ\u00e0 Freshworks. Intuitivo e ricco di potenti funzionalit\u00e0.\" \/>\n<meta name=\"robots\" content=\"index, follow, max-snippet:-1, max-image-preview:large, max-video-preview:-1\" \/>\n<link rel=\"canonical\" href=\"https:\/\/www.accuratereviews.com\/it\/crm-software-migliori-lista\/freshsales-recensione\/\" \/>\n<meta property=\"og:locale\" content=\"it_IT\" \/>\n<meta property=\"og:type\" content=\"article\" \/>\n<meta property=\"og:title\" content=\"Freshsales: recensione software CRM - Accurate Reviews\" \/>\n<meta property=\"og:description\" content=\"Freshsales: recensione del software CRM, creato e sviluppato dalla societ\u00e0 Freshworks. Intuitivo e ricco di potenti funzionalit\u00e0.\" \/>\n<meta property=\"og:url\" content=\"https:\/\/www.accuratereviews.com\/it\/crm-software-migliori-lista\/freshsales-recensione\/\" \/>\n<meta property=\"og:site_name\" content=\"Accurate Reviews\" \/>\n<meta property=\"article:modified_time\" content=\"2025-12-22T10:33:30+00:00\" \/>\n<meta property=\"og:image\" content=\"https:\/\/www.accuratereviews.com\/wp-content\/uploads\/2019\/04\/freshsales-1.png\" \/>\n\t<meta property=\"og:image:width\" content=\"225\" \/>\n\t<meta property=\"og:image:height\" content=\"225\" \/>\n\t<meta property=\"og:image:type\" content=\"image\/png\" \/>\n<meta name=\"twitter:card\" content=\"summary_large_image\" \/>\n<meta name=\"twitter:label1\" content=\"Tempo di lettura stimato\" \/>\n\t<meta name=\"twitter:data1\" content=\"6 minuti\" \/>\n<script type=\"application\/ld+json\" class=\"yoast-schema-graph\">{\"@context\":\"https:\\\/\\\/schema.org\",\"@graph\":[{\"@type\":\"WebPage\",\"@id\":\"https:\\\/\\\/www.accuratereviews.com\\\/it\\\/crm-software-migliori-lista\\\/freshsales-recensione\\\/\",\"url\":\"https:\\\/\\\/www.accuratereviews.com\\\/it\\\/crm-software-migliori-lista\\\/freshsales-recensione\\\/\",\"name\":\"Freshsales: recensione software CRM - Accurate Reviews\",\"isPartOf\":{\"@id\":\"https:\\\/\\\/www.accuratereviews.com\\\/it\\\/#website\"},\"primaryImageOfPage\":{\"@id\":\"https:\\\/\\\/www.accuratereviews.com\\\/it\\\/crm-software-migliori-lista\\\/freshsales-recensione\\\/#primaryimage\"},\"image\":{\"@id\":\"https:\\\/\\\/www.accuratereviews.com\\\/it\\\/crm-software-migliori-lista\\\/freshsales-recensione\\\/#primaryimage\"},\"thumbnailUrl\":\"https:\\\/\\\/www.accuratereviews.com\\\/wp-content\\\/uploads\\\/2019\\\/04\\\/freshsales-1.png\",\"datePublished\":\"2019-04-15T08:23:51+00:00\",\"dateModified\":\"2025-12-22T10:33:30+00:00\",\"description\":\"Freshsales: recensione del software CRM, creato e sviluppato dalla societ\u00e0 Freshworks. Intuitivo e ricco di potenti funzionalit\u00e0.\",\"breadcrumb\":{\"@id\":\"https:\\\/\\\/www.accuratereviews.com\\\/it\\\/crm-software-migliori-lista\\\/freshsales-recensione\\\/#breadcrumb\"},\"inLanguage\":\"it-IT\",\"potentialAction\":[{\"@type\":\"ReadAction\",\"target\":[\"https:\\\/\\\/www.accuratereviews.com\\\/it\\\/crm-software-migliori-lista\\\/freshsales-recensione\\\/\"]}]},{\"@type\":\"ImageObject\",\"inLanguage\":\"it-IT\",\"@id\":\"https:\\\/\\\/www.accuratereviews.com\\\/it\\\/crm-software-migliori-lista\\\/freshsales-recensione\\\/#primaryimage\",\"url\":\"https:\\\/\\\/www.accuratereviews.com\\\/wp-content\\\/uploads\\\/2019\\\/04\\\/freshsales-1.png\",\"contentUrl\":\"https:\\\/\\\/www.accuratereviews.com\\\/wp-content\\\/uploads\\\/2019\\\/04\\\/freshsales-1.png\",\"width\":225,\"height\":225},{\"@type\":\"BreadcrumbList\",\"@id\":\"https:\\\/\\\/www.accuratereviews.com\\\/it\\\/crm-software-migliori-lista\\\/freshsales-recensione\\\/#breadcrumb\",\"itemListElement\":[{\"@type\":\"ListItem\",\"position\":1,\"name\":\"Home\",\"item\":\"https:\\\/\\\/www.accuratereviews.com\\\/it\\\/\"},{\"@type\":\"ListItem\",\"position\":2,\"name\":\"CRM: i software migliori\",\"item\":\"https:\\\/\\\/www.accuratereviews.com\\\/it\\\/crm-software-migliori-lista\\\/\"},{\"@type\":\"ListItem\",\"position\":3,\"name\":\"Freshsales\"}]},{\"@type\":\"WebSite\",\"@id\":\"https:\\\/\\\/www.accuratereviews.com\\\/it\\\/#website\",\"url\":\"https:\\\/\\\/www.accuratereviews.com\\\/it\\\/\",\"name\":\"Accurate Reviews\",\"description\":\"\",\"potentialAction\":[{\"@type\":\"SearchAction\",\"target\":{\"@type\":\"EntryPoint\",\"urlTemplate\":\"https:\\\/\\\/www.accuratereviews.com\\\/it\\\/?s={search_term_string}\"},\"query-input\":{\"@type\":\"PropertyValueSpecification\",\"valueRequired\":true,\"valueName\":\"search_term_string\"}}],\"inLanguage\":\"it-IT\"}]}<\/script>\n<!-- \/ Yoast SEO plugin. -->","yoast_head_json":{"title":"Freshsales: recensione software CRM - Accurate Reviews","description":"Freshsales: recensione del software CRM, creato e sviluppato dalla societ\u00e0 Freshworks. Intuitivo e ricco di potenti funzionalit\u00e0.","robots":{"index":"index","follow":"follow","max-snippet":"max-snippet:-1","max-image-preview":"max-image-preview:large","max-video-preview":"max-video-preview:-1"},"canonical":"https:\/\/www.accuratereviews.com\/it\/crm-software-migliori-lista\/freshsales-recensione\/","og_locale":"it_IT","og_type":"article","og_title":"Freshsales: recensione software CRM - Accurate Reviews","og_description":"Freshsales: recensione del software CRM, creato e sviluppato dalla societ\u00e0 Freshworks. Intuitivo e ricco di potenti funzionalit\u00e0.","og_url":"https:\/\/www.accuratereviews.com\/it\/crm-software-migliori-lista\/freshsales-recensione\/","og_site_name":"Accurate Reviews","article_modified_time":"2025-12-22T10:33:30+00:00","og_image":[{"width":225,"height":225,"url":"https:\/\/www.accuratereviews.com\/wp-content\/uploads\/2019\/04\/freshsales-1.png","type":"image\/png"}],"twitter_card":"summary_large_image","twitter_misc":{"Tempo di lettura stimato":"6 minuti"},"schema":{"@context":"https:\/\/schema.org","@graph":[{"@type":"WebPage","@id":"https:\/\/www.accuratereviews.com\/it\/crm-software-migliori-lista\/freshsales-recensione\/","url":"https:\/\/www.accuratereviews.com\/it\/crm-software-migliori-lista\/freshsales-recensione\/","name":"Freshsales: recensione software CRM - Accurate Reviews","isPartOf":{"@id":"https:\/\/www.accuratereviews.com\/it\/#website"},"primaryImageOfPage":{"@id":"https:\/\/www.accuratereviews.com\/it\/crm-software-migliori-lista\/freshsales-recensione\/#primaryimage"},"image":{"@id":"https:\/\/www.accuratereviews.com\/it\/crm-software-migliori-lista\/freshsales-recensione\/#primaryimage"},"thumbnailUrl":"https:\/\/www.accuratereviews.com\/wp-content\/uploads\/2019\/04\/freshsales-1.png","datePublished":"2019-04-15T08:23:51+00:00","dateModified":"2025-12-22T10:33:30+00:00","description":"Freshsales: recensione del software CRM, creato e sviluppato dalla societ\u00e0 Freshworks. Intuitivo e ricco di potenti funzionalit\u00e0.","breadcrumb":{"@id":"https:\/\/www.accuratereviews.com\/it\/crm-software-migliori-lista\/freshsales-recensione\/#breadcrumb"},"inLanguage":"it-IT","potentialAction":[{"@type":"ReadAction","target":["https:\/\/www.accuratereviews.com\/it\/crm-software-migliori-lista\/freshsales-recensione\/"]}]},{"@type":"ImageObject","inLanguage":"it-IT","@id":"https:\/\/www.accuratereviews.com\/it\/crm-software-migliori-lista\/freshsales-recensione\/#primaryimage","url":"https:\/\/www.accuratereviews.com\/wp-content\/uploads\/2019\/04\/freshsales-1.png","contentUrl":"https:\/\/www.accuratereviews.com\/wp-content\/uploads\/2019\/04\/freshsales-1.png","width":225,"height":225},{"@type":"BreadcrumbList","@id":"https:\/\/www.accuratereviews.com\/it\/crm-software-migliori-lista\/freshsales-recensione\/#breadcrumb","itemListElement":[{"@type":"ListItem","position":1,"name":"Home","item":"https:\/\/www.accuratereviews.com\/it\/"},{"@type":"ListItem","position":2,"name":"CRM: i software migliori","item":"https:\/\/www.accuratereviews.com\/it\/crm-software-migliori-lista\/"},{"@type":"ListItem","position":3,"name":"Freshsales"}]},{"@type":"WebSite","@id":"https:\/\/www.accuratereviews.com\/it\/#website","url":"https:\/\/www.accuratereviews.com\/it\/","name":"Accurate Reviews","description":"","potentialAction":[{"@type":"SearchAction","target":{"@type":"EntryPoint","urlTemplate":"https:\/\/www.accuratereviews.com\/it\/?s={search_term_string}"},"query-input":{"@type":"PropertyValueSpecification","valueRequired":true,"valueName":"search_term_string"}}],"inLanguage":"it-IT"}]}},"_links":{"self":[{"href":"https:\/\/www.accuratereviews.com\/it\/wp-json\/wp\/v2\/pages\/13382","targetHints":{"allow":["GET"]}}],"collection":[{"href":"https:\/\/www.accuratereviews.com\/it\/wp-json\/wp\/v2\/pages"}],"about":[{"href":"https:\/\/www.accuratereviews.com\/it\/wp-json\/wp\/v2\/types\/page"}],"author":[{"embeddable":true,"href":"https:\/\/www.accuratereviews.com\/it\/wp-json\/wp\/v2\/users\/19"}],"replies":[{"embeddable":true,"href":"https:\/\/www.accuratereviews.com\/it\/wp-json\/wp\/v2\/comments?post=13382"}],"version-history":[{"count":19,"href":"https:\/\/www.accuratereviews.com\/it\/wp-json\/wp\/v2\/pages\/13382\/revisions"}],"predecessor-version":[{"id":105794,"href":"https:\/\/www.accuratereviews.com\/it\/wp-json\/wp\/v2\/pages\/13382\/revisions\/105794"}],"up":[{"embeddable":true,"href":"https:\/\/www.accuratereviews.com\/it\/wp-json\/wp\/v2\/pages\/5966"}],"wp:featuredmedia":[{"embeddable":true,"href":"https:\/\/www.accuratereviews.com\/it\/wp-json\/wp\/v2\/media\/13390"}],"wp:attachment":[{"href":"https:\/\/www.accuratereviews.com\/it\/wp-json\/wp\/v2\/media?parent=13382"}],"wp:term":[{"taxonomy":"category","embeddable":true,"href":"https:\/\/www.accuratereviews.com\/it\/wp-json\/wp\/v2\/categories?post=13382"},{"taxonomy":"post_tag","embeddable":true,"href":"https:\/\/www.accuratereviews.com\/it\/wp-json\/wp\/v2\/tags?post=13382"},{"taxonomy":"features","embeddable":true,"href":"https:\/\/www.accuratereviews.com\/it\/wp-json\/wp\/v2\/features?post=13382"}],"curies":[{"name":"wp","href":"https:\/\/api.w.org\/{rel}","templated":true}]}}