{"id":13453,"date":"2019-04-17T11:29:33","date_gmt":"2019-04-17T11:29:33","guid":{"rendered":"https:\/\/www.accuratereviews.com\/?page_id=13453"},"modified":"2023-02-28T08:17:27","modified_gmt":"2023-02-28T08:17:27","slug":"favro-recensione","status":"publish","type":"page","link":"https:\/\/www.accuratereviews.com\/it\/crm-software-migliori-lista\/favro-recensione\/","title":{"rendered":"Favro"},"content":{"rendered":"<p class=\"tw-data-text tw-ta tw-text-small\" dir=\"ltr\" data-placeholder=\"Traduzione\"><span lang=\"it\" tabindex=\"0\"><strong>Favro<\/strong> \u00e8 \u00a0un\u00a0<strong>software CRM<\/strong> completo per la gestione e l&#8217;organizzazione dei progetti con il quale sviluppatori, marketer e dirigenti possono pianificare, tracciare e sviluppare le idee in modo rapido e semplice. Creato per adattarsi alle dimensioni e alle esigenze di qualsiasi progetto, <strong>Favro<\/strong> consente agli utenti di aggiungere funzionalit\u00e0 e integrazioni popolari come e quando ne hanno bisogno. Con team board, backlog scalabili e report aggregati oltre al supporto integrato di Kanban e SCRUM, mira a fornire soluzioni di project management semplici e solide per le aziende. Perfettamente compatibile con<\/span><span lang=\"it\" tabindex=\"0\">\u00a0dispositivi mobili come iOS e Android per avere sempre tutto a portata di mano.<\/span><\/p>\n<h2 dir=\"ltr\" data-placeholder=\"Traduzione\">FAVRO &#8211; TUTORIAL<\/h2>\n<p>Ecco un video tutorial per vedere i principali moduli di questo <strong>software CRM<\/strong>:<\/p>\n<div id=\"fluid-wrapper-counter-1\" class=\"g1-fluid-wrapper \" style=\"width:686px;\">\n<div style=\"padding-bottom:56.268221574344%;\"><iframe loading=\"lazy\" title=\"2018, April: What is Favro?\" width=\"686\" height=\"386\" src=\"https:\/\/www.youtube.com\/embed\/KVw150G1TMw?feature=oembed&amp;wmode=transparent&amp;autohide=1&amp;autoplay=0&amp;disablekb=0&amp;fs=1&amp;loop=0&amp;enablejsapi=1&amp;rel=0&amp;controls=2&amp;showinfo=0&amp;wmode=transparent&amp;autohide=2&amp;autoplay=0&amp;disablekb=0&amp;fs=1&amp;loop=0&amp;enablejsapi=1&amp;rel=0&amp;controls=2&amp;showinfo=1\" frameborder=\"0\" allow=\"accelerometer; autoplay; clipboard-write; encrypted-media; gyroscope; picture-in-picture; web-share\" allowfullscreen><\/iframe><\/div>\n<\/div>\n<h3>FAVRO &#8211; CARATTERISTICHE<\/h3>\n<ul>\n<li><span lang=\"it\" tabindex=\"0\"><strong>Cloud sicuro<\/strong>: archivia i tuoi dati nel cloud sicuro<\/span><\/li>\n<li id=\"tw-target-text\" class=\"tw-data-text tw-ta tw-text-small\" dir=\"ltr\" data-placeholder=\"Traduzione\"><span lang=\"it\" tabindex=\"0\"><strong>Boards<\/strong>: monitora i progressi con le schede flessibili e intuitive <\/span><\/li>\n<li id=\"tw-target-text\" class=\"tw-data-text tw-ta tw-text-small\" dir=\"ltr\" data-placeholder=\"Traduzione\"><span lang=\"it\" tabindex=\"0\"><strong>Backlogs<\/strong>: pianifica progetti di qualsiasi dimensione con i backlog pi\u00f9 scalabili e reattivi sul Web<\/span><\/li>\n<li id=\"tw-target-text\" class=\"tw-data-text tw-ta tw-text-small\" dir=\"ltr\" data-placeholder=\"Traduzione\"><span lang=\"it\" tabindex=\"0\"><strong>Tempi di consegna<\/strong>: visualizza e misura i tempi di consegna<\/span><\/li>\n<li id=\"tw-target-text\" class=\"tw-data-text tw-ta tw-text-small\" dir=\"ltr\" data-placeholder=\"Traduzione\"><span lang=\"it\" tabindex=\"0\"><strong>Diagrammi di flusso cumulativi<\/strong>: visualizza i grafici di flusso e distribuzione cumulativi<\/span><\/li>\n<li id=\"tw-target-text\" class=\"tw-data-text tw-ta tw-text-small\" dir=\"ltr\" data-placeholder=\"Traduzione\"><span lang=\"it\" tabindex=\"0\"><strong>Calendario<\/strong>: imposta le date di inizio e scadenza di ogni progetto<\/span><\/li>\n<li class=\"tw-data-text tw-ta tw-text-small\" dir=\"ltr\" data-placeholder=\"Traduzione\"><span lang=\"it\" tabindex=\"0\"><strong>Seguire:<\/strong> ricevi una notifica quando altri membri del team apportano modifiche al lavoro che ti interessa<\/span><\/li>\n<\/ul>\n<h4>LE RECENSIONI DEGLI UTENTI<\/h4>\n<p><strong>Devan L. &#8220;Organizzarsi con Favro&#8221;<\/strong><br \/>\nCommenti: Meraviglioso: non sono mai stato cos\u00ec organizzato con il mio lavoro.<br \/>\nPro: Adoro la facilit\u00e0 d&#8217;uso e la reattivit\u00e0 del team Favro :)<br \/>\nContro: Nessun problema finora! Questo software \u00e8 superiore agli innumerevoli altri che ho provato prima di lui.<\/p>\n<p><strong>Ramses Miguel P. Il maestro della pianificazione &#8220;<\/strong><br \/>\nCommenti: credo che questo software abbia cambiato il mio modo di pianificare tutto, \u00e8 molto intuitivo, pratico e ben organizzato.<br \/>\nPro: Questo software \u00e8 davvero pratico e utile. Utilizzo questo software da un paio di mesi e ho avuto un&#8217;esperienza molto positiva con il programma.<br \/>\nContro: Ci sono troppe funzioni che non conosco, penso che si possa fare un tutorial su come usarlo.<\/p>\n<p><strong>Andres C. &#8220;Opzione ideale per la pianificazione collaborativa&#8221;.<\/strong><br \/>\nCommenti: Usiamo questa app per la pianificazione collaborativa e funziona bene, ma pu\u00f2 essere migliorata nelle notifiche push perch\u00e9 dobbiamo ancora notificare manualmente quando un compito \u00e8 stato fatto o ha bisogno di approvazione.<br \/>\nPro: + Ottima interfaccia + Il flusso di lavoro \u00e8 ok + Buona integrazione con le app<br \/>\nContro: &#8211; Le notifiche push possono essere migliorate &#8211; Si pu\u00f2 migliorare il monitoraggio dei progressi.<\/p>\n","protected":false},"excerpt":{"rendered":"<p>Favro \u00e8 \u00a0un\u00a0software CRM\u00a0completo per la gestione e l&#8217; organizzazione dei progetti con il quale sviluppatori, marketer e dirigenti possono pianificare, tracciare ed evolvere le idee in modo rapido e semplice. Creato per adattarsi alle dimensioni e alle esigenze di qualsiasi progetto.\u00a0<\/p>\n","protected":false},"author":19,"featured_media":13487,"parent":5966,"menu_order":0,"comment_status":"open","ping_status":"closed","template":"g1_template_page_review_new.php","meta":{"_acf_changed":false,"cwp_meta_box_check":"Yes","cwp_rev_product_name":"","cwp_rev_product_image":"","wppr_links":[],"cwp_rev_price":"","wppr_options":[{"name":"Usability","value":"0"},{"name":"Speed","value":"0"},{"name":"Features","value":"0"},{"name":"Support","value":"0"},{"name":"Pricing","value":"0"}],"wppr_pros":["","","","",""],"wppr_cons":["","","","",""],"_monsterinsights_skip_tracking":false,"_monsterinsights_sitenote_active":false,"_monsterinsights_sitenote_note":"","_monsterinsights_sitenote_category":0,"footnotes":""},"categories":[120],"tags":[442,439,396,443,427,1837],"features":[],"class_list":{"0":"post-13453","1":"page","2":"type-page","3":"status-publish","4":"has-post-thumbnail","6":"category-crm-it","7":"tag-android","8":"tag-app-mobile","9":"tag-cloud","10":"tag-ios","11":"tag-programma-crm","12":"tag-software-crm-2-it"},"wppr_data":{"cwp_meta_box_check":"Yes","cwp_rev_product_name":"","_wppr_review_template":"default","cwp_rev_product_image":"","cwp_image_link":"image","wppr_links":[],"cwp_rev_price":"","wppr_pros":["","","","",""],"wppr_cons":["","","","",""],"wppr_rating":"0.00","wppr_options":{"1":{"name":"Usability","value":"0"},"2":{"name":"Speed","value":"0"},"3":{"name":"Features","value":"0"},"4":{"name":"Support","value":"0"},"5":{"name":"Pricing","value":"0"}},"wppr_review_type":"Product","wppr_review_custom_fields":{"additionalProperty":"","additionalType":"","aggregateRating":"","alternateName":"","audience":"","award":"","awards":"","brand":"","color":"","depth":"","description":"","disambiguatingDescription":"","gtin12":"","gtin13":"","gtin14":"","gtin8":"","height":"","identifier":"","image":"","isAccessoryOrSparePartFor":"","isConsumableFor":"","isRelatedTo":"","isSimilarTo":"","itemCondition":"","logo":"","mainEntityOfPage":"","manufacturer":"","material":"","model":"","mpn":"","name":"","offers":"","potentialAction":"","productID":"","productionDate":"","purchaseDate":"","releaseDate":"","review":"","reviews":"","sameAs":"","sku":"","slogan":"","subjectOf":"","url":"","weight":"","width":""}},"acf":[],"yoast_head":"<!-- This site is optimized with the Yoast SEO plugin v27.4 - https:\/\/yoast.com\/product\/yoast-seo-wordpress\/ -->\n<title>Favro: recensione software CRM - Accurate Reviews<\/title>\n<meta name=\"description\" content=\"Favro: recensione software CRM ideato per gestire agenzie creative, start-up, sviluppatori di giochi, grandi imprese e servizi aziendali professionali.\" \/>\n<meta name=\"robots\" content=\"index, follow, max-snippet:-1, max-image-preview:large, max-video-preview:-1\" \/>\n<link rel=\"canonical\" href=\"https:\/\/www.accuratereviews.com\/it\/crm-software-migliori-lista\/favro-recensione\/\" \/>\n<meta property=\"og:locale\" content=\"it_IT\" \/>\n<meta property=\"og:type\" content=\"article\" \/>\n<meta property=\"og:title\" content=\"Favro: recensione software CRM - Accurate Reviews\" \/>\n<meta property=\"og:description\" content=\"Favro: recensione software CRM ideato per gestire agenzie creative, start-up, sviluppatori di giochi, grandi imprese e servizi aziendali professionali.\" \/>\n<meta property=\"og:url\" content=\"https:\/\/www.accuratereviews.com\/it\/crm-software-migliori-lista\/favro-recensione\/\" \/>\n<meta property=\"og:site_name\" content=\"Accurate Reviews\" \/>\n<meta property=\"article:modified_time\" content=\"2023-02-28T08:17:27+00:00\" \/>\n<meta property=\"og:image\" content=\"https:\/\/www.accuratereviews.com\/wp-content\/uploads\/2019\/04\/fav.png\" \/>\n\t<meta property=\"og:image:width\" content=\"225\" \/>\n\t<meta property=\"og:image:height\" content=\"225\" \/>\n\t<meta property=\"og:image:type\" content=\"image\/png\" \/>\n<meta name=\"twitter:card\" content=\"summary_large_image\" \/>\n<meta name=\"twitter:label1\" content=\"Tempo di lettura stimato\" \/>\n\t<meta name=\"twitter:data1\" content=\"3 minuti\" \/>\n<script type=\"application\/ld+json\" class=\"yoast-schema-graph\">{\"@context\":\"https:\\\/\\\/schema.org\",\"@graph\":[{\"@type\":\"WebPage\",\"@id\":\"https:\\\/\\\/www.accuratereviews.com\\\/it\\\/crm-software-migliori-lista\\\/favro-recensione\\\/\",\"url\":\"https:\\\/\\\/www.accuratereviews.com\\\/it\\\/crm-software-migliori-lista\\\/favro-recensione\\\/\",\"name\":\"Favro: recensione software CRM - Accurate Reviews\",\"isPartOf\":{\"@id\":\"https:\\\/\\\/www.accuratereviews.com\\\/it\\\/#website\"},\"primaryImageOfPage\":{\"@id\":\"https:\\\/\\\/www.accuratereviews.com\\\/it\\\/crm-software-migliori-lista\\\/favro-recensione\\\/#primaryimage\"},\"image\":{\"@id\":\"https:\\\/\\\/www.accuratereviews.com\\\/it\\\/crm-software-migliori-lista\\\/favro-recensione\\\/#primaryimage\"},\"thumbnailUrl\":\"https:\\\/\\\/www.accuratereviews.com\\\/wp-content\\\/uploads\\\/2019\\\/04\\\/fav.png\",\"datePublished\":\"2019-04-17T11:29:33+00:00\",\"dateModified\":\"2023-02-28T08:17:27+00:00\",\"description\":\"Favro: recensione software CRM ideato per gestire agenzie creative, start-up, sviluppatori di giochi, grandi imprese e servizi aziendali professionali.\",\"breadcrumb\":{\"@id\":\"https:\\\/\\\/www.accuratereviews.com\\\/it\\\/crm-software-migliori-lista\\\/favro-recensione\\\/#breadcrumb\"},\"inLanguage\":\"it-IT\",\"potentialAction\":[{\"@type\":\"ReadAction\",\"target\":[\"https:\\\/\\\/www.accuratereviews.com\\\/it\\\/crm-software-migliori-lista\\\/favro-recensione\\\/\"]}]},{\"@type\":\"ImageObject\",\"inLanguage\":\"it-IT\",\"@id\":\"https:\\\/\\\/www.accuratereviews.com\\\/it\\\/crm-software-migliori-lista\\\/favro-recensione\\\/#primaryimage\",\"url\":\"https:\\\/\\\/www.accuratereviews.com\\\/wp-content\\\/uploads\\\/2019\\\/04\\\/fav.png\",\"contentUrl\":\"https:\\\/\\\/www.accuratereviews.com\\\/wp-content\\\/uploads\\\/2019\\\/04\\\/fav.png\",\"width\":225,\"height\":225},{\"@type\":\"BreadcrumbList\",\"@id\":\"https:\\\/\\\/www.accuratereviews.com\\\/it\\\/crm-software-migliori-lista\\\/favro-recensione\\\/#breadcrumb\",\"itemListElement\":[{\"@type\":\"ListItem\",\"position\":1,\"name\":\"Home\",\"item\":\"https:\\\/\\\/www.accuratereviews.com\\\/it\\\/\"},{\"@type\":\"ListItem\",\"position\":2,\"name\":\"CRM: i software migliori\",\"item\":\"https:\\\/\\\/www.accuratereviews.com\\\/it\\\/crm-software-migliori-lista\\\/\"},{\"@type\":\"ListItem\",\"position\":3,\"name\":\"Favro\"}]},{\"@type\":\"WebSite\",\"@id\":\"https:\\\/\\\/www.accuratereviews.com\\\/it\\\/#website\",\"url\":\"https:\\\/\\\/www.accuratereviews.com\\\/it\\\/\",\"name\":\"Accurate Reviews\",\"description\":\"\",\"potentialAction\":[{\"@type\":\"SearchAction\",\"target\":{\"@type\":\"EntryPoint\",\"urlTemplate\":\"https:\\\/\\\/www.accuratereviews.com\\\/it\\\/?s={search_term_string}\"},\"query-input\":{\"@type\":\"PropertyValueSpecification\",\"valueRequired\":true,\"valueName\":\"search_term_string\"}}],\"inLanguage\":\"it-IT\"}]}<\/script>\n<!-- \/ Yoast SEO plugin. -->","yoast_head_json":{"title":"Favro: recensione software CRM - Accurate Reviews","description":"Favro: recensione software CRM ideato per gestire agenzie creative, start-up, sviluppatori di giochi, grandi imprese e servizi aziendali professionali.","robots":{"index":"index","follow":"follow","max-snippet":"max-snippet:-1","max-image-preview":"max-image-preview:large","max-video-preview":"max-video-preview:-1"},"canonical":"https:\/\/www.accuratereviews.com\/it\/crm-software-migliori-lista\/favro-recensione\/","og_locale":"it_IT","og_type":"article","og_title":"Favro: recensione software CRM - Accurate Reviews","og_description":"Favro: recensione software CRM ideato per gestire agenzie creative, start-up, sviluppatori di giochi, grandi imprese e servizi aziendali professionali.","og_url":"https:\/\/www.accuratereviews.com\/it\/crm-software-migliori-lista\/favro-recensione\/","og_site_name":"Accurate Reviews","article_modified_time":"2023-02-28T08:17:27+00:00","og_image":[{"width":225,"height":225,"url":"https:\/\/www.accuratereviews.com\/wp-content\/uploads\/2019\/04\/fav.png","type":"image\/png"}],"twitter_card":"summary_large_image","twitter_misc":{"Tempo di lettura stimato":"3 minuti"},"schema":{"@context":"https:\/\/schema.org","@graph":[{"@type":"WebPage","@id":"https:\/\/www.accuratereviews.com\/it\/crm-software-migliori-lista\/favro-recensione\/","url":"https:\/\/www.accuratereviews.com\/it\/crm-software-migliori-lista\/favro-recensione\/","name":"Favro: recensione software CRM - Accurate Reviews","isPartOf":{"@id":"https:\/\/www.accuratereviews.com\/it\/#website"},"primaryImageOfPage":{"@id":"https:\/\/www.accuratereviews.com\/it\/crm-software-migliori-lista\/favro-recensione\/#primaryimage"},"image":{"@id":"https:\/\/www.accuratereviews.com\/it\/crm-software-migliori-lista\/favro-recensione\/#primaryimage"},"thumbnailUrl":"https:\/\/www.accuratereviews.com\/wp-content\/uploads\/2019\/04\/fav.png","datePublished":"2019-04-17T11:29:33+00:00","dateModified":"2023-02-28T08:17:27+00:00","description":"Favro: recensione software CRM ideato per gestire agenzie creative, start-up, sviluppatori di giochi, grandi imprese e servizi aziendali professionali.","breadcrumb":{"@id":"https:\/\/www.accuratereviews.com\/it\/crm-software-migliori-lista\/favro-recensione\/#breadcrumb"},"inLanguage":"it-IT","potentialAction":[{"@type":"ReadAction","target":["https:\/\/www.accuratereviews.com\/it\/crm-software-migliori-lista\/favro-recensione\/"]}]},{"@type":"ImageObject","inLanguage":"it-IT","@id":"https:\/\/www.accuratereviews.com\/it\/crm-software-migliori-lista\/favro-recensione\/#primaryimage","url":"https:\/\/www.accuratereviews.com\/wp-content\/uploads\/2019\/04\/fav.png","contentUrl":"https:\/\/www.accuratereviews.com\/wp-content\/uploads\/2019\/04\/fav.png","width":225,"height":225},{"@type":"BreadcrumbList","@id":"https:\/\/www.accuratereviews.com\/it\/crm-software-migliori-lista\/favro-recensione\/#breadcrumb","itemListElement":[{"@type":"ListItem","position":1,"name":"Home","item":"https:\/\/www.accuratereviews.com\/it\/"},{"@type":"ListItem","position":2,"name":"CRM: i software migliori","item":"https:\/\/www.accuratereviews.com\/it\/crm-software-migliori-lista\/"},{"@type":"ListItem","position":3,"name":"Favro"}]},{"@type":"WebSite","@id":"https:\/\/www.accuratereviews.com\/it\/#website","url":"https:\/\/www.accuratereviews.com\/it\/","name":"Accurate Reviews","description":"","potentialAction":[{"@type":"SearchAction","target":{"@type":"EntryPoint","urlTemplate":"https:\/\/www.accuratereviews.com\/it\/?s={search_term_string}"},"query-input":{"@type":"PropertyValueSpecification","valueRequired":true,"valueName":"search_term_string"}}],"inLanguage":"it-IT"}]}},"_links":{"self":[{"href":"https:\/\/www.accuratereviews.com\/it\/wp-json\/wp\/v2\/pages\/13453","targetHints":{"allow":["GET"]}}],"collection":[{"href":"https:\/\/www.accuratereviews.com\/it\/wp-json\/wp\/v2\/pages"}],"about":[{"href":"https:\/\/www.accuratereviews.com\/it\/wp-json\/wp\/v2\/types\/page"}],"author":[{"embeddable":true,"href":"https:\/\/www.accuratereviews.com\/it\/wp-json\/wp\/v2\/users\/19"}],"replies":[{"embeddable":true,"href":"https:\/\/www.accuratereviews.com\/it\/wp-json\/wp\/v2\/comments?post=13453"}],"version-history":[{"count":16,"href":"https:\/\/www.accuratereviews.com\/it\/wp-json\/wp\/v2\/pages\/13453\/revisions"}],"predecessor-version":[{"id":67546,"href":"https:\/\/www.accuratereviews.com\/it\/wp-json\/wp\/v2\/pages\/13453\/revisions\/67546"}],"up":[{"embeddable":true,"href":"https:\/\/www.accuratereviews.com\/it\/wp-json\/wp\/v2\/pages\/5966"}],"wp:featuredmedia":[{"embeddable":true,"href":"https:\/\/www.accuratereviews.com\/it\/wp-json\/wp\/v2\/media\/13487"}],"wp:attachment":[{"href":"https:\/\/www.accuratereviews.com\/it\/wp-json\/wp\/v2\/media?parent=13453"}],"wp:term":[{"taxonomy":"category","embeddable":true,"href":"https:\/\/www.accuratereviews.com\/it\/wp-json\/wp\/v2\/categories?post=13453"},{"taxonomy":"post_tag","embeddable":true,"href":"https:\/\/www.accuratereviews.com\/it\/wp-json\/wp\/v2\/tags?post=13453"},{"taxonomy":"features","embeddable":true,"href":"https:\/\/www.accuratereviews.com\/it\/wp-json\/wp\/v2\/features?post=13453"}],"curies":[{"name":"wp","href":"https:\/\/api.w.org\/{rel}","templated":true}]}}