{"id":13502,"date":"2019-04-17T11:30:43","date_gmt":"2019-04-17T11:30:43","guid":{"rendered":"https:\/\/www.accuratereviews.com\/?page_id=13502"},"modified":"2023-02-28T08:23:56","modified_gmt":"2023-02-28T08:23:56","slug":"open-crm-recensione","status":"publish","type":"page","link":"https:\/\/www.accuratereviews.com\/it\/crm-software-migliori-lista\/open-crm-recensione\/","title":{"rendered":"Open CRM"},"content":{"rendered":"<p><strong>Open CRM<\/strong> offre, in unico <strong>software\u00a0CRM<\/strong>, tutti gli strumenti necessari a gestire e a tenere sotto controllo la tua attivit\u00e0 aziendale. Puoi seguire quindi tutte le fasi legate al processo di vendita, alla <strong>gestione dei\u00a0clienti<\/strong>, dei contatti, delle finanze, degli eventi, dei progetti e di tanto altro!<\/p>\n<p>\u00c8 un <strong>programma CRM<\/strong>\u00a0online che sfrutta la funzionalit\u00e0 <strong>Cloud<\/strong> e permette la sincronizzazione con Outlook, Xero, Sage, Jotform ecc. Con la sua interfaccia semplice e intuitiva, ti consentir\u00e0 di semplificare tutte quelle operazioni aziendali che hanno sempre richiesto sforzi e tempi lunghi, riuscendo cos\u00ec a <strong>migliorare le relazioni con i clienti<\/strong> e ottimizzando le vendite.<\/p>\n<p><a href=\"https:\/\/www.accuratereviews.com\/wp-content\/uploads\/2021\/04\/Schermata-2021-04-28-alle-15.14.55.png\"><img loading=\"lazy\" decoding=\"async\" class=\"alignnone size-full wp-image-41272\" src=\"https:\/\/www.accuratereviews.com\/wp-content\/uploads\/2021\/04\/Schermata-2021-04-28-alle-15.14.55.png\" alt=\"\" width=\"1398\" height=\"1250\" srcset=\"https:\/\/www.accuratereviews.com\/wp-content\/uploads\/2021\/04\/Schermata-2021-04-28-alle-15.14.55.png 1398w, https:\/\/www.accuratereviews.com\/wp-content\/uploads\/2021\/04\/Schermata-2021-04-28-alle-15.14.55-300x268.png 300w, https:\/\/www.accuratereviews.com\/wp-content\/uploads\/2021\/04\/Schermata-2021-04-28-alle-15.14.55-1024x916.png 1024w, https:\/\/www.accuratereviews.com\/wp-content\/uploads\/2021\/04\/Schermata-2021-04-28-alle-15.14.55-768x687.png 768w, https:\/\/www.accuratereviews.com\/wp-content\/uploads\/2021\/04\/Schermata-2021-04-28-alle-15.14.55-140x125.png 140w, https:\/\/www.accuratereviews.com\/wp-content\/uploads\/2021\/04\/Schermata-2021-04-28-alle-15.14.55-50x45.png 50w, https:\/\/www.accuratereviews.com\/wp-content\/uploads\/2021\/04\/Schermata-2021-04-28-alle-15.14.55-968x866.png 968w, https:\/\/www.accuratereviews.com\/wp-content\/uploads\/2021\/04\/Schermata-2021-04-28-alle-15.14.55-636x569.png 636w, https:\/\/www.accuratereviews.com\/wp-content\/uploads\/2021\/04\/Schermata-2021-04-28-alle-15.14.55-320x286.png 320w, https:\/\/www.accuratereviews.com\/wp-content\/uploads\/2021\/04\/Schermata-2021-04-28-alle-15.14.55-239x214.png 239w\" sizes=\"auto, (max-width: 1398px) 100vw, 1398px\" \/><\/a><\/p>\n<h2>OPEN CRM &#8211; CARATTERISTICHE<\/h2>\n<p>Per quanto riguarda le sue principali caratteristiche, troviamo:<\/p>\n<ul>\n<li><strong>Gestione delle vendite<\/strong>: tieni sotto controllo i ricavi, le vendite, i lead e le opportunit\u00e0 di vendita<\/li>\n<li><strong>Gestione dei contatti<\/strong>: migliora le relazioni con i clienti e i potenziali clienti, riuscendo a mantenere i rapporti con quelli gi\u00e0 fidelizzati e costruire delle basi solide anche i potenziali clienti<\/li>\n<li><strong>Gestione delle attivit\u00e0<\/strong>: stai sempre al passo con tutto e tieni traccia delle attivit\u00e0 che interessano la tua azienda<\/li>\n<li><strong>Gestione dei progetti<\/strong>: controlla lo stato di avanzamento del progetto e organizzati con la tua squadra per la divisione dei compiti<\/li>\n<li><strong>Gestione dei prodotti e\u00a0delle scorte<\/strong>: traccia ogni prodotto, ordine e scorta per avere un pieno controllo delle attivit\u00e0 aziendali<\/li>\n<li><strong>Supporto clienti<\/strong>: affidati all&#8217;assistenza clienti nel caso in cui ne avessi necessit\u00e0.<\/li>\n<\/ul>\n<h4>LE RECENSIONI DEGLI UTENTI<\/h4>\n<p><strong>Nicola N. &#8220;Feedback OCRM&#8221;<\/strong><br \/>\nCommenti: Positivo &#8211; utile<br \/>\nPro: OCRM \u00e8 facile da usare e da inserire, non \u00e8 complicato.<br \/>\nContro: Ci sono funzionalit\u00e0 aggiuntive come le automazioni di cui abbiamo bisogno.<\/p>\n<p><strong>Dominic G. &#8220;Perfetto per tutti i gusti&#8221;<\/strong><br \/>\nCommenti: Nel complesso un&#8217;ottima esperienza. Ha cambiato in meglio il modo di gestire la nostra attivit\u00e0. Siamo molto pi\u00f9 organizzati e le cose funzionano molto meglio in tutta l&#8217;azienda.<br \/>\nPro: OpenCRM fa tutto ci\u00f2 di cui si ha bisogno per un CRM. La parte migliore di questa soluzione \u00e8 che si pu\u00f2 fare tutto in un unico posto.<br \/>\nContro: Pur facendo tante cose, non fa tutto allo stesso livello di altri pacchetti che si concentrano maggiormente su determinati aspetti.<\/p>\n<p><strong>Stuart R. &#8221; Un ottimo CRM, ricco di funzioni e l&#8217;unico trovato che fa tutto&#8221;.<\/strong><br \/>\nCommenti: brillante, un ottimo prodotto che fa il 99% di ci\u00f2 di cui abbiamo bisogno e che pu\u00f2 anche essere modificato da OPenCRM se necessario.<br \/>\nPro: Avevamo bisogno di una soluzione completa che gestisse clienti, contatti e opportunit\u00e0, trasformandoli facilmente in progetti e in attivit\u00e0 di progetto. Open CRM fa tutto questo<br \/>\nContro: L&#8217;amministrazione potrebbe essere &#8220;pi\u00f9 facile da usare&#8221; sui dispositivi mobili.<\/p>\n","protected":false},"excerpt":{"rendered":"<p>Open CRM offre, in unico software\u00a0CRM, tutti gli strumenti necessari a gestire e a tenere sotto controllo la tua attivit\u00e0 aziendale. Puoi seguire quindi tutte le fasi legate al processo di vendita, alla gestione dei\u00a0clienti, dei contatti, delle finanze, degli eventi, dei progetti e di tanto altro!<\/p>\n","protected":false},"author":17,"featured_media":13504,"parent":5966,"menu_order":0,"comment_status":"open","ping_status":"closed","template":"g1_template_page_review_new.php","meta":{"_acf_changed":false,"cwp_meta_box_check":"Yes","cwp_rev_product_name":"","cwp_rev_product_image":"","wppr_links":[],"cwp_rev_price":"","wppr_options":[{"name":"Usability","value":"0"},{"name":"Speed","value":"0"},{"name":"Features","value":"0"},{"name":"Support","value":"0"},{"name":"Pricing","value":"0"}],"wppr_pros":["","","","",""],"wppr_cons":["","","","",""],"_monsterinsights_skip_tracking":false,"_monsterinsights_sitenote_active":false,"_monsterinsights_sitenote_note":"","_monsterinsights_sitenote_category":0,"footnotes":""},"categories":[120],"tags":[10761,10868,425,458,426],"features":[],"class_list":{"0":"post-13502","1":"page","2":"type-page","3":"status-publish","4":"has-post-thumbnail","6":"category-crm-it","7":"tag-crm-software-2-it","8":"tag-customer-relationship-management-2-it","9":"tag-gestione-clienti","10":"tag-open-crm","11":"tag-sistema-crm"},"wppr_data":{"cwp_meta_box_check":"Yes","cwp_rev_product_name":"","_wppr_review_template":"default","cwp_rev_product_image":"","cwp_image_link":"image","wppr_links":[],"cwp_rev_price":"","wppr_pros":["","","","",""],"wppr_cons":["","","","",""],"wppr_rating":"0.00","wppr_options":{"1":{"name":"Usability","value":"0"},"2":{"name":"Speed","value":"0"},"3":{"name":"Features","value":"0"},"4":{"name":"Support","value":"0"},"5":{"name":"Pricing","value":"0"}},"wppr_review_type":"Product","wppr_review_custom_fields":{"additionalProperty":"","additionalType":"","aggregateRating":"","alternateName":"","audience":"","award":"","awards":"","brand":"","color":"","depth":"","description":"","disambiguatingDescription":"","gtin12":"","gtin13":"","gtin14":"","gtin8":"","height":"","identifier":"","image":"","isAccessoryOrSparePartFor":"","isConsumableFor":"","isRelatedTo":"","isSimilarTo":"","itemCondition":"","logo":"","mainEntityOfPage":"","manufacturer":"","material":"","model":"","mpn":"","name":"","offers":"","potentialAction":"","productID":"","productionDate":"","purchaseDate":"","releaseDate":"","review":"","reviews":"","sameAs":"","sku":"","slogan":"","subjectOf":"","url":"","weight":"","width":""}},"acf":[],"yoast_head":"<!-- This site is optimized with the Yoast SEO plugin v27.4 - https:\/\/yoast.com\/product\/yoast-seo-wordpress\/ -->\n<title>Open CRM: recensione software CRM - Accurate Reviews<\/title>\n<meta name=\"description\" content=\"Open CRM: recensione del software\u00a0CRM che offre tutti gli strumenti necessari a gestire e a tenere sotto controllo la tua attivit\u00e0 aziendale.\" \/>\n<meta name=\"robots\" content=\"index, follow, max-snippet:-1, max-image-preview:large, max-video-preview:-1\" \/>\n<link rel=\"canonical\" href=\"https:\/\/www.accuratereviews.com\/it\/crm-software-migliori-lista\/open-crm-recensione\/\" \/>\n<meta property=\"og:locale\" content=\"it_IT\" \/>\n<meta property=\"og:type\" content=\"article\" \/>\n<meta property=\"og:title\" content=\"Open CRM: recensione software CRM - Accurate Reviews\" \/>\n<meta property=\"og:description\" content=\"Open CRM: recensione del software\u00a0CRM che offre tutti gli strumenti necessari a gestire e a tenere sotto controllo la tua attivit\u00e0 aziendale.\" \/>\n<meta property=\"og:url\" content=\"https:\/\/www.accuratereviews.com\/it\/crm-software-migliori-lista\/open-crm-recensione\/\" \/>\n<meta property=\"og:site_name\" content=\"Accurate Reviews\" \/>\n<meta property=\"article:modified_time\" content=\"2023-02-28T08:23:56+00:00\" \/>\n<meta property=\"og:image\" content=\"https:\/\/www.accuratereviews.com\/wp-content\/uploads\/2019\/04\/Unknown-1-e1555490367769.jpeg\" \/>\n\t<meta property=\"og:image:width\" content=\"200\" \/>\n\t<meta property=\"og:image:height\" content=\"76\" \/>\n\t<meta property=\"og:image:type\" content=\"image\/jpeg\" \/>\n<meta name=\"twitter:card\" content=\"summary_large_image\" \/>\n<meta name=\"twitter:label1\" content=\"Tempo di lettura stimato\" \/>\n\t<meta name=\"twitter:data1\" content=\"3 minuti\" \/>\n<script type=\"application\/ld+json\" class=\"yoast-schema-graph\">{\"@context\":\"https:\\\/\\\/schema.org\",\"@graph\":[{\"@type\":\"WebPage\",\"@id\":\"https:\\\/\\\/www.accuratereviews.com\\\/it\\\/crm-software-migliori-lista\\\/open-crm-recensione\\\/\",\"url\":\"https:\\\/\\\/www.accuratereviews.com\\\/it\\\/crm-software-migliori-lista\\\/open-crm-recensione\\\/\",\"name\":\"Open CRM: recensione software CRM - Accurate Reviews\",\"isPartOf\":{\"@id\":\"https:\\\/\\\/www.accuratereviews.com\\\/it\\\/#website\"},\"primaryImageOfPage\":{\"@id\":\"https:\\\/\\\/www.accuratereviews.com\\\/it\\\/crm-software-migliori-lista\\\/open-crm-recensione\\\/#primaryimage\"},\"image\":{\"@id\":\"https:\\\/\\\/www.accuratereviews.com\\\/it\\\/crm-software-migliori-lista\\\/open-crm-recensione\\\/#primaryimage\"},\"thumbnailUrl\":\"https:\\\/\\\/www.accuratereviews.com\\\/wp-content\\\/uploads\\\/2019\\\/04\\\/Unknown-1-e1555490367769.jpeg\",\"datePublished\":\"2019-04-17T11:30:43+00:00\",\"dateModified\":\"2023-02-28T08:23:56+00:00\",\"description\":\"Open CRM: recensione del software\u00a0CRM che offre tutti gli strumenti necessari a gestire e a tenere sotto controllo la tua attivit\u00e0 aziendale.\",\"breadcrumb\":{\"@id\":\"https:\\\/\\\/www.accuratereviews.com\\\/it\\\/crm-software-migliori-lista\\\/open-crm-recensione\\\/#breadcrumb\"},\"inLanguage\":\"it-IT\",\"potentialAction\":[{\"@type\":\"ReadAction\",\"target\":[\"https:\\\/\\\/www.accuratereviews.com\\\/it\\\/crm-software-migliori-lista\\\/open-crm-recensione\\\/\"]}]},{\"@type\":\"ImageObject\",\"inLanguage\":\"it-IT\",\"@id\":\"https:\\\/\\\/www.accuratereviews.com\\\/it\\\/crm-software-migliori-lista\\\/open-crm-recensione\\\/#primaryimage\",\"url\":\"https:\\\/\\\/www.accuratereviews.com\\\/wp-content\\\/uploads\\\/2019\\\/04\\\/Unknown-1-e1555490367769.jpeg\",\"contentUrl\":\"https:\\\/\\\/www.accuratereviews.com\\\/wp-content\\\/uploads\\\/2019\\\/04\\\/Unknown-1-e1555490367769.jpeg\",\"width\":200,\"height\":76},{\"@type\":\"BreadcrumbList\",\"@id\":\"https:\\\/\\\/www.accuratereviews.com\\\/it\\\/crm-software-migliori-lista\\\/open-crm-recensione\\\/#breadcrumb\",\"itemListElement\":[{\"@type\":\"ListItem\",\"position\":1,\"name\":\"Home\",\"item\":\"https:\\\/\\\/www.accuratereviews.com\\\/it\\\/\"},{\"@type\":\"ListItem\",\"position\":2,\"name\":\"CRM: i software migliori\",\"item\":\"https:\\\/\\\/www.accuratereviews.com\\\/it\\\/crm-software-migliori-lista\\\/\"},{\"@type\":\"ListItem\",\"position\":3,\"name\":\"Open CRM\"}]},{\"@type\":\"WebSite\",\"@id\":\"https:\\\/\\\/www.accuratereviews.com\\\/it\\\/#website\",\"url\":\"https:\\\/\\\/www.accuratereviews.com\\\/it\\\/\",\"name\":\"Accurate Reviews\",\"description\":\"\",\"potentialAction\":[{\"@type\":\"SearchAction\",\"target\":{\"@type\":\"EntryPoint\",\"urlTemplate\":\"https:\\\/\\\/www.accuratereviews.com\\\/it\\\/?s={search_term_string}\"},\"query-input\":{\"@type\":\"PropertyValueSpecification\",\"valueRequired\":true,\"valueName\":\"search_term_string\"}}],\"inLanguage\":\"it-IT\"}]}<\/script>\n<!-- \/ Yoast SEO plugin. -->","yoast_head_json":{"title":"Open CRM: recensione software CRM - Accurate Reviews","description":"Open CRM: recensione del software\u00a0CRM che offre tutti gli strumenti necessari a gestire e a tenere sotto controllo la tua attivit\u00e0 aziendale.","robots":{"index":"index","follow":"follow","max-snippet":"max-snippet:-1","max-image-preview":"max-image-preview:large","max-video-preview":"max-video-preview:-1"},"canonical":"https:\/\/www.accuratereviews.com\/it\/crm-software-migliori-lista\/open-crm-recensione\/","og_locale":"it_IT","og_type":"article","og_title":"Open CRM: recensione software CRM - Accurate Reviews","og_description":"Open CRM: recensione del software\u00a0CRM che offre tutti gli strumenti necessari a gestire e a tenere sotto controllo la tua attivit\u00e0 aziendale.","og_url":"https:\/\/www.accuratereviews.com\/it\/crm-software-migliori-lista\/open-crm-recensione\/","og_site_name":"Accurate Reviews","article_modified_time":"2023-02-28T08:23:56+00:00","og_image":[{"width":200,"height":76,"url":"https:\/\/www.accuratereviews.com\/wp-content\/uploads\/2019\/04\/Unknown-1-e1555490367769.jpeg","type":"image\/jpeg"}],"twitter_card":"summary_large_image","twitter_misc":{"Tempo di lettura stimato":"3 minuti"},"schema":{"@context":"https:\/\/schema.org","@graph":[{"@type":"WebPage","@id":"https:\/\/www.accuratereviews.com\/it\/crm-software-migliori-lista\/open-crm-recensione\/","url":"https:\/\/www.accuratereviews.com\/it\/crm-software-migliori-lista\/open-crm-recensione\/","name":"Open CRM: recensione software CRM - Accurate Reviews","isPartOf":{"@id":"https:\/\/www.accuratereviews.com\/it\/#website"},"primaryImageOfPage":{"@id":"https:\/\/www.accuratereviews.com\/it\/crm-software-migliori-lista\/open-crm-recensione\/#primaryimage"},"image":{"@id":"https:\/\/www.accuratereviews.com\/it\/crm-software-migliori-lista\/open-crm-recensione\/#primaryimage"},"thumbnailUrl":"https:\/\/www.accuratereviews.com\/wp-content\/uploads\/2019\/04\/Unknown-1-e1555490367769.jpeg","datePublished":"2019-04-17T11:30:43+00:00","dateModified":"2023-02-28T08:23:56+00:00","description":"Open CRM: recensione del software\u00a0CRM che offre tutti gli strumenti necessari a gestire e a tenere sotto controllo la tua attivit\u00e0 aziendale.","breadcrumb":{"@id":"https:\/\/www.accuratereviews.com\/it\/crm-software-migliori-lista\/open-crm-recensione\/#breadcrumb"},"inLanguage":"it-IT","potentialAction":[{"@type":"ReadAction","target":["https:\/\/www.accuratereviews.com\/it\/crm-software-migliori-lista\/open-crm-recensione\/"]}]},{"@type":"ImageObject","inLanguage":"it-IT","@id":"https:\/\/www.accuratereviews.com\/it\/crm-software-migliori-lista\/open-crm-recensione\/#primaryimage","url":"https:\/\/www.accuratereviews.com\/wp-content\/uploads\/2019\/04\/Unknown-1-e1555490367769.jpeg","contentUrl":"https:\/\/www.accuratereviews.com\/wp-content\/uploads\/2019\/04\/Unknown-1-e1555490367769.jpeg","width":200,"height":76},{"@type":"BreadcrumbList","@id":"https:\/\/www.accuratereviews.com\/it\/crm-software-migliori-lista\/open-crm-recensione\/#breadcrumb","itemListElement":[{"@type":"ListItem","position":1,"name":"Home","item":"https:\/\/www.accuratereviews.com\/it\/"},{"@type":"ListItem","position":2,"name":"CRM: i software migliori","item":"https:\/\/www.accuratereviews.com\/it\/crm-software-migliori-lista\/"},{"@type":"ListItem","position":3,"name":"Open CRM"}]},{"@type":"WebSite","@id":"https:\/\/www.accuratereviews.com\/it\/#website","url":"https:\/\/www.accuratereviews.com\/it\/","name":"Accurate Reviews","description":"","potentialAction":[{"@type":"SearchAction","target":{"@type":"EntryPoint","urlTemplate":"https:\/\/www.accuratereviews.com\/it\/?s={search_term_string}"},"query-input":{"@type":"PropertyValueSpecification","valueRequired":true,"valueName":"search_term_string"}}],"inLanguage":"it-IT"}]}},"_links":{"self":[{"href":"https:\/\/www.accuratereviews.com\/it\/wp-json\/wp\/v2\/pages\/13502","targetHints":{"allow":["GET"]}}],"collection":[{"href":"https:\/\/www.accuratereviews.com\/it\/wp-json\/wp\/v2\/pages"}],"about":[{"href":"https:\/\/www.accuratereviews.com\/it\/wp-json\/wp\/v2\/types\/page"}],"author":[{"embeddable":true,"href":"https:\/\/www.accuratereviews.com\/it\/wp-json\/wp\/v2\/users\/17"}],"replies":[{"embeddable":true,"href":"https:\/\/www.accuratereviews.com\/it\/wp-json\/wp\/v2\/comments?post=13502"}],"version-history":[{"count":7,"href":"https:\/\/www.accuratereviews.com\/it\/wp-json\/wp\/v2\/pages\/13502\/revisions"}],"predecessor-version":[{"id":67549,"href":"https:\/\/www.accuratereviews.com\/it\/wp-json\/wp\/v2\/pages\/13502\/revisions\/67549"}],"up":[{"embeddable":true,"href":"https:\/\/www.accuratereviews.com\/it\/wp-json\/wp\/v2\/pages\/5966"}],"wp:featuredmedia":[{"embeddable":true,"href":"https:\/\/www.accuratereviews.com\/it\/wp-json\/wp\/v2\/media\/13504"}],"wp:attachment":[{"href":"https:\/\/www.accuratereviews.com\/it\/wp-json\/wp\/v2\/media?parent=13502"}],"wp:term":[{"taxonomy":"category","embeddable":true,"href":"https:\/\/www.accuratereviews.com\/it\/wp-json\/wp\/v2\/categories?post=13502"},{"taxonomy":"post_tag","embeddable":true,"href":"https:\/\/www.accuratereviews.com\/it\/wp-json\/wp\/v2\/tags?post=13502"},{"taxonomy":"features","embeddable":true,"href":"https:\/\/www.accuratereviews.com\/it\/wp-json\/wp\/v2\/features?post=13502"}],"curies":[{"name":"wp","href":"https:\/\/api.w.org\/{rel}","templated":true}]}}