{"id":13548,"date":"2019-04-19T12:57:06","date_gmt":"2019-04-19T12:57:06","guid":{"rendered":"https:\/\/www.accuratereviews.com\/?page_id=13548"},"modified":"2021-03-18T11:18:09","modified_gmt":"2021-03-18T11:18:09","slug":"audacity-recensione","status":"publish","type":"page","link":"https:\/\/www.accuratereviews.com\/it\/audio-editing-lista-software\/audacity-recensione\/","title":{"rendered":"Audacity &#8211; Programma di Audio Editing Free"},"content":{"rendered":"<p>Nel campo dei software di <strong>audio editing\u00a0open source<\/strong>, il nome di <strong>Audacity<\/strong> emerge per la sua popolarit\u00e0. In ambito casalingo e per semplici lavori potrebbe essere una giusta soluzione, sia per la sua leggerezza, sia perch\u00e9 \u00e8 <strong>gratuito<\/strong>. Il software \u00e8 soprattutto <strong>multipiattaforma<\/strong>, disponibile quindi al download per sistemi Windows, Linux e MacOS. Audacity \u00e8 messo a punto da un gruppo di sviluppatori della community e distribuito a codice aperto sotto <strong>licenza GPL<\/strong>. Il software gestisce il multitraccia audio e permette funzionalit\u00e0 di base per la registrazione e l&#8217;editing audio e il MIDI. Risulta perfetto per semplici lavori come il cambiare al volo una tonalit\u00e0 di un file audio e per l&#8217;esportazione di formato. Il salvataggio di file mp3 \u00e8 possibile tramite l&#8217;installazione di un plugin aggiuntivo, per maggiori dettagli visitare la nostra guida su <a href=\"https:\/\/www.accuratereviews.com\/it\/come-esportare-mp3-con-audacity\/\">come esportare mp3 con Audacity<\/a>\u00a0. Sono disponibili anche funzioni di normalizzazione, cambi volume e <strong>mixaggio di base<\/strong>. Anche il campo effetti \u00e8 limitato, ma \u00e8 possibile estendere le funzionalit\u00e0 tramite plugin aggiuntivi come le librerie Nyquist. Audacity \u00e8 compatibile con gli standard VST, Audio Unit e LV2. Anche le semplici funzioni di taglio, copia, incolla e spostamento della traccia possono essere eseguite rapidamente senza enormi pretese. Audacity \u00e8 integrato di default nella versione di Linux\u00a0<a href=\"https:\/\/ubuntustudio.org\" target=\"_blank\" rel=\"noopener noreferrer\">Ubuntu Studio<\/a>.<\/p>\n<p>Audacity \u00e8 comodo per semplici operazioni veloci e leggere dove non sono richiesti interventi.<\/p>\n<p><a href=\"https:\/\/www.accuratereviews.com\/wp-content\/uploads\/2019\/04\/audacity-1000-570.jpg\"><img loading=\"lazy\" decoding=\"async\" class=\"size-full wp-image-13551 aligncenter\" src=\"https:\/\/www.accuratereviews.com\/wp-content\/uploads\/2019\/04\/audacity-1000-570.jpg\" alt=\"Audacity screenshot\" width=\"1000\" height=\"563\" srcset=\"https:\/\/www.accuratereviews.com\/wp-content\/uploads\/2019\/04\/audacity-1000-570.jpg 1000w, https:\/\/www.accuratereviews.com\/wp-content\/uploads\/2019\/04\/audacity-1000-570-300x169.jpg 300w, https:\/\/www.accuratereviews.com\/wp-content\/uploads\/2019\/04\/audacity-1000-570-768x432.jpg 768w, https:\/\/www.accuratereviews.com\/wp-content\/uploads\/2019\/04\/audacity-1000-570-222x125.jpg 222w, https:\/\/www.accuratereviews.com\/wp-content\/uploads\/2019\/04\/audacity-1000-570-50x28.jpg 50w, https:\/\/www.accuratereviews.com\/wp-content\/uploads\/2019\/04\/audacity-1000-570-968x545.jpg 968w, https:\/\/www.accuratereviews.com\/wp-content\/uploads\/2019\/04\/audacity-1000-570-636x358.jpg 636w, https:\/\/www.accuratereviews.com\/wp-content\/uploads\/2019\/04\/audacity-1000-570-482x271.jpg 482w, https:\/\/www.accuratereviews.com\/wp-content\/uploads\/2019\/04\/audacity-1000-570-320x180.jpg 320w, https:\/\/www.accuratereviews.com\/wp-content\/uploads\/2019\/04\/audacity-1000-570-239x135.jpg 239w\" sizes=\"auto, (max-width: 1000px) 100vw, 1000px\" \/><\/a><\/p>\n<h2>AUDACITY &#8211; DETTAGLI TECNICI<\/h2>\n<p>Scopriamo insieme le <strong>caratteristiche<\/strong> principali della versione 2.3.1.<\/p>\n<h3>REGISTRAZIONE<\/h3>\n<ul>\n<li><span class=\"notranslate\">Il Device Toolbar gestisce pi\u00f9 dispositivi di registrazione e riproduzione<\/span><\/li>\n<li><span class=\"notranslate\">I misuratori di livello possono monitorare i livelli di volume prima, durante e dopo la registrazione. <\/span><span class=\"notranslate\">Il ritaglio pu\u00f2 essere visualizzato nella forma d&#8217;onda o in una traccia di etichetta<\/span><\/li>\n<li><span class=\"notranslate\">Registra da microfono, ingresso di linea, dispositivi USB \/ Firewire e altri<\/span><\/li>\n<li><span class=\"notranslate\">Registra la riproduzione del computer su Windows Vista e successivamente scegliendo l&#8217;host &#8220;Windows WASAPI&#8221; in Device Toolbar, quindi un ingresso &#8220;loopback&#8221;<\/span><\/li>\n<li><span class=\"notranslate\">Funzioni di registrazione con timer e registrazione attivata dal suono<\/span><\/li>\n<li><span class=\"notranslate\">Duplica le tracce esistenti per creare registrazioni multitraccia<\/span><\/li>\n<li><span class=\"notranslate\">Registra a latenze molto basse sui dispositivi supportati su Linux utilizzando Audacity con JACK<\/span><\/li>\n<li><span class=\"notranslate\">Registra a frequenze di campionamento fino a 192.000 Hz (soggetto all&#8217;hardware e alla selezione host appropriati).<\/span> <span class=\"notranslate\">Fino a 384.000 Hz \u00e8 supportato per i dispositivi appropriati ad alta risoluzione su Windows (usando WASAPI), macOS e Linux<\/span><\/li>\n<li><span class=\"notranslate\">Registra a profondit\u00e0 24 bit su Windows (utilizzando Windows WASAPI o host Windows DirectSound), macOS o Linux (utilizzando host ALSA o JACK)<\/span><\/li>\n<li><span class=\"notranslate\">Registra pi\u00f9 canali contemporaneamente (in base all&#8217;hardware appropriato).<\/span><\/li>\n<\/ul>\n<h3>IMPORTAZIONE &#8211; ESPORTAZIONE<\/h3>\n<ul>\n<li><span class=\"notranslate\">Importa ed esporta <b>file WAV<\/b> , <b>AIFF<\/b> , <b>AU<\/b> , <b>FLAC<\/b> e Ogg Vorbis<\/span><\/li>\n<li><span class=\"notranslate\">Importa rapidamente &#8220;su richiesta&#8221; di file WAV o AIFF (che consente di iniziare a lavorare con i file quasi immediatamente) se letti direttamente dalla fonte<\/span><\/li>\n<li><span class=\"notranslate\">Importa ed esporta tutti i formati supportati da libsndfile come <b>GSM 6.10<\/b> , <b>32-bit e 64-bit float WAV<\/b> , <b>RF64<\/b> e <b>U \/ A-Law<\/b> <\/span><\/li>\n<li><span class=\"notranslate\">Importa audio MPEG (inclusi file <b>MP2<\/b> e <b>MP3<\/b> ) usando libmad<\/span><\/li>\n<li><span class=\"notranslate\">Importa file audio grezzi (senza intestazione) utilizzando il comando &#8220;Importa grezzo&#8221;<\/span><\/li>\n<li><span class=\"notranslate\">Crea file WAV o AIFF adatti per la masterizzazione su CD audio<\/span><\/li>\n<li><span class=\"notranslate\">Esporta file MP3 con la libreria di codificatori LAME opzionale<\/span><\/li>\n<li><span class=\"notranslate\">Importa ed esporta <b>AC3<\/b> , <b>M4A \/ M4R (AAC)<\/b> e <b>WMA<\/b> con la libreria FFmpeg opzionale (supporta anche l&#8217;importazione di audio da file video).<\/span><\/li>\n<\/ul>\n<h3>QUALIT<span id=\"A_maiuscola_accentata_come_si_fa_la_A\" class=\"ez-toc-section\">\u00c0<\/span><\/h3>\n<ul>\n<li><span class=\"notranslate\">Supporta campioni a 16 bit, 24 bit e 32 bit (virgola mobile) (quest&#8217;ultimo conserva i campioni in eccesso rispetto al fondo scala)<\/span><\/li>\n<li><span class=\"notranslate\">Frequenze e formati di campionamento vengono convertiti utilizzando ricampionamento e dithering di alta qualit\u00e0<\/span><\/li>\n<li><span class=\"notranslate\">Tracce con frequenze di campionamento o formati diversi vengono convertiti automaticamente in tempo reale.<\/span><\/li>\n<\/ul>\n<h3>PLUGIN<\/h3>\n<ul>\n<li><span class=\"notranslate\">Supporto per plug-in di effetti LADSPA , LV2 , Nyquist , VST e Audio Unit <\/span><\/li>\n<li><span class=\"notranslate\">Gli effetti scritti nel linguaggio di programmazione di Nyquist possono essere facilmente modificati in un editor di testo, oppure puoi perfino scrivere il tuo plug-in<\/span><\/li>\n<li><span class=\"notranslate\">Moduli sperimentali che estendono le funzionalit\u00e0 di Audacity.<\/span><\/li>\n<\/ul>\n<h3>MODIFICA AUDIO<\/h3>\n<ul>\n<li><span class=\"notranslate\">Facile modifica con Taglia, Copia, Incolla ed Elimina<\/span><\/li>\n<li><span class=\"notranslate\">Trova facilmente il punto da modificare con lo sfregamento e la ricerca o il Quick-Play della timeline<\/span><\/li>\n<li><span class=\"notranslate\">Sequenza Undo (e Ripristina) illimitata nella sessione per tornare indietro di un numero qualsiasi di passaggi<\/span><\/li>\n<li><span class=\"notranslate\">Modifica e mescola un gran numero di tracce<\/span><\/li>\n<li><span class=\"notranslate\">Sono consentite pi\u00f9 clip per traccia<\/span><\/li>\n<li><span class=\"notranslate\">Etichettare le tracce con la funzione Sync-Lock Tracks selezionabile per mantenere sincronizzati tracce ed etichette<\/span><\/li>\n<li><span class=\"notranslate\">Disegna strumento per modificare i singoli punti campione<\/span><\/li>\n<li><span class=\"notranslate\">Strumento Envelope per dissolvere il volume in modo uniforme verso l&#8217;alto o verso il basso<\/span><\/li>\n<li><span class=\"notranslate\">Ripristino automatico in caso di interruzione anomala del programma.<\/span><\/li>\n<\/ul>\n<h3>ACCESSIBILIT<span id=\"A_maiuscola_accentata_come_si_fa_la_A\" class=\"ez-toc-section\">\u00c0<\/span><\/h3>\n<ul>\n<li><span class=\"notranslate\">Tracce e selezioni possono essere completamente manipolate usando la tastiera<\/span><\/li>\n<li><span class=\"notranslate\">Ampia gamma di scorciatoie da tastiera<\/span><\/li>\n<li><span class=\"notranslate\">Eccellente supporto per JAWS, NVDA e altri screen reader su Windows e per VoiceOver su Mac in legacy Audacity 2.1.1.<\/span><\/li>\n<\/ul>\n<h3>ANALISI<\/h3>\n<ul>\n<li><span class=\"notranslate\">Modalit\u00e0 di visualizzazione spettrogramma per visualizzare e selezionare le frequenze<\/span><\/li>\n<li><span class=\"notranslate\">Pilotare la finestra Spettro per un&#8217;analisi dettagliata della frequenza<\/span><\/li>\n<li><span class=\"notranslate\">Esportazione dei dati di esempio per esportare un file contenente valori di ampiezza per ciascun campione nella selezione e Importazione di dati di esempio per l&#8217;importazione di valori numerici da un semplice file di testo ASCII<\/span><\/li>\n<li><span class=\"notranslate\">Analisi del contrasto per l&#8217;analisi delle differenze di volume RMS medie tra parlato in primo piano e musica di sottofondo<\/span><\/li>\n<li><span class=\"notranslate\">Supporto per l&#8217;aggiunta di plug-in di analisi Vam.<\/span><\/li>\n<\/ul>\n<p>&nbsp;<\/p>\n","protected":false},"excerpt":{"rendered":"<p>Nel campo dei software di audio editing\u00a0open source, il nome di Audacity emerge per la sua popolarit\u00e0. In ambito casalingo e per semplici lavori potrebbe essere una giusta soluzione, sia per la sua leggerezza, sia perch\u00e9 \u00e8 gratuito.<\/p>\n","protected":false},"author":16,"featured_media":0,"parent":11357,"menu_order":0,"comment_status":"open","ping_status":"closed","template":"g1_template_page_review_new.php","meta":{"_acf_changed":false,"cwp_meta_box_check":"No","cwp_rev_product_name":"","cwp_rev_product_image":"","wppr_links":[],"cwp_rev_price":"","wppr_options":[],"wppr_pros":[],"wppr_cons":[],"_monsterinsights_skip_tracking":false,"_monsterinsights_sitenote_active":false,"_monsterinsights_sitenote_note":"","_monsterinsights_sitenote_category":0,"footnotes":""},"categories":[253],"tags":[471,282,470,464,472,465,467,468,469,246,466],"features":[],"class_list":{"0":"post-13548","1":"page","2":"type-page","3":"status-publish","5":"category-audio-editing-it","6":"tag-audacity","7":"tag-audio-editing","8":"tag-esportare-mp3","9":"tag-gratuito","10":"tag-home-recording","11":"tag-licenza-gpl","12":"tag-linux","13":"tag-macos","14":"tag-macosx","15":"tag-open-source","16":"tag-windows"},"wppr_data":{"cwp_meta_box_check":"No"},"acf":[],"yoast_head":"<!-- This site is optimized with the Yoast SEO plugin v27.4 - https:\/\/yoast.com\/product\/yoast-seo-wordpress\/ -->\n<title>Audacity: recensione software audio editing - Accurate Reviews<\/title>\n<meta name=\"description\" content=\"Audacity: recensione software audio editing gratuito e multipiattaforma ideale nel campo amatoriale, per piccoli lavori di editing base.\" \/>\n<meta name=\"robots\" content=\"index, follow, max-snippet:-1, max-image-preview:large, max-video-preview:-1\" \/>\n<link rel=\"canonical\" href=\"https:\/\/www.accuratereviews.com\/it\/audio-editing-lista-software\/audacity-recensione\/\" \/>\n<meta property=\"og:locale\" content=\"it_IT\" \/>\n<meta property=\"og:type\" content=\"article\" \/>\n<meta property=\"og:title\" content=\"Audacity: recensione software audio editing - Accurate Reviews\" \/>\n<meta property=\"og:description\" content=\"Audacity: recensione software audio editing gratuito e multipiattaforma ideale nel campo amatoriale, per piccoli lavori di editing base.\" \/>\n<meta property=\"og:url\" content=\"https:\/\/www.accuratereviews.com\/it\/audio-editing-lista-software\/audacity-recensione\/\" \/>\n<meta property=\"og:site_name\" content=\"Accurate Reviews\" \/>\n<meta property=\"article:modified_time\" content=\"2021-03-18T11:18:09+00:00\" \/>\n<meta property=\"og:image\" content=\"https:\/\/www.accuratereviews.com\/wp-content\/uploads\/2019\/04\/audacity-1000-570.jpg\" \/>\n<meta name=\"twitter:card\" content=\"summary_large_image\" \/>\n<meta name=\"twitter:label1\" content=\"Tempo di lettura stimato\" \/>\n\t<meta name=\"twitter:data1\" content=\"4 minuti\" \/>\n<script type=\"application\/ld+json\" class=\"yoast-schema-graph\">{\"@context\":\"https:\\\/\\\/schema.org\",\"@graph\":[{\"@type\":\"WebPage\",\"@id\":\"https:\\\/\\\/www.accuratereviews.com\\\/it\\\/audio-editing-lista-software\\\/audacity-recensione\\\/\",\"url\":\"https:\\\/\\\/www.accuratereviews.com\\\/it\\\/audio-editing-lista-software\\\/audacity-recensione\\\/\",\"name\":\"Audacity: recensione software audio editing - Accurate Reviews\",\"isPartOf\":{\"@id\":\"https:\\\/\\\/www.accuratereviews.com\\\/it\\\/#website\"},\"primaryImageOfPage\":{\"@id\":\"https:\\\/\\\/www.accuratereviews.com\\\/it\\\/audio-editing-lista-software\\\/audacity-recensione\\\/#primaryimage\"},\"image\":{\"@id\":\"https:\\\/\\\/www.accuratereviews.com\\\/it\\\/audio-editing-lista-software\\\/audacity-recensione\\\/#primaryimage\"},\"thumbnailUrl\":\"https:\\\/\\\/www.accuratereviews.com\\\/wp-content\\\/uploads\\\/2019\\\/04\\\/audacity-1000-570.jpg\",\"datePublished\":\"2019-04-19T12:57:06+00:00\",\"dateModified\":\"2021-03-18T11:18:09+00:00\",\"description\":\"Audacity: recensione software audio editing gratuito e multipiattaforma ideale nel campo amatoriale, per piccoli lavori di editing base.\",\"breadcrumb\":{\"@id\":\"https:\\\/\\\/www.accuratereviews.com\\\/it\\\/audio-editing-lista-software\\\/audacity-recensione\\\/#breadcrumb\"},\"inLanguage\":\"it-IT\",\"potentialAction\":[{\"@type\":\"ReadAction\",\"target\":[\"https:\\\/\\\/www.accuratereviews.com\\\/it\\\/audio-editing-lista-software\\\/audacity-recensione\\\/\"]}]},{\"@type\":\"ImageObject\",\"inLanguage\":\"it-IT\",\"@id\":\"https:\\\/\\\/www.accuratereviews.com\\\/it\\\/audio-editing-lista-software\\\/audacity-recensione\\\/#primaryimage\",\"url\":\"https:\\\/\\\/www.accuratereviews.com\\\/wp-content\\\/uploads\\\/2019\\\/04\\\/audacity-1000-570.jpg\",\"contentUrl\":\"https:\\\/\\\/www.accuratereviews.com\\\/wp-content\\\/uploads\\\/2019\\\/04\\\/audacity-1000-570.jpg\"},{\"@type\":\"BreadcrumbList\",\"@id\":\"https:\\\/\\\/www.accuratereviews.com\\\/it\\\/audio-editing-lista-software\\\/audacity-recensione\\\/#breadcrumb\",\"itemListElement\":[{\"@type\":\"ListItem\",\"position\":1,\"name\":\"Home\",\"item\":\"https:\\\/\\\/www.accuratereviews.com\\\/it\\\/\"},{\"@type\":\"ListItem\",\"position\":2,\"name\":\"Software per l&#8217;audio editing\",\"item\":\"https:\\\/\\\/www.accuratereviews.com\\\/it\\\/audio-editing-lista-software\\\/\"},{\"@type\":\"ListItem\",\"position\":3,\"name\":\"Audacity &#8211; Programma di Audio Editing Free\"}]},{\"@type\":\"WebSite\",\"@id\":\"https:\\\/\\\/www.accuratereviews.com\\\/it\\\/#website\",\"url\":\"https:\\\/\\\/www.accuratereviews.com\\\/it\\\/\",\"name\":\"Accurate Reviews\",\"description\":\"\",\"potentialAction\":[{\"@type\":\"SearchAction\",\"target\":{\"@type\":\"EntryPoint\",\"urlTemplate\":\"https:\\\/\\\/www.accuratereviews.com\\\/it\\\/?s={search_term_string}\"},\"query-input\":{\"@type\":\"PropertyValueSpecification\",\"valueRequired\":true,\"valueName\":\"search_term_string\"}}],\"inLanguage\":\"it-IT\"}]}<\/script>\n<!-- \/ Yoast SEO plugin. -->","yoast_head_json":{"title":"Audacity: recensione software audio editing - Accurate Reviews","description":"Audacity: recensione software audio editing gratuito e multipiattaforma ideale nel campo amatoriale, per piccoli lavori di editing base.","robots":{"index":"index","follow":"follow","max-snippet":"max-snippet:-1","max-image-preview":"max-image-preview:large","max-video-preview":"max-video-preview:-1"},"canonical":"https:\/\/www.accuratereviews.com\/it\/audio-editing-lista-software\/audacity-recensione\/","og_locale":"it_IT","og_type":"article","og_title":"Audacity: recensione software audio editing - Accurate Reviews","og_description":"Audacity: recensione software audio editing gratuito e multipiattaforma ideale nel campo amatoriale, per piccoli lavori di editing base.","og_url":"https:\/\/www.accuratereviews.com\/it\/audio-editing-lista-software\/audacity-recensione\/","og_site_name":"Accurate Reviews","article_modified_time":"2021-03-18T11:18:09+00:00","og_image":[{"url":"https:\/\/www.accuratereviews.com\/wp-content\/uploads\/2019\/04\/audacity-1000-570.jpg","type":"","width":"","height":""}],"twitter_card":"summary_large_image","twitter_misc":{"Tempo di lettura stimato":"4 minuti"},"schema":{"@context":"https:\/\/schema.org","@graph":[{"@type":"WebPage","@id":"https:\/\/www.accuratereviews.com\/it\/audio-editing-lista-software\/audacity-recensione\/","url":"https:\/\/www.accuratereviews.com\/it\/audio-editing-lista-software\/audacity-recensione\/","name":"Audacity: recensione software audio editing - Accurate Reviews","isPartOf":{"@id":"https:\/\/www.accuratereviews.com\/it\/#website"},"primaryImageOfPage":{"@id":"https:\/\/www.accuratereviews.com\/it\/audio-editing-lista-software\/audacity-recensione\/#primaryimage"},"image":{"@id":"https:\/\/www.accuratereviews.com\/it\/audio-editing-lista-software\/audacity-recensione\/#primaryimage"},"thumbnailUrl":"https:\/\/www.accuratereviews.com\/wp-content\/uploads\/2019\/04\/audacity-1000-570.jpg","datePublished":"2019-04-19T12:57:06+00:00","dateModified":"2021-03-18T11:18:09+00:00","description":"Audacity: recensione software audio editing gratuito e multipiattaforma ideale nel campo amatoriale, per piccoli lavori di editing base.","breadcrumb":{"@id":"https:\/\/www.accuratereviews.com\/it\/audio-editing-lista-software\/audacity-recensione\/#breadcrumb"},"inLanguage":"it-IT","potentialAction":[{"@type":"ReadAction","target":["https:\/\/www.accuratereviews.com\/it\/audio-editing-lista-software\/audacity-recensione\/"]}]},{"@type":"ImageObject","inLanguage":"it-IT","@id":"https:\/\/www.accuratereviews.com\/it\/audio-editing-lista-software\/audacity-recensione\/#primaryimage","url":"https:\/\/www.accuratereviews.com\/wp-content\/uploads\/2019\/04\/audacity-1000-570.jpg","contentUrl":"https:\/\/www.accuratereviews.com\/wp-content\/uploads\/2019\/04\/audacity-1000-570.jpg"},{"@type":"BreadcrumbList","@id":"https:\/\/www.accuratereviews.com\/it\/audio-editing-lista-software\/audacity-recensione\/#breadcrumb","itemListElement":[{"@type":"ListItem","position":1,"name":"Home","item":"https:\/\/www.accuratereviews.com\/it\/"},{"@type":"ListItem","position":2,"name":"Software per l&#8217;audio editing","item":"https:\/\/www.accuratereviews.com\/it\/audio-editing-lista-software\/"},{"@type":"ListItem","position":3,"name":"Audacity &#8211; Programma di Audio Editing Free"}]},{"@type":"WebSite","@id":"https:\/\/www.accuratereviews.com\/it\/#website","url":"https:\/\/www.accuratereviews.com\/it\/","name":"Accurate Reviews","description":"","potentialAction":[{"@type":"SearchAction","target":{"@type":"EntryPoint","urlTemplate":"https:\/\/www.accuratereviews.com\/it\/?s={search_term_string}"},"query-input":{"@type":"PropertyValueSpecification","valueRequired":true,"valueName":"search_term_string"}}],"inLanguage":"it-IT"}]}},"_links":{"self":[{"href":"https:\/\/www.accuratereviews.com\/it\/wp-json\/wp\/v2\/pages\/13548","targetHints":{"allow":["GET"]}}],"collection":[{"href":"https:\/\/www.accuratereviews.com\/it\/wp-json\/wp\/v2\/pages"}],"about":[{"href":"https:\/\/www.accuratereviews.com\/it\/wp-json\/wp\/v2\/types\/page"}],"author":[{"embeddable":true,"href":"https:\/\/www.accuratereviews.com\/it\/wp-json\/wp\/v2\/users\/16"}],"replies":[{"embeddable":true,"href":"https:\/\/www.accuratereviews.com\/it\/wp-json\/wp\/v2\/comments?post=13548"}],"version-history":[{"count":11,"href":"https:\/\/www.accuratereviews.com\/it\/wp-json\/wp\/v2\/pages\/13548\/revisions"}],"predecessor-version":[{"id":13605,"href":"https:\/\/www.accuratereviews.com\/it\/wp-json\/wp\/v2\/pages\/13548\/revisions\/13605"}],"up":[{"embeddable":true,"href":"https:\/\/www.accuratereviews.com\/it\/wp-json\/wp\/v2\/pages\/11357"}],"wp:attachment":[{"href":"https:\/\/www.accuratereviews.com\/it\/wp-json\/wp\/v2\/media?parent=13548"}],"wp:term":[{"taxonomy":"category","embeddable":true,"href":"https:\/\/www.accuratereviews.com\/it\/wp-json\/wp\/v2\/categories?post=13548"},{"taxonomy":"post_tag","embeddable":true,"href":"https:\/\/www.accuratereviews.com\/it\/wp-json\/wp\/v2\/tags?post=13548"},{"taxonomy":"features","embeddable":true,"href":"https:\/\/www.accuratereviews.com\/it\/wp-json\/wp\/v2\/features?post=13548"}],"curies":[{"name":"wp","href":"https:\/\/api.w.org\/{rel}","templated":true}]}}